{"id":1013,"date":"2022-12-30T23:50:12","date_gmt":"2022-12-30T23:50:12","guid":{"rendered":"https:\/\/ncbeauty.fr\/?post_type=product&#038;p=1013"},"modified":"2026-03-30T03:12:26","modified_gmt":"2026-03-30T03:12:26","slug":"gelules-bbl","status":"publish","type":"product","link":"https:\/\/ncbeauty.fr\/en\/produit\/gelules-bbl\/","title":{"rendered":"GELULES BBL"},"content":{"rendered":"<h3 data-start=\"226\" data-end=\"260\">\u2705 <strong data-start=\"232\" data-end=\"258\">Conseils d\u2019utilisation<\/strong><\/h3>\n<p data-start=\"261\" data-end=\"354\">Prendre <strong data-start=\"269\" data-end=\"291\">2 g\u00e9lules le matin<\/strong> et <strong data-start=\"295\" data-end=\"316\">2 g\u00e9lules le soir<\/strong>, accompagn\u00e9es d\u2019un grand verre d\u2019eau.<\/p>\n<hr data-start=\"356\" data-end=\"359\" \/>\n<h3 data-start=\"361\" data-end=\"394\">\u26a0\ufe0f <strong data-start=\"368\" data-end=\"392\">Pr\u00e9cautions d\u2019emploi<\/strong><\/h3>\n<ul data-start=\"395\" data-end=\"815\">\n<li data-start=\"395\" data-end=\"447\">\n<p data-start=\"397\" data-end=\"447\">Ne pas d\u00e9passer la dose journali\u00e8re recommand\u00e9e.<\/p>\n<\/li>\n<li data-start=\"448\" data-end=\"549\">\n<p data-start=\"450\" data-end=\"549\">\u00c0 consommer dans le cadre d\u2019une <strong data-start=\"482\" data-end=\"517\">alimentation vari\u00e9e, \u00e9quilibr\u00e9e<\/strong> et d\u2019un <strong data-start=\"526\" data-end=\"546\">mode de vie sain<\/strong>.<\/p>\n<\/li>\n<li data-start=\"550\" data-end=\"654\">\n<p data-start=\"552\" data-end=\"654\"><strong data-start=\"552\" data-end=\"588\">D\u00e9conseill\u00e9 aux femmes enceintes<\/strong> ou allaitantes, ainsi qu\u2019aux personnes sous <strong data-start=\"633\" data-end=\"651\">anticoagulants<\/strong>.<\/p>\n<\/li>\n<li data-start=\"655\" data-end=\"701\">\n<p data-start=\"657\" data-end=\"701\">R\u00e9serv\u00e9 aux adultes de <strong data-start=\"680\" data-end=\"698\">18 ans et plus<\/strong>.<\/p>\n<\/li>\n<li data-start=\"702\" data-end=\"743\">\n<p data-start=\"704\" data-end=\"743\">Tenir <strong data-start=\"710\" data-end=\"740\">hors de port\u00e9e des enfants<\/strong>.<\/p>\n<\/li>\n<li data-start=\"744\" data-end=\"815\">\n<p data-start=\"746\" data-end=\"815\">\u00c0 conserver dans un endroit <strong data-start=\"774\" data-end=\"814\">frais, sec et \u00e0 l\u2019abri de la lumi\u00e8re<\/strong>.<\/p>\n<\/li>\n<\/ul>\n","protected":false},"excerpt":{"rendered":"<p data-start=\"121\" data-end=\"357\"><strong data-start=\"121\" data-end=\"188\">Dans l\u2019\u00e9ther des r\u00eaves de beaut\u00e9 s\u2019\u00e9panouissent les G\u00e9lules BBL<\/strong>, un philtre d\u00e9licat pour magnifier vos courbes. Comme des joyaux de l\u2019aube, ces g\u00e9lules \u00e9voquent la promesse d\u2019une silhouette exquise, sculpt\u00e9e avec tendresse et \u00e9clat.<\/p>\n<p data-start=\"359\" data-end=\"567\">Leur formule \u00e9th\u00e9r\u00e9e, enrichie en prot\u00e9ines pures, r\u00e9v\u00e8le un secret ancestral : celui de guider les nutriments vers la perfection des formes, o\u00f9 fesses et hanches s\u2019\u00e9panouissent dans une symphonie de volupt\u00e9.<\/p>\n<p data-start=\"569\" data-end=\"885\"><strong data-start=\"569\" data-end=\"651\">Cette bo\u00eete, t\u00e9moin du miracle, contient la cl\u00e9 d\u2019une transformation gracieuse<\/strong> : une cure de 15 jours pour embrasser pleinement la gr\u00e2ce f\u00e9minine.<br data-start=\"719\" data-end=\"722\" \/>En chaque capsule palpite la magie des \u0153strog\u00e8nes, distillant l\u2019essence m\u00eame d\u2019une f\u00e9minit\u00e9 sinueuse, vous invitant \u00e0 danser avec la lumi\u00e8re de votre propre \u00e9clat.<\/p>\n<p data-start=\"887\" data-end=\"1027\"><strong data-start=\"887\" data-end=\"1027\">Laissez-vous envelopper par la douceur des G\u00e9lules BBL, o\u00f9 la beaut\u00e9 se r\u00e9v\u00e8le comme une rose s\u2019\u00e9panouissant \u00e0 l\u2019aube d\u2019un nouveau jour.<\/strong><\/p>\n<hr data-start=\"1029\" data-end=\"1032\" \/>\n<h3 data-start=\"1034\" data-end=\"1048\">\u00c0 savoir :<\/h3>\n<ul data-start=\"1050\" data-end=\"1480\">\n<li data-start=\"1050\" data-end=\"1138\">\n<p data-start=\"1052\" data-end=\"1138\">Les G\u00e9lules <strong data-start=\"1064\" data-end=\"1076\">NCBEAUTY<\/strong> sont un produit <strong data-start=\"1093\" data-end=\"1110\">100 % naturel<\/strong>, \u00e0 base de <strong data-start=\"1122\" data-end=\"1135\">prot\u00e9ines<\/strong>.<\/p>\n<\/li>\n<li data-start=\"1139\" data-end=\"1211\">\n<p data-start=\"1141\" data-end=\"1211\"><strong data-start=\"1141\" data-end=\"1177\">Chaque bo\u00eete contient 60 g\u00e9lules<\/strong>, soit une <strong data-start=\"1188\" data-end=\"1208\">cure de 15 jours<\/strong>.<\/p>\n<\/li>\n<li data-start=\"1212\" data-end=\"1352\">\n<p data-start=\"1214\" data-end=\"1352\">Leur action favorise la <strong data-start=\"1238\" data-end=\"1295\">redistribution des graisses vers les zones souhait\u00e9es<\/strong>, donnant plus de volume aux <strong data-start=\"1324\" data-end=\"1349\">fesses et aux hanches<\/strong>.<\/p>\n<\/li>\n<li data-start=\"1353\" data-end=\"1480\">\n<p data-start=\"1355\" data-end=\"1480\">Elles stimulent naturellement la <strong data-start=\"1388\" data-end=\"1415\">production d\u2019\u0153strog\u00e8nes<\/strong>, contribuant \u00e0 <strong data-start=\"1431\" data-end=\"1479\">sculpter une silhouette sinueuse et f\u00e9minine<\/strong>.<\/p>\n<\/li>\n<\/ul>\n","protected":false},"featured_media":5758,"comment_status":"open","ping_status":"closed","template":"","meta":{"_monsterinsights_skip_tracking":false,"_monsterinsights_sitenote_active":false,"_monsterinsights_sitenote_note":"","_monsterinsights_sitenote_category":0,"site-sidebar-layout":"default","site-content-layout":"","ast-site-content-layout":"default","site-content-style":"default","site-sidebar-style":"default","ast-global-header-display":"","ast-banner-title-visibility":"","ast-main-header-display":"","ast-hfb-above-header-display":"","ast-hfb-below-header-display":"","ast-hfb-mobile-header-display":"","site-post-title":"","ast-breadcrumbs-content":"","ast-featured-img":"","footer-sml-layout":"","theme-transparent-header-meta":"default","adv-header-id-meta":"","stick-header-meta":"","header-above-stick-meta":"","header-main-stick-meta":"","header-below-stick-meta":"","astra-migrate-meta-layouts":"set","ast-page-background-enabled":"default","ast-page-background-meta":{"desktop":{"background-color":"var(--ast-global-color-4)","background-image":"","background-repeat":"repeat","background-position":"center center","background-size":"auto","background-attachment":"scroll","background-type":"","background-media":"","overlay-type":"","overlay-color":"","overlay-opacity":"","overlay-gradient":""},"tablet":{"background-color":"","background-image":"","background-repeat":"repeat","background-position":"center center","background-size":"auto","background-attachment":"scroll","background-type":"","background-media":"","overlay-type":"","overlay-color":"","overlay-opacity":"","overlay-gradient":""},"mobile":{"background-color":"","background-image":"","background-repeat":"repeat","background-position":"center center","background-size":"auto","background-attachment":"scroll","background-type":"","background-media":"","overlay-type":"","overlay-color":"","overlay-opacity":"","overlay-gradient":""}},"ast-content-background-meta":{"desktop":{"background-color":"var(--ast-global-color-5)","background-image":"","background-repeat":"repeat","background-position":"center center","background-size":"auto","background-attachment":"scroll","background-type":"","background-media":"","overlay-type":"","overlay-color":"","overlay-opacity":"","overlay-gradient":""},"tablet":{"background-color":"var(--ast-global-color-5)","background-image":"","background-repeat":"repeat","background-position":"center center","background-size":"auto","background-attachment":"scroll","background-type":"","background-media":"","overlay-type":"","overlay-color":"","overlay-opacity":"","overlay-gradient":""},"mobile":{"background-color":"var(--ast-global-color-5)","background-image":"","background-repeat":"repeat","background-position":"center center","background-size":"auto","background-attachment":"scroll","background-type":"","background-media":"","overlay-type":"","overlay-color":"","overlay-opacity":"","overlay-gradient":""}},"_joinchat":[]},"product_brand":[],"product_cat":[25],"product_tag":[],"class_list":{"0":"post-1013","1":"product","2":"type-product","3":"status-publish","4":"has-post-thumbnail","6":"product_cat-nos-produits-rondeur","7":"desktop-align-left","8":"tablet-align-left","9":"mobile-align-left","10":"tm-has-options","12":"first","13":"instock","14":"featured","15":"taxable","16":"shipping-taxable","17":"purchasable","18":"product-type-simple"},"bundled_by":["8728"],"bundle_stock_status":"instock","bundle_stock_quantity":60,"bundle_virtual":false,"bundle_layout":"","bundle_add_to_cart_form_location":"","bundle_editable_in_cart":false,"bundle_sold_individually_context":"","bundle_item_grouping":"","bundle_min_size":"","bundle_max_size":"","bundle_price":[],"bundled_items":[],"bundle_sell_ids":[],"aioseo_notices":[],"yoast_head":"\n<title>GELULES BBL - NC BEAUTY<\/title>\n<meta name=\"robots\" content=\"index, follow, max-snippet:-1, max-image-preview:large, max-video-preview:-1\" \/>\n<link rel=\"canonical\" href=\"https:\/\/ncbeauty.fr\/produit\/gelules-bbl\/\" \/>\n<meta property=\"og:locale\" content=\"en_US\" \/>\n<meta property=\"og:type\" content=\"article\" \/>\n<meta property=\"og:title\" content=\"GELULES BBL - NC BEAUTY\" \/>\n<meta property=\"og:description\" content=\"Dans l\u2019\u00e9ther des r\u00eaves de beaut\u00e9 s\u2019\u00e9panouissent les G\u00e9lules BBL, un philtre d\u00e9licat pour magnifier vos courbes. Comme des joyaux de l\u2019aube, ces g\u00e9lules \u00e9voquent la promesse d\u2019une silhouette exquise, sculpt\u00e9e avec tendresse et \u00e9clat. Leur formule \u00e9th\u00e9r\u00e9e, enrichie en prot\u00e9ines pures, r\u00e9v\u00e8le un secret ancestral : celui de guider les nutriments vers la perfection des formes, o\u00f9 fesses et hanches s\u2019\u00e9panouissent dans une symphonie de volupt\u00e9. Cette bo\u00eete, t\u00e9moin du miracle, contient la cl\u00e9 d\u2019une transformation gracieuse : une cure de 15 jours pour embrasser pleinement la gr\u00e2ce f\u00e9minine.En chaque capsule palpite la magie des \u0153strog\u00e8nes, distillant l\u2019essence m\u00eame d\u2019une f\u00e9minit\u00e9 sinueuse, vous invitant \u00e0 danser avec la lumi\u00e8re de votre propre \u00e9clat. Laissez-vous envelopper par la douceur des G\u00e9lules BBL, o\u00f9 la beaut\u00e9 se r\u00e9v\u00e8le comme une rose s\u2019\u00e9panouissant \u00e0 l\u2019aube d\u2019un nouveau jour.     \u00c0 savoir :    Les G\u00e9lules NCBEAUTY sont un produit 100 % naturel, \u00e0 base de prot\u00e9ines.    Chaque bo\u00eete contient 60 g\u00e9lules, soit une cure de 15 jours.    Leur action favorise la redistribution des graisses vers les zones souhait\u00e9es, donnant plus de volume aux fesses et aux hanches.    Elles stimulent naturellement la production d\u2019\u0153strog\u00e8nes, contribuant \u00e0 sculpter une silhouette sinueuse et f\u00e9minine.\" \/>\n<meta property=\"og:url\" content=\"https:\/\/ncbeauty.fr\/produit\/gelules-bbl\/\" \/>\n<meta property=\"og:site_name\" content=\"NC BEAUTY\" \/>\n<meta property=\"article:modified_time\" content=\"2026-03-30T03:12:26+00:00\" \/>\n<meta property=\"og:image\" content=\"https:\/\/ncbeauty.fr\/choaweex\/2022\/12\/Gelules-bbl.jpeg\" \/>\n\t<meta property=\"og:image:width\" content=\"1600\" \/>\n\t<meta property=\"og:image:height\" content=\"1600\" \/>\n\t<meta property=\"og:image:type\" content=\"image\/jpeg\" \/>\n<meta name=\"twitter:card\" content=\"summary_large_image\" \/>\n<meta name=\"twitter:label1\" content=\"Est. reading time\" \/>\n\t<meta name=\"twitter:data1\" content=\"1 minute\" \/>\n<script type=\"application\/ld+json\" class=\"yoast-schema-graph\">{\"@context\":\"https:\/\/schema.org\",\"@graph\":[{\"@type\":\"WebPage\",\"@id\":\"https:\/\/ncbeauty.fr\/produit\/gelules-bbl\/\",\"url\":\"https:\/\/ncbeauty.fr\/produit\/gelules-bbl\/\",\"name\":\"GELULES BBL - NC BEAUTY\",\"isPartOf\":{\"@id\":\"https:\/\/ncbeauty.fr\/#website\"},\"primaryImageOfPage\":{\"@id\":\"https:\/\/ncbeauty.fr\/produit\/gelules-bbl\/#primaryimage\"},\"image\":{\"@id\":\"https:\/\/ncbeauty.fr\/produit\/gelules-bbl\/#primaryimage\"},\"thumbnailUrl\":\"https:\/\/ncbeauty.fr\/choaweex\/2022\/12\/Gelules-bbl.jpeg\",\"datePublished\":\"2022-12-30T23:50:12+00:00\",\"dateModified\":\"2026-03-30T03:12:26+00:00\",\"breadcrumb\":{\"@id\":\"https:\/\/ncbeauty.fr\/produit\/gelules-bbl\/#breadcrumb\"},\"inLanguage\":\"en-US\",\"potentialAction\":[{\"@type\":\"ReadAction\",\"target\":[\"https:\/\/ncbeauty.fr\/produit\/gelules-bbl\/\"]}]},{\"@type\":\"ImageObject\",\"inLanguage\":\"en-US\",\"@id\":\"https:\/\/ncbeauty.fr\/produit\/gelules-bbl\/#primaryimage\",\"url\":\"https:\/\/ncbeauty.fr\/choaweex\/2022\/12\/Gelules-bbl.jpeg\",\"contentUrl\":\"https:\/\/ncbeauty.fr\/choaweex\/2022\/12\/Gelules-bbl.jpeg\",\"width\":1600,\"height\":1600},{\"@type\":\"BreadcrumbList\",\"@id\":\"https:\/\/ncbeauty.fr\/produit\/gelules-bbl\/#breadcrumb\",\"itemListElement\":[{\"@type\":\"ListItem\",\"position\":1,\"name\":\"Accueil\",\"item\":\"https:\/\/ncbeauty.fr\/\"},{\"@type\":\"ListItem\",\"position\":2,\"name\":\"Shop\",\"item\":\"https:\/\/ncbeauty.fr\/boutique\/\"},{\"@type\":\"ListItem\",\"position\":3,\"name\":\"GELULES BBL\"}]},{\"@type\":\"WebSite\",\"@id\":\"https:\/\/ncbeauty.fr\/#website\",\"url\":\"https:\/\/ncbeauty.fr\/\",\"name\":\"NC BEAUTY\",\"description\":\"NC BEAUTY\",\"potentialAction\":[{\"@type\":\"SearchAction\",\"target\":{\"@type\":\"EntryPoint\",\"urlTemplate\":\"https:\/\/ncbeauty.fr\/?s={search_term_string}\"},\"query-input\":{\"@type\":\"PropertyValueSpecification\",\"valueRequired\":true,\"valueName\":\"search_term_string\"}}],\"inLanguage\":\"en-US\"}]}<\/script>\n","yoast_head_json":{"title":"GELULES BBL - NC BEAUTY","robots":{"index":"index","follow":"follow","max-snippet":"max-snippet:-1","max-image-preview":"max-image-preview:large","max-video-preview":"max-video-preview:-1"},"canonical":"https:\/\/ncbeauty.fr\/produit\/gelules-bbl\/","og_locale":"en_US","og_type":"article","og_title":"GELULES BBL - NC BEAUTY","og_description":"Dans l\u2019\u00e9ther des r\u00eaves de beaut\u00e9 s\u2019\u00e9panouissent les G\u00e9lules BBL, un philtre d\u00e9licat pour magnifier vos courbes. Comme des joyaux de l\u2019aube, ces g\u00e9lules \u00e9voquent la promesse d\u2019une silhouette exquise, sculpt\u00e9e avec tendresse et \u00e9clat. Leur formule \u00e9th\u00e9r\u00e9e, enrichie en prot\u00e9ines pures, r\u00e9v\u00e8le un secret ancestral : celui de guider les nutriments vers la perfection des formes, o\u00f9 fesses et hanches s\u2019\u00e9panouissent dans une symphonie de volupt\u00e9. Cette bo\u00eete, t\u00e9moin du miracle, contient la cl\u00e9 d\u2019une transformation gracieuse : une cure de 15 jours pour embrasser pleinement la gr\u00e2ce f\u00e9minine.En chaque capsule palpite la magie des \u0153strog\u00e8nes, distillant l\u2019essence m\u00eame d\u2019une f\u00e9minit\u00e9 sinueuse, vous invitant \u00e0 danser avec la lumi\u00e8re de votre propre \u00e9clat. Laissez-vous envelopper par la douceur des G\u00e9lules BBL, o\u00f9 la beaut\u00e9 se r\u00e9v\u00e8le comme une rose s\u2019\u00e9panouissant \u00e0 l\u2019aube d\u2019un nouveau jour.     \u00c0 savoir :    Les G\u00e9lules NCBEAUTY sont un produit 100 % naturel, \u00e0 base de prot\u00e9ines.    Chaque bo\u00eete contient 60 g\u00e9lules, soit une cure de 15 jours.    Leur action favorise la redistribution des graisses vers les zones souhait\u00e9es, donnant plus de volume aux fesses et aux hanches.    Elles stimulent naturellement la production d\u2019\u0153strog\u00e8nes, contribuant \u00e0 sculpter une silhouette sinueuse et f\u00e9minine.","og_url":"https:\/\/ncbeauty.fr\/produit\/gelules-bbl\/","og_site_name":"NC BEAUTY","article_modified_time":"2026-03-30T03:12:26+00:00","og_image":[{"width":1600,"height":1600,"url":"https:\/\/ncbeauty.fr\/choaweex\/2022\/12\/Gelules-bbl.jpeg","type":"image\/jpeg"}],"twitter_card":"summary_large_image","twitter_misc":{"Est. reading time":"1 minute"},"schema":{"@context":"https:\/\/schema.org","@graph":[{"@type":"WebPage","@id":"https:\/\/ncbeauty.fr\/produit\/gelules-bbl\/","url":"https:\/\/ncbeauty.fr\/produit\/gelules-bbl\/","name":"GELULES BBL - NC BEAUTY","isPartOf":{"@id":"https:\/\/ncbeauty.fr\/#website"},"primaryImageOfPage":{"@id":"https:\/\/ncbeauty.fr\/produit\/gelules-bbl\/#primaryimage"},"image":{"@id":"https:\/\/ncbeauty.fr\/produit\/gelules-bbl\/#primaryimage"},"thumbnailUrl":"https:\/\/ncbeauty.fr\/choaweex\/2022\/12\/Gelules-bbl.jpeg","datePublished":"2022-12-30T23:50:12+00:00","dateModified":"2026-03-30T03:12:26+00:00","breadcrumb":{"@id":"https:\/\/ncbeauty.fr\/produit\/gelules-bbl\/#breadcrumb"},"inLanguage":"en-US","potentialAction":[{"@type":"ReadAction","target":["https:\/\/ncbeauty.fr\/produit\/gelules-bbl\/"]}]},{"@type":"ImageObject","inLanguage":"en-US","@id":"https:\/\/ncbeauty.fr\/produit\/gelules-bbl\/#primaryimage","url":"https:\/\/ncbeauty.fr\/choaweex\/2022\/12\/Gelules-bbl.jpeg","contentUrl":"https:\/\/ncbeauty.fr\/choaweex\/2022\/12\/Gelules-bbl.jpeg","width":1600,"height":1600},{"@type":"BreadcrumbList","@id":"https:\/\/ncbeauty.fr\/produit\/gelules-bbl\/#breadcrumb","itemListElement":[{"@type":"ListItem","position":1,"name":"Accueil","item":"https:\/\/ncbeauty.fr\/"},{"@type":"ListItem","position":2,"name":"Shop","item":"https:\/\/ncbeauty.fr\/boutique\/"},{"@type":"ListItem","position":3,"name":"GELULES BBL"}]},{"@type":"WebSite","@id":"https:\/\/ncbeauty.fr\/#website","url":"https:\/\/ncbeauty.fr\/","name":"NC BEAUTY","description":"NC BEAUTY","potentialAction":[{"@type":"SearchAction","target":{"@type":"EntryPoint","urlTemplate":"https:\/\/ncbeauty.fr\/?s={search_term_string}"},"query-input":{"@type":"PropertyValueSpecification","valueRequired":true,"valueName":"search_term_string"}}],"inLanguage":"en-US"}]}},"jetpack_sharing_enabled":true,"_links":{"self":[{"href":"https:\/\/ncbeauty.fr\/en\/wp-json\/wp\/v2\/product\/1013","targetHints":{"allow":["GET"]}}],"collection":[{"href":"https:\/\/ncbeauty.fr\/en\/wp-json\/wp\/v2\/product"}],"about":[{"href":"https:\/\/ncbeauty.fr\/en\/wp-json\/wp\/v2\/types\/product"}],"replies":[{"embeddable":true,"href":"https:\/\/ncbeauty.fr\/en\/wp-json\/wp\/v2\/comments?post=1013"}],"wp:featuredmedia":[{"embeddable":true,"href":"https:\/\/ncbeauty.fr\/en\/wp-json\/wp\/v2\/media\/5758"}],"wp:attachment":[{"href":"https:\/\/ncbeauty.fr\/en\/wp-json\/wp\/v2\/media?parent=1013"}],"wp:term":[{"taxonomy":"product_brand","embeddable":true,"href":"https:\/\/ncbeauty.fr\/en\/wp-json\/wp\/v2\/product_brand?post=1013"},{"taxonomy":"product_cat","embeddable":true,"href":"https:\/\/ncbeauty.fr\/en\/wp-json\/wp\/v2\/product_cat?post=1013"},{"taxonomy":"product_tag","embeddable":true,"href":"https:\/\/ncbeauty.fr\/en\/wp-json\/wp\/v2\/product_tag?post=1013"}],"curies":[{"name":"wp","href":"https:\/\/api.w.org\/{rel}","templated":true}]}}