{"id":11239,"date":"2025-02-24T17:51:37","date_gmt":"2025-02-24T17:51:37","guid":{"rendered":"https:\/\/ncbeauty.fr\/?post_type=product&#038;p=11239"},"modified":"2026-05-04T20:18:57","modified_gmt":"2026-05-04T20:18:57","slug":"hip-up-huile-miracle","status":"publish","type":"product","link":"https:\/\/ncbeauty.fr\/en\/produit\/hip-up-huile-miracle\/","title":{"rendered":"Hip Up &#8211; Huile Miracle"},"content":{"rendered":"<p>L\u2019huile Booster fessier est un excellent booster pour le de\u0301veloppement fessier.<br \/>\nGrossir les fesse de mani\u00e8re naturelle .<\/p>\n<p>\u25cfActive les g\u00e9lules<br \/>\n\u25cffavorise la circulation sanguine<br \/>\n\u25cfam\u00e9liore le rel\u00e2chement de la peau<br \/>\n\u25cfacc\u00e9l\u00e9rer la synth\u00e8se des graisses<br \/>\n\u25cfgrossis\u00a0rapidement<\/p>\n","protected":false},"excerpt":{"rendered":"<p data-start=\"0\" data-end=\"291\">D\u00e9couvrez Hip Up, l&#8217;huile Booster fessier qui vous ouvre la porte d&#8217;une nouvelle \u00e8re de beaut\u00e9 naturelle et affirm\u00e9e. Con\u00e7ue pour sublimer vos courbes en toute s\u00e9curit\u00e9, cette huile r\u00e9volutionnaire agit en profondeur pour stimuler le d\u00e9veloppement fessier de mani\u00e8re harmonieuse et efficace.<\/p>\n<p data-start=\"293\" data-end=\"605\">Gr\u00e2ce \u00e0 sa formule innovante, Hip Up active les g\u00e9lules pour favoriser une circulation sanguine optimale, am\u00e9liorant ainsi l&#8217;\u00e9lasticit\u00e9 de votre peau. En acc\u00e9l\u00e9rant la synth\u00e8se des graisses, elle offre un effet raffermissant et volumateur rapide, vous permettant d&#8217;obtenir des r\u00e9sultats visibles tout en douceur.<\/p>\n<p data-start=\"607\" data-end=\"918\">Imaginez un futur o\u00f9 chaque application vous rapproche un peu plus de la silhouette de vos r\u00eaves : des fesses naturellement galb\u00e9es, tonifi\u00e9es et \u00e9clatantes de vitalit\u00e9. Adoptez Hip Up pour une transformation audacieuse et sereine, et pr\u00e9parez-vous \u00e0 r\u00e9v\u00e9ler votre meilleur potentiel avec confiance et \u00e9l\u00e9gance.<\/p>\n<p data-start=\"920\" data-end=\"1026\" data-is-last-node=\"\" data-is-only-node=\"\">Hip Up, c\u2019est bien plus qu\u2019un soin, c\u2019est votre alli\u00e9 vers une beaut\u00e9 renouvel\u00e9e et tourn\u00e9e vers l\u2019avenir.<\/p>\n","protected":false},"featured_media":11240,"comment_status":"open","ping_status":"closed","template":"","meta":{"_monsterinsights_skip_tracking":false,"_monsterinsights_sitenote_active":false,"_monsterinsights_sitenote_note":"","_monsterinsights_sitenote_category":0,"site-sidebar-layout":"default","site-content-layout":"","ast-site-content-layout":"default","site-content-style":"default","site-sidebar-style":"default","ast-global-header-display":"","ast-banner-title-visibility":"","ast-main-header-display":"","ast-hfb-above-header-display":"","ast-hfb-below-header-display":"","ast-hfb-mobile-header-display":"","site-post-title":"","ast-breadcrumbs-content":"","ast-featured-img":"","footer-sml-layout":"","theme-transparent-header-meta":"default","adv-header-id-meta":"","stick-header-meta":"","header-above-stick-meta":"","header-main-stick-meta":"","header-below-stick-meta":"","astra-migrate-meta-layouts":"set","ast-page-background-enabled":"default","ast-page-background-meta":{"desktop":{"background-color":"var(--ast-global-color-4)","background-image":"","background-repeat":"repeat","background-position":"center center","background-size":"auto","background-attachment":"scroll","background-type":"","background-media":"","overlay-type":"","overlay-color":"","overlay-opacity":"","overlay-gradient":""},"tablet":{"background-color":"","background-image":"","background-repeat":"repeat","background-position":"center center","background-size":"auto","background-attachment":"scroll","background-type":"","background-media":"","overlay-type":"","overlay-color":"","overlay-opacity":"","overlay-gradient":""},"mobile":{"background-color":"","background-image":"","background-repeat":"repeat","background-position":"center center","background-size":"auto","background-attachment":"scroll","background-type":"","background-media":"","overlay-type":"","overlay-color":"","overlay-opacity":"","overlay-gradient":""}},"ast-content-background-meta":{"desktop":{"background-color":"var(--ast-global-color-5)","background-image":"","background-repeat":"repeat","background-position":"center center","background-size":"auto","background-attachment":"scroll","background-type":"","background-media":"","overlay-type":"","overlay-color":"","overlay-opacity":"","overlay-gradient":""},"tablet":{"background-color":"var(--ast-global-color-5)","background-image":"","background-repeat":"repeat","background-position":"center center","background-size":"auto","background-attachment":"scroll","background-type":"","background-media":"","overlay-type":"","overlay-color":"","overlay-opacity":"","overlay-gradient":""},"mobile":{"background-color":"var(--ast-global-color-5)","background-image":"","background-repeat":"repeat","background-position":"center center","background-size":"auto","background-attachment":"scroll","background-type":"","background-media":"","overlay-type":"","overlay-color":"","overlay-opacity":"","overlay-gradient":""}},"_joinchat":[]},"product_brand":[],"product_cat":[25],"product_tag":[],"class_list":{"0":"post-11239","1":"product","2":"type-product","3":"status-publish","4":"has-post-thumbnail","6":"product_cat-nos-produits-rondeur","7":"desktop-align-left","8":"tablet-align-left","9":"mobile-align-left","10":"tm-has-options","12":"first","13":"instock","14":"taxable","15":"shipping-taxable","16":"purchasable","17":"product-type-simple"},"bundled_by":["5774","13810"],"bundle_stock_status":"instock","bundle_stock_quantity":28,"bundle_virtual":false,"bundle_layout":"","bundle_add_to_cart_form_location":"","bundle_editable_in_cart":false,"bundle_sold_individually_context":"","bundle_item_grouping":"","bundle_min_size":"","bundle_max_size":"","bundle_price":[],"bundled_items":[],"bundle_sell_ids":[],"aioseo_notices":[],"yoast_head":"\n<title>Hip Up - Huile Miracle - NC BEAUTY<\/title>\n<meta name=\"robots\" content=\"index, follow, max-snippet:-1, max-image-preview:large, max-video-preview:-1\" \/>\n<link rel=\"canonical\" href=\"https:\/\/ncbeauty.fr\/produit\/hip-up-huile-miracle\/\" \/>\n<meta property=\"og:locale\" content=\"en_US\" \/>\n<meta property=\"og:type\" content=\"article\" \/>\n<meta property=\"og:title\" content=\"Hip Up - Huile Miracle - NC BEAUTY\" \/>\n<meta property=\"og:description\" content=\"D\u00e9couvrez Hip Up, l&#039;huile Booster fessier qui vous ouvre la porte d&#039;une nouvelle \u00e8re de beaut\u00e9 naturelle et affirm\u00e9e. Con\u00e7ue pour sublimer vos courbes en toute s\u00e9curit\u00e9, cette huile r\u00e9volutionnaire agit en profondeur pour stimuler le d\u00e9veloppement fessier de mani\u00e8re harmonieuse et efficace. Gr\u00e2ce \u00e0 sa formule innovante, Hip Up active les g\u00e9lules pour favoriser une circulation sanguine optimale, am\u00e9liorant ainsi l&#039;\u00e9lasticit\u00e9 de votre peau. En acc\u00e9l\u00e9rant la synth\u00e8se des graisses, elle offre un effet raffermissant et volumateur rapide, vous permettant d&#039;obtenir des r\u00e9sultats visibles tout en douceur. Imaginez un futur o\u00f9 chaque application vous rapproche un peu plus de la silhouette de vos r\u00eaves : des fesses naturellement galb\u00e9es, tonifi\u00e9es et \u00e9clatantes de vitalit\u00e9. Adoptez Hip Up pour une transformation audacieuse et sereine, et pr\u00e9parez-vous \u00e0 r\u00e9v\u00e9ler votre meilleur potentiel avec confiance et \u00e9l\u00e9gance. Hip Up, c\u2019est bien plus qu\u2019un soin, c\u2019est votre alli\u00e9 vers une beaut\u00e9 renouvel\u00e9e et tourn\u00e9e vers l\u2019avenir.\" \/>\n<meta property=\"og:url\" content=\"https:\/\/ncbeauty.fr\/produit\/hip-up-huile-miracle\/\" \/>\n<meta property=\"og:site_name\" content=\"NC BEAUTY\" \/>\n<meta property=\"article:modified_time\" content=\"2026-05-04T20:18:57+00:00\" \/>\n<meta property=\"og:image\" content=\"https:\/\/ncbeauty.fr\/choaweex\/2025\/02\/huile-Miracle.jpg\" \/>\n\t<meta property=\"og:image:width\" content=\"900\" \/>\n\t<meta property=\"og:image:height\" content=\"1600\" \/>\n\t<meta property=\"og:image:type\" content=\"image\/jpeg\" \/>\n<meta name=\"twitter:card\" content=\"summary_large_image\" \/>\n<meta name=\"twitter:label1\" content=\"Est. reading time\" \/>\n\t<meta name=\"twitter:data1\" content=\"1 minute\" \/>\n<script type=\"application\/ld+json\" class=\"yoast-schema-graph\">{\"@context\":\"https:\/\/schema.org\",\"@graph\":[{\"@type\":\"WebPage\",\"@id\":\"https:\/\/ncbeauty.fr\/produit\/hip-up-huile-miracle\/\",\"url\":\"https:\/\/ncbeauty.fr\/produit\/hip-up-huile-miracle\/\",\"name\":\"Hip Up - Huile Miracle - NC BEAUTY\",\"isPartOf\":{\"@id\":\"https:\/\/ncbeauty.fr\/#website\"},\"primaryImageOfPage\":{\"@id\":\"https:\/\/ncbeauty.fr\/produit\/hip-up-huile-miracle\/#primaryimage\"},\"image\":{\"@id\":\"https:\/\/ncbeauty.fr\/produit\/hip-up-huile-miracle\/#primaryimage\"},\"thumbnailUrl\":\"https:\/\/ncbeauty.fr\/choaweex\/2025\/02\/huile-Miracle.jpg\",\"datePublished\":\"2025-02-24T17:51:37+00:00\",\"dateModified\":\"2026-05-04T20:18:57+00:00\",\"breadcrumb\":{\"@id\":\"https:\/\/ncbeauty.fr\/produit\/hip-up-huile-miracle\/#breadcrumb\"},\"inLanguage\":\"en-US\",\"potentialAction\":[{\"@type\":\"ReadAction\",\"target\":[\"https:\/\/ncbeauty.fr\/produit\/hip-up-huile-miracle\/\"]}]},{\"@type\":\"ImageObject\",\"inLanguage\":\"en-US\",\"@id\":\"https:\/\/ncbeauty.fr\/produit\/hip-up-huile-miracle\/#primaryimage\",\"url\":\"https:\/\/ncbeauty.fr\/choaweex\/2025\/02\/huile-Miracle.jpg\",\"contentUrl\":\"https:\/\/ncbeauty.fr\/choaweex\/2025\/02\/huile-Miracle.jpg\",\"width\":900,\"height\":1600},{\"@type\":\"BreadcrumbList\",\"@id\":\"https:\/\/ncbeauty.fr\/produit\/hip-up-huile-miracle\/#breadcrumb\",\"itemListElement\":[{\"@type\":\"ListItem\",\"position\":1,\"name\":\"Accueil\",\"item\":\"https:\/\/ncbeauty.fr\/\"},{\"@type\":\"ListItem\",\"position\":2,\"name\":\"Shop\",\"item\":\"https:\/\/ncbeauty.fr\/boutique\/\"},{\"@type\":\"ListItem\",\"position\":3,\"name\":\"Hip Up &#8211; Huile Miracle\"}]},{\"@type\":\"WebSite\",\"@id\":\"https:\/\/ncbeauty.fr\/#website\",\"url\":\"https:\/\/ncbeauty.fr\/\",\"name\":\"NC BEAUTY\",\"description\":\"NC BEAUTY\",\"potentialAction\":[{\"@type\":\"SearchAction\",\"target\":{\"@type\":\"EntryPoint\",\"urlTemplate\":\"https:\/\/ncbeauty.fr\/?s={search_term_string}\"},\"query-input\":{\"@type\":\"PropertyValueSpecification\",\"valueRequired\":true,\"valueName\":\"search_term_string\"}}],\"inLanguage\":\"en-US\"}]}<\/script>\n","yoast_head_json":{"title":"Hip Up - Huile Miracle - NC BEAUTY","robots":{"index":"index","follow":"follow","max-snippet":"max-snippet:-1","max-image-preview":"max-image-preview:large","max-video-preview":"max-video-preview:-1"},"canonical":"https:\/\/ncbeauty.fr\/produit\/hip-up-huile-miracle\/","og_locale":"en_US","og_type":"article","og_title":"Hip Up - Huile Miracle - NC BEAUTY","og_description":"D\u00e9couvrez Hip Up, l'huile Booster fessier qui vous ouvre la porte d'une nouvelle \u00e8re de beaut\u00e9 naturelle et affirm\u00e9e. Con\u00e7ue pour sublimer vos courbes en toute s\u00e9curit\u00e9, cette huile r\u00e9volutionnaire agit en profondeur pour stimuler le d\u00e9veloppement fessier de mani\u00e8re harmonieuse et efficace. Gr\u00e2ce \u00e0 sa formule innovante, Hip Up active les g\u00e9lules pour favoriser une circulation sanguine optimale, am\u00e9liorant ainsi l'\u00e9lasticit\u00e9 de votre peau. En acc\u00e9l\u00e9rant la synth\u00e8se des graisses, elle offre un effet raffermissant et volumateur rapide, vous permettant d'obtenir des r\u00e9sultats visibles tout en douceur. Imaginez un futur o\u00f9 chaque application vous rapproche un peu plus de la silhouette de vos r\u00eaves : des fesses naturellement galb\u00e9es, tonifi\u00e9es et \u00e9clatantes de vitalit\u00e9. Adoptez Hip Up pour une transformation audacieuse et sereine, et pr\u00e9parez-vous \u00e0 r\u00e9v\u00e9ler votre meilleur potentiel avec confiance et \u00e9l\u00e9gance. Hip Up, c\u2019est bien plus qu\u2019un soin, c\u2019est votre alli\u00e9 vers une beaut\u00e9 renouvel\u00e9e et tourn\u00e9e vers l\u2019avenir.","og_url":"https:\/\/ncbeauty.fr\/produit\/hip-up-huile-miracle\/","og_site_name":"NC BEAUTY","article_modified_time":"2026-05-04T20:18:57+00:00","og_image":[{"width":900,"height":1600,"url":"https:\/\/ncbeauty.fr\/choaweex\/2025\/02\/huile-Miracle.jpg","type":"image\/jpeg"}],"twitter_card":"summary_large_image","twitter_misc":{"Est. reading time":"1 minute"},"schema":{"@context":"https:\/\/schema.org","@graph":[{"@type":"WebPage","@id":"https:\/\/ncbeauty.fr\/produit\/hip-up-huile-miracle\/","url":"https:\/\/ncbeauty.fr\/produit\/hip-up-huile-miracle\/","name":"Hip Up - Huile Miracle - NC BEAUTY","isPartOf":{"@id":"https:\/\/ncbeauty.fr\/#website"},"primaryImageOfPage":{"@id":"https:\/\/ncbeauty.fr\/produit\/hip-up-huile-miracle\/#primaryimage"},"image":{"@id":"https:\/\/ncbeauty.fr\/produit\/hip-up-huile-miracle\/#primaryimage"},"thumbnailUrl":"https:\/\/ncbeauty.fr\/choaweex\/2025\/02\/huile-Miracle.jpg","datePublished":"2025-02-24T17:51:37+00:00","dateModified":"2026-05-04T20:18:57+00:00","breadcrumb":{"@id":"https:\/\/ncbeauty.fr\/produit\/hip-up-huile-miracle\/#breadcrumb"},"inLanguage":"en-US","potentialAction":[{"@type":"ReadAction","target":["https:\/\/ncbeauty.fr\/produit\/hip-up-huile-miracle\/"]}]},{"@type":"ImageObject","inLanguage":"en-US","@id":"https:\/\/ncbeauty.fr\/produit\/hip-up-huile-miracle\/#primaryimage","url":"https:\/\/ncbeauty.fr\/choaweex\/2025\/02\/huile-Miracle.jpg","contentUrl":"https:\/\/ncbeauty.fr\/choaweex\/2025\/02\/huile-Miracle.jpg","width":900,"height":1600},{"@type":"BreadcrumbList","@id":"https:\/\/ncbeauty.fr\/produit\/hip-up-huile-miracle\/#breadcrumb","itemListElement":[{"@type":"ListItem","position":1,"name":"Accueil","item":"https:\/\/ncbeauty.fr\/"},{"@type":"ListItem","position":2,"name":"Shop","item":"https:\/\/ncbeauty.fr\/boutique\/"},{"@type":"ListItem","position":3,"name":"Hip Up &#8211; Huile Miracle"}]},{"@type":"WebSite","@id":"https:\/\/ncbeauty.fr\/#website","url":"https:\/\/ncbeauty.fr\/","name":"NC BEAUTY","description":"NC BEAUTY","potentialAction":[{"@type":"SearchAction","target":{"@type":"EntryPoint","urlTemplate":"https:\/\/ncbeauty.fr\/?s={search_term_string}"},"query-input":{"@type":"PropertyValueSpecification","valueRequired":true,"valueName":"search_term_string"}}],"inLanguage":"en-US"}]}},"jetpack_sharing_enabled":true,"_links":{"self":[{"href":"https:\/\/ncbeauty.fr\/en\/wp-json\/wp\/v2\/product\/11239","targetHints":{"allow":["GET"]}}],"collection":[{"href":"https:\/\/ncbeauty.fr\/en\/wp-json\/wp\/v2\/product"}],"about":[{"href":"https:\/\/ncbeauty.fr\/en\/wp-json\/wp\/v2\/types\/product"}],"replies":[{"embeddable":true,"href":"https:\/\/ncbeauty.fr\/en\/wp-json\/wp\/v2\/comments?post=11239"}],"wp:featuredmedia":[{"embeddable":true,"href":"https:\/\/ncbeauty.fr\/en\/wp-json\/wp\/v2\/media\/11240"}],"wp:attachment":[{"href":"https:\/\/ncbeauty.fr\/en\/wp-json\/wp\/v2\/media?parent=11239"}],"wp:term":[{"taxonomy":"product_brand","embeddable":true,"href":"https:\/\/ncbeauty.fr\/en\/wp-json\/wp\/v2\/product_brand?post=11239"},{"taxonomy":"product_cat","embeddable":true,"href":"https:\/\/ncbeauty.fr\/en\/wp-json\/wp\/v2\/product_cat?post=11239"},{"taxonomy":"product_tag","embeddable":true,"href":"https:\/\/ncbeauty.fr\/en\/wp-json\/wp\/v2\/product_tag?post=11239"}],"curies":[{"name":"wp","href":"https:\/\/api.w.org\/{rel}","templated":true}]}}