{"id":1137,"date":"2023-06-10T00:22:52","date_gmt":"2023-06-10T00:22:52","guid":{"rendered":"https:\/\/ncbeauty.fr\/?post_type=product&#038;p=1137"},"modified":"2025-11-23T17:22:29","modified_gmt":"2025-11-23T17:22:29","slug":"lentilles-des-couleurs","status":"publish","type":"product","link":"https:\/\/ncbeauty.fr\/en\/produit\/lentilles-des-couleurs\/","title":{"rendered":"LENTILLES DES COULEURS"},"content":{"rendered":"<p>Vous avez envie de varier entre un regard HONEY ou encore Bleu ? C&#8217;est possible avec notre gamme de Lentilles Naturelles&#8230; Choisissez la couleur qui vous pla\u00eet !<\/p>\n<ul>\n<li>Dur\u00e9es : de nos Lentilles\u00a0 Annuelles,<\/li>\n<li>Diam\u00e8tre :\u00a014.20 mm,<\/li>\n<li>Rayon de Courbure : 8.6 mm,<\/li>\n<li>Mat\u00e9riel : 62% Polymacon,<\/li>\n<li>Teneur en eau : 38%,<\/li>\n<li>Type de Lentilles de Couleur : Lentilles Souples,<\/li>\n<li>Conditionnement : Deux Lentilles de Contact sous blister,<\/li>\n<li>Dioptries : Lentilles de Couleur\u00a0Verte Sans Correction,<\/li>\n<\/ul>\n","protected":false},"excerpt":{"rendered":"<p>Laissez-vous transporter dans un monde de nuances envo\u00fbtantes avec nos Lentilles des Couleurs. Offrez-vous la libert\u00e9 de varier entre un regard HONEY ou un bleu \u00e9blouissant gr\u00e2ce \u00e0 notre gamme de Lentilles Naturelles. Choisissez la couleur qui r\u00e9sonne avec votre humeur et votre style, et laissez vos yeux exprimer toute leur beaut\u00e9. Avec nos lentilles, chaque regard devient une \u0153uvre d&#8217;art, chaque battement de cils une symphonie de couleurs. Donnez vie \u00e0 votre vision de la perfection et transformez votre regard en une v\u00e9ritable \u0153uvre de beaut\u00e9, o\u00f9 chaque couleur raconte une histoire.<\/p>\n","protected":false},"featured_media":1142,"comment_status":"open","ping_status":"closed","template":"","meta":{"_monsterinsights_skip_tracking":false,"_monsterinsights_sitenote_active":false,"_monsterinsights_sitenote_note":"","_monsterinsights_sitenote_category":0,"site-sidebar-layout":"default","site-content-layout":"","ast-site-content-layout":"default","site-content-style":"default","site-sidebar-style":"default","ast-global-header-display":"","ast-banner-title-visibility":"","ast-main-header-display":"","ast-hfb-above-header-display":"","ast-hfb-below-header-display":"","ast-hfb-mobile-header-display":"","site-post-title":"","ast-breadcrumbs-content":"","ast-featured-img":"","footer-sml-layout":"","theme-transparent-header-meta":"default","adv-header-id-meta":"","stick-header-meta":"","header-above-stick-meta":"","header-main-stick-meta":"","header-below-stick-meta":"","astra-migrate-meta-layouts":"set","ast-page-background-enabled":"default","ast-page-background-meta":{"desktop":{"background-color":"var(--ast-global-color-4)","background-image":"","background-repeat":"repeat","background-position":"center center","background-size":"auto","background-attachment":"scroll","background-type":"","background-media":"","overlay-type":"","overlay-color":"","overlay-opacity":"","overlay-gradient":""},"tablet":{"background-color":"","background-image":"","background-repeat":"repeat","background-position":"center center","background-size":"auto","background-attachment":"scroll","background-type":"","background-media":"","overlay-type":"","overlay-color":"","overlay-opacity":"","overlay-gradient":""},"mobile":{"background-color":"","background-image":"","background-repeat":"repeat","background-position":"center center","background-size":"auto","background-attachment":"scroll","background-type":"","background-media":"","overlay-type":"","overlay-color":"","overlay-opacity":"","overlay-gradient":""}},"ast-content-background-meta":{"desktop":{"background-color":"var(--ast-global-color-5)","background-image":"","background-repeat":"repeat","background-position":"center center","background-size":"auto","background-attachment":"scroll","background-type":"","background-media":"","overlay-type":"","overlay-color":"","overlay-opacity":"","overlay-gradient":""},"tablet":{"background-color":"var(--ast-global-color-5)","background-image":"","background-repeat":"repeat","background-position":"center center","background-size":"auto","background-attachment":"scroll","background-type":"","background-media":"","overlay-type":"","overlay-color":"","overlay-opacity":"","overlay-gradient":""},"mobile":{"background-color":"var(--ast-global-color-5)","background-image":"","background-repeat":"repeat","background-position":"center center","background-size":"auto","background-attachment":"scroll","background-type":"","background-media":"","overlay-type":"","overlay-color":"","overlay-opacity":"","overlay-gradient":""}},"_joinchat":[]},"product_brand":[],"product_cat":[77],"product_tag":[],"class_list":{"0":"post-1137","1":"product","2":"type-product","3":"status-publish","4":"has-post-thumbnail","6":"product_cat-nos-lentilles","7":"desktop-align-left","8":"tablet-align-left","9":"mobile-align-left","10":"tm-has-options","12":"first","13":"instock","14":"taxable","15":"shipping-taxable","16":"purchasable","17":"product-type-variable"},"bundled_by":[],"bundle_stock_status":"instock","bundle_stock_quantity":13,"bundle_virtual":false,"bundle_layout":"","bundle_add_to_cart_form_location":"","bundle_editable_in_cart":false,"bundle_sold_individually_context":"","bundle_item_grouping":"","bundle_min_size":"","bundle_max_size":"","bundle_price":[],"bundled_items":[],"bundle_sell_ids":[],"aioseo_notices":[],"yoast_head":"\n<title>LENTILLES DES COULEURS - NC BEAUTY<\/title>\n<meta name=\"robots\" content=\"index, follow, max-snippet:-1, max-image-preview:large, max-video-preview:-1\" \/>\n<link rel=\"canonical\" href=\"https:\/\/ncbeauty.fr\/produit\/lentilles-des-couleurs\/\" \/>\n<meta property=\"og:locale\" content=\"en_US\" \/>\n<meta property=\"og:type\" content=\"article\" \/>\n<meta property=\"og:title\" content=\"LENTILLES DES COULEURS - NC BEAUTY\" \/>\n<meta property=\"og:description\" content=\"Laissez-vous transporter dans un monde de nuances envo\u00fbtantes avec nos Lentilles des Couleurs. Offrez-vous la libert\u00e9 de varier entre un regard HONEY ou un bleu \u00e9blouissant gr\u00e2ce \u00e0 notre gamme de Lentilles Naturelles. Choisissez la couleur qui r\u00e9sonne avec votre humeur et votre style, et laissez vos yeux exprimer toute leur beaut\u00e9. Avec nos lentilles, chaque regard devient une \u0153uvre d&#039;art, chaque battement de cils une symphonie de couleurs. Donnez vie \u00e0 votre vision de la perfection et transformez votre regard en une v\u00e9ritable \u0153uvre de beaut\u00e9, o\u00f9 chaque couleur raconte une histoire.\" \/>\n<meta property=\"og:url\" content=\"https:\/\/ncbeauty.fr\/produit\/lentilles-des-couleurs\/\" \/>\n<meta property=\"og:site_name\" content=\"NC BEAUTY\" \/>\n<meta property=\"article:modified_time\" content=\"2025-11-23T17:22:29+00:00\" \/>\n<meta property=\"og:image\" content=\"https:\/\/ncbeauty.fr\/choaweex\/2023\/06\/Snapchat-1996491876.jpg\" \/>\n\t<meta property=\"og:image:width\" content=\"736\" \/>\n\t<meta property=\"og:image:height\" content=\"1308\" \/>\n\t<meta property=\"og:image:type\" content=\"image\/jpeg\" \/>\n<meta name=\"twitter:card\" content=\"summary_large_image\" \/>\n<meta name=\"twitter:label1\" content=\"Est. reading time\" \/>\n\t<meta name=\"twitter:data1\" content=\"1 minute\" \/>\n<script type=\"application\/ld+json\" class=\"yoast-schema-graph\">{\"@context\":\"https:\/\/schema.org\",\"@graph\":[{\"@type\":\"WebPage\",\"@id\":\"https:\/\/ncbeauty.fr\/produit\/lentilles-des-couleurs\/\",\"url\":\"https:\/\/ncbeauty.fr\/produit\/lentilles-des-couleurs\/\",\"name\":\"LENTILLES DES COULEURS - NC BEAUTY\",\"isPartOf\":{\"@id\":\"https:\/\/ncbeauty.fr\/#website\"},\"primaryImageOfPage\":{\"@id\":\"https:\/\/ncbeauty.fr\/produit\/lentilles-des-couleurs\/#primaryimage\"},\"image\":{\"@id\":\"https:\/\/ncbeauty.fr\/produit\/lentilles-des-couleurs\/#primaryimage\"},\"thumbnailUrl\":\"https:\/\/ncbeauty.fr\/choaweex\/2023\/06\/Snapchat-1996491876.jpg\",\"datePublished\":\"2023-06-10T00:22:52+00:00\",\"dateModified\":\"2025-11-23T17:22:29+00:00\",\"breadcrumb\":{\"@id\":\"https:\/\/ncbeauty.fr\/produit\/lentilles-des-couleurs\/#breadcrumb\"},\"inLanguage\":\"en-US\",\"potentialAction\":[{\"@type\":\"ReadAction\",\"target\":[\"https:\/\/ncbeauty.fr\/produit\/lentilles-des-couleurs\/\"]}]},{\"@type\":\"ImageObject\",\"inLanguage\":\"en-US\",\"@id\":\"https:\/\/ncbeauty.fr\/produit\/lentilles-des-couleurs\/#primaryimage\",\"url\":\"https:\/\/ncbeauty.fr\/choaweex\/2023\/06\/Snapchat-1996491876.jpg\",\"contentUrl\":\"https:\/\/ncbeauty.fr\/choaweex\/2023\/06\/Snapchat-1996491876.jpg\",\"width\":736,\"height\":1308},{\"@type\":\"BreadcrumbList\",\"@id\":\"https:\/\/ncbeauty.fr\/produit\/lentilles-des-couleurs\/#breadcrumb\",\"itemListElement\":[{\"@type\":\"ListItem\",\"position\":1,\"name\":\"Accueil\",\"item\":\"https:\/\/ncbeauty.fr\/\"},{\"@type\":\"ListItem\",\"position\":2,\"name\":\"Shop\",\"item\":\"https:\/\/ncbeauty.fr\/boutique\/\"},{\"@type\":\"ListItem\",\"position\":3,\"name\":\"LENTILLES DES COULEURS\"}]},{\"@type\":\"WebSite\",\"@id\":\"https:\/\/ncbeauty.fr\/#website\",\"url\":\"https:\/\/ncbeauty.fr\/\",\"name\":\"NC BEAUTY\",\"description\":\"NC BEAUTY\",\"potentialAction\":[{\"@type\":\"SearchAction\",\"target\":{\"@type\":\"EntryPoint\",\"urlTemplate\":\"https:\/\/ncbeauty.fr\/?s={search_term_string}\"},\"query-input\":{\"@type\":\"PropertyValueSpecification\",\"valueRequired\":true,\"valueName\":\"search_term_string\"}}],\"inLanguage\":\"en-US\"}]}<\/script>\n","yoast_head_json":{"title":"LENTILLES DES COULEURS - NC BEAUTY","robots":{"index":"index","follow":"follow","max-snippet":"max-snippet:-1","max-image-preview":"max-image-preview:large","max-video-preview":"max-video-preview:-1"},"canonical":"https:\/\/ncbeauty.fr\/produit\/lentilles-des-couleurs\/","og_locale":"en_US","og_type":"article","og_title":"LENTILLES DES COULEURS - NC BEAUTY","og_description":"Laissez-vous transporter dans un monde de nuances envo\u00fbtantes avec nos Lentilles des Couleurs. Offrez-vous la libert\u00e9 de varier entre un regard HONEY ou un bleu \u00e9blouissant gr\u00e2ce \u00e0 notre gamme de Lentilles Naturelles. Choisissez la couleur qui r\u00e9sonne avec votre humeur et votre style, et laissez vos yeux exprimer toute leur beaut\u00e9. Avec nos lentilles, chaque regard devient une \u0153uvre d'art, chaque battement de cils une symphonie de couleurs. Donnez vie \u00e0 votre vision de la perfection et transformez votre regard en une v\u00e9ritable \u0153uvre de beaut\u00e9, o\u00f9 chaque couleur raconte une histoire.","og_url":"https:\/\/ncbeauty.fr\/produit\/lentilles-des-couleurs\/","og_site_name":"NC BEAUTY","article_modified_time":"2025-11-23T17:22:29+00:00","og_image":[{"width":736,"height":1308,"url":"https:\/\/ncbeauty.fr\/choaweex\/2023\/06\/Snapchat-1996491876.jpg","type":"image\/jpeg"}],"twitter_card":"summary_large_image","twitter_misc":{"Est. reading time":"1 minute"},"schema":{"@context":"https:\/\/schema.org","@graph":[{"@type":"WebPage","@id":"https:\/\/ncbeauty.fr\/produit\/lentilles-des-couleurs\/","url":"https:\/\/ncbeauty.fr\/produit\/lentilles-des-couleurs\/","name":"LENTILLES DES COULEURS - NC BEAUTY","isPartOf":{"@id":"https:\/\/ncbeauty.fr\/#website"},"primaryImageOfPage":{"@id":"https:\/\/ncbeauty.fr\/produit\/lentilles-des-couleurs\/#primaryimage"},"image":{"@id":"https:\/\/ncbeauty.fr\/produit\/lentilles-des-couleurs\/#primaryimage"},"thumbnailUrl":"https:\/\/ncbeauty.fr\/choaweex\/2023\/06\/Snapchat-1996491876.jpg","datePublished":"2023-06-10T00:22:52+00:00","dateModified":"2025-11-23T17:22:29+00:00","breadcrumb":{"@id":"https:\/\/ncbeauty.fr\/produit\/lentilles-des-couleurs\/#breadcrumb"},"inLanguage":"en-US","potentialAction":[{"@type":"ReadAction","target":["https:\/\/ncbeauty.fr\/produit\/lentilles-des-couleurs\/"]}]},{"@type":"ImageObject","inLanguage":"en-US","@id":"https:\/\/ncbeauty.fr\/produit\/lentilles-des-couleurs\/#primaryimage","url":"https:\/\/ncbeauty.fr\/choaweex\/2023\/06\/Snapchat-1996491876.jpg","contentUrl":"https:\/\/ncbeauty.fr\/choaweex\/2023\/06\/Snapchat-1996491876.jpg","width":736,"height":1308},{"@type":"BreadcrumbList","@id":"https:\/\/ncbeauty.fr\/produit\/lentilles-des-couleurs\/#breadcrumb","itemListElement":[{"@type":"ListItem","position":1,"name":"Accueil","item":"https:\/\/ncbeauty.fr\/"},{"@type":"ListItem","position":2,"name":"Shop","item":"https:\/\/ncbeauty.fr\/boutique\/"},{"@type":"ListItem","position":3,"name":"LENTILLES DES COULEURS"}]},{"@type":"WebSite","@id":"https:\/\/ncbeauty.fr\/#website","url":"https:\/\/ncbeauty.fr\/","name":"NC BEAUTY","description":"NC BEAUTY","potentialAction":[{"@type":"SearchAction","target":{"@type":"EntryPoint","urlTemplate":"https:\/\/ncbeauty.fr\/?s={search_term_string}"},"query-input":{"@type":"PropertyValueSpecification","valueRequired":true,"valueName":"search_term_string"}}],"inLanguage":"en-US"}]}},"jetpack_sharing_enabled":true,"_links":{"self":[{"href":"https:\/\/ncbeauty.fr\/en\/wp-json\/wp\/v2\/product\/1137","targetHints":{"allow":["GET"]}}],"collection":[{"href":"https:\/\/ncbeauty.fr\/en\/wp-json\/wp\/v2\/product"}],"about":[{"href":"https:\/\/ncbeauty.fr\/en\/wp-json\/wp\/v2\/types\/product"}],"replies":[{"embeddable":true,"href":"https:\/\/ncbeauty.fr\/en\/wp-json\/wp\/v2\/comments?post=1137"}],"wp:featuredmedia":[{"embeddable":true,"href":"https:\/\/ncbeauty.fr\/en\/wp-json\/wp\/v2\/media\/1142"}],"wp:attachment":[{"href":"https:\/\/ncbeauty.fr\/en\/wp-json\/wp\/v2\/media?parent=1137"}],"wp:term":[{"taxonomy":"product_brand","embeddable":true,"href":"https:\/\/ncbeauty.fr\/en\/wp-json\/wp\/v2\/product_brand?post=1137"},{"taxonomy":"product_cat","embeddable":true,"href":"https:\/\/ncbeauty.fr\/en\/wp-json\/wp\/v2\/product_cat?post=1137"},{"taxonomy":"product_tag","embeddable":true,"href":"https:\/\/ncbeauty.fr\/en\/wp-json\/wp\/v2\/product_tag?post=1137"}],"curies":[{"name":"wp","href":"https:\/\/api.w.org\/{rel}","templated":true}]}}