{"id":12844,"date":"2025-03-10T14:46:51","date_gmt":"2025-03-10T14:46:51","guid":{"rendered":"https:\/\/ncbeauty.fr\/?post_type=product&#038;p=12844"},"modified":"2026-03-28T00:12:01","modified_gmt":"2026-03-28T00:12:01","slug":"gummies-buttocks","status":"publish","type":"product","link":"https:\/\/ncbeauty.fr\/en\/produit\/gummies-buttocks\/","title":{"rendered":"Gummies BUTTOCKS"},"content":{"rendered":"<h3 data-start=\"170\" data-end=\"232\"><strong data-start=\"177\" data-end=\"232\">GUMMIES BUTTOCKS \u2013 Courbes Sublim\u00e9es de l\u2019Int\u00e9rieur<\/strong><\/h3>\n<p data-start=\"234\" data-end=\"334\">\ud83d\udc8a <strong data-start=\"237\" data-end=\"259\">Mode d\u2019utilisation<\/strong> :<br data-start=\"261\" data-end=\"264\" \/>Prenez <strong data-start=\"271\" data-end=\"293\">2 gummies par jour<\/strong> pour des r\u00e9sultats optimaux et durables.<\/p>\n<h3 data-start=\"341\" data-end=\"389\">\ud83c\udf3f <strong data-start=\"348\" data-end=\"385\">Ingr\u00e9dients actifs 100 % naturels<\/strong> :<\/h3>\n<p data-start=\"390\" data-end=\"819\">\u2714 <strong data-start=\"392\" data-end=\"419\">Racine d\u2019igname sauvage<\/strong> \u2013 Connue pour ses propri\u00e9t\u00e9s \u00e9quilibrantes et tonifiantes du syst\u00e8me hormonal.<br data-start=\"498\" data-end=\"501\" \/>\u2714 <strong data-start=\"503\" data-end=\"526\">Extrait de fenugrec<\/strong> \u2013 Riche en <strong data-start=\"538\" data-end=\"558\">phyto-\u0153strog\u00e8nes<\/strong>, il favorise un <strong data-start=\"575\" data-end=\"592\">galbe naturel<\/strong> des courbes.<br data-start=\"605\" data-end=\"608\" \/>\u2714 <strong data-start=\"610\" data-end=\"626\">Chardon b\u00e9ni<\/strong> \u2013 Stimule la digestion et <strong data-start=\"653\" data-end=\"695\">am\u00e9liore l\u2019assimilation des nutriments<\/strong> pour un effet renforc\u00e9.<br data-start=\"719\" data-end=\"722\" \/>\u2714 <strong data-start=\"724\" data-end=\"732\">Maca<\/strong> \u2013 Plante \u00e9nergisante qui soutient la <strong data-start=\"770\" data-end=\"789\">prise de volume<\/strong> tout en boostant la vitalit\u00e9.<\/p>\n<p data-start=\"826\" data-end=\"972\">\u2728 Offrez \u00e0 votre corps le soin qu\u2019il m\u00e9rite et r\u00e9v\u00e9lez des <strong data-start=\"885\" data-end=\"929\">courbes plus rondes, fermes et sculpt\u00e9es<\/strong>, naturellement, avec <strong data-start=\"951\" data-end=\"971\">Gummies BUTTOCKS<\/strong>.<\/p>\n","protected":false},"excerpt":{"rendered":"<h3 data-start=\"179\" data-end=\"247\">\ud83c\udf51 <strong data-start=\"186\" data-end=\"247\">Gummies BUTTOCKS \u2013 La gourmandise qui sculpte vos courbes<\/strong><\/h3>\n<p data-start=\"249\" data-end=\"536\"><strong data-start=\"249\" data-end=\"269\">Gummies BUTTOCKS<\/strong> est la solution <strong data-start=\"286\" data-end=\"323\">naturelle, d\u00e9licieuse et efficace<\/strong> pour sublimer vos formes.<br data-start=\"349\" data-end=\"352\" \/>Con\u00e7ues \u00e0 partir d\u2019<strong data-start=\"371\" data-end=\"421\">ingr\u00e9dients actifs rigoureusement s\u00e9lectionn\u00e9s<\/strong>, ces gummies agissent en douceur pour favoriser un <strong data-start=\"473\" data-end=\"493\">galbe harmonieux<\/strong> et r\u00e9v\u00e9ler une <strong data-start=\"509\" data-end=\"535\">silhouette voluptueuse<\/strong>.<\/p>\n<h3 data-start=\"543\" data-end=\"569\">\u2728 <strong data-start=\"549\" data-end=\"567\">Bienfaits cl\u00e9s<\/strong> :<\/h3>\n<p data-start=\"570\" data-end=\"801\">\u2714 Favorise l\u2019<strong data-start=\"583\" data-end=\"619\">\u00e9largissement naturel des fesses<\/strong><br data-start=\"619\" data-end=\"622\" \/>\u2714 Contribue \u00e0 une <strong data-start=\"640\" data-end=\"678\">silhouette plus galb\u00e9e et f\u00e9minine<\/strong><br data-start=\"678\" data-end=\"681\" \/>\u2714 Formule <strong data-start=\"691\" data-end=\"710\">100 % naturelle<\/strong>, sans hormones artificielles<br data-start=\"739\" data-end=\"742\" \/>\u2714 Parfait pour accompagner vos <strong data-start=\"773\" data-end=\"801\">s\u00e9ances cibl\u00e9es fessiers<\/strong><\/p>\n","protected":false},"featured_media":12863,"comment_status":"open","ping_status":"closed","template":"","meta":{"_monsterinsights_skip_tracking":false,"_monsterinsights_sitenote_active":false,"_monsterinsights_sitenote_note":"","_monsterinsights_sitenote_category":0,"site-sidebar-layout":"default","site-content-layout":"","ast-site-content-layout":"default","site-content-style":"default","site-sidebar-style":"default","ast-global-header-display":"","ast-banner-title-visibility":"","ast-main-header-display":"","ast-hfb-above-header-display":"","ast-hfb-below-header-display":"","ast-hfb-mobile-header-display":"","site-post-title":"","ast-breadcrumbs-content":"","ast-featured-img":"","footer-sml-layout":"","theme-transparent-header-meta":"default","adv-header-id-meta":"","stick-header-meta":"","header-above-stick-meta":"","header-main-stick-meta":"","header-below-stick-meta":"","astra-migrate-meta-layouts":"set","ast-page-background-enabled":"default","ast-page-background-meta":{"desktop":{"background-color":"var(--ast-global-color-4)","background-image":"","background-repeat":"repeat","background-position":"center center","background-size":"auto","background-attachment":"scroll","background-type":"","background-media":"","overlay-type":"","overlay-color":"","overlay-opacity":"","overlay-gradient":""},"tablet":{"background-color":"","background-image":"","background-repeat":"repeat","background-position":"center center","background-size":"auto","background-attachment":"scroll","background-type":"","background-media":"","overlay-type":"","overlay-color":"","overlay-opacity":"","overlay-gradient":""},"mobile":{"background-color":"","background-image":"","background-repeat":"repeat","background-position":"center center","background-size":"auto","background-attachment":"scroll","background-type":"","background-media":"","overlay-type":"","overlay-color":"","overlay-opacity":"","overlay-gradient":""}},"ast-content-background-meta":{"desktop":{"background-color":"var(--ast-global-color-5)","background-image":"","background-repeat":"repeat","background-position":"center center","background-size":"auto","background-attachment":"scroll","background-type":"","background-media":"","overlay-type":"","overlay-color":"","overlay-opacity":"","overlay-gradient":""},"tablet":{"background-color":"var(--ast-global-color-5)","background-image":"","background-repeat":"repeat","background-position":"center center","background-size":"auto","background-attachment":"scroll","background-type":"","background-media":"","overlay-type":"","overlay-color":"","overlay-opacity":"","overlay-gradient":""},"mobile":{"background-color":"var(--ast-global-color-5)","background-image":"","background-repeat":"repeat","background-position":"center center","background-size":"auto","background-attachment":"scroll","background-type":"","background-media":"","overlay-type":"","overlay-color":"","overlay-opacity":"","overlay-gradient":""}},"_joinchat":[]},"product_brand":[],"product_cat":[24],"product_tag":[],"class_list":{"0":"post-12844","1":"product","2":"type-product","3":"status-publish","4":"has-post-thumbnail","6":"product_cat-nos-produits-aphrodisiaque","7":"desktop-align-left","8":"tablet-align-left","9":"mobile-align-left","10":"tm-has-options","12":"first","13":"instock","14":"taxable","15":"shipping-taxable","16":"purchasable","17":"product-type-simple"},"bundled_by":["1934","5782","508","1605","8726","13309"],"bundle_stock_status":"instock","bundle_stock_quantity":37,"bundle_virtual":false,"bundle_layout":"","bundle_add_to_cart_form_location":"","bundle_editable_in_cart":false,"bundle_sold_individually_context":"","bundle_item_grouping":"","bundle_min_size":"","bundle_max_size":"","bundle_price":[],"bundled_items":[],"bundle_sell_ids":[],"aioseo_notices":[],"yoast_head":"\n<title>Gummies BUTTOCKS - NC BEAUTY<\/title>\n<meta name=\"robots\" content=\"index, follow, max-snippet:-1, max-image-preview:large, max-video-preview:-1\" \/>\n<link rel=\"canonical\" href=\"https:\/\/ncbeauty.fr\/produit\/gummies-buttocks\/\" \/>\n<meta property=\"og:locale\" content=\"en_US\" \/>\n<meta property=\"og:type\" content=\"article\" \/>\n<meta property=\"og:title\" content=\"Gummies BUTTOCKS - NC BEAUTY\" \/>\n<meta property=\"og:description\" content=\"\ud83c\udf51 Gummies BUTTOCKS \u2013 La gourmandise qui sculpte vos courbes Gummies BUTTOCKS est la solution naturelle, d\u00e9licieuse et efficace pour sublimer vos formes.Con\u00e7ues \u00e0 partir d\u2019ingr\u00e9dients actifs rigoureusement s\u00e9lectionn\u00e9s, ces gummies agissent en douceur pour favoriser un galbe harmonieux et r\u00e9v\u00e9ler une silhouette voluptueuse.  \u2728 Bienfaits cl\u00e9s : \u2714 Favorise l\u2019\u00e9largissement naturel des fesses\u2714 Contribue \u00e0 une silhouette plus galb\u00e9e et f\u00e9minine\u2714 Formule 100 % naturelle, sans hormones artificielles\u2714 Parfait pour accompagner vos s\u00e9ances cibl\u00e9es fessiers\" \/>\n<meta property=\"og:url\" content=\"https:\/\/ncbeauty.fr\/produit\/gummies-buttocks\/\" \/>\n<meta property=\"og:site_name\" content=\"NC BEAUTY\" \/>\n<meta property=\"article:modified_time\" content=\"2026-03-28T00:12:01+00:00\" \/>\n<meta property=\"og:image\" content=\"https:\/\/ncbeauty.fr\/choaweex\/2025\/03\/Photoroom-20250310_112950.webp\" \/>\n\t<meta property=\"og:image:width\" content=\"1126\" \/>\n\t<meta property=\"og:image:height\" content=\"2000\" \/>\n\t<meta property=\"og:image:type\" content=\"image\/webp\" \/>\n<meta name=\"twitter:card\" content=\"summary_large_image\" \/>\n<meta name=\"twitter:label1\" content=\"Est. reading time\" \/>\n\t<meta name=\"twitter:data1\" content=\"1 minute\" \/>\n<script type=\"application\/ld+json\" class=\"yoast-schema-graph\">{\"@context\":\"https:\/\/schema.org\",\"@graph\":[{\"@type\":\"WebPage\",\"@id\":\"https:\/\/ncbeauty.fr\/produit\/gummies-buttocks\/\",\"url\":\"https:\/\/ncbeauty.fr\/produit\/gummies-buttocks\/\",\"name\":\"Gummies BUTTOCKS - NC BEAUTY\",\"isPartOf\":{\"@id\":\"https:\/\/ncbeauty.fr\/#website\"},\"primaryImageOfPage\":{\"@id\":\"https:\/\/ncbeauty.fr\/produit\/gummies-buttocks\/#primaryimage\"},\"image\":{\"@id\":\"https:\/\/ncbeauty.fr\/produit\/gummies-buttocks\/#primaryimage\"},\"thumbnailUrl\":\"https:\/\/ncbeauty.fr\/choaweex\/2025\/03\/Photoroom-20250310_112950.webp\",\"datePublished\":\"2025-03-10T14:46:51+00:00\",\"dateModified\":\"2026-03-28T00:12:01+00:00\",\"breadcrumb\":{\"@id\":\"https:\/\/ncbeauty.fr\/produit\/gummies-buttocks\/#breadcrumb\"},\"inLanguage\":\"en-US\",\"potentialAction\":[{\"@type\":\"ReadAction\",\"target\":[\"https:\/\/ncbeauty.fr\/produit\/gummies-buttocks\/\"]}]},{\"@type\":\"ImageObject\",\"inLanguage\":\"en-US\",\"@id\":\"https:\/\/ncbeauty.fr\/produit\/gummies-buttocks\/#primaryimage\",\"url\":\"https:\/\/ncbeauty.fr\/choaweex\/2025\/03\/Photoroom-20250310_112950.webp\",\"contentUrl\":\"https:\/\/ncbeauty.fr\/choaweex\/2025\/03\/Photoroom-20250310_112950.webp\",\"width\":1126,\"height\":2000},{\"@type\":\"BreadcrumbList\",\"@id\":\"https:\/\/ncbeauty.fr\/produit\/gummies-buttocks\/#breadcrumb\",\"itemListElement\":[{\"@type\":\"ListItem\",\"position\":1,\"name\":\"Accueil\",\"item\":\"https:\/\/ncbeauty.fr\/\"},{\"@type\":\"ListItem\",\"position\":2,\"name\":\"Shop\",\"item\":\"https:\/\/ncbeauty.fr\/boutique\/\"},{\"@type\":\"ListItem\",\"position\":3,\"name\":\"Gummies BUTTOCKS\"}]},{\"@type\":\"WebSite\",\"@id\":\"https:\/\/ncbeauty.fr\/#website\",\"url\":\"https:\/\/ncbeauty.fr\/\",\"name\":\"NC BEAUTY\",\"description\":\"NC BEAUTY\",\"potentialAction\":[{\"@type\":\"SearchAction\",\"target\":{\"@type\":\"EntryPoint\",\"urlTemplate\":\"https:\/\/ncbeauty.fr\/?s={search_term_string}\"},\"query-input\":{\"@type\":\"PropertyValueSpecification\",\"valueRequired\":true,\"valueName\":\"search_term_string\"}}],\"inLanguage\":\"en-US\"}]}<\/script>\n","yoast_head_json":{"title":"Gummies BUTTOCKS - NC BEAUTY","robots":{"index":"index","follow":"follow","max-snippet":"max-snippet:-1","max-image-preview":"max-image-preview:large","max-video-preview":"max-video-preview:-1"},"canonical":"https:\/\/ncbeauty.fr\/produit\/gummies-buttocks\/","og_locale":"en_US","og_type":"article","og_title":"Gummies BUTTOCKS - NC BEAUTY","og_description":"\ud83c\udf51 Gummies BUTTOCKS \u2013 La gourmandise qui sculpte vos courbes Gummies BUTTOCKS est la solution naturelle, d\u00e9licieuse et efficace pour sublimer vos formes.Con\u00e7ues \u00e0 partir d\u2019ingr\u00e9dients actifs rigoureusement s\u00e9lectionn\u00e9s, ces gummies agissent en douceur pour favoriser un galbe harmonieux et r\u00e9v\u00e9ler une silhouette voluptueuse.  \u2728 Bienfaits cl\u00e9s : \u2714 Favorise l\u2019\u00e9largissement naturel des fesses\u2714 Contribue \u00e0 une silhouette plus galb\u00e9e et f\u00e9minine\u2714 Formule 100 % naturelle, sans hormones artificielles\u2714 Parfait pour accompagner vos s\u00e9ances cibl\u00e9es fessiers","og_url":"https:\/\/ncbeauty.fr\/produit\/gummies-buttocks\/","og_site_name":"NC BEAUTY","article_modified_time":"2026-03-28T00:12:01+00:00","og_image":[{"width":1126,"height":2000,"url":"https:\/\/ncbeauty.fr\/choaweex\/2025\/03\/Photoroom-20250310_112950.webp","type":"image\/webp"}],"twitter_card":"summary_large_image","twitter_misc":{"Est. reading time":"1 minute"},"schema":{"@context":"https:\/\/schema.org","@graph":[{"@type":"WebPage","@id":"https:\/\/ncbeauty.fr\/produit\/gummies-buttocks\/","url":"https:\/\/ncbeauty.fr\/produit\/gummies-buttocks\/","name":"Gummies BUTTOCKS - NC BEAUTY","isPartOf":{"@id":"https:\/\/ncbeauty.fr\/#website"},"primaryImageOfPage":{"@id":"https:\/\/ncbeauty.fr\/produit\/gummies-buttocks\/#primaryimage"},"image":{"@id":"https:\/\/ncbeauty.fr\/produit\/gummies-buttocks\/#primaryimage"},"thumbnailUrl":"https:\/\/ncbeauty.fr\/choaweex\/2025\/03\/Photoroom-20250310_112950.webp","datePublished":"2025-03-10T14:46:51+00:00","dateModified":"2026-03-28T00:12:01+00:00","breadcrumb":{"@id":"https:\/\/ncbeauty.fr\/produit\/gummies-buttocks\/#breadcrumb"},"inLanguage":"en-US","potentialAction":[{"@type":"ReadAction","target":["https:\/\/ncbeauty.fr\/produit\/gummies-buttocks\/"]}]},{"@type":"ImageObject","inLanguage":"en-US","@id":"https:\/\/ncbeauty.fr\/produit\/gummies-buttocks\/#primaryimage","url":"https:\/\/ncbeauty.fr\/choaweex\/2025\/03\/Photoroom-20250310_112950.webp","contentUrl":"https:\/\/ncbeauty.fr\/choaweex\/2025\/03\/Photoroom-20250310_112950.webp","width":1126,"height":2000},{"@type":"BreadcrumbList","@id":"https:\/\/ncbeauty.fr\/produit\/gummies-buttocks\/#breadcrumb","itemListElement":[{"@type":"ListItem","position":1,"name":"Accueil","item":"https:\/\/ncbeauty.fr\/"},{"@type":"ListItem","position":2,"name":"Shop","item":"https:\/\/ncbeauty.fr\/boutique\/"},{"@type":"ListItem","position":3,"name":"Gummies BUTTOCKS"}]},{"@type":"WebSite","@id":"https:\/\/ncbeauty.fr\/#website","url":"https:\/\/ncbeauty.fr\/","name":"NC BEAUTY","description":"NC BEAUTY","potentialAction":[{"@type":"SearchAction","target":{"@type":"EntryPoint","urlTemplate":"https:\/\/ncbeauty.fr\/?s={search_term_string}"},"query-input":{"@type":"PropertyValueSpecification","valueRequired":true,"valueName":"search_term_string"}}],"inLanguage":"en-US"}]}},"jetpack_sharing_enabled":true,"_links":{"self":[{"href":"https:\/\/ncbeauty.fr\/en\/wp-json\/wp\/v2\/product\/12844","targetHints":{"allow":["GET"]}}],"collection":[{"href":"https:\/\/ncbeauty.fr\/en\/wp-json\/wp\/v2\/product"}],"about":[{"href":"https:\/\/ncbeauty.fr\/en\/wp-json\/wp\/v2\/types\/product"}],"replies":[{"embeddable":true,"href":"https:\/\/ncbeauty.fr\/en\/wp-json\/wp\/v2\/comments?post=12844"}],"wp:featuredmedia":[{"embeddable":true,"href":"https:\/\/ncbeauty.fr\/en\/wp-json\/wp\/v2\/media\/12863"}],"wp:attachment":[{"href":"https:\/\/ncbeauty.fr\/en\/wp-json\/wp\/v2\/media?parent=12844"}],"wp:term":[{"taxonomy":"product_brand","embeddable":true,"href":"https:\/\/ncbeauty.fr\/en\/wp-json\/wp\/v2\/product_brand?post=12844"},{"taxonomy":"product_cat","embeddable":true,"href":"https:\/\/ncbeauty.fr\/en\/wp-json\/wp\/v2\/product_cat?post=12844"},{"taxonomy":"product_tag","embeddable":true,"href":"https:\/\/ncbeauty.fr\/en\/wp-json\/wp\/v2\/product_tag?post=12844"}],"curies":[{"name":"wp","href":"https:\/\/api.w.org\/{rel}","templated":true}]}}