{"id":13777,"date":"2025-05-31T13:46:01","date_gmt":"2025-05-31T13:46:01","guid":{"rendered":"https:\/\/ncbeauty.fr\/?post_type=product&#038;p=13777"},"modified":"2025-11-24T12:24:06","modified_gmt":"2025-11-24T12:24:06","slug":"body-melania","status":"publish","type":"product","link":"https:\/\/ncbeauty.fr\/en\/produit\/body-melania\/","title":{"rendered":"Body Melania"},"content":{"rendered":"","protected":false},"excerpt":{"rendered":"<p><em><strong>Body gainant Melania \u2013 L\u2019alli\u00e9 essentiel pour une r\u00e9cup\u00e9ration tout en douceur<br \/>\n<\/strong><\/em><\/p>\n<p data-start=\"233\" data-end=\"569\">Con\u00e7u avec soin pour accompagner votre corps apr\u00e8s une intervention, le <strong data-start=\"305\" data-end=\"337\">Body Melania post-op\u00e9ratoire<\/strong> allie \u00e9l\u00e9gance et efficacit\u00e9. Sa coupe gainante assure une <strong data-start=\"397\" data-end=\"419\">compression cibl\u00e9e<\/strong> favorisant une meilleure circulation et une r\u00e9cup\u00e9ration optimis\u00e9e, tandis que son tissu d\u2019une douceur incomparable \u00e9pouse vos formes avec confort.<\/p>\n<p data-start=\"571\" data-end=\"742\">Disponible en tailles <strong data-start=\"593\" data-end=\"621\">S, M, L, XL, XXL et XXXL<\/strong>, il s\u2019adapte parfaitement \u00e0 chaque morphologie pour vous garantir un maintien optimal sans compromis sur le bien-\u00eatre.<\/p>\n<p data-start=\"744\" data-end=\"767\">\ud83d\udc8e <strong data-start=\"747\" data-end=\"765\">Points forts :<\/strong><\/p>\n<ul data-start=\"768\" data-end=\"1014\">\n<li data-start=\"768\" data-end=\"832\">\n<p data-start=\"770\" data-end=\"832\">Compression ferme pour soutenir et sculpter votre silhouette<\/p>\n<\/li>\n<li data-start=\"833\" data-end=\"886\">\n<p data-start=\"835\" data-end=\"886\">Confort exceptionnel, id\u00e9al pour un port prolong\u00e9<\/p>\n<\/li>\n<li data-start=\"887\" data-end=\"943\">\n<p data-start=\"889\" data-end=\"943\">Design raffin\u00e9, discret sous vos tenues du quotidien<\/p>\n<\/li>\n<\/ul>\n<p data-start=\"1016\" data-end=\"1159\">Laissez-vous envelopper par le confort du <strong data-start=\"1058\" data-end=\"1074\">Body Melania<\/strong>, votre partenaire indispensable pour retrouver confiance et \u00e9l\u00e9gance au quotidien.<\/p>\n<p>&nbsp;<\/p>\n","protected":false},"featured_media":13781,"comment_status":"open","ping_status":"closed","template":"","meta":{"_monsterinsights_skip_tracking":false,"_monsterinsights_sitenote_active":false,"_monsterinsights_sitenote_note":"","_monsterinsights_sitenote_category":0,"site-sidebar-layout":"default","site-content-layout":"","ast-site-content-layout":"default","site-content-style":"default","site-sidebar-style":"default","ast-global-header-display":"","ast-banner-title-visibility":"","ast-main-header-display":"","ast-hfb-above-header-display":"","ast-hfb-below-header-display":"","ast-hfb-mobile-header-display":"","site-post-title":"","ast-breadcrumbs-content":"","ast-featured-img":"","footer-sml-layout":"","theme-transparent-header-meta":"default","adv-header-id-meta":"","stick-header-meta":"","header-above-stick-meta":"","header-main-stick-meta":"","header-below-stick-meta":"","astra-migrate-meta-layouts":"set","ast-page-background-enabled":"default","ast-page-background-meta":{"desktop":{"background-color":"var(--ast-global-color-4)","background-image":"","background-repeat":"repeat","background-position":"center center","background-size":"auto","background-attachment":"scroll","background-type":"","background-media":"","overlay-type":"","overlay-color":"","overlay-opacity":"","overlay-gradient":""},"tablet":{"background-color":"","background-image":"","background-repeat":"repeat","background-position":"center center","background-size":"auto","background-attachment":"scroll","background-type":"","background-media":"","overlay-type":"","overlay-color":"","overlay-opacity":"","overlay-gradient":""},"mobile":{"background-color":"","background-image":"","background-repeat":"repeat","background-position":"center center","background-size":"auto","background-attachment":"scroll","background-type":"","background-media":"","overlay-type":"","overlay-color":"","overlay-opacity":"","overlay-gradient":""}},"ast-content-background-meta":{"desktop":{"background-color":"var(--ast-global-color-5)","background-image":"","background-repeat":"repeat","background-position":"center center","background-size":"auto","background-attachment":"scroll","background-type":"","background-media":"","overlay-type":"","overlay-color":"","overlay-opacity":"","overlay-gradient":""},"tablet":{"background-color":"var(--ast-global-color-5)","background-image":"","background-repeat":"repeat","background-position":"center center","background-size":"auto","background-attachment":"scroll","background-type":"","background-media":"","overlay-type":"","overlay-color":"","overlay-opacity":"","overlay-gradient":""},"mobile":{"background-color":"var(--ast-global-color-5)","background-image":"","background-repeat":"repeat","background-position":"center center","background-size":"auto","background-attachment":"scroll","background-type":"","background-media":"","overlay-type":"","overlay-color":"","overlay-opacity":"","overlay-gradient":""}},"_joinchat":[]},"product_brand":[],"product_cat":[23],"product_tag":[],"class_list":{"0":"post-13777","1":"product","2":"type-product","3":"status-publish","4":"has-post-thumbnail","6":"product_cat-nos-gaines","7":"desktop-align-left","8":"tablet-align-left","9":"mobile-align-left","10":"tm-has-options","12":"first","13":"instock","14":"taxable","15":"shipping-taxable","16":"purchasable","17":"product-type-variable"},"bundled_by":[],"bundle_stock_status":"instock","bundle_stock_quantity":null,"bundle_virtual":false,"bundle_layout":"","bundle_add_to_cart_form_location":"","bundle_editable_in_cart":false,"bundle_sold_individually_context":"","bundle_item_grouping":"","bundle_min_size":"","bundle_max_size":"","bundle_price":[],"bundled_items":[],"bundle_sell_ids":[],"aioseo_notices":[],"yoast_head":"\n<title>Body Melania - NC BEAUTY<\/title>\n<meta name=\"robots\" content=\"index, follow, max-snippet:-1, max-image-preview:large, max-video-preview:-1\" \/>\n<link rel=\"canonical\" href=\"https:\/\/ncbeauty.fr\/produit\/body-melania\/\" \/>\n<meta property=\"og:locale\" content=\"en_US\" \/>\n<meta property=\"og:type\" content=\"article\" \/>\n<meta property=\"og:title\" content=\"Body Melania - NC BEAUTY\" \/>\n<meta property=\"og:description\" content=\"Body gainant Melania \u2013 L\u2019alli\u00e9 essentiel pour une r\u00e9cup\u00e9ration tout en douceur  Con\u00e7u avec soin pour accompagner votre corps apr\u00e8s une intervention, le Body Melania post-op\u00e9ratoire allie \u00e9l\u00e9gance et efficacit\u00e9. Sa coupe gainante assure une compression cibl\u00e9e favorisant une meilleure circulation et une r\u00e9cup\u00e9ration optimis\u00e9e, tandis que son tissu d\u2019une douceur incomparable \u00e9pouse vos formes avec confort. Disponible en tailles S, M, L, XL, XXL et XXXL, il s\u2019adapte parfaitement \u00e0 chaque morphologie pour vous garantir un maintien optimal sans compromis sur le bien-\u00eatre. \ud83d\udc8e Points forts :     Compression ferme pour soutenir et sculpter votre silhouette    Confort exceptionnel, id\u00e9al pour un port prolong\u00e9    Design raffin\u00e9, discret sous vos tenues du quotidien   Laissez-vous envelopper par le confort du Body Melania, votre partenaire indispensable pour retrouver confiance et \u00e9l\u00e9gance au quotidien. &nbsp;\" \/>\n<meta property=\"og:url\" content=\"https:\/\/ncbeauty.fr\/produit\/body-melania\/\" \/>\n<meta property=\"og:site_name\" content=\"NC BEAUTY\" \/>\n<meta property=\"article:modified_time\" content=\"2025-11-24T12:24:06+00:00\" \/>\n<meta property=\"og:image\" content=\"https:\/\/ncbeauty.fr\/choaweex\/2025\/05\/1000174145.webp\" \/>\n\t<meta property=\"og:image:width\" content=\"951\" \/>\n\t<meta property=\"og:image:height\" content=\"1080\" \/>\n\t<meta property=\"og:image:type\" content=\"image\/webp\" \/>\n<meta name=\"twitter:card\" content=\"summary_large_image\" \/>\n<meta name=\"twitter:label1\" content=\"Est. reading time\" \/>\n\t<meta name=\"twitter:data1\" content=\"1 minute\" \/>\n<script type=\"application\/ld+json\" class=\"yoast-schema-graph\">{\"@context\":\"https:\/\/schema.org\",\"@graph\":[{\"@type\":\"WebPage\",\"@id\":\"https:\/\/ncbeauty.fr\/produit\/body-melania\/\",\"url\":\"https:\/\/ncbeauty.fr\/produit\/body-melania\/\",\"name\":\"Body Melania - NC BEAUTY\",\"isPartOf\":{\"@id\":\"https:\/\/ncbeauty.fr\/#website\"},\"primaryImageOfPage\":{\"@id\":\"https:\/\/ncbeauty.fr\/produit\/body-melania\/#primaryimage\"},\"image\":{\"@id\":\"https:\/\/ncbeauty.fr\/produit\/body-melania\/#primaryimage\"},\"thumbnailUrl\":\"https:\/\/ncbeauty.fr\/choaweex\/2025\/05\/1000174145.webp\",\"datePublished\":\"2025-05-31T13:46:01+00:00\",\"dateModified\":\"2025-11-24T12:24:06+00:00\",\"breadcrumb\":{\"@id\":\"https:\/\/ncbeauty.fr\/produit\/body-melania\/#breadcrumb\"},\"inLanguage\":\"en-US\",\"potentialAction\":[{\"@type\":\"ReadAction\",\"target\":[\"https:\/\/ncbeauty.fr\/produit\/body-melania\/\"]}]},{\"@type\":\"ImageObject\",\"inLanguage\":\"en-US\",\"@id\":\"https:\/\/ncbeauty.fr\/produit\/body-melania\/#primaryimage\",\"url\":\"https:\/\/ncbeauty.fr\/choaweex\/2025\/05\/1000174145.webp\",\"contentUrl\":\"https:\/\/ncbeauty.fr\/choaweex\/2025\/05\/1000174145.webp\",\"width\":951,\"height\":1080},{\"@type\":\"BreadcrumbList\",\"@id\":\"https:\/\/ncbeauty.fr\/produit\/body-melania\/#breadcrumb\",\"itemListElement\":[{\"@type\":\"ListItem\",\"position\":1,\"name\":\"Accueil\",\"item\":\"https:\/\/ncbeauty.fr\/\"},{\"@type\":\"ListItem\",\"position\":2,\"name\":\"Shop\",\"item\":\"https:\/\/ncbeauty.fr\/boutique\/\"},{\"@type\":\"ListItem\",\"position\":3,\"name\":\"Body Melania\"}]},{\"@type\":\"WebSite\",\"@id\":\"https:\/\/ncbeauty.fr\/#website\",\"url\":\"https:\/\/ncbeauty.fr\/\",\"name\":\"NC BEAUTY\",\"description\":\"NC BEAUTY\",\"potentialAction\":[{\"@type\":\"SearchAction\",\"target\":{\"@type\":\"EntryPoint\",\"urlTemplate\":\"https:\/\/ncbeauty.fr\/?s={search_term_string}\"},\"query-input\":{\"@type\":\"PropertyValueSpecification\",\"valueRequired\":true,\"valueName\":\"search_term_string\"}}],\"inLanguage\":\"en-US\"}]}<\/script>\n","yoast_head_json":{"title":"Body Melania - NC BEAUTY","robots":{"index":"index","follow":"follow","max-snippet":"max-snippet:-1","max-image-preview":"max-image-preview:large","max-video-preview":"max-video-preview:-1"},"canonical":"https:\/\/ncbeauty.fr\/produit\/body-melania\/","og_locale":"en_US","og_type":"article","og_title":"Body Melania - NC BEAUTY","og_description":"Body gainant Melania \u2013 L\u2019alli\u00e9 essentiel pour une r\u00e9cup\u00e9ration tout en douceur  Con\u00e7u avec soin pour accompagner votre corps apr\u00e8s une intervention, le Body Melania post-op\u00e9ratoire allie \u00e9l\u00e9gance et efficacit\u00e9. Sa coupe gainante assure une compression cibl\u00e9e favorisant une meilleure circulation et une r\u00e9cup\u00e9ration optimis\u00e9e, tandis que son tissu d\u2019une douceur incomparable \u00e9pouse vos formes avec confort. Disponible en tailles S, M, L, XL, XXL et XXXL, il s\u2019adapte parfaitement \u00e0 chaque morphologie pour vous garantir un maintien optimal sans compromis sur le bien-\u00eatre. \ud83d\udc8e Points forts :     Compression ferme pour soutenir et sculpter votre silhouette    Confort exceptionnel, id\u00e9al pour un port prolong\u00e9    Design raffin\u00e9, discret sous vos tenues du quotidien   Laissez-vous envelopper par le confort du Body Melania, votre partenaire indispensable pour retrouver confiance et \u00e9l\u00e9gance au quotidien. &nbsp;","og_url":"https:\/\/ncbeauty.fr\/produit\/body-melania\/","og_site_name":"NC BEAUTY","article_modified_time":"2025-11-24T12:24:06+00:00","og_image":[{"width":951,"height":1080,"url":"https:\/\/ncbeauty.fr\/choaweex\/2025\/05\/1000174145.webp","type":"image\/webp"}],"twitter_card":"summary_large_image","twitter_misc":{"Est. reading time":"1 minute"},"schema":{"@context":"https:\/\/schema.org","@graph":[{"@type":"WebPage","@id":"https:\/\/ncbeauty.fr\/produit\/body-melania\/","url":"https:\/\/ncbeauty.fr\/produit\/body-melania\/","name":"Body Melania - NC BEAUTY","isPartOf":{"@id":"https:\/\/ncbeauty.fr\/#website"},"primaryImageOfPage":{"@id":"https:\/\/ncbeauty.fr\/produit\/body-melania\/#primaryimage"},"image":{"@id":"https:\/\/ncbeauty.fr\/produit\/body-melania\/#primaryimage"},"thumbnailUrl":"https:\/\/ncbeauty.fr\/choaweex\/2025\/05\/1000174145.webp","datePublished":"2025-05-31T13:46:01+00:00","dateModified":"2025-11-24T12:24:06+00:00","breadcrumb":{"@id":"https:\/\/ncbeauty.fr\/produit\/body-melania\/#breadcrumb"},"inLanguage":"en-US","potentialAction":[{"@type":"ReadAction","target":["https:\/\/ncbeauty.fr\/produit\/body-melania\/"]}]},{"@type":"ImageObject","inLanguage":"en-US","@id":"https:\/\/ncbeauty.fr\/produit\/body-melania\/#primaryimage","url":"https:\/\/ncbeauty.fr\/choaweex\/2025\/05\/1000174145.webp","contentUrl":"https:\/\/ncbeauty.fr\/choaweex\/2025\/05\/1000174145.webp","width":951,"height":1080},{"@type":"BreadcrumbList","@id":"https:\/\/ncbeauty.fr\/produit\/body-melania\/#breadcrumb","itemListElement":[{"@type":"ListItem","position":1,"name":"Accueil","item":"https:\/\/ncbeauty.fr\/"},{"@type":"ListItem","position":2,"name":"Shop","item":"https:\/\/ncbeauty.fr\/boutique\/"},{"@type":"ListItem","position":3,"name":"Body Melania"}]},{"@type":"WebSite","@id":"https:\/\/ncbeauty.fr\/#website","url":"https:\/\/ncbeauty.fr\/","name":"NC BEAUTY","description":"NC BEAUTY","potentialAction":[{"@type":"SearchAction","target":{"@type":"EntryPoint","urlTemplate":"https:\/\/ncbeauty.fr\/?s={search_term_string}"},"query-input":{"@type":"PropertyValueSpecification","valueRequired":true,"valueName":"search_term_string"}}],"inLanguage":"en-US"}]}},"jetpack_sharing_enabled":true,"_links":{"self":[{"href":"https:\/\/ncbeauty.fr\/en\/wp-json\/wp\/v2\/product\/13777","targetHints":{"allow":["GET"]}}],"collection":[{"href":"https:\/\/ncbeauty.fr\/en\/wp-json\/wp\/v2\/product"}],"about":[{"href":"https:\/\/ncbeauty.fr\/en\/wp-json\/wp\/v2\/types\/product"}],"replies":[{"embeddable":true,"href":"https:\/\/ncbeauty.fr\/en\/wp-json\/wp\/v2\/comments?post=13777"}],"wp:featuredmedia":[{"embeddable":true,"href":"https:\/\/ncbeauty.fr\/en\/wp-json\/wp\/v2\/media\/13781"}],"wp:attachment":[{"href":"https:\/\/ncbeauty.fr\/en\/wp-json\/wp\/v2\/media?parent=13777"}],"wp:term":[{"taxonomy":"product_brand","embeddable":true,"href":"https:\/\/ncbeauty.fr\/en\/wp-json\/wp\/v2\/product_brand?post=13777"},{"taxonomy":"product_cat","embeddable":true,"href":"https:\/\/ncbeauty.fr\/en\/wp-json\/wp\/v2\/product_cat?post=13777"},{"taxonomy":"product_tag","embeddable":true,"href":"https:\/\/ncbeauty.fr\/en\/wp-json\/wp\/v2\/product_tag?post=13777"}],"curies":[{"name":"wp","href":"https:\/\/api.w.org\/{rel}","templated":true}]}}