{"id":13801,"date":"2025-05-31T23:21:32","date_gmt":"2025-05-31T23:21:32","guid":{"rendered":"https:\/\/ncbeauty.fr\/?post_type=product&#038;p=13801"},"modified":"2025-12-22T11:54:32","modified_gmt":"2025-12-22T11:54:32","slug":"kit-senegal","status":"publish","type":"product","link":"https:\/\/ncbeauty.fr\/en\/produit\/kit-senegal\/","title":{"rendered":"Kit S\u00e9n\u00e9gal"},"content":{"rendered":"","protected":false},"excerpt":{"rendered":"<p data-start=\"103\" data-end=\"163\"><strong data-start=\"103\" data-end=\"161\">Sublimez vos courbes en toute naturalit\u00e9<\/strong><\/p>\n<p data-start=\"165\" data-end=\"526\">Offrez \u00e0 votre silhouette une nouvelle dimension avec le <strong data-start=\"222\" data-end=\"237\">Kit S\u00e9n\u00e9gal<\/strong>, une alliance parfaite de <strong data-start=\"264\" data-end=\"307\">th\u00e9 BBL, g\u00e9lules Maca Plus et cr\u00e8me BBL<\/strong> con\u00e7ue pour mettre en valeur vos courbes de fa\u00e7on naturelle. Chaque \u00e9l\u00e9ment du pack a \u00e9t\u00e9 soigneusement formul\u00e9 \u00e0 partir d\u2019<strong data-start=\"431\" data-end=\"455\">ingr\u00e9dients naturels<\/strong>, pour vous offrir un <strong data-start=\"477\" data-end=\"523\">r\u00e9sultat harmonieux, progressif et durable<\/strong>.<\/p>\n<p data-start=\"528\" data-end=\"570\">\ud83c\udf3f <strong data-start=\"531\" data-end=\"568\">Les points forts du Kit S\u00e9n\u00e9gal :<\/strong><\/p>\n<ul data-start=\"571\" data-end=\"949\">\n<li data-start=\"571\" data-end=\"688\">\n<p data-start=\"573\" data-end=\"688\"><strong data-start=\"573\" data-end=\"584\">Th\u00e9 BBL<\/strong> : stimule le m\u00e9tabolisme et favorise l\u2019\u00e9limination des toxines pour une silhouette affin\u00e9e et tonique<\/p>\n<\/li>\n<li data-start=\"689\" data-end=\"840\">\n<p data-start=\"691\" data-end=\"840\"><strong data-start=\"691\" data-end=\"712\">G\u00e9lules Maca Plus<\/strong> : enrichies en actifs naturels, elles contribuent \u00e0 red\u00e9finir les fesses et les hanches tout en apportant \u00e9nergie et vitalit\u00e9<\/p>\n<\/li>\n<li data-start=\"841\" data-end=\"949\">\n<p data-start=\"843\" data-end=\"949\"><strong data-start=\"843\" data-end=\"856\">Cr\u00e8me BBL<\/strong> : hydrate en profondeur et raffermit la peau pour un galbe visiblement plus lisse et ferme<\/p>\n<\/li>\n<\/ul>\n<p data-start=\"951\" data-end=\"1042\">\ud83d\udc8e R\u00e9sultats visibles, confiance renforc\u00e9e, et le tout sans produits chimiques agressifs.<\/p>\n<p data-start=\"1067\" data-end=\"1225\">Prenez soin de votre corps tout en r\u00e9v\u00e9lant la <strong data-start=\"1114\" data-end=\"1148\">meilleure version de vous-m\u00eame<\/strong>, gr\u00e2ce \u00e0 ce <strong data-start=\"1161\" data-end=\"1177\">pack complet<\/strong> pens\u00e9 pour votre bien-\u00eatre et votre f\u00e9minit\u00e9.<\/p>\n","protected":false},"featured_media":13807,"comment_status":"open","ping_status":"closed","template":"","meta":{"_monsterinsights_skip_tracking":false,"_monsterinsights_sitenote_active":false,"_monsterinsights_sitenote_note":"","_monsterinsights_sitenote_category":0,"site-sidebar-layout":"default","site-content-layout":"","ast-site-content-layout":"default","site-content-style":"default","site-sidebar-style":"default","ast-global-header-display":"","ast-banner-title-visibility":"","ast-main-header-display":"","ast-hfb-above-header-display":"","ast-hfb-below-header-display":"","ast-hfb-mobile-header-display":"","site-post-title":"","ast-breadcrumbs-content":"","ast-featured-img":"","footer-sml-layout":"","theme-transparent-header-meta":"default","adv-header-id-meta":"","stick-header-meta":"","header-above-stick-meta":"","header-main-stick-meta":"","header-below-stick-meta":"","astra-migrate-meta-layouts":"set","ast-page-background-enabled":"default","ast-page-background-meta":{"desktop":{"background-color":"var(--ast-global-color-4)","background-image":"","background-repeat":"repeat","background-position":"center center","background-size":"auto","background-attachment":"scroll","background-type":"","background-media":"","overlay-type":"","overlay-color":"","overlay-opacity":"","overlay-gradient":""},"tablet":{"background-color":"","background-image":"","background-repeat":"repeat","background-position":"center center","background-size":"auto","background-attachment":"scroll","background-type":"","background-media":"","overlay-type":"","overlay-color":"","overlay-opacity":"","overlay-gradient":""},"mobile":{"background-color":"","background-image":"","background-repeat":"repeat","background-position":"center center","background-size":"auto","background-attachment":"scroll","background-type":"","background-media":"","overlay-type":"","overlay-color":"","overlay-opacity":"","overlay-gradient":""}},"ast-content-background-meta":{"desktop":{"background-color":"var(--ast-global-color-5)","background-image":"","background-repeat":"repeat","background-position":"center center","background-size":"auto","background-attachment":"scroll","background-type":"","background-media":"","overlay-type":"","overlay-color":"","overlay-opacity":"","overlay-gradient":""},"tablet":{"background-color":"var(--ast-global-color-5)","background-image":"","background-repeat":"repeat","background-position":"center center","background-size":"auto","background-attachment":"scroll","background-type":"","background-media":"","overlay-type":"","overlay-color":"","overlay-opacity":"","overlay-gradient":""},"mobile":{"background-color":"var(--ast-global-color-5)","background-image":"","background-repeat":"repeat","background-position":"center center","background-size":"auto","background-attachment":"scroll","background-type":"","background-media":"","overlay-type":"","overlay-color":"","overlay-opacity":"","overlay-gradient":""}},"_joinchat":[]},"product_brand":[],"product_cat":[36],"product_tag":[],"class_list":{"0":"post-13801","1":"product","2":"type-product","3":"status-publish","4":"has-post-thumbnail","6":"product_cat-nos-pack","7":"desktop-align-left","8":"tablet-align-left","9":"mobile-align-left","10":"tm-has-options","12":"first","13":"instock","14":"virtual","15":"taxable","16":"purchasable","17":"product-type-bundle"},"bundled_by":[],"bundle_stock_status":"instock","bundle_stock_quantity":7,"bundle_virtual":false,"bundle_layout":"default","bundle_add_to_cart_form_location":"default","bundle_editable_in_cart":false,"bundle_sold_individually_context":"product","bundle_item_grouping":"parent","bundle_min_size":"","bundle_max_size":"","bundle_price":{"price":{"min":{"incl_tax":"250","excl_tax":"250"},"max":{"incl_tax":"250","excl_tax":"250"}},"regular_price":{"min":{"incl_tax":"250","excl_tax":"250"},"max":{"incl_tax":"250","excl_tax":"250"}}},"bundled_items":[{"bundled_item_id":302,"product_id":9264,"menu_order":0,"quantity_min":1,"quantity_max":1,"quantity_default":1,"priced_individually":false,"shipped_individually":false,"override_title":false,"title":"Cr\u00e8me BBL","override_description":false,"description":"","optional":false,"hide_thumbnail":false,"discount":"","override_variations":false,"allowed_variations":[],"override_default_variation_attributes":false,"default_variation_attributes":[],"single_product_visibility":"visible","cart_visibility":"visible","order_visibility":"visible","single_product_price_visibility":"visible","cart_price_visibility":"visible","order_price_visibility":"visible","stock_status":"in_stock"},{"bundled_item_id":304,"product_id":13804,"menu_order":1,"quantity_min":1,"quantity_max":1,"quantity_default":1,"priced_individually":false,"shipped_individually":false,"override_title":false,"title":"Th\u00e9 BBL","override_description":false,"description":"","optional":false,"hide_thumbnail":false,"discount":"","override_variations":false,"allowed_variations":[],"override_default_variation_attributes":false,"default_variation_attributes":[],"single_product_visibility":"visible","cart_visibility":"visible","order_visibility":"visible","single_product_price_visibility":"visible","cart_price_visibility":"visible","order_price_visibility":"visible","stock_status":"in_stock"},{"bundled_item_id":305,"product_id":13803,"menu_order":2,"quantity_min":2,"quantity_max":2,"quantity_default":2,"priced_individually":false,"shipped_individually":false,"override_title":false,"title":"G\u00e9lules Maca Plus","override_description":false,"description":"","optional":false,"hide_thumbnail":false,"discount":"","override_variations":false,"allowed_variations":[],"override_default_variation_attributes":false,"default_variation_attributes":[],"single_product_visibility":"visible","cart_visibility":"visible","order_visibility":"visible","single_product_price_visibility":"visible","cart_price_visibility":"visible","order_price_visibility":"visible","stock_status":"in_stock"}],"bundle_sell_ids":[],"aioseo_notices":[],"yoast_head":"\n<title>Kit S\u00e9n\u00e9gal - NC BEAUTY<\/title>\n<meta name=\"robots\" content=\"index, follow, max-snippet:-1, max-image-preview:large, max-video-preview:-1\" \/>\n<link rel=\"canonical\" href=\"https:\/\/ncbeauty.fr\/produit\/kit-senegal\/\" \/>\n<meta property=\"og:locale\" content=\"en_US\" \/>\n<meta property=\"og:type\" content=\"article\" \/>\n<meta property=\"og:title\" content=\"Kit S\u00e9n\u00e9gal - NC BEAUTY\" \/>\n<meta property=\"og:description\" content=\"Sublimez vos courbes en toute naturalit\u00e9 Offrez \u00e0 votre silhouette une nouvelle dimension avec le Kit S\u00e9n\u00e9gal, une alliance parfaite de th\u00e9 BBL, g\u00e9lules Maca Plus et cr\u00e8me BBL con\u00e7ue pour mettre en valeur vos courbes de fa\u00e7on naturelle. Chaque \u00e9l\u00e9ment du pack a \u00e9t\u00e9 soigneusement formul\u00e9 \u00e0 partir d\u2019ingr\u00e9dients naturels, pour vous offrir un r\u00e9sultat harmonieux, progressif et durable. \ud83c\udf3f Les points forts du Kit S\u00e9n\u00e9gal :     Th\u00e9 BBL : stimule le m\u00e9tabolisme et favorise l\u2019\u00e9limination des toxines pour une silhouette affin\u00e9e et tonique    G\u00e9lules Maca Plus : enrichies en actifs naturels, elles contribuent \u00e0 red\u00e9finir les fesses et les hanches tout en apportant \u00e9nergie et vitalit\u00e9    Cr\u00e8me BBL : hydrate en profondeur et raffermit la peau pour un galbe visiblement plus lisse et ferme   \ud83d\udc8e R\u00e9sultats visibles, confiance renforc\u00e9e, et le tout sans produits chimiques agressifs. Prenez soin de votre corps tout en r\u00e9v\u00e9lant la meilleure version de vous-m\u00eame, gr\u00e2ce \u00e0 ce pack complet pens\u00e9 pour votre bien-\u00eatre et votre f\u00e9minit\u00e9.\" \/>\n<meta property=\"og:url\" content=\"https:\/\/ncbeauty.fr\/produit\/kit-senegal\/\" \/>\n<meta property=\"og:site_name\" content=\"NC BEAUTY\" \/>\n<meta property=\"article:modified_time\" content=\"2025-12-22T11:54:32+00:00\" \/>\n<meta property=\"og:image\" content=\"https:\/\/ncbeauty.fr\/choaweex\/2025\/05\/1000223834.webp\" \/>\n\t<meta property=\"og:image:width\" content=\"1126\" \/>\n\t<meta property=\"og:image:height\" content=\"1627\" \/>\n\t<meta property=\"og:image:type\" content=\"image\/webp\" \/>\n<meta name=\"twitter:card\" content=\"summary_large_image\" \/>\n<meta name=\"twitter:label1\" content=\"Est. reading time\" \/>\n\t<meta name=\"twitter:data1\" content=\"1 minute\" \/>\n<script type=\"application\/ld+json\" class=\"yoast-schema-graph\">{\"@context\":\"https:\/\/schema.org\",\"@graph\":[{\"@type\":\"WebPage\",\"@id\":\"https:\/\/ncbeauty.fr\/produit\/kit-senegal\/\",\"url\":\"https:\/\/ncbeauty.fr\/produit\/kit-senegal\/\",\"name\":\"Kit S\u00e9n\u00e9gal - NC BEAUTY\",\"isPartOf\":{\"@id\":\"https:\/\/ncbeauty.fr\/#website\"},\"primaryImageOfPage\":{\"@id\":\"https:\/\/ncbeauty.fr\/produit\/kit-senegal\/#primaryimage\"},\"image\":{\"@id\":\"https:\/\/ncbeauty.fr\/produit\/kit-senegal\/#primaryimage\"},\"thumbnailUrl\":\"https:\/\/ncbeauty.fr\/choaweex\/2025\/05\/1000223834.webp\",\"datePublished\":\"2025-05-31T23:21:32+00:00\",\"dateModified\":\"2025-12-22T11:54:32+00:00\",\"breadcrumb\":{\"@id\":\"https:\/\/ncbeauty.fr\/produit\/kit-senegal\/#breadcrumb\"},\"inLanguage\":\"en-US\",\"potentialAction\":[{\"@type\":\"ReadAction\",\"target\":[\"https:\/\/ncbeauty.fr\/produit\/kit-senegal\/\"]}]},{\"@type\":\"ImageObject\",\"inLanguage\":\"en-US\",\"@id\":\"https:\/\/ncbeauty.fr\/produit\/kit-senegal\/#primaryimage\",\"url\":\"https:\/\/ncbeauty.fr\/choaweex\/2025\/05\/1000223834.webp\",\"contentUrl\":\"https:\/\/ncbeauty.fr\/choaweex\/2025\/05\/1000223834.webp\",\"width\":1126,\"height\":1627},{\"@type\":\"BreadcrumbList\",\"@id\":\"https:\/\/ncbeauty.fr\/produit\/kit-senegal\/#breadcrumb\",\"itemListElement\":[{\"@type\":\"ListItem\",\"position\":1,\"name\":\"Accueil\",\"item\":\"https:\/\/ncbeauty.fr\/\"},{\"@type\":\"ListItem\",\"position\":2,\"name\":\"Shop\",\"item\":\"https:\/\/ncbeauty.fr\/boutique\/\"},{\"@type\":\"ListItem\",\"position\":3,\"name\":\"Kit S\u00e9n\u00e9gal\"}]},{\"@type\":\"WebSite\",\"@id\":\"https:\/\/ncbeauty.fr\/#website\",\"url\":\"https:\/\/ncbeauty.fr\/\",\"name\":\"NC BEAUTY\",\"description\":\"NC BEAUTY\",\"potentialAction\":[{\"@type\":\"SearchAction\",\"target\":{\"@type\":\"EntryPoint\",\"urlTemplate\":\"https:\/\/ncbeauty.fr\/?s={search_term_string}\"},\"query-input\":{\"@type\":\"PropertyValueSpecification\",\"valueRequired\":true,\"valueName\":\"search_term_string\"}}],\"inLanguage\":\"en-US\"}]}<\/script>\n","yoast_head_json":{"title":"Kit S\u00e9n\u00e9gal - NC BEAUTY","robots":{"index":"index","follow":"follow","max-snippet":"max-snippet:-1","max-image-preview":"max-image-preview:large","max-video-preview":"max-video-preview:-1"},"canonical":"https:\/\/ncbeauty.fr\/produit\/kit-senegal\/","og_locale":"en_US","og_type":"article","og_title":"Kit S\u00e9n\u00e9gal - NC BEAUTY","og_description":"Sublimez vos courbes en toute naturalit\u00e9 Offrez \u00e0 votre silhouette une nouvelle dimension avec le Kit S\u00e9n\u00e9gal, une alliance parfaite de th\u00e9 BBL, g\u00e9lules Maca Plus et cr\u00e8me BBL con\u00e7ue pour mettre en valeur vos courbes de fa\u00e7on naturelle. Chaque \u00e9l\u00e9ment du pack a \u00e9t\u00e9 soigneusement formul\u00e9 \u00e0 partir d\u2019ingr\u00e9dients naturels, pour vous offrir un r\u00e9sultat harmonieux, progressif et durable. \ud83c\udf3f Les points forts du Kit S\u00e9n\u00e9gal :     Th\u00e9 BBL : stimule le m\u00e9tabolisme et favorise l\u2019\u00e9limination des toxines pour une silhouette affin\u00e9e et tonique    G\u00e9lules Maca Plus : enrichies en actifs naturels, elles contribuent \u00e0 red\u00e9finir les fesses et les hanches tout en apportant \u00e9nergie et vitalit\u00e9    Cr\u00e8me BBL : hydrate en profondeur et raffermit la peau pour un galbe visiblement plus lisse et ferme   \ud83d\udc8e R\u00e9sultats visibles, confiance renforc\u00e9e, et le tout sans produits chimiques agressifs. Prenez soin de votre corps tout en r\u00e9v\u00e9lant la meilleure version de vous-m\u00eame, gr\u00e2ce \u00e0 ce pack complet pens\u00e9 pour votre bien-\u00eatre et votre f\u00e9minit\u00e9.","og_url":"https:\/\/ncbeauty.fr\/produit\/kit-senegal\/","og_site_name":"NC BEAUTY","article_modified_time":"2025-12-22T11:54:32+00:00","og_image":[{"width":1126,"height":1627,"url":"https:\/\/ncbeauty.fr\/choaweex\/2025\/05\/1000223834.webp","type":"image\/webp"}],"twitter_card":"summary_large_image","twitter_misc":{"Est. reading time":"1 minute"},"schema":{"@context":"https:\/\/schema.org","@graph":[{"@type":"WebPage","@id":"https:\/\/ncbeauty.fr\/produit\/kit-senegal\/","url":"https:\/\/ncbeauty.fr\/produit\/kit-senegal\/","name":"Kit S\u00e9n\u00e9gal - NC BEAUTY","isPartOf":{"@id":"https:\/\/ncbeauty.fr\/#website"},"primaryImageOfPage":{"@id":"https:\/\/ncbeauty.fr\/produit\/kit-senegal\/#primaryimage"},"image":{"@id":"https:\/\/ncbeauty.fr\/produit\/kit-senegal\/#primaryimage"},"thumbnailUrl":"https:\/\/ncbeauty.fr\/choaweex\/2025\/05\/1000223834.webp","datePublished":"2025-05-31T23:21:32+00:00","dateModified":"2025-12-22T11:54:32+00:00","breadcrumb":{"@id":"https:\/\/ncbeauty.fr\/produit\/kit-senegal\/#breadcrumb"},"inLanguage":"en-US","potentialAction":[{"@type":"ReadAction","target":["https:\/\/ncbeauty.fr\/produit\/kit-senegal\/"]}]},{"@type":"ImageObject","inLanguage":"en-US","@id":"https:\/\/ncbeauty.fr\/produit\/kit-senegal\/#primaryimage","url":"https:\/\/ncbeauty.fr\/choaweex\/2025\/05\/1000223834.webp","contentUrl":"https:\/\/ncbeauty.fr\/choaweex\/2025\/05\/1000223834.webp","width":1126,"height":1627},{"@type":"BreadcrumbList","@id":"https:\/\/ncbeauty.fr\/produit\/kit-senegal\/#breadcrumb","itemListElement":[{"@type":"ListItem","position":1,"name":"Accueil","item":"https:\/\/ncbeauty.fr\/"},{"@type":"ListItem","position":2,"name":"Shop","item":"https:\/\/ncbeauty.fr\/boutique\/"},{"@type":"ListItem","position":3,"name":"Kit S\u00e9n\u00e9gal"}]},{"@type":"WebSite","@id":"https:\/\/ncbeauty.fr\/#website","url":"https:\/\/ncbeauty.fr\/","name":"NC BEAUTY","description":"NC BEAUTY","potentialAction":[{"@type":"SearchAction","target":{"@type":"EntryPoint","urlTemplate":"https:\/\/ncbeauty.fr\/?s={search_term_string}"},"query-input":{"@type":"PropertyValueSpecification","valueRequired":true,"valueName":"search_term_string"}}],"inLanguage":"en-US"}]}},"jetpack_sharing_enabled":true,"_links":{"self":[{"href":"https:\/\/ncbeauty.fr\/en\/wp-json\/wp\/v2\/product\/13801","targetHints":{"allow":["GET"]}}],"collection":[{"href":"https:\/\/ncbeauty.fr\/en\/wp-json\/wp\/v2\/product"}],"about":[{"href":"https:\/\/ncbeauty.fr\/en\/wp-json\/wp\/v2\/types\/product"}],"replies":[{"embeddable":true,"href":"https:\/\/ncbeauty.fr\/en\/wp-json\/wp\/v2\/comments?post=13801"}],"wp:featuredmedia":[{"embeddable":true,"href":"https:\/\/ncbeauty.fr\/en\/wp-json\/wp\/v2\/media\/13807"}],"wp:attachment":[{"href":"https:\/\/ncbeauty.fr\/en\/wp-json\/wp\/v2\/media?parent=13801"}],"wp:term":[{"taxonomy":"product_brand","embeddable":true,"href":"https:\/\/ncbeauty.fr\/en\/wp-json\/wp\/v2\/product_brand?post=13801"},{"taxonomy":"product_cat","embeddable":true,"href":"https:\/\/ncbeauty.fr\/en\/wp-json\/wp\/v2\/product_cat?post=13801"},{"taxonomy":"product_tag","embeddable":true,"href":"https:\/\/ncbeauty.fr\/en\/wp-json\/wp\/v2\/product_tag?post=13801"}],"curies":[{"name":"wp","href":"https:\/\/api.w.org\/{rel}","templated":true}]}}