{"id":13802,"date":"2025-05-31T23:55:28","date_gmt":"2025-05-31T23:55:28","guid":{"rendered":"https:\/\/ncbeauty.fr\/?post_type=product&#038;p=13802"},"modified":"2025-12-15T11:23:04","modified_gmt":"2025-12-15T11:23:04","slug":"mini-game-perte-de-poids","status":"publish","type":"product","link":"https:\/\/ncbeauty.fr\/en\/produit\/mini-game-perte-de-poids\/","title":{"rendered":"Mini gamme perte de poids"},"content":{"rendered":"","protected":false},"excerpt":{"rendered":"<h3 data-start=\"118\" data-end=\"183\"><em>\ud83c\udfaf <strong data-start=\"125\" data-end=\"181\">Mini Game Perte de Poids \u2013 Votre duo minceur gagnant<\/strong><\/em><\/h3>\n<p data-start=\"185\" data-end=\"514\">Alliez plaisir et efficacit\u00e9 avec notre <strong data-start=\"225\" data-end=\"253\">Mini Game Perte de Poids<\/strong>, un pack malin pour vous accompagner vers votre silhouette id\u00e9ale. Compos\u00e9 du <strong data-start=\"332\" data-end=\"360\">Th\u00e9 D\u00e9tox Perte de Poids<\/strong> et des <strong data-start=\"368\" data-end=\"394\">Gummies Perte de Poids<\/strong>, il associe une action d\u00e9toxifiante et une r\u00e9duction naturelle des fringales pour des r\u00e9sultats visibles et durables.<\/p>\n<p data-start=\"516\" data-end=\"831\">\ud83c\udf75 <strong data-start=\"519\" data-end=\"547\">Th\u00e9 D\u00e9tox Perte de Poids<\/strong> \u2013 Une infusion puissante qui stimule l\u2019\u00e9limination des toxines, r\u00e9veille le m\u00e9tabolisme et favorise la perte de poids en douceur.<br data-start=\"677\" data-end=\"680\" \/>\ud83c\udf6c <strong data-start=\"683\" data-end=\"709\">Gummies Perte de Poids<\/strong> \u2013 De d\u00e9licieuses gommes riches en actifs naturels pour r\u00e9duire l\u2019app\u00e9tit, am\u00e9liorer la sati\u00e9t\u00e9 et soutenir votre d\u00e9tox.<\/p>\n<p data-start=\"833\" data-end=\"866\">\u2705 <strong data-start=\"835\" data-end=\"864\">Les atouts du Mini Game :<\/strong><\/p>\n<ul data-start=\"867\" data-end=\"1084\">\n<li data-start=\"867\" data-end=\"915\">\n<p data-start=\"869\" data-end=\"915\">Action combin\u00e9e pour maximiser les r\u00e9sultats<\/p>\n<\/li>\n<li data-start=\"916\" data-end=\"967\">\n<p data-start=\"918\" data-end=\"967\">Ingr\u00e9dients naturels et sans additifs chimiques<\/p>\n<\/li>\n<li data-start=\"968\" data-end=\"1017\">\n<p data-start=\"970\" data-end=\"1017\">Facile \u00e0 int\u00e9grer \u00e0 votre routine quotidienne<\/p>\n<\/li>\n<li data-start=\"1018\" data-end=\"1084\">\n<p data-start=\"1020\" data-end=\"1084\">Une approche saine et gourmande pour sculpter votre silhouette<\/p>\n<\/li>\n<\/ul>\n<p data-start=\"1086\" data-end=\"1222\">Relevez le d\u00e9fi minceur avec notre <strong data-start=\"1121\" data-end=\"1134\">Mini Game<\/strong>, votre partenaire quotidien pour une silhouette harmonieuse et un bien-\u00eatre retrouv\u00e9.<\/p>\n","protected":false},"featured_media":13818,"comment_status":"open","ping_status":"closed","template":"","meta":{"_monsterinsights_skip_tracking":false,"_monsterinsights_sitenote_active":false,"_monsterinsights_sitenote_note":"","_monsterinsights_sitenote_category":0,"site-sidebar-layout":"default","site-content-layout":"","ast-site-content-layout":"default","site-content-style":"default","site-sidebar-style":"default","ast-global-header-display":"","ast-banner-title-visibility":"","ast-main-header-display":"","ast-hfb-above-header-display":"","ast-hfb-below-header-display":"","ast-hfb-mobile-header-display":"","site-post-title":"","ast-breadcrumbs-content":"","ast-featured-img":"","footer-sml-layout":"","theme-transparent-header-meta":"default","adv-header-id-meta":"","stick-header-meta":"","header-above-stick-meta":"","header-main-stick-meta":"","header-below-stick-meta":"","astra-migrate-meta-layouts":"set","ast-page-background-enabled":"default","ast-page-background-meta":{"desktop":{"background-color":"var(--ast-global-color-4)","background-image":"","background-repeat":"repeat","background-position":"center center","background-size":"auto","background-attachment":"scroll","background-type":"","background-media":"","overlay-type":"","overlay-color":"","overlay-opacity":"","overlay-gradient":""},"tablet":{"background-color":"","background-image":"","background-repeat":"repeat","background-position":"center center","background-size":"auto","background-attachment":"scroll","background-type":"","background-media":"","overlay-type":"","overlay-color":"","overlay-opacity":"","overlay-gradient":""},"mobile":{"background-color":"","background-image":"","background-repeat":"repeat","background-position":"center center","background-size":"auto","background-attachment":"scroll","background-type":"","background-media":"","overlay-type":"","overlay-color":"","overlay-opacity":"","overlay-gradient":""}},"ast-content-background-meta":{"desktop":{"background-color":"var(--ast-global-color-5)","background-image":"","background-repeat":"repeat","background-position":"center center","background-size":"auto","background-attachment":"scroll","background-type":"","background-media":"","overlay-type":"","overlay-color":"","overlay-opacity":"","overlay-gradient":""},"tablet":{"background-color":"var(--ast-global-color-5)","background-image":"","background-repeat":"repeat","background-position":"center center","background-size":"auto","background-attachment":"scroll","background-type":"","background-media":"","overlay-type":"","overlay-color":"","overlay-opacity":"","overlay-gradient":""},"mobile":{"background-color":"var(--ast-global-color-5)","background-image":"","background-repeat":"repeat","background-position":"center center","background-size":"auto","background-attachment":"scroll","background-type":"","background-media":"","overlay-type":"","overlay-color":"","overlay-opacity":"","overlay-gradient":""}},"_joinchat":[]},"product_brand":[],"product_cat":[36],"product_tag":[],"class_list":{"0":"post-13802","1":"product","2":"type-product","3":"status-publish","4":"has-post-thumbnail","6":"product_cat-nos-pack","7":"desktop-align-left","8":"tablet-align-left","9":"mobile-align-left","10":"tm-has-options","12":"first","13":"instock","14":"virtual","15":"taxable","16":"purchasable","17":"product-type-bundle"},"bundled_by":[],"bundle_stock_status":"instock","bundle_stock_quantity":24,"bundle_virtual":false,"bundle_layout":"default","bundle_add_to_cart_form_location":"default","bundle_editable_in_cart":false,"bundle_sold_individually_context":"product","bundle_item_grouping":"parent","bundle_min_size":"","bundle_max_size":"","bundle_price":{"price":{"min":{"incl_tax":"120","excl_tax":"120"},"max":{"incl_tax":"120","excl_tax":"120"}},"regular_price":{"min":{"incl_tax":"120","excl_tax":"120"},"max":{"incl_tax":"120","excl_tax":"120"}}},"bundled_items":[{"bundled_item_id":303,"product_id":1902,"menu_order":0,"quantity_min":2,"quantity_max":2,"quantity_default":2,"priced_individually":false,"shipped_individually":false,"override_title":false,"title":"Th\u00e9 detox perte de poids","override_description":false,"description":"","optional":false,"hide_thumbnail":false,"discount":"","override_variations":false,"allowed_variations":[],"override_default_variation_attributes":false,"default_variation_attributes":[],"single_product_visibility":"visible","cart_visibility":"visible","order_visibility":"visible","single_product_price_visibility":"visible","cart_price_visibility":"visible","order_price_visibility":"visible","stock_status":"in_stock"},{"bundled_item_id":310,"product_id":13805,"menu_order":1,"quantity_min":2,"quantity_max":2,"quantity_default":2,"priced_individually":false,"shipped_individually":false,"override_title":false,"title":"Perte de poids Gummies","override_description":false,"description":"","optional":false,"hide_thumbnail":false,"discount":"","override_variations":false,"allowed_variations":[],"override_default_variation_attributes":false,"default_variation_attributes":[],"single_product_visibility":"visible","cart_visibility":"visible","order_visibility":"visible","single_product_price_visibility":"visible","cart_price_visibility":"visible","order_price_visibility":"visible","stock_status":"in_stock"}],"bundle_sell_ids":[],"aioseo_notices":[],"yoast_head":"\n<title>Mini gamme perte de poids - NC BEAUTY<\/title>\n<meta name=\"robots\" content=\"index, follow, max-snippet:-1, max-image-preview:large, max-video-preview:-1\" \/>\n<link rel=\"canonical\" href=\"https:\/\/ncbeauty.fr\/produit\/mini-game-perte-de-poids\/\" \/>\n<meta property=\"og:locale\" content=\"en_US\" \/>\n<meta property=\"og:type\" content=\"article\" \/>\n<meta property=\"og:title\" content=\"Mini gamme perte de poids - NC BEAUTY\" \/>\n<meta property=\"og:description\" content=\"\ud83c\udfaf Mini Game Perte de Poids \u2013 Votre duo minceur gagnant Alliez plaisir et efficacit\u00e9 avec notre Mini Game Perte de Poids, un pack malin pour vous accompagner vers votre silhouette id\u00e9ale. Compos\u00e9 du Th\u00e9 D\u00e9tox Perte de Poids et des Gummies Perte de Poids, il associe une action d\u00e9toxifiante et une r\u00e9duction naturelle des fringales pour des r\u00e9sultats visibles et durables. \ud83c\udf75 Th\u00e9 D\u00e9tox Perte de Poids \u2013 Une infusion puissante qui stimule l\u2019\u00e9limination des toxines, r\u00e9veille le m\u00e9tabolisme et favorise la perte de poids en douceur.\ud83c\udf6c Gummies Perte de Poids \u2013 De d\u00e9licieuses gommes riches en actifs naturels pour r\u00e9duire l\u2019app\u00e9tit, am\u00e9liorer la sati\u00e9t\u00e9 et soutenir votre d\u00e9tox. \u2705 Les atouts du Mini Game :     Action combin\u00e9e pour maximiser les r\u00e9sultats    Ingr\u00e9dients naturels et sans additifs chimiques    Facile \u00e0 int\u00e9grer \u00e0 votre routine quotidienne    Une approche saine et gourmande pour sculpter votre silhouette   Relevez le d\u00e9fi minceur avec notre Mini Game, votre partenaire quotidien pour une silhouette harmonieuse et un bien-\u00eatre retrouv\u00e9.\" \/>\n<meta property=\"og:url\" content=\"https:\/\/ncbeauty.fr\/produit\/mini-game-perte-de-poids\/\" \/>\n<meta property=\"og:site_name\" content=\"NC BEAUTY\" \/>\n<meta property=\"article:modified_time\" content=\"2025-12-15T11:23:04+00:00\" \/>\n<meta property=\"og:image\" content=\"https:\/\/ncbeauty.fr\/choaweex\/2025\/05\/1000223831.webp\" \/>\n\t<meta property=\"og:image:width\" content=\"1117\" \/>\n\t<meta property=\"og:image:height\" content=\"1631\" \/>\n\t<meta property=\"og:image:type\" content=\"image\/webp\" \/>\n<meta name=\"twitter:card\" content=\"summary_large_image\" \/>\n<meta name=\"twitter:label1\" content=\"Est. reading time\" \/>\n\t<meta name=\"twitter:data1\" content=\"1 minute\" \/>\n<script type=\"application\/ld+json\" class=\"yoast-schema-graph\">{\"@context\":\"https:\/\/schema.org\",\"@graph\":[{\"@type\":\"WebPage\",\"@id\":\"https:\/\/ncbeauty.fr\/produit\/mini-game-perte-de-poids\/\",\"url\":\"https:\/\/ncbeauty.fr\/produit\/mini-game-perte-de-poids\/\",\"name\":\"Mini gamme perte de poids - NC BEAUTY\",\"isPartOf\":{\"@id\":\"https:\/\/ncbeauty.fr\/#website\"},\"primaryImageOfPage\":{\"@id\":\"https:\/\/ncbeauty.fr\/produit\/mini-game-perte-de-poids\/#primaryimage\"},\"image\":{\"@id\":\"https:\/\/ncbeauty.fr\/produit\/mini-game-perte-de-poids\/#primaryimage\"},\"thumbnailUrl\":\"https:\/\/ncbeauty.fr\/choaweex\/2025\/05\/1000223831.webp\",\"datePublished\":\"2025-05-31T23:55:28+00:00\",\"dateModified\":\"2025-12-15T11:23:04+00:00\",\"breadcrumb\":{\"@id\":\"https:\/\/ncbeauty.fr\/produit\/mini-game-perte-de-poids\/#breadcrumb\"},\"inLanguage\":\"en-US\",\"potentialAction\":[{\"@type\":\"ReadAction\",\"target\":[\"https:\/\/ncbeauty.fr\/produit\/mini-game-perte-de-poids\/\"]}]},{\"@type\":\"ImageObject\",\"inLanguage\":\"en-US\",\"@id\":\"https:\/\/ncbeauty.fr\/produit\/mini-game-perte-de-poids\/#primaryimage\",\"url\":\"https:\/\/ncbeauty.fr\/choaweex\/2025\/05\/1000223831.webp\",\"contentUrl\":\"https:\/\/ncbeauty.fr\/choaweex\/2025\/05\/1000223831.webp\",\"width\":1117,\"height\":1631},{\"@type\":\"BreadcrumbList\",\"@id\":\"https:\/\/ncbeauty.fr\/produit\/mini-game-perte-de-poids\/#breadcrumb\",\"itemListElement\":[{\"@type\":\"ListItem\",\"position\":1,\"name\":\"Accueil\",\"item\":\"https:\/\/ncbeauty.fr\/\"},{\"@type\":\"ListItem\",\"position\":2,\"name\":\"Shop\",\"item\":\"https:\/\/ncbeauty.fr\/boutique\/\"},{\"@type\":\"ListItem\",\"position\":3,\"name\":\"Mini gamme perte de poids\"}]},{\"@type\":\"WebSite\",\"@id\":\"https:\/\/ncbeauty.fr\/#website\",\"url\":\"https:\/\/ncbeauty.fr\/\",\"name\":\"NC BEAUTY\",\"description\":\"NC BEAUTY\",\"potentialAction\":[{\"@type\":\"SearchAction\",\"target\":{\"@type\":\"EntryPoint\",\"urlTemplate\":\"https:\/\/ncbeauty.fr\/?s={search_term_string}\"},\"query-input\":{\"@type\":\"PropertyValueSpecification\",\"valueRequired\":true,\"valueName\":\"search_term_string\"}}],\"inLanguage\":\"en-US\"}]}<\/script>\n","yoast_head_json":{"title":"Mini gamme perte de poids - NC BEAUTY","robots":{"index":"index","follow":"follow","max-snippet":"max-snippet:-1","max-image-preview":"max-image-preview:large","max-video-preview":"max-video-preview:-1"},"canonical":"https:\/\/ncbeauty.fr\/produit\/mini-game-perte-de-poids\/","og_locale":"en_US","og_type":"article","og_title":"Mini gamme perte de poids - NC BEAUTY","og_description":"\ud83c\udfaf Mini Game Perte de Poids \u2013 Votre duo minceur gagnant Alliez plaisir et efficacit\u00e9 avec notre Mini Game Perte de Poids, un pack malin pour vous accompagner vers votre silhouette id\u00e9ale. Compos\u00e9 du Th\u00e9 D\u00e9tox Perte de Poids et des Gummies Perte de Poids, il associe une action d\u00e9toxifiante et une r\u00e9duction naturelle des fringales pour des r\u00e9sultats visibles et durables. \ud83c\udf75 Th\u00e9 D\u00e9tox Perte de Poids \u2013 Une infusion puissante qui stimule l\u2019\u00e9limination des toxines, r\u00e9veille le m\u00e9tabolisme et favorise la perte de poids en douceur.\ud83c\udf6c Gummies Perte de Poids \u2013 De d\u00e9licieuses gommes riches en actifs naturels pour r\u00e9duire l\u2019app\u00e9tit, am\u00e9liorer la sati\u00e9t\u00e9 et soutenir votre d\u00e9tox. \u2705 Les atouts du Mini Game :     Action combin\u00e9e pour maximiser les r\u00e9sultats    Ingr\u00e9dients naturels et sans additifs chimiques    Facile \u00e0 int\u00e9grer \u00e0 votre routine quotidienne    Une approche saine et gourmande pour sculpter votre silhouette   Relevez le d\u00e9fi minceur avec notre Mini Game, votre partenaire quotidien pour une silhouette harmonieuse et un bien-\u00eatre retrouv\u00e9.","og_url":"https:\/\/ncbeauty.fr\/produit\/mini-game-perte-de-poids\/","og_site_name":"NC BEAUTY","article_modified_time":"2025-12-15T11:23:04+00:00","og_image":[{"width":1117,"height":1631,"url":"https:\/\/ncbeauty.fr\/choaweex\/2025\/05\/1000223831.webp","type":"image\/webp"}],"twitter_card":"summary_large_image","twitter_misc":{"Est. reading time":"1 minute"},"schema":{"@context":"https:\/\/schema.org","@graph":[{"@type":"WebPage","@id":"https:\/\/ncbeauty.fr\/produit\/mini-game-perte-de-poids\/","url":"https:\/\/ncbeauty.fr\/produit\/mini-game-perte-de-poids\/","name":"Mini gamme perte de poids - NC BEAUTY","isPartOf":{"@id":"https:\/\/ncbeauty.fr\/#website"},"primaryImageOfPage":{"@id":"https:\/\/ncbeauty.fr\/produit\/mini-game-perte-de-poids\/#primaryimage"},"image":{"@id":"https:\/\/ncbeauty.fr\/produit\/mini-game-perte-de-poids\/#primaryimage"},"thumbnailUrl":"https:\/\/ncbeauty.fr\/choaweex\/2025\/05\/1000223831.webp","datePublished":"2025-05-31T23:55:28+00:00","dateModified":"2025-12-15T11:23:04+00:00","breadcrumb":{"@id":"https:\/\/ncbeauty.fr\/produit\/mini-game-perte-de-poids\/#breadcrumb"},"inLanguage":"en-US","potentialAction":[{"@type":"ReadAction","target":["https:\/\/ncbeauty.fr\/produit\/mini-game-perte-de-poids\/"]}]},{"@type":"ImageObject","inLanguage":"en-US","@id":"https:\/\/ncbeauty.fr\/produit\/mini-game-perte-de-poids\/#primaryimage","url":"https:\/\/ncbeauty.fr\/choaweex\/2025\/05\/1000223831.webp","contentUrl":"https:\/\/ncbeauty.fr\/choaweex\/2025\/05\/1000223831.webp","width":1117,"height":1631},{"@type":"BreadcrumbList","@id":"https:\/\/ncbeauty.fr\/produit\/mini-game-perte-de-poids\/#breadcrumb","itemListElement":[{"@type":"ListItem","position":1,"name":"Accueil","item":"https:\/\/ncbeauty.fr\/"},{"@type":"ListItem","position":2,"name":"Shop","item":"https:\/\/ncbeauty.fr\/boutique\/"},{"@type":"ListItem","position":3,"name":"Mini gamme perte de poids"}]},{"@type":"WebSite","@id":"https:\/\/ncbeauty.fr\/#website","url":"https:\/\/ncbeauty.fr\/","name":"NC BEAUTY","description":"NC BEAUTY","potentialAction":[{"@type":"SearchAction","target":{"@type":"EntryPoint","urlTemplate":"https:\/\/ncbeauty.fr\/?s={search_term_string}"},"query-input":{"@type":"PropertyValueSpecification","valueRequired":true,"valueName":"search_term_string"}}],"inLanguage":"en-US"}]}},"jetpack_sharing_enabled":true,"_links":{"self":[{"href":"https:\/\/ncbeauty.fr\/en\/wp-json\/wp\/v2\/product\/13802","targetHints":{"allow":["GET"]}}],"collection":[{"href":"https:\/\/ncbeauty.fr\/en\/wp-json\/wp\/v2\/product"}],"about":[{"href":"https:\/\/ncbeauty.fr\/en\/wp-json\/wp\/v2\/types\/product"}],"replies":[{"embeddable":true,"href":"https:\/\/ncbeauty.fr\/en\/wp-json\/wp\/v2\/comments?post=13802"}],"wp:featuredmedia":[{"embeddable":true,"href":"https:\/\/ncbeauty.fr\/en\/wp-json\/wp\/v2\/media\/13818"}],"wp:attachment":[{"href":"https:\/\/ncbeauty.fr\/en\/wp-json\/wp\/v2\/media?parent=13802"}],"wp:term":[{"taxonomy":"product_brand","embeddable":true,"href":"https:\/\/ncbeauty.fr\/en\/wp-json\/wp\/v2\/product_brand?post=13802"},{"taxonomy":"product_cat","embeddable":true,"href":"https:\/\/ncbeauty.fr\/en\/wp-json\/wp\/v2\/product_cat?post=13802"},{"taxonomy":"product_tag","embeddable":true,"href":"https:\/\/ncbeauty.fr\/en\/wp-json\/wp\/v2\/product_tag?post=13802"}],"curies":[{"name":"wp","href":"https:\/\/api.w.org\/{rel}","templated":true}]}}