{"id":13821,"date":"2025-06-01T00:25:33","date_gmt":"2025-06-01T00:25:33","guid":{"rendered":"https:\/\/ncbeauty.fr\/?post_type=product&#038;p=13821"},"modified":"2025-12-06T09:54:42","modified_gmt":"2025-12-06T09:54:42","slug":"fournisseurs-de-confiance","status":"publish","type":"product","link":"https:\/\/ncbeauty.fr\/en\/produit\/fournisseurs-de-confiance\/","title":{"rendered":"Fournisseurs de confiance"},"content":{"rendered":"<h3 data-start=\"112\" data-end=\"203\"><span style=\"font-size: 14pt;\">\ud83e\udd1d<\/span><em><strong><span style=\"font-size: 14pt;\">Donnez vie \u00e0 vos projets avec les bons partenaires<\/span><br \/>\n<\/strong><\/em><\/h3>\n<p data-start=\"205\" data-end=\"393\">Vous souhaitez <strong data-start=\"220\" data-end=\"252\">lancer votre propre business<\/strong> ? Nous mettons \u00e0 votre disposition une <strong data-start=\"292\" data-end=\"348\">s\u00e9lection exclusive de nos fournisseurs de confiance<\/strong> pour vous accompagner dans cette aventure.<\/p>\n<p data-start=\"395\" data-end=\"625\">\ud83d\udcbc Que vous soyez novice ou d\u00e9j\u00e0 exp\u00e9riment\u00e9, ces partenaires fiables vous aideront \u00e0 d\u00e9marrer dans les meilleures conditions. De plus, nous partageons avec vous <strong data-start=\"557\" data-end=\"622\">des conseils pratiques et cl\u00e9s pour d\u00e9buter en toute s\u00e9r\u00e9nit\u00e9<\/strong>.<\/p>\n<p data-start=\"627\" data-end=\"947\">\ud83d\ude80 <strong data-start=\"630\" data-end=\"655\">Ce que vous obtenez :<\/strong><br data-start=\"655\" data-end=\"658\" \/>\u2714 Une liste \u00e9prouv\u00e9e de fournisseurs avec lesquels nous travaillons et que nous recommandons les yeux ferm\u00e9s<br data-start=\"766\" data-end=\"769\" \/>\u2714 Des conseils concrets pour lancer votre activit\u00e9, \u00e9viter les pi\u00e8ges courants et gagner du temps<\/p>\n<p data-start=\"949\" data-end=\"1112\">Faites de vos ambitions une r\u00e9alit\u00e9 gr\u00e2ce \u00e0 des partenaires fiables et des conseils experts. \ud83d\udca1 <strong data-start=\"1045\" data-end=\"1110\">Lancez-vous d\u00e8s aujourd\u2019hui et cr\u00e9ez un business florissant !<\/strong><\/p>\n<p><em><strong>\u00a0<\/strong><\/em><\/p>\n","protected":false},"excerpt":{"rendered":"<p>\ud83e\udd1dDonnez vie \u00e0 vos projets avec les bons partenaires Vous souhaitez lancer votre propre business ? Nous mettons \u00e0 votre [&hellip;]<\/p>\n","protected":false},"featured_media":13822,"comment_status":"open","ping_status":"closed","template":"","meta":{"_monsterinsights_skip_tracking":false,"_monsterinsights_sitenote_active":false,"_monsterinsights_sitenote_note":"","_monsterinsights_sitenote_category":0,"site-sidebar-layout":"default","site-content-layout":"","ast-site-content-layout":"default","site-content-style":"default","site-sidebar-style":"default","ast-global-header-display":"","ast-banner-title-visibility":"","ast-main-header-display":"","ast-hfb-above-header-display":"","ast-hfb-below-header-display":"","ast-hfb-mobile-header-display":"","site-post-title":"","ast-breadcrumbs-content":"","ast-featured-img":"","footer-sml-layout":"","theme-transparent-header-meta":"default","adv-header-id-meta":"","stick-header-meta":"","header-above-stick-meta":"","header-main-stick-meta":"","header-below-stick-meta":"","astra-migrate-meta-layouts":"set","ast-page-background-enabled":"default","ast-page-background-meta":{"desktop":{"background-color":"var(--ast-global-color-4)","background-image":"","background-repeat":"repeat","background-position":"center center","background-size":"auto","background-attachment":"scroll","background-type":"","background-media":"","overlay-type":"","overlay-color":"","overlay-opacity":"","overlay-gradient":""},"tablet":{"background-color":"","background-image":"","background-repeat":"repeat","background-position":"center center","background-size":"auto","background-attachment":"scroll","background-type":"","background-media":"","overlay-type":"","overlay-color":"","overlay-opacity":"","overlay-gradient":""},"mobile":{"background-color":"","background-image":"","background-repeat":"repeat","background-position":"center center","background-size":"auto","background-attachment":"scroll","background-type":"","background-media":"","overlay-type":"","overlay-color":"","overlay-opacity":"","overlay-gradient":""}},"ast-content-background-meta":{"desktop":{"background-color":"var(--ast-global-color-5)","background-image":"","background-repeat":"repeat","background-position":"center center","background-size":"auto","background-attachment":"scroll","background-type":"","background-media":"","overlay-type":"","overlay-color":"","overlay-opacity":"","overlay-gradient":""},"tablet":{"background-color":"var(--ast-global-color-5)","background-image":"","background-repeat":"repeat","background-position":"center center","background-size":"auto","background-attachment":"scroll","background-type":"","background-media":"","overlay-type":"","overlay-color":"","overlay-opacity":"","overlay-gradient":""},"mobile":{"background-color":"var(--ast-global-color-5)","background-image":"","background-repeat":"repeat","background-position":"center center","background-size":"auto","background-attachment":"scroll","background-type":"","background-media":"","overlay-type":"","overlay-color":"","overlay-opacity":"","overlay-gradient":""}},"_joinchat":[]},"product_brand":[],"product_cat":[279],"product_tag":[],"class_list":{"0":"post-13821","1":"product","2":"type-product","3":"status-publish","4":"has-post-thumbnail","6":"product_cat-fournisseurs","7":"desktop-align-left","8":"tablet-align-left","9":"mobile-align-left","10":"tm-has-options","12":"first","13":"instock","14":"downloadable","15":"virtual","16":"taxable","17":"purchasable","18":"product-type-simple"},"bundled_by":[],"bundle_stock_status":"instock","bundle_stock_quantity":null,"bundle_virtual":false,"bundle_layout":"","bundle_add_to_cart_form_location":"","bundle_editable_in_cart":false,"bundle_sold_individually_context":"","bundle_item_grouping":"","bundle_min_size":"","bundle_max_size":"","bundle_price":[],"bundled_items":[],"bundle_sell_ids":[],"aioseo_notices":[],"yoast_head":"\n<title>Fournisseurs de confiance - NC BEAUTY<\/title>\n<meta name=\"robots\" content=\"index, follow, max-snippet:-1, max-image-preview:large, max-video-preview:-1\" \/>\n<link rel=\"canonical\" href=\"https:\/\/ncbeauty.fr\/produit\/fournisseurs-de-confiance\/\" \/>\n<meta property=\"og:locale\" content=\"en_US\" \/>\n<meta property=\"og:type\" content=\"article\" \/>\n<meta property=\"og:title\" content=\"Fournisseurs de confiance - NC BEAUTY\" \/>\n<meta property=\"og:description\" content=\"\ud83e\udd1dDonnez vie \u00e0 vos projets avec les bons partenaires Vous souhaitez lancer votre propre business ? Nous mettons \u00e0 votre [&hellip;]\" \/>\n<meta property=\"og:url\" content=\"https:\/\/ncbeauty.fr\/produit\/fournisseurs-de-confiance\/\" \/>\n<meta property=\"og:site_name\" content=\"NC BEAUTY\" \/>\n<meta property=\"article:modified_time\" content=\"2025-12-06T09:54:42+00:00\" \/>\n<meta property=\"og:image\" content=\"https:\/\/ncbeauty.fr\/choaweex\/2025\/06\/1000449239.webp\" \/>\n\t<meta property=\"og:image:width\" content=\"1472\" \/>\n\t<meta property=\"og:image:height\" content=\"832\" \/>\n\t<meta property=\"og:image:type\" content=\"image\/webp\" \/>\n<meta name=\"twitter:card\" content=\"summary_large_image\" \/>\n<meta name=\"twitter:label1\" content=\"Est. reading time\" \/>\n\t<meta name=\"twitter:data1\" content=\"1 minute\" \/>\n<script type=\"application\/ld+json\" class=\"yoast-schema-graph\">{\"@context\":\"https:\/\/schema.org\",\"@graph\":[{\"@type\":\"WebPage\",\"@id\":\"https:\/\/ncbeauty.fr\/produit\/fournisseurs-de-confiance\/\",\"url\":\"https:\/\/ncbeauty.fr\/produit\/fournisseurs-de-confiance\/\",\"name\":\"Fournisseurs de confiance - NC BEAUTY\",\"isPartOf\":{\"@id\":\"https:\/\/ncbeauty.fr\/#website\"},\"primaryImageOfPage\":{\"@id\":\"https:\/\/ncbeauty.fr\/produit\/fournisseurs-de-confiance\/#primaryimage\"},\"image\":{\"@id\":\"https:\/\/ncbeauty.fr\/produit\/fournisseurs-de-confiance\/#primaryimage\"},\"thumbnailUrl\":\"https:\/\/ncbeauty.fr\/choaweex\/2025\/06\/1000449239.webp\",\"datePublished\":\"2025-06-01T00:25:33+00:00\",\"dateModified\":\"2025-12-06T09:54:42+00:00\",\"breadcrumb\":{\"@id\":\"https:\/\/ncbeauty.fr\/produit\/fournisseurs-de-confiance\/#breadcrumb\"},\"inLanguage\":\"en-US\",\"potentialAction\":[{\"@type\":\"ReadAction\",\"target\":[\"https:\/\/ncbeauty.fr\/produit\/fournisseurs-de-confiance\/\"]}]},{\"@type\":\"ImageObject\",\"inLanguage\":\"en-US\",\"@id\":\"https:\/\/ncbeauty.fr\/produit\/fournisseurs-de-confiance\/#primaryimage\",\"url\":\"https:\/\/ncbeauty.fr\/choaweex\/2025\/06\/1000449239.webp\",\"contentUrl\":\"https:\/\/ncbeauty.fr\/choaweex\/2025\/06\/1000449239.webp\",\"width\":1472,\"height\":832},{\"@type\":\"BreadcrumbList\",\"@id\":\"https:\/\/ncbeauty.fr\/produit\/fournisseurs-de-confiance\/#breadcrumb\",\"itemListElement\":[{\"@type\":\"ListItem\",\"position\":1,\"name\":\"Accueil\",\"item\":\"https:\/\/ncbeauty.fr\/\"},{\"@type\":\"ListItem\",\"position\":2,\"name\":\"Shop\",\"item\":\"https:\/\/ncbeauty.fr\/boutique\/\"},{\"@type\":\"ListItem\",\"position\":3,\"name\":\"Fournisseurs de confiance\"}]},{\"@type\":\"WebSite\",\"@id\":\"https:\/\/ncbeauty.fr\/#website\",\"url\":\"https:\/\/ncbeauty.fr\/\",\"name\":\"NC BEAUTY\",\"description\":\"NC BEAUTY\",\"potentialAction\":[{\"@type\":\"SearchAction\",\"target\":{\"@type\":\"EntryPoint\",\"urlTemplate\":\"https:\/\/ncbeauty.fr\/?s={search_term_string}\"},\"query-input\":{\"@type\":\"PropertyValueSpecification\",\"valueRequired\":true,\"valueName\":\"search_term_string\"}}],\"inLanguage\":\"en-US\"}]}<\/script>\n","yoast_head_json":{"title":"Fournisseurs de confiance - NC BEAUTY","robots":{"index":"index","follow":"follow","max-snippet":"max-snippet:-1","max-image-preview":"max-image-preview:large","max-video-preview":"max-video-preview:-1"},"canonical":"https:\/\/ncbeauty.fr\/produit\/fournisseurs-de-confiance\/","og_locale":"en_US","og_type":"article","og_title":"Fournisseurs de confiance - NC BEAUTY","og_description":"\ud83e\udd1dDonnez vie \u00e0 vos projets avec les bons partenaires Vous souhaitez lancer votre propre business ? Nous mettons \u00e0 votre [&hellip;]","og_url":"https:\/\/ncbeauty.fr\/produit\/fournisseurs-de-confiance\/","og_site_name":"NC BEAUTY","article_modified_time":"2025-12-06T09:54:42+00:00","og_image":[{"width":1472,"height":832,"url":"https:\/\/ncbeauty.fr\/choaweex\/2025\/06\/1000449239.webp","type":"image\/webp"}],"twitter_card":"summary_large_image","twitter_misc":{"Est. reading time":"1 minute"},"schema":{"@context":"https:\/\/schema.org","@graph":[{"@type":"WebPage","@id":"https:\/\/ncbeauty.fr\/produit\/fournisseurs-de-confiance\/","url":"https:\/\/ncbeauty.fr\/produit\/fournisseurs-de-confiance\/","name":"Fournisseurs de confiance - NC BEAUTY","isPartOf":{"@id":"https:\/\/ncbeauty.fr\/#website"},"primaryImageOfPage":{"@id":"https:\/\/ncbeauty.fr\/produit\/fournisseurs-de-confiance\/#primaryimage"},"image":{"@id":"https:\/\/ncbeauty.fr\/produit\/fournisseurs-de-confiance\/#primaryimage"},"thumbnailUrl":"https:\/\/ncbeauty.fr\/choaweex\/2025\/06\/1000449239.webp","datePublished":"2025-06-01T00:25:33+00:00","dateModified":"2025-12-06T09:54:42+00:00","breadcrumb":{"@id":"https:\/\/ncbeauty.fr\/produit\/fournisseurs-de-confiance\/#breadcrumb"},"inLanguage":"en-US","potentialAction":[{"@type":"ReadAction","target":["https:\/\/ncbeauty.fr\/produit\/fournisseurs-de-confiance\/"]}]},{"@type":"ImageObject","inLanguage":"en-US","@id":"https:\/\/ncbeauty.fr\/produit\/fournisseurs-de-confiance\/#primaryimage","url":"https:\/\/ncbeauty.fr\/choaweex\/2025\/06\/1000449239.webp","contentUrl":"https:\/\/ncbeauty.fr\/choaweex\/2025\/06\/1000449239.webp","width":1472,"height":832},{"@type":"BreadcrumbList","@id":"https:\/\/ncbeauty.fr\/produit\/fournisseurs-de-confiance\/#breadcrumb","itemListElement":[{"@type":"ListItem","position":1,"name":"Accueil","item":"https:\/\/ncbeauty.fr\/"},{"@type":"ListItem","position":2,"name":"Shop","item":"https:\/\/ncbeauty.fr\/boutique\/"},{"@type":"ListItem","position":3,"name":"Fournisseurs de confiance"}]},{"@type":"WebSite","@id":"https:\/\/ncbeauty.fr\/#website","url":"https:\/\/ncbeauty.fr\/","name":"NC BEAUTY","description":"NC BEAUTY","potentialAction":[{"@type":"SearchAction","target":{"@type":"EntryPoint","urlTemplate":"https:\/\/ncbeauty.fr\/?s={search_term_string}"},"query-input":{"@type":"PropertyValueSpecification","valueRequired":true,"valueName":"search_term_string"}}],"inLanguage":"en-US"}]}},"jetpack_sharing_enabled":true,"_links":{"self":[{"href":"https:\/\/ncbeauty.fr\/en\/wp-json\/wp\/v2\/product\/13821","targetHints":{"allow":["GET"]}}],"collection":[{"href":"https:\/\/ncbeauty.fr\/en\/wp-json\/wp\/v2\/product"}],"about":[{"href":"https:\/\/ncbeauty.fr\/en\/wp-json\/wp\/v2\/types\/product"}],"replies":[{"embeddable":true,"href":"https:\/\/ncbeauty.fr\/en\/wp-json\/wp\/v2\/comments?post=13821"}],"wp:featuredmedia":[{"embeddable":true,"href":"https:\/\/ncbeauty.fr\/en\/wp-json\/wp\/v2\/media\/13822"}],"wp:attachment":[{"href":"https:\/\/ncbeauty.fr\/en\/wp-json\/wp\/v2\/media?parent=13821"}],"wp:term":[{"taxonomy":"product_brand","embeddable":true,"href":"https:\/\/ncbeauty.fr\/en\/wp-json\/wp\/v2\/product_brand?post=13821"},{"taxonomy":"product_cat","embeddable":true,"href":"https:\/\/ncbeauty.fr\/en\/wp-json\/wp\/v2\/product_cat?post=13821"},{"taxonomy":"product_tag","embeddable":true,"href":"https:\/\/ncbeauty.fr\/en\/wp-json\/wp\/v2\/product_tag?post=13821"}],"curies":[{"name":"wp","href":"https:\/\/api.w.org\/{rel}","templated":true}]}}