{"id":1472,"date":"2023-10-07T11:08:38","date_gmt":"2023-10-07T11:08:38","guid":{"rendered":"https:\/\/ncbeauty.fr\/?post_type=product&#038;p=1472"},"modified":"2025-12-22T11:54:37","modified_gmt":"2025-12-22T11:54:37","slug":"gaine-amincissante-ada","status":"publish","type":"product","link":"https:\/\/ncbeauty.fr\/en\/produit\/gaine-amincissante-ada\/","title":{"rendered":"Gaine amincissante ADA"},"content":{"rendered":"<p style=\"text-align: center\">Vous ne pouvez pas mesurer votre tour de taille\u202f? Prenez alors la m\u00eame taille que pour vos t-shirts. Si vous vous situez entre deux tailles, prenez la plus<\/p>\n<p style=\"text-align: center\">petite des deux.<\/p>\n<p style=\"text-align: center\"><strong>Conseils<\/strong><\/p>\n<p style=\"text-align: center\">Porter ce mod\u00e8le r\u00e9guli\u00e8rement, de 3 \u00e0 8 heures par jour, permet de vous aider \u00e0 br\u00fbler les graisses abdominales plus facilement.<\/p>\n<p style=\"text-align: center\">La gaine creuse la taille, aplatit le ventre et lisse le dos.<\/p>\n<p style=\"text-align: center\">Appliquer avec le gel minceurs<\/p>\n<p style=\"text-align: center\">Il est d\u00e9conseill\u00e9 de dormir avec votre gaine. Il est conseill\u00e9 d\u2019attendre environ 3 mois apr\u00e8s un accouchement par c\u00e9sarienne pour porter<\/p>\n<p style=\"text-align: center\">une gaine ou un corset minceur. En cas de doute ou de g\u00eane, consultez<\/p>\n<p style=\"text-align: center\">votre m\u00e9decin traitant<\/p>\n<p style=\"text-align: center\"><span style=\"font-weight: 400\">\u00c9vitez de trop serrer la gaine au d\u00e9part<\/span><\/p>\n","protected":false},"excerpt":{"rendered":"<p style=\"padding-left: 40px;text-align: left\"><b>Vous cherchez une gaine amincissante est confortable pour toutes vos <\/b><b>occasions, le mod\u00e8le ADA est fait pour vous<\/b><\/p>\n<p>D\u00e9couvrez l&#8217;\u00e9l\u00e9gance et le confort ultimes avec la gaine amincissante ADA. <strong>Confectionn\u00e9e avec soin \u00e0 partir de latex de qualit\u00e9 sup\u00e9rieure et de double coton<\/strong>, elle allie parfaitement maintien et douceur. Sculptez votre silhouette avec gr\u00e2ce et aisance gr\u00e2ce \u00e0 son <strong>design continu<\/strong>, vous offrant une taille de gu\u00eape instantan\u00e9e. Sous les v\u00eatements, elle reste discr\u00e8te, vous assurant une allure impeccable en toutes circonstances. Avec son syst\u00e8me de <strong>fermeture \u00e0 triple niveau de crochets<\/strong>, ajustez-la \u00e0 votre convenance, pour un maintien parfait lors de vos <strong>activit\u00e9s quotidiennes ou de vos s\u00e9ances de sport<\/strong>.<\/p>\n","protected":false},"featured_media":263,"comment_status":"open","ping_status":"closed","template":"","meta":{"_monsterinsights_skip_tracking":false,"_monsterinsights_sitenote_active":false,"_monsterinsights_sitenote_note":"","_monsterinsights_sitenote_category":0,"site-sidebar-layout":"default","site-content-layout":"","ast-site-content-layout":"default","site-content-style":"default","site-sidebar-style":"default","ast-global-header-display":"","ast-banner-title-visibility":"","ast-main-header-display":"","ast-hfb-above-header-display":"","ast-hfb-below-header-display":"","ast-hfb-mobile-header-display":"","site-post-title":"","ast-breadcrumbs-content":"","ast-featured-img":"","footer-sml-layout":"","theme-transparent-header-meta":"default","adv-header-id-meta":"","stick-header-meta":"","header-above-stick-meta":"","header-main-stick-meta":"","header-below-stick-meta":"","astra-migrate-meta-layouts":"set","ast-page-background-enabled":"default","ast-page-background-meta":{"desktop":{"background-color":"var(--ast-global-color-4)","background-image":"","background-repeat":"repeat","background-position":"center center","background-size":"auto","background-attachment":"scroll","background-type":"","background-media":"","overlay-type":"","overlay-color":"","overlay-opacity":"","overlay-gradient":""},"tablet":{"background-color":"","background-image":"","background-repeat":"repeat","background-position":"center center","background-size":"auto","background-attachment":"scroll","background-type":"","background-media":"","overlay-type":"","overlay-color":"","overlay-opacity":"","overlay-gradient":""},"mobile":{"background-color":"","background-image":"","background-repeat":"repeat","background-position":"center center","background-size":"auto","background-attachment":"scroll","background-type":"","background-media":"","overlay-type":"","overlay-color":"","overlay-opacity":"","overlay-gradient":""}},"ast-content-background-meta":{"desktop":{"background-color":"var(--ast-global-color-5)","background-image":"","background-repeat":"repeat","background-position":"center center","background-size":"auto","background-attachment":"scroll","background-type":"","background-media":"","overlay-type":"","overlay-color":"","overlay-opacity":"","overlay-gradient":""},"tablet":{"background-color":"var(--ast-global-color-5)","background-image":"","background-repeat":"repeat","background-position":"center center","background-size":"auto","background-attachment":"scroll","background-type":"","background-media":"","overlay-type":"","overlay-color":"","overlay-opacity":"","overlay-gradient":""},"mobile":{"background-color":"var(--ast-global-color-5)","background-image":"","background-repeat":"repeat","background-position":"center center","background-size":"auto","background-attachment":"scroll","background-type":"","background-media":"","overlay-type":"","overlay-color":"","overlay-opacity":"","overlay-gradient":""}},"_joinchat":[]},"product_brand":[],"product_cat":[23],"product_tag":[],"class_list":{"0":"post-1472","1":"product","2":"type-product","3":"status-publish","4":"has-post-thumbnail","6":"product_cat-nos-gaines","7":"desktop-align-left","8":"tablet-align-left","9":"mobile-align-left","10":"tm-no-options","12":"first","13":"instock","14":"taxable","15":"shipping-taxable","16":"purchasable","17":"product-type-simple"},"bundled_by":[],"bundle_stock_status":"instock","bundle_stock_quantity":10,"bundle_virtual":false,"bundle_layout":"","bundle_add_to_cart_form_location":"","bundle_editable_in_cart":false,"bundle_sold_individually_context":"","bundle_item_grouping":"","bundle_min_size":"","bundle_max_size":"","bundle_price":[],"bundled_items":[],"bundle_sell_ids":[],"aioseo_notices":[],"yoast_head":"\n<title>Gaine amincissante ADA - NC BEAUTY<\/title>\n<meta name=\"robots\" content=\"index, follow, max-snippet:-1, max-image-preview:large, max-video-preview:-1\" \/>\n<link rel=\"canonical\" href=\"https:\/\/ncbeauty.fr\/produit\/gaine-amincissante-ada\/\" \/>\n<meta property=\"og:locale\" content=\"en_US\" \/>\n<meta property=\"og:type\" content=\"article\" \/>\n<meta property=\"og:title\" content=\"Gaine amincissante ADA - NC BEAUTY\" \/>\n<meta property=\"og:description\" content=\"Vous cherchez une gaine amincissante est confortable pour toutes vos occasions, le mod\u00e8le ADA est fait pour vous D\u00e9couvrez l&#039;\u00e9l\u00e9gance et le confort ultimes avec la gaine amincissante ADA. Confectionn\u00e9e avec soin \u00e0 partir de latex de qualit\u00e9 sup\u00e9rieure et de double coton, elle allie parfaitement maintien et douceur. Sculptez votre silhouette avec gr\u00e2ce et aisance gr\u00e2ce \u00e0 son design continu, vous offrant une taille de gu\u00eape instantan\u00e9e. Sous les v\u00eatements, elle reste discr\u00e8te, vous assurant une allure impeccable en toutes circonstances. Avec son syst\u00e8me de fermeture \u00e0 triple niveau de crochets, ajustez-la \u00e0 votre convenance, pour un maintien parfait lors de vos activit\u00e9s quotidiennes ou de vos s\u00e9ances de sport.\" \/>\n<meta property=\"og:url\" content=\"https:\/\/ncbeauty.fr\/produit\/gaine-amincissante-ada\/\" \/>\n<meta property=\"og:site_name\" content=\"NC BEAUTY\" \/>\n<meta property=\"article:modified_time\" content=\"2025-12-22T11:54:37+00:00\" \/>\n<meta property=\"og:image\" content=\"https:\/\/ncbeauty.fr\/choaweex\/2022\/07\/1606188034104.webp\" \/>\n\t<meta property=\"og:image:width\" content=\"454\" \/>\n\t<meta property=\"og:image:height\" content=\"462\" \/>\n\t<meta property=\"og:image:type\" content=\"image\/webp\" \/>\n<meta name=\"twitter:card\" content=\"summary_large_image\" \/>\n<meta name=\"twitter:label1\" content=\"Est. reading time\" \/>\n\t<meta name=\"twitter:data1\" content=\"1 minute\" \/>\n<script type=\"application\/ld+json\" class=\"yoast-schema-graph\">{\"@context\":\"https:\/\/schema.org\",\"@graph\":[{\"@type\":\"WebPage\",\"@id\":\"https:\/\/ncbeauty.fr\/produit\/gaine-amincissante-ada\/\",\"url\":\"https:\/\/ncbeauty.fr\/produit\/gaine-amincissante-ada\/\",\"name\":\"Gaine amincissante ADA - NC BEAUTY\",\"isPartOf\":{\"@id\":\"https:\/\/ncbeauty.fr\/#website\"},\"primaryImageOfPage\":{\"@id\":\"https:\/\/ncbeauty.fr\/produit\/gaine-amincissante-ada\/#primaryimage\"},\"image\":{\"@id\":\"https:\/\/ncbeauty.fr\/produit\/gaine-amincissante-ada\/#primaryimage\"},\"thumbnailUrl\":\"https:\/\/ncbeauty.fr\/choaweex\/2022\/07\/1606188034104.webp\",\"datePublished\":\"2023-10-07T11:08:38+00:00\",\"dateModified\":\"2025-12-22T11:54:37+00:00\",\"breadcrumb\":{\"@id\":\"https:\/\/ncbeauty.fr\/produit\/gaine-amincissante-ada\/#breadcrumb\"},\"inLanguage\":\"en-US\",\"potentialAction\":[{\"@type\":\"ReadAction\",\"target\":[\"https:\/\/ncbeauty.fr\/produit\/gaine-amincissante-ada\/\"]}]},{\"@type\":\"ImageObject\",\"inLanguage\":\"en-US\",\"@id\":\"https:\/\/ncbeauty.fr\/produit\/gaine-amincissante-ada\/#primaryimage\",\"url\":\"https:\/\/ncbeauty.fr\/choaweex\/2022\/07\/1606188034104.webp\",\"contentUrl\":\"https:\/\/ncbeauty.fr\/choaweex\/2022\/07\/1606188034104.webp\",\"width\":454,\"height\":462},{\"@type\":\"BreadcrumbList\",\"@id\":\"https:\/\/ncbeauty.fr\/produit\/gaine-amincissante-ada\/#breadcrumb\",\"itemListElement\":[{\"@type\":\"ListItem\",\"position\":1,\"name\":\"Accueil\",\"item\":\"https:\/\/ncbeauty.fr\/\"},{\"@type\":\"ListItem\",\"position\":2,\"name\":\"Shop\",\"item\":\"https:\/\/ncbeauty.fr\/boutique\/\"},{\"@type\":\"ListItem\",\"position\":3,\"name\":\"Gaine amincissante ADA\"}]},{\"@type\":\"WebSite\",\"@id\":\"https:\/\/ncbeauty.fr\/#website\",\"url\":\"https:\/\/ncbeauty.fr\/\",\"name\":\"NC BEAUTY\",\"description\":\"NC BEAUTY\",\"potentialAction\":[{\"@type\":\"SearchAction\",\"target\":{\"@type\":\"EntryPoint\",\"urlTemplate\":\"https:\/\/ncbeauty.fr\/?s={search_term_string}\"},\"query-input\":{\"@type\":\"PropertyValueSpecification\",\"valueRequired\":true,\"valueName\":\"search_term_string\"}}],\"inLanguage\":\"en-US\"}]}<\/script>\n","yoast_head_json":{"title":"Gaine amincissante ADA - NC BEAUTY","robots":{"index":"index","follow":"follow","max-snippet":"max-snippet:-1","max-image-preview":"max-image-preview:large","max-video-preview":"max-video-preview:-1"},"canonical":"https:\/\/ncbeauty.fr\/produit\/gaine-amincissante-ada\/","og_locale":"en_US","og_type":"article","og_title":"Gaine amincissante ADA - NC BEAUTY","og_description":"Vous cherchez une gaine amincissante est confortable pour toutes vos occasions, le mod\u00e8le ADA est fait pour vous D\u00e9couvrez l'\u00e9l\u00e9gance et le confort ultimes avec la gaine amincissante ADA. Confectionn\u00e9e avec soin \u00e0 partir de latex de qualit\u00e9 sup\u00e9rieure et de double coton, elle allie parfaitement maintien et douceur. Sculptez votre silhouette avec gr\u00e2ce et aisance gr\u00e2ce \u00e0 son design continu, vous offrant une taille de gu\u00eape instantan\u00e9e. Sous les v\u00eatements, elle reste discr\u00e8te, vous assurant une allure impeccable en toutes circonstances. Avec son syst\u00e8me de fermeture \u00e0 triple niveau de crochets, ajustez-la \u00e0 votre convenance, pour un maintien parfait lors de vos activit\u00e9s quotidiennes ou de vos s\u00e9ances de sport.","og_url":"https:\/\/ncbeauty.fr\/produit\/gaine-amincissante-ada\/","og_site_name":"NC BEAUTY","article_modified_time":"2025-12-22T11:54:37+00:00","og_image":[{"width":454,"height":462,"url":"https:\/\/ncbeauty.fr\/choaweex\/2022\/07\/1606188034104.webp","type":"image\/webp"}],"twitter_card":"summary_large_image","twitter_misc":{"Est. reading time":"1 minute"},"schema":{"@context":"https:\/\/schema.org","@graph":[{"@type":"WebPage","@id":"https:\/\/ncbeauty.fr\/produit\/gaine-amincissante-ada\/","url":"https:\/\/ncbeauty.fr\/produit\/gaine-amincissante-ada\/","name":"Gaine amincissante ADA - NC BEAUTY","isPartOf":{"@id":"https:\/\/ncbeauty.fr\/#website"},"primaryImageOfPage":{"@id":"https:\/\/ncbeauty.fr\/produit\/gaine-amincissante-ada\/#primaryimage"},"image":{"@id":"https:\/\/ncbeauty.fr\/produit\/gaine-amincissante-ada\/#primaryimage"},"thumbnailUrl":"https:\/\/ncbeauty.fr\/choaweex\/2022\/07\/1606188034104.webp","datePublished":"2023-10-07T11:08:38+00:00","dateModified":"2025-12-22T11:54:37+00:00","breadcrumb":{"@id":"https:\/\/ncbeauty.fr\/produit\/gaine-amincissante-ada\/#breadcrumb"},"inLanguage":"en-US","potentialAction":[{"@type":"ReadAction","target":["https:\/\/ncbeauty.fr\/produit\/gaine-amincissante-ada\/"]}]},{"@type":"ImageObject","inLanguage":"en-US","@id":"https:\/\/ncbeauty.fr\/produit\/gaine-amincissante-ada\/#primaryimage","url":"https:\/\/ncbeauty.fr\/choaweex\/2022\/07\/1606188034104.webp","contentUrl":"https:\/\/ncbeauty.fr\/choaweex\/2022\/07\/1606188034104.webp","width":454,"height":462},{"@type":"BreadcrumbList","@id":"https:\/\/ncbeauty.fr\/produit\/gaine-amincissante-ada\/#breadcrumb","itemListElement":[{"@type":"ListItem","position":1,"name":"Accueil","item":"https:\/\/ncbeauty.fr\/"},{"@type":"ListItem","position":2,"name":"Shop","item":"https:\/\/ncbeauty.fr\/boutique\/"},{"@type":"ListItem","position":3,"name":"Gaine amincissante ADA"}]},{"@type":"WebSite","@id":"https:\/\/ncbeauty.fr\/#website","url":"https:\/\/ncbeauty.fr\/","name":"NC BEAUTY","description":"NC BEAUTY","potentialAction":[{"@type":"SearchAction","target":{"@type":"EntryPoint","urlTemplate":"https:\/\/ncbeauty.fr\/?s={search_term_string}"},"query-input":{"@type":"PropertyValueSpecification","valueRequired":true,"valueName":"search_term_string"}}],"inLanguage":"en-US"}]}},"jetpack_sharing_enabled":true,"_links":{"self":[{"href":"https:\/\/ncbeauty.fr\/en\/wp-json\/wp\/v2\/product\/1472","targetHints":{"allow":["GET"]}}],"collection":[{"href":"https:\/\/ncbeauty.fr\/en\/wp-json\/wp\/v2\/product"}],"about":[{"href":"https:\/\/ncbeauty.fr\/en\/wp-json\/wp\/v2\/types\/product"}],"replies":[{"embeddable":true,"href":"https:\/\/ncbeauty.fr\/en\/wp-json\/wp\/v2\/comments?post=1472"}],"wp:featuredmedia":[{"embeddable":true,"href":"https:\/\/ncbeauty.fr\/en\/wp-json\/wp\/v2\/media\/263"}],"wp:attachment":[{"href":"https:\/\/ncbeauty.fr\/en\/wp-json\/wp\/v2\/media?parent=1472"}],"wp:term":[{"taxonomy":"product_brand","embeddable":true,"href":"https:\/\/ncbeauty.fr\/en\/wp-json\/wp\/v2\/product_brand?post=1472"},{"taxonomy":"product_cat","embeddable":true,"href":"https:\/\/ncbeauty.fr\/en\/wp-json\/wp\/v2\/product_cat?post=1472"},{"taxonomy":"product_tag","embeddable":true,"href":"https:\/\/ncbeauty.fr\/en\/wp-json\/wp\/v2\/product_tag?post=1472"}],"curies":[{"name":"wp","href":"https:\/\/api.w.org\/{rel}","templated":true}]}}