{"id":1603,"date":"2023-10-26T23:21:16","date_gmt":"2023-10-26T23:21:16","guid":{"rendered":"https:\/\/ncbeauty.fr\/?post_type=product&#038;p=1603"},"modified":"2026-04-12T18:10:04","modified_gmt":"2026-04-12T18:10:04","slug":"gelules-perte-de-poid","status":"publish","type":"product","link":"https:\/\/ncbeauty.fr\/en\/produit\/gelules-perte-de-poid\/","title":{"rendered":"G\u00c9LULES PERTE DE POID"},"content":{"rendered":"<p><b>AVANTAGES\u00a0<\/b><\/p>\n<ul>\n<li>fibres et herbes naturellement nettoyantes<\/li>\n<\/ul>\n<ul>\n<li>biotiques et enzymes pour la sant\u00e9 intestinale<\/li>\n<\/ul>\n<ul>\n<li>m\u00e9lange d\u2019herbes apaisantes et d\u00e9toxifiantes<\/li>\n<li>sant\u00e9 de la colonne et gestion du poids<\/li>\n<\/ul>\n<p><b>INGR\u00c9DIENTS<\/b><\/p>\n<p>extraits de feuilles de s\u00e9n\u00e9, extrait de Garcinia cambogia, \u00a0 extrait de baies d\u2019a\u00e7ait, extraits de the vert, feuille de lotous<\/p>\n<p><b>Mode d\u2019utilisation :<\/b><\/p>\n<p><b>60 comprime \u00e0 prendre 2 fois 6 matin<\/b><b> midi et soir<\/b><\/p>\n","protected":false},"excerpt":{"rendered":"<p>D\u00e9couvrez nos <strong>g\u00e9lules Perte de Poids<\/strong>, con\u00e7ues pour ceux d\u00e9sirant <strong>\u00e9liminer les graisses<\/strong> et atteindre leurs objectifs <strong>minceur<\/strong> efficacement. Formul\u00e9es avec soin, ces g\u00e9lules sont un alli\u00e9 pr\u00e9cieux dans votre parcours de perte de poids. Leur composition minutieusement \u00e9tudi\u00e9e vous permettra d&#8217;atteindre vos objectifs plus rapidement, tout en respectant votre bien-\u00eatre. Faites confiance \u00e0 notre produit pour accompagner votre d\u00e9marche vers une silhouette plus saine et \u00e9quilibr\u00e9e.<\/p>\n<ul>\n<li><b>Produit de haute qualit\u00e9\u00a0<\/b><\/li>\n<\/ul>\n<ul>\n<li><b>Am\u00e9liore l&#8217;oxyg\u00e9nation et la r\u00e9cup\u00e9ration des muscles<\/b><\/li>\n<\/ul>\n<ul>\n<li><b>Action br\u00fble-graisse et perte de poids<\/b><\/li>\n<li><b>Propri\u00e9t\u00e9s antioxydantes<\/b><\/li>\n<\/ul>\n","protected":false},"featured_media":5757,"comment_status":"open","ping_status":"closed","template":"","meta":{"_monsterinsights_skip_tracking":false,"_monsterinsights_sitenote_active":false,"_monsterinsights_sitenote_note":"","_monsterinsights_sitenote_category":0,"site-sidebar-layout":"default","site-content-layout":"","ast-site-content-layout":"default","site-content-style":"default","site-sidebar-style":"default","ast-global-header-display":"","ast-banner-title-visibility":"","ast-main-header-display":"","ast-hfb-above-header-display":"","ast-hfb-below-header-display":"","ast-hfb-mobile-header-display":"","site-post-title":"","ast-breadcrumbs-content":"","ast-featured-img":"","footer-sml-layout":"","theme-transparent-header-meta":"default","adv-header-id-meta":"","stick-header-meta":"","header-above-stick-meta":"","header-main-stick-meta":"","header-below-stick-meta":"","astra-migrate-meta-layouts":"set","ast-page-background-enabled":"default","ast-page-background-meta":{"desktop":{"background-color":"var(--ast-global-color-4)","background-image":"","background-repeat":"repeat","background-position":"center center","background-size":"auto","background-attachment":"scroll","background-type":"","background-media":"","overlay-type":"","overlay-color":"","overlay-opacity":"","overlay-gradient":""},"tablet":{"background-color":"","background-image":"","background-repeat":"repeat","background-position":"center center","background-size":"auto","background-attachment":"scroll","background-type":"","background-media":"","overlay-type":"","overlay-color":"","overlay-opacity":"","overlay-gradient":""},"mobile":{"background-color":"","background-image":"","background-repeat":"repeat","background-position":"center center","background-size":"auto","background-attachment":"scroll","background-type":"","background-media":"","overlay-type":"","overlay-color":"","overlay-opacity":"","overlay-gradient":""}},"ast-content-background-meta":{"desktop":{"background-color":"var(--ast-global-color-5)","background-image":"","background-repeat":"repeat","background-position":"center center","background-size":"auto","background-attachment":"scroll","background-type":"","background-media":"","overlay-type":"","overlay-color":"","overlay-opacity":"","overlay-gradient":""},"tablet":{"background-color":"var(--ast-global-color-5)","background-image":"","background-repeat":"repeat","background-position":"center center","background-size":"auto","background-attachment":"scroll","background-type":"","background-media":"","overlay-type":"","overlay-color":"","overlay-opacity":"","overlay-gradient":""},"mobile":{"background-color":"var(--ast-global-color-5)","background-image":"","background-repeat":"repeat","background-position":"center center","background-size":"auto","background-attachment":"scroll","background-type":"","background-media":"","overlay-type":"","overlay-color":"","overlay-opacity":"","overlay-gradient":""}},"_joinchat":[]},"product_brand":[],"product_cat":[26],"product_tag":[],"class_list":{"0":"post-1603","1":"product","2":"type-product","3":"status-publish","4":"has-post-thumbnail","6":"product_cat-nos-produits-minceur","7":"desktop-align-left","8":"tablet-align-left","9":"mobile-align-left","10":"tm-has-options","12":"first","13":"instock","14":"featured","15":"taxable","16":"shipping-taxable","17":"purchasable","18":"product-type-simple"},"bundled_by":["5780"],"bundle_stock_status":"instock","bundle_stock_quantity":37,"bundle_virtual":false,"bundle_layout":"","bundle_add_to_cart_form_location":"","bundle_editable_in_cart":false,"bundle_sold_individually_context":"","bundle_item_grouping":"","bundle_min_size":"","bundle_max_size":"","bundle_price":[],"bundled_items":[],"bundle_sell_ids":[],"aioseo_notices":[],"yoast_head":"\n<title>G\u00c9LULES PERTE DE POID - NC BEAUTY<\/title>\n<meta name=\"description\" content=\"Les g\u00e9lules perte de poids haute qualit\u00e9 Am\u00e9liore l\u2019oxyg\u00e9nation et la r\u00e9cup\u00e9ration des musclesAction br\u00fble-graisse et perte de poidsPropri\u00e9t\u00e9s antioxydantes\" \/>\n<meta name=\"robots\" content=\"index, follow, max-snippet:-1, max-image-preview:large, max-video-preview:-1\" \/>\n<link rel=\"canonical\" href=\"https:\/\/ncbeauty.fr\/produit\/gelules-perte-de-poid\/\" \/>\n<meta property=\"og:locale\" content=\"en_US\" \/>\n<meta property=\"og:type\" content=\"article\" \/>\n<meta property=\"og:title\" content=\"G\u00c9LULES PERTE DE POID - NC BEAUTY\" \/>\n<meta property=\"og:description\" content=\"Les g\u00e9lules perte de poids haute qualit\u00e9 Am\u00e9liore l\u2019oxyg\u00e9nation et la r\u00e9cup\u00e9ration des musclesAction br\u00fble-graisse et perte de poidsPropri\u00e9t\u00e9s antioxydantes\" \/>\n<meta property=\"og:url\" content=\"https:\/\/ncbeauty.fr\/produit\/gelules-perte-de-poid\/\" \/>\n<meta property=\"og:site_name\" content=\"NC BEAUTY\" \/>\n<meta property=\"article:modified_time\" content=\"2026-04-12T18:10:04+00:00\" \/>\n<meta property=\"og:image\" content=\"https:\/\/ncbeauty.fr\/choaweex\/2023\/10\/Gelules-perte-de-poids.jpeg\" \/>\n\t<meta property=\"og:image:width\" content=\"1600\" \/>\n\t<meta property=\"og:image:height\" content=\"1600\" \/>\n\t<meta property=\"og:image:type\" content=\"image\/jpeg\" \/>\n<meta name=\"twitter:card\" content=\"summary_large_image\" \/>\n<meta name=\"twitter:label1\" content=\"Est. reading time\" \/>\n\t<meta name=\"twitter:data1\" content=\"1 minute\" \/>\n<script type=\"application\/ld+json\" class=\"yoast-schema-graph\">{\"@context\":\"https:\/\/schema.org\",\"@graph\":[{\"@type\":\"WebPage\",\"@id\":\"https:\/\/ncbeauty.fr\/produit\/gelules-perte-de-poid\/\",\"url\":\"https:\/\/ncbeauty.fr\/produit\/gelules-perte-de-poid\/\",\"name\":\"G\u00c9LULES PERTE DE POID - NC BEAUTY\",\"isPartOf\":{\"@id\":\"https:\/\/ncbeauty.fr\/#website\"},\"primaryImageOfPage\":{\"@id\":\"https:\/\/ncbeauty.fr\/produit\/gelules-perte-de-poid\/#primaryimage\"},\"image\":{\"@id\":\"https:\/\/ncbeauty.fr\/produit\/gelules-perte-de-poid\/#primaryimage\"},\"thumbnailUrl\":\"https:\/\/ncbeauty.fr\/choaweex\/2023\/10\/Gelules-perte-de-poids.jpeg\",\"datePublished\":\"2023-10-26T23:21:16+00:00\",\"dateModified\":\"2026-04-12T18:10:04+00:00\",\"description\":\"Les g\u00e9lules perte de poids haute qualit\u00e9 Am\u00e9liore l\u2019oxyg\u00e9nation et la r\u00e9cup\u00e9ration des musclesAction br\u00fble-graisse et perte de poidsPropri\u00e9t\u00e9s antioxydantes\",\"breadcrumb\":{\"@id\":\"https:\/\/ncbeauty.fr\/produit\/gelules-perte-de-poid\/#breadcrumb\"},\"inLanguage\":\"en-US\",\"potentialAction\":[{\"@type\":\"ReadAction\",\"target\":[\"https:\/\/ncbeauty.fr\/produit\/gelules-perte-de-poid\/\"]}]},{\"@type\":\"ImageObject\",\"inLanguage\":\"en-US\",\"@id\":\"https:\/\/ncbeauty.fr\/produit\/gelules-perte-de-poid\/#primaryimage\",\"url\":\"https:\/\/ncbeauty.fr\/choaweex\/2023\/10\/Gelules-perte-de-poids.jpeg\",\"contentUrl\":\"https:\/\/ncbeauty.fr\/choaweex\/2023\/10\/Gelules-perte-de-poids.jpeg\",\"width\":1600,\"height\":1600},{\"@type\":\"BreadcrumbList\",\"@id\":\"https:\/\/ncbeauty.fr\/produit\/gelules-perte-de-poid\/#breadcrumb\",\"itemListElement\":[{\"@type\":\"ListItem\",\"position\":1,\"name\":\"Accueil\",\"item\":\"https:\/\/ncbeauty.fr\/\"},{\"@type\":\"ListItem\",\"position\":2,\"name\":\"Shop\",\"item\":\"https:\/\/ncbeauty.fr\/boutique\/\"},{\"@type\":\"ListItem\",\"position\":3,\"name\":\"G\u00c9LULES PERTE DE POID\"}]},{\"@type\":\"WebSite\",\"@id\":\"https:\/\/ncbeauty.fr\/#website\",\"url\":\"https:\/\/ncbeauty.fr\/\",\"name\":\"NC BEAUTY\",\"description\":\"NC BEAUTY\",\"potentialAction\":[{\"@type\":\"SearchAction\",\"target\":{\"@type\":\"EntryPoint\",\"urlTemplate\":\"https:\/\/ncbeauty.fr\/?s={search_term_string}\"},\"query-input\":{\"@type\":\"PropertyValueSpecification\",\"valueRequired\":true,\"valueName\":\"search_term_string\"}}],\"inLanguage\":\"en-US\"}]}<\/script>\n","yoast_head_json":{"title":"G\u00c9LULES PERTE DE POID - NC BEAUTY","description":"Les g\u00e9lules perte de poids haute qualit\u00e9 Am\u00e9liore l\u2019oxyg\u00e9nation et la r\u00e9cup\u00e9ration des musclesAction br\u00fble-graisse et perte de poidsPropri\u00e9t\u00e9s antioxydantes","robots":{"index":"index","follow":"follow","max-snippet":"max-snippet:-1","max-image-preview":"max-image-preview:large","max-video-preview":"max-video-preview:-1"},"canonical":"https:\/\/ncbeauty.fr\/produit\/gelules-perte-de-poid\/","og_locale":"en_US","og_type":"article","og_title":"G\u00c9LULES PERTE DE POID - NC BEAUTY","og_description":"Les g\u00e9lules perte de poids haute qualit\u00e9 Am\u00e9liore l\u2019oxyg\u00e9nation et la r\u00e9cup\u00e9ration des musclesAction br\u00fble-graisse et perte de poidsPropri\u00e9t\u00e9s antioxydantes","og_url":"https:\/\/ncbeauty.fr\/produit\/gelules-perte-de-poid\/","og_site_name":"NC BEAUTY","article_modified_time":"2026-04-12T18:10:04+00:00","og_image":[{"width":1600,"height":1600,"url":"https:\/\/ncbeauty.fr\/choaweex\/2023\/10\/Gelules-perte-de-poids.jpeg","type":"image\/jpeg"}],"twitter_card":"summary_large_image","twitter_misc":{"Est. reading time":"1 minute"},"schema":{"@context":"https:\/\/schema.org","@graph":[{"@type":"WebPage","@id":"https:\/\/ncbeauty.fr\/produit\/gelules-perte-de-poid\/","url":"https:\/\/ncbeauty.fr\/produit\/gelules-perte-de-poid\/","name":"G\u00c9LULES PERTE DE POID - NC BEAUTY","isPartOf":{"@id":"https:\/\/ncbeauty.fr\/#website"},"primaryImageOfPage":{"@id":"https:\/\/ncbeauty.fr\/produit\/gelules-perte-de-poid\/#primaryimage"},"image":{"@id":"https:\/\/ncbeauty.fr\/produit\/gelules-perte-de-poid\/#primaryimage"},"thumbnailUrl":"https:\/\/ncbeauty.fr\/choaweex\/2023\/10\/Gelules-perte-de-poids.jpeg","datePublished":"2023-10-26T23:21:16+00:00","dateModified":"2026-04-12T18:10:04+00:00","description":"Les g\u00e9lules perte de poids haute qualit\u00e9 Am\u00e9liore l\u2019oxyg\u00e9nation et la r\u00e9cup\u00e9ration des musclesAction br\u00fble-graisse et perte de poidsPropri\u00e9t\u00e9s antioxydantes","breadcrumb":{"@id":"https:\/\/ncbeauty.fr\/produit\/gelules-perte-de-poid\/#breadcrumb"},"inLanguage":"en-US","potentialAction":[{"@type":"ReadAction","target":["https:\/\/ncbeauty.fr\/produit\/gelules-perte-de-poid\/"]}]},{"@type":"ImageObject","inLanguage":"en-US","@id":"https:\/\/ncbeauty.fr\/produit\/gelules-perte-de-poid\/#primaryimage","url":"https:\/\/ncbeauty.fr\/choaweex\/2023\/10\/Gelules-perte-de-poids.jpeg","contentUrl":"https:\/\/ncbeauty.fr\/choaweex\/2023\/10\/Gelules-perte-de-poids.jpeg","width":1600,"height":1600},{"@type":"BreadcrumbList","@id":"https:\/\/ncbeauty.fr\/produit\/gelules-perte-de-poid\/#breadcrumb","itemListElement":[{"@type":"ListItem","position":1,"name":"Accueil","item":"https:\/\/ncbeauty.fr\/"},{"@type":"ListItem","position":2,"name":"Shop","item":"https:\/\/ncbeauty.fr\/boutique\/"},{"@type":"ListItem","position":3,"name":"G\u00c9LULES PERTE DE POID"}]},{"@type":"WebSite","@id":"https:\/\/ncbeauty.fr\/#website","url":"https:\/\/ncbeauty.fr\/","name":"NC BEAUTY","description":"NC BEAUTY","potentialAction":[{"@type":"SearchAction","target":{"@type":"EntryPoint","urlTemplate":"https:\/\/ncbeauty.fr\/?s={search_term_string}"},"query-input":{"@type":"PropertyValueSpecification","valueRequired":true,"valueName":"search_term_string"}}],"inLanguage":"en-US"}]}},"jetpack_sharing_enabled":true,"_links":{"self":[{"href":"https:\/\/ncbeauty.fr\/en\/wp-json\/wp\/v2\/product\/1603","targetHints":{"allow":["GET"]}}],"collection":[{"href":"https:\/\/ncbeauty.fr\/en\/wp-json\/wp\/v2\/product"}],"about":[{"href":"https:\/\/ncbeauty.fr\/en\/wp-json\/wp\/v2\/types\/product"}],"replies":[{"embeddable":true,"href":"https:\/\/ncbeauty.fr\/en\/wp-json\/wp\/v2\/comments?post=1603"}],"wp:featuredmedia":[{"embeddable":true,"href":"https:\/\/ncbeauty.fr\/en\/wp-json\/wp\/v2\/media\/5757"}],"wp:attachment":[{"href":"https:\/\/ncbeauty.fr\/en\/wp-json\/wp\/v2\/media?parent=1603"}],"wp:term":[{"taxonomy":"product_brand","embeddable":true,"href":"https:\/\/ncbeauty.fr\/en\/wp-json\/wp\/v2\/product_brand?post=1603"},{"taxonomy":"product_cat","embeddable":true,"href":"https:\/\/ncbeauty.fr\/en\/wp-json\/wp\/v2\/product_cat?post=1603"},{"taxonomy":"product_tag","embeddable":true,"href":"https:\/\/ncbeauty.fr\/en\/wp-json\/wp\/v2\/product_tag?post=1603"}],"curies":[{"name":"wp","href":"https:\/\/api.w.org\/{rel}","templated":true}]}}