{"id":1823,"date":"2023-11-27T22:41:15","date_gmt":"2023-11-27T22:41:15","guid":{"rendered":"https:\/\/ncbeauty.fr\/?post_type=product&#038;p=1823"},"modified":"2025-07-29T09:51:53","modified_gmt":"2025-07-29T09:51:53","slug":"kaolin-fessier","status":"publish","type":"product","link":"https:\/\/ncbeauty.fr\/en\/produit\/kaolin-fessier\/","title":{"rendered":"CAOLIN FESSIER"},"content":{"rendered":"<h3 data-start=\"154\" data-end=\"185\">\u2705 Compatibilit\u00e9 et S\u00e9curit\u00e9<\/h3>\n<p data-start=\"187\" data-end=\"423\">Ce produit est <strong data-start=\"202\" data-end=\"266\">compatible avec les femmes enceintes et celles qui allaitent<\/strong>.<br data-start=\"267\" data-end=\"270\" \/>Il est <strong data-start=\"277\" data-end=\"306\">sans danger pour la sant\u00e9<\/strong> et <strong data-start=\"310\" data-end=\"340\">non agressif pour le corps<\/strong>. Formul\u00e9 \u00e0 base d&#8217;ingr\u00e9dients naturels, il respecte votre peau et votre bien-\u00eatre.<\/p>\n<h3 data-start=\"425\" data-end=\"454\">\ud83e\uddf4 Conseils d\u2019utilisation<\/h3>\n<ul data-start=\"456\" data-end=\"580\">\n<li data-start=\"456\" data-end=\"518\">\n<p data-start=\"458\" data-end=\"518\">Commencez avec <strong data-start=\"473\" data-end=\"494\">2 doses de kaolin<\/strong> pour d\u00e9buter la cure.<\/p>\n<\/li>\n<li data-start=\"519\" data-end=\"580\">\n<p data-start=\"521\" data-end=\"580\">Pour un <strong data-start=\"529\" data-end=\"549\">r\u00e9sultat maximal<\/strong>, utilisez jusqu\u2019\u00e0 <strong data-start=\"568\" data-end=\"579\">4 doses<\/strong>.<\/p>\n<\/li>\n<\/ul>\n<h3 data-start=\"582\" data-end=\"607\">\ud83d\udccc Mode d\u2019application<\/h3>\n<ol data-start=\"609\" data-end=\"874\">\n<li data-start=\"609\" data-end=\"681\">\n<p data-start=\"612\" data-end=\"681\"><strong data-start=\"612\" data-end=\"622\">Diluez<\/strong> le kaolin dans un peu d\u2019eau pour obtenir une p\u00e2te lisse.<\/p>\n<\/li>\n<li data-start=\"682\" data-end=\"777\">\n<p data-start=\"685\" data-end=\"777\"><strong data-start=\"685\" data-end=\"698\">Appliquez<\/strong> ensuite avec les mains sur la zone souhait\u00e9e (fesses, seins, mollets, etc.).<\/p>\n<\/li>\n<li data-start=\"778\" data-end=\"874\">\n<p data-start=\"781\" data-end=\"874\"><strong data-start=\"781\" data-end=\"811\">\u00c0 faire uniquement le soir<\/strong>, pour permettre au produit d\u2019agir en douceur pendant le repos.<\/p>\n<\/li>\n<\/ol>\n","protected":false},"excerpt":{"rendered":"<p>KAOLIN POUR FESSES ,SEINS ,MOLETS fait grossir ce caolin grossir les parties intimes de il et Venu direct du villagetu.<br \/>\nTu as fais des enfants tes seins regardent \u00e0 terre<br \/>\nTes mollets sont trop petits tu ne peux m\u00eame pas te mettre en culotte ou robe sexy..<br \/>\n_kikinette de ton mari est trop petit il n\u2019arrive pas \u00e0 te satisfaire\u2026<br \/>\nce produits et une revollutions<br \/>\nil es ideal pour grossir toutes les partir de corps<br \/>\navec ca tu peux dire baybay au complexes<\/p>\n","protected":false},"featured_media":5764,"comment_status":"open","ping_status":"closed","template":"","meta":{"_monsterinsights_skip_tracking":false,"_monsterinsights_sitenote_active":false,"_monsterinsights_sitenote_note":"","_monsterinsights_sitenote_category":0,"site-sidebar-layout":"default","site-content-layout":"","ast-site-content-layout":"default","site-content-style":"default","site-sidebar-style":"default","ast-global-header-display":"","ast-banner-title-visibility":"","ast-main-header-display":"","ast-hfb-above-header-display":"","ast-hfb-below-header-display":"","ast-hfb-mobile-header-display":"","site-post-title":"","ast-breadcrumbs-content":"","ast-featured-img":"","footer-sml-layout":"","theme-transparent-header-meta":"default","adv-header-id-meta":"","stick-header-meta":"","header-above-stick-meta":"","header-main-stick-meta":"","header-below-stick-meta":"","astra-migrate-meta-layouts":"set","ast-page-background-enabled":"default","ast-page-background-meta":{"desktop":{"background-color":"var(--ast-global-color-4)","background-image":"","background-repeat":"repeat","background-position":"center center","background-size":"auto","background-attachment":"scroll","background-type":"","background-media":"","overlay-type":"","overlay-color":"","overlay-opacity":"","overlay-gradient":""},"tablet":{"background-color":"","background-image":"","background-repeat":"repeat","background-position":"center center","background-size":"auto","background-attachment":"scroll","background-type":"","background-media":"","overlay-type":"","overlay-color":"","overlay-opacity":"","overlay-gradient":""},"mobile":{"background-color":"","background-image":"","background-repeat":"repeat","background-position":"center center","background-size":"auto","background-attachment":"scroll","background-type":"","background-media":"","overlay-type":"","overlay-color":"","overlay-opacity":"","overlay-gradient":""}},"ast-content-background-meta":{"desktop":{"background-color":"var(--ast-global-color-5)","background-image":"","background-repeat":"repeat","background-position":"center center","background-size":"auto","background-attachment":"scroll","background-type":"","background-media":"","overlay-type":"","overlay-color":"","overlay-opacity":"","overlay-gradient":""},"tablet":{"background-color":"var(--ast-global-color-5)","background-image":"","background-repeat":"repeat","background-position":"center center","background-size":"auto","background-attachment":"scroll","background-type":"","background-media":"","overlay-type":"","overlay-color":"","overlay-opacity":"","overlay-gradient":""},"mobile":{"background-color":"var(--ast-global-color-5)","background-image":"","background-repeat":"repeat","background-position":"center center","background-size":"auto","background-attachment":"scroll","background-type":"","background-media":"","overlay-type":"","overlay-color":"","overlay-opacity":"","overlay-gradient":""}},"_joinchat":[]},"product_brand":[],"product_cat":[24],"product_tag":[],"class_list":{"0":"post-1823","1":"product","2":"type-product","3":"status-publish","4":"has-post-thumbnail","6":"product_cat-nos-produits-aphrodisiaque","7":"desktop-align-left","8":"tablet-align-left","9":"mobile-align-left","10":"tm-has-options","12":"first","13":"outofstock","14":"taxable","15":"shipping-taxable","16":"purchasable","17":"product-type-simple"},"bundled_by":["1887"],"bundle_stock_status":"outofstock","bundle_stock_quantity":0,"bundle_virtual":false,"bundle_layout":"","bundle_add_to_cart_form_location":"","bundle_editable_in_cart":false,"bundle_sold_individually_context":"","bundle_item_grouping":"","bundle_min_size":"","bundle_max_size":"","bundle_price":[],"bundled_items":[],"bundle_sell_ids":[],"aioseo_notices":[],"yoast_head":"\n<title>CAOLIN FESSIER - NC BEAUTY<\/title>\n<meta name=\"description\" content=\"Le kaolin fessier es id\u00e9al pour travaill tous les partis de votre corps Ideal aussi pour le 3 pieds de monsieur il vous \u00e9largir cette partie et vous donne\" \/>\n<meta name=\"robots\" content=\"index, follow, max-snippet:-1, max-image-preview:large, max-video-preview:-1\" \/>\n<link rel=\"canonical\" href=\"https:\/\/ncbeauty.fr\/produit\/kaolin-fessier\/\" \/>\n<meta property=\"og:locale\" content=\"en_US\" \/>\n<meta property=\"og:type\" content=\"article\" \/>\n<meta property=\"og:title\" content=\"CAOLIN FESSIER - NC BEAUTY\" \/>\n<meta property=\"og:description\" content=\"Le kaolin fessier es id\u00e9al pour travaill tous les partis de votre corps Ideal aussi pour le 3 pieds de monsieur il vous \u00e9largir cette partie et vous donne\" \/>\n<meta property=\"og:url\" content=\"https:\/\/ncbeauty.fr\/produit\/kaolin-fessier\/\" \/>\n<meta property=\"og:site_name\" content=\"NC BEAUTY\" \/>\n<meta property=\"article:modified_time\" content=\"2025-07-29T09:51:53+00:00\" \/>\n<meta property=\"og:image\" content=\"https:\/\/ncbeauty.fr\/choaweex\/2023\/11\/Photoroom-20240724_184055-1.png\" \/>\n\t<meta property=\"og:image:width\" content=\"1600\" \/>\n\t<meta property=\"og:image:height\" content=\"1600\" \/>\n\t<meta property=\"og:image:type\" content=\"image\/png\" \/>\n<meta name=\"twitter:card\" content=\"summary_large_image\" \/>\n<meta name=\"twitter:label1\" content=\"Est. reading time\" \/>\n\t<meta name=\"twitter:data1\" content=\"1 minute\" \/>\n<script type=\"application\/ld+json\" class=\"yoast-schema-graph\">{\"@context\":\"https:\/\/schema.org\",\"@graph\":[{\"@type\":\"WebPage\",\"@id\":\"https:\/\/ncbeauty.fr\/produit\/kaolin-fessier\/\",\"url\":\"https:\/\/ncbeauty.fr\/produit\/kaolin-fessier\/\",\"name\":\"CAOLIN FESSIER - NC BEAUTY\",\"isPartOf\":{\"@id\":\"https:\/\/ncbeauty.fr\/#website\"},\"primaryImageOfPage\":{\"@id\":\"https:\/\/ncbeauty.fr\/produit\/kaolin-fessier\/#primaryimage\"},\"image\":{\"@id\":\"https:\/\/ncbeauty.fr\/produit\/kaolin-fessier\/#primaryimage\"},\"thumbnailUrl\":\"https:\/\/ncbeauty.fr\/choaweex\/2023\/11\/Photoroom-20240724_184055-1.png\",\"datePublished\":\"2023-11-27T22:41:15+00:00\",\"dateModified\":\"2025-07-29T09:51:53+00:00\",\"description\":\"Le kaolin fessier es id\u00e9al pour travaill tous les partis de votre corps Ideal aussi pour le 3 pieds de monsieur il vous \u00e9largir cette partie et vous donne\",\"breadcrumb\":{\"@id\":\"https:\/\/ncbeauty.fr\/produit\/kaolin-fessier\/#breadcrumb\"},\"inLanguage\":\"en-US\",\"potentialAction\":[{\"@type\":\"ReadAction\",\"target\":[\"https:\/\/ncbeauty.fr\/produit\/kaolin-fessier\/\"]}]},{\"@type\":\"ImageObject\",\"inLanguage\":\"en-US\",\"@id\":\"https:\/\/ncbeauty.fr\/produit\/kaolin-fessier\/#primaryimage\",\"url\":\"https:\/\/ncbeauty.fr\/choaweex\/2023\/11\/Photoroom-20240724_184055-1.png\",\"contentUrl\":\"https:\/\/ncbeauty.fr\/choaweex\/2023\/11\/Photoroom-20240724_184055-1.png\",\"width\":1600,\"height\":1600},{\"@type\":\"BreadcrumbList\",\"@id\":\"https:\/\/ncbeauty.fr\/produit\/kaolin-fessier\/#breadcrumb\",\"itemListElement\":[{\"@type\":\"ListItem\",\"position\":1,\"name\":\"Accueil\",\"item\":\"https:\/\/ncbeauty.fr\/\"},{\"@type\":\"ListItem\",\"position\":2,\"name\":\"Shop\",\"item\":\"https:\/\/ncbeauty.fr\/boutique\/\"},{\"@type\":\"ListItem\",\"position\":3,\"name\":\"CAOLIN FESSIER\"}]},{\"@type\":\"WebSite\",\"@id\":\"https:\/\/ncbeauty.fr\/#website\",\"url\":\"https:\/\/ncbeauty.fr\/\",\"name\":\"NC BEAUTY\",\"description\":\"NC BEAUTY\",\"potentialAction\":[{\"@type\":\"SearchAction\",\"target\":{\"@type\":\"EntryPoint\",\"urlTemplate\":\"https:\/\/ncbeauty.fr\/?s={search_term_string}\"},\"query-input\":{\"@type\":\"PropertyValueSpecification\",\"valueRequired\":true,\"valueName\":\"search_term_string\"}}],\"inLanguage\":\"en-US\"}]}<\/script>\n","yoast_head_json":{"title":"CAOLIN FESSIER - NC BEAUTY","description":"Le kaolin fessier es id\u00e9al pour travaill tous les partis de votre corps Ideal aussi pour le 3 pieds de monsieur il vous \u00e9largir cette partie et vous donne","robots":{"index":"index","follow":"follow","max-snippet":"max-snippet:-1","max-image-preview":"max-image-preview:large","max-video-preview":"max-video-preview:-1"},"canonical":"https:\/\/ncbeauty.fr\/produit\/kaolin-fessier\/","og_locale":"en_US","og_type":"article","og_title":"CAOLIN FESSIER - NC BEAUTY","og_description":"Le kaolin fessier es id\u00e9al pour travaill tous les partis de votre corps Ideal aussi pour le 3 pieds de monsieur il vous \u00e9largir cette partie et vous donne","og_url":"https:\/\/ncbeauty.fr\/produit\/kaolin-fessier\/","og_site_name":"NC BEAUTY","article_modified_time":"2025-07-29T09:51:53+00:00","og_image":[{"width":1600,"height":1600,"url":"https:\/\/ncbeauty.fr\/choaweex\/2023\/11\/Photoroom-20240724_184055-1.png","type":"image\/png"}],"twitter_card":"summary_large_image","twitter_misc":{"Est. reading time":"1 minute"},"schema":{"@context":"https:\/\/schema.org","@graph":[{"@type":"WebPage","@id":"https:\/\/ncbeauty.fr\/produit\/kaolin-fessier\/","url":"https:\/\/ncbeauty.fr\/produit\/kaolin-fessier\/","name":"CAOLIN FESSIER - NC BEAUTY","isPartOf":{"@id":"https:\/\/ncbeauty.fr\/#website"},"primaryImageOfPage":{"@id":"https:\/\/ncbeauty.fr\/produit\/kaolin-fessier\/#primaryimage"},"image":{"@id":"https:\/\/ncbeauty.fr\/produit\/kaolin-fessier\/#primaryimage"},"thumbnailUrl":"https:\/\/ncbeauty.fr\/choaweex\/2023\/11\/Photoroom-20240724_184055-1.png","datePublished":"2023-11-27T22:41:15+00:00","dateModified":"2025-07-29T09:51:53+00:00","description":"Le kaolin fessier es id\u00e9al pour travaill tous les partis de votre corps Ideal aussi pour le 3 pieds de monsieur il vous \u00e9largir cette partie et vous donne","breadcrumb":{"@id":"https:\/\/ncbeauty.fr\/produit\/kaolin-fessier\/#breadcrumb"},"inLanguage":"en-US","potentialAction":[{"@type":"ReadAction","target":["https:\/\/ncbeauty.fr\/produit\/kaolin-fessier\/"]}]},{"@type":"ImageObject","inLanguage":"en-US","@id":"https:\/\/ncbeauty.fr\/produit\/kaolin-fessier\/#primaryimage","url":"https:\/\/ncbeauty.fr\/choaweex\/2023\/11\/Photoroom-20240724_184055-1.png","contentUrl":"https:\/\/ncbeauty.fr\/choaweex\/2023\/11\/Photoroom-20240724_184055-1.png","width":1600,"height":1600},{"@type":"BreadcrumbList","@id":"https:\/\/ncbeauty.fr\/produit\/kaolin-fessier\/#breadcrumb","itemListElement":[{"@type":"ListItem","position":1,"name":"Accueil","item":"https:\/\/ncbeauty.fr\/"},{"@type":"ListItem","position":2,"name":"Shop","item":"https:\/\/ncbeauty.fr\/boutique\/"},{"@type":"ListItem","position":3,"name":"CAOLIN FESSIER"}]},{"@type":"WebSite","@id":"https:\/\/ncbeauty.fr\/#website","url":"https:\/\/ncbeauty.fr\/","name":"NC BEAUTY","description":"NC BEAUTY","potentialAction":[{"@type":"SearchAction","target":{"@type":"EntryPoint","urlTemplate":"https:\/\/ncbeauty.fr\/?s={search_term_string}"},"query-input":{"@type":"PropertyValueSpecification","valueRequired":true,"valueName":"search_term_string"}}],"inLanguage":"en-US"}]}},"jetpack_sharing_enabled":true,"_links":{"self":[{"href":"https:\/\/ncbeauty.fr\/en\/wp-json\/wp\/v2\/product\/1823","targetHints":{"allow":["GET"]}}],"collection":[{"href":"https:\/\/ncbeauty.fr\/en\/wp-json\/wp\/v2\/product"}],"about":[{"href":"https:\/\/ncbeauty.fr\/en\/wp-json\/wp\/v2\/types\/product"}],"replies":[{"embeddable":true,"href":"https:\/\/ncbeauty.fr\/en\/wp-json\/wp\/v2\/comments?post=1823"}],"wp:featuredmedia":[{"embeddable":true,"href":"https:\/\/ncbeauty.fr\/en\/wp-json\/wp\/v2\/media\/5764"}],"wp:attachment":[{"href":"https:\/\/ncbeauty.fr\/en\/wp-json\/wp\/v2\/media?parent=1823"}],"wp:term":[{"taxonomy":"product_brand","embeddable":true,"href":"https:\/\/ncbeauty.fr\/en\/wp-json\/wp\/v2\/product_brand?post=1823"},{"taxonomy":"product_cat","embeddable":true,"href":"https:\/\/ncbeauty.fr\/en\/wp-json\/wp\/v2\/product_cat?post=1823"},{"taxonomy":"product_tag","embeddable":true,"href":"https:\/\/ncbeauty.fr\/en\/wp-json\/wp\/v2\/product_tag?post=1823"}],"curies":[{"name":"wp","href":"https:\/\/api.w.org\/{rel}","templated":true}]}}