{"id":1846,"date":"2023-12-05T20:53:44","date_gmt":"2023-12-05T20:53:44","guid":{"rendered":"https:\/\/ncbeauty.fr\/?post_type=product&#038;p=1846"},"modified":"2025-12-22T11:54:37","modified_gmt":"2025-12-22T11:54:37","slug":"sirop-seins","status":"publish","type":"product","link":"https:\/\/ncbeauty.fr\/en\/produit\/sirop-seins\/","title":{"rendered":"Sirop sein"},"content":{"rendered":"<p>Ce sirop et con\u00e7ue sp\u00e9cialement pour les filles qui chercher avoir une belle poitrine<br \/>\nCe sirop va vous permettrez de prendre du volumen mani\u00e8re cible au niveau de la poitrine .<br \/>\nLe sirop miss lolo grossi votre poitrine de mani\u00e8re naturelle sans effet secondaire<\/p>\n","protected":false},"excerpt":{"rendered":"<p>Ingr\u00e9dients;<br \/>\nMaca kegelia<br \/>\nOrange est des vitamines<\/p>\n<p>Prendre une cuill\u00e8re matin et soir\u00e9e<br \/>\nR\u00e9sultat en 10 jours<br \/>\nPour un maxi r\u00e9sultat prenez 6 bouteilles<\/p>\n","protected":false},"featured_media":8717,"comment_status":"open","ping_status":"closed","template":"","meta":{"_monsterinsights_skip_tracking":false,"_monsterinsights_sitenote_active":false,"_monsterinsights_sitenote_note":"","_monsterinsights_sitenote_category":0,"site-sidebar-layout":"default","site-content-layout":"","ast-site-content-layout":"default","site-content-style":"default","site-sidebar-style":"default","ast-global-header-display":"","ast-banner-title-visibility":"","ast-main-header-display":"","ast-hfb-above-header-display":"","ast-hfb-below-header-display":"","ast-hfb-mobile-header-display":"","site-post-title":"","ast-breadcrumbs-content":"","ast-featured-img":"","footer-sml-layout":"","theme-transparent-header-meta":"default","adv-header-id-meta":"","stick-header-meta":"","header-above-stick-meta":"","header-main-stick-meta":"","header-below-stick-meta":"","astra-migrate-meta-layouts":"set","ast-page-background-enabled":"default","ast-page-background-meta":{"desktop":{"background-color":"var(--ast-global-color-4)","background-image":"","background-repeat":"repeat","background-position":"center center","background-size":"auto","background-attachment":"scroll","background-type":"","background-media":"","overlay-type":"","overlay-color":"","overlay-opacity":"","overlay-gradient":""},"tablet":{"background-color":"","background-image":"","background-repeat":"repeat","background-position":"center center","background-size":"auto","background-attachment":"scroll","background-type":"","background-media":"","overlay-type":"","overlay-color":"","overlay-opacity":"","overlay-gradient":""},"mobile":{"background-color":"","background-image":"","background-repeat":"repeat","background-position":"center center","background-size":"auto","background-attachment":"scroll","background-type":"","background-media":"","overlay-type":"","overlay-color":"","overlay-opacity":"","overlay-gradient":""}},"ast-content-background-meta":{"desktop":{"background-color":"var(--ast-global-color-5)","background-image":"","background-repeat":"repeat","background-position":"center center","background-size":"auto","background-attachment":"scroll","background-type":"","background-media":"","overlay-type":"","overlay-color":"","overlay-opacity":"","overlay-gradient":""},"tablet":{"background-color":"var(--ast-global-color-5)","background-image":"","background-repeat":"repeat","background-position":"center center","background-size":"auto","background-attachment":"scroll","background-type":"","background-media":"","overlay-type":"","overlay-color":"","overlay-opacity":"","overlay-gradient":""},"mobile":{"background-color":"var(--ast-global-color-5)","background-image":"","background-repeat":"repeat","background-position":"center center","background-size":"auto","background-attachment":"scroll","background-type":"","background-media":"","overlay-type":"","overlay-color":"","overlay-opacity":"","overlay-gradient":""}},"_joinchat":[]},"product_brand":[],"product_cat":[106],"product_tag":[100],"class_list":{"0":"post-1846","1":"product","2":"type-product","3":"status-publish","4":"has-post-thumbnail","6":"product_cat-mamaire","7":"product_tag-rondeurs","8":"desktop-align-left","9":"tablet-align-left","10":"mobile-align-left","11":"tm-has-options","13":"first","14":"instock","15":"taxable","16":"shipping-taxable","17":"purchasable","18":"product-type-simple"},"bundled_by":[],"bundle_stock_status":"instock","bundle_stock_quantity":8,"bundle_virtual":false,"bundle_layout":"","bundle_add_to_cart_form_location":"","bundle_editable_in_cart":false,"bundle_sold_individually_context":"","bundle_item_grouping":"","bundle_min_size":"","bundle_max_size":"","bundle_price":[],"bundled_items":[],"bundle_sell_ids":[],"aioseo_notices":[],"yoast_head":"\n<title>Sirop sein - NC BEAUTY<\/title>\n<meta name=\"description\" content=\"Le sirop seins et con\u00e7u uniquement pour travail v\u00f4tre poitrine et vous permet de pass\u00e9 d&#039;un petite taille de bonnet \u00e0 une plus grande il cible que les sein,\" \/>\n<meta name=\"robots\" content=\"index, follow, max-snippet:-1, max-image-preview:large, max-video-preview:-1\" \/>\n<link rel=\"canonical\" href=\"https:\/\/ncbeauty.fr\/produit\/sirop-seins\/\" \/>\n<meta property=\"og:locale\" content=\"en_US\" \/>\n<meta property=\"og:type\" content=\"article\" \/>\n<meta property=\"og:title\" content=\"Sirop sein - NC BEAUTY\" \/>\n<meta property=\"og:description\" content=\"Le sirop seins et con\u00e7u uniquement pour travail v\u00f4tre poitrine et vous permet de pass\u00e9 d&#039;un petite taille de bonnet \u00e0 une plus grande il cible que les sein,\" \/>\n<meta property=\"og:url\" content=\"https:\/\/ncbeauty.fr\/produit\/sirop-seins\/\" \/>\n<meta property=\"og:site_name\" content=\"NC BEAUTY\" \/>\n<meta property=\"article:modified_time\" content=\"2025-12-22T11:54:37+00:00\" \/>\n<meta property=\"og:image\" content=\"https:\/\/ncbeauty.fr\/choaweex\/2023\/12\/Photoroom-20241125_185741.png\" \/>\n\t<meta property=\"og:image:width\" content=\"1500\" \/>\n\t<meta property=\"og:image:height\" content=\"2000\" \/>\n\t<meta property=\"og:image:type\" content=\"image\/png\" \/>\n<meta name=\"twitter:card\" content=\"summary_large_image\" \/>\n<meta name=\"twitter:label1\" content=\"Est. reading time\" \/>\n\t<meta name=\"twitter:data1\" content=\"1 minute\" \/>\n<script type=\"application\/ld+json\" class=\"yoast-schema-graph\">{\"@context\":\"https:\/\/schema.org\",\"@graph\":[{\"@type\":\"WebPage\",\"@id\":\"https:\/\/ncbeauty.fr\/produit\/sirop-seins\/\",\"url\":\"https:\/\/ncbeauty.fr\/produit\/sirop-seins\/\",\"name\":\"Sirop sein - NC BEAUTY\",\"isPartOf\":{\"@id\":\"https:\/\/ncbeauty.fr\/#website\"},\"primaryImageOfPage\":{\"@id\":\"https:\/\/ncbeauty.fr\/produit\/sirop-seins\/#primaryimage\"},\"image\":{\"@id\":\"https:\/\/ncbeauty.fr\/produit\/sirop-seins\/#primaryimage\"},\"thumbnailUrl\":\"https:\/\/ncbeauty.fr\/choaweex\/2023\/12\/Photoroom-20241125_185741.png\",\"datePublished\":\"2023-12-05T20:53:44+00:00\",\"dateModified\":\"2025-12-22T11:54:37+00:00\",\"description\":\"Le sirop seins et con\u00e7u uniquement pour travail v\u00f4tre poitrine et vous permet de pass\u00e9 d'un petite taille de bonnet \u00e0 une plus grande il cible que les sein,\",\"breadcrumb\":{\"@id\":\"https:\/\/ncbeauty.fr\/produit\/sirop-seins\/#breadcrumb\"},\"inLanguage\":\"en-US\",\"potentialAction\":[{\"@type\":\"ReadAction\",\"target\":[\"https:\/\/ncbeauty.fr\/produit\/sirop-seins\/\"]}]},{\"@type\":\"ImageObject\",\"inLanguage\":\"en-US\",\"@id\":\"https:\/\/ncbeauty.fr\/produit\/sirop-seins\/#primaryimage\",\"url\":\"https:\/\/ncbeauty.fr\/choaweex\/2023\/12\/Photoroom-20241125_185741.png\",\"contentUrl\":\"https:\/\/ncbeauty.fr\/choaweex\/2023\/12\/Photoroom-20241125_185741.png\",\"width\":1500,\"height\":2000},{\"@type\":\"BreadcrumbList\",\"@id\":\"https:\/\/ncbeauty.fr\/produit\/sirop-seins\/#breadcrumb\",\"itemListElement\":[{\"@type\":\"ListItem\",\"position\":1,\"name\":\"Accueil\",\"item\":\"https:\/\/ncbeauty.fr\/\"},{\"@type\":\"ListItem\",\"position\":2,\"name\":\"Shop\",\"item\":\"https:\/\/ncbeauty.fr\/boutique\/\"},{\"@type\":\"ListItem\",\"position\":3,\"name\":\"Sirop seins\"}]},{\"@type\":\"WebSite\",\"@id\":\"https:\/\/ncbeauty.fr\/#website\",\"url\":\"https:\/\/ncbeauty.fr\/\",\"name\":\"NC BEAUTY\",\"description\":\"NC BEAUTY\",\"potentialAction\":[{\"@type\":\"SearchAction\",\"target\":{\"@type\":\"EntryPoint\",\"urlTemplate\":\"https:\/\/ncbeauty.fr\/?s={search_term_string}\"},\"query-input\":{\"@type\":\"PropertyValueSpecification\",\"valueRequired\":true,\"valueName\":\"search_term_string\"}}],\"inLanguage\":\"en-US\"}]}<\/script>\n","yoast_head_json":{"title":"Sirop sein - NC BEAUTY","description":"Le sirop seins et con\u00e7u uniquement pour travail v\u00f4tre poitrine et vous permet de pass\u00e9 d'un petite taille de bonnet \u00e0 une plus grande il cible que les sein,","robots":{"index":"index","follow":"follow","max-snippet":"max-snippet:-1","max-image-preview":"max-image-preview:large","max-video-preview":"max-video-preview:-1"},"canonical":"https:\/\/ncbeauty.fr\/produit\/sirop-seins\/","og_locale":"en_US","og_type":"article","og_title":"Sirop sein - NC BEAUTY","og_description":"Le sirop seins et con\u00e7u uniquement pour travail v\u00f4tre poitrine et vous permet de pass\u00e9 d'un petite taille de bonnet \u00e0 une plus grande il cible que les sein,","og_url":"https:\/\/ncbeauty.fr\/produit\/sirop-seins\/","og_site_name":"NC BEAUTY","article_modified_time":"2025-12-22T11:54:37+00:00","og_image":[{"width":1500,"height":2000,"url":"https:\/\/ncbeauty.fr\/choaweex\/2023\/12\/Photoroom-20241125_185741.png","type":"image\/png"}],"twitter_card":"summary_large_image","twitter_misc":{"Est. reading time":"1 minute"},"schema":{"@context":"https:\/\/schema.org","@graph":[{"@type":"WebPage","@id":"https:\/\/ncbeauty.fr\/produit\/sirop-seins\/","url":"https:\/\/ncbeauty.fr\/produit\/sirop-seins\/","name":"Sirop sein - NC BEAUTY","isPartOf":{"@id":"https:\/\/ncbeauty.fr\/#website"},"primaryImageOfPage":{"@id":"https:\/\/ncbeauty.fr\/produit\/sirop-seins\/#primaryimage"},"image":{"@id":"https:\/\/ncbeauty.fr\/produit\/sirop-seins\/#primaryimage"},"thumbnailUrl":"https:\/\/ncbeauty.fr\/choaweex\/2023\/12\/Photoroom-20241125_185741.png","datePublished":"2023-12-05T20:53:44+00:00","dateModified":"2025-12-22T11:54:37+00:00","description":"Le sirop seins et con\u00e7u uniquement pour travail v\u00f4tre poitrine et vous permet de pass\u00e9 d'un petite taille de bonnet \u00e0 une plus grande il cible que les sein,","breadcrumb":{"@id":"https:\/\/ncbeauty.fr\/produit\/sirop-seins\/#breadcrumb"},"inLanguage":"en-US","potentialAction":[{"@type":"ReadAction","target":["https:\/\/ncbeauty.fr\/produit\/sirop-seins\/"]}]},{"@type":"ImageObject","inLanguage":"en-US","@id":"https:\/\/ncbeauty.fr\/produit\/sirop-seins\/#primaryimage","url":"https:\/\/ncbeauty.fr\/choaweex\/2023\/12\/Photoroom-20241125_185741.png","contentUrl":"https:\/\/ncbeauty.fr\/choaweex\/2023\/12\/Photoroom-20241125_185741.png","width":1500,"height":2000},{"@type":"BreadcrumbList","@id":"https:\/\/ncbeauty.fr\/produit\/sirop-seins\/#breadcrumb","itemListElement":[{"@type":"ListItem","position":1,"name":"Accueil","item":"https:\/\/ncbeauty.fr\/"},{"@type":"ListItem","position":2,"name":"Shop","item":"https:\/\/ncbeauty.fr\/boutique\/"},{"@type":"ListItem","position":3,"name":"Sirop seins"}]},{"@type":"WebSite","@id":"https:\/\/ncbeauty.fr\/#website","url":"https:\/\/ncbeauty.fr\/","name":"NC BEAUTY","description":"NC BEAUTY","potentialAction":[{"@type":"SearchAction","target":{"@type":"EntryPoint","urlTemplate":"https:\/\/ncbeauty.fr\/?s={search_term_string}"},"query-input":{"@type":"PropertyValueSpecification","valueRequired":true,"valueName":"search_term_string"}}],"inLanguage":"en-US"}]}},"jetpack_sharing_enabled":true,"_links":{"self":[{"href":"https:\/\/ncbeauty.fr\/en\/wp-json\/wp\/v2\/product\/1846","targetHints":{"allow":["GET"]}}],"collection":[{"href":"https:\/\/ncbeauty.fr\/en\/wp-json\/wp\/v2\/product"}],"about":[{"href":"https:\/\/ncbeauty.fr\/en\/wp-json\/wp\/v2\/types\/product"}],"replies":[{"embeddable":true,"href":"https:\/\/ncbeauty.fr\/en\/wp-json\/wp\/v2\/comments?post=1846"}],"wp:featuredmedia":[{"embeddable":true,"href":"https:\/\/ncbeauty.fr\/en\/wp-json\/wp\/v2\/media\/8717"}],"wp:attachment":[{"href":"https:\/\/ncbeauty.fr\/en\/wp-json\/wp\/v2\/media?parent=1846"}],"wp:term":[{"taxonomy":"product_brand","embeddable":true,"href":"https:\/\/ncbeauty.fr\/en\/wp-json\/wp\/v2\/product_brand?post=1846"},{"taxonomy":"product_cat","embeddable":true,"href":"https:\/\/ncbeauty.fr\/en\/wp-json\/wp\/v2\/product_cat?post=1846"},{"taxonomy":"product_tag","embeddable":true,"href":"https:\/\/ncbeauty.fr\/en\/wp-json\/wp\/v2\/product_tag?post=1846"}],"curies":[{"name":"wp","href":"https:\/\/api.w.org\/{rel}","templated":true}]}}