{"id":2290,"date":"2024-03-01T20:22:40","date_gmt":"2024-03-01T20:22:40","guid":{"rendered":"https:\/\/ncbeauty.fr\/?post_type=product&#038;p=2290"},"modified":"2026-02-27T19:43:15","modified_gmt":"2026-02-27T19:43:15","slug":"the-ventre-plat","status":"publish","type":"product","link":"https:\/\/ncbeauty.fr\/en\/produit\/the-ventre-plat\/","title":{"rendered":"Th\u00e9 ventre plat"},"content":{"rendered":"<h3 data-start=\"204\" data-end=\"273\"><strong data-start=\"210\" data-end=\"273\">Conseils pour un ventre plus plat et des r\u00e9sultats optimaux<\/strong><\/h3>\n<ol data-start=\"275\" data-end=\"1212\">\n<li data-start=\"275\" data-end=\"504\">\n<p data-start=\"278\" data-end=\"350\"><strong data-start=\"278\" data-end=\"333\">Consommez votre th\u00e9 ventre plat 1 \u00e0 2 fois par jour<\/strong>, de pr\u00e9f\u00e9rence :<\/p>\n<ul data-start=\"354\" data-end=\"504\">\n<li data-start=\"354\" data-end=\"421\">\n<p data-start=\"356\" data-end=\"421\">\ud83d\udd57 <strong data-start=\"359\" data-end=\"378\">Le matin \u00e0 jeun<\/strong> pour stimuler la digestion d\u00e8s le r\u00e9veil<\/p>\n<\/li>\n<li data-start=\"425\" data-end=\"504\">\n<p data-start=\"427\" data-end=\"504\">\ud83c\udf19 Ou le <strong data-start=\"436\" data-end=\"459\">soir apr\u00e8s le d\u00eener<\/strong> pour faciliter l\u2019\u00e9limination pendant la nuit<\/p>\n<\/li>\n<\/ul>\n<\/li>\n<li data-start=\"506\" data-end=\"746\">\n<p data-start=\"509\" data-end=\"538\"><strong data-start=\"509\" data-end=\"536\">Utilisation recommand\u00e9e<\/strong> :<\/p>\n<ul data-start=\"542\" data-end=\"746\">\n<li data-start=\"542\" data-end=\"633\">\n<p data-start=\"544\" data-end=\"633\">Faites <strong data-start=\"551\" data-end=\"608\">infuser 1 sachet dans une tasse d\u2019eau chaude (200 ml)<\/strong> pendant 5 \u00e0 7 minutes.<\/p>\n<\/li>\n<li data-start=\"637\" data-end=\"686\">\n<p data-start=\"639\" data-end=\"686\">Buvez chaud ou ti\u00e8de, selon votre pr\u00e9f\u00e9rence.<\/p>\n<\/li>\n<li data-start=\"690\" data-end=\"746\">\n<p data-start=\"692\" data-end=\"746\"><strong data-start=\"692\" data-end=\"717\">Cure de 14 \u00e0 28 jours<\/strong> pour des r\u00e9sultats visibles.<\/p>\n<\/li>\n<\/ul>\n<\/li>\n<li data-start=\"748\" data-end=\"886\">\n<p data-start=\"751\" data-end=\"886\"><strong data-start=\"751\" data-end=\"785\">Hydratez-vous toute la journ\u00e9e<\/strong> \ud83d\udca7<br data-start=\"788\" data-end=\"791\" \/>Boire au moins <strong data-start=\"809\" data-end=\"833\">1,5 \u00e0 2 litres d\u2019eau<\/strong> par jour aide \u00e0 \u00e9liminer les toxines et \u00e0 d\u00e9gonfler.<\/p>\n<\/li>\n<li data-start=\"888\" data-end=\"1051\">\n<p data-start=\"891\" data-end=\"1051\"><strong data-start=\"891\" data-end=\"930\">Adoptez une alimentation \u00e9quilibr\u00e9e<\/strong> \ud83e\udd57<br data-start=\"933\" data-end=\"936\" \/>Privil\u00e9giez les aliments l\u00e9gers, riches en fibres, et \u00e9vitez les aliments trop gras, trop sucr\u00e9s ou industriels.<\/p>\n<\/li>\n<li data-start=\"1053\" data-end=\"1212\">\n<p data-start=\"1056\" data-end=\"1212\"><strong data-start=\"1056\" data-end=\"1085\">Bougez un peu chaque jour<\/strong> \ud83d\udeb6\u200d\u2640\ufe0f<br data-start=\"1091\" data-end=\"1094\" \/>Une marche rapide de 20-30 min ou des exercices cibl\u00e9s (gainage, yoga, abdos doux) renforcent les r\u00e9sultats du th\u00e9.<\/p>\n<\/li>\n<\/ol>\n","protected":false},"excerpt":{"rendered":"<h3 data-start=\"136\" data-end=\"194\">\ud83c\udf3f <strong data-start=\"143\" data-end=\"194\">Th\u00e9 Ventre Plat \u2013 D\u00e9tox &amp; Silhouette Redessin\u00e9e<\/strong><\/h3>\n<p data-start=\"196\" data-end=\"395\">Envie d\u2019un <strong data-start=\"207\" data-end=\"246\">ventre plus plat, l\u00e9ger et d\u00e9gonfl\u00e9<\/strong> ? Le <strong data-start=\"252\" data-end=\"280\">Th\u00e9 Ventre Plat NCBEAUTY<\/strong> est votre alli\u00e9 minceur id\u00e9al pour retrouver une <strong data-start=\"330\" data-end=\"348\">taille affin\u00e9e<\/strong> et une <strong data-start=\"356\" data-end=\"377\">digestion apais\u00e9e<\/strong>, tout en douceur.<\/p>\n<p data-start=\"397\" data-end=\"545\">Ce m\u00e9lange 100 % naturel de <strong data-start=\"425\" data-end=\"450\">plantes d\u00e9toxifiantes<\/strong> et <strong data-start=\"454\" data-end=\"472\">br\u00fble-graisses<\/strong> agit directement sur les ballonnements, la r\u00e9tention d\u2019eau et les exc\u00e8s.<\/p>\n<hr data-start=\"547\" data-end=\"550\" \/>\n<h3 data-start=\"552\" data-end=\"577\">\u2728 <strong data-start=\"558\" data-end=\"575\">Ses bienfaits<\/strong><\/h3>\n<p data-start=\"578\" data-end=\"794\">\u2714 R\u00e9duit les ballonnements et la sensation de ventre gonfl\u00e9<br data-start=\"637\" data-end=\"640\" \/>\u2714 Favorise la digestion et l\u2019\u00e9limination naturelle<br data-start=\"690\" data-end=\"693\" \/>\u2714 Aide \u00e0 br\u00fbler les graisses localis\u00e9es (ventre, taille)<br data-start=\"749\" data-end=\"752\" \/>\u2714 Booster naturel pour un mode de vie sain<\/p>\n","protected":false},"featured_media":5755,"comment_status":"open","ping_status":"closed","template":"","meta":{"_monsterinsights_skip_tracking":false,"_monsterinsights_sitenote_active":false,"_monsterinsights_sitenote_note":"","_monsterinsights_sitenote_category":0,"site-sidebar-layout":"default","site-content-layout":"","ast-site-content-layout":"default","site-content-style":"default","site-sidebar-style":"default","ast-global-header-display":"","ast-banner-title-visibility":"","ast-main-header-display":"","ast-hfb-above-header-display":"","ast-hfb-below-header-display":"","ast-hfb-mobile-header-display":"","site-post-title":"","ast-breadcrumbs-content":"","ast-featured-img":"","footer-sml-layout":"","theme-transparent-header-meta":"default","adv-header-id-meta":"","stick-header-meta":"","header-above-stick-meta":"","header-main-stick-meta":"","header-below-stick-meta":"","astra-migrate-meta-layouts":"set","ast-page-background-enabled":"default","ast-page-background-meta":{"desktop":{"background-color":"var(--ast-global-color-4)","background-image":"","background-repeat":"repeat","background-position":"center center","background-size":"auto","background-attachment":"scroll","background-type":"","background-media":"","overlay-type":"","overlay-color":"","overlay-opacity":"","overlay-gradient":""},"tablet":{"background-color":"","background-image":"","background-repeat":"repeat","background-position":"center center","background-size":"auto","background-attachment":"scroll","background-type":"","background-media":"","overlay-type":"","overlay-color":"","overlay-opacity":"","overlay-gradient":""},"mobile":{"background-color":"","background-image":"","background-repeat":"repeat","background-position":"center center","background-size":"auto","background-attachment":"scroll","background-type":"","background-media":"","overlay-type":"","overlay-color":"","overlay-opacity":"","overlay-gradient":""}},"ast-content-background-meta":{"desktop":{"background-color":"var(--ast-global-color-5)","background-image":"","background-repeat":"repeat","background-position":"center center","background-size":"auto","background-attachment":"scroll","background-type":"","background-media":"","overlay-type":"","overlay-color":"","overlay-opacity":"","overlay-gradient":""},"tablet":{"background-color":"var(--ast-global-color-5)","background-image":"","background-repeat":"repeat","background-position":"center center","background-size":"auto","background-attachment":"scroll","background-type":"","background-media":"","overlay-type":"","overlay-color":"","overlay-opacity":"","overlay-gradient":""},"mobile":{"background-color":"var(--ast-global-color-5)","background-image":"","background-repeat":"repeat","background-position":"center center","background-size":"auto","background-attachment":"scroll","background-type":"","background-media":"","overlay-type":"","overlay-color":"","overlay-opacity":"","overlay-gradient":""}},"_joinchat":[]},"product_brand":[],"product_cat":[24],"product_tag":[105],"class_list":{"0":"post-2290","1":"product","2":"type-product","3":"status-publish","4":"has-post-thumbnail","6":"product_cat-nos-produits-aphrodisiaque","7":"product_tag-perte-de-poids","8":"desktop-align-left","9":"tablet-align-left","10":"mobile-align-left","11":"tm-has-options","13":"first","14":"instock","15":"featured","16":"taxable","17":"shipping-taxable","18":"purchasable","19":"product-type-simple"},"bundled_by":["5780","5946"],"bundle_stock_status":"instock","bundle_stock_quantity":16,"bundle_virtual":false,"bundle_layout":"","bundle_add_to_cart_form_location":"","bundle_editable_in_cart":false,"bundle_sold_individually_context":"","bundle_item_grouping":"","bundle_min_size":"","bundle_max_size":"","bundle_price":[],"bundled_items":[],"bundle_sell_ids":[],"aioseo_notices":[],"yoast_head":"\n<title>Th\u00e9 ventre plat - NC BEAUTY<\/title>\n<meta name=\"robots\" content=\"index, follow, max-snippet:-1, max-image-preview:large, max-video-preview:-1\" \/>\n<link rel=\"canonical\" href=\"https:\/\/ncbeauty.fr\/produit\/the-ventre-plat\/\" \/>\n<meta property=\"og:locale\" content=\"en_US\" \/>\n<meta property=\"og:type\" content=\"article\" \/>\n<meta property=\"og:title\" content=\"Th\u00e9 ventre plat - NC BEAUTY\" \/>\n<meta property=\"og:description\" content=\"\ud83c\udf3f Th\u00e9 Ventre Plat \u2013 D\u00e9tox &amp; Silhouette Redessin\u00e9e Envie d\u2019un ventre plus plat, l\u00e9ger et d\u00e9gonfl\u00e9 ? Le Th\u00e9 Ventre Plat NCBEAUTY est votre alli\u00e9 minceur id\u00e9al pour retrouver une taille affin\u00e9e et une digestion apais\u00e9e, tout en douceur. Ce m\u00e9lange 100 % naturel de plantes d\u00e9toxifiantes et br\u00fble-graisses agit directement sur les ballonnements, la r\u00e9tention d\u2019eau et les exc\u00e8s.     \u2728 Ses bienfaits \u2714 R\u00e9duit les ballonnements et la sensation de ventre gonfl\u00e9\u2714 Favorise la digestion et l\u2019\u00e9limination naturelle\u2714 Aide \u00e0 br\u00fbler les graisses localis\u00e9es (ventre, taille)\u2714 Booster naturel pour un mode de vie sain\" \/>\n<meta property=\"og:url\" content=\"https:\/\/ncbeauty.fr\/produit\/the-ventre-plat\/\" \/>\n<meta property=\"og:site_name\" content=\"NC BEAUTY\" \/>\n<meta property=\"article:modified_time\" content=\"2026-02-27T19:43:15+00:00\" \/>\n<meta property=\"og:image\" content=\"https:\/\/ncbeauty.fr\/choaweex\/2024\/03\/Ventre-plat.jpeg\" \/>\n\t<meta property=\"og:image:width\" content=\"1600\" \/>\n\t<meta property=\"og:image:height\" content=\"1600\" \/>\n\t<meta property=\"og:image:type\" content=\"image\/jpeg\" \/>\n<meta name=\"twitter:card\" content=\"summary_large_image\" \/>\n<meta name=\"twitter:label1\" content=\"Est. reading time\" \/>\n\t<meta name=\"twitter:data1\" content=\"1 minute\" \/>\n<script type=\"application\/ld+json\" class=\"yoast-schema-graph\">{\"@context\":\"https:\/\/schema.org\",\"@graph\":[{\"@type\":\"WebPage\",\"@id\":\"https:\/\/ncbeauty.fr\/produit\/the-ventre-plat\/\",\"url\":\"https:\/\/ncbeauty.fr\/produit\/the-ventre-plat\/\",\"name\":\"Th\u00e9 ventre plat - NC BEAUTY\",\"isPartOf\":{\"@id\":\"https:\/\/ncbeauty.fr\/#website\"},\"primaryImageOfPage\":{\"@id\":\"https:\/\/ncbeauty.fr\/produit\/the-ventre-plat\/#primaryimage\"},\"image\":{\"@id\":\"https:\/\/ncbeauty.fr\/produit\/the-ventre-plat\/#primaryimage\"},\"thumbnailUrl\":\"https:\/\/ncbeauty.fr\/choaweex\/2024\/03\/Ventre-plat.jpeg\",\"datePublished\":\"2024-03-01T20:22:40+00:00\",\"dateModified\":\"2026-02-27T19:43:15+00:00\",\"breadcrumb\":{\"@id\":\"https:\/\/ncbeauty.fr\/produit\/the-ventre-plat\/#breadcrumb\"},\"inLanguage\":\"en-US\",\"potentialAction\":[{\"@type\":\"ReadAction\",\"target\":[\"https:\/\/ncbeauty.fr\/produit\/the-ventre-plat\/\"]}]},{\"@type\":\"ImageObject\",\"inLanguage\":\"en-US\",\"@id\":\"https:\/\/ncbeauty.fr\/produit\/the-ventre-plat\/#primaryimage\",\"url\":\"https:\/\/ncbeauty.fr\/choaweex\/2024\/03\/Ventre-plat.jpeg\",\"contentUrl\":\"https:\/\/ncbeauty.fr\/choaweex\/2024\/03\/Ventre-plat.jpeg\",\"width\":1600,\"height\":1600},{\"@type\":\"BreadcrumbList\",\"@id\":\"https:\/\/ncbeauty.fr\/produit\/the-ventre-plat\/#breadcrumb\",\"itemListElement\":[{\"@type\":\"ListItem\",\"position\":1,\"name\":\"Accueil\",\"item\":\"https:\/\/ncbeauty.fr\/\"},{\"@type\":\"ListItem\",\"position\":2,\"name\":\"Shop\",\"item\":\"https:\/\/ncbeauty.fr\/boutique\/\"},{\"@type\":\"ListItem\",\"position\":3,\"name\":\"Th\u00e9 ventre plat\"}]},{\"@type\":\"WebSite\",\"@id\":\"https:\/\/ncbeauty.fr\/#website\",\"url\":\"https:\/\/ncbeauty.fr\/\",\"name\":\"NC BEAUTY\",\"description\":\"NC BEAUTY\",\"potentialAction\":[{\"@type\":\"SearchAction\",\"target\":{\"@type\":\"EntryPoint\",\"urlTemplate\":\"https:\/\/ncbeauty.fr\/?s={search_term_string}\"},\"query-input\":{\"@type\":\"PropertyValueSpecification\",\"valueRequired\":true,\"valueName\":\"search_term_string\"}}],\"inLanguage\":\"en-US\"}]}<\/script>\n","yoast_head_json":{"title":"Th\u00e9 ventre plat - NC BEAUTY","robots":{"index":"index","follow":"follow","max-snippet":"max-snippet:-1","max-image-preview":"max-image-preview:large","max-video-preview":"max-video-preview:-1"},"canonical":"https:\/\/ncbeauty.fr\/produit\/the-ventre-plat\/","og_locale":"en_US","og_type":"article","og_title":"Th\u00e9 ventre plat - NC BEAUTY","og_description":"\ud83c\udf3f Th\u00e9 Ventre Plat \u2013 D\u00e9tox &amp; Silhouette Redessin\u00e9e Envie d\u2019un ventre plus plat, l\u00e9ger et d\u00e9gonfl\u00e9 ? Le Th\u00e9 Ventre Plat NCBEAUTY est votre alli\u00e9 minceur id\u00e9al pour retrouver une taille affin\u00e9e et une digestion apais\u00e9e, tout en douceur. Ce m\u00e9lange 100 % naturel de plantes d\u00e9toxifiantes et br\u00fble-graisses agit directement sur les ballonnements, la r\u00e9tention d\u2019eau et les exc\u00e8s.     \u2728 Ses bienfaits \u2714 R\u00e9duit les ballonnements et la sensation de ventre gonfl\u00e9\u2714 Favorise la digestion et l\u2019\u00e9limination naturelle\u2714 Aide \u00e0 br\u00fbler les graisses localis\u00e9es (ventre, taille)\u2714 Booster naturel pour un mode de vie sain","og_url":"https:\/\/ncbeauty.fr\/produit\/the-ventre-plat\/","og_site_name":"NC BEAUTY","article_modified_time":"2026-02-27T19:43:15+00:00","og_image":[{"width":1600,"height":1600,"url":"https:\/\/ncbeauty.fr\/choaweex\/2024\/03\/Ventre-plat.jpeg","type":"image\/jpeg"}],"twitter_card":"summary_large_image","twitter_misc":{"Est. reading time":"1 minute"},"schema":{"@context":"https:\/\/schema.org","@graph":[{"@type":"WebPage","@id":"https:\/\/ncbeauty.fr\/produit\/the-ventre-plat\/","url":"https:\/\/ncbeauty.fr\/produit\/the-ventre-plat\/","name":"Th\u00e9 ventre plat - NC BEAUTY","isPartOf":{"@id":"https:\/\/ncbeauty.fr\/#website"},"primaryImageOfPage":{"@id":"https:\/\/ncbeauty.fr\/produit\/the-ventre-plat\/#primaryimage"},"image":{"@id":"https:\/\/ncbeauty.fr\/produit\/the-ventre-plat\/#primaryimage"},"thumbnailUrl":"https:\/\/ncbeauty.fr\/choaweex\/2024\/03\/Ventre-plat.jpeg","datePublished":"2024-03-01T20:22:40+00:00","dateModified":"2026-02-27T19:43:15+00:00","breadcrumb":{"@id":"https:\/\/ncbeauty.fr\/produit\/the-ventre-plat\/#breadcrumb"},"inLanguage":"en-US","potentialAction":[{"@type":"ReadAction","target":["https:\/\/ncbeauty.fr\/produit\/the-ventre-plat\/"]}]},{"@type":"ImageObject","inLanguage":"en-US","@id":"https:\/\/ncbeauty.fr\/produit\/the-ventre-plat\/#primaryimage","url":"https:\/\/ncbeauty.fr\/choaweex\/2024\/03\/Ventre-plat.jpeg","contentUrl":"https:\/\/ncbeauty.fr\/choaweex\/2024\/03\/Ventre-plat.jpeg","width":1600,"height":1600},{"@type":"BreadcrumbList","@id":"https:\/\/ncbeauty.fr\/produit\/the-ventre-plat\/#breadcrumb","itemListElement":[{"@type":"ListItem","position":1,"name":"Accueil","item":"https:\/\/ncbeauty.fr\/"},{"@type":"ListItem","position":2,"name":"Shop","item":"https:\/\/ncbeauty.fr\/boutique\/"},{"@type":"ListItem","position":3,"name":"Th\u00e9 ventre plat"}]},{"@type":"WebSite","@id":"https:\/\/ncbeauty.fr\/#website","url":"https:\/\/ncbeauty.fr\/","name":"NC BEAUTY","description":"NC BEAUTY","potentialAction":[{"@type":"SearchAction","target":{"@type":"EntryPoint","urlTemplate":"https:\/\/ncbeauty.fr\/?s={search_term_string}"},"query-input":{"@type":"PropertyValueSpecification","valueRequired":true,"valueName":"search_term_string"}}],"inLanguage":"en-US"}]}},"jetpack_sharing_enabled":true,"_links":{"self":[{"href":"https:\/\/ncbeauty.fr\/en\/wp-json\/wp\/v2\/product\/2290","targetHints":{"allow":["GET"]}}],"collection":[{"href":"https:\/\/ncbeauty.fr\/en\/wp-json\/wp\/v2\/product"}],"about":[{"href":"https:\/\/ncbeauty.fr\/en\/wp-json\/wp\/v2\/types\/product"}],"replies":[{"embeddable":true,"href":"https:\/\/ncbeauty.fr\/en\/wp-json\/wp\/v2\/comments?post=2290"}],"wp:featuredmedia":[{"embeddable":true,"href":"https:\/\/ncbeauty.fr\/en\/wp-json\/wp\/v2\/media\/5755"}],"wp:attachment":[{"href":"https:\/\/ncbeauty.fr\/en\/wp-json\/wp\/v2\/media?parent=2290"}],"wp:term":[{"taxonomy":"product_brand","embeddable":true,"href":"https:\/\/ncbeauty.fr\/en\/wp-json\/wp\/v2\/product_brand?post=2290"},{"taxonomy":"product_cat","embeddable":true,"href":"https:\/\/ncbeauty.fr\/en\/wp-json\/wp\/v2\/product_cat?post=2290"},{"taxonomy":"product_tag","embeddable":true,"href":"https:\/\/ncbeauty.fr\/en\/wp-json\/wp\/v2\/product_tag?post=2290"}],"curies":[{"name":"wp","href":"https:\/\/api.w.org\/{rel}","templated":true}]}}