{"id":2527,"date":"2024-03-14T04:43:15","date_gmt":"2024-03-14T04:43:15","guid":{"rendered":"https:\/\/ncbeauty.fr\/?post_type=product&#038;p=2527"},"modified":"2026-04-29T07:27:02","modified_gmt":"2026-04-29T07:27:02","slug":"sirop-apouchou","status":"publish","type":"product","link":"https:\/\/ncbeauty.fr\/en\/produit\/sirop-apouchou\/","title":{"rendered":"SIROP APOUCHOU"},"content":{"rendered":"<h3 data-start=\"111\" data-end=\"190\">\ud83c\udf6f <strong data-start=\"118\" data-end=\"188\">Sirop Apoutchou \u2013 Pour une prise de poids naturelle et harmonieuse<\/strong><\/h3>\n<p data-start=\"192\" data-end=\"431\">Le <strong data-start=\"195\" data-end=\"214\">Sirop Apoutchou<\/strong> est sp\u00e9cialement formul\u00e9 pour favoriser une <strong data-start=\"259\" data-end=\"297\">prise de poids rapide et naturelle<\/strong> sur l\u2019ensemble du corps.<br data-start=\"322\" data-end=\"325\" \/>Il contribue \u00e9galement \u00e0 <strong data-start=\"350\" data-end=\"383\">augmenter le volume des seins<\/strong>, sans produits chimiques ni effets secondaires.<\/p>\n<hr data-start=\"433\" data-end=\"436\" \/>\n<h3 data-start=\"438\" data-end=\"466\">\ud83e\uddf4 <strong data-start=\"445\" data-end=\"464\">Mode d\u2019emploi :<\/strong><\/h3>\n<p data-start=\"467\" data-end=\"533\">Prendre <strong data-start=\"475\" data-end=\"499\">2 cuill\u00e8res par jour<\/strong>, de pr\u00e9f\u00e9rence apr\u00e8s les repas.<\/p>\n<p data-start=\"535\" data-end=\"614\">Pour des r\u00e9sultats optimaux, il est recommand\u00e9 d\u2019utiliser <strong data-start=\"593\" data-end=\"613\">3 \u00e0 4 bouteilles<\/strong>.<\/p>\n","protected":false},"excerpt":{"rendered":"<h3 data-start=\"139\" data-end=\"213\"><strong data-start=\"146\" data-end=\"213\">Sirop Apoutchou \u2013 Pour une prise de poids naturelle et compl\u00e8te<\/strong><\/h3>\n<p data-start=\"215\" data-end=\"470\">Le <strong data-start=\"218\" data-end=\"237\">Sirop Apoutchou<\/strong> est con\u00e7u pour celles et ceux qui souhaitent <strong data-start=\"283\" data-end=\"314\">prendre du poids rapidement<\/strong> et de fa\u00e7on naturelle.<br data-start=\"337\" data-end=\"340\" \/>Il agit sur <strong data-start=\"352\" data-end=\"375\">l\u2019ensemble du corps<\/strong>, en favorisant un d\u00e9veloppement harmonieux des formes, y compris au niveau de la <strong data-start=\"457\" data-end=\"469\">poitrine<\/strong>.<\/p>\n<hr data-start=\"472\" data-end=\"475\" \/>\n<h3 data-start=\"477\" data-end=\"505\">\ud83e\uddf4 <strong data-start=\"484\" data-end=\"503\">Mode d\u2019emploi :<\/strong><\/h3>\n<p data-start=\"506\" data-end=\"570\">Prendre <strong data-start=\"514\" data-end=\"538\">2 cuill\u00e8res par jour<\/strong>, de pr\u00e9f\u00e9rence apr\u00e8s les repas.<\/p>\n<p data-start=\"572\" data-end=\"652\">\u2705 Pour de meilleurs r\u00e9sultats, une cure de <strong data-start=\"615\" data-end=\"635\">3 \u00e0 4 bouteilles<\/strong> est recommand\u00e9e.<\/p>\n","protected":false},"featured_media":5717,"comment_status":"open","ping_status":"closed","template":"","meta":{"_monsterinsights_skip_tracking":false,"_monsterinsights_sitenote_active":false,"_monsterinsights_sitenote_note":"","_monsterinsights_sitenote_category":0,"site-sidebar-layout":"default","site-content-layout":"","ast-site-content-layout":"default","site-content-style":"default","site-sidebar-style":"default","ast-global-header-display":"","ast-banner-title-visibility":"","ast-main-header-display":"","ast-hfb-above-header-display":"","ast-hfb-below-header-display":"","ast-hfb-mobile-header-display":"","site-post-title":"","ast-breadcrumbs-content":"","ast-featured-img":"","footer-sml-layout":"","theme-transparent-header-meta":"default","adv-header-id-meta":"","stick-header-meta":"","header-above-stick-meta":"","header-main-stick-meta":"","header-below-stick-meta":"","astra-migrate-meta-layouts":"set","ast-page-background-enabled":"default","ast-page-background-meta":{"desktop":{"background-color":"var(--ast-global-color-4)","background-image":"","background-repeat":"repeat","background-position":"center center","background-size":"auto","background-attachment":"scroll","background-type":"","background-media":"","overlay-type":"","overlay-color":"","overlay-opacity":"","overlay-gradient":""},"tablet":{"background-color":"","background-image":"","background-repeat":"repeat","background-position":"center center","background-size":"auto","background-attachment":"scroll","background-type":"","background-media":"","overlay-type":"","overlay-color":"","overlay-opacity":"","overlay-gradient":""},"mobile":{"background-color":"","background-image":"","background-repeat":"repeat","background-position":"center center","background-size":"auto","background-attachment":"scroll","background-type":"","background-media":"","overlay-type":"","overlay-color":"","overlay-opacity":"","overlay-gradient":""}},"ast-content-background-meta":{"desktop":{"background-color":"var(--ast-global-color-5)","background-image":"","background-repeat":"repeat","background-position":"center center","background-size":"auto","background-attachment":"scroll","background-type":"","background-media":"","overlay-type":"","overlay-color":"","overlay-opacity":"","overlay-gradient":""},"tablet":{"background-color":"var(--ast-global-color-5)","background-image":"","background-repeat":"repeat","background-position":"center center","background-size":"auto","background-attachment":"scroll","background-type":"","background-media":"","overlay-type":"","overlay-color":"","overlay-opacity":"","overlay-gradient":""},"mobile":{"background-color":"var(--ast-global-color-5)","background-image":"","background-repeat":"repeat","background-position":"center center","background-size":"auto","background-attachment":"scroll","background-type":"","background-media":"","overlay-type":"","overlay-color":"","overlay-opacity":"","overlay-gradient":""}},"_joinchat":[]},"product_brand":[],"product_cat":[87],"product_tag":[112],"class_list":{"0":"post-2527","1":"product","2":"type-product","3":"status-publish","4":"has-post-thumbnail","6":"product_cat-prisse-de-poids","7":"product_tag-prises-de-poids","8":"desktop-align-left","9":"tablet-align-left","10":"mobile-align-left","11":"tm-has-options","13":"first","14":"instock","15":"taxable","16":"shipping-taxable","17":"purchasable","18":"product-type-simple"},"bundled_by":["5777","16247"],"bundle_stock_status":"instock","bundle_stock_quantity":21,"bundle_virtual":false,"bundle_layout":"","bundle_add_to_cart_form_location":"","bundle_editable_in_cart":false,"bundle_sold_individually_context":"","bundle_item_grouping":"","bundle_min_size":"","bundle_max_size":"","bundle_price":[],"bundled_items":[],"bundle_sell_ids":[],"aioseo_notices":[],"yoast_head":"\n<title>SIROP APOUCHOU - NC BEAUTY<\/title>\n<meta name=\"description\" content=\"Vous cherchez \u00e0 prendre de la masses sur tout votre corps le sirop apouchou et la pour t&#039;aide le sirop apouchou te permet de prendre de poids rapidement\" \/>\n<meta name=\"robots\" content=\"index, follow, max-snippet:-1, max-image-preview:large, max-video-preview:-1\" \/>\n<link rel=\"canonical\" href=\"https:\/\/ncbeauty.fr\/produit\/sirop-apouchou\/\" \/>\n<meta property=\"og:locale\" content=\"en_US\" \/>\n<meta property=\"og:type\" content=\"article\" \/>\n<meta property=\"og:title\" content=\"SIROP APOUCHOU - NC BEAUTY\" \/>\n<meta property=\"og:description\" content=\"Vous cherchez \u00e0 prendre de la masses sur tout votre corps le sirop apouchou et la pour t&#039;aide le sirop apouchou te permet de prendre de poids rapidement\" \/>\n<meta property=\"og:url\" content=\"https:\/\/ncbeauty.fr\/produit\/sirop-apouchou\/\" \/>\n<meta property=\"og:site_name\" content=\"NC BEAUTY\" \/>\n<meta property=\"article:modified_time\" content=\"2026-04-29T07:27:02+00:00\" \/>\n<meta property=\"og:image\" content=\"https:\/\/ncbeauty.fr\/choaweex\/2024\/08\/Photoroom-20240724_010248.png\" \/>\n\t<meta property=\"og:image:width\" content=\"1600\" \/>\n\t<meta property=\"og:image:height\" content=\"1600\" \/>\n\t<meta property=\"og:image:type\" content=\"image\/png\" \/>\n<meta name=\"twitter:card\" content=\"summary_large_image\" \/>\n<meta name=\"twitter:label1\" content=\"Est. reading time\" \/>\n\t<meta name=\"twitter:data1\" content=\"1 minute\" \/>\n<script type=\"application\/ld+json\" class=\"yoast-schema-graph\">{\"@context\":\"https:\/\/schema.org\",\"@graph\":[{\"@type\":\"WebPage\",\"@id\":\"https:\/\/ncbeauty.fr\/produit\/sirop-apouchou\/\",\"url\":\"https:\/\/ncbeauty.fr\/produit\/sirop-apouchou\/\",\"name\":\"SIROP APOUCHOU - NC BEAUTY\",\"isPartOf\":{\"@id\":\"https:\/\/ncbeauty.fr\/#website\"},\"primaryImageOfPage\":{\"@id\":\"https:\/\/ncbeauty.fr\/produit\/sirop-apouchou\/#primaryimage\"},\"image\":{\"@id\":\"https:\/\/ncbeauty.fr\/produit\/sirop-apouchou\/#primaryimage\"},\"thumbnailUrl\":\"https:\/\/ncbeauty.fr\/choaweex\/2024\/08\/Photoroom-20240724_010248.png\",\"datePublished\":\"2024-03-14T04:43:15+00:00\",\"dateModified\":\"2026-04-29T07:27:02+00:00\",\"description\":\"Vous cherchez \u00e0 prendre de la masses sur tout votre corps le sirop apouchou et la pour t'aide le sirop apouchou te permet de prendre de poids rapidement\",\"breadcrumb\":{\"@id\":\"https:\/\/ncbeauty.fr\/produit\/sirop-apouchou\/#breadcrumb\"},\"inLanguage\":\"en-US\",\"potentialAction\":[{\"@type\":\"ReadAction\",\"target\":[\"https:\/\/ncbeauty.fr\/produit\/sirop-apouchou\/\"]}]},{\"@type\":\"ImageObject\",\"inLanguage\":\"en-US\",\"@id\":\"https:\/\/ncbeauty.fr\/produit\/sirop-apouchou\/#primaryimage\",\"url\":\"https:\/\/ncbeauty.fr\/choaweex\/2024\/08\/Photoroom-20240724_010248.png\",\"contentUrl\":\"https:\/\/ncbeauty.fr\/choaweex\/2024\/08\/Photoroom-20240724_010248.png\",\"width\":1600,\"height\":1600},{\"@type\":\"BreadcrumbList\",\"@id\":\"https:\/\/ncbeauty.fr\/produit\/sirop-apouchou\/#breadcrumb\",\"itemListElement\":[{\"@type\":\"ListItem\",\"position\":1,\"name\":\"Accueil\",\"item\":\"https:\/\/ncbeauty.fr\/\"},{\"@type\":\"ListItem\",\"position\":2,\"name\":\"Shop\",\"item\":\"https:\/\/ncbeauty.fr\/boutique\/\"},{\"@type\":\"ListItem\",\"position\":3,\"name\":\"SIROP APOUCHOU\"}]},{\"@type\":\"WebSite\",\"@id\":\"https:\/\/ncbeauty.fr\/#website\",\"url\":\"https:\/\/ncbeauty.fr\/\",\"name\":\"NC BEAUTY\",\"description\":\"NC BEAUTY\",\"potentialAction\":[{\"@type\":\"SearchAction\",\"target\":{\"@type\":\"EntryPoint\",\"urlTemplate\":\"https:\/\/ncbeauty.fr\/?s={search_term_string}\"},\"query-input\":{\"@type\":\"PropertyValueSpecification\",\"valueRequired\":true,\"valueName\":\"search_term_string\"}}],\"inLanguage\":\"en-US\"}]}<\/script>\n","yoast_head_json":{"title":"SIROP APOUCHOU - NC BEAUTY","description":"Vous cherchez \u00e0 prendre de la masses sur tout votre corps le sirop apouchou et la pour t'aide le sirop apouchou te permet de prendre de poids rapidement","robots":{"index":"index","follow":"follow","max-snippet":"max-snippet:-1","max-image-preview":"max-image-preview:large","max-video-preview":"max-video-preview:-1"},"canonical":"https:\/\/ncbeauty.fr\/produit\/sirop-apouchou\/","og_locale":"en_US","og_type":"article","og_title":"SIROP APOUCHOU - NC BEAUTY","og_description":"Vous cherchez \u00e0 prendre de la masses sur tout votre corps le sirop apouchou et la pour t'aide le sirop apouchou te permet de prendre de poids rapidement","og_url":"https:\/\/ncbeauty.fr\/produit\/sirop-apouchou\/","og_site_name":"NC BEAUTY","article_modified_time":"2026-04-29T07:27:02+00:00","og_image":[{"width":1600,"height":1600,"url":"https:\/\/ncbeauty.fr\/choaweex\/2024\/08\/Photoroom-20240724_010248.png","type":"image\/png"}],"twitter_card":"summary_large_image","twitter_misc":{"Est. reading time":"1 minute"},"schema":{"@context":"https:\/\/schema.org","@graph":[{"@type":"WebPage","@id":"https:\/\/ncbeauty.fr\/produit\/sirop-apouchou\/","url":"https:\/\/ncbeauty.fr\/produit\/sirop-apouchou\/","name":"SIROP APOUCHOU - NC BEAUTY","isPartOf":{"@id":"https:\/\/ncbeauty.fr\/#website"},"primaryImageOfPage":{"@id":"https:\/\/ncbeauty.fr\/produit\/sirop-apouchou\/#primaryimage"},"image":{"@id":"https:\/\/ncbeauty.fr\/produit\/sirop-apouchou\/#primaryimage"},"thumbnailUrl":"https:\/\/ncbeauty.fr\/choaweex\/2024\/08\/Photoroom-20240724_010248.png","datePublished":"2024-03-14T04:43:15+00:00","dateModified":"2026-04-29T07:27:02+00:00","description":"Vous cherchez \u00e0 prendre de la masses sur tout votre corps le sirop apouchou et la pour t'aide le sirop apouchou te permet de prendre de poids rapidement","breadcrumb":{"@id":"https:\/\/ncbeauty.fr\/produit\/sirop-apouchou\/#breadcrumb"},"inLanguage":"en-US","potentialAction":[{"@type":"ReadAction","target":["https:\/\/ncbeauty.fr\/produit\/sirop-apouchou\/"]}]},{"@type":"ImageObject","inLanguage":"en-US","@id":"https:\/\/ncbeauty.fr\/produit\/sirop-apouchou\/#primaryimage","url":"https:\/\/ncbeauty.fr\/choaweex\/2024\/08\/Photoroom-20240724_010248.png","contentUrl":"https:\/\/ncbeauty.fr\/choaweex\/2024\/08\/Photoroom-20240724_010248.png","width":1600,"height":1600},{"@type":"BreadcrumbList","@id":"https:\/\/ncbeauty.fr\/produit\/sirop-apouchou\/#breadcrumb","itemListElement":[{"@type":"ListItem","position":1,"name":"Accueil","item":"https:\/\/ncbeauty.fr\/"},{"@type":"ListItem","position":2,"name":"Shop","item":"https:\/\/ncbeauty.fr\/boutique\/"},{"@type":"ListItem","position":3,"name":"SIROP APOUCHOU"}]},{"@type":"WebSite","@id":"https:\/\/ncbeauty.fr\/#website","url":"https:\/\/ncbeauty.fr\/","name":"NC BEAUTY","description":"NC BEAUTY","potentialAction":[{"@type":"SearchAction","target":{"@type":"EntryPoint","urlTemplate":"https:\/\/ncbeauty.fr\/?s={search_term_string}"},"query-input":{"@type":"PropertyValueSpecification","valueRequired":true,"valueName":"search_term_string"}}],"inLanguage":"en-US"}]}},"jetpack_sharing_enabled":true,"_links":{"self":[{"href":"https:\/\/ncbeauty.fr\/en\/wp-json\/wp\/v2\/product\/2527","targetHints":{"allow":["GET"]}}],"collection":[{"href":"https:\/\/ncbeauty.fr\/en\/wp-json\/wp\/v2\/product"}],"about":[{"href":"https:\/\/ncbeauty.fr\/en\/wp-json\/wp\/v2\/types\/product"}],"replies":[{"embeddable":true,"href":"https:\/\/ncbeauty.fr\/en\/wp-json\/wp\/v2\/comments?post=2527"}],"wp:featuredmedia":[{"embeddable":true,"href":"https:\/\/ncbeauty.fr\/en\/wp-json\/wp\/v2\/media\/5717"}],"wp:attachment":[{"href":"https:\/\/ncbeauty.fr\/en\/wp-json\/wp\/v2\/media?parent=2527"}],"wp:term":[{"taxonomy":"product_brand","embeddable":true,"href":"https:\/\/ncbeauty.fr\/en\/wp-json\/wp\/v2\/product_brand?post=2527"},{"taxonomy":"product_cat","embeddable":true,"href":"https:\/\/ncbeauty.fr\/en\/wp-json\/wp\/v2\/product_cat?post=2527"},{"taxonomy":"product_tag","embeddable":true,"href":"https:\/\/ncbeauty.fr\/en\/wp-json\/wp\/v2\/product_tag?post=2527"}],"curies":[{"name":"wp","href":"https:\/\/api.w.org\/{rel}","templated":true}]}}