{"id":275,"date":"2022-07-29T22:27:47","date_gmt":"2022-07-29T22:27:47","guid":{"rendered":"https:\/\/ncbeauty.fr\/?post_type=product&#038;p=275"},"modified":"2025-12-22T11:54:36","modified_gmt":"2025-12-22T11:54:36","slug":"beurre-de-karite","status":"publish","type":"product","link":"https:\/\/ncbeauty.fr\/en\/produit\/beurre-de-karite\/","title":{"rendered":"CHANTILLY DE KARIT\u00c9"},"content":{"rendered":"<p><span style=\"font-weight: 400\">Le beurre de Karit\u00e9 est reconnu pour ses nombreuses vertus :<\/span><\/p>\n<p><span style=\"font-weight: 400\">Cicatrisant<\/span><\/p>\n<p><span style=\"font-weight: 400\">Nourrissant pour la peau et les cheveux<\/span><\/p>\n<p><span style=\"font-weight: 400\">Protection de la peau contre les agressions ext\u00e9rieures<\/span><\/p>\n<p><span style=\"font-weight: 400\">Am\u00e9liore l\u2019\u00e9lasticit\u00e9 de la peau<\/span><\/p>\n<p><span style=\"font-weight: 400\">Lutte contre les crevasses, ger\u00e7ures, \u2026<\/span><\/p>\n<p><span style=\"font-weight: 400\">Aide \u00e0 traiter, ecz\u00e9ma, psoriasis, vergetures, \u2026<\/span><\/p>\n<p><span style=\"font-weight: 400\">Il peut \u00eatre aussi bien utilis\u00e9 par les adultes que par les enfants. Seul ou associ\u00e9 \u00e0 d\u2019autres ingr\u00e9dients naturels, il y a mille et une fa\u00e7ons de tirer profit de ce tr\u00e9sor.<\/span><\/p>\n<p>&nbsp;<\/p>\n<p><span style=\"font-weight: 400\">Pot de 250ml<\/span><\/p>\n","protected":false},"excerpt":{"rendered":"<p>D\u00e9couvrez la pure essence de l&#8217;authenticit\u00e9 africaine avec notre Chantilly de <strong>Karit\u00e9<\/strong>. Issu des terres riches du Cameroun, <strong>ce tr\u00e9sor naturel est un symbole de tradition et de bien-\u00eatre.<\/strong> Chouchoutez votre peau avec ce <strong>beurre de karit\u00e9<\/strong> non raffin\u00e9, <strong>gorg\u00e9 de vitamines et d&#8217;\u00e9l\u00e9ments nutritifs pr\u00e9cieux<\/strong>, pr\u00e9serv\u00e9s dans leur forme la plus pure. Sa texture onctueuse et son parfum d\u00e9licat vous enveloppent dans une exp\u00e9rience sensorielle exquise, tandis que ses bienfaits nourrissants revitalisent et hydratent votre peau en profondeur. Offrez-vous le luxe d&#8217;une beaut\u00e9 naturelle et \u00e9clatante, en harmonie avec la tradition et la g\u00e9n\u00e9rosit\u00e9 de la nature africaine.<\/p>\n","protected":false},"featured_media":2378,"comment_status":"open","ping_status":"closed","template":"","meta":{"_monsterinsights_skip_tracking":false,"_monsterinsights_sitenote_active":false,"_monsterinsights_sitenote_note":"","_monsterinsights_sitenote_category":0,"site-sidebar-layout":"default","site-content-layout":"","ast-site-content-layout":"default","site-content-style":"default","site-sidebar-style":"default","ast-global-header-display":"","ast-banner-title-visibility":"","ast-main-header-display":"","ast-hfb-above-header-display":"","ast-hfb-below-header-display":"","ast-hfb-mobile-header-display":"","site-post-title":"","ast-breadcrumbs-content":"","ast-featured-img":"","footer-sml-layout":"","theme-transparent-header-meta":"default","adv-header-id-meta":"","stick-header-meta":"","header-above-stick-meta":"","header-main-stick-meta":"","header-below-stick-meta":"","astra-migrate-meta-layouts":"set","ast-page-background-enabled":"default","ast-page-background-meta":{"desktop":{"background-color":"var(--ast-global-color-4)","background-image":"","background-repeat":"repeat","background-position":"center center","background-size":"auto","background-attachment":"scroll","background-type":"","background-media":"","overlay-type":"","overlay-color":"","overlay-opacity":"","overlay-gradient":""},"tablet":{"background-color":"","background-image":"","background-repeat":"repeat","background-position":"center center","background-size":"auto","background-attachment":"scroll","background-type":"","background-media":"","overlay-type":"","overlay-color":"","overlay-opacity":"","overlay-gradient":""},"mobile":{"background-color":"","background-image":"","background-repeat":"repeat","background-position":"center center","background-size":"auto","background-attachment":"scroll","background-type":"","background-media":"","overlay-type":"","overlay-color":"","overlay-opacity":"","overlay-gradient":""}},"ast-content-background-meta":{"desktop":{"background-color":"var(--ast-global-color-5)","background-image":"","background-repeat":"repeat","background-position":"center center","background-size":"auto","background-attachment":"scroll","background-type":"","background-media":"","overlay-type":"","overlay-color":"","overlay-opacity":"","overlay-gradient":""},"tablet":{"background-color":"var(--ast-global-color-5)","background-image":"","background-repeat":"repeat","background-position":"center center","background-size":"auto","background-attachment":"scroll","background-type":"","background-media":"","overlay-type":"","overlay-color":"","overlay-opacity":"","overlay-gradient":""},"mobile":{"background-color":"var(--ast-global-color-5)","background-image":"","background-repeat":"repeat","background-position":"center center","background-size":"auto","background-attachment":"scroll","background-type":"","background-media":"","overlay-type":"","overlay-color":"","overlay-opacity":"","overlay-gradient":""}},"_joinchat":[]},"product_brand":[],"product_cat":[24],"product_tag":[],"class_list":{"0":"post-275","1":"product","2":"type-product","3":"status-publish","4":"has-post-thumbnail","6":"product_cat-nos-produits-aphrodisiaque","7":"desktop-align-left","8":"tablet-align-left","9":"mobile-align-left","10":"tm-has-options","12":"first","13":"instock","14":"taxable","15":"shipping-taxable","16":"purchasable","17":"product-type-simple"},"bundled_by":[],"bundle_stock_status":"instock","bundle_stock_quantity":6,"bundle_virtual":false,"bundle_layout":"","bundle_add_to_cart_form_location":"","bundle_editable_in_cart":false,"bundle_sold_individually_context":"","bundle_item_grouping":"","bundle_min_size":"","bundle_max_size":"","bundle_price":[],"bundled_items":[],"bundle_sell_ids":[],"aioseo_notices":[],"yoast_head":"\n<title>CHANTILLY DE KARIT\u00c9 - NC BEAUTY<\/title>\n<meta name=\"robots\" content=\"index, follow, max-snippet:-1, max-image-preview:large, max-video-preview:-1\" \/>\n<link rel=\"canonical\" href=\"https:\/\/ncbeauty.fr\/produit\/beurre-de-karite\/\" \/>\n<meta property=\"og:locale\" content=\"en_US\" \/>\n<meta property=\"og:type\" content=\"article\" \/>\n<meta property=\"og:title\" content=\"CHANTILLY DE KARIT\u00c9 - NC BEAUTY\" \/>\n<meta property=\"og:description\" content=\"D\u00e9couvrez la pure essence de l&#039;authenticit\u00e9 africaine avec notre Chantilly de Karit\u00e9. Issu des terres riches du Cameroun, ce tr\u00e9sor naturel est un symbole de tradition et de bien-\u00eatre. Chouchoutez votre peau avec ce beurre de karit\u00e9 non raffin\u00e9, gorg\u00e9 de vitamines et d&#039;\u00e9l\u00e9ments nutritifs pr\u00e9cieux, pr\u00e9serv\u00e9s dans leur forme la plus pure. Sa texture onctueuse et son parfum d\u00e9licat vous enveloppent dans une exp\u00e9rience sensorielle exquise, tandis que ses bienfaits nourrissants revitalisent et hydratent votre peau en profondeur. Offrez-vous le luxe d&#039;une beaut\u00e9 naturelle et \u00e9clatante, en harmonie avec la tradition et la g\u00e9n\u00e9rosit\u00e9 de la nature africaine.\" \/>\n<meta property=\"og:url\" content=\"https:\/\/ncbeauty.fr\/produit\/beurre-de-karite\/\" \/>\n<meta property=\"og:site_name\" content=\"NC BEAUTY\" \/>\n<meta property=\"article:modified_time\" content=\"2025-12-22T11:54:36+00:00\" \/>\n<meta property=\"og:image\" content=\"https:\/\/ncbeauty.fr\/choaweex\/2022\/07\/Photoroom-20240306_021001.png\" \/>\n\t<meta property=\"og:image:width\" content=\"1075\" \/>\n\t<meta property=\"og:image:height\" content=\"1155\" \/>\n\t<meta property=\"og:image:type\" content=\"image\/png\" \/>\n<meta name=\"twitter:card\" content=\"summary_large_image\" \/>\n<meta name=\"twitter:label1\" content=\"Est. reading time\" \/>\n\t<meta name=\"twitter:data1\" content=\"1 minute\" \/>\n<script type=\"application\/ld+json\" class=\"yoast-schema-graph\">{\"@context\":\"https:\/\/schema.org\",\"@graph\":[{\"@type\":\"WebPage\",\"@id\":\"https:\/\/ncbeauty.fr\/produit\/beurre-de-karite\/\",\"url\":\"https:\/\/ncbeauty.fr\/produit\/beurre-de-karite\/\",\"name\":\"CHANTILLY DE KARIT\u00c9 - NC BEAUTY\",\"isPartOf\":{\"@id\":\"https:\/\/ncbeauty.fr\/#website\"},\"primaryImageOfPage\":{\"@id\":\"https:\/\/ncbeauty.fr\/produit\/beurre-de-karite\/#primaryimage\"},\"image\":{\"@id\":\"https:\/\/ncbeauty.fr\/produit\/beurre-de-karite\/#primaryimage\"},\"thumbnailUrl\":\"https:\/\/ncbeauty.fr\/choaweex\/2022\/07\/Photoroom-20240306_021001.png\",\"datePublished\":\"2022-07-29T22:27:47+00:00\",\"dateModified\":\"2025-12-22T11:54:36+00:00\",\"breadcrumb\":{\"@id\":\"https:\/\/ncbeauty.fr\/produit\/beurre-de-karite\/#breadcrumb\"},\"inLanguage\":\"en-US\",\"potentialAction\":[{\"@type\":\"ReadAction\",\"target\":[\"https:\/\/ncbeauty.fr\/produit\/beurre-de-karite\/\"]}]},{\"@type\":\"ImageObject\",\"inLanguage\":\"en-US\",\"@id\":\"https:\/\/ncbeauty.fr\/produit\/beurre-de-karite\/#primaryimage\",\"url\":\"https:\/\/ncbeauty.fr\/choaweex\/2022\/07\/Photoroom-20240306_021001.png\",\"contentUrl\":\"https:\/\/ncbeauty.fr\/choaweex\/2022\/07\/Photoroom-20240306_021001.png\",\"width\":1075,\"height\":1155},{\"@type\":\"BreadcrumbList\",\"@id\":\"https:\/\/ncbeauty.fr\/produit\/beurre-de-karite\/#breadcrumb\",\"itemListElement\":[{\"@type\":\"ListItem\",\"position\":1,\"name\":\"Accueil\",\"item\":\"https:\/\/ncbeauty.fr\/\"},{\"@type\":\"ListItem\",\"position\":2,\"name\":\"Shop\",\"item\":\"https:\/\/ncbeauty.fr\/boutique\/\"},{\"@type\":\"ListItem\",\"position\":3,\"name\":\"CHANTILLY DE KARIT\u00c9\"}]},{\"@type\":\"WebSite\",\"@id\":\"https:\/\/ncbeauty.fr\/#website\",\"url\":\"https:\/\/ncbeauty.fr\/\",\"name\":\"NC BEAUTY\",\"description\":\"NC BEAUTY\",\"potentialAction\":[{\"@type\":\"SearchAction\",\"target\":{\"@type\":\"EntryPoint\",\"urlTemplate\":\"https:\/\/ncbeauty.fr\/?s={search_term_string}\"},\"query-input\":{\"@type\":\"PropertyValueSpecification\",\"valueRequired\":true,\"valueName\":\"search_term_string\"}}],\"inLanguage\":\"en-US\"}]}<\/script>\n","yoast_head_json":{"title":"CHANTILLY DE KARIT\u00c9 - NC BEAUTY","robots":{"index":"index","follow":"follow","max-snippet":"max-snippet:-1","max-image-preview":"max-image-preview:large","max-video-preview":"max-video-preview:-1"},"canonical":"https:\/\/ncbeauty.fr\/produit\/beurre-de-karite\/","og_locale":"en_US","og_type":"article","og_title":"CHANTILLY DE KARIT\u00c9 - NC BEAUTY","og_description":"D\u00e9couvrez la pure essence de l'authenticit\u00e9 africaine avec notre Chantilly de Karit\u00e9. Issu des terres riches du Cameroun, ce tr\u00e9sor naturel est un symbole de tradition et de bien-\u00eatre. Chouchoutez votre peau avec ce beurre de karit\u00e9 non raffin\u00e9, gorg\u00e9 de vitamines et d'\u00e9l\u00e9ments nutritifs pr\u00e9cieux, pr\u00e9serv\u00e9s dans leur forme la plus pure. Sa texture onctueuse et son parfum d\u00e9licat vous enveloppent dans une exp\u00e9rience sensorielle exquise, tandis que ses bienfaits nourrissants revitalisent et hydratent votre peau en profondeur. Offrez-vous le luxe d'une beaut\u00e9 naturelle et \u00e9clatante, en harmonie avec la tradition et la g\u00e9n\u00e9rosit\u00e9 de la nature africaine.","og_url":"https:\/\/ncbeauty.fr\/produit\/beurre-de-karite\/","og_site_name":"NC BEAUTY","article_modified_time":"2025-12-22T11:54:36+00:00","og_image":[{"width":1075,"height":1155,"url":"https:\/\/ncbeauty.fr\/choaweex\/2022\/07\/Photoroom-20240306_021001.png","type":"image\/png"}],"twitter_card":"summary_large_image","twitter_misc":{"Est. reading time":"1 minute"},"schema":{"@context":"https:\/\/schema.org","@graph":[{"@type":"WebPage","@id":"https:\/\/ncbeauty.fr\/produit\/beurre-de-karite\/","url":"https:\/\/ncbeauty.fr\/produit\/beurre-de-karite\/","name":"CHANTILLY DE KARIT\u00c9 - NC BEAUTY","isPartOf":{"@id":"https:\/\/ncbeauty.fr\/#website"},"primaryImageOfPage":{"@id":"https:\/\/ncbeauty.fr\/produit\/beurre-de-karite\/#primaryimage"},"image":{"@id":"https:\/\/ncbeauty.fr\/produit\/beurre-de-karite\/#primaryimage"},"thumbnailUrl":"https:\/\/ncbeauty.fr\/choaweex\/2022\/07\/Photoroom-20240306_021001.png","datePublished":"2022-07-29T22:27:47+00:00","dateModified":"2025-12-22T11:54:36+00:00","breadcrumb":{"@id":"https:\/\/ncbeauty.fr\/produit\/beurre-de-karite\/#breadcrumb"},"inLanguage":"en-US","potentialAction":[{"@type":"ReadAction","target":["https:\/\/ncbeauty.fr\/produit\/beurre-de-karite\/"]}]},{"@type":"ImageObject","inLanguage":"en-US","@id":"https:\/\/ncbeauty.fr\/produit\/beurre-de-karite\/#primaryimage","url":"https:\/\/ncbeauty.fr\/choaweex\/2022\/07\/Photoroom-20240306_021001.png","contentUrl":"https:\/\/ncbeauty.fr\/choaweex\/2022\/07\/Photoroom-20240306_021001.png","width":1075,"height":1155},{"@type":"BreadcrumbList","@id":"https:\/\/ncbeauty.fr\/produit\/beurre-de-karite\/#breadcrumb","itemListElement":[{"@type":"ListItem","position":1,"name":"Accueil","item":"https:\/\/ncbeauty.fr\/"},{"@type":"ListItem","position":2,"name":"Shop","item":"https:\/\/ncbeauty.fr\/boutique\/"},{"@type":"ListItem","position":3,"name":"CHANTILLY DE KARIT\u00c9"}]},{"@type":"WebSite","@id":"https:\/\/ncbeauty.fr\/#website","url":"https:\/\/ncbeauty.fr\/","name":"NC BEAUTY","description":"NC BEAUTY","potentialAction":[{"@type":"SearchAction","target":{"@type":"EntryPoint","urlTemplate":"https:\/\/ncbeauty.fr\/?s={search_term_string}"},"query-input":{"@type":"PropertyValueSpecification","valueRequired":true,"valueName":"search_term_string"}}],"inLanguage":"en-US"}]}},"jetpack_sharing_enabled":true,"_links":{"self":[{"href":"https:\/\/ncbeauty.fr\/en\/wp-json\/wp\/v2\/product\/275","targetHints":{"allow":["GET"]}}],"collection":[{"href":"https:\/\/ncbeauty.fr\/en\/wp-json\/wp\/v2\/product"}],"about":[{"href":"https:\/\/ncbeauty.fr\/en\/wp-json\/wp\/v2\/types\/product"}],"replies":[{"embeddable":true,"href":"https:\/\/ncbeauty.fr\/en\/wp-json\/wp\/v2\/comments?post=275"}],"wp:featuredmedia":[{"embeddable":true,"href":"https:\/\/ncbeauty.fr\/en\/wp-json\/wp\/v2\/media\/2378"}],"wp:attachment":[{"href":"https:\/\/ncbeauty.fr\/en\/wp-json\/wp\/v2\/media?parent=275"}],"wp:term":[{"taxonomy":"product_brand","embeddable":true,"href":"https:\/\/ncbeauty.fr\/en\/wp-json\/wp\/v2\/product_brand?post=275"},{"taxonomy":"product_cat","embeddable":true,"href":"https:\/\/ncbeauty.fr\/en\/wp-json\/wp\/v2\/product_cat?post=275"},{"taxonomy":"product_tag","embeddable":true,"href":"https:\/\/ncbeauty.fr\/en\/wp-json\/wp\/v2\/product_tag?post=275"}],"curies":[{"name":"wp","href":"https:\/\/api.w.org\/{rel}","templated":true}]}}