{"id":280,"date":"2022-07-30T07:56:17","date_gmt":"2022-07-30T07:56:17","guid":{"rendered":"https:\/\/ncbeauty.fr\/?post_type=product&#038;p=280"},"modified":"2026-04-09T08:17:42","modified_gmt":"2026-04-09T08:17:42","slug":"creme-bim","status":"publish","type":"product","link":"https:\/\/ncbeauty.fr\/en\/produit\/creme-bim\/","title":{"rendered":"CR\u00c8ME  VOLUMATRICE"},"content":{"rendered":"<h3 data-start=\"258\" data-end=\"287\">\ud83d\udc86\u200d\u2640\ufe0f <strong data-start=\"268\" data-end=\"285\">UTILISATION :<\/strong><\/h3>\n<p data-start=\"288\" data-end=\"499\">Appliquer la cr\u00e8me sur les <strong data-start=\"315\" data-end=\"325\">fesses<\/strong>, les <strong data-start=\"331\" data-end=\"342\">hanches<\/strong> ou les <strong data-start=\"350\" data-end=\"359\">seins<\/strong>.<br data-start=\"360\" data-end=\"363\" \/>Masser de bas en haut, en effectuant des mouvements circulaires pendant <strong data-start=\"435\" data-end=\"448\">5 minutes<\/strong>, <strong data-start=\"450\" data-end=\"469\">2 fois par jour<\/strong>, pendant <strong data-start=\"479\" data-end=\"498\">au moins 2 mois<\/strong>.<\/p>\n<hr data-start=\"501\" data-end=\"504\" \/>\n<h3 data-start=\"506\" data-end=\"531\">\ud83d\udce6 <strong data-start=\"513\" data-end=\"529\">CONTENANCE :<\/strong><\/h3>\n<p data-start=\"532\" data-end=\"599\">250 ml \u2013 une bo\u00eete dure environ <strong data-start=\"564\" data-end=\"574\">1 mois<\/strong> d\u2019utilisation r\u00e9guli\u00e8re.<\/p>\n<hr data-start=\"601\" data-end=\"604\" \/>\n<h3 data-start=\"606\" data-end=\"657\">\ud83d\udca1 <strong data-start=\"613\" data-end=\"655\">CONSEILS POUR DE MEILLEURS R\u00c9SULTATS :<\/strong><\/h3>\n<ul data-start=\"658\" data-end=\"850\">\n<li data-start=\"658\" data-end=\"742\">\n<p data-start=\"660\" data-end=\"742\">Associez la cr\u00e8me au <strong data-start=\"681\" data-end=\"699\">Sirop NCBEAUTY<\/strong> pour des r\u00e9sultats encore plus visibles.<\/p>\n<\/li>\n<li data-start=\"743\" data-end=\"850\">\n<p data-start=\"745\" data-end=\"850\">Pour des <strong data-start=\"754\" data-end=\"779\">fesses bien remont\u00e9es<\/strong>, utilisez la cr\u00e8me en combinaison avec notre <strong data-start=\"825\" data-end=\"849\">gaine remonte-fesses<\/strong>.<\/p>\n<\/li>\n<\/ul>\n","protected":false},"excerpt":{"rendered":"<h3 data-start=\"127\" data-end=\"215\">D\u00e9couvrez l&#8217;\u00e9l\u00e9gance au service de vos courbes avec la <strong data-start=\"188\" data-end=\"213\">Cr\u00e8me Volumisante BIM<\/strong><\/h3>\n<p data-start=\"217\" data-end=\"381\">D\u00e9licatement formul\u00e9e, la <strong data-start=\"243\" data-end=\"256\">Cr\u00e8me BIM<\/strong> sublime les formes que vous aimez : vos <strong data-start=\"297\" data-end=\"320\">fesses voluptueuses<\/strong>, vos <strong data-start=\"326\" data-end=\"345\">seins \u00e9clatants<\/strong> et m\u00eame les <strong data-start=\"358\" data-end=\"378\">creux des fesses<\/strong>.<\/p>\n<p data-start=\"383\" data-end=\"536\">Elle aide \u00e0 <strong data-start=\"395\" data-end=\"416\">combler les creux<\/strong>, <strong data-start=\"418\" data-end=\"445\">att\u00e9nuer les vergetures<\/strong> et <strong data-start=\"449\" data-end=\"492\">r\u00e9duire l\u2019apparence de la peau d\u2019orange<\/strong>, pour une peau lisse, ferme et \u00e9clatante.<\/p>\n<p data-start=\"538\" data-end=\"667\">\ud83d\udc8e Enrichie d\u2019ingr\u00e9dients soigneusement s\u00e9lectionn\u00e9s, elle nourrit intens\u00e9ment la peau et redessine la silhouette avec finesse.<\/p>\n","protected":false},"featured_media":5727,"comment_status":"open","ping_status":"closed","template":"","meta":{"_monsterinsights_skip_tracking":false,"_monsterinsights_sitenote_active":false,"_monsterinsights_sitenote_note":"","_monsterinsights_sitenote_category":0,"site-sidebar-layout":"default","site-content-layout":"","ast-site-content-layout":"default","site-content-style":"default","site-sidebar-style":"default","ast-global-header-display":"","ast-banner-title-visibility":"","ast-main-header-display":"","ast-hfb-above-header-display":"","ast-hfb-below-header-display":"","ast-hfb-mobile-header-display":"","site-post-title":"","ast-breadcrumbs-content":"","ast-featured-img":"","footer-sml-layout":"","theme-transparent-header-meta":"default","adv-header-id-meta":"","stick-header-meta":"","header-above-stick-meta":"","header-main-stick-meta":"","header-below-stick-meta":"","astra-migrate-meta-layouts":"set","ast-page-background-enabled":"default","ast-page-background-meta":{"desktop":{"background-color":"var(--ast-global-color-4)","background-image":"","background-repeat":"repeat","background-position":"center center","background-size":"auto","background-attachment":"scroll","background-type":"","background-media":"","overlay-type":"","overlay-color":"","overlay-opacity":"","overlay-gradient":""},"tablet":{"background-color":"","background-image":"","background-repeat":"repeat","background-position":"center center","background-size":"auto","background-attachment":"scroll","background-type":"","background-media":"","overlay-type":"","overlay-color":"","overlay-opacity":"","overlay-gradient":""},"mobile":{"background-color":"","background-image":"","background-repeat":"repeat","background-position":"center center","background-size":"auto","background-attachment":"scroll","background-type":"","background-media":"","overlay-type":"","overlay-color":"","overlay-opacity":"","overlay-gradient":""}},"ast-content-background-meta":{"desktop":{"background-color":"var(--ast-global-color-5)","background-image":"","background-repeat":"repeat","background-position":"center center","background-size":"auto","background-attachment":"scroll","background-type":"","background-media":"","overlay-type":"","overlay-color":"","overlay-opacity":"","overlay-gradient":""},"tablet":{"background-color":"var(--ast-global-color-5)","background-image":"","background-repeat":"repeat","background-position":"center center","background-size":"auto","background-attachment":"scroll","background-type":"","background-media":"","overlay-type":"","overlay-color":"","overlay-opacity":"","overlay-gradient":""},"mobile":{"background-color":"var(--ast-global-color-5)","background-image":"","background-repeat":"repeat","background-position":"center center","background-size":"auto","background-attachment":"scroll","background-type":"","background-media":"","overlay-type":"","overlay-color":"","overlay-opacity":"","overlay-gradient":""}},"_joinchat":[]},"product_brand":[],"product_cat":[25],"product_tag":[],"class_list":{"0":"post-280","1":"product","2":"type-product","3":"status-publish","4":"has-post-thumbnail","6":"product_cat-nos-produits-rondeur","7":"desktop-align-left","8":"tablet-align-left","9":"mobile-align-left","10":"tm-has-options","12":"first","13":"instock","14":"taxable","15":"shipping-taxable","16":"purchasable","17":"product-type-simple"},"bundled_by":["5782","5773","8728","8724","508","1887","13309"],"bundle_stock_status":"instock","bundle_stock_quantity":85,"bundle_virtual":false,"bundle_layout":"","bundle_add_to_cart_form_location":"","bundle_editable_in_cart":false,"bundle_sold_individually_context":"","bundle_item_grouping":"","bundle_min_size":"","bundle_max_size":"","bundle_price":[],"bundled_items":[],"bundle_sell_ids":[],"aioseo_notices":[],"yoast_head":"\n<title>CR\u00c8ME VOLUMATRICE - NC BEAUTY<\/title>\n<meta name=\"robots\" content=\"index, follow, max-snippet:-1, max-image-preview:large, max-video-preview:-1\" \/>\n<link rel=\"canonical\" href=\"https:\/\/ncbeauty.fr\/produit\/creme-bim\/\" \/>\n<meta property=\"og:locale\" content=\"en_US\" \/>\n<meta property=\"og:type\" content=\"article\" \/>\n<meta property=\"og:title\" content=\"CR\u00c8ME VOLUMATRICE - NC BEAUTY\" \/>\n<meta property=\"og:description\" content=\"D\u00e9couvrez l&#039;\u00e9l\u00e9gance au service de vos courbes avec la Cr\u00e8me Volumisante BIM D\u00e9licatement formul\u00e9e, la Cr\u00e8me BIM sublime les formes que vous aimez : vos fesses voluptueuses, vos seins \u00e9clatants et m\u00eame les creux des fesses. Elle aide \u00e0 combler les creux, att\u00e9nuer les vergetures et r\u00e9duire l\u2019apparence de la peau d\u2019orange, pour une peau lisse, ferme et \u00e9clatante. \ud83d\udc8e Enrichie d\u2019ingr\u00e9dients soigneusement s\u00e9lectionn\u00e9s, elle nourrit intens\u00e9ment la peau et redessine la silhouette avec finesse.\" \/>\n<meta property=\"og:url\" content=\"https:\/\/ncbeauty.fr\/produit\/creme-bim\/\" \/>\n<meta property=\"og:site_name\" content=\"NC BEAUTY\" \/>\n<meta property=\"article:modified_time\" content=\"2026-04-09T08:17:42+00:00\" \/>\n<meta property=\"og:image\" content=\"https:\/\/ncbeauty.fr\/choaweex\/2024\/08\/Photoroom-20240724_191448.png\" \/>\n\t<meta property=\"og:image:width\" content=\"1600\" \/>\n\t<meta property=\"og:image:height\" content=\"1600\" \/>\n\t<meta property=\"og:image:type\" content=\"image\/png\" \/>\n<meta name=\"twitter:card\" content=\"summary_large_image\" \/>\n<meta name=\"twitter:label1\" content=\"Est. reading time\" \/>\n\t<meta name=\"twitter:data1\" content=\"1 minute\" \/>\n<script type=\"application\/ld+json\" class=\"yoast-schema-graph\">{\"@context\":\"https:\/\/schema.org\",\"@graph\":[{\"@type\":\"WebPage\",\"@id\":\"https:\/\/ncbeauty.fr\/produit\/creme-bim\/\",\"url\":\"https:\/\/ncbeauty.fr\/produit\/creme-bim\/\",\"name\":\"CR\u00c8ME VOLUMATRICE - NC BEAUTY\",\"isPartOf\":{\"@id\":\"https:\/\/ncbeauty.fr\/#website\"},\"primaryImageOfPage\":{\"@id\":\"https:\/\/ncbeauty.fr\/produit\/creme-bim\/#primaryimage\"},\"image\":{\"@id\":\"https:\/\/ncbeauty.fr\/produit\/creme-bim\/#primaryimage\"},\"thumbnailUrl\":\"https:\/\/ncbeauty.fr\/choaweex\/2024\/08\/Photoroom-20240724_191448.png\",\"datePublished\":\"2022-07-30T07:56:17+00:00\",\"dateModified\":\"2026-04-09T08:17:42+00:00\",\"breadcrumb\":{\"@id\":\"https:\/\/ncbeauty.fr\/produit\/creme-bim\/#breadcrumb\"},\"inLanguage\":\"en-US\",\"potentialAction\":[{\"@type\":\"ReadAction\",\"target\":[\"https:\/\/ncbeauty.fr\/produit\/creme-bim\/\"]}]},{\"@type\":\"ImageObject\",\"inLanguage\":\"en-US\",\"@id\":\"https:\/\/ncbeauty.fr\/produit\/creme-bim\/#primaryimage\",\"url\":\"https:\/\/ncbeauty.fr\/choaweex\/2024\/08\/Photoroom-20240724_191448.png\",\"contentUrl\":\"https:\/\/ncbeauty.fr\/choaweex\/2024\/08\/Photoroom-20240724_191448.png\",\"width\":1600,\"height\":1600},{\"@type\":\"BreadcrumbList\",\"@id\":\"https:\/\/ncbeauty.fr\/produit\/creme-bim\/#breadcrumb\",\"itemListElement\":[{\"@type\":\"ListItem\",\"position\":1,\"name\":\"Accueil\",\"item\":\"https:\/\/ncbeauty.fr\/\"},{\"@type\":\"ListItem\",\"position\":2,\"name\":\"Shop\",\"item\":\"https:\/\/ncbeauty.fr\/boutique\/\"},{\"@type\":\"ListItem\",\"position\":3,\"name\":\"CR\u00c8ME VOLUMATRICE\"}]},{\"@type\":\"WebSite\",\"@id\":\"https:\/\/ncbeauty.fr\/#website\",\"url\":\"https:\/\/ncbeauty.fr\/\",\"name\":\"NC BEAUTY\",\"description\":\"NC BEAUTY\",\"potentialAction\":[{\"@type\":\"SearchAction\",\"target\":{\"@type\":\"EntryPoint\",\"urlTemplate\":\"https:\/\/ncbeauty.fr\/?s={search_term_string}\"},\"query-input\":{\"@type\":\"PropertyValueSpecification\",\"valueRequired\":true,\"valueName\":\"search_term_string\"}}],\"inLanguage\":\"en-US\"}]}<\/script>\n","yoast_head_json":{"title":"CR\u00c8ME VOLUMATRICE - NC BEAUTY","robots":{"index":"index","follow":"follow","max-snippet":"max-snippet:-1","max-image-preview":"max-image-preview:large","max-video-preview":"max-video-preview:-1"},"canonical":"https:\/\/ncbeauty.fr\/produit\/creme-bim\/","og_locale":"en_US","og_type":"article","og_title":"CR\u00c8ME VOLUMATRICE - NC BEAUTY","og_description":"D\u00e9couvrez l'\u00e9l\u00e9gance au service de vos courbes avec la Cr\u00e8me Volumisante BIM D\u00e9licatement formul\u00e9e, la Cr\u00e8me BIM sublime les formes que vous aimez : vos fesses voluptueuses, vos seins \u00e9clatants et m\u00eame les creux des fesses. Elle aide \u00e0 combler les creux, att\u00e9nuer les vergetures et r\u00e9duire l\u2019apparence de la peau d\u2019orange, pour une peau lisse, ferme et \u00e9clatante. \ud83d\udc8e Enrichie d\u2019ingr\u00e9dients soigneusement s\u00e9lectionn\u00e9s, elle nourrit intens\u00e9ment la peau et redessine la silhouette avec finesse.","og_url":"https:\/\/ncbeauty.fr\/produit\/creme-bim\/","og_site_name":"NC BEAUTY","article_modified_time":"2026-04-09T08:17:42+00:00","og_image":[{"width":1600,"height":1600,"url":"https:\/\/ncbeauty.fr\/choaweex\/2024\/08\/Photoroom-20240724_191448.png","type":"image\/png"}],"twitter_card":"summary_large_image","twitter_misc":{"Est. reading time":"1 minute"},"schema":{"@context":"https:\/\/schema.org","@graph":[{"@type":"WebPage","@id":"https:\/\/ncbeauty.fr\/produit\/creme-bim\/","url":"https:\/\/ncbeauty.fr\/produit\/creme-bim\/","name":"CR\u00c8ME VOLUMATRICE - NC BEAUTY","isPartOf":{"@id":"https:\/\/ncbeauty.fr\/#website"},"primaryImageOfPage":{"@id":"https:\/\/ncbeauty.fr\/produit\/creme-bim\/#primaryimage"},"image":{"@id":"https:\/\/ncbeauty.fr\/produit\/creme-bim\/#primaryimage"},"thumbnailUrl":"https:\/\/ncbeauty.fr\/choaweex\/2024\/08\/Photoroom-20240724_191448.png","datePublished":"2022-07-30T07:56:17+00:00","dateModified":"2026-04-09T08:17:42+00:00","breadcrumb":{"@id":"https:\/\/ncbeauty.fr\/produit\/creme-bim\/#breadcrumb"},"inLanguage":"en-US","potentialAction":[{"@type":"ReadAction","target":["https:\/\/ncbeauty.fr\/produit\/creme-bim\/"]}]},{"@type":"ImageObject","inLanguage":"en-US","@id":"https:\/\/ncbeauty.fr\/produit\/creme-bim\/#primaryimage","url":"https:\/\/ncbeauty.fr\/choaweex\/2024\/08\/Photoroom-20240724_191448.png","contentUrl":"https:\/\/ncbeauty.fr\/choaweex\/2024\/08\/Photoroom-20240724_191448.png","width":1600,"height":1600},{"@type":"BreadcrumbList","@id":"https:\/\/ncbeauty.fr\/produit\/creme-bim\/#breadcrumb","itemListElement":[{"@type":"ListItem","position":1,"name":"Accueil","item":"https:\/\/ncbeauty.fr\/"},{"@type":"ListItem","position":2,"name":"Shop","item":"https:\/\/ncbeauty.fr\/boutique\/"},{"@type":"ListItem","position":3,"name":"CR\u00c8ME VOLUMATRICE"}]},{"@type":"WebSite","@id":"https:\/\/ncbeauty.fr\/#website","url":"https:\/\/ncbeauty.fr\/","name":"NC BEAUTY","description":"NC BEAUTY","potentialAction":[{"@type":"SearchAction","target":{"@type":"EntryPoint","urlTemplate":"https:\/\/ncbeauty.fr\/?s={search_term_string}"},"query-input":{"@type":"PropertyValueSpecification","valueRequired":true,"valueName":"search_term_string"}}],"inLanguage":"en-US"}]}},"jetpack_sharing_enabled":true,"_links":{"self":[{"href":"https:\/\/ncbeauty.fr\/en\/wp-json\/wp\/v2\/product\/280","targetHints":{"allow":["GET"]}}],"collection":[{"href":"https:\/\/ncbeauty.fr\/en\/wp-json\/wp\/v2\/product"}],"about":[{"href":"https:\/\/ncbeauty.fr\/en\/wp-json\/wp\/v2\/types\/product"}],"replies":[{"embeddable":true,"href":"https:\/\/ncbeauty.fr\/en\/wp-json\/wp\/v2\/comments?post=280"}],"wp:featuredmedia":[{"embeddable":true,"href":"https:\/\/ncbeauty.fr\/en\/wp-json\/wp\/v2\/media\/5727"}],"wp:attachment":[{"href":"https:\/\/ncbeauty.fr\/en\/wp-json\/wp\/v2\/media?parent=280"}],"wp:term":[{"taxonomy":"product_brand","embeddable":true,"href":"https:\/\/ncbeauty.fr\/en\/wp-json\/wp\/v2\/product_brand?post=280"},{"taxonomy":"product_cat","embeddable":true,"href":"https:\/\/ncbeauty.fr\/en\/wp-json\/wp\/v2\/product_cat?post=280"},{"taxonomy":"product_tag","embeddable":true,"href":"https:\/\/ncbeauty.fr\/en\/wp-json\/wp\/v2\/product_tag?post=280"}],"curies":[{"name":"wp","href":"https:\/\/api.w.org\/{rel}","templated":true}]}}