{"id":283,"date":"2022-07-30T08:07:53","date_gmt":"2022-07-30T08:07:53","guid":{"rendered":"https:\/\/ncbeauty.fr\/?post_type=product&#038;p=283"},"modified":"2026-02-13T15:24:57","modified_gmt":"2026-02-13T15:24:57","slug":"gel-minceur","status":"publish","type":"product","link":"https:\/\/ncbeauty.fr\/en\/produit\/gel-minceur\/","title":{"rendered":"GEL MINCEUR"},"content":{"rendered":"<p data-start=\"259\" data-end=\"679\">\u2714 Le Gel Minceur est un compl\u00e9ment id\u00e9al au sport et au port de gaine, mais peut aussi \u00eatre utilis\u00e9 seul.<br data-start=\"364\" data-end=\"367\" \/>\u2714 Appliquez-le <strong data-start=\"382\" data-end=\"400\">tous les jours<\/strong> en effectuant des <strong data-start=\"419\" data-end=\"445\">mouvements circulaires<\/strong>, en massant le ventre et les zones souhait\u00e9es.<br data-start=\"492\" data-end=\"495\" \/>\u2714 Pour des r\u00e9sultats plus rapides, appliquez le gel <strong data-start=\"547\" data-end=\"584\">juste avant de mettre votre gaine<\/strong> : l\u2019action combin\u00e9e favorise la transpiration et acc\u00e9l\u00e8re le processus de perte de graisses.<\/p>\n","protected":false},"excerpt":{"rendered":"<p data-start=\"160\" data-end=\"464\">\ud83d\udd25 <strong data-start=\"163\" data-end=\"194\">Gel Minceur R\u00e9volutionnaire<\/strong> \ud83d\udd25<br data-start=\"197\" data-end=\"200\" \/>Dites adieu aux graisses tenaces et r\u00e9v\u00e9lez une silhouette affin\u00e9e !<br data-start=\"268\" data-end=\"271\" \/>Gr\u00e2ce \u00e0 sa <strong data-start=\"282\" data-end=\"303\">formule innovante<\/strong>, notre Gel Minceur cible directement les cellules adipeuses du ventre, favorise le d\u00e9stockage et aide \u00e0 redessiner vos courbes d\u00e8s les premi\u00e8res applications.<\/p>\n<p data-start=\"466\" data-end=\"562\">\u2728 Effet fra\u00eecheur imm\u00e9diat<br data-start=\"492\" data-end=\"495\" \/>\u2728 R\u00e9sultats visibles rapidement<br data-start=\"526\" data-end=\"529\" \/>\u2728 Peau douce, lisse et hydrat\u00e9e<\/p>\n<p data-start=\"466\" data-end=\"562\">\u00a0Offrez \u00e0 votre corps la transformation qu\u2019il m\u00e9rite et retrouvez confiance en vous avec <strong data-start=\"655\" data-end=\"700\">votre nouvel alli\u00e9 minceur incontournable<\/strong>.<\/p>\n","protected":false},"featured_media":10467,"comment_status":"open","ping_status":"closed","template":"","meta":{"_monsterinsights_skip_tracking":false,"_monsterinsights_sitenote_active":false,"_monsterinsights_sitenote_note":"","_monsterinsights_sitenote_category":0,"site-sidebar-layout":"default","site-content-layout":"","ast-site-content-layout":"default","site-content-style":"default","site-sidebar-style":"default","ast-global-header-display":"","ast-banner-title-visibility":"","ast-main-header-display":"","ast-hfb-above-header-display":"","ast-hfb-below-header-display":"","ast-hfb-mobile-header-display":"","site-post-title":"","ast-breadcrumbs-content":"","ast-featured-img":"","footer-sml-layout":"","theme-transparent-header-meta":"default","adv-header-id-meta":"","stick-header-meta":"","header-above-stick-meta":"","header-main-stick-meta":"","header-below-stick-meta":"","astra-migrate-meta-layouts":"set","ast-page-background-enabled":"default","ast-page-background-meta":{"desktop":{"background-color":"var(--ast-global-color-4)","background-image":"","background-repeat":"repeat","background-position":"center center","background-size":"auto","background-attachment":"scroll","background-type":"","background-media":"","overlay-type":"","overlay-color":"","overlay-opacity":"","overlay-gradient":""},"tablet":{"background-color":"","background-image":"","background-repeat":"repeat","background-position":"center center","background-size":"auto","background-attachment":"scroll","background-type":"","background-media":"","overlay-type":"","overlay-color":"","overlay-opacity":"","overlay-gradient":""},"mobile":{"background-color":"","background-image":"","background-repeat":"repeat","background-position":"center center","background-size":"auto","background-attachment":"scroll","background-type":"","background-media":"","overlay-type":"","overlay-color":"","overlay-opacity":"","overlay-gradient":""}},"ast-content-background-meta":{"desktop":{"background-color":"var(--ast-global-color-5)","background-image":"","background-repeat":"repeat","background-position":"center center","background-size":"auto","background-attachment":"scroll","background-type":"","background-media":"","overlay-type":"","overlay-color":"","overlay-opacity":"","overlay-gradient":""},"tablet":{"background-color":"var(--ast-global-color-5)","background-image":"","background-repeat":"repeat","background-position":"center center","background-size":"auto","background-attachment":"scroll","background-type":"","background-media":"","overlay-type":"","overlay-color":"","overlay-opacity":"","overlay-gradient":""},"mobile":{"background-color":"var(--ast-global-color-5)","background-image":"","background-repeat":"repeat","background-position":"center center","background-size":"auto","background-attachment":"scroll","background-type":"","background-media":"","overlay-type":"","overlay-color":"","overlay-opacity":"","overlay-gradient":""}},"_joinchat":[]},"product_brand":[],"product_cat":[26],"product_tag":[],"class_list":{"0":"post-283","1":"product","2":"type-product","3":"status-publish","4":"has-post-thumbnail","6":"product_cat-nos-produits-minceur","7":"desktop-align-left","8":"tablet-align-left","9":"mobile-align-left","10":"tm-has-options","12":"first","13":"instock","14":"featured","15":"taxable","16":"shipping-taxable","17":"purchasable","18":"product-type-simple"},"bundled_by":["5780","5946"],"bundle_stock_status":"instock","bundle_stock_quantity":324,"bundle_virtual":false,"bundle_layout":"","bundle_add_to_cart_form_location":"","bundle_editable_in_cart":false,"bundle_sold_individually_context":"","bundle_item_grouping":"","bundle_min_size":"","bundle_max_size":"","bundle_price":[],"bundled_items":[],"bundle_sell_ids":[],"aioseo_notices":[],"yoast_head":"\n<title>GEL MINCEUR - NC BEAUTY<\/title>\n<meta name=\"robots\" content=\"index, follow, max-snippet:-1, max-image-preview:large, max-video-preview:-1\" \/>\n<link rel=\"canonical\" href=\"https:\/\/ncbeauty.fr\/produit\/gel-minceur\/\" \/>\n<meta property=\"og:locale\" content=\"en_US\" \/>\n<meta property=\"og:type\" content=\"article\" \/>\n<meta property=\"og:title\" content=\"GEL MINCEUR - NC BEAUTY\" \/>\n<meta property=\"og:description\" content=\"\ud83d\udd25 Gel Minceur R\u00e9volutionnaire \ud83d\udd25Dites adieu aux graisses tenaces et r\u00e9v\u00e9lez une silhouette affin\u00e9e !Gr\u00e2ce \u00e0 sa formule innovante, notre Gel Minceur cible directement les cellules adipeuses du ventre, favorise le d\u00e9stockage et aide \u00e0 redessiner vos courbes d\u00e8s les premi\u00e8res applications. \u2728 Effet fra\u00eecheur imm\u00e9diat\u2728 R\u00e9sultats visibles rapidement\u2728 Peau douce, lisse et hydrat\u00e9e \u00a0Offrez \u00e0 votre corps la transformation qu\u2019il m\u00e9rite et retrouvez confiance en vous avec votre nouvel alli\u00e9 minceur incontournable.\" \/>\n<meta property=\"og:url\" content=\"https:\/\/ncbeauty.fr\/produit\/gel-minceur\/\" \/>\n<meta property=\"og:site_name\" content=\"NC BEAUTY\" \/>\n<meta property=\"article:modified_time\" content=\"2026-02-13T15:24:57+00:00\" \/>\n<meta property=\"og:image\" content=\"https:\/\/ncbeauty.fr\/choaweex\/2022\/07\/WhatsApp-Image-2025-01-28-a-15.39.26_4a21e387.jpg\" \/>\n\t<meta property=\"og:image:width\" content=\"1126\" \/>\n\t<meta property=\"og:image:height\" content=\"2000\" \/>\n\t<meta property=\"og:image:type\" content=\"image\/jpeg\" \/>\n<meta name=\"twitter:card\" content=\"summary_large_image\" \/>\n<meta name=\"twitter:label1\" content=\"Est. reading time\" \/>\n\t<meta name=\"twitter:data1\" content=\"1 minute\" \/>\n<script type=\"application\/ld+json\" class=\"yoast-schema-graph\">{\"@context\":\"https:\/\/schema.org\",\"@graph\":[{\"@type\":\"WebPage\",\"@id\":\"https:\/\/ncbeauty.fr\/produit\/gel-minceur\/\",\"url\":\"https:\/\/ncbeauty.fr\/produit\/gel-minceur\/\",\"name\":\"GEL MINCEUR - NC BEAUTY\",\"isPartOf\":{\"@id\":\"https:\/\/ncbeauty.fr\/#website\"},\"primaryImageOfPage\":{\"@id\":\"https:\/\/ncbeauty.fr\/produit\/gel-minceur\/#primaryimage\"},\"image\":{\"@id\":\"https:\/\/ncbeauty.fr\/produit\/gel-minceur\/#primaryimage\"},\"thumbnailUrl\":\"https:\/\/ncbeauty.fr\/choaweex\/2022\/07\/WhatsApp-Image-2025-01-28-a-15.39.26_4a21e387.jpg\",\"datePublished\":\"2022-07-30T08:07:53+00:00\",\"dateModified\":\"2026-02-13T15:24:57+00:00\",\"breadcrumb\":{\"@id\":\"https:\/\/ncbeauty.fr\/produit\/gel-minceur\/#breadcrumb\"},\"inLanguage\":\"en-US\",\"potentialAction\":[{\"@type\":\"ReadAction\",\"target\":[\"https:\/\/ncbeauty.fr\/produit\/gel-minceur\/\"]}]},{\"@type\":\"ImageObject\",\"inLanguage\":\"en-US\",\"@id\":\"https:\/\/ncbeauty.fr\/produit\/gel-minceur\/#primaryimage\",\"url\":\"https:\/\/ncbeauty.fr\/choaweex\/2022\/07\/WhatsApp-Image-2025-01-28-a-15.39.26_4a21e387.jpg\",\"contentUrl\":\"https:\/\/ncbeauty.fr\/choaweex\/2022\/07\/WhatsApp-Image-2025-01-28-a-15.39.26_4a21e387.jpg\",\"width\":1126,\"height\":2000},{\"@type\":\"BreadcrumbList\",\"@id\":\"https:\/\/ncbeauty.fr\/produit\/gel-minceur\/#breadcrumb\",\"itemListElement\":[{\"@type\":\"ListItem\",\"position\":1,\"name\":\"Accueil\",\"item\":\"https:\/\/ncbeauty.fr\/\"},{\"@type\":\"ListItem\",\"position\":2,\"name\":\"Shop\",\"item\":\"https:\/\/ncbeauty.fr\/boutique\/\"},{\"@type\":\"ListItem\",\"position\":3,\"name\":\"GEL MINCEUR\"}]},{\"@type\":\"WebSite\",\"@id\":\"https:\/\/ncbeauty.fr\/#website\",\"url\":\"https:\/\/ncbeauty.fr\/\",\"name\":\"NC BEAUTY\",\"description\":\"NC BEAUTY\",\"potentialAction\":[{\"@type\":\"SearchAction\",\"target\":{\"@type\":\"EntryPoint\",\"urlTemplate\":\"https:\/\/ncbeauty.fr\/?s={search_term_string}\"},\"query-input\":{\"@type\":\"PropertyValueSpecification\",\"valueRequired\":true,\"valueName\":\"search_term_string\"}}],\"inLanguage\":\"en-US\"}]}<\/script>\n","yoast_head_json":{"title":"GEL MINCEUR - NC BEAUTY","robots":{"index":"index","follow":"follow","max-snippet":"max-snippet:-1","max-image-preview":"max-image-preview:large","max-video-preview":"max-video-preview:-1"},"canonical":"https:\/\/ncbeauty.fr\/produit\/gel-minceur\/","og_locale":"en_US","og_type":"article","og_title":"GEL MINCEUR - NC BEAUTY","og_description":"\ud83d\udd25 Gel Minceur R\u00e9volutionnaire \ud83d\udd25Dites adieu aux graisses tenaces et r\u00e9v\u00e9lez une silhouette affin\u00e9e !Gr\u00e2ce \u00e0 sa formule innovante, notre Gel Minceur cible directement les cellules adipeuses du ventre, favorise le d\u00e9stockage et aide \u00e0 redessiner vos courbes d\u00e8s les premi\u00e8res applications. \u2728 Effet fra\u00eecheur imm\u00e9diat\u2728 R\u00e9sultats visibles rapidement\u2728 Peau douce, lisse et hydrat\u00e9e \u00a0Offrez \u00e0 votre corps la transformation qu\u2019il m\u00e9rite et retrouvez confiance en vous avec votre nouvel alli\u00e9 minceur incontournable.","og_url":"https:\/\/ncbeauty.fr\/produit\/gel-minceur\/","og_site_name":"NC BEAUTY","article_modified_time":"2026-02-13T15:24:57+00:00","og_image":[{"width":1126,"height":2000,"url":"https:\/\/ncbeauty.fr\/choaweex\/2022\/07\/WhatsApp-Image-2025-01-28-a-15.39.26_4a21e387.jpg","type":"image\/jpeg"}],"twitter_card":"summary_large_image","twitter_misc":{"Est. reading time":"1 minute"},"schema":{"@context":"https:\/\/schema.org","@graph":[{"@type":"WebPage","@id":"https:\/\/ncbeauty.fr\/produit\/gel-minceur\/","url":"https:\/\/ncbeauty.fr\/produit\/gel-minceur\/","name":"GEL MINCEUR - NC BEAUTY","isPartOf":{"@id":"https:\/\/ncbeauty.fr\/#website"},"primaryImageOfPage":{"@id":"https:\/\/ncbeauty.fr\/produit\/gel-minceur\/#primaryimage"},"image":{"@id":"https:\/\/ncbeauty.fr\/produit\/gel-minceur\/#primaryimage"},"thumbnailUrl":"https:\/\/ncbeauty.fr\/choaweex\/2022\/07\/WhatsApp-Image-2025-01-28-a-15.39.26_4a21e387.jpg","datePublished":"2022-07-30T08:07:53+00:00","dateModified":"2026-02-13T15:24:57+00:00","breadcrumb":{"@id":"https:\/\/ncbeauty.fr\/produit\/gel-minceur\/#breadcrumb"},"inLanguage":"en-US","potentialAction":[{"@type":"ReadAction","target":["https:\/\/ncbeauty.fr\/produit\/gel-minceur\/"]}]},{"@type":"ImageObject","inLanguage":"en-US","@id":"https:\/\/ncbeauty.fr\/produit\/gel-minceur\/#primaryimage","url":"https:\/\/ncbeauty.fr\/choaweex\/2022\/07\/WhatsApp-Image-2025-01-28-a-15.39.26_4a21e387.jpg","contentUrl":"https:\/\/ncbeauty.fr\/choaweex\/2022\/07\/WhatsApp-Image-2025-01-28-a-15.39.26_4a21e387.jpg","width":1126,"height":2000},{"@type":"BreadcrumbList","@id":"https:\/\/ncbeauty.fr\/produit\/gel-minceur\/#breadcrumb","itemListElement":[{"@type":"ListItem","position":1,"name":"Accueil","item":"https:\/\/ncbeauty.fr\/"},{"@type":"ListItem","position":2,"name":"Shop","item":"https:\/\/ncbeauty.fr\/boutique\/"},{"@type":"ListItem","position":3,"name":"GEL MINCEUR"}]},{"@type":"WebSite","@id":"https:\/\/ncbeauty.fr\/#website","url":"https:\/\/ncbeauty.fr\/","name":"NC BEAUTY","description":"NC BEAUTY","potentialAction":[{"@type":"SearchAction","target":{"@type":"EntryPoint","urlTemplate":"https:\/\/ncbeauty.fr\/?s={search_term_string}"},"query-input":{"@type":"PropertyValueSpecification","valueRequired":true,"valueName":"search_term_string"}}],"inLanguage":"en-US"}]}},"jetpack_sharing_enabled":true,"_links":{"self":[{"href":"https:\/\/ncbeauty.fr\/en\/wp-json\/wp\/v2\/product\/283","targetHints":{"allow":["GET"]}}],"collection":[{"href":"https:\/\/ncbeauty.fr\/en\/wp-json\/wp\/v2\/product"}],"about":[{"href":"https:\/\/ncbeauty.fr\/en\/wp-json\/wp\/v2\/types\/product"}],"replies":[{"embeddable":true,"href":"https:\/\/ncbeauty.fr\/en\/wp-json\/wp\/v2\/comments?post=283"}],"wp:featuredmedia":[{"embeddable":true,"href":"https:\/\/ncbeauty.fr\/en\/wp-json\/wp\/v2\/media\/10467"}],"wp:attachment":[{"href":"https:\/\/ncbeauty.fr\/en\/wp-json\/wp\/v2\/media?parent=283"}],"wp:term":[{"taxonomy":"product_brand","embeddable":true,"href":"https:\/\/ncbeauty.fr\/en\/wp-json\/wp\/v2\/product_brand?post=283"},{"taxonomy":"product_cat","embeddable":true,"href":"https:\/\/ncbeauty.fr\/en\/wp-json\/wp\/v2\/product_cat?post=283"},{"taxonomy":"product_tag","embeddable":true,"href":"https:\/\/ncbeauty.fr\/en\/wp-json\/wp\/v2\/product_tag?post=283"}],"curies":[{"name":"wp","href":"https:\/\/api.w.org\/{rel}","templated":true}]}}