{"id":2859,"date":"2024-04-01T23:38:06","date_gmt":"2024-04-01T23:38:06","guid":{"rendered":"https:\/\/ncbeauty.fr\/?post_type=product&#038;p=2859"},"modified":"2026-04-27T15:15:34","modified_gmt":"2026-04-27T15:15:34","slug":"gelules-push-up-sein","status":"publish","type":"product","link":"https:\/\/ncbeauty.fr\/en\/produit\/gelules-push-up-sein\/","title":{"rendered":"GELULES  SEIN"},"content":{"rendered":"<h3 data-start=\"437\" data-end=\"497\">Vous r\u00eavez d\u2019une poitrine naturellement plus galb\u00e9e ?<\/h3>\n<p data-start=\"498\" data-end=\"635\">D\u00e9couvrez <strong data-start=\"508\" data-end=\"528\">nos g\u00e9lules SEIN<\/strong>, la solution douce et naturelle pour augmenter le volume de votre poitrine \u2014 sans chirurgie, sans douleur.<\/p>\n<hr data-start=\"637\" data-end=\"640\" \/>\n<h3 data-start=\"642\" data-end=\"687\">\ud83d\udc8a Un concentr\u00e9 de nature pour vos formes<\/h3>\n<p data-start=\"688\" data-end=\"852\">Formul\u00e9es avec des ingr\u00e9dients soigneusement s\u00e9lectionn\u00e9s, les g\u00e9lules SEIN agissent directement sur les tissus mammaires, pour stimuler leur d\u00e9veloppement naturel.<\/p>\n<p data-start=\"854\" data-end=\"986\">\ud83d\udc49 <strong data-start=\"857\" data-end=\"880\">Sans prise de poids<\/strong><br data-start=\"880\" data-end=\"883\" \/>\ud83d\udc49 <strong data-start=\"886\" data-end=\"905\">Sans somnolence<\/strong><br data-start=\"905\" data-end=\"908\" \/>\ud83d\udc49 <strong data-start=\"911\" data-end=\"938\">Sans effets secondaires<\/strong><br data-start=\"938\" data-end=\"941\" \/>\ud83d\udc49 <strong data-start=\"944\" data-end=\"986\">Action cibl\u00e9e uniquement sur les seins<\/strong><\/p>\n<hr data-start=\"988\" data-end=\"991\" \/>\n<h3 data-start=\"993\" data-end=\"1033\">\ud83d\udcc8 R\u00e9sultats visibles et progressifs<\/h3>\n<p data-start=\"1034\" data-end=\"1148\">Nos clientes constatent un changement de bonnet apr\u00e8s <strong data-start=\"1088\" data-end=\"1104\">6 \u00e0 7 bo\u00eetes<\/strong>, selon leur morphologie et leur r\u00e9gularit\u00e9.<\/p>\n<p data-start=\"1034\" data-end=\"1148\">Chaque femme est unique. C\u2019est pourquoi nos g\u00e9lules agissent progressivement, en douceur, en respectant votre \u00e9quilibre naturel. Parce qu\u2019augmenter votre poitrine ne devrait jamais mettre en danger votre bien-\u00eatre.&#8221;<\/p>\n","protected":false},"excerpt":{"rendered":"<p>vous avez toujours r\u00eave d&#8217;avoir une belle poitrine plus d\u00e9veloppe et bien pointu<br \/>\nje vous propose les g\u00e9lules push-up ideal\u00a0 \u00a0pour vous\u00a0 donnez\u00a0 des volument\u00a0 sant pass\u00e9s par l&#8217;opetarion<\/p>\n<p>Les g\u00e9lules push-up son\u00a0 un id\u00e9al pour grossir les sein et vous faire passer \u00e0 un bonnet petit a un plus grand.<\/p>\n<p>Elle vont pas vous faire grossir ni dormir elle vont juste cibl\u00e9e les sein<\/p>\n<p>Prenez\u00a0 2 part\u00a0 jours\u00a0 au courant\u00a0 d&#8217;un repas<\/p>\n<p>Avec 7 bo\u00eetes\u00a0 vous obtenez votre objectif<\/p>\n","protected":false},"featured_media":5760,"comment_status":"open","ping_status":"closed","template":"","meta":{"_monsterinsights_skip_tracking":false,"_monsterinsights_sitenote_active":false,"_monsterinsights_sitenote_note":"","_monsterinsights_sitenote_category":0,"site-sidebar-layout":"default","site-content-layout":"","ast-site-content-layout":"default","site-content-style":"default","site-sidebar-style":"default","ast-global-header-display":"","ast-banner-title-visibility":"","ast-main-header-display":"","ast-hfb-above-header-display":"","ast-hfb-below-header-display":"","ast-hfb-mobile-header-display":"","site-post-title":"","ast-breadcrumbs-content":"","ast-featured-img":"","footer-sml-layout":"","theme-transparent-header-meta":"default","adv-header-id-meta":"","stick-header-meta":"","header-above-stick-meta":"","header-main-stick-meta":"","header-below-stick-meta":"","astra-migrate-meta-layouts":"set","ast-page-background-enabled":"default","ast-page-background-meta":{"desktop":{"background-color":"var(--ast-global-color-4)","background-image":"","background-repeat":"repeat","background-position":"center center","background-size":"auto","background-attachment":"scroll","background-type":"","background-media":"","overlay-type":"","overlay-color":"","overlay-opacity":"","overlay-gradient":""},"tablet":{"background-color":"","background-image":"","background-repeat":"repeat","background-position":"center center","background-size":"auto","background-attachment":"scroll","background-type":"","background-media":"","overlay-type":"","overlay-color":"","overlay-opacity":"","overlay-gradient":""},"mobile":{"background-color":"","background-image":"","background-repeat":"repeat","background-position":"center center","background-size":"auto","background-attachment":"scroll","background-type":"","background-media":"","overlay-type":"","overlay-color":"","overlay-opacity":"","overlay-gradient":""}},"ast-content-background-meta":{"desktop":{"background-color":"var(--ast-global-color-5)","background-image":"","background-repeat":"repeat","background-position":"center center","background-size":"auto","background-attachment":"scroll","background-type":"","background-media":"","overlay-type":"","overlay-color":"","overlay-opacity":"","overlay-gradient":""},"tablet":{"background-color":"var(--ast-global-color-5)","background-image":"","background-repeat":"repeat","background-position":"center center","background-size":"auto","background-attachment":"scroll","background-type":"","background-media":"","overlay-type":"","overlay-color":"","overlay-opacity":"","overlay-gradient":""},"mobile":{"background-color":"var(--ast-global-color-5)","background-image":"","background-repeat":"repeat","background-position":"center center","background-size":"auto","background-attachment":"scroll","background-type":"","background-media":"","overlay-type":"","overlay-color":"","overlay-opacity":"","overlay-gradient":""}},"_joinchat":[]},"product_brand":[],"product_cat":[24,25],"product_tag":[],"class_list":{"0":"post-2859","1":"product","2":"type-product","3":"status-publish","4":"has-post-thumbnail","6":"product_cat-nos-produits-aphrodisiaque","7":"product_cat-nos-produits-rondeur","8":"desktop-align-left","9":"tablet-align-left","10":"mobile-align-left","11":"tm-has-options","13":"first","14":"instock","15":"taxable","16":"shipping-taxable","17":"purchasable","18":"product-type-simple"},"bundled_by":[],"bundle_stock_status":"instock","bundle_stock_quantity":39,"bundle_virtual":false,"bundle_layout":"","bundle_add_to_cart_form_location":"","bundle_editable_in_cart":false,"bundle_sold_individually_context":"","bundle_item_grouping":"","bundle_min_size":"","bundle_max_size":"","bundle_price":[],"bundled_items":[],"bundle_sell_ids":[],"aioseo_notices":[],"yoast_head":"\n<title>GELULES SEIN - NC BEAUTY<\/title>\n<meta name=\"description\" content=\"Vous avez toujours r\u00eav\u00e9 d\u2019avoir une poitrine plus d\u00e9velopp\u00e9e, galb\u00e9e et naturellement rehauss\u00e9e ?D\u00e9couvrez nos g\u00e9lules Sein, la solution id\u00e9ale pour gagner du volume sans passer par la chirurgie !Formul\u00e9es \u00e0 base d\u2019ingr\u00e9dients soigneusement s\u00e9lectionn\u00e9s, les g\u00e9lules SEIN agissent directement sur la poitrine, en stimulant le d\u00e9veloppement des tissus mammaires \u2014 sans prise de poids ni effets secondaires. Elles vous permettent de passer d\u2019un petit bonnet \u00e0 une taille sup\u00e9rieure, tout en respectant l\u2019\u00e9quilibre de votre corps. Pas de somnolence, pas de gonflement g\u00e9n\u00e9ral : l\u2019action est cibl\u00e9e sur les seins uniquement. Conseils d\u2019utilisation :Prenez 2 g\u00e9lules par jour, de pr\u00e9f\u00e9rence au cours d\u2019un repas, pour une meilleure absorption .Objectif visible d\u00e8s 7 bo\u00eetes utilis\u00e9es (selon votre morphologie et votre r\u00e9gularit\u00e9).\" \/>\n<meta name=\"robots\" content=\"index, follow, max-snippet:-1, max-image-preview:large, max-video-preview:-1\" \/>\n<link rel=\"canonical\" href=\"https:\/\/ncbeauty.fr\/produit\/gelules-push-up-sein\/\" \/>\n<meta property=\"og:locale\" content=\"en_US\" \/>\n<meta property=\"og:type\" content=\"article\" \/>\n<meta property=\"og:title\" content=\"GELULES SEIN - NC BEAUTY\" \/>\n<meta property=\"og:description\" content=\"Vous avez toujours r\u00eav\u00e9 d\u2019avoir une poitrine plus d\u00e9velopp\u00e9e, galb\u00e9e et naturellement rehauss\u00e9e ?D\u00e9couvrez nos g\u00e9lules Sein, la solution id\u00e9ale pour gagner du volume sans passer par la chirurgie !Formul\u00e9es \u00e0 base d\u2019ingr\u00e9dients soigneusement s\u00e9lectionn\u00e9s, les g\u00e9lules SEIN agissent directement sur la poitrine, en stimulant le d\u00e9veloppement des tissus mammaires \u2014 sans prise de poids ni effets secondaires. Elles vous permettent de passer d\u2019un petit bonnet \u00e0 une taille sup\u00e9rieure, tout en respectant l\u2019\u00e9quilibre de votre corps. Pas de somnolence, pas de gonflement g\u00e9n\u00e9ral : l\u2019action est cibl\u00e9e sur les seins uniquement. Conseils d\u2019utilisation :Prenez 2 g\u00e9lules par jour, de pr\u00e9f\u00e9rence au cours d\u2019un repas, pour une meilleure absorption .Objectif visible d\u00e8s 7 bo\u00eetes utilis\u00e9es (selon votre morphologie et votre r\u00e9gularit\u00e9).\" \/>\n<meta property=\"og:url\" content=\"https:\/\/ncbeauty.fr\/produit\/gelules-push-up-sein\/\" \/>\n<meta property=\"og:site_name\" content=\"NC BEAUTY\" \/>\n<meta property=\"article:modified_time\" content=\"2026-04-27T15:15:34+00:00\" \/>\n<meta property=\"og:image\" content=\"https:\/\/ncbeauty.fr\/choaweex\/2024\/04\/Gelules-pour-les-sein.jpeg\" \/>\n\t<meta property=\"og:image:width\" content=\"1600\" \/>\n\t<meta property=\"og:image:height\" content=\"1600\" \/>\n\t<meta property=\"og:image:type\" content=\"image\/jpeg\" \/>\n<meta name=\"twitter:card\" content=\"summary_large_image\" \/>\n<meta name=\"twitter:label1\" content=\"Est. reading time\" \/>\n\t<meta name=\"twitter:data1\" content=\"1 minute\" \/>\n<script type=\"application\/ld+json\" class=\"yoast-schema-graph\">{\"@context\":\"https:\/\/schema.org\",\"@graph\":[{\"@type\":\"WebPage\",\"@id\":\"https:\/\/ncbeauty.fr\/produit\/gelules-push-up-sein\/\",\"url\":\"https:\/\/ncbeauty.fr\/produit\/gelules-push-up-sein\/\",\"name\":\"GELULES SEIN - NC BEAUTY\",\"isPartOf\":{\"@id\":\"https:\/\/ncbeauty.fr\/#website\"},\"primaryImageOfPage\":{\"@id\":\"https:\/\/ncbeauty.fr\/produit\/gelules-push-up-sein\/#primaryimage\"},\"image\":{\"@id\":\"https:\/\/ncbeauty.fr\/produit\/gelules-push-up-sein\/#primaryimage\"},\"thumbnailUrl\":\"https:\/\/ncbeauty.fr\/choaweex\/2024\/04\/Gelules-pour-les-sein.jpeg\",\"datePublished\":\"2024-04-01T23:38:06+00:00\",\"dateModified\":\"2026-04-27T15:15:34+00:00\",\"description\":\"Vous avez toujours r\u00eav\u00e9 d\u2019avoir une poitrine plus d\u00e9velopp\u00e9e, galb\u00e9e et naturellement rehauss\u00e9e ?D\u00e9couvrez nos g\u00e9lules Sein, la solution id\u00e9ale pour gagner du volume sans passer par la chirurgie !Formul\u00e9es \u00e0 base d\u2019ingr\u00e9dients soigneusement s\u00e9lectionn\u00e9s, les g\u00e9lules SEIN agissent directement sur la poitrine, en stimulant le d\u00e9veloppement des tissus mammaires \u2014 sans prise de poids ni effets secondaires. Elles vous permettent de passer d\u2019un petit bonnet \u00e0 une taille sup\u00e9rieure, tout en respectant l\u2019\u00e9quilibre de votre corps. Pas de somnolence, pas de gonflement g\u00e9n\u00e9ral : l\u2019action est cibl\u00e9e sur les seins uniquement. Conseils d\u2019utilisation :Prenez 2 g\u00e9lules par jour, de pr\u00e9f\u00e9rence au cours d\u2019un repas, pour une meilleure absorption .Objectif visible d\u00e8s 7 bo\u00eetes utilis\u00e9es (selon votre morphologie et votre r\u00e9gularit\u00e9).\",\"breadcrumb\":{\"@id\":\"https:\/\/ncbeauty.fr\/produit\/gelules-push-up-sein\/#breadcrumb\"},\"inLanguage\":\"en-US\",\"potentialAction\":[{\"@type\":\"ReadAction\",\"target\":[\"https:\/\/ncbeauty.fr\/produit\/gelules-push-up-sein\/\"]}]},{\"@type\":\"ImageObject\",\"inLanguage\":\"en-US\",\"@id\":\"https:\/\/ncbeauty.fr\/produit\/gelules-push-up-sein\/#primaryimage\",\"url\":\"https:\/\/ncbeauty.fr\/choaweex\/2024\/04\/Gelules-pour-les-sein.jpeg\",\"contentUrl\":\"https:\/\/ncbeauty.fr\/choaweex\/2024\/04\/Gelules-pour-les-sein.jpeg\",\"width\":1600,\"height\":1600},{\"@type\":\"BreadcrumbList\",\"@id\":\"https:\/\/ncbeauty.fr\/produit\/gelules-push-up-sein\/#breadcrumb\",\"itemListElement\":[{\"@type\":\"ListItem\",\"position\":1,\"name\":\"Accueil\",\"item\":\"https:\/\/ncbeauty.fr\/\"},{\"@type\":\"ListItem\",\"position\":2,\"name\":\"Shop\",\"item\":\"https:\/\/ncbeauty.fr\/boutique\/\"},{\"@type\":\"ListItem\",\"position\":3,\"name\":\"GELULES SEIN\"}]},{\"@type\":\"WebSite\",\"@id\":\"https:\/\/ncbeauty.fr\/#website\",\"url\":\"https:\/\/ncbeauty.fr\/\",\"name\":\"NC BEAUTY\",\"description\":\"NC BEAUTY\",\"potentialAction\":[{\"@type\":\"SearchAction\",\"target\":{\"@type\":\"EntryPoint\",\"urlTemplate\":\"https:\/\/ncbeauty.fr\/?s={search_term_string}\"},\"query-input\":{\"@type\":\"PropertyValueSpecification\",\"valueRequired\":true,\"valueName\":\"search_term_string\"}}],\"inLanguage\":\"en-US\"}]}<\/script>\n","yoast_head_json":{"title":"GELULES SEIN - NC BEAUTY","description":"Vous avez toujours r\u00eav\u00e9 d\u2019avoir une poitrine plus d\u00e9velopp\u00e9e, galb\u00e9e et naturellement rehauss\u00e9e ?D\u00e9couvrez nos g\u00e9lules Sein, la solution id\u00e9ale pour gagner du volume sans passer par la chirurgie !Formul\u00e9es \u00e0 base d\u2019ingr\u00e9dients soigneusement s\u00e9lectionn\u00e9s, les g\u00e9lules SEIN agissent directement sur la poitrine, en stimulant le d\u00e9veloppement des tissus mammaires \u2014 sans prise de poids ni effets secondaires. Elles vous permettent de passer d\u2019un petit bonnet \u00e0 une taille sup\u00e9rieure, tout en respectant l\u2019\u00e9quilibre de votre corps. Pas de somnolence, pas de gonflement g\u00e9n\u00e9ral : l\u2019action est cibl\u00e9e sur les seins uniquement. Conseils d\u2019utilisation :Prenez 2 g\u00e9lules par jour, de pr\u00e9f\u00e9rence au cours d\u2019un repas, pour une meilleure absorption .Objectif visible d\u00e8s 7 bo\u00eetes utilis\u00e9es (selon votre morphologie et votre r\u00e9gularit\u00e9).","robots":{"index":"index","follow":"follow","max-snippet":"max-snippet:-1","max-image-preview":"max-image-preview:large","max-video-preview":"max-video-preview:-1"},"canonical":"https:\/\/ncbeauty.fr\/produit\/gelules-push-up-sein\/","og_locale":"en_US","og_type":"article","og_title":"GELULES SEIN - NC BEAUTY","og_description":"Vous avez toujours r\u00eav\u00e9 d\u2019avoir une poitrine plus d\u00e9velopp\u00e9e, galb\u00e9e et naturellement rehauss\u00e9e ?D\u00e9couvrez nos g\u00e9lules Sein, la solution id\u00e9ale pour gagner du volume sans passer par la chirurgie !Formul\u00e9es \u00e0 base d\u2019ingr\u00e9dients soigneusement s\u00e9lectionn\u00e9s, les g\u00e9lules SEIN agissent directement sur la poitrine, en stimulant le d\u00e9veloppement des tissus mammaires \u2014 sans prise de poids ni effets secondaires. Elles vous permettent de passer d\u2019un petit bonnet \u00e0 une taille sup\u00e9rieure, tout en respectant l\u2019\u00e9quilibre de votre corps. Pas de somnolence, pas de gonflement g\u00e9n\u00e9ral : l\u2019action est cibl\u00e9e sur les seins uniquement. Conseils d\u2019utilisation :Prenez 2 g\u00e9lules par jour, de pr\u00e9f\u00e9rence au cours d\u2019un repas, pour une meilleure absorption .Objectif visible d\u00e8s 7 bo\u00eetes utilis\u00e9es (selon votre morphologie et votre r\u00e9gularit\u00e9).","og_url":"https:\/\/ncbeauty.fr\/produit\/gelules-push-up-sein\/","og_site_name":"NC BEAUTY","article_modified_time":"2026-04-27T15:15:34+00:00","og_image":[{"width":1600,"height":1600,"url":"https:\/\/ncbeauty.fr\/choaweex\/2024\/04\/Gelules-pour-les-sein.jpeg","type":"image\/jpeg"}],"twitter_card":"summary_large_image","twitter_misc":{"Est. reading time":"1 minute"},"schema":{"@context":"https:\/\/schema.org","@graph":[{"@type":"WebPage","@id":"https:\/\/ncbeauty.fr\/produit\/gelules-push-up-sein\/","url":"https:\/\/ncbeauty.fr\/produit\/gelules-push-up-sein\/","name":"GELULES SEIN - NC BEAUTY","isPartOf":{"@id":"https:\/\/ncbeauty.fr\/#website"},"primaryImageOfPage":{"@id":"https:\/\/ncbeauty.fr\/produit\/gelules-push-up-sein\/#primaryimage"},"image":{"@id":"https:\/\/ncbeauty.fr\/produit\/gelules-push-up-sein\/#primaryimage"},"thumbnailUrl":"https:\/\/ncbeauty.fr\/choaweex\/2024\/04\/Gelules-pour-les-sein.jpeg","datePublished":"2024-04-01T23:38:06+00:00","dateModified":"2026-04-27T15:15:34+00:00","description":"Vous avez toujours r\u00eav\u00e9 d\u2019avoir une poitrine plus d\u00e9velopp\u00e9e, galb\u00e9e et naturellement rehauss\u00e9e ?D\u00e9couvrez nos g\u00e9lules Sein, la solution id\u00e9ale pour gagner du volume sans passer par la chirurgie !Formul\u00e9es \u00e0 base d\u2019ingr\u00e9dients soigneusement s\u00e9lectionn\u00e9s, les g\u00e9lules SEIN agissent directement sur la poitrine, en stimulant le d\u00e9veloppement des tissus mammaires \u2014 sans prise de poids ni effets secondaires. Elles vous permettent de passer d\u2019un petit bonnet \u00e0 une taille sup\u00e9rieure, tout en respectant l\u2019\u00e9quilibre de votre corps. Pas de somnolence, pas de gonflement g\u00e9n\u00e9ral : l\u2019action est cibl\u00e9e sur les seins uniquement. Conseils d\u2019utilisation :Prenez 2 g\u00e9lules par jour, de pr\u00e9f\u00e9rence au cours d\u2019un repas, pour une meilleure absorption .Objectif visible d\u00e8s 7 bo\u00eetes utilis\u00e9es (selon votre morphologie et votre r\u00e9gularit\u00e9).","breadcrumb":{"@id":"https:\/\/ncbeauty.fr\/produit\/gelules-push-up-sein\/#breadcrumb"},"inLanguage":"en-US","potentialAction":[{"@type":"ReadAction","target":["https:\/\/ncbeauty.fr\/produit\/gelules-push-up-sein\/"]}]},{"@type":"ImageObject","inLanguage":"en-US","@id":"https:\/\/ncbeauty.fr\/produit\/gelules-push-up-sein\/#primaryimage","url":"https:\/\/ncbeauty.fr\/choaweex\/2024\/04\/Gelules-pour-les-sein.jpeg","contentUrl":"https:\/\/ncbeauty.fr\/choaweex\/2024\/04\/Gelules-pour-les-sein.jpeg","width":1600,"height":1600},{"@type":"BreadcrumbList","@id":"https:\/\/ncbeauty.fr\/produit\/gelules-push-up-sein\/#breadcrumb","itemListElement":[{"@type":"ListItem","position":1,"name":"Accueil","item":"https:\/\/ncbeauty.fr\/"},{"@type":"ListItem","position":2,"name":"Shop","item":"https:\/\/ncbeauty.fr\/boutique\/"},{"@type":"ListItem","position":3,"name":"GELULES SEIN"}]},{"@type":"WebSite","@id":"https:\/\/ncbeauty.fr\/#website","url":"https:\/\/ncbeauty.fr\/","name":"NC BEAUTY","description":"NC BEAUTY","potentialAction":[{"@type":"SearchAction","target":{"@type":"EntryPoint","urlTemplate":"https:\/\/ncbeauty.fr\/?s={search_term_string}"},"query-input":{"@type":"PropertyValueSpecification","valueRequired":true,"valueName":"search_term_string"}}],"inLanguage":"en-US"}]}},"jetpack_sharing_enabled":true,"_links":{"self":[{"href":"https:\/\/ncbeauty.fr\/en\/wp-json\/wp\/v2\/product\/2859","targetHints":{"allow":["GET"]}}],"collection":[{"href":"https:\/\/ncbeauty.fr\/en\/wp-json\/wp\/v2\/product"}],"about":[{"href":"https:\/\/ncbeauty.fr\/en\/wp-json\/wp\/v2\/types\/product"}],"replies":[{"embeddable":true,"href":"https:\/\/ncbeauty.fr\/en\/wp-json\/wp\/v2\/comments?post=2859"}],"wp:featuredmedia":[{"embeddable":true,"href":"https:\/\/ncbeauty.fr\/en\/wp-json\/wp\/v2\/media\/5760"}],"wp:attachment":[{"href":"https:\/\/ncbeauty.fr\/en\/wp-json\/wp\/v2\/media?parent=2859"}],"wp:term":[{"taxonomy":"product_brand","embeddable":true,"href":"https:\/\/ncbeauty.fr\/en\/wp-json\/wp\/v2\/product_brand?post=2859"},{"taxonomy":"product_cat","embeddable":true,"href":"https:\/\/ncbeauty.fr\/en\/wp-json\/wp\/v2\/product_cat?post=2859"},{"taxonomy":"product_tag","embeddable":true,"href":"https:\/\/ncbeauty.fr\/en\/wp-json\/wp\/v2\/product_tag?post=2859"}],"curies":[{"name":"wp","href":"https:\/\/api.w.org\/{rel}","templated":true}]}}