{"id":2940,"date":"2024-04-04T19:14:28","date_gmt":"2024-04-04T19:14:28","guid":{"rendered":"https:\/\/ncbeauty.fr\/?post_type=product&#038;p=2940"},"modified":"2026-03-04T23:57:26","modified_gmt":"2026-03-04T23:57:26","slug":"bombom-aphrodiasiaquessexe-xxl","status":"publish","type":"product","link":"https:\/\/ncbeauty.fr\/en\/produit\/bombom-aphrodiasiaquessexe-xxl\/","title":{"rendered":"BOMBOM APHRODIASIAQUE  SEXE XXL"},"content":{"rendered":"<p>1 ASTUCES<\/p>\n<p>Vos pouvez les utilisent de plusieurs fa\u00e7ons<br \/>\nM\u00e9lange avec une tasse les avec le miel 30\u00a0minutes avant de commencer le combat<\/p>\n<p>2 ASTUCES<br \/>\nM\u00e9lange avec une grande tasse d&#8217;eau avec ls clou de girofle rajoute du miel \u00e0 boire 30 minutes avant le macht<\/p>\n<p>\u00c7a lubrifie<br \/>\n\u00c7a permet \u00e9galement \u00e0 rendre la chatte plus douce et juteuse Pan dan les rapports<\/p>\n","protected":false},"excerpt":{"rendered":"<p>VOUS aime les sensations fortes<br \/>\n\u00catres bien mouilles avoir la chatte bien sucre et serre, je te pressente les bonbons aphrodisiaques<\/p>\n<p>Les bonbons sont des friandises d\u00e9licieuses et aphrodisiaques, \u00e9labor\u00e9es \u00e0 partir de sucre de canne de haute qualit\u00e9. Ces bonbons savoureux allient le plaisir gustatif \u00e0 des ingr\u00e9dients soigneusement s\u00e9lectionn\u00e9s pour stimuler les sens et susciter une exp\u00e9rience sensuelle.<\/p>\n","protected":false},"featured_media":5751,"comment_status":"open","ping_status":"closed","template":"","meta":{"_monsterinsights_skip_tracking":false,"_monsterinsights_sitenote_active":false,"_monsterinsights_sitenote_note":"","_monsterinsights_sitenote_category":0,"site-sidebar-layout":"default","site-content-layout":"","ast-site-content-layout":"default","site-content-style":"default","site-sidebar-style":"default","ast-global-header-display":"","ast-banner-title-visibility":"","ast-main-header-display":"","ast-hfb-above-header-display":"","ast-hfb-below-header-display":"","ast-hfb-mobile-header-display":"","site-post-title":"","ast-breadcrumbs-content":"","ast-featured-img":"","footer-sml-layout":"","theme-transparent-header-meta":"default","adv-header-id-meta":"","stick-header-meta":"","header-above-stick-meta":"","header-main-stick-meta":"","header-below-stick-meta":"","astra-migrate-meta-layouts":"set","ast-page-background-enabled":"default","ast-page-background-meta":{"desktop":{"background-color":"var(--ast-global-color-4)","background-image":"","background-repeat":"repeat","background-position":"center center","background-size":"auto","background-attachment":"scroll","background-type":"","background-media":"","overlay-type":"","overlay-color":"","overlay-opacity":"","overlay-gradient":""},"tablet":{"background-color":"","background-image":"","background-repeat":"repeat","background-position":"center center","background-size":"auto","background-attachment":"scroll","background-type":"","background-media":"","overlay-type":"","overlay-color":"","overlay-opacity":"","overlay-gradient":""},"mobile":{"background-color":"","background-image":"","background-repeat":"repeat","background-position":"center center","background-size":"auto","background-attachment":"scroll","background-type":"","background-media":"","overlay-type":"","overlay-color":"","overlay-opacity":"","overlay-gradient":""}},"ast-content-background-meta":{"desktop":{"background-color":"var(--ast-global-color-5)","background-image":"","background-repeat":"repeat","background-position":"center center","background-size":"auto","background-attachment":"scroll","background-type":"","background-media":"","overlay-type":"","overlay-color":"","overlay-opacity":"","overlay-gradient":""},"tablet":{"background-color":"var(--ast-global-color-5)","background-image":"","background-repeat":"repeat","background-position":"center center","background-size":"auto","background-attachment":"scroll","background-type":"","background-media":"","overlay-type":"","overlay-color":"","overlay-opacity":"","overlay-gradient":""},"mobile":{"background-color":"var(--ast-global-color-5)","background-image":"","background-repeat":"repeat","background-position":"center center","background-size":"auto","background-attachment":"scroll","background-type":"","background-media":"","overlay-type":"","overlay-color":"","overlay-opacity":"","overlay-gradient":""}},"_joinchat":[]},"product_brand":[],"product_cat":[24],"product_tag":[],"class_list":{"0":"post-2940","1":"product","2":"type-product","3":"status-publish","4":"has-post-thumbnail","6":"product_cat-nos-produits-aphrodisiaque","7":"desktop-align-left","8":"tablet-align-left","9":"mobile-align-left","10":"tm-has-options","12":"first","13":"instock","14":"taxable","15":"shipping-taxable","16":"purchasable","17":"product-type-simple"},"bundled_by":[],"bundle_stock_status":"instock","bundle_stock_quantity":24,"bundle_virtual":false,"bundle_layout":"","bundle_add_to_cart_form_location":"","bundle_editable_in_cart":false,"bundle_sold_individually_context":"","bundle_item_grouping":"","bundle_min_size":"","bundle_max_size":"","bundle_price":[],"bundled_items":[],"bundle_sell_ids":[],"aioseo_notices":[],"yoast_head":"\n<title>BOMBOM APHRODIASIAQUE SEXE XXL - NC BEAUTY<\/title>\n<meta name=\"description\" content=\"vous aime les sensation fort les bombom aphrodisiaque une veritable arme pour le plaissir les bombom aphrodisique vous redonne le plassir\" \/>\n<meta name=\"robots\" content=\"index, follow, max-snippet:-1, max-image-preview:large, max-video-preview:-1\" \/>\n<link rel=\"canonical\" href=\"https:\/\/ncbeauty.fr\/produit\/bombom-aphrodiasiaquessexe-xxl\/\" \/>\n<meta property=\"og:locale\" content=\"en_US\" \/>\n<meta property=\"og:type\" content=\"article\" \/>\n<meta property=\"og:title\" content=\"BOMBOM APHRODIASIAQUE SEXE XXL - NC BEAUTY\" \/>\n<meta property=\"og:description\" content=\"vous aime les sensation fort les bombom aphrodisiaque une veritable arme pour le plaissir les bombom aphrodisique vous redonne le plassir\" \/>\n<meta property=\"og:url\" content=\"https:\/\/ncbeauty.fr\/produit\/bombom-aphrodiasiaquessexe-xxl\/\" \/>\n<meta property=\"og:site_name\" content=\"NC BEAUTY\" \/>\n<meta property=\"article:modified_time\" content=\"2026-03-04T23:57:26+00:00\" \/>\n<meta property=\"og:image\" content=\"https:\/\/ncbeauty.fr\/choaweex\/2024\/04\/Bonbon-erotique.jpeg\" \/>\n\t<meta property=\"og:image:width\" content=\"1600\" \/>\n\t<meta property=\"og:image:height\" content=\"1600\" \/>\n\t<meta property=\"og:image:type\" content=\"image\/jpeg\" \/>\n<meta name=\"twitter:card\" content=\"summary_large_image\" \/>\n<meta name=\"twitter:label1\" content=\"Est. reading time\" \/>\n\t<meta name=\"twitter:data1\" content=\"1 minute\" \/>\n<script type=\"application\/ld+json\" class=\"yoast-schema-graph\">{\"@context\":\"https:\/\/schema.org\",\"@graph\":[{\"@type\":\"WebPage\",\"@id\":\"https:\/\/ncbeauty.fr\/produit\/bombom-aphrodiasiaquessexe-xxl\/\",\"url\":\"https:\/\/ncbeauty.fr\/produit\/bombom-aphrodiasiaquessexe-xxl\/\",\"name\":\"BOMBOM APHRODIASIAQUE SEXE XXL - NC BEAUTY\",\"isPartOf\":{\"@id\":\"https:\/\/ncbeauty.fr\/#website\"},\"primaryImageOfPage\":{\"@id\":\"https:\/\/ncbeauty.fr\/produit\/bombom-aphrodiasiaquessexe-xxl\/#primaryimage\"},\"image\":{\"@id\":\"https:\/\/ncbeauty.fr\/produit\/bombom-aphrodiasiaquessexe-xxl\/#primaryimage\"},\"thumbnailUrl\":\"https:\/\/ncbeauty.fr\/choaweex\/2024\/04\/Bonbon-erotique.jpeg\",\"datePublished\":\"2024-04-04T19:14:28+00:00\",\"dateModified\":\"2026-03-04T23:57:26+00:00\",\"description\":\"vous aime les sensation fort les bombom aphrodisiaque une veritable arme pour le plaissir les bombom aphrodisique vous redonne le plassir\",\"breadcrumb\":{\"@id\":\"https:\/\/ncbeauty.fr\/produit\/bombom-aphrodiasiaquessexe-xxl\/#breadcrumb\"},\"inLanguage\":\"en-US\",\"potentialAction\":[{\"@type\":\"ReadAction\",\"target\":[\"https:\/\/ncbeauty.fr\/produit\/bombom-aphrodiasiaquessexe-xxl\/\"]}]},{\"@type\":\"ImageObject\",\"inLanguage\":\"en-US\",\"@id\":\"https:\/\/ncbeauty.fr\/produit\/bombom-aphrodiasiaquessexe-xxl\/#primaryimage\",\"url\":\"https:\/\/ncbeauty.fr\/choaweex\/2024\/04\/Bonbon-erotique.jpeg\",\"contentUrl\":\"https:\/\/ncbeauty.fr\/choaweex\/2024\/04\/Bonbon-erotique.jpeg\",\"width\":1600,\"height\":1600},{\"@type\":\"BreadcrumbList\",\"@id\":\"https:\/\/ncbeauty.fr\/produit\/bombom-aphrodiasiaquessexe-xxl\/#breadcrumb\",\"itemListElement\":[{\"@type\":\"ListItem\",\"position\":1,\"name\":\"Accueil\",\"item\":\"https:\/\/ncbeauty.fr\/\"},{\"@type\":\"ListItem\",\"position\":2,\"name\":\"Shop\",\"item\":\"https:\/\/ncbeauty.fr\/boutique\/\"},{\"@type\":\"ListItem\",\"position\":3,\"name\":\"BOMBOM APHRODIASIAQUE SEXE XXL\"}]},{\"@type\":\"WebSite\",\"@id\":\"https:\/\/ncbeauty.fr\/#website\",\"url\":\"https:\/\/ncbeauty.fr\/\",\"name\":\"NC BEAUTY\",\"description\":\"NC BEAUTY\",\"potentialAction\":[{\"@type\":\"SearchAction\",\"target\":{\"@type\":\"EntryPoint\",\"urlTemplate\":\"https:\/\/ncbeauty.fr\/?s={search_term_string}\"},\"query-input\":{\"@type\":\"PropertyValueSpecification\",\"valueRequired\":true,\"valueName\":\"search_term_string\"}}],\"inLanguage\":\"en-US\"}]}<\/script>\n","yoast_head_json":{"title":"BOMBOM APHRODIASIAQUE SEXE XXL - NC BEAUTY","description":"vous aime les sensation fort les bombom aphrodisiaque une veritable arme pour le plaissir les bombom aphrodisique vous redonne le plassir","robots":{"index":"index","follow":"follow","max-snippet":"max-snippet:-1","max-image-preview":"max-image-preview:large","max-video-preview":"max-video-preview:-1"},"canonical":"https:\/\/ncbeauty.fr\/produit\/bombom-aphrodiasiaquessexe-xxl\/","og_locale":"en_US","og_type":"article","og_title":"BOMBOM APHRODIASIAQUE SEXE XXL - NC BEAUTY","og_description":"vous aime les sensation fort les bombom aphrodisiaque une veritable arme pour le plaissir les bombom aphrodisique vous redonne le plassir","og_url":"https:\/\/ncbeauty.fr\/produit\/bombom-aphrodiasiaquessexe-xxl\/","og_site_name":"NC BEAUTY","article_modified_time":"2026-03-04T23:57:26+00:00","og_image":[{"width":1600,"height":1600,"url":"https:\/\/ncbeauty.fr\/choaweex\/2024\/04\/Bonbon-erotique.jpeg","type":"image\/jpeg"}],"twitter_card":"summary_large_image","twitter_misc":{"Est. reading time":"1 minute"},"schema":{"@context":"https:\/\/schema.org","@graph":[{"@type":"WebPage","@id":"https:\/\/ncbeauty.fr\/produit\/bombom-aphrodiasiaquessexe-xxl\/","url":"https:\/\/ncbeauty.fr\/produit\/bombom-aphrodiasiaquessexe-xxl\/","name":"BOMBOM APHRODIASIAQUE SEXE XXL - NC BEAUTY","isPartOf":{"@id":"https:\/\/ncbeauty.fr\/#website"},"primaryImageOfPage":{"@id":"https:\/\/ncbeauty.fr\/produit\/bombom-aphrodiasiaquessexe-xxl\/#primaryimage"},"image":{"@id":"https:\/\/ncbeauty.fr\/produit\/bombom-aphrodiasiaquessexe-xxl\/#primaryimage"},"thumbnailUrl":"https:\/\/ncbeauty.fr\/choaweex\/2024\/04\/Bonbon-erotique.jpeg","datePublished":"2024-04-04T19:14:28+00:00","dateModified":"2026-03-04T23:57:26+00:00","description":"vous aime les sensation fort les bombom aphrodisiaque une veritable arme pour le plaissir les bombom aphrodisique vous redonne le plassir","breadcrumb":{"@id":"https:\/\/ncbeauty.fr\/produit\/bombom-aphrodiasiaquessexe-xxl\/#breadcrumb"},"inLanguage":"en-US","potentialAction":[{"@type":"ReadAction","target":["https:\/\/ncbeauty.fr\/produit\/bombom-aphrodiasiaquessexe-xxl\/"]}]},{"@type":"ImageObject","inLanguage":"en-US","@id":"https:\/\/ncbeauty.fr\/produit\/bombom-aphrodiasiaquessexe-xxl\/#primaryimage","url":"https:\/\/ncbeauty.fr\/choaweex\/2024\/04\/Bonbon-erotique.jpeg","contentUrl":"https:\/\/ncbeauty.fr\/choaweex\/2024\/04\/Bonbon-erotique.jpeg","width":1600,"height":1600},{"@type":"BreadcrumbList","@id":"https:\/\/ncbeauty.fr\/produit\/bombom-aphrodiasiaquessexe-xxl\/#breadcrumb","itemListElement":[{"@type":"ListItem","position":1,"name":"Accueil","item":"https:\/\/ncbeauty.fr\/"},{"@type":"ListItem","position":2,"name":"Shop","item":"https:\/\/ncbeauty.fr\/boutique\/"},{"@type":"ListItem","position":3,"name":"BOMBOM APHRODIASIAQUE SEXE XXL"}]},{"@type":"WebSite","@id":"https:\/\/ncbeauty.fr\/#website","url":"https:\/\/ncbeauty.fr\/","name":"NC BEAUTY","description":"NC BEAUTY","potentialAction":[{"@type":"SearchAction","target":{"@type":"EntryPoint","urlTemplate":"https:\/\/ncbeauty.fr\/?s={search_term_string}"},"query-input":{"@type":"PropertyValueSpecification","valueRequired":true,"valueName":"search_term_string"}}],"inLanguage":"en-US"}]}},"jetpack_sharing_enabled":true,"_links":{"self":[{"href":"https:\/\/ncbeauty.fr\/en\/wp-json\/wp\/v2\/product\/2940","targetHints":{"allow":["GET"]}}],"collection":[{"href":"https:\/\/ncbeauty.fr\/en\/wp-json\/wp\/v2\/product"}],"about":[{"href":"https:\/\/ncbeauty.fr\/en\/wp-json\/wp\/v2\/types\/product"}],"replies":[{"embeddable":true,"href":"https:\/\/ncbeauty.fr\/en\/wp-json\/wp\/v2\/comments?post=2940"}],"wp:featuredmedia":[{"embeddable":true,"href":"https:\/\/ncbeauty.fr\/en\/wp-json\/wp\/v2\/media\/5751"}],"wp:attachment":[{"href":"https:\/\/ncbeauty.fr\/en\/wp-json\/wp\/v2\/media?parent=2940"}],"wp:term":[{"taxonomy":"product_brand","embeddable":true,"href":"https:\/\/ncbeauty.fr\/en\/wp-json\/wp\/v2\/product_brand?post=2940"},{"taxonomy":"product_cat","embeddable":true,"href":"https:\/\/ncbeauty.fr\/en\/wp-json\/wp\/v2\/product_cat?post=2940"},{"taxonomy":"product_tag","embeddable":true,"href":"https:\/\/ncbeauty.fr\/en\/wp-json\/wp\/v2\/product_tag?post=2940"}],"curies":[{"name":"wp","href":"https:\/\/api.w.org\/{rel}","templated":true}]}}