{"id":2942,"date":"2024-04-04T19:26:12","date_gmt":"2024-04-04T19:26:12","guid":{"rendered":"https:\/\/ncbeauty.fr\/?post_type=product&#038;p=2942"},"modified":"2025-12-06T09:54:43","modified_gmt":"2025-12-06T09:54:43","slug":"kit-miss-lolo","status":"publish","type":"product","link":"https:\/\/ncbeauty.fr\/en\/produit\/kit-miss-lolo\/","title":{"rendered":"KIT MISS LOLO"},"content":{"rendered":"<h3>Mode d&#8217;utilisation<\/h3>\n<p>Prenez deux g\u00e9lules par jour avec un verre d\u2019eau,<br \/>\nPour nourrir votre beaut\u00e9 de l&#8217;int\u00e9rieur, tout en douceur.<\/p>\n<p>Le matin et le soir, savourez une cuill\u00e8re \u00e0 soupe de sirop,<br \/>\nPour un effet enchanteur, jour apr\u00e8s jour.<\/p>\n<p>Massez d\u00e9licatement vos seins avec l\u2019huile,<br \/>\nMatin et soir, pour une fermet\u00e9 et une gr\u00e2ce retrouv\u00e9es.<\/p>\n","protected":false},"excerpt":{"rendered":"<p><strong>\u00c0 la recherche de courbes voluptueuses ?<\/strong><br \/>\nSi vous souhaitez augmenter votre tour de poitrine de deux \u00e0 trois bonnets,<br \/>\nCe kit est fait pour vous. Il augmente le volume et raffermit vos seins,<br \/>\nPour une silhouette harmonieuse et s\u00e9duisante.<\/p>\n<h3>Pourquoi choisir le Kit Miss Lolo ?<\/h3>\n<ul>\n<li><strong>Des formes g\u00e9n\u00e9reuses<\/strong> : Gagnez en volume, pour une poitrine plus pleine.<\/li>\n<li><strong>Raffermissement<\/strong> : Apporte fermet\u00e9 et tonicit\u00e9 \u00e0 vos seins, m\u00eame apr\u00e8s une perte de volume.<\/li>\n<\/ul>\n<h3>Contenu du Kit Miss Lolo<\/h3>\n<ul>\n<li><strong>2 sirops pour la poitrine<\/strong> : Pour un d\u00e9veloppement rapide et efficace.<\/li>\n<li><strong> 2 bo\u00eetes de g\u00e9lules<\/strong> : Sp\u00e9cialement formul\u00e9es pour augmenter le volume des seins.<\/li>\n<li><strong>2 bouteilles d\u2019huile raffermissante<\/strong> : Id\u00e9ale pour redonner fermet\u00e9 et tonus \u00e0 votre poitrine.<\/li>\n<\/ul>\n<p><strong>R\u00e9v\u00e9lez la beaut\u00e9 de vos formes<\/strong> avec le Kit Miss Lolo,<br \/>\nEt laissez-vous s\u00e9duire par une transformation douce et envo\u00fbtante.<br \/>\nChaque jour, vos seins gagneront en pl\u00e9nitude et fermet\u00e9,<br \/>\nPour une allure confiante et irr\u00e9sistible.<\/p>\n","protected":false},"featured_media":5735,"comment_status":"open","ping_status":"closed","template":"","meta":{"_monsterinsights_skip_tracking":false,"_monsterinsights_sitenote_active":false,"_monsterinsights_sitenote_note":"","_monsterinsights_sitenote_category":0,"site-sidebar-layout":"default","site-content-layout":"","ast-site-content-layout":"default","site-content-style":"default","site-sidebar-style":"default","ast-global-header-display":"","ast-banner-title-visibility":"","ast-main-header-display":"","ast-hfb-above-header-display":"","ast-hfb-below-header-display":"","ast-hfb-mobile-header-display":"","site-post-title":"","ast-breadcrumbs-content":"","ast-featured-img":"","footer-sml-layout":"","theme-transparent-header-meta":"default","adv-header-id-meta":"","stick-header-meta":"","header-above-stick-meta":"","header-main-stick-meta":"","header-below-stick-meta":"","astra-migrate-meta-layouts":"set","ast-page-background-enabled":"default","ast-page-background-meta":{"desktop":{"background-color":"var(--ast-global-color-4)","background-image":"","background-repeat":"repeat","background-position":"center center","background-size":"auto","background-attachment":"scroll","background-type":"","background-media":"","overlay-type":"","overlay-color":"","overlay-opacity":"","overlay-gradient":""},"tablet":{"background-color":"","background-image":"","background-repeat":"repeat","background-position":"center center","background-size":"auto","background-attachment":"scroll","background-type":"","background-media":"","overlay-type":"","overlay-color":"","overlay-opacity":"","overlay-gradient":""},"mobile":{"background-color":"","background-image":"","background-repeat":"repeat","background-position":"center center","background-size":"auto","background-attachment":"scroll","background-type":"","background-media":"","overlay-type":"","overlay-color":"","overlay-opacity":"","overlay-gradient":""}},"ast-content-background-meta":{"desktop":{"background-color":"var(--ast-global-color-5)","background-image":"","background-repeat":"repeat","background-position":"center center","background-size":"auto","background-attachment":"scroll","background-type":"","background-media":"","overlay-type":"","overlay-color":"","overlay-opacity":"","overlay-gradient":""},"tablet":{"background-color":"var(--ast-global-color-5)","background-image":"","background-repeat":"repeat","background-position":"center center","background-size":"auto","background-attachment":"scroll","background-type":"","background-media":"","overlay-type":"","overlay-color":"","overlay-opacity":"","overlay-gradient":""},"mobile":{"background-color":"var(--ast-global-color-5)","background-image":"","background-repeat":"repeat","background-position":"center center","background-size":"auto","background-attachment":"scroll","background-type":"","background-media":"","overlay-type":"","overlay-color":"","overlay-opacity":"","overlay-gradient":""}},"_joinchat":[]},"product_brand":[],"product_cat":[106,36,25,87],"product_tag":[],"class_list":{"0":"post-2942","1":"product","2":"type-product","3":"status-publish","4":"has-post-thumbnail","6":"product_cat-mamaire","7":"product_cat-nos-pack","8":"product_cat-nos-produits-rondeur","9":"product_cat-prisse-de-poids","10":"desktop-align-left","11":"tablet-align-left","12":"mobile-align-left","13":"tm-has-options","15":"first","16":"instock","17":"taxable","18":"shipping-taxable","19":"purchasable","20":"product-type-simple"},"bundled_by":[],"bundle_stock_status":"instock","bundle_stock_quantity":19,"bundle_virtual":false,"bundle_layout":"","bundle_add_to_cart_form_location":"","bundle_editable_in_cart":false,"bundle_sold_individually_context":"","bundle_item_grouping":"","bundle_min_size":"","bundle_max_size":"","bundle_price":[],"bundled_items":[],"bundle_sell_ids":[],"aioseo_notices":[],"yoast_head":"\n<title>KIT MISS LOLO - NC BEAUTY<\/title>\n<meta name=\"robots\" content=\"index, follow, max-snippet:-1, max-image-preview:large, max-video-preview:-1\" \/>\n<link rel=\"canonical\" href=\"https:\/\/ncbeauty.fr\/produit\/kit-miss-lolo\/\" \/>\n<meta property=\"og:locale\" content=\"en_US\" \/>\n<meta property=\"og:type\" content=\"article\" \/>\n<meta property=\"og:title\" content=\"KIT MISS LOLO - NC BEAUTY\" \/>\n<meta property=\"og:description\" content=\"\u00c0 la recherche de courbes voluptueuses ? Si vous souhaitez augmenter votre tour de poitrine de deux \u00e0 trois bonnets, Ce kit est fait pour vous. Il augmente le volume et raffermit vos seins, Pour une silhouette harmonieuse et s\u00e9duisante. Pourquoi choisir le Kit Miss Lolo ?   Des formes g\u00e9n\u00e9reuses : Gagnez en volume, pour une poitrine plus pleine.  Raffermissement : Apporte fermet\u00e9 et tonicit\u00e9 \u00e0 vos seins, m\u00eame apr\u00e8s une perte de volume.  Contenu du Kit Miss Lolo   2 sirops pour la poitrine : Pour un d\u00e9veloppement rapide et efficace.   2 bo\u00eetes de g\u00e9lules : Sp\u00e9cialement formul\u00e9es pour augmenter le volume des seins.  2 bouteilles d\u2019huile raffermissante : Id\u00e9ale pour redonner fermet\u00e9 et tonus \u00e0 votre poitrine.  R\u00e9v\u00e9lez la beaut\u00e9 de vos formes avec le Kit Miss Lolo, Et laissez-vous s\u00e9duire par une transformation douce et envo\u00fbtante. Chaque jour, vos seins gagneront en pl\u00e9nitude et fermet\u00e9, Pour une allure confiante et irr\u00e9sistible.\" \/>\n<meta property=\"og:url\" content=\"https:\/\/ncbeauty.fr\/produit\/kit-miss-lolo\/\" \/>\n<meta property=\"og:site_name\" content=\"NC BEAUTY\" \/>\n<meta property=\"article:modified_time\" content=\"2025-12-06T09:54:43+00:00\" \/>\n<meta property=\"og:image\" content=\"https:\/\/ncbeauty.fr\/choaweex\/2024\/08\/Photoroom-20240724_235839.png\" \/>\n\t<meta property=\"og:image:width\" content=\"1600\" \/>\n\t<meta property=\"og:image:height\" content=\"1600\" \/>\n\t<meta property=\"og:image:type\" content=\"image\/png\" \/>\n<meta name=\"twitter:card\" content=\"summary_large_image\" \/>\n<meta name=\"twitter:label1\" content=\"Est. reading time\" \/>\n\t<meta name=\"twitter:data1\" content=\"1 minute\" \/>\n<script type=\"application\/ld+json\" class=\"yoast-schema-graph\">{\"@context\":\"https:\/\/schema.org\",\"@graph\":[{\"@type\":\"WebPage\",\"@id\":\"https:\/\/ncbeauty.fr\/produit\/kit-miss-lolo\/\",\"url\":\"https:\/\/ncbeauty.fr\/produit\/kit-miss-lolo\/\",\"name\":\"KIT MISS LOLO - NC BEAUTY\",\"isPartOf\":{\"@id\":\"https:\/\/ncbeauty.fr\/#website\"},\"primaryImageOfPage\":{\"@id\":\"https:\/\/ncbeauty.fr\/produit\/kit-miss-lolo\/#primaryimage\"},\"image\":{\"@id\":\"https:\/\/ncbeauty.fr\/produit\/kit-miss-lolo\/#primaryimage\"},\"thumbnailUrl\":\"https:\/\/ncbeauty.fr\/choaweex\/2024\/08\/Photoroom-20240724_235839.png\",\"datePublished\":\"2024-04-04T19:26:12+00:00\",\"dateModified\":\"2025-12-06T09:54:43+00:00\",\"breadcrumb\":{\"@id\":\"https:\/\/ncbeauty.fr\/produit\/kit-miss-lolo\/#breadcrumb\"},\"inLanguage\":\"en-US\",\"potentialAction\":[{\"@type\":\"ReadAction\",\"target\":[\"https:\/\/ncbeauty.fr\/produit\/kit-miss-lolo\/\"]}]},{\"@type\":\"ImageObject\",\"inLanguage\":\"en-US\",\"@id\":\"https:\/\/ncbeauty.fr\/produit\/kit-miss-lolo\/#primaryimage\",\"url\":\"https:\/\/ncbeauty.fr\/choaweex\/2024\/08\/Photoroom-20240724_235839.png\",\"contentUrl\":\"https:\/\/ncbeauty.fr\/choaweex\/2024\/08\/Photoroom-20240724_235839.png\",\"width\":1600,\"height\":1600},{\"@type\":\"BreadcrumbList\",\"@id\":\"https:\/\/ncbeauty.fr\/produit\/kit-miss-lolo\/#breadcrumb\",\"itemListElement\":[{\"@type\":\"ListItem\",\"position\":1,\"name\":\"Accueil\",\"item\":\"https:\/\/ncbeauty.fr\/\"},{\"@type\":\"ListItem\",\"position\":2,\"name\":\"Shop\",\"item\":\"https:\/\/ncbeauty.fr\/boutique\/\"},{\"@type\":\"ListItem\",\"position\":3,\"name\":\"KIT MISS LOLO\"}]},{\"@type\":\"WebSite\",\"@id\":\"https:\/\/ncbeauty.fr\/#website\",\"url\":\"https:\/\/ncbeauty.fr\/\",\"name\":\"NC BEAUTY\",\"description\":\"NC BEAUTY\",\"potentialAction\":[{\"@type\":\"SearchAction\",\"target\":{\"@type\":\"EntryPoint\",\"urlTemplate\":\"https:\/\/ncbeauty.fr\/?s={search_term_string}\"},\"query-input\":{\"@type\":\"PropertyValueSpecification\",\"valueRequired\":true,\"valueName\":\"search_term_string\"}}],\"inLanguage\":\"en-US\"}]}<\/script>\n","yoast_head_json":{"title":"KIT MISS LOLO - NC BEAUTY","robots":{"index":"index","follow":"follow","max-snippet":"max-snippet:-1","max-image-preview":"max-image-preview:large","max-video-preview":"max-video-preview:-1"},"canonical":"https:\/\/ncbeauty.fr\/produit\/kit-miss-lolo\/","og_locale":"en_US","og_type":"article","og_title":"KIT MISS LOLO - NC BEAUTY","og_description":"\u00c0 la recherche de courbes voluptueuses ? Si vous souhaitez augmenter votre tour de poitrine de deux \u00e0 trois bonnets, Ce kit est fait pour vous. Il augmente le volume et raffermit vos seins, Pour une silhouette harmonieuse et s\u00e9duisante. Pourquoi choisir le Kit Miss Lolo ?   Des formes g\u00e9n\u00e9reuses : Gagnez en volume, pour une poitrine plus pleine.  Raffermissement : Apporte fermet\u00e9 et tonicit\u00e9 \u00e0 vos seins, m\u00eame apr\u00e8s une perte de volume.  Contenu du Kit Miss Lolo   2 sirops pour la poitrine : Pour un d\u00e9veloppement rapide et efficace.   2 bo\u00eetes de g\u00e9lules : Sp\u00e9cialement formul\u00e9es pour augmenter le volume des seins.  2 bouteilles d\u2019huile raffermissante : Id\u00e9ale pour redonner fermet\u00e9 et tonus \u00e0 votre poitrine.  R\u00e9v\u00e9lez la beaut\u00e9 de vos formes avec le Kit Miss Lolo, Et laissez-vous s\u00e9duire par une transformation douce et envo\u00fbtante. Chaque jour, vos seins gagneront en pl\u00e9nitude et fermet\u00e9, Pour une allure confiante et irr\u00e9sistible.","og_url":"https:\/\/ncbeauty.fr\/produit\/kit-miss-lolo\/","og_site_name":"NC BEAUTY","article_modified_time":"2025-12-06T09:54:43+00:00","og_image":[{"width":1600,"height":1600,"url":"https:\/\/ncbeauty.fr\/choaweex\/2024\/08\/Photoroom-20240724_235839.png","type":"image\/png"}],"twitter_card":"summary_large_image","twitter_misc":{"Est. reading time":"1 minute"},"schema":{"@context":"https:\/\/schema.org","@graph":[{"@type":"WebPage","@id":"https:\/\/ncbeauty.fr\/produit\/kit-miss-lolo\/","url":"https:\/\/ncbeauty.fr\/produit\/kit-miss-lolo\/","name":"KIT MISS LOLO - NC BEAUTY","isPartOf":{"@id":"https:\/\/ncbeauty.fr\/#website"},"primaryImageOfPage":{"@id":"https:\/\/ncbeauty.fr\/produit\/kit-miss-lolo\/#primaryimage"},"image":{"@id":"https:\/\/ncbeauty.fr\/produit\/kit-miss-lolo\/#primaryimage"},"thumbnailUrl":"https:\/\/ncbeauty.fr\/choaweex\/2024\/08\/Photoroom-20240724_235839.png","datePublished":"2024-04-04T19:26:12+00:00","dateModified":"2025-12-06T09:54:43+00:00","breadcrumb":{"@id":"https:\/\/ncbeauty.fr\/produit\/kit-miss-lolo\/#breadcrumb"},"inLanguage":"en-US","potentialAction":[{"@type":"ReadAction","target":["https:\/\/ncbeauty.fr\/produit\/kit-miss-lolo\/"]}]},{"@type":"ImageObject","inLanguage":"en-US","@id":"https:\/\/ncbeauty.fr\/produit\/kit-miss-lolo\/#primaryimage","url":"https:\/\/ncbeauty.fr\/choaweex\/2024\/08\/Photoroom-20240724_235839.png","contentUrl":"https:\/\/ncbeauty.fr\/choaweex\/2024\/08\/Photoroom-20240724_235839.png","width":1600,"height":1600},{"@type":"BreadcrumbList","@id":"https:\/\/ncbeauty.fr\/produit\/kit-miss-lolo\/#breadcrumb","itemListElement":[{"@type":"ListItem","position":1,"name":"Accueil","item":"https:\/\/ncbeauty.fr\/"},{"@type":"ListItem","position":2,"name":"Shop","item":"https:\/\/ncbeauty.fr\/boutique\/"},{"@type":"ListItem","position":3,"name":"KIT MISS LOLO"}]},{"@type":"WebSite","@id":"https:\/\/ncbeauty.fr\/#website","url":"https:\/\/ncbeauty.fr\/","name":"NC BEAUTY","description":"NC BEAUTY","potentialAction":[{"@type":"SearchAction","target":{"@type":"EntryPoint","urlTemplate":"https:\/\/ncbeauty.fr\/?s={search_term_string}"},"query-input":{"@type":"PropertyValueSpecification","valueRequired":true,"valueName":"search_term_string"}}],"inLanguage":"en-US"}]}},"jetpack_sharing_enabled":true,"_links":{"self":[{"href":"https:\/\/ncbeauty.fr\/en\/wp-json\/wp\/v2\/product\/2942","targetHints":{"allow":["GET"]}}],"collection":[{"href":"https:\/\/ncbeauty.fr\/en\/wp-json\/wp\/v2\/product"}],"about":[{"href":"https:\/\/ncbeauty.fr\/en\/wp-json\/wp\/v2\/types\/product"}],"replies":[{"embeddable":true,"href":"https:\/\/ncbeauty.fr\/en\/wp-json\/wp\/v2\/comments?post=2942"}],"wp:featuredmedia":[{"embeddable":true,"href":"https:\/\/ncbeauty.fr\/en\/wp-json\/wp\/v2\/media\/5735"}],"wp:attachment":[{"href":"https:\/\/ncbeauty.fr\/en\/wp-json\/wp\/v2\/media?parent=2942"}],"wp:term":[{"taxonomy":"product_brand","embeddable":true,"href":"https:\/\/ncbeauty.fr\/en\/wp-json\/wp\/v2\/product_brand?post=2942"},{"taxonomy":"product_cat","embeddable":true,"href":"https:\/\/ncbeauty.fr\/en\/wp-json\/wp\/v2\/product_cat?post=2942"},{"taxonomy":"product_tag","embeddable":true,"href":"https:\/\/ncbeauty.fr\/en\/wp-json\/wp\/v2\/product_tag?post=2942"}],"curies":[{"name":"wp","href":"https:\/\/api.w.org\/{rel}","templated":true}]}}