{"id":3397,"date":"2024-04-27T14:01:52","date_gmt":"2024-04-27T14:01:52","guid":{"rendered":"https:\/\/ncbeauty.fr\/?post_type=product&#038;p=3397"},"modified":"2026-03-29T16:00:35","modified_gmt":"2026-03-29T16:00:35","slug":"huile-effets-immediat","status":"publish","type":"product","link":"https:\/\/ncbeauty.fr\/en\/produit\/huile-effets-immediat\/","title":{"rendered":"Huile effets imm\u00e9diats"},"content":{"rendered":"<h3 data-start=\"2360\" data-end=\"2390\"><\/h3>\n<h3 data-start=\"327\" data-end=\"381\">\ud83d\udc81\u200d\u2640\ufe0f <strong data-start=\"337\" data-end=\"381\">Conseils d\u2019utilisation pour vos clientes<\/strong><\/h3>\n<h4 data-start=\"383\" data-end=\"428\">\ud83c\udf3f 1. <strong data-start=\"394\" data-end=\"428\">Comment bien appliquer l\u2019huile<\/strong><\/h4>\n<ul data-start=\"429\" data-end=\"813\">\n<li data-start=\"429\" data-end=\"566\">\n<p data-start=\"431\" data-end=\"566\">Appliquez l\u2019huile <strong data-start=\"449\" data-end=\"482\">de pr\u00e9f\u00e9rence apr\u00e8s la douche<\/strong>, sur une peau propre et l\u00e9g\u00e8rement humide pour favoriser la p\u00e9n\u00e9tration des actifs.<\/p>\n<\/li>\n<li data-start=\"567\" data-end=\"759\">\n<p data-start=\"569\" data-end=\"759\">R\u00e9chauffez quelques gouttes dans vos mains, puis <strong data-start=\"618\" data-end=\"646\">massez les zones cibl\u00e9es<\/strong> (seins, hanches, fesses, ou zone intime) pendant <strong data-start=\"696\" data-end=\"714\">5 \u00e0 10 minutes<\/strong> en mouvements circulaires, fermes mais doux.<\/p>\n<\/li>\n<li data-start=\"760\" data-end=\"813\">\n<p data-start=\"762\" data-end=\"813\">Utilisez matin et soir pour de meilleurs r\u00e9sultats.<\/p>\n<\/li>\n<\/ul>\n<h4 data-start=\"815\" data-end=\"845\">\ud83e\uddf4 2. <strong data-start=\"826\" data-end=\"845\">Soyez r\u00e9guli\u00e8re<\/strong><\/h4>\n<ul data-start=\"846\" data-end=\"1115\">\n<li data-start=\"846\" data-end=\"975\">\n<p data-start=\"848\" data-end=\"975\">Les r\u00e9sultats apparaissent progressivement. Soyez constante dans l&#8217;application quotidienne pendant <strong data-start=\"947\" data-end=\"974\">au moins 3 \u00e0 4 semaines<\/strong>.<\/p>\n<\/li>\n<li data-start=\"976\" data-end=\"1115\">\n<p data-start=\"978\" data-end=\"1115\">Faites-en un moment de <strong data-start=\"1001\" data-end=\"1021\">rituel bien-\u00eatre<\/strong> plut\u00f4t qu&#8217;une corv\u00e9e. Vous verrez des r\u00e9sultats et vous vous sentirez mieux dans votre corps.<\/p>\n<\/li>\n<\/ul>\n<h3 data-start=\"2360\" data-end=\"2390\"><\/h3>\n<h3 data-start=\"2360\" data-end=\"2390\"><\/h3>\n<h3 data-start=\"2360\" data-end=\"2390\"><\/h3>\n<h3 data-start=\"2360\" data-end=\"2390\"><\/h3>\n<h3 data-start=\"2360\" data-end=\"2390\">\u2728 BONUS : Id\u00e9es de slogans<\/h3>\n<ul data-start=\"2391\" data-end=\"2492\">\n<li data-start=\"2391\" data-end=\"2430\">\n<p data-start=\"2393\" data-end=\"2430\">\u201cR\u00e9v\u00e9lez vos courbes, naturellement.\u201d<\/p>\n<\/li>\n<li data-start=\"2431\" data-end=\"2455\">\n<p data-start=\"2433\" data-end=\"2455\">\u201cConfiance en flacon.\u201d<\/p>\n<\/li>\n<li data-start=\"2456\" data-end=\"2492\">\n<p data-start=\"2458\" data-end=\"2492\">\u201cVotre silhouette, votre pouvoir.\u201d<\/p>\n<\/li>\n<\/ul>\n","protected":false},"excerpt":{"rendered":"<p data-start=\"125\" data-end=\"411\">le secret de beaut\u00e9 ultime pour r\u00e9v\u00e9ler naturellement vos courbes les plus d\u00e9sir\u00e9es. \u00c9labor\u00e9e avec soin et pr\u00e9cision, cette huile innovante est sp\u00e9cialement con\u00e7ue pour offrir des r\u00e9sultats visibles d\u00e8s les premi\u00e8res applications.<\/p>\n<p data-start=\"413\" data-end=\"734\">Formul\u00e9e \u00e0 base d\u2019ingr\u00e9dients naturels rigoureusement s\u00e9lectionn\u00e9s, elle agit en profondeur pour stimuler le d\u00e9veloppement des seins, des hanches, des fesses, et m\u00eame du p\u00e9nis. Id\u00e9ale pour sculpter une silhouette plus voluptueuse et harmonieuse, elle vous aide \u00e0 dire adieu aux complexes et \u00e0 retrouver confiance en vous.<\/p>\n<p data-start=\"736\" data-end=\"955\">Son application est un v\u00e9ritable moment de plaisir : elle laisse la peau douce, nourrie et subtilement parfum\u00e9e. Offrez- vous une exp\u00e9rience sensorielle unique et red\u00e9couvrez votre corps avec assurance et \u00e9panouissement.<\/p>\n<p data-start=\"957\" data-end=\"1145\"><strong data-start=\"957\" data-end=\"1145\">N\u2019attendez plus pour r\u00e9v\u00e9ler la meilleure version de vous-m\u00eame. Essayez notre Huile Effets Imm\u00e9diats d\u00e8s aujourd\u2019hui et laissez la magie op\u00e9rer pour des r\u00e9sultats visibles et durables.<\/strong><\/p>\n","protected":false},"featured_media":5718,"comment_status":"open","ping_status":"closed","template":"","meta":{"_monsterinsights_skip_tracking":false,"_monsterinsights_sitenote_active":false,"_monsterinsights_sitenote_note":"","_monsterinsights_sitenote_category":0,"site-sidebar-layout":"default","site-content-layout":"","ast-site-content-layout":"default","site-content-style":"default","site-sidebar-style":"default","ast-global-header-display":"","ast-banner-title-visibility":"","ast-main-header-display":"","ast-hfb-above-header-display":"","ast-hfb-below-header-display":"","ast-hfb-mobile-header-display":"","site-post-title":"","ast-breadcrumbs-content":"","ast-featured-img":"","footer-sml-layout":"","theme-transparent-header-meta":"default","adv-header-id-meta":"","stick-header-meta":"","header-above-stick-meta":"","header-main-stick-meta":"","header-below-stick-meta":"","astra-migrate-meta-layouts":"set","ast-page-background-enabled":"default","ast-page-background-meta":{"desktop":{"background-color":"var(--ast-global-color-4)","background-image":"","background-repeat":"repeat","background-position":"center center","background-size":"auto","background-attachment":"scroll","background-type":"","background-media":"","overlay-type":"","overlay-color":"","overlay-opacity":"","overlay-gradient":""},"tablet":{"background-color":"","background-image":"","background-repeat":"repeat","background-position":"center center","background-size":"auto","background-attachment":"scroll","background-type":"","background-media":"","overlay-type":"","overlay-color":"","overlay-opacity":"","overlay-gradient":""},"mobile":{"background-color":"","background-image":"","background-repeat":"repeat","background-position":"center center","background-size":"auto","background-attachment":"scroll","background-type":"","background-media":"","overlay-type":"","overlay-color":"","overlay-opacity":"","overlay-gradient":""}},"ast-content-background-meta":{"desktop":{"background-color":"var(--ast-global-color-5)","background-image":"","background-repeat":"repeat","background-position":"center center","background-size":"auto","background-attachment":"scroll","background-type":"","background-media":"","overlay-type":"","overlay-color":"","overlay-opacity":"","overlay-gradient":""},"tablet":{"background-color":"var(--ast-global-color-5)","background-image":"","background-repeat":"repeat","background-position":"center center","background-size":"auto","background-attachment":"scroll","background-type":"","background-media":"","overlay-type":"","overlay-color":"","overlay-opacity":"","overlay-gradient":""},"mobile":{"background-color":"var(--ast-global-color-5)","background-image":"","background-repeat":"repeat","background-position":"center center","background-size":"auto","background-attachment":"scroll","background-type":"","background-media":"","overlay-type":"","overlay-color":"","overlay-opacity":"","overlay-gradient":""}},"_joinchat":[]},"product_brand":[],"product_cat":[106,24],"product_tag":[],"class_list":{"0":"post-3397","1":"product","2":"type-product","3":"status-publish","4":"has-post-thumbnail","6":"product_cat-mamaire","7":"product_cat-nos-produits-aphrodisiaque","8":"desktop-align-left","9":"tablet-align-left","10":"mobile-align-left","11":"tm-has-options","13":"first","14":"instock","15":"featured","16":"taxable","17":"shipping-taxable","18":"purchasable","19":"product-type-simple"},"bundled_by":["3393"],"bundle_stock_status":"instock","bundle_stock_quantity":3,"bundle_virtual":false,"bundle_layout":"","bundle_add_to_cart_form_location":"","bundle_editable_in_cart":false,"bundle_sold_individually_context":"","bundle_item_grouping":"","bundle_min_size":"","bundle_max_size":"","bundle_price":[],"bundled_items":[],"bundle_sell_ids":[],"aioseo_notices":[],"yoast_head":"\n<title>Huile effets imm\u00e9diats - NC BEAUTY<\/title>\n<meta name=\"robots\" content=\"index, follow, max-snippet:-1, max-image-preview:large, max-video-preview:-1\" \/>\n<link rel=\"canonical\" href=\"https:\/\/ncbeauty.fr\/produit\/huile-effets-immediat\/\" \/>\n<meta property=\"og:locale\" content=\"en_US\" \/>\n<meta property=\"og:type\" content=\"article\" \/>\n<meta property=\"og:title\" content=\"Huile effets imm\u00e9diats - NC BEAUTY\" \/>\n<meta property=\"og:description\" content=\"le secret de beaut\u00e9 ultime pour r\u00e9v\u00e9ler naturellement vos courbes les plus d\u00e9sir\u00e9es. \u00c9labor\u00e9e avec soin et pr\u00e9cision, cette huile innovante est sp\u00e9cialement con\u00e7ue pour offrir des r\u00e9sultats visibles d\u00e8s les premi\u00e8res applications. Formul\u00e9e \u00e0 base d\u2019ingr\u00e9dients naturels rigoureusement s\u00e9lectionn\u00e9s, elle agit en profondeur pour stimuler le d\u00e9veloppement des seins, des hanches, des fesses, et m\u00eame du p\u00e9nis. Id\u00e9ale pour sculpter une silhouette plus voluptueuse et harmonieuse, elle vous aide \u00e0 dire adieu aux complexes et \u00e0 retrouver confiance en vous. Son application est un v\u00e9ritable moment de plaisir : elle laisse la peau douce, nourrie et subtilement parfum\u00e9e. Offrez- vous une exp\u00e9rience sensorielle unique et red\u00e9couvrez votre corps avec assurance et \u00e9panouissement. N\u2019attendez plus pour r\u00e9v\u00e9ler la meilleure version de vous-m\u00eame. Essayez notre Huile Effets Imm\u00e9diats d\u00e8s aujourd\u2019hui et laissez la magie op\u00e9rer pour des r\u00e9sultats visibles et durables.\" \/>\n<meta property=\"og:url\" content=\"https:\/\/ncbeauty.fr\/produit\/huile-effets-immediat\/\" \/>\n<meta property=\"og:site_name\" content=\"NC BEAUTY\" \/>\n<meta property=\"article:modified_time\" content=\"2026-03-29T16:00:35+00:00\" \/>\n<meta property=\"og:image\" content=\"https:\/\/ncbeauty.fr\/choaweex\/2024\/08\/Photoroom-20240724_010906.png\" \/>\n\t<meta property=\"og:image:width\" content=\"1600\" \/>\n\t<meta property=\"og:image:height\" content=\"1600\" \/>\n\t<meta property=\"og:image:type\" content=\"image\/png\" \/>\n<meta name=\"twitter:card\" content=\"summary_large_image\" \/>\n<meta name=\"twitter:label1\" content=\"Est. reading time\" \/>\n\t<meta name=\"twitter:data1\" content=\"1 minute\" \/>\n<script type=\"application\/ld+json\" class=\"yoast-schema-graph\">{\"@context\":\"https:\/\/schema.org\",\"@graph\":[{\"@type\":\"WebPage\",\"@id\":\"https:\/\/ncbeauty.fr\/produit\/huile-effets-immediat\/\",\"url\":\"https:\/\/ncbeauty.fr\/produit\/huile-effets-immediat\/\",\"name\":\"Huile effets imm\u00e9diats - NC BEAUTY\",\"isPartOf\":{\"@id\":\"https:\/\/ncbeauty.fr\/#website\"},\"primaryImageOfPage\":{\"@id\":\"https:\/\/ncbeauty.fr\/produit\/huile-effets-immediat\/#primaryimage\"},\"image\":{\"@id\":\"https:\/\/ncbeauty.fr\/produit\/huile-effets-immediat\/#primaryimage\"},\"thumbnailUrl\":\"https:\/\/ncbeauty.fr\/choaweex\/2024\/08\/Photoroom-20240724_010906.png\",\"datePublished\":\"2024-04-27T14:01:52+00:00\",\"dateModified\":\"2026-03-29T16:00:35+00:00\",\"breadcrumb\":{\"@id\":\"https:\/\/ncbeauty.fr\/produit\/huile-effets-immediat\/#breadcrumb\"},\"inLanguage\":\"en-US\",\"potentialAction\":[{\"@type\":\"ReadAction\",\"target\":[\"https:\/\/ncbeauty.fr\/produit\/huile-effets-immediat\/\"]}]},{\"@type\":\"ImageObject\",\"inLanguage\":\"en-US\",\"@id\":\"https:\/\/ncbeauty.fr\/produit\/huile-effets-immediat\/#primaryimage\",\"url\":\"https:\/\/ncbeauty.fr\/choaweex\/2024\/08\/Photoroom-20240724_010906.png\",\"contentUrl\":\"https:\/\/ncbeauty.fr\/choaweex\/2024\/08\/Photoroom-20240724_010906.png\",\"width\":1600,\"height\":1600},{\"@type\":\"BreadcrumbList\",\"@id\":\"https:\/\/ncbeauty.fr\/produit\/huile-effets-immediat\/#breadcrumb\",\"itemListElement\":[{\"@type\":\"ListItem\",\"position\":1,\"name\":\"Accueil\",\"item\":\"https:\/\/ncbeauty.fr\/\"},{\"@type\":\"ListItem\",\"position\":2,\"name\":\"Shop\",\"item\":\"https:\/\/ncbeauty.fr\/boutique\/\"},{\"@type\":\"ListItem\",\"position\":3,\"name\":\"Huile effets imm\u00e9diats\"}]},{\"@type\":\"WebSite\",\"@id\":\"https:\/\/ncbeauty.fr\/#website\",\"url\":\"https:\/\/ncbeauty.fr\/\",\"name\":\"NC BEAUTY\",\"description\":\"NC BEAUTY\",\"potentialAction\":[{\"@type\":\"SearchAction\",\"target\":{\"@type\":\"EntryPoint\",\"urlTemplate\":\"https:\/\/ncbeauty.fr\/?s={search_term_string}\"},\"query-input\":{\"@type\":\"PropertyValueSpecification\",\"valueRequired\":true,\"valueName\":\"search_term_string\"}}],\"inLanguage\":\"en-US\"}]}<\/script>\n","yoast_head_json":{"title":"Huile effets imm\u00e9diats - NC BEAUTY","robots":{"index":"index","follow":"follow","max-snippet":"max-snippet:-1","max-image-preview":"max-image-preview:large","max-video-preview":"max-video-preview:-1"},"canonical":"https:\/\/ncbeauty.fr\/produit\/huile-effets-immediat\/","og_locale":"en_US","og_type":"article","og_title":"Huile effets imm\u00e9diats - NC BEAUTY","og_description":"le secret de beaut\u00e9 ultime pour r\u00e9v\u00e9ler naturellement vos courbes les plus d\u00e9sir\u00e9es. \u00c9labor\u00e9e avec soin et pr\u00e9cision, cette huile innovante est sp\u00e9cialement con\u00e7ue pour offrir des r\u00e9sultats visibles d\u00e8s les premi\u00e8res applications. Formul\u00e9e \u00e0 base d\u2019ingr\u00e9dients naturels rigoureusement s\u00e9lectionn\u00e9s, elle agit en profondeur pour stimuler le d\u00e9veloppement des seins, des hanches, des fesses, et m\u00eame du p\u00e9nis. Id\u00e9ale pour sculpter une silhouette plus voluptueuse et harmonieuse, elle vous aide \u00e0 dire adieu aux complexes et \u00e0 retrouver confiance en vous. Son application est un v\u00e9ritable moment de plaisir : elle laisse la peau douce, nourrie et subtilement parfum\u00e9e. Offrez- vous une exp\u00e9rience sensorielle unique et red\u00e9couvrez votre corps avec assurance et \u00e9panouissement. N\u2019attendez plus pour r\u00e9v\u00e9ler la meilleure version de vous-m\u00eame. Essayez notre Huile Effets Imm\u00e9diats d\u00e8s aujourd\u2019hui et laissez la magie op\u00e9rer pour des r\u00e9sultats visibles et durables.","og_url":"https:\/\/ncbeauty.fr\/produit\/huile-effets-immediat\/","og_site_name":"NC BEAUTY","article_modified_time":"2026-03-29T16:00:35+00:00","og_image":[{"width":1600,"height":1600,"url":"https:\/\/ncbeauty.fr\/choaweex\/2024\/08\/Photoroom-20240724_010906.png","type":"image\/png"}],"twitter_card":"summary_large_image","twitter_misc":{"Est. reading time":"1 minute"},"schema":{"@context":"https:\/\/schema.org","@graph":[{"@type":"WebPage","@id":"https:\/\/ncbeauty.fr\/produit\/huile-effets-immediat\/","url":"https:\/\/ncbeauty.fr\/produit\/huile-effets-immediat\/","name":"Huile effets imm\u00e9diats - NC BEAUTY","isPartOf":{"@id":"https:\/\/ncbeauty.fr\/#website"},"primaryImageOfPage":{"@id":"https:\/\/ncbeauty.fr\/produit\/huile-effets-immediat\/#primaryimage"},"image":{"@id":"https:\/\/ncbeauty.fr\/produit\/huile-effets-immediat\/#primaryimage"},"thumbnailUrl":"https:\/\/ncbeauty.fr\/choaweex\/2024\/08\/Photoroom-20240724_010906.png","datePublished":"2024-04-27T14:01:52+00:00","dateModified":"2026-03-29T16:00:35+00:00","breadcrumb":{"@id":"https:\/\/ncbeauty.fr\/produit\/huile-effets-immediat\/#breadcrumb"},"inLanguage":"en-US","potentialAction":[{"@type":"ReadAction","target":["https:\/\/ncbeauty.fr\/produit\/huile-effets-immediat\/"]}]},{"@type":"ImageObject","inLanguage":"en-US","@id":"https:\/\/ncbeauty.fr\/produit\/huile-effets-immediat\/#primaryimage","url":"https:\/\/ncbeauty.fr\/choaweex\/2024\/08\/Photoroom-20240724_010906.png","contentUrl":"https:\/\/ncbeauty.fr\/choaweex\/2024\/08\/Photoroom-20240724_010906.png","width":1600,"height":1600},{"@type":"BreadcrumbList","@id":"https:\/\/ncbeauty.fr\/produit\/huile-effets-immediat\/#breadcrumb","itemListElement":[{"@type":"ListItem","position":1,"name":"Accueil","item":"https:\/\/ncbeauty.fr\/"},{"@type":"ListItem","position":2,"name":"Shop","item":"https:\/\/ncbeauty.fr\/boutique\/"},{"@type":"ListItem","position":3,"name":"Huile effets imm\u00e9diats"}]},{"@type":"WebSite","@id":"https:\/\/ncbeauty.fr\/#website","url":"https:\/\/ncbeauty.fr\/","name":"NC BEAUTY","description":"NC BEAUTY","potentialAction":[{"@type":"SearchAction","target":{"@type":"EntryPoint","urlTemplate":"https:\/\/ncbeauty.fr\/?s={search_term_string}"},"query-input":{"@type":"PropertyValueSpecification","valueRequired":true,"valueName":"search_term_string"}}],"inLanguage":"en-US"}]}},"jetpack_sharing_enabled":true,"_links":{"self":[{"href":"https:\/\/ncbeauty.fr\/en\/wp-json\/wp\/v2\/product\/3397","targetHints":{"allow":["GET"]}}],"collection":[{"href":"https:\/\/ncbeauty.fr\/en\/wp-json\/wp\/v2\/product"}],"about":[{"href":"https:\/\/ncbeauty.fr\/en\/wp-json\/wp\/v2\/types\/product"}],"replies":[{"embeddable":true,"href":"https:\/\/ncbeauty.fr\/en\/wp-json\/wp\/v2\/comments?post=3397"}],"wp:featuredmedia":[{"embeddable":true,"href":"https:\/\/ncbeauty.fr\/en\/wp-json\/wp\/v2\/media\/5718"}],"wp:attachment":[{"href":"https:\/\/ncbeauty.fr\/en\/wp-json\/wp\/v2\/media?parent=3397"}],"wp:term":[{"taxonomy":"product_brand","embeddable":true,"href":"https:\/\/ncbeauty.fr\/en\/wp-json\/wp\/v2\/product_brand?post=3397"},{"taxonomy":"product_cat","embeddable":true,"href":"https:\/\/ncbeauty.fr\/en\/wp-json\/wp\/v2\/product_cat?post=3397"},{"taxonomy":"product_tag","embeddable":true,"href":"https:\/\/ncbeauty.fr\/en\/wp-json\/wp\/v2\/product_tag?post=3397"}],"curies":[{"name":"wp","href":"https:\/\/api.w.org\/{rel}","templated":true}]}}