{"id":508,"date":"2022-09-07T00:34:24","date_gmt":"2022-09-07T00:34:24","guid":{"rendered":"https:\/\/ncbeauty.fr\/?post_type=product&#038;p=508"},"modified":"2025-12-22T11:54:35","modified_gmt":"2025-12-22T11:54:35","slug":"kit-guinee","status":"publish","type":"product","link":"https:\/\/ncbeauty.fr\/en\/produit\/kit-guinee\/","title":{"rendered":"KIT GUINEE"},"content":{"rendered":"<p>Le kit Guin\u00e9e :<\/p>\n<p>Ce pack contient une boite de cr\u00e8me volumineuse.<\/p>\n<p>Une boite de suppo rondeur.<\/p>\n<p>Une boite de g\u00e9lules bbl.<\/p>\n<p>Id\u00e9al pour toutes les morphologies.<\/p>\n<p>G\u00e9lules tr\u00e8s faciles avale.<\/p>\n<p>Dur\u00e9e\u202f: 1 mois<\/p>\n<p>&nbsp;<\/p>\n<ul>\n<li>Quand le prendre : il est recommand\u00e9 de<\/li>\n<li>prendre une pilule le matin et une autre le soir.<\/li>\n<li>Produits naturels sans effets secondaires<\/li>\n<\/ul>\n","protected":false},"excerpt":{"rendered":"<p>D\u00e9couvrez <strong>l&#8217;essence m\u00eame de la beaut\u00e9<\/strong> avec le Kit Guin\u00e9e, une invitation \u00e0 l&#8217;\u00e9panouissement de soi. Cette s\u00e9lection exquise offre une symphonie de soins pour magnifier vos courbes naturelles. Laissez-vous enchanter par <strong>une cr\u00e8me voluptueuse<\/strong>, une \u00e9treinte tendre pour votre peau. <strong>Les suppos rondeurs<\/strong> apportent une douceur enveloppante, tandis que <strong>les g\u00e9lules fessier<\/strong> r\u00e9v\u00e8lent une silhouette sculpt\u00e9e avec d\u00e9licatesse. <strong>Adapt\u00e9 \u00e0 toutes les morphologies<\/strong>, ce rituel de bien-\u00eatre vous accompagne avec \u00e9l\u00e9gance. Faciles \u00e0 avaler, ces g\u00e9lules vous promettent un mois de gr\u00e2ce et de confiance en vous-m\u00eame. Embrassez votre beaut\u00e9 int\u00e9rieure et ext\u00e9rieure avec le Kit Guin\u00e9e.<\/p>\n","protected":false},"featured_media":12854,"comment_status":"open","ping_status":"closed","template":"","meta":{"_monsterinsights_skip_tracking":false,"_monsterinsights_sitenote_active":false,"_monsterinsights_sitenote_note":"","_monsterinsights_sitenote_category":0,"site-sidebar-layout":"default","site-content-layout":"","ast-site-content-layout":"default","site-content-style":"default","site-sidebar-style":"default","ast-global-header-display":"","ast-banner-title-visibility":"","ast-main-header-display":"","ast-hfb-above-header-display":"","ast-hfb-below-header-display":"","ast-hfb-mobile-header-display":"","site-post-title":"","ast-breadcrumbs-content":"","ast-featured-img":"","footer-sml-layout":"","theme-transparent-header-meta":"default","adv-header-id-meta":"","stick-header-meta":"","header-above-stick-meta":"","header-main-stick-meta":"","header-below-stick-meta":"","astra-migrate-meta-layouts":"set","ast-page-background-enabled":"default","ast-page-background-meta":{"desktop":{"background-color":"var(--ast-global-color-4)","background-image":"","background-repeat":"repeat","background-position":"center center","background-size":"auto","background-attachment":"scroll","background-type":"","background-media":"","overlay-type":"","overlay-color":"","overlay-opacity":"","overlay-gradient":""},"tablet":{"background-color":"","background-image":"","background-repeat":"repeat","background-position":"center center","background-size":"auto","background-attachment":"scroll","background-type":"","background-media":"","overlay-type":"","overlay-color":"","overlay-opacity":"","overlay-gradient":""},"mobile":{"background-color":"","background-image":"","background-repeat":"repeat","background-position":"center center","background-size":"auto","background-attachment":"scroll","background-type":"","background-media":"","overlay-type":"","overlay-color":"","overlay-opacity":"","overlay-gradient":""}},"ast-content-background-meta":{"desktop":{"background-color":"var(--ast-global-color-5)","background-image":"","background-repeat":"repeat","background-position":"center center","background-size":"auto","background-attachment":"scroll","background-type":"","background-media":"","overlay-type":"","overlay-color":"","overlay-opacity":"","overlay-gradient":""},"tablet":{"background-color":"var(--ast-global-color-5)","background-image":"","background-repeat":"repeat","background-position":"center center","background-size":"auto","background-attachment":"scroll","background-type":"","background-media":"","overlay-type":"","overlay-color":"","overlay-opacity":"","overlay-gradient":""},"mobile":{"background-color":"var(--ast-global-color-5)","background-image":"","background-repeat":"repeat","background-position":"center center","background-size":"auto","background-attachment":"scroll","background-type":"","background-media":"","overlay-type":"","overlay-color":"","overlay-opacity":"","overlay-gradient":""}},"_joinchat":[]},"product_brand":[],"product_cat":[36],"product_tag":[],"class_list":{"0":"post-508","1":"product","2":"type-product","3":"status-publish","4":"has-post-thumbnail","6":"product_cat-nos-pack","7":"desktop-align-left","8":"tablet-align-left","9":"mobile-align-left","10":"tm-has-options","12":"first","13":"instock","14":"taxable","15":"shipping-taxable","16":"purchasable","17":"product-type-bundle"},"bundled_by":[],"bundle_stock_status":"instock","bundle_stock_quantity":9,"bundle_virtual":false,"bundle_layout":"default","bundle_add_to_cart_form_location":"default","bundle_editable_in_cart":false,"bundle_sold_individually_context":"product","bundle_item_grouping":"parent","bundle_min_size":"","bundle_max_size":"","bundle_price":{"price":{"min":{"incl_tax":"210","excl_tax":"210"},"max":{"incl_tax":"210","excl_tax":"210"}},"regular_price":{"min":{"incl_tax":"210","excl_tax":"210"},"max":{"incl_tax":"210","excl_tax":"210"}}},"bundled_items":[{"bundled_item_id":113,"product_id":2054,"menu_order":0,"quantity_min":2,"quantity_max":2,"quantity_default":2,"priced_individually":false,"shipped_individually":false,"override_title":false,"title":"SIROP NCBEAUTY","override_description":false,"description":"","optional":false,"hide_thumbnail":false,"discount":"","override_variations":false,"allowed_variations":[],"override_default_variation_attributes":false,"default_variation_attributes":[],"single_product_visibility":"visible","cart_visibility":"visible","order_visibility":"visible","single_product_price_visibility":"visible","cart_price_visibility":"visible","order_price_visibility":"visible","stock_status":"in_stock"},{"bundled_item_id":114,"product_id":280,"menu_order":1,"quantity_min":1,"quantity_max":1,"quantity_default":1,"priced_individually":false,"shipped_individually":false,"override_title":false,"title":"CR\u00c8ME  VOLUMATRICE","override_description":false,"description":"","optional":false,"hide_thumbnail":false,"discount":"","override_variations":false,"allowed_variations":[],"override_default_variation_attributes":false,"default_variation_attributes":[],"single_product_visibility":"visible","cart_visibility":"visible","order_visibility":"visible","single_product_price_visibility":"visible","cart_price_visibility":"visible","order_price_visibility":"visible","stock_status":"in_stock"},{"bundled_item_id":115,"product_id":5772,"menu_order":2,"quantity_min":1,"quantity_max":1,"quantity_default":1,"priced_individually":false,"shipped_individually":false,"override_title":false,"title":"CEREAL FESSIER","override_description":false,"description":"","optional":false,"hide_thumbnail":false,"discount":"","override_variations":false,"allowed_variations":[],"override_default_variation_attributes":false,"default_variation_attributes":[],"single_product_visibility":"visible","cart_visibility":"visible","order_visibility":"visible","single_product_price_visibility":"visible","cart_price_visibility":"visible","order_price_visibility":"visible","stock_status":"in_stock"},{"bundled_item_id":190,"product_id":12844,"menu_order":3,"quantity_min":1,"quantity_max":1,"quantity_default":1,"priced_individually":false,"shipped_individually":false,"override_title":false,"title":"Gummies BUTTOCKS","override_description":false,"description":"","optional":false,"hide_thumbnail":false,"discount":"","override_variations":false,"allowed_variations":[],"override_default_variation_attributes":false,"default_variation_attributes":[],"single_product_visibility":"visible","cart_visibility":"visible","order_visibility":"visible","single_product_price_visibility":"visible","cart_price_visibility":"visible","order_price_visibility":"visible","stock_status":"in_stock"}],"bundle_sell_ids":[],"aioseo_notices":[],"yoast_head":"\n<title>KIT GUINEE - NC BEAUTY<\/title>\n<meta name=\"robots\" content=\"index, follow, max-snippet:-1, max-image-preview:large, max-video-preview:-1\" \/>\n<link rel=\"canonical\" href=\"https:\/\/ncbeauty.fr\/produit\/kit-guinee\/\" \/>\n<meta property=\"og:locale\" content=\"en_US\" \/>\n<meta property=\"og:type\" content=\"article\" \/>\n<meta property=\"og:title\" content=\"KIT GUINEE - NC BEAUTY\" \/>\n<meta property=\"og:description\" content=\"D\u00e9couvrez l&#039;essence m\u00eame de la beaut\u00e9 avec le Kit Guin\u00e9e, une invitation \u00e0 l&#039;\u00e9panouissement de soi. Cette s\u00e9lection exquise offre une symphonie de soins pour magnifier vos courbes naturelles. Laissez-vous enchanter par une cr\u00e8me voluptueuse, une \u00e9treinte tendre pour votre peau. Les suppos rondeurs apportent une douceur enveloppante, tandis que les g\u00e9lules fessier r\u00e9v\u00e8lent une silhouette sculpt\u00e9e avec d\u00e9licatesse. Adapt\u00e9 \u00e0 toutes les morphologies, ce rituel de bien-\u00eatre vous accompagne avec \u00e9l\u00e9gance. Faciles \u00e0 avaler, ces g\u00e9lules vous promettent un mois de gr\u00e2ce et de confiance en vous-m\u00eame. Embrassez votre beaut\u00e9 int\u00e9rieure et ext\u00e9rieure avec le Kit Guin\u00e9e.\" \/>\n<meta property=\"og:url\" content=\"https:\/\/ncbeauty.fr\/produit\/kit-guinee\/\" \/>\n<meta property=\"og:site_name\" content=\"NC BEAUTY\" \/>\n<meta property=\"article:modified_time\" content=\"2025-12-22T11:54:35+00:00\" \/>\n<meta property=\"og:image\" content=\"https:\/\/ncbeauty.fr\/choaweex\/2025\/03\/Kit-guinee.webp\" \/>\n\t<meta property=\"og:image:width\" content=\"1126\" \/>\n\t<meta property=\"og:image:height\" content=\"2000\" \/>\n\t<meta property=\"og:image:type\" content=\"image\/webp\" \/>\n<meta name=\"twitter:card\" content=\"summary_large_image\" \/>\n<meta name=\"twitter:label1\" content=\"Est. reading time\" \/>\n\t<meta name=\"twitter:data1\" content=\"1 minute\" \/>\n<script type=\"application\/ld+json\" class=\"yoast-schema-graph\">{\"@context\":\"https:\/\/schema.org\",\"@graph\":[{\"@type\":\"WebPage\",\"@id\":\"https:\/\/ncbeauty.fr\/produit\/kit-guinee\/\",\"url\":\"https:\/\/ncbeauty.fr\/produit\/kit-guinee\/\",\"name\":\"KIT GUINEE - NC BEAUTY\",\"isPartOf\":{\"@id\":\"https:\/\/ncbeauty.fr\/#website\"},\"primaryImageOfPage\":{\"@id\":\"https:\/\/ncbeauty.fr\/produit\/kit-guinee\/#primaryimage\"},\"image\":{\"@id\":\"https:\/\/ncbeauty.fr\/produit\/kit-guinee\/#primaryimage\"},\"thumbnailUrl\":\"https:\/\/ncbeauty.fr\/choaweex\/2025\/03\/Kit-guinee.webp\",\"datePublished\":\"2022-09-07T00:34:24+00:00\",\"dateModified\":\"2025-12-22T11:54:35+00:00\",\"breadcrumb\":{\"@id\":\"https:\/\/ncbeauty.fr\/produit\/kit-guinee\/#breadcrumb\"},\"inLanguage\":\"en-US\",\"potentialAction\":[{\"@type\":\"ReadAction\",\"target\":[\"https:\/\/ncbeauty.fr\/produit\/kit-guinee\/\"]}]},{\"@type\":\"ImageObject\",\"inLanguage\":\"en-US\",\"@id\":\"https:\/\/ncbeauty.fr\/produit\/kit-guinee\/#primaryimage\",\"url\":\"https:\/\/ncbeauty.fr\/choaweex\/2025\/03\/Kit-guinee.webp\",\"contentUrl\":\"https:\/\/ncbeauty.fr\/choaweex\/2025\/03\/Kit-guinee.webp\",\"width\":1126,\"height\":2000},{\"@type\":\"BreadcrumbList\",\"@id\":\"https:\/\/ncbeauty.fr\/produit\/kit-guinee\/#breadcrumb\",\"itemListElement\":[{\"@type\":\"ListItem\",\"position\":1,\"name\":\"Accueil\",\"item\":\"https:\/\/ncbeauty.fr\/\"},{\"@type\":\"ListItem\",\"position\":2,\"name\":\"Shop\",\"item\":\"https:\/\/ncbeauty.fr\/boutique\/\"},{\"@type\":\"ListItem\",\"position\":3,\"name\":\"KIT GUINEE\"}]},{\"@type\":\"WebSite\",\"@id\":\"https:\/\/ncbeauty.fr\/#website\",\"url\":\"https:\/\/ncbeauty.fr\/\",\"name\":\"NC BEAUTY\",\"description\":\"NC BEAUTY\",\"potentialAction\":[{\"@type\":\"SearchAction\",\"target\":{\"@type\":\"EntryPoint\",\"urlTemplate\":\"https:\/\/ncbeauty.fr\/?s={search_term_string}\"},\"query-input\":{\"@type\":\"PropertyValueSpecification\",\"valueRequired\":true,\"valueName\":\"search_term_string\"}}],\"inLanguage\":\"en-US\"}]}<\/script>\n","yoast_head_json":{"title":"KIT GUINEE - NC BEAUTY","robots":{"index":"index","follow":"follow","max-snippet":"max-snippet:-1","max-image-preview":"max-image-preview:large","max-video-preview":"max-video-preview:-1"},"canonical":"https:\/\/ncbeauty.fr\/produit\/kit-guinee\/","og_locale":"en_US","og_type":"article","og_title":"KIT GUINEE - NC BEAUTY","og_description":"D\u00e9couvrez l'essence m\u00eame de la beaut\u00e9 avec le Kit Guin\u00e9e, une invitation \u00e0 l'\u00e9panouissement de soi. Cette s\u00e9lection exquise offre une symphonie de soins pour magnifier vos courbes naturelles. Laissez-vous enchanter par une cr\u00e8me voluptueuse, une \u00e9treinte tendre pour votre peau. Les suppos rondeurs apportent une douceur enveloppante, tandis que les g\u00e9lules fessier r\u00e9v\u00e8lent une silhouette sculpt\u00e9e avec d\u00e9licatesse. Adapt\u00e9 \u00e0 toutes les morphologies, ce rituel de bien-\u00eatre vous accompagne avec \u00e9l\u00e9gance. Faciles \u00e0 avaler, ces g\u00e9lules vous promettent un mois de gr\u00e2ce et de confiance en vous-m\u00eame. Embrassez votre beaut\u00e9 int\u00e9rieure et ext\u00e9rieure avec le Kit Guin\u00e9e.","og_url":"https:\/\/ncbeauty.fr\/produit\/kit-guinee\/","og_site_name":"NC BEAUTY","article_modified_time":"2025-12-22T11:54:35+00:00","og_image":[{"width":1126,"height":2000,"url":"https:\/\/ncbeauty.fr\/choaweex\/2025\/03\/Kit-guinee.webp","type":"image\/webp"}],"twitter_card":"summary_large_image","twitter_misc":{"Est. reading time":"1 minute"},"schema":{"@context":"https:\/\/schema.org","@graph":[{"@type":"WebPage","@id":"https:\/\/ncbeauty.fr\/produit\/kit-guinee\/","url":"https:\/\/ncbeauty.fr\/produit\/kit-guinee\/","name":"KIT GUINEE - NC BEAUTY","isPartOf":{"@id":"https:\/\/ncbeauty.fr\/#website"},"primaryImageOfPage":{"@id":"https:\/\/ncbeauty.fr\/produit\/kit-guinee\/#primaryimage"},"image":{"@id":"https:\/\/ncbeauty.fr\/produit\/kit-guinee\/#primaryimage"},"thumbnailUrl":"https:\/\/ncbeauty.fr\/choaweex\/2025\/03\/Kit-guinee.webp","datePublished":"2022-09-07T00:34:24+00:00","dateModified":"2025-12-22T11:54:35+00:00","breadcrumb":{"@id":"https:\/\/ncbeauty.fr\/produit\/kit-guinee\/#breadcrumb"},"inLanguage":"en-US","potentialAction":[{"@type":"ReadAction","target":["https:\/\/ncbeauty.fr\/produit\/kit-guinee\/"]}]},{"@type":"ImageObject","inLanguage":"en-US","@id":"https:\/\/ncbeauty.fr\/produit\/kit-guinee\/#primaryimage","url":"https:\/\/ncbeauty.fr\/choaweex\/2025\/03\/Kit-guinee.webp","contentUrl":"https:\/\/ncbeauty.fr\/choaweex\/2025\/03\/Kit-guinee.webp","width":1126,"height":2000},{"@type":"BreadcrumbList","@id":"https:\/\/ncbeauty.fr\/produit\/kit-guinee\/#breadcrumb","itemListElement":[{"@type":"ListItem","position":1,"name":"Accueil","item":"https:\/\/ncbeauty.fr\/"},{"@type":"ListItem","position":2,"name":"Shop","item":"https:\/\/ncbeauty.fr\/boutique\/"},{"@type":"ListItem","position":3,"name":"KIT GUINEE"}]},{"@type":"WebSite","@id":"https:\/\/ncbeauty.fr\/#website","url":"https:\/\/ncbeauty.fr\/","name":"NC BEAUTY","description":"NC BEAUTY","potentialAction":[{"@type":"SearchAction","target":{"@type":"EntryPoint","urlTemplate":"https:\/\/ncbeauty.fr\/?s={search_term_string}"},"query-input":{"@type":"PropertyValueSpecification","valueRequired":true,"valueName":"search_term_string"}}],"inLanguage":"en-US"}]}},"jetpack_sharing_enabled":true,"_links":{"self":[{"href":"https:\/\/ncbeauty.fr\/en\/wp-json\/wp\/v2\/product\/508","targetHints":{"allow":["GET"]}}],"collection":[{"href":"https:\/\/ncbeauty.fr\/en\/wp-json\/wp\/v2\/product"}],"about":[{"href":"https:\/\/ncbeauty.fr\/en\/wp-json\/wp\/v2\/types\/product"}],"replies":[{"embeddable":true,"href":"https:\/\/ncbeauty.fr\/en\/wp-json\/wp\/v2\/comments?post=508"}],"wp:featuredmedia":[{"embeddable":true,"href":"https:\/\/ncbeauty.fr\/en\/wp-json\/wp\/v2\/media\/12854"}],"wp:attachment":[{"href":"https:\/\/ncbeauty.fr\/en\/wp-json\/wp\/v2\/media?parent=508"}],"wp:term":[{"taxonomy":"product_brand","embeddable":true,"href":"https:\/\/ncbeauty.fr\/en\/wp-json\/wp\/v2\/product_brand?post=508"},{"taxonomy":"product_cat","embeddable":true,"href":"https:\/\/ncbeauty.fr\/en\/wp-json\/wp\/v2\/product_cat?post=508"},{"taxonomy":"product_tag","embeddable":true,"href":"https:\/\/ncbeauty.fr\/en\/wp-json\/wp\/v2\/product_tag?post=508"}],"curies":[{"name":"wp","href":"https:\/\/api.w.org\/{rel}","templated":true}]}}