{"id":5772,"date":"2024-08-03T15:22:36","date_gmt":"2024-08-03T15:22:36","guid":{"rendered":"https:\/\/ncbeauty.fr\/?post_type=product&#038;p=5772"},"modified":"2026-03-09T22:33:13","modified_gmt":"2026-03-09T22:33:13","slug":"cerelac-fessier","status":"publish","type":"product","link":"https:\/\/ncbeauty.fr\/en\/produit\/cerelac-fessier\/","title":{"rendered":"CEREAL FESSIER"},"content":{"rendered":"<div dir=\"auto\">\n<h3>Mode d\u2019utilisation<\/h3>\n<ol>\n<li>Ajoutez un peu d\u2019eau dans une casserole.<\/li>\n<li>Ajoutez ensuite 3 cuill\u00e8res \u00e0 soupe de CERELAC.<\/li>\n<li>M\u00e9langez bien jusqu&#8217;\u00e0 obtenir une p\u00e2te.<\/li>\n<li>Vous pouvez d\u00e9guster cette pr\u00e9paration avec du lait concentr\u00e9.<\/li>\n<\/ol>\n<h3>Qui peut l\u2019utiliser ?<\/h3>\n<ul>\n<li>Les femmes enceintes \u00e0 partir de 5 mois<\/li>\n<li>Les femmes allaitantes<\/li>\n<li>Toutes les femmes<\/li>\n<\/ul>\n<h3>Quantit\u00e9<\/h3>\n<p>350 ml<\/p>\n<\/div>\n","protected":false},"excerpt":{"rendered":"<p>D\u00e9couvrez le secret d&#8217;une silhouette sublim\u00e9e avec le <strong>CERELAC Fessier<\/strong>, votre alli\u00e9 indispensable pour un fessier et des hanches voluptueuses. Gr\u00e2ce \u00e0 ce booster r\u00e9volutionnaire, vous obtiendrez des courbes incroyables et un volume \u00e9poustouflant en seulement 10 jours.<\/p>\n<h4>Pourquoi choisir le CERELAC Fessier ?<\/h4>\n<ul>\n<li><strong>Amplifie vos courbes<\/strong> : \u00c9largit les hanches et augmente le volume des fesses pour une silhouette harmonieuse.<\/li>\n<li><strong>R\u00e9sultats rapides<\/strong> : Observez des changements visibles en seulement 10 jours.<\/li>\n<li><strong>Compl\u00e9ment id\u00e9al<\/strong> : Pour des r\u00e9sultats optimaux, associez-le avec les g\u00e9lules BBL, mais il peut \u00e9galement \u00eatre utilis\u00e9 seul pour des effets tout aussi spectaculaires.<\/li>\n<\/ul>\n<p>Laissez le <strong>CERELAC Fessier<\/strong> transformer votre silhouette et r\u00e9v\u00e9ler toute votre f\u00e9minit\u00e9. Essayez-le d\u00e8s aujourd&#8217;hui et admirez la diff\u00e9rence !<\/p>\n<p>Pour un meilleur r\u00e9sultat, prenez\u00a0 4 boite.<\/p>\n","protected":false},"featured_media":12845,"comment_status":"open","ping_status":"closed","template":"","meta":{"_monsterinsights_skip_tracking":false,"_monsterinsights_sitenote_active":false,"_monsterinsights_sitenote_note":"","_monsterinsights_sitenote_category":0,"site-sidebar-layout":"default","site-content-layout":"","ast-site-content-layout":"default","site-content-style":"default","site-sidebar-style":"default","ast-global-header-display":"","ast-banner-title-visibility":"","ast-main-header-display":"","ast-hfb-above-header-display":"","ast-hfb-below-header-display":"","ast-hfb-mobile-header-display":"","site-post-title":"","ast-breadcrumbs-content":"","ast-featured-img":"","footer-sml-layout":"","theme-transparent-header-meta":"default","adv-header-id-meta":"","stick-header-meta":"","header-above-stick-meta":"","header-main-stick-meta":"","header-below-stick-meta":"","astra-migrate-meta-layouts":"set","ast-page-background-enabled":"default","ast-page-background-meta":{"desktop":{"background-color":"var(--ast-global-color-4)","background-image":"","background-repeat":"repeat","background-position":"center center","background-size":"auto","background-attachment":"scroll","background-type":"","background-media":"","overlay-type":"","overlay-color":"","overlay-opacity":"","overlay-gradient":""},"tablet":{"background-color":"","background-image":"","background-repeat":"repeat","background-position":"center center","background-size":"auto","background-attachment":"scroll","background-type":"","background-media":"","overlay-type":"","overlay-color":"","overlay-opacity":"","overlay-gradient":""},"mobile":{"background-color":"","background-image":"","background-repeat":"repeat","background-position":"center center","background-size":"auto","background-attachment":"scroll","background-type":"","background-media":"","overlay-type":"","overlay-color":"","overlay-opacity":"","overlay-gradient":""}},"ast-content-background-meta":{"desktop":{"background-color":"var(--ast-global-color-5)","background-image":"","background-repeat":"repeat","background-position":"center center","background-size":"auto","background-attachment":"scroll","background-type":"","background-media":"","overlay-type":"","overlay-color":"","overlay-opacity":"","overlay-gradient":""},"tablet":{"background-color":"var(--ast-global-color-5)","background-image":"","background-repeat":"repeat","background-position":"center center","background-size":"auto","background-attachment":"scroll","background-type":"","background-media":"","overlay-type":"","overlay-color":"","overlay-opacity":"","overlay-gradient":""},"mobile":{"background-color":"var(--ast-global-color-5)","background-image":"","background-repeat":"repeat","background-position":"center center","background-size":"auto","background-attachment":"scroll","background-type":"","background-media":"","overlay-type":"","overlay-color":"","overlay-opacity":"","overlay-gradient":""}},"_joinchat":[]},"product_brand":[],"product_cat":[24],"product_tag":[],"class_list":{"0":"post-5772","1":"product","2":"type-product","3":"status-publish","4":"has-post-thumbnail","6":"product_cat-nos-produits-aphrodisiaque","7":"desktop-align-left","8":"tablet-align-left","9":"mobile-align-left","10":"tm-has-options","12":"first","13":"instock","14":"taxable","15":"shipping-taxable","16":"purchasable","17":"product-type-simple"},"bundled_by":["508","13309"],"bundle_stock_status":"instock","bundle_stock_quantity":39,"bundle_virtual":false,"bundle_layout":"","bundle_add_to_cart_form_location":"","bundle_editable_in_cart":false,"bundle_sold_individually_context":"","bundle_item_grouping":"","bundle_min_size":"","bundle_max_size":"","bundle_price":[],"bundled_items":[],"bundle_sell_ids":[],"aioseo_notices":[],"yoast_head":"\n<title>CEREAL FESSIER - NC BEAUTY<\/title>\n<meta name=\"robots\" content=\"index, follow, max-snippet:-1, max-image-preview:large, max-video-preview:-1\" \/>\n<link rel=\"canonical\" href=\"https:\/\/ncbeauty.fr\/produit\/cerelac-fessier\/\" \/>\n<meta property=\"og:locale\" content=\"en_US\" \/>\n<meta property=\"og:type\" content=\"article\" \/>\n<meta property=\"og:title\" content=\"CEREAL FESSIER - NC BEAUTY\" \/>\n<meta property=\"og:description\" content=\"D\u00e9couvrez le secret d&#039;une silhouette sublim\u00e9e avec le CERELAC Fessier, votre alli\u00e9 indispensable pour un fessier et des hanches voluptueuses. Gr\u00e2ce \u00e0 ce booster r\u00e9volutionnaire, vous obtiendrez des courbes incroyables et un volume \u00e9poustouflant en seulement 10 jours. Pourquoi choisir le CERELAC Fessier ?   Amplifie vos courbes : \u00c9largit les hanches et augmente le volume des fesses pour une silhouette harmonieuse.  R\u00e9sultats rapides : Observez des changements visibles en seulement 10 jours.  Compl\u00e9ment id\u00e9al : Pour des r\u00e9sultats optimaux, associez-le avec les g\u00e9lules BBL, mais il peut \u00e9galement \u00eatre utilis\u00e9 seul pour des effets tout aussi spectaculaires.  Laissez le CERELAC Fessier transformer votre silhouette et r\u00e9v\u00e9ler toute votre f\u00e9minit\u00e9. Essayez-le d\u00e8s aujourd&#039;hui et admirez la diff\u00e9rence !  Pour un meilleur r\u00e9sultat, prenez\u00a0 4 boite.\" \/>\n<meta property=\"og:url\" content=\"https:\/\/ncbeauty.fr\/produit\/cerelac-fessier\/\" \/>\n<meta property=\"og:site_name\" content=\"NC BEAUTY\" \/>\n<meta property=\"article:modified_time\" content=\"2026-03-09T22:33:13+00:00\" \/>\n<meta property=\"og:image\" content=\"https:\/\/ncbeauty.fr\/choaweex\/2025\/03\/cereal.webp\" \/>\n\t<meta property=\"og:image:width\" content=\"1126\" \/>\n\t<meta property=\"og:image:height\" content=\"2000\" \/>\n\t<meta property=\"og:image:type\" content=\"image\/webp\" \/>\n<meta name=\"twitter:card\" content=\"summary_large_image\" \/>\n<meta name=\"twitter:label1\" content=\"Est. reading time\" \/>\n\t<meta name=\"twitter:data1\" content=\"1 minute\" \/>\n<script type=\"application\/ld+json\" class=\"yoast-schema-graph\">{\"@context\":\"https:\/\/schema.org\",\"@graph\":[{\"@type\":\"WebPage\",\"@id\":\"https:\/\/ncbeauty.fr\/produit\/cerelac-fessier\/\",\"url\":\"https:\/\/ncbeauty.fr\/produit\/cerelac-fessier\/\",\"name\":\"CEREAL FESSIER - NC BEAUTY\",\"isPartOf\":{\"@id\":\"https:\/\/ncbeauty.fr\/#website\"},\"primaryImageOfPage\":{\"@id\":\"https:\/\/ncbeauty.fr\/produit\/cerelac-fessier\/#primaryimage\"},\"image\":{\"@id\":\"https:\/\/ncbeauty.fr\/produit\/cerelac-fessier\/#primaryimage\"},\"thumbnailUrl\":\"https:\/\/ncbeauty.fr\/choaweex\/2025\/03\/cereal.webp\",\"datePublished\":\"2024-08-03T15:22:36+00:00\",\"dateModified\":\"2026-03-09T22:33:13+00:00\",\"breadcrumb\":{\"@id\":\"https:\/\/ncbeauty.fr\/produit\/cerelac-fessier\/#breadcrumb\"},\"inLanguage\":\"en-US\",\"potentialAction\":[{\"@type\":\"ReadAction\",\"target\":[\"https:\/\/ncbeauty.fr\/produit\/cerelac-fessier\/\"]}]},{\"@type\":\"ImageObject\",\"inLanguage\":\"en-US\",\"@id\":\"https:\/\/ncbeauty.fr\/produit\/cerelac-fessier\/#primaryimage\",\"url\":\"https:\/\/ncbeauty.fr\/choaweex\/2025\/03\/cereal.webp\",\"contentUrl\":\"https:\/\/ncbeauty.fr\/choaweex\/2025\/03\/cereal.webp\",\"width\":1126,\"height\":2000},{\"@type\":\"BreadcrumbList\",\"@id\":\"https:\/\/ncbeauty.fr\/produit\/cerelac-fessier\/#breadcrumb\",\"itemListElement\":[{\"@type\":\"ListItem\",\"position\":1,\"name\":\"Accueil\",\"item\":\"https:\/\/ncbeauty.fr\/\"},{\"@type\":\"ListItem\",\"position\":2,\"name\":\"Shop\",\"item\":\"https:\/\/ncbeauty.fr\/boutique\/\"},{\"@type\":\"ListItem\",\"position\":3,\"name\":\"CEREAL FESSIER\"}]},{\"@type\":\"WebSite\",\"@id\":\"https:\/\/ncbeauty.fr\/#website\",\"url\":\"https:\/\/ncbeauty.fr\/\",\"name\":\"NC BEAUTY\",\"description\":\"NC BEAUTY\",\"potentialAction\":[{\"@type\":\"SearchAction\",\"target\":{\"@type\":\"EntryPoint\",\"urlTemplate\":\"https:\/\/ncbeauty.fr\/?s={search_term_string}\"},\"query-input\":{\"@type\":\"PropertyValueSpecification\",\"valueRequired\":true,\"valueName\":\"search_term_string\"}}],\"inLanguage\":\"en-US\"}]}<\/script>\n","yoast_head_json":{"title":"CEREAL FESSIER - NC BEAUTY","robots":{"index":"index","follow":"follow","max-snippet":"max-snippet:-1","max-image-preview":"max-image-preview:large","max-video-preview":"max-video-preview:-1"},"canonical":"https:\/\/ncbeauty.fr\/produit\/cerelac-fessier\/","og_locale":"en_US","og_type":"article","og_title":"CEREAL FESSIER - NC BEAUTY","og_description":"D\u00e9couvrez le secret d'une silhouette sublim\u00e9e avec le CERELAC Fessier, votre alli\u00e9 indispensable pour un fessier et des hanches voluptueuses. Gr\u00e2ce \u00e0 ce booster r\u00e9volutionnaire, vous obtiendrez des courbes incroyables et un volume \u00e9poustouflant en seulement 10 jours. Pourquoi choisir le CERELAC Fessier ?   Amplifie vos courbes : \u00c9largit les hanches et augmente le volume des fesses pour une silhouette harmonieuse.  R\u00e9sultats rapides : Observez des changements visibles en seulement 10 jours.  Compl\u00e9ment id\u00e9al : Pour des r\u00e9sultats optimaux, associez-le avec les g\u00e9lules BBL, mais il peut \u00e9galement \u00eatre utilis\u00e9 seul pour des effets tout aussi spectaculaires.  Laissez le CERELAC Fessier transformer votre silhouette et r\u00e9v\u00e9ler toute votre f\u00e9minit\u00e9. Essayez-le d\u00e8s aujourd'hui et admirez la diff\u00e9rence !  Pour un meilleur r\u00e9sultat, prenez\u00a0 4 boite.","og_url":"https:\/\/ncbeauty.fr\/produit\/cerelac-fessier\/","og_site_name":"NC BEAUTY","article_modified_time":"2026-03-09T22:33:13+00:00","og_image":[{"width":1126,"height":2000,"url":"https:\/\/ncbeauty.fr\/choaweex\/2025\/03\/cereal.webp","type":"image\/webp"}],"twitter_card":"summary_large_image","twitter_misc":{"Est. reading time":"1 minute"},"schema":{"@context":"https:\/\/schema.org","@graph":[{"@type":"WebPage","@id":"https:\/\/ncbeauty.fr\/produit\/cerelac-fessier\/","url":"https:\/\/ncbeauty.fr\/produit\/cerelac-fessier\/","name":"CEREAL FESSIER - NC BEAUTY","isPartOf":{"@id":"https:\/\/ncbeauty.fr\/#website"},"primaryImageOfPage":{"@id":"https:\/\/ncbeauty.fr\/produit\/cerelac-fessier\/#primaryimage"},"image":{"@id":"https:\/\/ncbeauty.fr\/produit\/cerelac-fessier\/#primaryimage"},"thumbnailUrl":"https:\/\/ncbeauty.fr\/choaweex\/2025\/03\/cereal.webp","datePublished":"2024-08-03T15:22:36+00:00","dateModified":"2026-03-09T22:33:13+00:00","breadcrumb":{"@id":"https:\/\/ncbeauty.fr\/produit\/cerelac-fessier\/#breadcrumb"},"inLanguage":"en-US","potentialAction":[{"@type":"ReadAction","target":["https:\/\/ncbeauty.fr\/produit\/cerelac-fessier\/"]}]},{"@type":"ImageObject","inLanguage":"en-US","@id":"https:\/\/ncbeauty.fr\/produit\/cerelac-fessier\/#primaryimage","url":"https:\/\/ncbeauty.fr\/choaweex\/2025\/03\/cereal.webp","contentUrl":"https:\/\/ncbeauty.fr\/choaweex\/2025\/03\/cereal.webp","width":1126,"height":2000},{"@type":"BreadcrumbList","@id":"https:\/\/ncbeauty.fr\/produit\/cerelac-fessier\/#breadcrumb","itemListElement":[{"@type":"ListItem","position":1,"name":"Accueil","item":"https:\/\/ncbeauty.fr\/"},{"@type":"ListItem","position":2,"name":"Shop","item":"https:\/\/ncbeauty.fr\/boutique\/"},{"@type":"ListItem","position":3,"name":"CEREAL FESSIER"}]},{"@type":"WebSite","@id":"https:\/\/ncbeauty.fr\/#website","url":"https:\/\/ncbeauty.fr\/","name":"NC BEAUTY","description":"NC BEAUTY","potentialAction":[{"@type":"SearchAction","target":{"@type":"EntryPoint","urlTemplate":"https:\/\/ncbeauty.fr\/?s={search_term_string}"},"query-input":{"@type":"PropertyValueSpecification","valueRequired":true,"valueName":"search_term_string"}}],"inLanguage":"en-US"}]}},"jetpack_sharing_enabled":true,"_links":{"self":[{"href":"https:\/\/ncbeauty.fr\/en\/wp-json\/wp\/v2\/product\/5772","targetHints":{"allow":["GET"]}}],"collection":[{"href":"https:\/\/ncbeauty.fr\/en\/wp-json\/wp\/v2\/product"}],"about":[{"href":"https:\/\/ncbeauty.fr\/en\/wp-json\/wp\/v2\/types\/product"}],"replies":[{"embeddable":true,"href":"https:\/\/ncbeauty.fr\/en\/wp-json\/wp\/v2\/comments?post=5772"}],"wp:featuredmedia":[{"embeddable":true,"href":"https:\/\/ncbeauty.fr\/en\/wp-json\/wp\/v2\/media\/12845"}],"wp:attachment":[{"href":"https:\/\/ncbeauty.fr\/en\/wp-json\/wp\/v2\/media?parent=5772"}],"wp:term":[{"taxonomy":"product_brand","embeddable":true,"href":"https:\/\/ncbeauty.fr\/en\/wp-json\/wp\/v2\/product_brand?post=5772"},{"taxonomy":"product_cat","embeddable":true,"href":"https:\/\/ncbeauty.fr\/en\/wp-json\/wp\/v2\/product_cat?post=5772"},{"taxonomy":"product_tag","embeddable":true,"href":"https:\/\/ncbeauty.fr\/en\/wp-json\/wp\/v2\/product_tag?post=5772"}],"curies":[{"name":"wp","href":"https:\/\/api.w.org\/{rel}","templated":true}]}}