{"id":5773,"date":"2024-08-03T15:28:57","date_gmt":"2024-08-03T15:28:57","guid":{"rendered":"https:\/\/ncbeauty.fr\/?post_type=product&#038;p=5773"},"modified":"2026-03-09T22:32:44","modified_gmt":"2026-03-09T22:32:44","slug":"kit-baby-mama","status":"publish","type":"product","link":"https:\/\/ncbeauty.fr\/en\/produit\/kit-baby-mama\/","title":{"rendered":"Kit Baby Mama"},"content":{"rendered":"<h3>Utilisation<\/h3>\n<ol>\n<li>Appliquez la cr\u00e8me le matin.<\/li>\n<li>Utilisez le CAOLIN uniquement le soir.<\/li>\n<li>Une fois le CAOLIN termin\u00e9, appliquez la cr\u00e8me le matin et l\u2019huile le soir.<\/li>\n<\/ol>\n","protected":false},"excerpt":{"rendered":"<p><strong>Le Kit Baby Mama<\/strong> est le choix id\u00e9al pour les femmes enceintes ou allaitantes.<\/p>\n<p><strong>Vous venez d&#8217;accoucher<\/strong> et avez perdu vos formes ? Vous \u00eates complex\u00e9e par votre nouveau corps ? Ce kit est con\u00e7u sp\u00e9cialement pour vous !<\/p>\n<h4>Contenu du Kit Baby Mama<\/h4>\n<ul>\n<li><strong>2 cr\u00e8mes volumatrices<\/strong> : Parfaites pour combler les creux des fesses et att\u00e9nuer les vergetures, redonnant ainsi du galbe \u00e0 vos courbes.<\/li>\n<li><strong>1 CAOLIN<\/strong> : Un alli\u00e9 pr\u00e9cieux pour raffermir les fesses, les mollets, les cuisses et d&#8217;autres parties du corps.<\/li>\n<li><strong>Huile \u00e0 effet imm\u00e9diat<\/strong> : Augmente instantan\u00e9ment le volume des fesses et des seins, vous donnant un v\u00e9ritable coup de pouce.<\/li>\n<\/ul>\n<p>Obtenez des fesses plus volumineuses et des formes g\u00e9n\u00e9reuses gr\u00e2ce \u00e0 ce kit complet qui vous aide \u00e0 retrouver confiance en vous et \u00e0 appr\u00e9cier votre nouveau corps. Essayez le Kit Baby Mama et r\u00e9v\u00e9lez la beaut\u00e9 de vos courbes avec un effet spectaculaire !<\/p>\n<p>Le kit est pour 2 mois<\/p>\n","protected":false},"featured_media":13288,"comment_status":"open","ping_status":"closed","template":"","meta":{"_monsterinsights_skip_tracking":false,"_monsterinsights_sitenote_active":false,"_monsterinsights_sitenote_note":"","_monsterinsights_sitenote_category":0,"site-sidebar-layout":"default","site-content-layout":"","ast-site-content-layout":"default","site-content-style":"default","site-sidebar-style":"default","ast-global-header-display":"","ast-banner-title-visibility":"","ast-main-header-display":"","ast-hfb-above-header-display":"","ast-hfb-below-header-display":"","ast-hfb-mobile-header-display":"","site-post-title":"","ast-breadcrumbs-content":"","ast-featured-img":"","footer-sml-layout":"","theme-transparent-header-meta":"default","adv-header-id-meta":"","stick-header-meta":"","header-above-stick-meta":"","header-main-stick-meta":"","header-below-stick-meta":"","astra-migrate-meta-layouts":"set","ast-page-background-enabled":"default","ast-page-background-meta":{"desktop":{"background-color":"var(--ast-global-color-4)","background-image":"","background-repeat":"repeat","background-position":"center center","background-size":"auto","background-attachment":"scroll","background-type":"","background-media":"","overlay-type":"","overlay-color":"","overlay-opacity":"","overlay-gradient":""},"tablet":{"background-color":"","background-image":"","background-repeat":"repeat","background-position":"center center","background-size":"auto","background-attachment":"scroll","background-type":"","background-media":"","overlay-type":"","overlay-color":"","overlay-opacity":"","overlay-gradient":""},"mobile":{"background-color":"","background-image":"","background-repeat":"repeat","background-position":"center center","background-size":"auto","background-attachment":"scroll","background-type":"","background-media":"","overlay-type":"","overlay-color":"","overlay-opacity":"","overlay-gradient":""}},"ast-content-background-meta":{"desktop":{"background-color":"var(--ast-global-color-5)","background-image":"","background-repeat":"repeat","background-position":"center center","background-size":"auto","background-attachment":"scroll","background-type":"","background-media":"","overlay-type":"","overlay-color":"","overlay-opacity":"","overlay-gradient":""},"tablet":{"background-color":"var(--ast-global-color-5)","background-image":"","background-repeat":"repeat","background-position":"center center","background-size":"auto","background-attachment":"scroll","background-type":"","background-media":"","overlay-type":"","overlay-color":"","overlay-opacity":"","overlay-gradient":""},"mobile":{"background-color":"var(--ast-global-color-5)","background-image":"","background-repeat":"repeat","background-position":"center center","background-size":"auto","background-attachment":"scroll","background-type":"","background-media":"","overlay-type":"","overlay-color":"","overlay-opacity":"","overlay-gradient":""}},"_joinchat":[]},"product_brand":[],"product_cat":[24],"product_tag":[],"class_list":{"0":"post-5773","1":"product","2":"type-product","3":"status-publish","4":"has-post-thumbnail","6":"product_cat-nos-produits-aphrodisiaque","7":"desktop-align-left","8":"tablet-align-left","9":"mobile-align-left","10":"tm-has-options","12":"first","13":"outofstock","14":"taxable","15":"shipping-taxable","16":"purchasable","17":"product-type-bundle"},"bundled_by":[],"bundle_stock_status":"outofstock","bundle_stock_quantity":0,"bundle_virtual":false,"bundle_layout":"default","bundle_add_to_cart_form_location":"default","bundle_editable_in_cart":false,"bundle_sold_individually_context":"product","bundle_item_grouping":"parent","bundle_min_size":"","bundle_max_size":"","bundle_price":{"price":{"min":{"incl_tax":"150","excl_tax":"150"},"max":{"incl_tax":"150","excl_tax":"150"}},"regular_price":{"min":{"incl_tax":"150","excl_tax":"150"},"max":{"incl_tax":"150","excl_tax":"150"}}},"bundled_items":[{"bundled_item_id":70,"product_id":6299,"menu_order":0,"quantity_min":2,"quantity_max":2,"quantity_default":2,"priced_individually":false,"shipped_individually":false,"override_title":false,"title":"Savon Fessier","override_description":false,"description":"","optional":false,"hide_thumbnail":false,"discount":"","override_variations":false,"allowed_variations":[],"override_default_variation_attributes":false,"default_variation_attributes":[],"single_product_visibility":"visible","cart_visibility":"visible","order_visibility":"visible","single_product_price_visibility":"visible","cart_price_visibility":"visible","order_price_visibility":"visible","stock_status":"in_stock"},{"bundled_item_id":71,"product_id":280,"menu_order":1,"quantity_min":1,"quantity_max":1,"quantity_default":1,"priced_individually":false,"shipped_individually":false,"override_title":false,"title":"CR\u00c8ME  VOLUMATRICE","override_description":false,"description":"","optional":false,"hide_thumbnail":false,"discount":"","override_variations":false,"allowed_variations":[],"override_default_variation_attributes":false,"default_variation_attributes":[],"single_product_visibility":"visible","cart_visibility":"visible","order_visibility":"visible","single_product_price_visibility":"visible","cart_price_visibility":"visible","order_price_visibility":"visible","stock_status":"in_stock"},{"bundled_item_id":72,"product_id":7594,"menu_order":2,"quantity_min":1,"quantity_max":1,"quantity_default":1,"priced_individually":false,"shipped_individually":false,"override_title":false,"title":"Gommage EXPRESS","override_description":false,"description":"","optional":false,"hide_thumbnail":false,"discount":"","override_variations":false,"allowed_variations":[],"override_default_variation_attributes":false,"default_variation_attributes":[],"single_product_visibility":"visible","cart_visibility":"visible","order_visibility":"visible","single_product_price_visibility":"visible","cart_price_visibility":"visible","order_price_visibility":"visible","stock_status":"out_of_stock"}],"bundle_sell_ids":[],"aioseo_notices":[],"yoast_head":"\n<title>Kit Baby Mama - NC BEAUTY<\/title>\n<meta name=\"robots\" content=\"index, follow, max-snippet:-1, max-image-preview:large, max-video-preview:-1\" \/>\n<link rel=\"canonical\" href=\"https:\/\/ncbeauty.fr\/produit\/kit-baby-mama\/\" \/>\n<meta property=\"og:locale\" content=\"en_US\" \/>\n<meta property=\"og:type\" content=\"article\" \/>\n<meta property=\"og:title\" content=\"Kit Baby Mama - NC BEAUTY\" \/>\n<meta property=\"og:description\" content=\"Le Kit Baby Mama est le choix id\u00e9al pour les femmes enceintes ou allaitantes.  Vous venez d&#039;accoucher et avez perdu vos formes ? Vous \u00eates complex\u00e9e par votre nouveau corps ? Ce kit est con\u00e7u sp\u00e9cialement pour vous ! Contenu du Kit Baby Mama   2 cr\u00e8mes volumatrices : Parfaites pour combler les creux des fesses et att\u00e9nuer les vergetures, redonnant ainsi du galbe \u00e0 vos courbes.  1 CAOLIN : Un alli\u00e9 pr\u00e9cieux pour raffermir les fesses, les mollets, les cuisses et d&#039;autres parties du corps.  Huile \u00e0 effet imm\u00e9diat : Augmente instantan\u00e9ment le volume des fesses et des seins, vous donnant un v\u00e9ritable coup de pouce.  Obtenez des fesses plus volumineuses et des formes g\u00e9n\u00e9reuses gr\u00e2ce \u00e0 ce kit complet qui vous aide \u00e0 retrouver confiance en vous et \u00e0 appr\u00e9cier votre nouveau corps. Essayez le Kit Baby Mama et r\u00e9v\u00e9lez la beaut\u00e9 de vos courbes avec un effet spectaculaire !  Le kit est pour 2 mois\" \/>\n<meta property=\"og:url\" content=\"https:\/\/ncbeauty.fr\/produit\/kit-baby-mama\/\" \/>\n<meta property=\"og:site_name\" content=\"NC BEAUTY\" \/>\n<meta property=\"article:modified_time\" content=\"2026-03-09T22:32:44+00:00\" \/>\n<meta property=\"og:image\" content=\"https:\/\/ncbeauty.fr\/choaweex\/2025\/04\/Photoroom-20250310_012034.webp\" \/>\n\t<meta property=\"og:image:width\" content=\"1126\" \/>\n\t<meta property=\"og:image:height\" content=\"2000\" \/>\n\t<meta property=\"og:image:type\" content=\"image\/webp\" \/>\n<meta name=\"twitter:card\" content=\"summary_large_image\" \/>\n<meta name=\"twitter:label1\" content=\"Est. reading time\" \/>\n\t<meta name=\"twitter:data1\" content=\"1 minute\" \/>\n<script type=\"application\/ld+json\" class=\"yoast-schema-graph\">{\"@context\":\"https:\/\/schema.org\",\"@graph\":[{\"@type\":\"WebPage\",\"@id\":\"https:\/\/ncbeauty.fr\/produit\/kit-baby-mama\/\",\"url\":\"https:\/\/ncbeauty.fr\/produit\/kit-baby-mama\/\",\"name\":\"Kit Baby Mama - NC BEAUTY\",\"isPartOf\":{\"@id\":\"https:\/\/ncbeauty.fr\/#website\"},\"primaryImageOfPage\":{\"@id\":\"https:\/\/ncbeauty.fr\/produit\/kit-baby-mama\/#primaryimage\"},\"image\":{\"@id\":\"https:\/\/ncbeauty.fr\/produit\/kit-baby-mama\/#primaryimage\"},\"thumbnailUrl\":\"https:\/\/ncbeauty.fr\/choaweex\/2025\/04\/Photoroom-20250310_012034.webp\",\"datePublished\":\"2024-08-03T15:28:57+00:00\",\"dateModified\":\"2026-03-09T22:32:44+00:00\",\"breadcrumb\":{\"@id\":\"https:\/\/ncbeauty.fr\/produit\/kit-baby-mama\/#breadcrumb\"},\"inLanguage\":\"en-US\",\"potentialAction\":[{\"@type\":\"ReadAction\",\"target\":[\"https:\/\/ncbeauty.fr\/produit\/kit-baby-mama\/\"]}]},{\"@type\":\"ImageObject\",\"inLanguage\":\"en-US\",\"@id\":\"https:\/\/ncbeauty.fr\/produit\/kit-baby-mama\/#primaryimage\",\"url\":\"https:\/\/ncbeauty.fr\/choaweex\/2025\/04\/Photoroom-20250310_012034.webp\",\"contentUrl\":\"https:\/\/ncbeauty.fr\/choaweex\/2025\/04\/Photoroom-20250310_012034.webp\",\"width\":1126,\"height\":2000},{\"@type\":\"BreadcrumbList\",\"@id\":\"https:\/\/ncbeauty.fr\/produit\/kit-baby-mama\/#breadcrumb\",\"itemListElement\":[{\"@type\":\"ListItem\",\"position\":1,\"name\":\"Accueil\",\"item\":\"https:\/\/ncbeauty.fr\/\"},{\"@type\":\"ListItem\",\"position\":2,\"name\":\"Shop\",\"item\":\"https:\/\/ncbeauty.fr\/boutique\/\"},{\"@type\":\"ListItem\",\"position\":3,\"name\":\"Kit Baby Mama\"}]},{\"@type\":\"WebSite\",\"@id\":\"https:\/\/ncbeauty.fr\/#website\",\"url\":\"https:\/\/ncbeauty.fr\/\",\"name\":\"NC BEAUTY\",\"description\":\"NC BEAUTY\",\"potentialAction\":[{\"@type\":\"SearchAction\",\"target\":{\"@type\":\"EntryPoint\",\"urlTemplate\":\"https:\/\/ncbeauty.fr\/?s={search_term_string}\"},\"query-input\":{\"@type\":\"PropertyValueSpecification\",\"valueRequired\":true,\"valueName\":\"search_term_string\"}}],\"inLanguage\":\"en-US\"}]}<\/script>\n","yoast_head_json":{"title":"Kit Baby Mama - NC BEAUTY","robots":{"index":"index","follow":"follow","max-snippet":"max-snippet:-1","max-image-preview":"max-image-preview:large","max-video-preview":"max-video-preview:-1"},"canonical":"https:\/\/ncbeauty.fr\/produit\/kit-baby-mama\/","og_locale":"en_US","og_type":"article","og_title":"Kit Baby Mama - NC BEAUTY","og_description":"Le Kit Baby Mama est le choix id\u00e9al pour les femmes enceintes ou allaitantes.  Vous venez d'accoucher et avez perdu vos formes ? Vous \u00eates complex\u00e9e par votre nouveau corps ? Ce kit est con\u00e7u sp\u00e9cialement pour vous ! Contenu du Kit Baby Mama   2 cr\u00e8mes volumatrices : Parfaites pour combler les creux des fesses et att\u00e9nuer les vergetures, redonnant ainsi du galbe \u00e0 vos courbes.  1 CAOLIN : Un alli\u00e9 pr\u00e9cieux pour raffermir les fesses, les mollets, les cuisses et d'autres parties du corps.  Huile \u00e0 effet imm\u00e9diat : Augmente instantan\u00e9ment le volume des fesses et des seins, vous donnant un v\u00e9ritable coup de pouce.  Obtenez des fesses plus volumineuses et des formes g\u00e9n\u00e9reuses gr\u00e2ce \u00e0 ce kit complet qui vous aide \u00e0 retrouver confiance en vous et \u00e0 appr\u00e9cier votre nouveau corps. Essayez le Kit Baby Mama et r\u00e9v\u00e9lez la beaut\u00e9 de vos courbes avec un effet spectaculaire !  Le kit est pour 2 mois","og_url":"https:\/\/ncbeauty.fr\/produit\/kit-baby-mama\/","og_site_name":"NC BEAUTY","article_modified_time":"2026-03-09T22:32:44+00:00","og_image":[{"width":1126,"height":2000,"url":"https:\/\/ncbeauty.fr\/choaweex\/2025\/04\/Photoroom-20250310_012034.webp","type":"image\/webp"}],"twitter_card":"summary_large_image","twitter_misc":{"Est. reading time":"1 minute"},"schema":{"@context":"https:\/\/schema.org","@graph":[{"@type":"WebPage","@id":"https:\/\/ncbeauty.fr\/produit\/kit-baby-mama\/","url":"https:\/\/ncbeauty.fr\/produit\/kit-baby-mama\/","name":"Kit Baby Mama - NC BEAUTY","isPartOf":{"@id":"https:\/\/ncbeauty.fr\/#website"},"primaryImageOfPage":{"@id":"https:\/\/ncbeauty.fr\/produit\/kit-baby-mama\/#primaryimage"},"image":{"@id":"https:\/\/ncbeauty.fr\/produit\/kit-baby-mama\/#primaryimage"},"thumbnailUrl":"https:\/\/ncbeauty.fr\/choaweex\/2025\/04\/Photoroom-20250310_012034.webp","datePublished":"2024-08-03T15:28:57+00:00","dateModified":"2026-03-09T22:32:44+00:00","breadcrumb":{"@id":"https:\/\/ncbeauty.fr\/produit\/kit-baby-mama\/#breadcrumb"},"inLanguage":"en-US","potentialAction":[{"@type":"ReadAction","target":["https:\/\/ncbeauty.fr\/produit\/kit-baby-mama\/"]}]},{"@type":"ImageObject","inLanguage":"en-US","@id":"https:\/\/ncbeauty.fr\/produit\/kit-baby-mama\/#primaryimage","url":"https:\/\/ncbeauty.fr\/choaweex\/2025\/04\/Photoroom-20250310_012034.webp","contentUrl":"https:\/\/ncbeauty.fr\/choaweex\/2025\/04\/Photoroom-20250310_012034.webp","width":1126,"height":2000},{"@type":"BreadcrumbList","@id":"https:\/\/ncbeauty.fr\/produit\/kit-baby-mama\/#breadcrumb","itemListElement":[{"@type":"ListItem","position":1,"name":"Accueil","item":"https:\/\/ncbeauty.fr\/"},{"@type":"ListItem","position":2,"name":"Shop","item":"https:\/\/ncbeauty.fr\/boutique\/"},{"@type":"ListItem","position":3,"name":"Kit Baby Mama"}]},{"@type":"WebSite","@id":"https:\/\/ncbeauty.fr\/#website","url":"https:\/\/ncbeauty.fr\/","name":"NC BEAUTY","description":"NC BEAUTY","potentialAction":[{"@type":"SearchAction","target":{"@type":"EntryPoint","urlTemplate":"https:\/\/ncbeauty.fr\/?s={search_term_string}"},"query-input":{"@type":"PropertyValueSpecification","valueRequired":true,"valueName":"search_term_string"}}],"inLanguage":"en-US"}]}},"jetpack_sharing_enabled":true,"_links":{"self":[{"href":"https:\/\/ncbeauty.fr\/en\/wp-json\/wp\/v2\/product\/5773","targetHints":{"allow":["GET"]}}],"collection":[{"href":"https:\/\/ncbeauty.fr\/en\/wp-json\/wp\/v2\/product"}],"about":[{"href":"https:\/\/ncbeauty.fr\/en\/wp-json\/wp\/v2\/types\/product"}],"replies":[{"embeddable":true,"href":"https:\/\/ncbeauty.fr\/en\/wp-json\/wp\/v2\/comments?post=5773"}],"wp:featuredmedia":[{"embeddable":true,"href":"https:\/\/ncbeauty.fr\/en\/wp-json\/wp\/v2\/media\/13288"}],"wp:attachment":[{"href":"https:\/\/ncbeauty.fr\/en\/wp-json\/wp\/v2\/media?parent=5773"}],"wp:term":[{"taxonomy":"product_brand","embeddable":true,"href":"https:\/\/ncbeauty.fr\/en\/wp-json\/wp\/v2\/product_brand?post=5773"},{"taxonomy":"product_cat","embeddable":true,"href":"https:\/\/ncbeauty.fr\/en\/wp-json\/wp\/v2\/product_cat?post=5773"},{"taxonomy":"product_tag","embeddable":true,"href":"https:\/\/ncbeauty.fr\/en\/wp-json\/wp\/v2\/product_tag?post=5773"}],"curies":[{"name":"wp","href":"https:\/\/api.w.org\/{rel}","templated":true}]}}