{"id":5774,"date":"2024-08-03T15:38:50","date_gmt":"2024-08-03T15:38:50","guid":{"rendered":"https:\/\/ncbeauty.fr\/?post_type=product&#038;p=5774"},"modified":"2026-03-09T22:32:15","modified_gmt":"2026-03-09T22:32:15","slug":"kit-cameroun","status":"publish","type":"product","link":"https:\/\/ncbeauty.fr\/en\/produit\/kit-cameroun\/","title":{"rendered":"Kit Cameroun"},"content":{"rendered":"","protected":false},"excerpt":{"rendered":"<p><strong>Boostez Votre Silhouette avec une Solution Compl\u00e8te<\/strong><\/p>\n<p>Sp\u00e9cialement con\u00e7u pour cibler le bas du corps, le <strong>Kit Cameroun<\/strong> est la solution id\u00e9ale pour celles et ceux qui souhaitent d\u00e9velopper naturellement leurs fesses, hanches, et bassin. Ce kit complet associe des produits aux actifs puissants, permettant un d\u00e9veloppement rapide et visible, particuli\u00e8rement adapt\u00e9 aux personnes minces souhaitant sculpter et tonifier leurs courbes.<\/p>\n<p><strong>Ce que le Kit Cameroun vous offre :<\/strong><\/p>\n<ul>\n<li><strong>Sirop Fruity<\/strong> : Formul\u00e9 pour un effet rapide, ce sirop aide \u00e0 augmenter naturellement le volume des fesses, pour un r\u00e9sultat visible en un clin d&#8217;\u0153il.<\/li>\n<li><strong>Suppo Tassaba<\/strong>: Ces suppositoires agissent en profondeur pour renforcer le bassin et augmenter le volume des fesses. En plus de leurs bienfaits sculptants, ils soulagent les douleurs menstruelles, vous offrant confort et bien-\u00eatre.<\/li>\n<li><strong>G\u00e9lules BBL<\/strong> : En seulement 3 jours, ces g\u00e9lules commencent \u00e0 tonifier et \u00e0 d\u00e9velopper les fesses et les hanches, pour des courbes harmonieuses et naturelles.<\/li>\n<li><strong>Huile<\/strong> : Cette huile nourrissante aide \u00e0 augmenter le volume des fesses, tout en leur apportant une texture douce et lisse pour une peau visiblement plus ferme et hydrat\u00e9e.<\/li>\n<li><strong>Gummies<\/strong><\/li>\n<\/ul>\n<p>Le <strong>Kit Cameroun<\/strong> est une approche compl\u00e8te et cibl\u00e9e pour redessiner votre silhouette et r\u00e9v\u00e9ler votre beaut\u00e9 naturelle. Obtenez les r\u00e9sultats que vous souhaitez, avec des produits efficaces et de qualit\u00e9 sup\u00e9rieure. Adoptez ce kit d\u00e8s aujourd&#8217;hui et donnez un coup d&#8217;\u00e9clat \u00e0 vos courbes en toute confiance !<\/p>\n","protected":false},"featured_media":12851,"comment_status":"open","ping_status":"closed","template":"","meta":{"_monsterinsights_skip_tracking":false,"_monsterinsights_sitenote_active":false,"_monsterinsights_sitenote_note":"","_monsterinsights_sitenote_category":0,"site-sidebar-layout":"default","site-content-layout":"","ast-site-content-layout":"default","site-content-style":"default","site-sidebar-style":"default","ast-global-header-display":"","ast-banner-title-visibility":"","ast-main-header-display":"","ast-hfb-above-header-display":"","ast-hfb-below-header-display":"","ast-hfb-mobile-header-display":"","site-post-title":"","ast-breadcrumbs-content":"","ast-featured-img":"","footer-sml-layout":"","theme-transparent-header-meta":"default","adv-header-id-meta":"","stick-header-meta":"","header-above-stick-meta":"","header-main-stick-meta":"","header-below-stick-meta":"","astra-migrate-meta-layouts":"set","ast-page-background-enabled":"default","ast-page-background-meta":{"desktop":{"background-color":"var(--ast-global-color-4)","background-image":"","background-repeat":"repeat","background-position":"center center","background-size":"auto","background-attachment":"scroll","background-type":"","background-media":"","overlay-type":"","overlay-color":"","overlay-opacity":"","overlay-gradient":""},"tablet":{"background-color":"","background-image":"","background-repeat":"repeat","background-position":"center center","background-size":"auto","background-attachment":"scroll","background-type":"","background-media":"","overlay-type":"","overlay-color":"","overlay-opacity":"","overlay-gradient":""},"mobile":{"background-color":"","background-image":"","background-repeat":"repeat","background-position":"center center","background-size":"auto","background-attachment":"scroll","background-type":"","background-media":"","overlay-type":"","overlay-color":"","overlay-opacity":"","overlay-gradient":""}},"ast-content-background-meta":{"desktop":{"background-color":"var(--ast-global-color-5)","background-image":"","background-repeat":"repeat","background-position":"center center","background-size":"auto","background-attachment":"scroll","background-type":"","background-media":"","overlay-type":"","overlay-color":"","overlay-opacity":"","overlay-gradient":""},"tablet":{"background-color":"var(--ast-global-color-5)","background-image":"","background-repeat":"repeat","background-position":"center center","background-size":"auto","background-attachment":"scroll","background-type":"","background-media":"","overlay-type":"","overlay-color":"","overlay-opacity":"","overlay-gradient":""},"mobile":{"background-color":"var(--ast-global-color-5)","background-image":"","background-repeat":"repeat","background-position":"center center","background-size":"auto","background-attachment":"scroll","background-type":"","background-media":"","overlay-type":"","overlay-color":"","overlay-opacity":"","overlay-gradient":""}},"_joinchat":[]},"product_brand":[],"product_cat":[24],"product_tag":[],"class_list":{"0":"post-5774","1":"product","2":"type-product","3":"status-publish","4":"has-post-thumbnail","6":"product_cat-nos-produits-aphrodisiaque","7":"desktop-align-left","8":"tablet-align-left","9":"mobile-align-left","10":"tm-has-options","12":"first","13":"outofstock","14":"taxable","15":"shipping-taxable","16":"purchasable","17":"product-type-bundle"},"bundled_by":[],"bundle_stock_status":"outofstock","bundle_stock_quantity":0,"bundle_virtual":false,"bundle_layout":"default","bundle_add_to_cart_form_location":"default","bundle_editable_in_cart":false,"bundle_sold_individually_context":"product","bundle_item_grouping":"parent","bundle_min_size":"","bundle_max_size":"","bundle_price":{"price":{"min":{"incl_tax":"170","excl_tax":"170"},"max":{"incl_tax":"170","excl_tax":"170"}},"regular_price":{"min":{"incl_tax":"170","excl_tax":"170"},"max":{"incl_tax":"170","excl_tax":"170"}}},"bundled_items":[{"bundled_item_id":61,"product_id":11239,"menu_order":0,"quantity_min":1,"quantity_max":1,"quantity_default":1,"priced_individually":false,"shipped_individually":false,"override_title":false,"title":"Hip Up - Huile Miracle","override_description":false,"description":"","optional":false,"hide_thumbnail":false,"discount":"","override_variations":false,"allowed_variations":[],"override_default_variation_attributes":false,"default_variation_attributes":[],"single_product_visibility":"visible","cart_visibility":"visible","order_visibility":"visible","single_product_price_visibility":"visible","cart_price_visibility":"visible","order_price_visibility":"visible","stock_status":"in_stock"},{"bundled_item_id":62,"product_id":2214,"menu_order":1,"quantity_min":2,"quantity_max":2,"quantity_default":2,"priced_individually":false,"shipped_individually":false,"override_title":false,"title":"SIROP FRUITY","override_description":false,"description":"","optional":false,"hide_thumbnail":false,"discount":"","override_variations":false,"allowed_variations":[],"override_default_variation_attributes":false,"default_variation_attributes":[],"single_product_visibility":"visible","cart_visibility":"visible","order_visibility":"visible","single_product_price_visibility":"visible","cart_price_visibility":"visible","order_price_visibility":"visible","stock_status":"in_stock"},{"bundled_item_id":359,"product_id":2110,"menu_order":2,"quantity_min":1,"quantity_max":1,"quantity_default":1,"priced_individually":false,"shipped_individually":false,"override_title":false,"title":"SUPPOSITOIRE TASSABA","override_description":false,"description":"","optional":false,"hide_thumbnail":false,"discount":"","override_variations":false,"allowed_variations":[],"override_default_variation_attributes":false,"default_variation_attributes":[],"single_product_visibility":"visible","cart_visibility":"visible","order_visibility":"visible","single_product_price_visibility":"visible","cart_price_visibility":"visible","order_price_visibility":"visible","stock_status":"out_of_stock"},{"bundled_item_id":360,"product_id":1610,"menu_order":3,"quantity_min":1,"quantity_max":1,"quantity_default":1,"priced_individually":false,"shipped_individually":false,"override_title":false,"title":"GUMMIES FESSIER BBL","override_description":false,"description":"","optional":false,"hide_thumbnail":false,"discount":"","override_variations":false,"allowed_variations":[],"override_default_variation_attributes":false,"default_variation_attributes":[],"single_product_visibility":"visible","cart_visibility":"visible","order_visibility":"visible","single_product_price_visibility":"visible","cart_price_visibility":"visible","order_price_visibility":"visible","stock_status":"in_stock"}],"bundle_sell_ids":[],"aioseo_notices":[],"yoast_head":"\n<title>Kit Cameroun - NC BEAUTY<\/title>\n<meta name=\"robots\" content=\"index, follow, max-snippet:-1, max-image-preview:large, max-video-preview:-1\" \/>\n<link rel=\"canonical\" href=\"https:\/\/ncbeauty.fr\/produit\/kit-cameroun\/\" \/>\n<meta property=\"og:locale\" content=\"en_US\" \/>\n<meta property=\"og:type\" content=\"article\" \/>\n<meta property=\"og:title\" content=\"Kit Cameroun - NC BEAUTY\" \/>\n<meta property=\"og:description\" content=\"Boostez Votre Silhouette avec une Solution Compl\u00e8te  Sp\u00e9cialement con\u00e7u pour cibler le bas du corps, le Kit Cameroun est la solution id\u00e9ale pour celles et ceux qui souhaitent d\u00e9velopper naturellement leurs fesses, hanches, et bassin. Ce kit complet associe des produits aux actifs puissants, permettant un d\u00e9veloppement rapide et visible, particuli\u00e8rement adapt\u00e9 aux personnes minces souhaitant sculpter et tonifier leurs courbes.  Ce que le Kit Cameroun vous offre :   Sirop Fruity : Formul\u00e9 pour un effet rapide, ce sirop aide \u00e0 augmenter naturellement le volume des fesses, pour un r\u00e9sultat visible en un clin d&#039;\u0153il.  Suppo Tassaba: Ces suppositoires agissent en profondeur pour renforcer le bassin et augmenter le volume des fesses. En plus de leurs bienfaits sculptants, ils soulagent les douleurs menstruelles, vous offrant confort et bien-\u00eatre.  G\u00e9lules BBL : En seulement 3 jours, ces g\u00e9lules commencent \u00e0 tonifier et \u00e0 d\u00e9velopper les fesses et les hanches, pour des courbes harmonieuses et naturelles.  Huile : Cette huile nourrissante aide \u00e0 augmenter le volume des fesses, tout en leur apportant une texture douce et lisse pour une peau visiblement plus ferme et hydrat\u00e9e.  Gummies  Le Kit Cameroun est une approche compl\u00e8te et cibl\u00e9e pour redessiner votre silhouette et r\u00e9v\u00e9ler votre beaut\u00e9 naturelle. Obtenez les r\u00e9sultats que vous souhaitez, avec des produits efficaces et de qualit\u00e9 sup\u00e9rieure. Adoptez ce kit d\u00e8s aujourd&#039;hui et donnez un coup d&#039;\u00e9clat \u00e0 vos courbes en toute confiance !\" \/>\n<meta property=\"og:url\" content=\"https:\/\/ncbeauty.fr\/produit\/kit-cameroun\/\" \/>\n<meta property=\"og:site_name\" content=\"NC BEAUTY\" \/>\n<meta property=\"article:modified_time\" content=\"2026-03-09T22:32:15+00:00\" \/>\n<meta property=\"og:image\" content=\"https:\/\/ncbeauty.fr\/choaweex\/2025\/03\/Kit-Caoeroun.webp\" \/>\n\t<meta property=\"og:image:width\" content=\"1126\" \/>\n\t<meta property=\"og:image:height\" content=\"2000\" \/>\n\t<meta property=\"og:image:type\" content=\"image\/webp\" \/>\n<meta name=\"twitter:card\" content=\"summary_large_image\" \/>\n<meta name=\"twitter:label1\" content=\"Est. reading time\" \/>\n\t<meta name=\"twitter:data1\" content=\"1 minute\" \/>\n<script type=\"application\/ld+json\" class=\"yoast-schema-graph\">{\"@context\":\"https:\/\/schema.org\",\"@graph\":[{\"@type\":\"WebPage\",\"@id\":\"https:\/\/ncbeauty.fr\/produit\/kit-cameroun\/\",\"url\":\"https:\/\/ncbeauty.fr\/produit\/kit-cameroun\/\",\"name\":\"Kit Cameroun - NC BEAUTY\",\"isPartOf\":{\"@id\":\"https:\/\/ncbeauty.fr\/#website\"},\"primaryImageOfPage\":{\"@id\":\"https:\/\/ncbeauty.fr\/produit\/kit-cameroun\/#primaryimage\"},\"image\":{\"@id\":\"https:\/\/ncbeauty.fr\/produit\/kit-cameroun\/#primaryimage\"},\"thumbnailUrl\":\"https:\/\/ncbeauty.fr\/choaweex\/2025\/03\/Kit-Caoeroun.webp\",\"datePublished\":\"2024-08-03T15:38:50+00:00\",\"dateModified\":\"2026-03-09T22:32:15+00:00\",\"breadcrumb\":{\"@id\":\"https:\/\/ncbeauty.fr\/produit\/kit-cameroun\/#breadcrumb\"},\"inLanguage\":\"en-US\",\"potentialAction\":[{\"@type\":\"ReadAction\",\"target\":[\"https:\/\/ncbeauty.fr\/produit\/kit-cameroun\/\"]}]},{\"@type\":\"ImageObject\",\"inLanguage\":\"en-US\",\"@id\":\"https:\/\/ncbeauty.fr\/produit\/kit-cameroun\/#primaryimage\",\"url\":\"https:\/\/ncbeauty.fr\/choaweex\/2025\/03\/Kit-Caoeroun.webp\",\"contentUrl\":\"https:\/\/ncbeauty.fr\/choaweex\/2025\/03\/Kit-Caoeroun.webp\",\"width\":1126,\"height\":2000},{\"@type\":\"BreadcrumbList\",\"@id\":\"https:\/\/ncbeauty.fr\/produit\/kit-cameroun\/#breadcrumb\",\"itemListElement\":[{\"@type\":\"ListItem\",\"position\":1,\"name\":\"Accueil\",\"item\":\"https:\/\/ncbeauty.fr\/\"},{\"@type\":\"ListItem\",\"position\":2,\"name\":\"Shop\",\"item\":\"https:\/\/ncbeauty.fr\/boutique\/\"},{\"@type\":\"ListItem\",\"position\":3,\"name\":\"Kit Cameroun\"}]},{\"@type\":\"WebSite\",\"@id\":\"https:\/\/ncbeauty.fr\/#website\",\"url\":\"https:\/\/ncbeauty.fr\/\",\"name\":\"NC BEAUTY\",\"description\":\"NC BEAUTY\",\"potentialAction\":[{\"@type\":\"SearchAction\",\"target\":{\"@type\":\"EntryPoint\",\"urlTemplate\":\"https:\/\/ncbeauty.fr\/?s={search_term_string}\"},\"query-input\":{\"@type\":\"PropertyValueSpecification\",\"valueRequired\":true,\"valueName\":\"search_term_string\"}}],\"inLanguage\":\"en-US\"}]}<\/script>\n","yoast_head_json":{"title":"Kit Cameroun - NC BEAUTY","robots":{"index":"index","follow":"follow","max-snippet":"max-snippet:-1","max-image-preview":"max-image-preview:large","max-video-preview":"max-video-preview:-1"},"canonical":"https:\/\/ncbeauty.fr\/produit\/kit-cameroun\/","og_locale":"en_US","og_type":"article","og_title":"Kit Cameroun - NC BEAUTY","og_description":"Boostez Votre Silhouette avec une Solution Compl\u00e8te  Sp\u00e9cialement con\u00e7u pour cibler le bas du corps, le Kit Cameroun est la solution id\u00e9ale pour celles et ceux qui souhaitent d\u00e9velopper naturellement leurs fesses, hanches, et bassin. Ce kit complet associe des produits aux actifs puissants, permettant un d\u00e9veloppement rapide et visible, particuli\u00e8rement adapt\u00e9 aux personnes minces souhaitant sculpter et tonifier leurs courbes.  Ce que le Kit Cameroun vous offre :   Sirop Fruity : Formul\u00e9 pour un effet rapide, ce sirop aide \u00e0 augmenter naturellement le volume des fesses, pour un r\u00e9sultat visible en un clin d'\u0153il.  Suppo Tassaba: Ces suppositoires agissent en profondeur pour renforcer le bassin et augmenter le volume des fesses. En plus de leurs bienfaits sculptants, ils soulagent les douleurs menstruelles, vous offrant confort et bien-\u00eatre.  G\u00e9lules BBL : En seulement 3 jours, ces g\u00e9lules commencent \u00e0 tonifier et \u00e0 d\u00e9velopper les fesses et les hanches, pour des courbes harmonieuses et naturelles.  Huile : Cette huile nourrissante aide \u00e0 augmenter le volume des fesses, tout en leur apportant une texture douce et lisse pour une peau visiblement plus ferme et hydrat\u00e9e.  Gummies  Le Kit Cameroun est une approche compl\u00e8te et cibl\u00e9e pour redessiner votre silhouette et r\u00e9v\u00e9ler votre beaut\u00e9 naturelle. Obtenez les r\u00e9sultats que vous souhaitez, avec des produits efficaces et de qualit\u00e9 sup\u00e9rieure. Adoptez ce kit d\u00e8s aujourd'hui et donnez un coup d'\u00e9clat \u00e0 vos courbes en toute confiance !","og_url":"https:\/\/ncbeauty.fr\/produit\/kit-cameroun\/","og_site_name":"NC BEAUTY","article_modified_time":"2026-03-09T22:32:15+00:00","og_image":[{"width":1126,"height":2000,"url":"https:\/\/ncbeauty.fr\/choaweex\/2025\/03\/Kit-Caoeroun.webp","type":"image\/webp"}],"twitter_card":"summary_large_image","twitter_misc":{"Est. reading time":"1 minute"},"schema":{"@context":"https:\/\/schema.org","@graph":[{"@type":"WebPage","@id":"https:\/\/ncbeauty.fr\/produit\/kit-cameroun\/","url":"https:\/\/ncbeauty.fr\/produit\/kit-cameroun\/","name":"Kit Cameroun - NC BEAUTY","isPartOf":{"@id":"https:\/\/ncbeauty.fr\/#website"},"primaryImageOfPage":{"@id":"https:\/\/ncbeauty.fr\/produit\/kit-cameroun\/#primaryimage"},"image":{"@id":"https:\/\/ncbeauty.fr\/produit\/kit-cameroun\/#primaryimage"},"thumbnailUrl":"https:\/\/ncbeauty.fr\/choaweex\/2025\/03\/Kit-Caoeroun.webp","datePublished":"2024-08-03T15:38:50+00:00","dateModified":"2026-03-09T22:32:15+00:00","breadcrumb":{"@id":"https:\/\/ncbeauty.fr\/produit\/kit-cameroun\/#breadcrumb"},"inLanguage":"en-US","potentialAction":[{"@type":"ReadAction","target":["https:\/\/ncbeauty.fr\/produit\/kit-cameroun\/"]}]},{"@type":"ImageObject","inLanguage":"en-US","@id":"https:\/\/ncbeauty.fr\/produit\/kit-cameroun\/#primaryimage","url":"https:\/\/ncbeauty.fr\/choaweex\/2025\/03\/Kit-Caoeroun.webp","contentUrl":"https:\/\/ncbeauty.fr\/choaweex\/2025\/03\/Kit-Caoeroun.webp","width":1126,"height":2000},{"@type":"BreadcrumbList","@id":"https:\/\/ncbeauty.fr\/produit\/kit-cameroun\/#breadcrumb","itemListElement":[{"@type":"ListItem","position":1,"name":"Accueil","item":"https:\/\/ncbeauty.fr\/"},{"@type":"ListItem","position":2,"name":"Shop","item":"https:\/\/ncbeauty.fr\/boutique\/"},{"@type":"ListItem","position":3,"name":"Kit Cameroun"}]},{"@type":"WebSite","@id":"https:\/\/ncbeauty.fr\/#website","url":"https:\/\/ncbeauty.fr\/","name":"NC BEAUTY","description":"NC BEAUTY","potentialAction":[{"@type":"SearchAction","target":{"@type":"EntryPoint","urlTemplate":"https:\/\/ncbeauty.fr\/?s={search_term_string}"},"query-input":{"@type":"PropertyValueSpecification","valueRequired":true,"valueName":"search_term_string"}}],"inLanguage":"en-US"}]}},"jetpack_sharing_enabled":true,"_links":{"self":[{"href":"https:\/\/ncbeauty.fr\/en\/wp-json\/wp\/v2\/product\/5774","targetHints":{"allow":["GET"]}}],"collection":[{"href":"https:\/\/ncbeauty.fr\/en\/wp-json\/wp\/v2\/product"}],"about":[{"href":"https:\/\/ncbeauty.fr\/en\/wp-json\/wp\/v2\/types\/product"}],"replies":[{"embeddable":true,"href":"https:\/\/ncbeauty.fr\/en\/wp-json\/wp\/v2\/comments?post=5774"}],"wp:featuredmedia":[{"embeddable":true,"href":"https:\/\/ncbeauty.fr\/en\/wp-json\/wp\/v2\/media\/12851"}],"wp:attachment":[{"href":"https:\/\/ncbeauty.fr\/en\/wp-json\/wp\/v2\/media?parent=5774"}],"wp:term":[{"taxonomy":"product_brand","embeddable":true,"href":"https:\/\/ncbeauty.fr\/en\/wp-json\/wp\/v2\/product_brand?post=5774"},{"taxonomy":"product_cat","embeddable":true,"href":"https:\/\/ncbeauty.fr\/en\/wp-json\/wp\/v2\/product_cat?post=5774"},{"taxonomy":"product_tag","embeddable":true,"href":"https:\/\/ncbeauty.fr\/en\/wp-json\/wp\/v2\/product_tag?post=5774"}],"curies":[{"name":"wp","href":"https:\/\/api.w.org\/{rel}","templated":true}]}}