{"id":5777,"date":"2024-08-03T18:07:24","date_gmt":"2024-08-03T18:07:24","guid":{"rendered":"https:\/\/ncbeauty.fr\/?post_type=product&#038;p=5777"},"modified":"2025-11-24T12:35:26","modified_gmt":"2025-11-24T12:35:26","slug":"kit-apouchout-express-ce-le-kit-complete","status":"publish","type":"product","link":"https:\/\/ncbeauty.fr\/en\/produit\/kit-apouchout-express-ce-le-kit-complete\/","title":{"rendered":"Kit apouchout expres"},"content":{"rendered":"<h3>Mode d&#8217;utilisation<\/h3>\n<p>Prenez une cuill\u00e8re \u00e0 soupe de sirop matin et soir,<br \/>\nEt, en m\u00eame temps, une g\u00e9lule matin et soir.<\/p>\n<p>Le soir venu, savourez une cuill\u00e8re \u00e0 soupe de sirop Fruity,<br \/>\nPour une transformation en douceur, comme dans un r\u00eave exquis.<\/p>\n","protected":false},"excerpt":{"rendered":"<div class=\"flex flex-grow flex-col max-w-full AIPRM__conversation__response\">\n<div class=\"min-h-[20px] text-message flex w-full flex-col items-end gap-2 whitespace-pre-wrap break-words [.text-message+&amp;]:mt-5 overflow-x-auto\" dir=\"auto\" data-message-author-role=\"assistant\" data-message-id=\"36f8da34-8abc-403a-a7a1-336557bf3018\">\n<div class=\"flex w-full flex-col gap-1 empty:hidden first:pt-[3px]\">\n<div class=\"markdown prose w-full break-words dark:prose-invert dark\">\n<p><strong>Le Kit Apouchou Express<\/strong> est votre alli\u00e9 parfait pour prendre du poids rapidement, avec des r\u00e9sultats visibles en seulement 3 jours !<\/p>\n<p><strong>Pourquoi choisir le Kit Apouchout Express ?<\/strong><\/p>\n<ul>\n<li><strong>Augmente l&#8217;app\u00e9tit<\/strong> : Stimule votre envie de manger et favorise une prise de poids harmonieuse sur tout le corps, sans affecter votre ventre.<\/li>\n<li><strong>Gain de courbes<\/strong> : Sp\u00e9cialement formul\u00e9 pour vous aider \u00e0 gagner des formes g\u00e9n\u00e9reuses et sensuelles.<\/li>\n<\/ul>\n<h4>Contenu du Kit Apouchout Express<\/h4>\n<ul>\n<li><strong>2 sirops Apouchout<\/strong> : Pour un app\u00e9tit ouvert et une prise de poids rapide.<\/li>\n<li><strong>2 bo\u00eetes de g\u00e9lules<\/strong> : Pour un soutien suppl\u00e9mentaire \u00e0 votre transformation.<\/li>\n<li><strong>1 bouteille de sirop sp\u00e9cial fessiers<\/strong> : Pour des fesses rebondies et s\u00e9duisantes.<\/li>\n<\/ul>\n<p><strong>Attention<\/strong> : Ce kit est d\u00e9conseill\u00e9 aux femmes enceintes et allaitantes.<\/p>\n<p>Laissez le <strong>Kit Apouchout Express<\/strong> transformer votre silhouette et r\u00e9v\u00e9ler votre beaut\u00e9 en un temps record. Prenez du poids l\u00e0 o\u00f9 vous le d\u00e9sirez et red\u00e9couvrez la confiance en vous avec ce kit exceptionnel !<\/p>\n<\/div>\n<\/div>\n<\/div>\n<\/div>\n<div class=\"mt-1 flex gap-3 empty:hidden -ml-2\">\n<div class=\"items-center justify-start rounded-xl p-1 flex\">\n<div class=\"flex items-center\">\n<p>&nbsp;<\/p>\n<div class=\"flex\"><\/div>\n<div class=\"flex items-center pb-0\">\n<div class=\"[&amp;_svg]:h-full [&amp;_svg]:w-full icon-md h-4 w-4\"><\/div>\n<\/div>\n<\/div>\n<\/div>\n<\/div>\n","protected":false},"featured_media":5778,"comment_status":"open","ping_status":"closed","template":"","meta":{"_monsterinsights_skip_tracking":false,"_monsterinsights_sitenote_active":false,"_monsterinsights_sitenote_note":"","_monsterinsights_sitenote_category":0,"site-sidebar-layout":"default","site-content-layout":"","ast-site-content-layout":"default","site-content-style":"default","site-sidebar-style":"default","ast-global-header-display":"","ast-banner-title-visibility":"","ast-main-header-display":"","ast-hfb-above-header-display":"","ast-hfb-below-header-display":"","ast-hfb-mobile-header-display":"","site-post-title":"","ast-breadcrumbs-content":"","ast-featured-img":"","footer-sml-layout":"","theme-transparent-header-meta":"default","adv-header-id-meta":"","stick-header-meta":"","header-above-stick-meta":"","header-main-stick-meta":"","header-below-stick-meta":"","astra-migrate-meta-layouts":"set","ast-page-background-enabled":"default","ast-page-background-meta":{"desktop":{"background-color":"var(--ast-global-color-4)","background-image":"","background-repeat":"repeat","background-position":"center center","background-size":"auto","background-attachment":"scroll","background-type":"","background-media":"","overlay-type":"","overlay-color":"","overlay-opacity":"","overlay-gradient":""},"tablet":{"background-color":"","background-image":"","background-repeat":"repeat","background-position":"center center","background-size":"auto","background-attachment":"scroll","background-type":"","background-media":"","overlay-type":"","overlay-color":"","overlay-opacity":"","overlay-gradient":""},"mobile":{"background-color":"","background-image":"","background-repeat":"repeat","background-position":"center center","background-size":"auto","background-attachment":"scroll","background-type":"","background-media":"","overlay-type":"","overlay-color":"","overlay-opacity":"","overlay-gradient":""}},"ast-content-background-meta":{"desktop":{"background-color":"var(--ast-global-color-5)","background-image":"","background-repeat":"repeat","background-position":"center center","background-size":"auto","background-attachment":"scroll","background-type":"","background-media":"","overlay-type":"","overlay-color":"","overlay-opacity":"","overlay-gradient":""},"tablet":{"background-color":"var(--ast-global-color-5)","background-image":"","background-repeat":"repeat","background-position":"center center","background-size":"auto","background-attachment":"scroll","background-type":"","background-media":"","overlay-type":"","overlay-color":"","overlay-opacity":"","overlay-gradient":""},"mobile":{"background-color":"var(--ast-global-color-5)","background-image":"","background-repeat":"repeat","background-position":"center center","background-size":"auto","background-attachment":"scroll","background-type":"","background-media":"","overlay-type":"","overlay-color":"","overlay-opacity":"","overlay-gradient":""}},"_joinchat":[]},"product_brand":[],"product_cat":[24],"product_tag":[],"class_list":{"0":"post-5777","1":"product","2":"type-product","3":"status-publish","4":"has-post-thumbnail","6":"product_cat-nos-produits-aphrodisiaque","7":"desktop-align-left","8":"tablet-align-left","9":"mobile-align-left","10":"tm-has-options","12":"first","13":"outofstock","14":"taxable","15":"shipping-taxable","16":"purchasable","17":"product-type-bundle"},"bundled_by":[],"bundle_stock_status":"outofstock","bundle_stock_quantity":0,"bundle_virtual":false,"bundle_layout":"default","bundle_add_to_cart_form_location":"default","bundle_editable_in_cart":false,"bundle_sold_individually_context":"product","bundle_item_grouping":"parent","bundle_min_size":"","bundle_max_size":"","bundle_price":{"price":{"min":{"incl_tax":"150","excl_tax":"150"},"max":{"incl_tax":"150","excl_tax":"150"}},"regular_price":{"min":{"incl_tax":"150","excl_tax":"150"},"max":{"incl_tax":"150","excl_tax":"150"}}},"bundled_items":[{"bundled_item_id":17,"product_id":2527,"menu_order":0,"quantity_min":2,"quantity_max":2,"quantity_default":2,"priced_individually":false,"shipped_individually":false,"override_title":false,"title":"SIROP APOUCHOU","override_description":false,"description":"","optional":false,"hide_thumbnail":false,"discount":"","override_variations":false,"allowed_variations":[],"override_default_variation_attributes":false,"default_variation_attributes":[],"single_product_visibility":"visible","cart_visibility":"visible","order_visibility":"visible","single_product_price_visibility":"visible","cart_price_visibility":"visible","order_price_visibility":"visible","stock_status":"in_stock"},{"bundled_item_id":18,"product_id":583,"menu_order":1,"quantity_min":2,"quantity_max":2,"quantity_default":2,"priced_individually":false,"shipped_individually":false,"override_title":false,"title":"G\u00e9lules PRISE DE POIDS","override_description":false,"description":"","optional":false,"hide_thumbnail":false,"discount":"","override_variations":false,"allowed_variations":[],"override_default_variation_attributes":false,"default_variation_attributes":[],"single_product_visibility":"visible","cart_visibility":"visible","order_visibility":"visible","single_product_price_visibility":"visible","cart_price_visibility":"visible","order_price_visibility":"visible","stock_status":"out_of_stock"},{"bundled_item_id":19,"product_id":2214,"menu_order":2,"quantity_min":1,"quantity_max":1,"quantity_default":1,"priced_individually":false,"shipped_individually":false,"override_title":false,"title":"SIROP FRUITY","override_description":false,"description":"","optional":false,"hide_thumbnail":false,"discount":"","override_variations":false,"allowed_variations":[],"override_default_variation_attributes":false,"default_variation_attributes":[],"single_product_visibility":"visible","cart_visibility":"visible","order_visibility":"visible","single_product_price_visibility":"visible","cart_price_visibility":"visible","order_price_visibility":"visible","stock_status":"in_stock"}],"bundle_sell_ids":[],"aioseo_notices":[],"yoast_head":"\n<title>Kit apouchout expres - NC BEAUTY<\/title>\n<meta name=\"description\" content=\"Le kit apouchout express ce le kit compl\u00e9t\u00e9 pour ta pris\u00e9e de poids il te permet de prendre de poids super vite\" \/>\n<meta name=\"robots\" content=\"index, follow, max-snippet:-1, max-image-preview:large, max-video-preview:-1\" \/>\n<link rel=\"canonical\" href=\"https:\/\/ncbeauty.fr\/produit\/kit-apouchout-express-ce-le-kit-complete\/\" \/>\n<meta property=\"og:locale\" content=\"en_US\" \/>\n<meta property=\"og:type\" content=\"article\" \/>\n<meta property=\"og:title\" content=\"Kit apouchout expres - NC BEAUTY\" \/>\n<meta property=\"og:description\" content=\"Le kit apouchout express ce le kit compl\u00e9t\u00e9 pour ta pris\u00e9e de poids il te permet de prendre de poids super vite\" \/>\n<meta property=\"og:url\" content=\"https:\/\/ncbeauty.fr\/produit\/kit-apouchout-express-ce-le-kit-complete\/\" \/>\n<meta property=\"og:site_name\" content=\"NC BEAUTY\" \/>\n<meta property=\"article:modified_time\" content=\"2025-11-24T12:35:26+00:00\" \/>\n<meta property=\"og:image\" content=\"https:\/\/ncbeauty.fr\/choaweex\/2024\/08\/Photoroom-20240724_195046.png\" \/>\n\t<meta property=\"og:image:width\" content=\"1600\" \/>\n\t<meta property=\"og:image:height\" content=\"1600\" \/>\n\t<meta property=\"og:image:type\" content=\"image\/png\" \/>\n<meta name=\"twitter:card\" content=\"summary_large_image\" \/>\n<meta name=\"twitter:label1\" content=\"Est. reading time\" \/>\n\t<meta name=\"twitter:data1\" content=\"1 minute\" \/>\n<script type=\"application\/ld+json\" class=\"yoast-schema-graph\">{\"@context\":\"https:\/\/schema.org\",\"@graph\":[{\"@type\":\"WebPage\",\"@id\":\"https:\/\/ncbeauty.fr\/produit\/kit-apouchout-express-ce-le-kit-complete\/\",\"url\":\"https:\/\/ncbeauty.fr\/produit\/kit-apouchout-express-ce-le-kit-complete\/\",\"name\":\"Kit apouchout expres - NC BEAUTY\",\"isPartOf\":{\"@id\":\"https:\/\/ncbeauty.fr\/#website\"},\"primaryImageOfPage\":{\"@id\":\"https:\/\/ncbeauty.fr\/produit\/kit-apouchout-express-ce-le-kit-complete\/#primaryimage\"},\"image\":{\"@id\":\"https:\/\/ncbeauty.fr\/produit\/kit-apouchout-express-ce-le-kit-complete\/#primaryimage\"},\"thumbnailUrl\":\"https:\/\/ncbeauty.fr\/choaweex\/2024\/08\/Photoroom-20240724_195046.png\",\"datePublished\":\"2024-08-03T18:07:24+00:00\",\"dateModified\":\"2025-11-24T12:35:26+00:00\",\"description\":\"Le kit apouchout express ce le kit compl\u00e9t\u00e9 pour ta pris\u00e9e de poids il te permet de prendre de poids super vite\",\"breadcrumb\":{\"@id\":\"https:\/\/ncbeauty.fr\/produit\/kit-apouchout-express-ce-le-kit-complete\/#breadcrumb\"},\"inLanguage\":\"en-US\",\"potentialAction\":[{\"@type\":\"ReadAction\",\"target\":[\"https:\/\/ncbeauty.fr\/produit\/kit-apouchout-express-ce-le-kit-complete\/\"]}]},{\"@type\":\"ImageObject\",\"inLanguage\":\"en-US\",\"@id\":\"https:\/\/ncbeauty.fr\/produit\/kit-apouchout-express-ce-le-kit-complete\/#primaryimage\",\"url\":\"https:\/\/ncbeauty.fr\/choaweex\/2024\/08\/Photoroom-20240724_195046.png\",\"contentUrl\":\"https:\/\/ncbeauty.fr\/choaweex\/2024\/08\/Photoroom-20240724_195046.png\",\"width\":1600,\"height\":1600},{\"@type\":\"BreadcrumbList\",\"@id\":\"https:\/\/ncbeauty.fr\/produit\/kit-apouchout-express-ce-le-kit-complete\/#breadcrumb\",\"itemListElement\":[{\"@type\":\"ListItem\",\"position\":1,\"name\":\"Accueil\",\"item\":\"https:\/\/ncbeauty.fr\/\"},{\"@type\":\"ListItem\",\"position\":2,\"name\":\"Shop\",\"item\":\"https:\/\/ncbeauty.fr\/boutique\/\"},{\"@type\":\"ListItem\",\"position\":3,\"name\":\"Kit apouchout expres\"}]},{\"@type\":\"WebSite\",\"@id\":\"https:\/\/ncbeauty.fr\/#website\",\"url\":\"https:\/\/ncbeauty.fr\/\",\"name\":\"NC BEAUTY\",\"description\":\"NC BEAUTY\",\"potentialAction\":[{\"@type\":\"SearchAction\",\"target\":{\"@type\":\"EntryPoint\",\"urlTemplate\":\"https:\/\/ncbeauty.fr\/?s={search_term_string}\"},\"query-input\":{\"@type\":\"PropertyValueSpecification\",\"valueRequired\":true,\"valueName\":\"search_term_string\"}}],\"inLanguage\":\"en-US\"}]}<\/script>\n","yoast_head_json":{"title":"Kit apouchout expres - NC BEAUTY","description":"Le kit apouchout express ce le kit compl\u00e9t\u00e9 pour ta pris\u00e9e de poids il te permet de prendre de poids super vite","robots":{"index":"index","follow":"follow","max-snippet":"max-snippet:-1","max-image-preview":"max-image-preview:large","max-video-preview":"max-video-preview:-1"},"canonical":"https:\/\/ncbeauty.fr\/produit\/kit-apouchout-express-ce-le-kit-complete\/","og_locale":"en_US","og_type":"article","og_title":"Kit apouchout expres - NC BEAUTY","og_description":"Le kit apouchout express ce le kit compl\u00e9t\u00e9 pour ta pris\u00e9e de poids il te permet de prendre de poids super vite","og_url":"https:\/\/ncbeauty.fr\/produit\/kit-apouchout-express-ce-le-kit-complete\/","og_site_name":"NC BEAUTY","article_modified_time":"2025-11-24T12:35:26+00:00","og_image":[{"width":1600,"height":1600,"url":"https:\/\/ncbeauty.fr\/choaweex\/2024\/08\/Photoroom-20240724_195046.png","type":"image\/png"}],"twitter_card":"summary_large_image","twitter_misc":{"Est. reading time":"1 minute"},"schema":{"@context":"https:\/\/schema.org","@graph":[{"@type":"WebPage","@id":"https:\/\/ncbeauty.fr\/produit\/kit-apouchout-express-ce-le-kit-complete\/","url":"https:\/\/ncbeauty.fr\/produit\/kit-apouchout-express-ce-le-kit-complete\/","name":"Kit apouchout expres - NC BEAUTY","isPartOf":{"@id":"https:\/\/ncbeauty.fr\/#website"},"primaryImageOfPage":{"@id":"https:\/\/ncbeauty.fr\/produit\/kit-apouchout-express-ce-le-kit-complete\/#primaryimage"},"image":{"@id":"https:\/\/ncbeauty.fr\/produit\/kit-apouchout-express-ce-le-kit-complete\/#primaryimage"},"thumbnailUrl":"https:\/\/ncbeauty.fr\/choaweex\/2024\/08\/Photoroom-20240724_195046.png","datePublished":"2024-08-03T18:07:24+00:00","dateModified":"2025-11-24T12:35:26+00:00","description":"Le kit apouchout express ce le kit compl\u00e9t\u00e9 pour ta pris\u00e9e de poids il te permet de prendre de poids super vite","breadcrumb":{"@id":"https:\/\/ncbeauty.fr\/produit\/kit-apouchout-express-ce-le-kit-complete\/#breadcrumb"},"inLanguage":"en-US","potentialAction":[{"@type":"ReadAction","target":["https:\/\/ncbeauty.fr\/produit\/kit-apouchout-express-ce-le-kit-complete\/"]}]},{"@type":"ImageObject","inLanguage":"en-US","@id":"https:\/\/ncbeauty.fr\/produit\/kit-apouchout-express-ce-le-kit-complete\/#primaryimage","url":"https:\/\/ncbeauty.fr\/choaweex\/2024\/08\/Photoroom-20240724_195046.png","contentUrl":"https:\/\/ncbeauty.fr\/choaweex\/2024\/08\/Photoroom-20240724_195046.png","width":1600,"height":1600},{"@type":"BreadcrumbList","@id":"https:\/\/ncbeauty.fr\/produit\/kit-apouchout-express-ce-le-kit-complete\/#breadcrumb","itemListElement":[{"@type":"ListItem","position":1,"name":"Accueil","item":"https:\/\/ncbeauty.fr\/"},{"@type":"ListItem","position":2,"name":"Shop","item":"https:\/\/ncbeauty.fr\/boutique\/"},{"@type":"ListItem","position":3,"name":"Kit apouchout expres"}]},{"@type":"WebSite","@id":"https:\/\/ncbeauty.fr\/#website","url":"https:\/\/ncbeauty.fr\/","name":"NC BEAUTY","description":"NC BEAUTY","potentialAction":[{"@type":"SearchAction","target":{"@type":"EntryPoint","urlTemplate":"https:\/\/ncbeauty.fr\/?s={search_term_string}"},"query-input":{"@type":"PropertyValueSpecification","valueRequired":true,"valueName":"search_term_string"}}],"inLanguage":"en-US"}]}},"jetpack_sharing_enabled":true,"_links":{"self":[{"href":"https:\/\/ncbeauty.fr\/en\/wp-json\/wp\/v2\/product\/5777","targetHints":{"allow":["GET"]}}],"collection":[{"href":"https:\/\/ncbeauty.fr\/en\/wp-json\/wp\/v2\/product"}],"about":[{"href":"https:\/\/ncbeauty.fr\/en\/wp-json\/wp\/v2\/types\/product"}],"replies":[{"embeddable":true,"href":"https:\/\/ncbeauty.fr\/en\/wp-json\/wp\/v2\/comments?post=5777"}],"wp:featuredmedia":[{"embeddable":true,"href":"https:\/\/ncbeauty.fr\/en\/wp-json\/wp\/v2\/media\/5778"}],"wp:attachment":[{"href":"https:\/\/ncbeauty.fr\/en\/wp-json\/wp\/v2\/media?parent=5777"}],"wp:term":[{"taxonomy":"product_brand","embeddable":true,"href":"https:\/\/ncbeauty.fr\/en\/wp-json\/wp\/v2\/product_brand?post=5777"},{"taxonomy":"product_cat","embeddable":true,"href":"https:\/\/ncbeauty.fr\/en\/wp-json\/wp\/v2\/product_cat?post=5777"},{"taxonomy":"product_tag","embeddable":true,"href":"https:\/\/ncbeauty.fr\/en\/wp-json\/wp\/v2\/product_tag?post=5777"}],"curies":[{"name":"wp","href":"https:\/\/api.w.org\/{rel}","templated":true}]}}