{"id":6299,"date":"2024-09-02T09:53:12","date_gmt":"2024-09-02T09:53:12","guid":{"rendered":"https:\/\/ncbeauty.fr\/?post_type=product&#038;p=6299"},"modified":"2026-04-09T08:17:42","modified_gmt":"2026-04-09T08:17:42","slug":"savon-fessier","status":"publish","type":"product","link":"https:\/\/ncbeauty.fr\/en\/produit\/savon-fessier\/","title":{"rendered":"Savon Fessier"},"content":{"rendered":"<p data-start=\"229\" data-end=\"409\">Con\u00e7u sp\u00e9cialement pour <strong data-start=\"253\" data-end=\"292\">faire grossir vos fesses rapidement<\/strong>, notre savon est fabriqu\u00e9 \u00e0 partir d\u2019ingr\u00e9dients <strong data-start=\"342\" data-end=\"359\">100% naturels<\/strong> pour une action efficace et douce sur votre peau.<\/p>\n<p data-start=\"411\" data-end=\"605\"><strong data-start=\"411\" data-end=\"435\">Comment l\u2019utiliser ?<\/strong><br data-start=\"435\" data-end=\"438\" \/>Appliquez-le sur les zones souhait\u00e9es en massant doucement avec les gants en latex fournis. Ce rituel simple stimule la circulation et favorise le galbe de vos fesses.<\/p>\n<p data-start=\"607\" data-end=\"651\"><strong data-start=\"607\" data-end=\"649\">Pourquoi choisir notre Savon Fessier ?<\/strong><\/p>\n<ul data-start=\"652\" data-end=\"855\">\n<li data-start=\"652\" data-end=\"714\">\n<p data-start=\"654\" data-end=\"714\">Ingr\u00e9dients 100% naturels pour un soin sain et sans danger<\/p>\n<\/li>\n<li data-start=\"715\" data-end=\"748\">\n<p data-start=\"717\" data-end=\"748\">R\u00e9sultats rapides et visibles<\/p>\n<\/li>\n<li data-start=\"749\" data-end=\"802\">\n<p data-start=\"751\" data-end=\"802\">Nettoie, tonifie et nourrit la peau en profondeur<\/p>\n<\/li>\n<li data-start=\"803\" data-end=\"855\">\n<p data-start=\"805\" data-end=\"855\">Facile \u00e0 utiliser avec les gants en latex inclus<\/p>\n<\/li>\n<\/ul>\n<p data-start=\"857\" data-end=\"909\"><strong data-start=\"857\" data-end=\"907\">Conseils d\u2019utilisation pour un effet maximal :<\/strong><\/p>\n<ul data-start=\"910\" data-end=\"1218\">\n<li data-start=\"910\" data-end=\"960\">\n<p data-start=\"912\" data-end=\"960\">Utilisez le savon matin et soir sur les fesses<\/p>\n<\/li>\n<li data-start=\"961\" data-end=\"1021\">\n<p data-start=\"963\" data-end=\"1021\">Massez pendant 3 \u00e0 5 minutes pour activer la circulation<\/p>\n<\/li>\n<li data-start=\"1022\" data-end=\"1069\">\n<p data-start=\"1024\" data-end=\"1069\">Rincez \u00e0 l\u2019eau ti\u00e8de et s\u00e9chez d\u00e9licatement<\/p>\n<\/li>\n<li data-start=\"1070\" data-end=\"1115\">\n<p data-start=\"1072\" data-end=\"1115\">Hydratez la peau apr\u00e8s chaque utilisation<\/p>\n<\/li>\n<li data-start=\"1116\" data-end=\"1218\">\n<p data-start=\"1118\" data-end=\"1218\">Adoptez une alimentation \u00e9quilibr\u00e9e et une activit\u00e9 physique r\u00e9guli\u00e8re pour sublimer les r\u00e9sultats<\/p>\n<\/li>\n<\/ul>\n<p data-start=\"1220\" data-end=\"1301\">Offrez-vous une peau plus ferme et un galbe naturel gr\u00e2ce \u00e0 notre Savon Fessier !<\/p>\n","protected":false},"excerpt":{"rendered":"<h3 data-start=\"120\" data-end=\"189\">Notre savon FESSIER pour un effet galbant et tonifiant des fesses<\/h3>\n<p data-start=\"191\" data-end=\"426\">D\u00e9couvrez notre savon sp\u00e9cialement formul\u00e9 pour aider \u00e0 <strong data-start=\"247\" data-end=\"312\">augmenter naturellement le volume et la fermet\u00e9 de vos fesses<\/strong>. Ce savon unique nettoie la peau en profondeur tout en stimulant la circulation et la tonicit\u00e9 de la zone cibl\u00e9e.<\/p>\n<p data-start=\"428\" data-end=\"599\"><strong data-start=\"428\" data-end=\"462\">R\u00e9sultats visibles d\u00e8s 3 jours<\/strong><br data-start=\"462\" data-end=\"465\" \/>Gr\u00e2ce \u00e0 ses ingr\u00e9dients naturels, il favorise une prise de volume rapide et une peau plus lisse, pour une silhouette plus harmonieuse.<\/p>\n<p data-start=\"601\" data-end=\"637\"><strong data-start=\"601\" data-end=\"635\">Les bienfaits de notre savon :<\/strong><\/p>\n<ul data-start=\"638\" data-end=\"852\">\n<li data-start=\"638\" data-end=\"679\">\n<p data-start=\"640\" data-end=\"679\">Nettoie et purifie la peau en douceur<\/p>\n<\/li>\n<li data-start=\"680\" data-end=\"740\">\n<p data-start=\"682\" data-end=\"740\">Stimule la circulation sanguine pour tonifier les fesses<\/p>\n<\/li>\n<li data-start=\"741\" data-end=\"792\">\n<p data-start=\"743\" data-end=\"792\">Aide \u00e0 augmenter le volume de mani\u00e8re naturelle<\/p>\n<\/li>\n<li data-start=\"793\" data-end=\"852\">\n<p data-start=\"795\" data-end=\"852\">R\u00e9sultats visibles d\u00e8s les premiers jours d\u2019utilisation<\/p>\n<\/li>\n<\/ul>\n<p data-start=\"854\" data-end=\"924\">Utilisez- le r\u00e9guli\u00e8rement pour une peau saine et un galbe impeccable<\/p>\n","protected":false},"featured_media":6300,"comment_status":"open","ping_status":"closed","template":"","meta":{"_monsterinsights_skip_tracking":false,"_monsterinsights_sitenote_active":false,"_monsterinsights_sitenote_note":"","_monsterinsights_sitenote_category":0,"site-sidebar-layout":"default","site-content-layout":"","ast-site-content-layout":"default","site-content-style":"default","site-sidebar-style":"default","ast-global-header-display":"","ast-banner-title-visibility":"","ast-main-header-display":"","ast-hfb-above-header-display":"","ast-hfb-below-header-display":"","ast-hfb-mobile-header-display":"","site-post-title":"","ast-breadcrumbs-content":"","ast-featured-img":"","footer-sml-layout":"","theme-transparent-header-meta":"default","adv-header-id-meta":"","stick-header-meta":"","header-above-stick-meta":"","header-main-stick-meta":"","header-below-stick-meta":"","astra-migrate-meta-layouts":"set","ast-page-background-enabled":"default","ast-page-background-meta":{"desktop":{"background-color":"var(--ast-global-color-4)","background-image":"","background-repeat":"repeat","background-position":"center center","background-size":"auto","background-attachment":"scroll","background-type":"","background-media":"","overlay-type":"","overlay-color":"","overlay-opacity":"","overlay-gradient":""},"tablet":{"background-color":"","background-image":"","background-repeat":"repeat","background-position":"center center","background-size":"auto","background-attachment":"scroll","background-type":"","background-media":"","overlay-type":"","overlay-color":"","overlay-opacity":"","overlay-gradient":""},"mobile":{"background-color":"","background-image":"","background-repeat":"repeat","background-position":"center center","background-size":"auto","background-attachment":"scroll","background-type":"","background-media":"","overlay-type":"","overlay-color":"","overlay-opacity":"","overlay-gradient":""}},"ast-content-background-meta":{"desktop":{"background-color":"var(--ast-global-color-5)","background-image":"","background-repeat":"repeat","background-position":"center center","background-size":"auto","background-attachment":"scroll","background-type":"","background-media":"","overlay-type":"","overlay-color":"","overlay-opacity":"","overlay-gradient":""},"tablet":{"background-color":"var(--ast-global-color-5)","background-image":"","background-repeat":"repeat","background-position":"center center","background-size":"auto","background-attachment":"scroll","background-type":"","background-media":"","overlay-type":"","overlay-color":"","overlay-opacity":"","overlay-gradient":""},"mobile":{"background-color":"var(--ast-global-color-5)","background-image":"","background-repeat":"repeat","background-position":"center center","background-size":"auto","background-attachment":"scroll","background-type":"","background-media":"","overlay-type":"","overlay-color":"","overlay-opacity":"","overlay-gradient":""}},"_joinchat":[]},"product_brand":[],"product_cat":[24],"product_tag":[],"class_list":{"0":"post-6299","1":"product","2":"type-product","3":"status-publish","4":"has-post-thumbnail","6":"product_cat-nos-produits-aphrodisiaque","7":"desktop-align-left","8":"tablet-align-left","9":"mobile-align-left","10":"tm-has-options","12":"first","13":"instock","14":"taxable","15":"shipping-taxable","16":"purchasable","17":"product-type-simple"},"bundled_by":["5782","5773","8728","8724","8726"],"bundle_stock_status":"instock","bundle_stock_quantity":69,"bundle_virtual":false,"bundle_layout":"","bundle_add_to_cart_form_location":"","bundle_editable_in_cart":false,"bundle_sold_individually_context":"","bundle_item_grouping":"","bundle_min_size":"","bundle_max_size":"","bundle_price":[],"bundled_items":[],"bundle_sell_ids":[],"aioseo_notices":[],"yoast_head":"\n<title>Savon Fessier - NC BEAUTY<\/title>\n<meta name=\"robots\" content=\"index, follow, max-snippet:-1, max-image-preview:large, max-video-preview:-1\" \/>\n<link rel=\"canonical\" href=\"https:\/\/ncbeauty.fr\/produit\/savon-fessier\/\" \/>\n<meta property=\"og:locale\" content=\"en_US\" \/>\n<meta property=\"og:type\" content=\"article\" \/>\n<meta property=\"og:title\" content=\"Savon Fessier - NC BEAUTY\" \/>\n<meta property=\"og:description\" content=\"Notre savon FESSIER pour un effet galbant et tonifiant des fesses D\u00e9couvrez notre savon sp\u00e9cialement formul\u00e9 pour aider \u00e0 augmenter naturellement le volume et la fermet\u00e9 de vos fesses. Ce savon unique nettoie la peau en profondeur tout en stimulant la circulation et la tonicit\u00e9 de la zone cibl\u00e9e. R\u00e9sultats visibles d\u00e8s 3 joursGr\u00e2ce \u00e0 ses ingr\u00e9dients naturels, il favorise une prise de volume rapide et une peau plus lisse, pour une silhouette plus harmonieuse. Les bienfaits de notre savon :     Nettoie et purifie la peau en douceur    Stimule la circulation sanguine pour tonifier les fesses    Aide \u00e0 augmenter le volume de mani\u00e8re naturelle    R\u00e9sultats visibles d\u00e8s les premiers jours d\u2019utilisation   Utilisez- le r\u00e9guli\u00e8rement pour une peau saine et un galbe impeccable\" \/>\n<meta property=\"og:url\" content=\"https:\/\/ncbeauty.fr\/produit\/savon-fessier\/\" \/>\n<meta property=\"og:site_name\" content=\"NC BEAUTY\" \/>\n<meta property=\"article:modified_time\" content=\"2026-04-09T08:17:42+00:00\" \/>\n<meta property=\"og:image\" content=\"https:\/\/ncbeauty.fr\/choaweex\/2024\/09\/Photoroom-20240902_091417.png\" \/>\n\t<meta property=\"og:image:width\" content=\"1600\" \/>\n\t<meta property=\"og:image:height\" content=\"1600\" \/>\n\t<meta property=\"og:image:type\" content=\"image\/png\" \/>\n<meta name=\"twitter:card\" content=\"summary_large_image\" \/>\n<meta name=\"twitter:label1\" content=\"Est. reading time\" \/>\n\t<meta name=\"twitter:data1\" content=\"1 minute\" \/>\n<script type=\"application\/ld+json\" class=\"yoast-schema-graph\">{\"@context\":\"https:\/\/schema.org\",\"@graph\":[{\"@type\":\"WebPage\",\"@id\":\"https:\/\/ncbeauty.fr\/produit\/savon-fessier\/\",\"url\":\"https:\/\/ncbeauty.fr\/produit\/savon-fessier\/\",\"name\":\"Savon Fessier - NC BEAUTY\",\"isPartOf\":{\"@id\":\"https:\/\/ncbeauty.fr\/#website\"},\"primaryImageOfPage\":{\"@id\":\"https:\/\/ncbeauty.fr\/produit\/savon-fessier\/#primaryimage\"},\"image\":{\"@id\":\"https:\/\/ncbeauty.fr\/produit\/savon-fessier\/#primaryimage\"},\"thumbnailUrl\":\"https:\/\/ncbeauty.fr\/choaweex\/2024\/09\/Photoroom-20240902_091417.png\",\"datePublished\":\"2024-09-02T09:53:12+00:00\",\"dateModified\":\"2026-04-09T08:17:42+00:00\",\"breadcrumb\":{\"@id\":\"https:\/\/ncbeauty.fr\/produit\/savon-fessier\/#breadcrumb\"},\"inLanguage\":\"en-US\",\"potentialAction\":[{\"@type\":\"ReadAction\",\"target\":[\"https:\/\/ncbeauty.fr\/produit\/savon-fessier\/\"]}]},{\"@type\":\"ImageObject\",\"inLanguage\":\"en-US\",\"@id\":\"https:\/\/ncbeauty.fr\/produit\/savon-fessier\/#primaryimage\",\"url\":\"https:\/\/ncbeauty.fr\/choaweex\/2024\/09\/Photoroom-20240902_091417.png\",\"contentUrl\":\"https:\/\/ncbeauty.fr\/choaweex\/2024\/09\/Photoroom-20240902_091417.png\",\"width\":1600,\"height\":1600},{\"@type\":\"BreadcrumbList\",\"@id\":\"https:\/\/ncbeauty.fr\/produit\/savon-fessier\/#breadcrumb\",\"itemListElement\":[{\"@type\":\"ListItem\",\"position\":1,\"name\":\"Accueil\",\"item\":\"https:\/\/ncbeauty.fr\/\"},{\"@type\":\"ListItem\",\"position\":2,\"name\":\"Shop\",\"item\":\"https:\/\/ncbeauty.fr\/boutique\/\"},{\"@type\":\"ListItem\",\"position\":3,\"name\":\"Savon Fessier\"}]},{\"@type\":\"WebSite\",\"@id\":\"https:\/\/ncbeauty.fr\/#website\",\"url\":\"https:\/\/ncbeauty.fr\/\",\"name\":\"NC BEAUTY\",\"description\":\"NC BEAUTY\",\"potentialAction\":[{\"@type\":\"SearchAction\",\"target\":{\"@type\":\"EntryPoint\",\"urlTemplate\":\"https:\/\/ncbeauty.fr\/?s={search_term_string}\"},\"query-input\":{\"@type\":\"PropertyValueSpecification\",\"valueRequired\":true,\"valueName\":\"search_term_string\"}}],\"inLanguage\":\"en-US\"}]}<\/script>\n","yoast_head_json":{"title":"Savon Fessier - NC BEAUTY","robots":{"index":"index","follow":"follow","max-snippet":"max-snippet:-1","max-image-preview":"max-image-preview:large","max-video-preview":"max-video-preview:-1"},"canonical":"https:\/\/ncbeauty.fr\/produit\/savon-fessier\/","og_locale":"en_US","og_type":"article","og_title":"Savon Fessier - NC BEAUTY","og_description":"Notre savon FESSIER pour un effet galbant et tonifiant des fesses D\u00e9couvrez notre savon sp\u00e9cialement formul\u00e9 pour aider \u00e0 augmenter naturellement le volume et la fermet\u00e9 de vos fesses. Ce savon unique nettoie la peau en profondeur tout en stimulant la circulation et la tonicit\u00e9 de la zone cibl\u00e9e. R\u00e9sultats visibles d\u00e8s 3 joursGr\u00e2ce \u00e0 ses ingr\u00e9dients naturels, il favorise une prise de volume rapide et une peau plus lisse, pour une silhouette plus harmonieuse. Les bienfaits de notre savon :     Nettoie et purifie la peau en douceur    Stimule la circulation sanguine pour tonifier les fesses    Aide \u00e0 augmenter le volume de mani\u00e8re naturelle    R\u00e9sultats visibles d\u00e8s les premiers jours d\u2019utilisation   Utilisez- le r\u00e9guli\u00e8rement pour une peau saine et un galbe impeccable","og_url":"https:\/\/ncbeauty.fr\/produit\/savon-fessier\/","og_site_name":"NC BEAUTY","article_modified_time":"2026-04-09T08:17:42+00:00","og_image":[{"width":1600,"height":1600,"url":"https:\/\/ncbeauty.fr\/choaweex\/2024\/09\/Photoroom-20240902_091417.png","type":"image\/png"}],"twitter_card":"summary_large_image","twitter_misc":{"Est. reading time":"1 minute"},"schema":{"@context":"https:\/\/schema.org","@graph":[{"@type":"WebPage","@id":"https:\/\/ncbeauty.fr\/produit\/savon-fessier\/","url":"https:\/\/ncbeauty.fr\/produit\/savon-fessier\/","name":"Savon Fessier - NC BEAUTY","isPartOf":{"@id":"https:\/\/ncbeauty.fr\/#website"},"primaryImageOfPage":{"@id":"https:\/\/ncbeauty.fr\/produit\/savon-fessier\/#primaryimage"},"image":{"@id":"https:\/\/ncbeauty.fr\/produit\/savon-fessier\/#primaryimage"},"thumbnailUrl":"https:\/\/ncbeauty.fr\/choaweex\/2024\/09\/Photoroom-20240902_091417.png","datePublished":"2024-09-02T09:53:12+00:00","dateModified":"2026-04-09T08:17:42+00:00","breadcrumb":{"@id":"https:\/\/ncbeauty.fr\/produit\/savon-fessier\/#breadcrumb"},"inLanguage":"en-US","potentialAction":[{"@type":"ReadAction","target":["https:\/\/ncbeauty.fr\/produit\/savon-fessier\/"]}]},{"@type":"ImageObject","inLanguage":"en-US","@id":"https:\/\/ncbeauty.fr\/produit\/savon-fessier\/#primaryimage","url":"https:\/\/ncbeauty.fr\/choaweex\/2024\/09\/Photoroom-20240902_091417.png","contentUrl":"https:\/\/ncbeauty.fr\/choaweex\/2024\/09\/Photoroom-20240902_091417.png","width":1600,"height":1600},{"@type":"BreadcrumbList","@id":"https:\/\/ncbeauty.fr\/produit\/savon-fessier\/#breadcrumb","itemListElement":[{"@type":"ListItem","position":1,"name":"Accueil","item":"https:\/\/ncbeauty.fr\/"},{"@type":"ListItem","position":2,"name":"Shop","item":"https:\/\/ncbeauty.fr\/boutique\/"},{"@type":"ListItem","position":3,"name":"Savon Fessier"}]},{"@type":"WebSite","@id":"https:\/\/ncbeauty.fr\/#website","url":"https:\/\/ncbeauty.fr\/","name":"NC BEAUTY","description":"NC BEAUTY","potentialAction":[{"@type":"SearchAction","target":{"@type":"EntryPoint","urlTemplate":"https:\/\/ncbeauty.fr\/?s={search_term_string}"},"query-input":{"@type":"PropertyValueSpecification","valueRequired":true,"valueName":"search_term_string"}}],"inLanguage":"en-US"}]}},"jetpack_sharing_enabled":true,"_links":{"self":[{"href":"https:\/\/ncbeauty.fr\/en\/wp-json\/wp\/v2\/product\/6299","targetHints":{"allow":["GET"]}}],"collection":[{"href":"https:\/\/ncbeauty.fr\/en\/wp-json\/wp\/v2\/product"}],"about":[{"href":"https:\/\/ncbeauty.fr\/en\/wp-json\/wp\/v2\/types\/product"}],"replies":[{"embeddable":true,"href":"https:\/\/ncbeauty.fr\/en\/wp-json\/wp\/v2\/comments?post=6299"}],"wp:featuredmedia":[{"embeddable":true,"href":"https:\/\/ncbeauty.fr\/en\/wp-json\/wp\/v2\/media\/6300"}],"wp:attachment":[{"href":"https:\/\/ncbeauty.fr\/en\/wp-json\/wp\/v2\/media?parent=6299"}],"wp:term":[{"taxonomy":"product_brand","embeddable":true,"href":"https:\/\/ncbeauty.fr\/en\/wp-json\/wp\/v2\/product_brand?post=6299"},{"taxonomy":"product_cat","embeddable":true,"href":"https:\/\/ncbeauty.fr\/en\/wp-json\/wp\/v2\/product_cat?post=6299"},{"taxonomy":"product_tag","embeddable":true,"href":"https:\/\/ncbeauty.fr\/en\/wp-json\/wp\/v2\/product_tag?post=6299"}],"curies":[{"name":"wp","href":"https:\/\/api.w.org\/{rel}","templated":true}]}}