{"id":662,"date":"2022-10-14T21:22:34","date_gmt":"2022-10-14T21:22:34","guid":{"rendered":"https:\/\/ncbeauty.fr\/?post_type=product&#038;p=662"},"modified":"2025-12-22T11:54:37","modified_gmt":"2025-12-22T11:54:37","slug":"gaine-fina-copie","status":"publish","type":"product","link":"https:\/\/ncbeauty.fr\/en\/produit\/gaine-fina-copie\/","title":{"rendered":"FINA"},"content":{"rendered":"<p><span style=\"font-weight: 400\">Cette gaine est parfaite pour celle qui cherche \u00e0 bien affiner la silhouette, avoir des fesses bien rebondies et des cuisses galb\u00e9es<\/span><\/p>\n<p><span style=\"font-weight: 400\">et \u00e7a cache vos bourrelets au niveau du ventre et point d\u2019amour<\/span><\/p>\n<p><span style=\"font-weight: 400\">cette gaine est id\u00e9ale pour m\u00e8tre vos rondeurs en valeur\u00a0<\/span><\/p>\n<p><span style=\"font-weight: 400\">\u00a0elle reste totalement invisible sur vos v\u00eatements gr\u00e2ce \u00e0 ses agrafes et \u00e0 la fermeture\u00a0<\/span><\/p>\n<p>&nbsp;<\/p>\n<blockquote><p><span style=\"font-weight: 400\">\u00a0<\/span><b>Pour des raisons d&#8217;hygi\u00e8ne, nous n&#8217;acceptons pas les retours sur <\/b><b>ce produit<\/b><\/p><\/blockquote>\n","protected":false},"excerpt":{"rendered":"<p>Plongez dans l&#8217;\u00e9l\u00e9gance intemporelle avec <strong>la gaine multifonction<\/strong> FINA. Con\u00e7ue pour sculpter avec gr\u00e2ce, elle enveloppe votre silhouette dans un \u00e9treinte d\u00e9licate, r<strong>emontant d\u00e9licieusement les fesses et affinant la taille<\/strong> avec une touche de s\u00e9duction. <strong>Son design innovant offre un ventre plat en douceur<\/strong>, lib\u00e9rant votre confiance int\u00e9rieure \u00e0 chaque mouvement. Que ce soit sous une robe de soir\u00e9e ou un ensemble d\u00e9contract\u00e9, cette gaine est votre complice secret pour une allure irr\u00e9sistible. <strong>\u00c9levez votre style avec la confiance d&#8217;une reine<\/strong>, gr\u00e2ce \u00e0 la gaine FINA, o\u00f9 la beaut\u00e9 et le confort se rencontrent avec \u00e9l\u00e9gance.<\/p>\n","protected":false},"featured_media":256,"comment_status":"open","ping_status":"closed","template":"","meta":{"_monsterinsights_skip_tracking":false,"_monsterinsights_sitenote_active":false,"_monsterinsights_sitenote_note":"","_monsterinsights_sitenote_category":0,"site-sidebar-layout":"default","site-content-layout":"","ast-site-content-layout":"default","site-content-style":"default","site-sidebar-style":"default","ast-global-header-display":"","ast-banner-title-visibility":"","ast-main-header-display":"","ast-hfb-above-header-display":"","ast-hfb-below-header-display":"","ast-hfb-mobile-header-display":"","site-post-title":"","ast-breadcrumbs-content":"","ast-featured-img":"","footer-sml-layout":"","theme-transparent-header-meta":"default","adv-header-id-meta":"","stick-header-meta":"","header-above-stick-meta":"","header-main-stick-meta":"","header-below-stick-meta":"","astra-migrate-meta-layouts":"set","ast-page-background-enabled":"default","ast-page-background-meta":{"desktop":{"background-color":"var(--ast-global-color-4)","background-image":"","background-repeat":"repeat","background-position":"center center","background-size":"auto","background-attachment":"scroll","background-type":"","background-media":"","overlay-type":"","overlay-color":"","overlay-opacity":"","overlay-gradient":""},"tablet":{"background-color":"","background-image":"","background-repeat":"repeat","background-position":"center center","background-size":"auto","background-attachment":"scroll","background-type":"","background-media":"","overlay-type":"","overlay-color":"","overlay-opacity":"","overlay-gradient":""},"mobile":{"background-color":"","background-image":"","background-repeat":"repeat","background-position":"center center","background-size":"auto","background-attachment":"scroll","background-type":"","background-media":"","overlay-type":"","overlay-color":"","overlay-opacity":"","overlay-gradient":""}},"ast-content-background-meta":{"desktop":{"background-color":"var(--ast-global-color-5)","background-image":"","background-repeat":"repeat","background-position":"center center","background-size":"auto","background-attachment":"scroll","background-type":"","background-media":"","overlay-type":"","overlay-color":"","overlay-opacity":"","overlay-gradient":""},"tablet":{"background-color":"var(--ast-global-color-5)","background-image":"","background-repeat":"repeat","background-position":"center center","background-size":"auto","background-attachment":"scroll","background-type":"","background-media":"","overlay-type":"","overlay-color":"","overlay-opacity":"","overlay-gradient":""},"mobile":{"background-color":"var(--ast-global-color-5)","background-image":"","background-repeat":"repeat","background-position":"center center","background-size":"auto","background-attachment":"scroll","background-type":"","background-media":"","overlay-type":"","overlay-color":"","overlay-opacity":"","overlay-gradient":""}},"_joinchat":[]},"product_brand":[],"product_cat":[23],"product_tag":[],"class_list":{"0":"post-662","1":"product","2":"type-product","3":"status-publish","4":"has-post-thumbnail","6":"product_cat-nos-gaines","7":"desktop-align-left","8":"tablet-align-left","9":"mobile-align-left","10":"tm-no-options","12":"first","13":"instock","14":"featured","15":"taxable","16":"shipping-taxable","17":"purchasable","18":"product-type-simple"},"bundled_by":[],"bundle_stock_status":"instock","bundle_stock_quantity":19,"bundle_virtual":false,"bundle_layout":"","bundle_add_to_cart_form_location":"","bundle_editable_in_cart":false,"bundle_sold_individually_context":"","bundle_item_grouping":"","bundle_min_size":"","bundle_max_size":"","bundle_price":[],"bundled_items":[],"bundle_sell_ids":[],"aioseo_notices":[],"yoast_head":"\n<title>FINA - NC BEAUTY<\/title>\n<meta name=\"robots\" content=\"index, follow, max-snippet:-1, max-image-preview:large, max-video-preview:-1\" \/>\n<link rel=\"canonical\" href=\"https:\/\/ncbeauty.fr\/produit\/gaine-fina-copie\/\" \/>\n<meta property=\"og:locale\" content=\"en_US\" \/>\n<meta property=\"og:type\" content=\"article\" \/>\n<meta property=\"og:title\" content=\"FINA - NC BEAUTY\" \/>\n<meta property=\"og:description\" content=\"Plongez dans l&#039;\u00e9l\u00e9gance intemporelle avec la gaine multifonction FINA. Con\u00e7ue pour sculpter avec gr\u00e2ce, elle enveloppe votre silhouette dans un \u00e9treinte d\u00e9licate, remontant d\u00e9licieusement les fesses et affinant la taille avec une touche de s\u00e9duction. Son design innovant offre un ventre plat en douceur, lib\u00e9rant votre confiance int\u00e9rieure \u00e0 chaque mouvement. Que ce soit sous une robe de soir\u00e9e ou un ensemble d\u00e9contract\u00e9, cette gaine est votre complice secret pour une allure irr\u00e9sistible. \u00c9levez votre style avec la confiance d&#039;une reine, gr\u00e2ce \u00e0 la gaine FINA, o\u00f9 la beaut\u00e9 et le confort se rencontrent avec \u00e9l\u00e9gance.\" \/>\n<meta property=\"og:url\" content=\"https:\/\/ncbeauty.fr\/produit\/gaine-fina-copie\/\" \/>\n<meta property=\"og:site_name\" content=\"NC BEAUTY\" \/>\n<meta property=\"article:modified_time\" content=\"2025-12-22T11:54:37+00:00\" \/>\n<meta property=\"og:image\" content=\"https:\/\/ncbeauty.fr\/choaweex\/2022\/07\/Screenshot_20220719-194053_Alibabacom.webp\" \/>\n\t<meta property=\"og:image:width\" content=\"1080\" \/>\n\t<meta property=\"og:image:height\" content=\"1067\" \/>\n\t<meta property=\"og:image:type\" content=\"image\/webp\" \/>\n<meta name=\"twitter:card\" content=\"summary_large_image\" \/>\n<meta name=\"twitter:label1\" content=\"Est. reading time\" \/>\n\t<meta name=\"twitter:data1\" content=\"1 minute\" \/>\n<script type=\"application\/ld+json\" class=\"yoast-schema-graph\">{\"@context\":\"https:\/\/schema.org\",\"@graph\":[{\"@type\":\"WebPage\",\"@id\":\"https:\/\/ncbeauty.fr\/produit\/gaine-fina-copie\/\",\"url\":\"https:\/\/ncbeauty.fr\/produit\/gaine-fina-copie\/\",\"name\":\"FINA - NC BEAUTY\",\"isPartOf\":{\"@id\":\"https:\/\/ncbeauty.fr\/#website\"},\"primaryImageOfPage\":{\"@id\":\"https:\/\/ncbeauty.fr\/produit\/gaine-fina-copie\/#primaryimage\"},\"image\":{\"@id\":\"https:\/\/ncbeauty.fr\/produit\/gaine-fina-copie\/#primaryimage\"},\"thumbnailUrl\":\"https:\/\/ncbeauty.fr\/choaweex\/2022\/07\/Screenshot_20220719-194053_Alibabacom.webp\",\"datePublished\":\"2022-10-14T21:22:34+00:00\",\"dateModified\":\"2025-12-22T11:54:37+00:00\",\"breadcrumb\":{\"@id\":\"https:\/\/ncbeauty.fr\/produit\/gaine-fina-copie\/#breadcrumb\"},\"inLanguage\":\"en-US\",\"potentialAction\":[{\"@type\":\"ReadAction\",\"target\":[\"https:\/\/ncbeauty.fr\/produit\/gaine-fina-copie\/\"]}]},{\"@type\":\"ImageObject\",\"inLanguage\":\"en-US\",\"@id\":\"https:\/\/ncbeauty.fr\/produit\/gaine-fina-copie\/#primaryimage\",\"url\":\"https:\/\/ncbeauty.fr\/choaweex\/2022\/07\/Screenshot_20220719-194053_Alibabacom.webp\",\"contentUrl\":\"https:\/\/ncbeauty.fr\/choaweex\/2022\/07\/Screenshot_20220719-194053_Alibabacom.webp\",\"width\":1080,\"height\":1067},{\"@type\":\"BreadcrumbList\",\"@id\":\"https:\/\/ncbeauty.fr\/produit\/gaine-fina-copie\/#breadcrumb\",\"itemListElement\":[{\"@type\":\"ListItem\",\"position\":1,\"name\":\"Accueil\",\"item\":\"https:\/\/ncbeauty.fr\/\"},{\"@type\":\"ListItem\",\"position\":2,\"name\":\"Shop\",\"item\":\"https:\/\/ncbeauty.fr\/boutique\/\"},{\"@type\":\"ListItem\",\"position\":3,\"name\":\"FINA\"}]},{\"@type\":\"WebSite\",\"@id\":\"https:\/\/ncbeauty.fr\/#website\",\"url\":\"https:\/\/ncbeauty.fr\/\",\"name\":\"NC BEAUTY\",\"description\":\"NC BEAUTY\",\"potentialAction\":[{\"@type\":\"SearchAction\",\"target\":{\"@type\":\"EntryPoint\",\"urlTemplate\":\"https:\/\/ncbeauty.fr\/?s={search_term_string}\"},\"query-input\":{\"@type\":\"PropertyValueSpecification\",\"valueRequired\":true,\"valueName\":\"search_term_string\"}}],\"inLanguage\":\"en-US\"}]}<\/script>\n","yoast_head_json":{"title":"FINA - NC BEAUTY","robots":{"index":"index","follow":"follow","max-snippet":"max-snippet:-1","max-image-preview":"max-image-preview:large","max-video-preview":"max-video-preview:-1"},"canonical":"https:\/\/ncbeauty.fr\/produit\/gaine-fina-copie\/","og_locale":"en_US","og_type":"article","og_title":"FINA - NC BEAUTY","og_description":"Plongez dans l'\u00e9l\u00e9gance intemporelle avec la gaine multifonction FINA. Con\u00e7ue pour sculpter avec gr\u00e2ce, elle enveloppe votre silhouette dans un \u00e9treinte d\u00e9licate, remontant d\u00e9licieusement les fesses et affinant la taille avec une touche de s\u00e9duction. Son design innovant offre un ventre plat en douceur, lib\u00e9rant votre confiance int\u00e9rieure \u00e0 chaque mouvement. Que ce soit sous une robe de soir\u00e9e ou un ensemble d\u00e9contract\u00e9, cette gaine est votre complice secret pour une allure irr\u00e9sistible. \u00c9levez votre style avec la confiance d'une reine, gr\u00e2ce \u00e0 la gaine FINA, o\u00f9 la beaut\u00e9 et le confort se rencontrent avec \u00e9l\u00e9gance.","og_url":"https:\/\/ncbeauty.fr\/produit\/gaine-fina-copie\/","og_site_name":"NC BEAUTY","article_modified_time":"2025-12-22T11:54:37+00:00","og_image":[{"width":1080,"height":1067,"url":"https:\/\/ncbeauty.fr\/choaweex\/2022\/07\/Screenshot_20220719-194053_Alibabacom.webp","type":"image\/webp"}],"twitter_card":"summary_large_image","twitter_misc":{"Est. reading time":"1 minute"},"schema":{"@context":"https:\/\/schema.org","@graph":[{"@type":"WebPage","@id":"https:\/\/ncbeauty.fr\/produit\/gaine-fina-copie\/","url":"https:\/\/ncbeauty.fr\/produit\/gaine-fina-copie\/","name":"FINA - NC BEAUTY","isPartOf":{"@id":"https:\/\/ncbeauty.fr\/#website"},"primaryImageOfPage":{"@id":"https:\/\/ncbeauty.fr\/produit\/gaine-fina-copie\/#primaryimage"},"image":{"@id":"https:\/\/ncbeauty.fr\/produit\/gaine-fina-copie\/#primaryimage"},"thumbnailUrl":"https:\/\/ncbeauty.fr\/choaweex\/2022\/07\/Screenshot_20220719-194053_Alibabacom.webp","datePublished":"2022-10-14T21:22:34+00:00","dateModified":"2025-12-22T11:54:37+00:00","breadcrumb":{"@id":"https:\/\/ncbeauty.fr\/produit\/gaine-fina-copie\/#breadcrumb"},"inLanguage":"en-US","potentialAction":[{"@type":"ReadAction","target":["https:\/\/ncbeauty.fr\/produit\/gaine-fina-copie\/"]}]},{"@type":"ImageObject","inLanguage":"en-US","@id":"https:\/\/ncbeauty.fr\/produit\/gaine-fina-copie\/#primaryimage","url":"https:\/\/ncbeauty.fr\/choaweex\/2022\/07\/Screenshot_20220719-194053_Alibabacom.webp","contentUrl":"https:\/\/ncbeauty.fr\/choaweex\/2022\/07\/Screenshot_20220719-194053_Alibabacom.webp","width":1080,"height":1067},{"@type":"BreadcrumbList","@id":"https:\/\/ncbeauty.fr\/produit\/gaine-fina-copie\/#breadcrumb","itemListElement":[{"@type":"ListItem","position":1,"name":"Accueil","item":"https:\/\/ncbeauty.fr\/"},{"@type":"ListItem","position":2,"name":"Shop","item":"https:\/\/ncbeauty.fr\/boutique\/"},{"@type":"ListItem","position":3,"name":"FINA"}]},{"@type":"WebSite","@id":"https:\/\/ncbeauty.fr\/#website","url":"https:\/\/ncbeauty.fr\/","name":"NC BEAUTY","description":"NC BEAUTY","potentialAction":[{"@type":"SearchAction","target":{"@type":"EntryPoint","urlTemplate":"https:\/\/ncbeauty.fr\/?s={search_term_string}"},"query-input":{"@type":"PropertyValueSpecification","valueRequired":true,"valueName":"search_term_string"}}],"inLanguage":"en-US"}]}},"jetpack_sharing_enabled":true,"_links":{"self":[{"href":"https:\/\/ncbeauty.fr\/en\/wp-json\/wp\/v2\/product\/662","targetHints":{"allow":["GET"]}}],"collection":[{"href":"https:\/\/ncbeauty.fr\/en\/wp-json\/wp\/v2\/product"}],"about":[{"href":"https:\/\/ncbeauty.fr\/en\/wp-json\/wp\/v2\/types\/product"}],"replies":[{"embeddable":true,"href":"https:\/\/ncbeauty.fr\/en\/wp-json\/wp\/v2\/comments?post=662"}],"wp:featuredmedia":[{"embeddable":true,"href":"https:\/\/ncbeauty.fr\/en\/wp-json\/wp\/v2\/media\/256"}],"wp:attachment":[{"href":"https:\/\/ncbeauty.fr\/en\/wp-json\/wp\/v2\/media?parent=662"}],"wp:term":[{"taxonomy":"product_brand","embeddable":true,"href":"https:\/\/ncbeauty.fr\/en\/wp-json\/wp\/v2\/product_brand?post=662"},{"taxonomy":"product_cat","embeddable":true,"href":"https:\/\/ncbeauty.fr\/en\/wp-json\/wp\/v2\/product_cat?post=662"},{"taxonomy":"product_tag","embeddable":true,"href":"https:\/\/ncbeauty.fr\/en\/wp-json\/wp\/v2\/product_tag?post=662"}],"curies":[{"name":"wp","href":"https:\/\/api.w.org\/{rel}","templated":true}]}}