{"id":7043,"date":"2024-10-08T13:28:29","date_gmt":"2024-10-08T13:28:29","guid":{"rendered":"https:\/\/ncbeauty.fr\/?post_type=product&#038;p=7043"},"modified":"2025-06-06T14:56:21","modified_gmt":"2025-06-06T14:56:21","slug":"gant-exfoliant","status":"publish","type":"product","link":"https:\/\/ncbeauty.fr\/en\/produit\/gant-exfoliant\/","title":{"rendered":"Gant Exfoliant"},"content":{"rendered":"","protected":false},"excerpt":{"rendered":"<p>Gant Exfoliant &#8211; L&#8217;indispensable pour une peau lisse et des r\u00e9sultats optimaux<\/p>\n<p>Pour maximiser l&#8217;efficacit\u00e9 de nos produits \u00e0 effets imm\u00e9diats, comme le savon Effet Imm\u00e9diat et les gommages Express, le Gant Exfoliant est un accessoire incontournable. Ce gant, sp\u00e9cialement con\u00e7u pour offrir une exfoliation en profondeur, pr\u00e9pare votre peau \u00e0 recevoir les actifs de mani\u00e8re optimale, acc\u00e9l\u00e9rant ainsi leur absorption pour des r\u00e9sultats plus rapides et visibles.<\/p>\n<p>En massant d\u00e9licatement les zones cibl\u00e9es, notamment les fesses, hanches et autres parties du corps, ce gant stimule la circulation sanguine et \u00e9limine les cellules mortes, permettant \u00e0 nos produits de p\u00e9n\u00e9trer plus efficacement dans la peau. Chaque utilisation vous rapproche d&#8217;une peau plus douce, plus lisse, et d&#8217;une transformation corporelle compl\u00e8te.<\/p>\n<p>Que vous cherchiez \u00e0 sublimer vos courbes ou \u00e0 am\u00e9liorer la texture de votre peau, le Gant Exfoliant dans l&#8217;application parfaite de nos produits.<\/p>\n<p>Adoptez d\u00e8s aujourd&#8217;hui lors de vos soins, le Gant Exfoliant pour des r\u00e9sultats \u00e0 couper le souffle et une peau \u00e9clatante de beaut\u00e9 !<\/p>\n","protected":false},"featured_media":7044,"comment_status":"open","ping_status":"closed","template":"","meta":{"_monsterinsights_skip_tracking":false,"_monsterinsights_sitenote_active":false,"_monsterinsights_sitenote_note":"","_monsterinsights_sitenote_category":0,"site-sidebar-layout":"default","site-content-layout":"","ast-site-content-layout":"default","site-content-style":"default","site-sidebar-style":"default","ast-global-header-display":"","ast-banner-title-visibility":"","ast-main-header-display":"","ast-hfb-above-header-display":"","ast-hfb-below-header-display":"","ast-hfb-mobile-header-display":"","site-post-title":"","ast-breadcrumbs-content":"","ast-featured-img":"","footer-sml-layout":"","theme-transparent-header-meta":"default","adv-header-id-meta":"","stick-header-meta":"","header-above-stick-meta":"","header-main-stick-meta":"","header-below-stick-meta":"","astra-migrate-meta-layouts":"set","ast-page-background-enabled":"default","ast-page-background-meta":{"desktop":{"background-color":"var(--ast-global-color-4)","background-image":"","background-repeat":"repeat","background-position":"center center","background-size":"auto","background-attachment":"scroll","background-type":"","background-media":"","overlay-type":"","overlay-color":"","overlay-opacity":"","overlay-gradient":""},"tablet":{"background-color":"","background-image":"","background-repeat":"repeat","background-position":"center center","background-size":"auto","background-attachment":"scroll","background-type":"","background-media":"","overlay-type":"","overlay-color":"","overlay-opacity":"","overlay-gradient":""},"mobile":{"background-color":"","background-image":"","background-repeat":"repeat","background-position":"center center","background-size":"auto","background-attachment":"scroll","background-type":"","background-media":"","overlay-type":"","overlay-color":"","overlay-opacity":"","overlay-gradient":""}},"ast-content-background-meta":{"desktop":{"background-color":"var(--ast-global-color-5)","background-image":"","background-repeat":"repeat","background-position":"center center","background-size":"auto","background-attachment":"scroll","background-type":"","background-media":"","overlay-type":"","overlay-color":"","overlay-opacity":"","overlay-gradient":""},"tablet":{"background-color":"var(--ast-global-color-5)","background-image":"","background-repeat":"repeat","background-position":"center center","background-size":"auto","background-attachment":"scroll","background-type":"","background-media":"","overlay-type":"","overlay-color":"","overlay-opacity":"","overlay-gradient":""},"mobile":{"background-color":"var(--ast-global-color-5)","background-image":"","background-repeat":"repeat","background-position":"center center","background-size":"auto","background-attachment":"scroll","background-type":"","background-media":"","overlay-type":"","overlay-color":"","overlay-opacity":"","overlay-gradient":""}},"_joinchat":[]},"product_brand":[],"product_cat":[111,106,104,23,77,36,24,26,25,87,110],"product_tag":[],"class_list":{"0":"post-7043","1":"product","2":"type-product","3":"status-publish","4":"has-post-thumbnail","6":"product_cat-hygienes","7":"product_cat-mamaire","8":"product_cat-maternite","9":"product_cat-nos-gaines","10":"product_cat-nos-lentilles","11":"product_cat-nos-pack","12":"product_cat-nos-produits-aphrodisiaque","13":"product_cat-nos-produits-minceur","14":"product_cat-nos-produits-rondeur","15":"product_cat-prisse-de-poids","16":"product_cat-produits-cosmetiques","17":"desktop-align-left","18":"tablet-align-left","19":"mobile-align-left","20":"tm-has-options","22":"first","23":"instock","24":"taxable","25":"shipping-taxable","26":"purchasable","27":"product-type-variable"},"bundled_by":[],"bundle_stock_status":"instock","bundle_stock_quantity":null,"bundle_virtual":false,"bundle_layout":"","bundle_add_to_cart_form_location":"","bundle_editable_in_cart":false,"bundle_sold_individually_context":"","bundle_item_grouping":"","bundle_min_size":"","bundle_max_size":"","bundle_price":[],"bundled_items":[],"bundle_sell_ids":[],"aioseo_notices":[],"yoast_head":"\n<title>Gant Exfoliant - NC BEAUTY<\/title>\n<meta name=\"robots\" content=\"index, follow, max-snippet:-1, max-image-preview:large, max-video-preview:-1\" \/>\n<link rel=\"canonical\" href=\"https:\/\/ncbeauty.fr\/produit\/gant-exfoliant\/\" \/>\n<meta property=\"og:locale\" content=\"en_US\" \/>\n<meta property=\"og:type\" content=\"article\" \/>\n<meta property=\"og:title\" content=\"Gant Exfoliant - NC BEAUTY\" \/>\n<meta property=\"og:description\" content=\"Gant Exfoliant - L&#039;indispensable pour une peau lisse et des r\u00e9sultats optimaux  Pour maximiser l&#039;efficacit\u00e9 de nos produits \u00e0 effets imm\u00e9diats, comme le savon Effet Imm\u00e9diat et les gommages Express, le Gant Exfoliant est un accessoire incontournable. Ce gant, sp\u00e9cialement con\u00e7u pour offrir une exfoliation en profondeur, pr\u00e9pare votre peau \u00e0 recevoir les actifs de mani\u00e8re optimale, acc\u00e9l\u00e9rant ainsi leur absorption pour des r\u00e9sultats plus rapides et visibles.  En massant d\u00e9licatement les zones cibl\u00e9es, notamment les fesses, hanches et autres parties du corps, ce gant stimule la circulation sanguine et \u00e9limine les cellules mortes, permettant \u00e0 nos produits de p\u00e9n\u00e9trer plus efficacement dans la peau. Chaque utilisation vous rapproche d&#039;une peau plus douce, plus lisse, et d&#039;une transformation corporelle compl\u00e8te.  Que vous cherchiez \u00e0 sublimer vos courbes ou \u00e0 am\u00e9liorer la texture de votre peau, le Gant Exfoliant dans l&#039;application parfaite de nos produits.  Adoptez d\u00e8s aujourd&#039;hui lors de vos soins, le Gant Exfoliant pour des r\u00e9sultats \u00e0 couper le souffle et une peau \u00e9clatante de beaut\u00e9 !\" \/>\n<meta property=\"og:url\" content=\"https:\/\/ncbeauty.fr\/produit\/gant-exfoliant\/\" \/>\n<meta property=\"og:site_name\" content=\"NC BEAUTY\" \/>\n<meta property=\"article:modified_time\" content=\"2025-06-06T14:56:21+00:00\" \/>\n<meta property=\"og:image\" content=\"https:\/\/ncbeauty.fr\/choaweex\/2024\/10\/WhatsApp-Image-2024-10-04-at-18.18.53-e1728393713387.jpeg\" \/>\n\t<meta property=\"og:image:width\" content=\"901\" \/>\n\t<meta property=\"og:image:height\" content=\"1016\" \/>\n\t<meta property=\"og:image:type\" content=\"image\/jpeg\" \/>\n<meta name=\"twitter:card\" content=\"summary_large_image\" \/>\n<meta name=\"twitter:label1\" content=\"Est. reading time\" \/>\n\t<meta name=\"twitter:data1\" content=\"1 minute\" \/>\n<script type=\"application\/ld+json\" class=\"yoast-schema-graph\">{\"@context\":\"https:\/\/schema.org\",\"@graph\":[{\"@type\":\"WebPage\",\"@id\":\"https:\/\/ncbeauty.fr\/produit\/gant-exfoliant\/\",\"url\":\"https:\/\/ncbeauty.fr\/produit\/gant-exfoliant\/\",\"name\":\"Gant Exfoliant - NC BEAUTY\",\"isPartOf\":{\"@id\":\"https:\/\/ncbeauty.fr\/#website\"},\"primaryImageOfPage\":{\"@id\":\"https:\/\/ncbeauty.fr\/produit\/gant-exfoliant\/#primaryimage\"},\"image\":{\"@id\":\"https:\/\/ncbeauty.fr\/produit\/gant-exfoliant\/#primaryimage\"},\"thumbnailUrl\":\"https:\/\/ncbeauty.fr\/choaweex\/2024\/10\/WhatsApp-Image-2024-10-04-at-18.18.53-e1728393713387.jpeg\",\"datePublished\":\"2024-10-08T13:28:29+00:00\",\"dateModified\":\"2025-06-06T14:56:21+00:00\",\"breadcrumb\":{\"@id\":\"https:\/\/ncbeauty.fr\/produit\/gant-exfoliant\/#breadcrumb\"},\"inLanguage\":\"en-US\",\"potentialAction\":[{\"@type\":\"ReadAction\",\"target\":[\"https:\/\/ncbeauty.fr\/produit\/gant-exfoliant\/\"]}]},{\"@type\":\"ImageObject\",\"inLanguage\":\"en-US\",\"@id\":\"https:\/\/ncbeauty.fr\/produit\/gant-exfoliant\/#primaryimage\",\"url\":\"https:\/\/ncbeauty.fr\/choaweex\/2024\/10\/WhatsApp-Image-2024-10-04-at-18.18.53-e1728393713387.jpeg\",\"contentUrl\":\"https:\/\/ncbeauty.fr\/choaweex\/2024\/10\/WhatsApp-Image-2024-10-04-at-18.18.53-e1728393713387.jpeg\",\"width\":901,\"height\":1016},{\"@type\":\"BreadcrumbList\",\"@id\":\"https:\/\/ncbeauty.fr\/produit\/gant-exfoliant\/#breadcrumb\",\"itemListElement\":[{\"@type\":\"ListItem\",\"position\":1,\"name\":\"Accueil\",\"item\":\"https:\/\/ncbeauty.fr\/\"},{\"@type\":\"ListItem\",\"position\":2,\"name\":\"Shop\",\"item\":\"https:\/\/ncbeauty.fr\/boutique\/\"},{\"@type\":\"ListItem\",\"position\":3,\"name\":\"Gant Exfoliant\"}]},{\"@type\":\"WebSite\",\"@id\":\"https:\/\/ncbeauty.fr\/#website\",\"url\":\"https:\/\/ncbeauty.fr\/\",\"name\":\"NC BEAUTY\",\"description\":\"NC BEAUTY\",\"potentialAction\":[{\"@type\":\"SearchAction\",\"target\":{\"@type\":\"EntryPoint\",\"urlTemplate\":\"https:\/\/ncbeauty.fr\/?s={search_term_string}\"},\"query-input\":{\"@type\":\"PropertyValueSpecification\",\"valueRequired\":true,\"valueName\":\"search_term_string\"}}],\"inLanguage\":\"en-US\"}]}<\/script>\n","yoast_head_json":{"title":"Gant Exfoliant - NC BEAUTY","robots":{"index":"index","follow":"follow","max-snippet":"max-snippet:-1","max-image-preview":"max-image-preview:large","max-video-preview":"max-video-preview:-1"},"canonical":"https:\/\/ncbeauty.fr\/produit\/gant-exfoliant\/","og_locale":"en_US","og_type":"article","og_title":"Gant Exfoliant - NC BEAUTY","og_description":"Gant Exfoliant - L'indispensable pour une peau lisse et des r\u00e9sultats optimaux  Pour maximiser l'efficacit\u00e9 de nos produits \u00e0 effets imm\u00e9diats, comme le savon Effet Imm\u00e9diat et les gommages Express, le Gant Exfoliant est un accessoire incontournable. Ce gant, sp\u00e9cialement con\u00e7u pour offrir une exfoliation en profondeur, pr\u00e9pare votre peau \u00e0 recevoir les actifs de mani\u00e8re optimale, acc\u00e9l\u00e9rant ainsi leur absorption pour des r\u00e9sultats plus rapides et visibles.  En massant d\u00e9licatement les zones cibl\u00e9es, notamment les fesses, hanches et autres parties du corps, ce gant stimule la circulation sanguine et \u00e9limine les cellules mortes, permettant \u00e0 nos produits de p\u00e9n\u00e9trer plus efficacement dans la peau. Chaque utilisation vous rapproche d'une peau plus douce, plus lisse, et d'une transformation corporelle compl\u00e8te.  Que vous cherchiez \u00e0 sublimer vos courbes ou \u00e0 am\u00e9liorer la texture de votre peau, le Gant Exfoliant dans l'application parfaite de nos produits.  Adoptez d\u00e8s aujourd'hui lors de vos soins, le Gant Exfoliant pour des r\u00e9sultats \u00e0 couper le souffle et une peau \u00e9clatante de beaut\u00e9 !","og_url":"https:\/\/ncbeauty.fr\/produit\/gant-exfoliant\/","og_site_name":"NC BEAUTY","article_modified_time":"2025-06-06T14:56:21+00:00","og_image":[{"width":901,"height":1016,"url":"https:\/\/ncbeauty.fr\/choaweex\/2024\/10\/WhatsApp-Image-2024-10-04-at-18.18.53-e1728393713387.jpeg","type":"image\/jpeg"}],"twitter_card":"summary_large_image","twitter_misc":{"Est. reading time":"1 minute"},"schema":{"@context":"https:\/\/schema.org","@graph":[{"@type":"WebPage","@id":"https:\/\/ncbeauty.fr\/produit\/gant-exfoliant\/","url":"https:\/\/ncbeauty.fr\/produit\/gant-exfoliant\/","name":"Gant Exfoliant - NC BEAUTY","isPartOf":{"@id":"https:\/\/ncbeauty.fr\/#website"},"primaryImageOfPage":{"@id":"https:\/\/ncbeauty.fr\/produit\/gant-exfoliant\/#primaryimage"},"image":{"@id":"https:\/\/ncbeauty.fr\/produit\/gant-exfoliant\/#primaryimage"},"thumbnailUrl":"https:\/\/ncbeauty.fr\/choaweex\/2024\/10\/WhatsApp-Image-2024-10-04-at-18.18.53-e1728393713387.jpeg","datePublished":"2024-10-08T13:28:29+00:00","dateModified":"2025-06-06T14:56:21+00:00","breadcrumb":{"@id":"https:\/\/ncbeauty.fr\/produit\/gant-exfoliant\/#breadcrumb"},"inLanguage":"en-US","potentialAction":[{"@type":"ReadAction","target":["https:\/\/ncbeauty.fr\/produit\/gant-exfoliant\/"]}]},{"@type":"ImageObject","inLanguage":"en-US","@id":"https:\/\/ncbeauty.fr\/produit\/gant-exfoliant\/#primaryimage","url":"https:\/\/ncbeauty.fr\/choaweex\/2024\/10\/WhatsApp-Image-2024-10-04-at-18.18.53-e1728393713387.jpeg","contentUrl":"https:\/\/ncbeauty.fr\/choaweex\/2024\/10\/WhatsApp-Image-2024-10-04-at-18.18.53-e1728393713387.jpeg","width":901,"height":1016},{"@type":"BreadcrumbList","@id":"https:\/\/ncbeauty.fr\/produit\/gant-exfoliant\/#breadcrumb","itemListElement":[{"@type":"ListItem","position":1,"name":"Accueil","item":"https:\/\/ncbeauty.fr\/"},{"@type":"ListItem","position":2,"name":"Shop","item":"https:\/\/ncbeauty.fr\/boutique\/"},{"@type":"ListItem","position":3,"name":"Gant Exfoliant"}]},{"@type":"WebSite","@id":"https:\/\/ncbeauty.fr\/#website","url":"https:\/\/ncbeauty.fr\/","name":"NC BEAUTY","description":"NC BEAUTY","potentialAction":[{"@type":"SearchAction","target":{"@type":"EntryPoint","urlTemplate":"https:\/\/ncbeauty.fr\/?s={search_term_string}"},"query-input":{"@type":"PropertyValueSpecification","valueRequired":true,"valueName":"search_term_string"}}],"inLanguage":"en-US"}]}},"jetpack_sharing_enabled":true,"_links":{"self":[{"href":"https:\/\/ncbeauty.fr\/en\/wp-json\/wp\/v2\/product\/7043","targetHints":{"allow":["GET"]}}],"collection":[{"href":"https:\/\/ncbeauty.fr\/en\/wp-json\/wp\/v2\/product"}],"about":[{"href":"https:\/\/ncbeauty.fr\/en\/wp-json\/wp\/v2\/types\/product"}],"replies":[{"embeddable":true,"href":"https:\/\/ncbeauty.fr\/en\/wp-json\/wp\/v2\/comments?post=7043"}],"wp:featuredmedia":[{"embeddable":true,"href":"https:\/\/ncbeauty.fr\/en\/wp-json\/wp\/v2\/media\/7044"}],"wp:attachment":[{"href":"https:\/\/ncbeauty.fr\/en\/wp-json\/wp\/v2\/media?parent=7043"}],"wp:term":[{"taxonomy":"product_brand","embeddable":true,"href":"https:\/\/ncbeauty.fr\/en\/wp-json\/wp\/v2\/product_brand?post=7043"},{"taxonomy":"product_cat","embeddable":true,"href":"https:\/\/ncbeauty.fr\/en\/wp-json\/wp\/v2\/product_cat?post=7043"},{"taxonomy":"product_tag","embeddable":true,"href":"https:\/\/ncbeauty.fr\/en\/wp-json\/wp\/v2\/product_tag?post=7043"}],"curies":[{"name":"wp","href":"https:\/\/api.w.org\/{rel}","templated":true}]}}