{"id":13793,"date":"2025-05-31T13:59:24","date_gmt":"2025-05-31T13:59:24","guid":{"rendered":"https:\/\/ncbeauty.fr\/?post_type=product&#038;p=13793"},"modified":"2025-12-22T11:54:33","modified_gmt":"2025-12-22T11:54:33","slug":"huile-quainto","status":"publish","type":"product","link":"https:\/\/ncbeauty.fr\/es\/produit\/huile-quainto\/","title":{"rendered":"Huile  Quainto"},"content":{"rendered":"<p><strong>Utilisation :<\/strong><span style=\"font-weight: 400\">\u00a0<\/span><span style=\"font-weight: 400\">Appliquez sur les zones concern\u00e9es<\/span><span style=\"font-weight: 400\">, <\/span><span style=\"font-weight: 400\">massez <\/span><span style=\"font-weight: 400\">doucement <\/span><span style=\"font-weight: 400\">jusqu&#8217;\u00e0 <\/span><span style=\"font-weight: 400\">absorption<\/span><span style=\"font-weight: 400\">, <\/span><span style=\"font-weight: 400\">et <\/span><span style=\"font-weight: 400\">laissez <\/span><span style=\"font-weight: 400\">agir<\/span><span style=\"font-weight: 400\">.\u00a0<\/span><\/p>\n<p><span style=\"font-weight: 400\">Fabrication artisanale avec <\/span><span style=\"font-weight: 400\">des <\/span><span style=\"font-weight: 400\">ingr\u00e9dients <\/span><\/p>\n","protected":false},"excerpt":{"rendered":"<p><strong>Dites Adieu aux Taches Noires (Kento)<\/strong><\/p>\n<p data-start=\"214\" data-end=\"604\">Red\u00e9couvrez l\u2019\u00e9clat de votre peau avec l\u2019<strong data-start=\"255\" data-end=\"287\">huile \u00e9claircissante Quainto<\/strong>, sp\u00e9cialement formul\u00e9e pour <strong data-start=\"316\" data-end=\"354\">att\u00e9nuer les taches noires (kento)<\/strong> et r\u00e9v\u00e9ler un teint naturellement lumineux. Gr\u00e2ce \u00e0 sa composition artisanale \u00e0 base d\u2019<strong data-start=\"442\" data-end=\"489\">huile de citron, rose musqu\u00e9e et vitamine E<\/strong>, cette huile agit en profondeur pour r\u00e9duire l\u2019apparence des taches tout en hydratant et nourrissant votre peau.<\/p>\n<p data-start=\"606\" data-end=\"640\">\u2728 <strong data-start=\"608\" data-end=\"638\">Ses atouts exceptionnels :<\/strong><\/p>\n<ul data-start=\"641\" data-end=\"931\">\n<li data-start=\"641\" data-end=\"703\">\n<p data-start=\"643\" data-end=\"703\">R\u00e9duction visible des taches noires et uniformit\u00e9 du teint<\/p>\n<\/li>\n<li data-start=\"704\" data-end=\"749\">\n<p data-start=\"706\" data-end=\"749\">Hydratation intense et nutrition profonde<\/p>\n<\/li>\n<li data-start=\"750\" data-end=\"802\">\n<p data-start=\"752\" data-end=\"802\">Formule 100 % naturelle, sans additifs agressifs<\/p>\n<\/li>\n<li data-start=\"803\" data-end=\"868\">\n<p data-start=\"805\" data-end=\"868\">Texture l\u00e9g\u00e8re, id\u00e9ale pour une absorption rapide et efficace<\/p>\n<\/li>\n<li data-start=\"869\" data-end=\"931\">\n<p data-start=\"871\" data-end=\"931\">Convient \u00e0 tous les types de peau, m\u00eame les plus sensibles<\/p>\n<\/li>\n<\/ul>\n<p data-start=\"933\" data-end=\"1108\">Son utilisation est un jeu d\u2019enfant : appliquez-la sur les zones concern\u00e9es, massez d\u00e9licatement, et laissez les actifs naturels agir pour une peau sublim\u00e9e jour apr\u00e8s jour.<\/p>\n<p data-start=\"1110\" data-end=\"1195\">Adoptez l\u2019<strong data-start=\"1120\" data-end=\"1137\">huile Quainto<\/strong> pour une beaut\u00e9 au naturel et une confiance retrouv\u00e9e !<\/p>\n","protected":false},"featured_media":13794,"comment_status":"open","ping_status":"closed","template":"","meta":{"_monsterinsights_skip_tracking":false,"_monsterinsights_sitenote_active":false,"_monsterinsights_sitenote_note":"","_monsterinsights_sitenote_category":0,"site-sidebar-layout":"default","site-content-layout":"","ast-site-content-layout":"default","site-content-style":"default","site-sidebar-style":"default","ast-global-header-display":"","ast-banner-title-visibility":"","ast-main-header-display":"","ast-hfb-above-header-display":"","ast-hfb-below-header-display":"","ast-hfb-mobile-header-display":"","site-post-title":"","ast-breadcrumbs-content":"","ast-featured-img":"","footer-sml-layout":"","theme-transparent-header-meta":"default","adv-header-id-meta":"","stick-header-meta":"","header-above-stick-meta":"","header-main-stick-meta":"","header-below-stick-meta":"","astra-migrate-meta-layouts":"set","ast-page-background-enabled":"default","ast-page-background-meta":{"desktop":{"background-color":"var(--ast-global-color-4)","background-image":"","background-repeat":"repeat","background-position":"center center","background-size":"auto","background-attachment":"scroll","background-type":"","background-media":"","overlay-type":"","overlay-color":"","overlay-opacity":"","overlay-gradient":""},"tablet":{"background-color":"","background-image":"","background-repeat":"repeat","background-position":"center center","background-size":"auto","background-attachment":"scroll","background-type":"","background-media":"","overlay-type":"","overlay-color":"","overlay-opacity":"","overlay-gradient":""},"mobile":{"background-color":"","background-image":"","background-repeat":"repeat","background-position":"center center","background-size":"auto","background-attachment":"scroll","background-type":"","background-media":"","overlay-type":"","overlay-color":"","overlay-opacity":"","overlay-gradient":""}},"ast-content-background-meta":{"desktop":{"background-color":"var(--ast-global-color-5)","background-image":"","background-repeat":"repeat","background-position":"center center","background-size":"auto","background-attachment":"scroll","background-type":"","background-media":"","overlay-type":"","overlay-color":"","overlay-opacity":"","overlay-gradient":""},"tablet":{"background-color":"var(--ast-global-color-5)","background-image":"","background-repeat":"repeat","background-position":"center center","background-size":"auto","background-attachment":"scroll","background-type":"","background-media":"","overlay-type":"","overlay-color":"","overlay-opacity":"","overlay-gradient":""},"mobile":{"background-color":"var(--ast-global-color-5)","background-image":"","background-repeat":"repeat","background-position":"center center","background-size":"auto","background-attachment":"scroll","background-type":"","background-media":"","overlay-type":"","overlay-color":"","overlay-opacity":"","overlay-gradient":""}},"_joinchat":[]},"product_brand":[],"product_cat":[111,110],"product_tag":[],"class_list":{"0":"post-13793","1":"product","2":"type-product","3":"status-publish","4":"has-post-thumbnail","6":"product_cat-hygienes","7":"product_cat-produits-cosmetiques","8":"desktop-align-left","9":"tablet-align-left","10":"mobile-align-left","11":"tm-has-options","13":"first","14":"instock","15":"taxable","16":"shipping-taxable","17":"purchasable","18":"product-type-simple"},"bundled_by":[],"bundle_stock_status":"instock","bundle_stock_quantity":23,"bundle_virtual":false,"bundle_layout":"","bundle_add_to_cart_form_location":"","bundle_editable_in_cart":false,"bundle_sold_individually_context":"","bundle_item_grouping":"","bundle_min_size":"","bundle_max_size":"","bundle_price":[],"bundled_items":[],"bundle_sell_ids":[],"aioseo_notices":[],"yoast_head":"\n<title>Huile Quainto - NC BEAUTY<\/title>\n<meta name=\"robots\" content=\"index, follow, max-snippet:-1, max-image-preview:large, max-video-preview:-1\" \/>\n<link rel=\"canonical\" href=\"https:\/\/ncbeauty.fr\/produit\/huile-quainto\/\" \/>\n<meta property=\"og:locale\" content=\"es_ES\" \/>\n<meta property=\"og:type\" content=\"article\" \/>\n<meta property=\"og:title\" content=\"Huile Quainto - NC BEAUTY\" \/>\n<meta property=\"og:description\" content=\"Dites Adieu aux Taches Noires (Kento) Red\u00e9couvrez l\u2019\u00e9clat de votre peau avec l\u2019huile \u00e9claircissante Quainto, sp\u00e9cialement formul\u00e9e pour att\u00e9nuer les taches noires (kento) et r\u00e9v\u00e9ler un teint naturellement lumineux. Gr\u00e2ce \u00e0 sa composition artisanale \u00e0 base d\u2019huile de citron, rose musqu\u00e9e et vitamine E, cette huile agit en profondeur pour r\u00e9duire l\u2019apparence des taches tout en hydratant et nourrissant votre peau. \u2728 Ses atouts exceptionnels :     R\u00e9duction visible des taches noires et uniformit\u00e9 du teint    Hydratation intense et nutrition profonde    Formule 100 % naturelle, sans additifs agressifs    Texture l\u00e9g\u00e8re, id\u00e9ale pour une absorption rapide et efficace    Convient \u00e0 tous les types de peau, m\u00eame les plus sensibles   Son utilisation est un jeu d\u2019enfant : appliquez-la sur les zones concern\u00e9es, massez d\u00e9licatement, et laissez les actifs naturels agir pour une peau sublim\u00e9e jour apr\u00e8s jour. Adoptez l\u2019huile Quainto pour une beaut\u00e9 au naturel et une confiance retrouv\u00e9e !\" \/>\n<meta property=\"og:url\" content=\"https:\/\/ncbeauty.fr\/produit\/huile-quainto\/\" \/>\n<meta property=\"og:site_name\" content=\"NC BEAUTY\" \/>\n<meta property=\"article:modified_time\" content=\"2025-12-22T11:54:33+00:00\" \/>\n<meta property=\"og:image\" content=\"https:\/\/ncbeauty.fr\/choaweex\/2025\/05\/1000223829.webp\" \/>\n\t<meta property=\"og:image:width\" content=\"1115\" \/>\n\t<meta property=\"og:image:height\" content=\"1757\" \/>\n\t<meta property=\"og:image:type\" content=\"image\/webp\" \/>\n<meta name=\"twitter:card\" content=\"summary_large_image\" \/>\n<meta name=\"twitter:label1\" content=\"Tiempo de lectura\" \/>\n\t<meta name=\"twitter:data1\" content=\"1 minuto\" \/>\n<script type=\"application\/ld+json\" class=\"yoast-schema-graph\">{\"@context\":\"https:\/\/schema.org\",\"@graph\":[{\"@type\":\"WebPage\",\"@id\":\"https:\/\/ncbeauty.fr\/produit\/huile-quainto\/\",\"url\":\"https:\/\/ncbeauty.fr\/produit\/huile-quainto\/\",\"name\":\"Huile Quainto - NC BEAUTY\",\"isPartOf\":{\"@id\":\"https:\/\/ncbeauty.fr\/#website\"},\"primaryImageOfPage\":{\"@id\":\"https:\/\/ncbeauty.fr\/produit\/huile-quainto\/#primaryimage\"},\"image\":{\"@id\":\"https:\/\/ncbeauty.fr\/produit\/huile-quainto\/#primaryimage\"},\"thumbnailUrl\":\"https:\/\/ncbeauty.fr\/choaweex\/2025\/05\/1000223829.webp\",\"datePublished\":\"2025-05-31T13:59:24+00:00\",\"dateModified\":\"2025-12-22T11:54:33+00:00\",\"breadcrumb\":{\"@id\":\"https:\/\/ncbeauty.fr\/produit\/huile-quainto\/#breadcrumb\"},\"inLanguage\":\"es\",\"potentialAction\":[{\"@type\":\"ReadAction\",\"target\":[\"https:\/\/ncbeauty.fr\/produit\/huile-quainto\/\"]}]},{\"@type\":\"ImageObject\",\"inLanguage\":\"es\",\"@id\":\"https:\/\/ncbeauty.fr\/produit\/huile-quainto\/#primaryimage\",\"url\":\"https:\/\/ncbeauty.fr\/choaweex\/2025\/05\/1000223829.webp\",\"contentUrl\":\"https:\/\/ncbeauty.fr\/choaweex\/2025\/05\/1000223829.webp\",\"width\":1115,\"height\":1757},{\"@type\":\"BreadcrumbList\",\"@id\":\"https:\/\/ncbeauty.fr\/produit\/huile-quainto\/#breadcrumb\",\"itemListElement\":[{\"@type\":\"ListItem\",\"position\":1,\"name\":\"Accueil\",\"item\":\"https:\/\/ncbeauty.fr\/\"},{\"@type\":\"ListItem\",\"position\":2,\"name\":\"Tienda\",\"item\":\"https:\/\/ncbeauty.fr\/boutique\/\"},{\"@type\":\"ListItem\",\"position\":3,\"name\":\"Huile Quainto\"}]},{\"@type\":\"WebSite\",\"@id\":\"https:\/\/ncbeauty.fr\/#website\",\"url\":\"https:\/\/ncbeauty.fr\/\",\"name\":\"NC BEAUTY\",\"description\":\"NC BEAUTY\",\"potentialAction\":[{\"@type\":\"SearchAction\",\"target\":{\"@type\":\"EntryPoint\",\"urlTemplate\":\"https:\/\/ncbeauty.fr\/?s={search_term_string}\"},\"query-input\":{\"@type\":\"PropertyValueSpecification\",\"valueRequired\":true,\"valueName\":\"search_term_string\"}}],\"inLanguage\":\"es\"}]}<\/script>\n","yoast_head_json":{"title":"Huile Quainto - NC BEAUTY","robots":{"index":"index","follow":"follow","max-snippet":"max-snippet:-1","max-image-preview":"max-image-preview:large","max-video-preview":"max-video-preview:-1"},"canonical":"https:\/\/ncbeauty.fr\/produit\/huile-quainto\/","og_locale":"es_ES","og_type":"article","og_title":"Huile Quainto - NC BEAUTY","og_description":"Dites Adieu aux Taches Noires (Kento) Red\u00e9couvrez l\u2019\u00e9clat de votre peau avec l\u2019huile \u00e9claircissante Quainto, sp\u00e9cialement formul\u00e9e pour att\u00e9nuer les taches noires (kento) et r\u00e9v\u00e9ler un teint naturellement lumineux. Gr\u00e2ce \u00e0 sa composition artisanale \u00e0 base d\u2019huile de citron, rose musqu\u00e9e et vitamine E, cette huile agit en profondeur pour r\u00e9duire l\u2019apparence des taches tout en hydratant et nourrissant votre peau. \u2728 Ses atouts exceptionnels :     R\u00e9duction visible des taches noires et uniformit\u00e9 du teint    Hydratation intense et nutrition profonde    Formule 100 % naturelle, sans additifs agressifs    Texture l\u00e9g\u00e8re, id\u00e9ale pour une absorption rapide et efficace    Convient \u00e0 tous les types de peau, m\u00eame les plus sensibles   Son utilisation est un jeu d\u2019enfant : appliquez-la sur les zones concern\u00e9es, massez d\u00e9licatement, et laissez les actifs naturels agir pour une peau sublim\u00e9e jour apr\u00e8s jour. Adoptez l\u2019huile Quainto pour une beaut\u00e9 au naturel et une confiance retrouv\u00e9e !","og_url":"https:\/\/ncbeauty.fr\/produit\/huile-quainto\/","og_site_name":"NC BEAUTY","article_modified_time":"2025-12-22T11:54:33+00:00","og_image":[{"width":1115,"height":1757,"url":"https:\/\/ncbeauty.fr\/choaweex\/2025\/05\/1000223829.webp","type":"image\/webp"}],"twitter_card":"summary_large_image","twitter_misc":{"Tiempo de lectura":"1 minuto"},"schema":{"@context":"https:\/\/schema.org","@graph":[{"@type":"WebPage","@id":"https:\/\/ncbeauty.fr\/produit\/huile-quainto\/","url":"https:\/\/ncbeauty.fr\/produit\/huile-quainto\/","name":"Huile Quainto - NC BEAUTY","isPartOf":{"@id":"https:\/\/ncbeauty.fr\/#website"},"primaryImageOfPage":{"@id":"https:\/\/ncbeauty.fr\/produit\/huile-quainto\/#primaryimage"},"image":{"@id":"https:\/\/ncbeauty.fr\/produit\/huile-quainto\/#primaryimage"},"thumbnailUrl":"https:\/\/ncbeauty.fr\/choaweex\/2025\/05\/1000223829.webp","datePublished":"2025-05-31T13:59:24+00:00","dateModified":"2025-12-22T11:54:33+00:00","breadcrumb":{"@id":"https:\/\/ncbeauty.fr\/produit\/huile-quainto\/#breadcrumb"},"inLanguage":"es","potentialAction":[{"@type":"ReadAction","target":["https:\/\/ncbeauty.fr\/produit\/huile-quainto\/"]}]},{"@type":"ImageObject","inLanguage":"es","@id":"https:\/\/ncbeauty.fr\/produit\/huile-quainto\/#primaryimage","url":"https:\/\/ncbeauty.fr\/choaweex\/2025\/05\/1000223829.webp","contentUrl":"https:\/\/ncbeauty.fr\/choaweex\/2025\/05\/1000223829.webp","width":1115,"height":1757},{"@type":"BreadcrumbList","@id":"https:\/\/ncbeauty.fr\/produit\/huile-quainto\/#breadcrumb","itemListElement":[{"@type":"ListItem","position":1,"name":"Accueil","item":"https:\/\/ncbeauty.fr\/"},{"@type":"ListItem","position":2,"name":"Tienda","item":"https:\/\/ncbeauty.fr\/boutique\/"},{"@type":"ListItem","position":3,"name":"Huile Quainto"}]},{"@type":"WebSite","@id":"https:\/\/ncbeauty.fr\/#website","url":"https:\/\/ncbeauty.fr\/","name":"NC BEAUTY","description":"NC BEAUTY","potentialAction":[{"@type":"SearchAction","target":{"@type":"EntryPoint","urlTemplate":"https:\/\/ncbeauty.fr\/?s={search_term_string}"},"query-input":{"@type":"PropertyValueSpecification","valueRequired":true,"valueName":"search_term_string"}}],"inLanguage":"es"}]}},"jetpack_sharing_enabled":true,"_links":{"self":[{"href":"https:\/\/ncbeauty.fr\/es\/wp-json\/wp\/v2\/product\/13793","targetHints":{"allow":["GET"]}}],"collection":[{"href":"https:\/\/ncbeauty.fr\/es\/wp-json\/wp\/v2\/product"}],"about":[{"href":"https:\/\/ncbeauty.fr\/es\/wp-json\/wp\/v2\/types\/product"}],"replies":[{"embeddable":true,"href":"https:\/\/ncbeauty.fr\/es\/wp-json\/wp\/v2\/comments?post=13793"}],"wp:featuredmedia":[{"embeddable":true,"href":"https:\/\/ncbeauty.fr\/es\/wp-json\/wp\/v2\/media\/13794"}],"wp:attachment":[{"href":"https:\/\/ncbeauty.fr\/es\/wp-json\/wp\/v2\/media?parent=13793"}],"wp:term":[{"taxonomy":"product_brand","embeddable":true,"href":"https:\/\/ncbeauty.fr\/es\/wp-json\/wp\/v2\/product_brand?post=13793"},{"taxonomy":"product_cat","embeddable":true,"href":"https:\/\/ncbeauty.fr\/es\/wp-json\/wp\/v2\/product_cat?post=13793"},{"taxonomy":"product_tag","embeddable":true,"href":"https:\/\/ncbeauty.fr\/es\/wp-json\/wp\/v2\/product_tag?post=13793"}],"curies":[{"name":"wp","href":"https:\/\/api.w.org\/{rel}","templated":true}]}}