{"id":13797,"date":"2025-05-31T14:13:04","date_gmt":"2025-05-31T14:13:04","guid":{"rendered":"https:\/\/ncbeauty.fr\/?post_type=product&#038;p=13797"},"modified":"2026-03-09T22:27:11","modified_gmt":"2026-03-09T22:27:11","slug":"perles-vaginales","status":"publish","type":"product","link":"https:\/\/ncbeauty.fr\/es\/produit\/perles-vaginales\/","title":{"rendered":"Perles vaginales"},"content":{"rendered":"<p><strong>Guide d&#8217;utilisation des perles de yoni\u00a0<\/strong><\/p>\n<ol>\n<li><strong> Nettoyage : <\/strong>Avant la <span style=\"font-weight: 400\">premi\u00e8re <\/span><span style=\"font-weight: 400\">utilisation<\/span><span style=\"font-weight: 400\">, <\/span><span style=\"font-weight: 400\">lave soigneusement les mains <\/span><span style=\"font-weight: 400\">avec de l&#8217;eau ti\u00e8de et un savon doux<\/span><span style=\"font-weight: 400\">.\u00a0<\/span><\/li>\n<li><strong>Pr\u00e9paration : <\/strong>D\u00e9tends<span style=\"font-weight: 400\">&#8211;<\/span><span style=\"font-weight: 400\">toi dans un environnement calme<\/span><span style=\"font-weight: 400\">. <\/span><span style=\"font-weight: 400\">Tu peux t&#8217;allonger ou adopter une position confortable<\/span><span style=\"font-weight: 400\">, <\/span><span style=\"font-weight: 400\">comme accroupie<\/span><span style=\"font-weight: 400\">, <\/span><span style=\"font-weight: 400\">pour <\/span><span style=\"font-weight: 400\">faciliter l&#8217;insertion<\/span><span style=\"font-weight: 400\">.\u00a0<\/span><\/li>\n<li><strong>Insertion : <\/strong>Ins\u00e8re d\u00e9licatement la <span style=\"font-weight: 400\">perle <\/span><span style=\"font-weight: 400\">dans ton vagin<\/span><span style=\"font-weight: 400\">.\u00a0<\/span><\/li>\n<li><strong>Exercices : <\/strong>Commence par des courtes sessions de 10 \u00e0 15 minutes<span style=\"font-weight: 400\">. <\/span><span style=\"font-weight: 400\">Contracte et rel\u00e2che doucement les muscles de ton plancher pelvien<\/span><span style=\"font-weight: 400\">. <\/span><span style=\"font-weight: 400\">Augmente progressivement la dur\u00e9e et <\/span><span style=\"font-weight: 400\">l&#8217;intensit\u00e9 <\/span><span style=\"font-weight: 400\">au <\/span><span style=\"font-weight: 400\">fur et \u00e0 mesure que tu te sens plus \u00e0 l&#8217;aise<\/span><span style=\"font-weight: 400\">.\u00a0<\/span><\/li>\n<li><strong>Fr\u00e9quence : <\/strong>Utilise les perles de Yoni r\u00e9guli\u00e8rement<span style=\"font-weight: 400\">, <\/span><span style=\"font-weight: 400\">mais sans <\/span><span style=\"font-weight: 400\">exc\u00e8s<\/span><span style=\"font-weight: 400\">. <\/span><span style=\"font-weight: 400\">Retire toujours la <\/span><span style=\"font-weight: 400\">perle <\/span><span style=\"font-weight: 400\">avant tout rapport sexuel <\/span><span style=\"font-weight: 400\">pour <\/span><span style=\"font-weight: 400\">garantir <\/span><span style=\"font-weight: 400\">confort <\/span><span style=\"font-weight: 400\">et s\u00e9curit\u00e9<\/span><span style=\"font-weight: 400\">.\u00a0<\/span><\/li>\n<\/ol>\n<p data-start=\"1370\" data-end=\"1515\">\n","protected":false},"excerpt":{"rendered":"<p data-start=\"129\" data-end=\"207\"><strong data-start=\"129\" data-end=\"205\">Perles vaginales en pierres naturelles \u2013 \u00c9veillez votre \u00e9nergie f\u00e9minine<\/strong><\/p>\n<p data-start=\"209\" data-end=\"592\">Offrez \u00e0 votre corps et \u00e0 votre esprit une parenth\u00e8se de bien-\u00eatre et d\u2019harmonie avec nos <strong data-start=\"299\" data-end=\"351\">perles de yoni en pierres naturelles d\u2019exception<\/strong>, telles que le <strong data-start=\"367\" data-end=\"382\">quartz rose<\/strong> et le <strong data-start=\"389\" data-end=\"397\">jade<\/strong>. Con\u00e7ues pour <strong data-start=\"412\" data-end=\"445\">renforcer le plancher pelvien<\/strong>, stimuler l\u2019<strong data-start=\"458\" data-end=\"478\">\u00e9nergie f\u00e9minine<\/strong> et encourager un <strong data-start=\"496\" data-end=\"526\">\u00e9quilibre hormonal naturel<\/strong>, ces perles subliment la pratique ancestrale des soins intimes.<\/p>\n<p data-start=\"594\" data-end=\"648\">\ud83d\udc8e <strong data-start=\"597\" data-end=\"646\">Les atouts incomparables des perles de yoni :<\/strong><\/p>\n<ul data-start=\"649\" data-end=\"1010\">\n<li data-start=\"649\" data-end=\"718\">\n<p data-start=\"651\" data-end=\"718\">Renforcement progressif du plancher pelvien pour plus de tonicit\u00e9<\/p>\n<\/li>\n<li data-start=\"719\" data-end=\"785\">\n<p data-start=\"721\" data-end=\"785\">Stimulation en douceur de l\u2019\u00e9nergie f\u00e9minine et de la vitalit\u00e9<\/p>\n<\/li>\n<li data-start=\"786\" data-end=\"860\">\n<p data-start=\"788\" data-end=\"860\">Favorise une meilleure conscience corporelle et un bien-\u00eatre int\u00e9rieur<\/p>\n<\/li>\n<li data-start=\"861\" data-end=\"944\">\n<p data-start=\"863\" data-end=\"944\">Fabriqu\u00e9es en pierres naturelles s\u00e9lectionn\u00e9es pour leurs vertus et leur beaut\u00e9<\/p>\n<\/li>\n<li data-start=\"945\" data-end=\"1010\">\n<p data-start=\"947\" data-end=\"1010\">Une approche artisanale, respectueuse du corps et de l\u2019esprit<\/p>\n<\/li>\n<\/ul>\n<p>\ud83c\udf3f <strong data-start=\"1015\" data-end=\"1044\">Mode d\u2019emploi simplifi\u00e9 :\u00a0<\/strong><br data-start=\"1044\" data-end=\"1047\" \/>Avant chaque utilisation, nettoyez soigneusement la perle. Installez-vous dans un espace calme et confortable, ins\u00e9rez-la d\u00e9licatement, puis pratiquez des exercices de contraction et de rel\u00e2chement. Pour un effet optimal, privil\u00e9giez des s\u00e9ances r\u00e9guli\u00e8res de courte dur\u00e9e, et toujours dans le respect de votre confort. (Voir guide d&#8217;utilisation pour plus de d\u00e9tail)<\/p>\n<p>Reconnectez-vous \u00e0 votre f\u00e9minit\u00e9 profonde avec nos <strong data-start=\"1422\" data-end=\"1451\">perles de yoni naturelles<\/strong>, pour une routine intime empreinte de douceur et de s\u00e9r\u00e9nit\u00e9.<\/p>\n","protected":false},"featured_media":13798,"comment_status":"open","ping_status":"closed","template":"","meta":{"_monsterinsights_skip_tracking":false,"_monsterinsights_sitenote_active":false,"_monsterinsights_sitenote_note":"","_monsterinsights_sitenote_category":0,"site-sidebar-layout":"default","site-content-layout":"","ast-site-content-layout":"default","site-content-style":"default","site-sidebar-style":"default","ast-global-header-display":"","ast-banner-title-visibility":"","ast-main-header-display":"","ast-hfb-above-header-display":"","ast-hfb-below-header-display":"","ast-hfb-mobile-header-display":"","site-post-title":"","ast-breadcrumbs-content":"","ast-featured-img":"","footer-sml-layout":"","theme-transparent-header-meta":"default","adv-header-id-meta":"","stick-header-meta":"","header-above-stick-meta":"","header-main-stick-meta":"","header-below-stick-meta":"","astra-migrate-meta-layouts":"set","ast-page-background-enabled":"default","ast-page-background-meta":{"desktop":{"background-color":"var(--ast-global-color-4)","background-image":"","background-repeat":"repeat","background-position":"center center","background-size":"auto","background-attachment":"scroll","background-type":"","background-media":"","overlay-type":"","overlay-color":"","overlay-opacity":"","overlay-gradient":""},"tablet":{"background-color":"","background-image":"","background-repeat":"repeat","background-position":"center center","background-size":"auto","background-attachment":"scroll","background-type":"","background-media":"","overlay-type":"","overlay-color":"","overlay-opacity":"","overlay-gradient":""},"mobile":{"background-color":"","background-image":"","background-repeat":"repeat","background-position":"center center","background-size":"auto","background-attachment":"scroll","background-type":"","background-media":"","overlay-type":"","overlay-color":"","overlay-opacity":"","overlay-gradient":""}},"ast-content-background-meta":{"desktop":{"background-color":"var(--ast-global-color-5)","background-image":"","background-repeat":"repeat","background-position":"center center","background-size":"auto","background-attachment":"scroll","background-type":"","background-media":"","overlay-type":"","overlay-color":"","overlay-opacity":"","overlay-gradient":""},"tablet":{"background-color":"var(--ast-global-color-5)","background-image":"","background-repeat":"repeat","background-position":"center center","background-size":"auto","background-attachment":"scroll","background-type":"","background-media":"","overlay-type":"","overlay-color":"","overlay-opacity":"","overlay-gradient":""},"mobile":{"background-color":"var(--ast-global-color-5)","background-image":"","background-repeat":"repeat","background-position":"center center","background-size":"auto","background-attachment":"scroll","background-type":"","background-media":"","overlay-type":"","overlay-color":"","overlay-opacity":"","overlay-gradient":""}},"_joinchat":[]},"product_brand":[],"product_cat":[111,104,24,110],"product_tag":[],"class_list":{"0":"post-13797","1":"product","2":"type-product","3":"status-publish","4":"has-post-thumbnail","6":"product_cat-hygienes","7":"product_cat-maternite","8":"product_cat-nos-produits-aphrodisiaque","9":"product_cat-produits-cosmetiques","10":"desktop-align-left","11":"tablet-align-left","12":"mobile-align-left","13":"tm-has-options","15":"first","16":"outofstock","17":"taxable","18":"shipping-taxable","19":"purchasable","20":"product-type-simple"},"bundled_by":[],"bundle_stock_status":"outofstock","bundle_stock_quantity":null,"bundle_virtual":false,"bundle_layout":"","bundle_add_to_cart_form_location":"","bundle_editable_in_cart":false,"bundle_sold_individually_context":"","bundle_item_grouping":"","bundle_min_size":"","bundle_max_size":"","bundle_price":[],"bundled_items":[],"bundle_sell_ids":[],"aioseo_notices":[],"yoast_head":"\n<title>Perles vaginales - NC BEAUTY<\/title>\n<meta name=\"robots\" content=\"index, follow, max-snippet:-1, max-image-preview:large, max-video-preview:-1\" \/>\n<link rel=\"canonical\" href=\"https:\/\/ncbeauty.fr\/produit\/perles-vaginales\/\" \/>\n<meta property=\"og:locale\" content=\"es_ES\" \/>\n<meta property=\"og:type\" content=\"article\" \/>\n<meta property=\"og:title\" content=\"Perles vaginales - NC BEAUTY\" \/>\n<meta property=\"og:description\" content=\"Perles vaginales en pierres naturelles \u2013 \u00c9veillez votre \u00e9nergie f\u00e9minine Offrez \u00e0 votre corps et \u00e0 votre esprit une parenth\u00e8se de bien-\u00eatre et d\u2019harmonie avec nos perles de yoni en pierres naturelles d\u2019exception, telles que le quartz rose et le jade. Con\u00e7ues pour renforcer le plancher pelvien, stimuler l\u2019\u00e9nergie f\u00e9minine et encourager un \u00e9quilibre hormonal naturel, ces perles subliment la pratique ancestrale des soins intimes. \ud83d\udc8e Les atouts incomparables des perles de yoni :     Renforcement progressif du plancher pelvien pour plus de tonicit\u00e9    Stimulation en douceur de l\u2019\u00e9nergie f\u00e9minine et de la vitalit\u00e9    Favorise une meilleure conscience corporelle et un bien-\u00eatre int\u00e9rieur    Fabriqu\u00e9es en pierres naturelles s\u00e9lectionn\u00e9es pour leurs vertus et leur beaut\u00e9    Une approche artisanale, respectueuse du corps et de l\u2019esprit   \ud83c\udf3f Mode d\u2019emploi simplifi\u00e9 :\u00a0Avant chaque utilisation, nettoyez soigneusement la perle. Installez-vous dans un espace calme et confortable, ins\u00e9rez-la d\u00e9licatement, puis pratiquez des exercices de contraction et de rel\u00e2chement. Pour un effet optimal, privil\u00e9giez des s\u00e9ances r\u00e9guli\u00e8res de courte dur\u00e9e, et toujours dans le respect de votre confort. (Voir guide d&#039;utilisation pour plus de d\u00e9tail)  Reconnectez-vous \u00e0 votre f\u00e9minit\u00e9 profonde avec nos perles de yoni naturelles, pour une routine intime empreinte de douceur et de s\u00e9r\u00e9nit\u00e9.\" \/>\n<meta property=\"og:url\" content=\"https:\/\/ncbeauty.fr\/produit\/perles-vaginales\/\" \/>\n<meta property=\"og:site_name\" content=\"NC BEAUTY\" \/>\n<meta property=\"article:modified_time\" content=\"2026-03-09T22:27:11+00:00\" \/>\n<meta property=\"og:image\" content=\"https:\/\/ncbeauty.fr\/choaweex\/2025\/05\/1000223830.webp\" \/>\n\t<meta property=\"og:image:width\" content=\"1116\" \/>\n\t<meta property=\"og:image:height\" content=\"1658\" \/>\n\t<meta property=\"og:image:type\" content=\"image\/webp\" \/>\n<meta name=\"twitter:card\" content=\"summary_large_image\" \/>\n<meta name=\"twitter:label1\" content=\"Tiempo de lectura\" \/>\n\t<meta name=\"twitter:data1\" content=\"1 minuto\" \/>\n<script type=\"application\/ld+json\" class=\"yoast-schema-graph\">{\"@context\":\"https:\/\/schema.org\",\"@graph\":[{\"@type\":\"WebPage\",\"@id\":\"https:\/\/ncbeauty.fr\/produit\/perles-vaginales\/\",\"url\":\"https:\/\/ncbeauty.fr\/produit\/perles-vaginales\/\",\"name\":\"Perles vaginales - NC BEAUTY\",\"isPartOf\":{\"@id\":\"https:\/\/ncbeauty.fr\/#website\"},\"primaryImageOfPage\":{\"@id\":\"https:\/\/ncbeauty.fr\/produit\/perles-vaginales\/#primaryimage\"},\"image\":{\"@id\":\"https:\/\/ncbeauty.fr\/produit\/perles-vaginales\/#primaryimage\"},\"thumbnailUrl\":\"https:\/\/ncbeauty.fr\/choaweex\/2025\/05\/1000223830.webp\",\"datePublished\":\"2025-05-31T14:13:04+00:00\",\"dateModified\":\"2026-03-09T22:27:11+00:00\",\"breadcrumb\":{\"@id\":\"https:\/\/ncbeauty.fr\/produit\/perles-vaginales\/#breadcrumb\"},\"inLanguage\":\"es\",\"potentialAction\":[{\"@type\":\"ReadAction\",\"target\":[\"https:\/\/ncbeauty.fr\/produit\/perles-vaginales\/\"]}]},{\"@type\":\"ImageObject\",\"inLanguage\":\"es\",\"@id\":\"https:\/\/ncbeauty.fr\/produit\/perles-vaginales\/#primaryimage\",\"url\":\"https:\/\/ncbeauty.fr\/choaweex\/2025\/05\/1000223830.webp\",\"contentUrl\":\"https:\/\/ncbeauty.fr\/choaweex\/2025\/05\/1000223830.webp\",\"width\":1116,\"height\":1658},{\"@type\":\"BreadcrumbList\",\"@id\":\"https:\/\/ncbeauty.fr\/produit\/perles-vaginales\/#breadcrumb\",\"itemListElement\":[{\"@type\":\"ListItem\",\"position\":1,\"name\":\"Accueil\",\"item\":\"https:\/\/ncbeauty.fr\/\"},{\"@type\":\"ListItem\",\"position\":2,\"name\":\"Tienda\",\"item\":\"https:\/\/ncbeauty.fr\/boutique\/\"},{\"@type\":\"ListItem\",\"position\":3,\"name\":\"Perles vaginales\"}]},{\"@type\":\"WebSite\",\"@id\":\"https:\/\/ncbeauty.fr\/#website\",\"url\":\"https:\/\/ncbeauty.fr\/\",\"name\":\"NC BEAUTY\",\"description\":\"NC BEAUTY\",\"potentialAction\":[{\"@type\":\"SearchAction\",\"target\":{\"@type\":\"EntryPoint\",\"urlTemplate\":\"https:\/\/ncbeauty.fr\/?s={search_term_string}\"},\"query-input\":{\"@type\":\"PropertyValueSpecification\",\"valueRequired\":true,\"valueName\":\"search_term_string\"}}],\"inLanguage\":\"es\"}]}<\/script>\n","yoast_head_json":{"title":"Perles vaginales - NC BEAUTY","robots":{"index":"index","follow":"follow","max-snippet":"max-snippet:-1","max-image-preview":"max-image-preview:large","max-video-preview":"max-video-preview:-1"},"canonical":"https:\/\/ncbeauty.fr\/produit\/perles-vaginales\/","og_locale":"es_ES","og_type":"article","og_title":"Perles vaginales - NC BEAUTY","og_description":"Perles vaginales en pierres naturelles \u2013 \u00c9veillez votre \u00e9nergie f\u00e9minine Offrez \u00e0 votre corps et \u00e0 votre esprit une parenth\u00e8se de bien-\u00eatre et d\u2019harmonie avec nos perles de yoni en pierres naturelles d\u2019exception, telles que le quartz rose et le jade. Con\u00e7ues pour renforcer le plancher pelvien, stimuler l\u2019\u00e9nergie f\u00e9minine et encourager un \u00e9quilibre hormonal naturel, ces perles subliment la pratique ancestrale des soins intimes. \ud83d\udc8e Les atouts incomparables des perles de yoni :     Renforcement progressif du plancher pelvien pour plus de tonicit\u00e9    Stimulation en douceur de l\u2019\u00e9nergie f\u00e9minine et de la vitalit\u00e9    Favorise une meilleure conscience corporelle et un bien-\u00eatre int\u00e9rieur    Fabriqu\u00e9es en pierres naturelles s\u00e9lectionn\u00e9es pour leurs vertus et leur beaut\u00e9    Une approche artisanale, respectueuse du corps et de l\u2019esprit   \ud83c\udf3f Mode d\u2019emploi simplifi\u00e9 :\u00a0Avant chaque utilisation, nettoyez soigneusement la perle. Installez-vous dans un espace calme et confortable, ins\u00e9rez-la d\u00e9licatement, puis pratiquez des exercices de contraction et de rel\u00e2chement. Pour un effet optimal, privil\u00e9giez des s\u00e9ances r\u00e9guli\u00e8res de courte dur\u00e9e, et toujours dans le respect de votre confort. (Voir guide d'utilisation pour plus de d\u00e9tail)  Reconnectez-vous \u00e0 votre f\u00e9minit\u00e9 profonde avec nos perles de yoni naturelles, pour une routine intime empreinte de douceur et de s\u00e9r\u00e9nit\u00e9.","og_url":"https:\/\/ncbeauty.fr\/produit\/perles-vaginales\/","og_site_name":"NC BEAUTY","article_modified_time":"2026-03-09T22:27:11+00:00","og_image":[{"width":1116,"height":1658,"url":"https:\/\/ncbeauty.fr\/choaweex\/2025\/05\/1000223830.webp","type":"image\/webp"}],"twitter_card":"summary_large_image","twitter_misc":{"Tiempo de lectura":"1 minuto"},"schema":{"@context":"https:\/\/schema.org","@graph":[{"@type":"WebPage","@id":"https:\/\/ncbeauty.fr\/produit\/perles-vaginales\/","url":"https:\/\/ncbeauty.fr\/produit\/perles-vaginales\/","name":"Perles vaginales - NC BEAUTY","isPartOf":{"@id":"https:\/\/ncbeauty.fr\/#website"},"primaryImageOfPage":{"@id":"https:\/\/ncbeauty.fr\/produit\/perles-vaginales\/#primaryimage"},"image":{"@id":"https:\/\/ncbeauty.fr\/produit\/perles-vaginales\/#primaryimage"},"thumbnailUrl":"https:\/\/ncbeauty.fr\/choaweex\/2025\/05\/1000223830.webp","datePublished":"2025-05-31T14:13:04+00:00","dateModified":"2026-03-09T22:27:11+00:00","breadcrumb":{"@id":"https:\/\/ncbeauty.fr\/produit\/perles-vaginales\/#breadcrumb"},"inLanguage":"es","potentialAction":[{"@type":"ReadAction","target":["https:\/\/ncbeauty.fr\/produit\/perles-vaginales\/"]}]},{"@type":"ImageObject","inLanguage":"es","@id":"https:\/\/ncbeauty.fr\/produit\/perles-vaginales\/#primaryimage","url":"https:\/\/ncbeauty.fr\/choaweex\/2025\/05\/1000223830.webp","contentUrl":"https:\/\/ncbeauty.fr\/choaweex\/2025\/05\/1000223830.webp","width":1116,"height":1658},{"@type":"BreadcrumbList","@id":"https:\/\/ncbeauty.fr\/produit\/perles-vaginales\/#breadcrumb","itemListElement":[{"@type":"ListItem","position":1,"name":"Accueil","item":"https:\/\/ncbeauty.fr\/"},{"@type":"ListItem","position":2,"name":"Tienda","item":"https:\/\/ncbeauty.fr\/boutique\/"},{"@type":"ListItem","position":3,"name":"Perles vaginales"}]},{"@type":"WebSite","@id":"https:\/\/ncbeauty.fr\/#website","url":"https:\/\/ncbeauty.fr\/","name":"NC BEAUTY","description":"NC BEAUTY","potentialAction":[{"@type":"SearchAction","target":{"@type":"EntryPoint","urlTemplate":"https:\/\/ncbeauty.fr\/?s={search_term_string}"},"query-input":{"@type":"PropertyValueSpecification","valueRequired":true,"valueName":"search_term_string"}}],"inLanguage":"es"}]}},"jetpack_sharing_enabled":true,"_links":{"self":[{"href":"https:\/\/ncbeauty.fr\/es\/wp-json\/wp\/v2\/product\/13797","targetHints":{"allow":["GET"]}}],"collection":[{"href":"https:\/\/ncbeauty.fr\/es\/wp-json\/wp\/v2\/product"}],"about":[{"href":"https:\/\/ncbeauty.fr\/es\/wp-json\/wp\/v2\/types\/product"}],"replies":[{"embeddable":true,"href":"https:\/\/ncbeauty.fr\/es\/wp-json\/wp\/v2\/comments?post=13797"}],"wp:featuredmedia":[{"embeddable":true,"href":"https:\/\/ncbeauty.fr\/es\/wp-json\/wp\/v2\/media\/13798"}],"wp:attachment":[{"href":"https:\/\/ncbeauty.fr\/es\/wp-json\/wp\/v2\/media?parent=13797"}],"wp:term":[{"taxonomy":"product_brand","embeddable":true,"href":"https:\/\/ncbeauty.fr\/es\/wp-json\/wp\/v2\/product_brand?post=13797"},{"taxonomy":"product_cat","embeddable":true,"href":"https:\/\/ncbeauty.fr\/es\/wp-json\/wp\/v2\/product_cat?post=13797"},{"taxonomy":"product_tag","embeddable":true,"href":"https:\/\/ncbeauty.fr\/es\/wp-json\/wp\/v2\/product_tag?post=13797"}],"curies":[{"name":"wp","href":"https:\/\/api.w.org\/{rel}","templated":true}]}}