{"id":13810,"date":"2025-05-31T23:37:29","date_gmt":"2025-05-31T23:37:29","guid":{"rendered":"https:\/\/ncbeauty.fr\/?post_type=product&#038;p=13810"},"modified":"2025-12-22T11:54:32","modified_gmt":"2025-12-22T11:54:32","slug":"kit-togo","status":"publish","type":"product","link":"https:\/\/ncbeauty.fr\/es\/produit\/kit-togo\/","title":{"rendered":"Kit TOGO"},"content":{"rendered":"","protected":false},"excerpt":{"rendered":"<p>Tu veux des fesses plus rondes, sans passer par les sirops ni les suppositoires ?<br \/>\nNotre kit TOGO QUI CONTIENT MACA PLUS + l&#8217;huile miracle est ta nouvelle solution !<br \/>\n\u27a1 Comble les creux<br \/>\n\u27a1 Dessine tes formes<br \/>\n\u27a1 100% naturel et facile \u00e0 utiliser<\/p>\n<p>D\u00e9couvrez le secret d&#8217;une silhouette galb\u00e9e et d&#8217;une peau \u00e9clatante avec notre Pack TOGO<\/p>\n<p>\ud83d\udd39 Maca Plus &#8211; G\u00e9lules 100% naturelles : Enrichies en maca, cette plante aux vertus reconnues, nos g\u00e9lules favorisent naturellement le d\u00e9veloppement des formes f\u00e9minines (fessiers, hanches) tout en soutenant l\u2019\u00e9quilibre hormonal et la vitalit\u00e9.<br \/>\n\ud83d\udd39 l&#8217;huime miracle : Formul\u00e9 pour tonifier, raffermir et sublimer la zone des hanches et des fesses. Une application quotidienne pour une peau douce, hydrat\u00e9e et visiblement plus ferme.<br \/>\n\ud83d\udc9c Objectif : Courbes naturelles et confiance en soi !<br \/>\nConvient \u00e0 toutes les femmes d\u00e9sireuses de mettre en valeur leur silhouette de fa\u00e7on saine et progressive.<br \/>\n\u2714 Sans hormones<br \/>\n\u2714 Ingr\u00e9dients naturels<br \/>\n\u2714 R\u00e9sultats visibles en quelques semaines*<\/p>\n<p>Interdit aux femmes enceintes et allaitant<\/p>\n","protected":false},"featured_media":13811,"comment_status":"open","ping_status":"closed","template":"","meta":{"_monsterinsights_skip_tracking":false,"_monsterinsights_sitenote_active":false,"_monsterinsights_sitenote_note":"","_monsterinsights_sitenote_category":0,"site-sidebar-layout":"default","site-content-layout":"","ast-site-content-layout":"default","site-content-style":"default","site-sidebar-style":"default","ast-global-header-display":"","ast-banner-title-visibility":"","ast-main-header-display":"","ast-hfb-above-header-display":"","ast-hfb-below-header-display":"","ast-hfb-mobile-header-display":"","site-post-title":"","ast-breadcrumbs-content":"","ast-featured-img":"","footer-sml-layout":"","theme-transparent-header-meta":"default","adv-header-id-meta":"","stick-header-meta":"","header-above-stick-meta":"","header-main-stick-meta":"","header-below-stick-meta":"","astra-migrate-meta-layouts":"set","ast-page-background-enabled":"default","ast-page-background-meta":{"desktop":{"background-color":"var(--ast-global-color-4)","background-image":"","background-repeat":"repeat","background-position":"center center","background-size":"auto","background-attachment":"scroll","background-type":"","background-media":"","overlay-type":"","overlay-color":"","overlay-opacity":"","overlay-gradient":""},"tablet":{"background-color":"","background-image":"","background-repeat":"repeat","background-position":"center center","background-size":"auto","background-attachment":"scroll","background-type":"","background-media":"","overlay-type":"","overlay-color":"","overlay-opacity":"","overlay-gradient":""},"mobile":{"background-color":"","background-image":"","background-repeat":"repeat","background-position":"center center","background-size":"auto","background-attachment":"scroll","background-type":"","background-media":"","overlay-type":"","overlay-color":"","overlay-opacity":"","overlay-gradient":""}},"ast-content-background-meta":{"desktop":{"background-color":"var(--ast-global-color-5)","background-image":"","background-repeat":"repeat","background-position":"center center","background-size":"auto","background-attachment":"scroll","background-type":"","background-media":"","overlay-type":"","overlay-color":"","overlay-opacity":"","overlay-gradient":""},"tablet":{"background-color":"var(--ast-global-color-5)","background-image":"","background-repeat":"repeat","background-position":"center center","background-size":"auto","background-attachment":"scroll","background-type":"","background-media":"","overlay-type":"","overlay-color":"","overlay-opacity":"","overlay-gradient":""},"mobile":{"background-color":"var(--ast-global-color-5)","background-image":"","background-repeat":"repeat","background-position":"center center","background-size":"auto","background-attachment":"scroll","background-type":"","background-media":"","overlay-type":"","overlay-color":"","overlay-opacity":"","overlay-gradient":""}},"_joinchat":[]},"product_brand":[],"product_cat":[36],"product_tag":[],"class_list":{"0":"post-13810","1":"product","2":"type-product","3":"status-publish","4":"has-post-thumbnail","6":"product_cat-nos-pack","7":"desktop-align-left","8":"tablet-align-left","9":"mobile-align-left","10":"tm-has-options","12":"first","13":"instock","14":"virtual","15":"taxable","16":"purchasable","17":"product-type-bundle"},"bundled_by":[],"bundle_stock_status":"instock","bundle_stock_quantity":28,"bundle_virtual":false,"bundle_layout":"default","bundle_add_to_cart_form_location":"default","bundle_editable_in_cart":false,"bundle_sold_individually_context":"product","bundle_item_grouping":"parent","bundle_min_size":"","bundle_max_size":"","bundle_price":{"price":{"min":{"incl_tax":"300","excl_tax":"300"},"max":{"incl_tax":"300","excl_tax":"300"}},"regular_price":{"min":{"incl_tax":"300","excl_tax":"300"},"max":{"incl_tax":"300","excl_tax":"300"}}},"bundled_items":[{"bundled_item_id":306,"product_id":13803,"menu_order":0,"quantity_min":4,"quantity_max":4,"quantity_default":4,"priced_individually":false,"shipped_individually":false,"override_title":false,"title":"G\u00e9lules Maca Plus","override_description":false,"description":"","optional":false,"hide_thumbnail":false,"discount":"","override_variations":false,"allowed_variations":[],"override_default_variation_attributes":false,"default_variation_attributes":[],"single_product_visibility":"visible","cart_visibility":"visible","order_visibility":"visible","single_product_price_visibility":"visible","cart_price_visibility":"visible","order_price_visibility":"visible","stock_status":"in_stock"},{"bundled_item_id":307,"product_id":11239,"menu_order":1,"quantity_min":1,"quantity_max":1,"quantity_default":1,"priced_individually":false,"shipped_individually":false,"override_title":false,"title":"Hip Up - Huile Miracle","override_description":false,"description":"","optional":false,"hide_thumbnail":false,"discount":"","override_variations":false,"allowed_variations":[],"override_default_variation_attributes":false,"default_variation_attributes":[],"single_product_visibility":"visible","cart_visibility":"visible","order_visibility":"visible","single_product_price_visibility":"visible","cart_price_visibility":"visible","order_price_visibility":"visible","stock_status":"in_stock"}],"bundle_sell_ids":[],"aioseo_notices":[],"yoast_head":"\n<title>Kit TOGO - NC BEAUTY<\/title>\n<meta name=\"robots\" content=\"index, follow, max-snippet:-1, max-image-preview:large, max-video-preview:-1\" \/>\n<link rel=\"canonical\" href=\"https:\/\/ncbeauty.fr\/produit\/kit-togo\/\" \/>\n<meta property=\"og:locale\" content=\"es_ES\" \/>\n<meta property=\"og:type\" content=\"article\" \/>\n<meta property=\"og:title\" content=\"Kit TOGO - NC BEAUTY\" \/>\n<meta property=\"og:description\" content=\"Tu veux des fesses plus rondes, sans passer par les sirops ni les suppositoires ? Notre kit TOGO QUI CONTIENT MACA PLUS + l&#039;huile miracle est ta nouvelle solution ! \u27a1 Comble les creux \u27a1 Dessine tes formes \u27a1 100% naturel et facile \u00e0 utiliser  D\u00e9couvrez le secret d&#039;une silhouette galb\u00e9e et d&#039;une peau \u00e9clatante avec notre Pack TOGO  \ud83d\udd39 Maca Plus - G\u00e9lules 100% naturelles : Enrichies en maca, cette plante aux vertus reconnues, nos g\u00e9lules favorisent naturellement le d\u00e9veloppement des formes f\u00e9minines (fessiers, hanches) tout en soutenant l\u2019\u00e9quilibre hormonal et la vitalit\u00e9. \ud83d\udd39 l&#039;huime miracle : Formul\u00e9 pour tonifier, raffermir et sublimer la zone des hanches et des fesses. Une application quotidienne pour une peau douce, hydrat\u00e9e et visiblement plus ferme. \ud83d\udc9c Objectif : Courbes naturelles et confiance en soi ! Convient \u00e0 toutes les femmes d\u00e9sireuses de mettre en valeur leur silhouette de fa\u00e7on saine et progressive. \u2714 Sans hormones \u2714 Ingr\u00e9dients naturels \u2714 R\u00e9sultats visibles en quelques semaines*  Interdit aux femmes enceintes et allaitant\" \/>\n<meta property=\"og:url\" content=\"https:\/\/ncbeauty.fr\/produit\/kit-togo\/\" \/>\n<meta property=\"og:site_name\" content=\"NC BEAUTY\" \/>\n<meta property=\"article:modified_time\" content=\"2025-12-22T11:54:32+00:00\" \/>\n<meta property=\"og:image\" content=\"https:\/\/ncbeauty.fr\/choaweex\/2025\/05\/1000223833.webp\" \/>\n\t<meta property=\"og:image:width\" content=\"1126\" \/>\n\t<meta property=\"og:image:height\" content=\"1563\" \/>\n\t<meta property=\"og:image:type\" content=\"image\/webp\" \/>\n<meta name=\"twitter:card\" content=\"summary_large_image\" \/>\n<meta name=\"twitter:label1\" content=\"Tiempo de lectura\" \/>\n\t<meta name=\"twitter:data1\" content=\"1 minuto\" \/>\n<script type=\"application\/ld+json\" class=\"yoast-schema-graph\">{\"@context\":\"https:\/\/schema.org\",\"@graph\":[{\"@type\":\"WebPage\",\"@id\":\"https:\/\/ncbeauty.fr\/produit\/kit-togo\/\",\"url\":\"https:\/\/ncbeauty.fr\/produit\/kit-togo\/\",\"name\":\"Kit TOGO - NC BEAUTY\",\"isPartOf\":{\"@id\":\"https:\/\/ncbeauty.fr\/#website\"},\"primaryImageOfPage\":{\"@id\":\"https:\/\/ncbeauty.fr\/produit\/kit-togo\/#primaryimage\"},\"image\":{\"@id\":\"https:\/\/ncbeauty.fr\/produit\/kit-togo\/#primaryimage\"},\"thumbnailUrl\":\"https:\/\/ncbeauty.fr\/choaweex\/2025\/05\/1000223833.webp\",\"datePublished\":\"2025-05-31T23:37:29+00:00\",\"dateModified\":\"2025-12-22T11:54:32+00:00\",\"breadcrumb\":{\"@id\":\"https:\/\/ncbeauty.fr\/produit\/kit-togo\/#breadcrumb\"},\"inLanguage\":\"es\",\"potentialAction\":[{\"@type\":\"ReadAction\",\"target\":[\"https:\/\/ncbeauty.fr\/produit\/kit-togo\/\"]}]},{\"@type\":\"ImageObject\",\"inLanguage\":\"es\",\"@id\":\"https:\/\/ncbeauty.fr\/produit\/kit-togo\/#primaryimage\",\"url\":\"https:\/\/ncbeauty.fr\/choaweex\/2025\/05\/1000223833.webp\",\"contentUrl\":\"https:\/\/ncbeauty.fr\/choaweex\/2025\/05\/1000223833.webp\",\"width\":1126,\"height\":1563},{\"@type\":\"BreadcrumbList\",\"@id\":\"https:\/\/ncbeauty.fr\/produit\/kit-togo\/#breadcrumb\",\"itemListElement\":[{\"@type\":\"ListItem\",\"position\":1,\"name\":\"Accueil\",\"item\":\"https:\/\/ncbeauty.fr\/\"},{\"@type\":\"ListItem\",\"position\":2,\"name\":\"Tienda\",\"item\":\"https:\/\/ncbeauty.fr\/boutique\/\"},{\"@type\":\"ListItem\",\"position\":3,\"name\":\"Kit TOGO\"}]},{\"@type\":\"WebSite\",\"@id\":\"https:\/\/ncbeauty.fr\/#website\",\"url\":\"https:\/\/ncbeauty.fr\/\",\"name\":\"NC BEAUTY\",\"description\":\"NC BEAUTY\",\"potentialAction\":[{\"@type\":\"SearchAction\",\"target\":{\"@type\":\"EntryPoint\",\"urlTemplate\":\"https:\/\/ncbeauty.fr\/?s={search_term_string}\"},\"query-input\":{\"@type\":\"PropertyValueSpecification\",\"valueRequired\":true,\"valueName\":\"search_term_string\"}}],\"inLanguage\":\"es\"}]}<\/script>\n","yoast_head_json":{"title":"Kit TOGO - NC BEAUTY","robots":{"index":"index","follow":"follow","max-snippet":"max-snippet:-1","max-image-preview":"max-image-preview:large","max-video-preview":"max-video-preview:-1"},"canonical":"https:\/\/ncbeauty.fr\/produit\/kit-togo\/","og_locale":"es_ES","og_type":"article","og_title":"Kit TOGO - NC BEAUTY","og_description":"Tu veux des fesses plus rondes, sans passer par les sirops ni les suppositoires ? Notre kit TOGO QUI CONTIENT MACA PLUS + l'huile miracle est ta nouvelle solution ! \u27a1 Comble les creux \u27a1 Dessine tes formes \u27a1 100% naturel et facile \u00e0 utiliser  D\u00e9couvrez le secret d'une silhouette galb\u00e9e et d'une peau \u00e9clatante avec notre Pack TOGO  \ud83d\udd39 Maca Plus - G\u00e9lules 100% naturelles : Enrichies en maca, cette plante aux vertus reconnues, nos g\u00e9lules favorisent naturellement le d\u00e9veloppement des formes f\u00e9minines (fessiers, hanches) tout en soutenant l\u2019\u00e9quilibre hormonal et la vitalit\u00e9. \ud83d\udd39 l'huime miracle : Formul\u00e9 pour tonifier, raffermir et sublimer la zone des hanches et des fesses. Une application quotidienne pour une peau douce, hydrat\u00e9e et visiblement plus ferme. \ud83d\udc9c Objectif : Courbes naturelles et confiance en soi ! Convient \u00e0 toutes les femmes d\u00e9sireuses de mettre en valeur leur silhouette de fa\u00e7on saine et progressive. \u2714 Sans hormones \u2714 Ingr\u00e9dients naturels \u2714 R\u00e9sultats visibles en quelques semaines*  Interdit aux femmes enceintes et allaitant","og_url":"https:\/\/ncbeauty.fr\/produit\/kit-togo\/","og_site_name":"NC BEAUTY","article_modified_time":"2025-12-22T11:54:32+00:00","og_image":[{"width":1126,"height":1563,"url":"https:\/\/ncbeauty.fr\/choaweex\/2025\/05\/1000223833.webp","type":"image\/webp"}],"twitter_card":"summary_large_image","twitter_misc":{"Tiempo de lectura":"1 minuto"},"schema":{"@context":"https:\/\/schema.org","@graph":[{"@type":"WebPage","@id":"https:\/\/ncbeauty.fr\/produit\/kit-togo\/","url":"https:\/\/ncbeauty.fr\/produit\/kit-togo\/","name":"Kit TOGO - NC BEAUTY","isPartOf":{"@id":"https:\/\/ncbeauty.fr\/#website"},"primaryImageOfPage":{"@id":"https:\/\/ncbeauty.fr\/produit\/kit-togo\/#primaryimage"},"image":{"@id":"https:\/\/ncbeauty.fr\/produit\/kit-togo\/#primaryimage"},"thumbnailUrl":"https:\/\/ncbeauty.fr\/choaweex\/2025\/05\/1000223833.webp","datePublished":"2025-05-31T23:37:29+00:00","dateModified":"2025-12-22T11:54:32+00:00","breadcrumb":{"@id":"https:\/\/ncbeauty.fr\/produit\/kit-togo\/#breadcrumb"},"inLanguage":"es","potentialAction":[{"@type":"ReadAction","target":["https:\/\/ncbeauty.fr\/produit\/kit-togo\/"]}]},{"@type":"ImageObject","inLanguage":"es","@id":"https:\/\/ncbeauty.fr\/produit\/kit-togo\/#primaryimage","url":"https:\/\/ncbeauty.fr\/choaweex\/2025\/05\/1000223833.webp","contentUrl":"https:\/\/ncbeauty.fr\/choaweex\/2025\/05\/1000223833.webp","width":1126,"height":1563},{"@type":"BreadcrumbList","@id":"https:\/\/ncbeauty.fr\/produit\/kit-togo\/#breadcrumb","itemListElement":[{"@type":"ListItem","position":1,"name":"Accueil","item":"https:\/\/ncbeauty.fr\/"},{"@type":"ListItem","position":2,"name":"Tienda","item":"https:\/\/ncbeauty.fr\/boutique\/"},{"@type":"ListItem","position":3,"name":"Kit TOGO"}]},{"@type":"WebSite","@id":"https:\/\/ncbeauty.fr\/#website","url":"https:\/\/ncbeauty.fr\/","name":"NC BEAUTY","description":"NC BEAUTY","potentialAction":[{"@type":"SearchAction","target":{"@type":"EntryPoint","urlTemplate":"https:\/\/ncbeauty.fr\/?s={search_term_string}"},"query-input":{"@type":"PropertyValueSpecification","valueRequired":true,"valueName":"search_term_string"}}],"inLanguage":"es"}]}},"jetpack_sharing_enabled":true,"_links":{"self":[{"href":"https:\/\/ncbeauty.fr\/es\/wp-json\/wp\/v2\/product\/13810","targetHints":{"allow":["GET"]}}],"collection":[{"href":"https:\/\/ncbeauty.fr\/es\/wp-json\/wp\/v2\/product"}],"about":[{"href":"https:\/\/ncbeauty.fr\/es\/wp-json\/wp\/v2\/types\/product"}],"replies":[{"embeddable":true,"href":"https:\/\/ncbeauty.fr\/es\/wp-json\/wp\/v2\/comments?post=13810"}],"wp:featuredmedia":[{"embeddable":true,"href":"https:\/\/ncbeauty.fr\/es\/wp-json\/wp\/v2\/media\/13811"}],"wp:attachment":[{"href":"https:\/\/ncbeauty.fr\/es\/wp-json\/wp\/v2\/media?parent=13810"}],"wp:term":[{"taxonomy":"product_brand","embeddable":true,"href":"https:\/\/ncbeauty.fr\/es\/wp-json\/wp\/v2\/product_brand?post=13810"},{"taxonomy":"product_cat","embeddable":true,"href":"https:\/\/ncbeauty.fr\/es\/wp-json\/wp\/v2\/product_cat?post=13810"},{"taxonomy":"product_tag","embeddable":true,"href":"https:\/\/ncbeauty.fr\/es\/wp-json\/wp\/v2\/product_tag?post=13810"}],"curies":[{"name":"wp","href":"https:\/\/api.w.org\/{rel}","templated":true}]}}