{"id":15831,"date":"2025-09-16T21:34:51","date_gmt":"2025-09-16T21:34:51","guid":{"rendered":"https:\/\/ncbeauty.fr\/?post_type=product&#038;p=15831"},"modified":"2025-10-15T23:40:14","modified_gmt":"2025-10-15T23:40:14","slug":"transformation-fessier-galbe","status":"publish","type":"product","link":"https:\/\/ncbeauty.fr\/es\/produit\/transformation-fessier-galbe\/","title":{"rendered":"Augmente le volume de ton fessier 30 jours \u2013 100% naturel, sans sport, sans chirurgie !"},"content":{"rendered":"","protected":false},"excerpt":{"rendered":"<ul>\n<li aria-level=\"1\">1er R\u00e9sultats visibles en 2 semaines<\/li>\n<li aria-level=\"1\">Cible uniquement le fessier (pas de prise de poids)<\/li>\n<li aria-level=\"1\">Sans produits chimiques<\/li>\n<li aria-level=\"1\">Pas d\u2019effet secondaire<\/li>\n<li aria-level=\"1\">+ 1.000 transformations r\u00e9ussies d\u00e9j\u00e0 valid\u00e9es<\/li>\n<\/ul>\n","protected":false},"featured_media":15841,"comment_status":"open","ping_status":"closed","template":"","meta":{"_monsterinsights_skip_tracking":false,"_monsterinsights_sitenote_active":false,"_monsterinsights_sitenote_note":"","_monsterinsights_sitenote_category":0,"site-sidebar-layout":"default","site-content-layout":"","ast-site-content-layout":"default","site-content-style":"default","site-sidebar-style":"default","ast-global-header-display":"","ast-banner-title-visibility":"","ast-main-header-display":"","ast-hfb-above-header-display":"","ast-hfb-below-header-display":"","ast-hfb-mobile-header-display":"","site-post-title":"","ast-breadcrumbs-content":"","ast-featured-img":"","footer-sml-layout":"","theme-transparent-header-meta":"default","adv-header-id-meta":"","stick-header-meta":"","header-above-stick-meta":"","header-main-stick-meta":"","header-below-stick-meta":"","astra-migrate-meta-layouts":"set","ast-page-background-enabled":"default","ast-page-background-meta":{"desktop":{"background-color":"var(--ast-global-color-4)","background-image":"","background-repeat":"repeat","background-position":"center center","background-size":"auto","background-attachment":"scroll","background-type":"","background-media":"","overlay-type":"","overlay-color":"","overlay-opacity":"","overlay-gradient":""},"tablet":{"background-color":"","background-image":"","background-repeat":"repeat","background-position":"center center","background-size":"auto","background-attachment":"scroll","background-type":"","background-media":"","overlay-type":"","overlay-color":"","overlay-opacity":"","overlay-gradient":""},"mobile":{"background-color":"","background-image":"","background-repeat":"repeat","background-position":"center center","background-size":"auto","background-attachment":"scroll","background-type":"","background-media":"","overlay-type":"","overlay-color":"","overlay-opacity":"","overlay-gradient":""}},"ast-content-background-meta":{"desktop":{"background-color":"var(--ast-global-color-5)","background-image":"","background-repeat":"repeat","background-position":"center center","background-size":"auto","background-attachment":"scroll","background-type":"","background-media":"","overlay-type":"","overlay-color":"","overlay-opacity":"","overlay-gradient":""},"tablet":{"background-color":"var(--ast-global-color-5)","background-image":"","background-repeat":"repeat","background-position":"center center","background-size":"auto","background-attachment":"scroll","background-type":"","background-media":"","overlay-type":"","overlay-color":"","overlay-opacity":"","overlay-gradient":""},"mobile":{"background-color":"var(--ast-global-color-5)","background-image":"","background-repeat":"repeat","background-position":"center center","background-size":"auto","background-attachment":"scroll","background-type":"","background-media":"","overlay-type":"","overlay-color":"","overlay-opacity":"","overlay-gradient":""}},"_joinchat":[]},"product_brand":[],"product_cat":[22],"product_tag":[285],"class_list":{"0":"post-15831","1":"product","2":"type-product","3":"status-publish","4":"has-post-thumbnail","6":"product_cat-non-classe","7":"product_tag-fessier-galbe","8":"desktop-align-left","9":"tablet-align-left","10":"mobile-align-left","11":"tm-has-options","13":"first","14":"instock","15":"taxable","16":"shipping-taxable","17":"purchasable","18":"product-type-simple"},"bundled_by":[],"bundle_stock_status":"instock","bundle_stock_quantity":null,"bundle_virtual":false,"bundle_layout":"","bundle_add_to_cart_form_location":"","bundle_editable_in_cart":false,"bundle_sold_individually_context":"","bundle_item_grouping":"","bundle_min_size":"","bundle_max_size":"","bundle_price":[],"bundled_items":[],"bundle_sell_ids":[],"aioseo_notices":[],"yoast_head":"\n<title>Augmente le volume de ton fessier 30 jours \u2013 100% naturel, sans sport, sans chirurgie ! - NC BEAUTY<\/title>\n<meta name=\"robots\" content=\"index, follow, max-snippet:-1, max-image-preview:large, max-video-preview:-1\" \/>\n<link rel=\"canonical\" href=\"https:\/\/ncbeauty.fr\/produit\/transformation-fessier-galbe\/\" \/>\n<meta property=\"og:locale\" content=\"es_ES\" \/>\n<meta property=\"og:type\" content=\"article\" \/>\n<meta property=\"og:title\" content=\"Augmente le volume de ton fessier 30 jours \u2013 100% naturel, sans sport, sans chirurgie ! - NC BEAUTY\" \/>\n<meta property=\"og:description\" content=\"1er R\u00e9sultats visibles en 2 semaines  Cible uniquement le fessier (pas de prise de poids)  Sans produits chimiques  Pas d\u2019effet secondaire  + 1.000 transformations r\u00e9ussies d\u00e9j\u00e0 valid\u00e9es\" \/>\n<meta property=\"og:url\" content=\"https:\/\/ncbeauty.fr\/produit\/transformation-fessier-galbe\/\" \/>\n<meta property=\"og:site_name\" content=\"NC BEAUTY\" \/>\n<meta property=\"article:modified_time\" content=\"2025-10-15T23:40:14+00:00\" \/>\n<meta property=\"og:image\" content=\"https:\/\/ncbeauty.fr\/choaweex\/2025\/09\/1.webp\" \/>\n\t<meta property=\"og:image:width\" content=\"2025\" \/>\n\t<meta property=\"og:image:height\" content=\"2025\" \/>\n\t<meta property=\"og:image:type\" content=\"image\/webp\" \/>\n<meta name=\"twitter:card\" content=\"summary_large_image\" \/>\n<meta name=\"twitter:label1\" content=\"Tiempo de lectura\" \/>\n\t<meta name=\"twitter:data1\" content=\"1 minuto\" \/>\n<script type=\"application\/ld+json\" class=\"yoast-schema-graph\">{\"@context\":\"https:\/\/schema.org\",\"@graph\":[{\"@type\":\"WebPage\",\"@id\":\"https:\/\/ncbeauty.fr\/produit\/transformation-fessier-galbe\/\",\"url\":\"https:\/\/ncbeauty.fr\/produit\/transformation-fessier-galbe\/\",\"name\":\"Augmente le volume de ton fessier 30 jours \u2013 100% naturel, sans sport, sans chirurgie ! - NC BEAUTY\",\"isPartOf\":{\"@id\":\"https:\/\/ncbeauty.fr\/#website\"},\"primaryImageOfPage\":{\"@id\":\"https:\/\/ncbeauty.fr\/produit\/transformation-fessier-galbe\/#primaryimage\"},\"image\":{\"@id\":\"https:\/\/ncbeauty.fr\/produit\/transformation-fessier-galbe\/#primaryimage\"},\"thumbnailUrl\":\"https:\/\/ncbeauty.fr\/choaweex\/2025\/09\/1.webp\",\"datePublished\":\"2025-09-16T21:34:51+00:00\",\"dateModified\":\"2025-10-15T23:40:14+00:00\",\"breadcrumb\":{\"@id\":\"https:\/\/ncbeauty.fr\/produit\/transformation-fessier-galbe\/#breadcrumb\"},\"inLanguage\":\"es\",\"potentialAction\":[{\"@type\":\"ReadAction\",\"target\":[\"https:\/\/ncbeauty.fr\/produit\/transformation-fessier-galbe\/\"]}]},{\"@type\":\"ImageObject\",\"inLanguage\":\"es\",\"@id\":\"https:\/\/ncbeauty.fr\/produit\/transformation-fessier-galbe\/#primaryimage\",\"url\":\"https:\/\/ncbeauty.fr\/choaweex\/2025\/09\/1.webp\",\"contentUrl\":\"https:\/\/ncbeauty.fr\/choaweex\/2025\/09\/1.webp\",\"width\":2025,\"height\":2025},{\"@type\":\"BreadcrumbList\",\"@id\":\"https:\/\/ncbeauty.fr\/produit\/transformation-fessier-galbe\/#breadcrumb\",\"itemListElement\":[{\"@type\":\"ListItem\",\"position\":1,\"name\":\"Accueil\",\"item\":\"https:\/\/ncbeauty.fr\/\"},{\"@type\":\"ListItem\",\"position\":2,\"name\":\"Tienda\",\"item\":\"https:\/\/ncbeauty.fr\/boutique\/\"},{\"@type\":\"ListItem\",\"position\":3,\"name\":\"Augmente le volume de ton fessier 30 jours \u2013 100% naturel, sans sport, sans chirurgie !\"}]},{\"@type\":\"WebSite\",\"@id\":\"https:\/\/ncbeauty.fr\/#website\",\"url\":\"https:\/\/ncbeauty.fr\/\",\"name\":\"NC BEAUTY\",\"description\":\"NC BEAUTY\",\"potentialAction\":[{\"@type\":\"SearchAction\",\"target\":{\"@type\":\"EntryPoint\",\"urlTemplate\":\"https:\/\/ncbeauty.fr\/?s={search_term_string}\"},\"query-input\":{\"@type\":\"PropertyValueSpecification\",\"valueRequired\":true,\"valueName\":\"search_term_string\"}}],\"inLanguage\":\"es\"}]}<\/script>\n","yoast_head_json":{"title":"Augmente le volume de ton fessier 30 jours \u2013 100% naturel, sans sport, sans chirurgie ! - NC BEAUTY","robots":{"index":"index","follow":"follow","max-snippet":"max-snippet:-1","max-image-preview":"max-image-preview:large","max-video-preview":"max-video-preview:-1"},"canonical":"https:\/\/ncbeauty.fr\/produit\/transformation-fessier-galbe\/","og_locale":"es_ES","og_type":"article","og_title":"Augmente le volume de ton fessier 30 jours \u2013 100% naturel, sans sport, sans chirurgie ! - NC BEAUTY","og_description":"1er R\u00e9sultats visibles en 2 semaines  Cible uniquement le fessier (pas de prise de poids)  Sans produits chimiques  Pas d\u2019effet secondaire  + 1.000 transformations r\u00e9ussies d\u00e9j\u00e0 valid\u00e9es","og_url":"https:\/\/ncbeauty.fr\/produit\/transformation-fessier-galbe\/","og_site_name":"NC BEAUTY","article_modified_time":"2025-10-15T23:40:14+00:00","og_image":[{"width":2025,"height":2025,"url":"https:\/\/ncbeauty.fr\/choaweex\/2025\/09\/1.webp","type":"image\/webp"}],"twitter_card":"summary_large_image","twitter_misc":{"Tiempo de lectura":"1 minuto"},"schema":{"@context":"https:\/\/schema.org","@graph":[{"@type":"WebPage","@id":"https:\/\/ncbeauty.fr\/produit\/transformation-fessier-galbe\/","url":"https:\/\/ncbeauty.fr\/produit\/transformation-fessier-galbe\/","name":"Augmente le volume de ton fessier 30 jours \u2013 100% naturel, sans sport, sans chirurgie ! - NC BEAUTY","isPartOf":{"@id":"https:\/\/ncbeauty.fr\/#website"},"primaryImageOfPage":{"@id":"https:\/\/ncbeauty.fr\/produit\/transformation-fessier-galbe\/#primaryimage"},"image":{"@id":"https:\/\/ncbeauty.fr\/produit\/transformation-fessier-galbe\/#primaryimage"},"thumbnailUrl":"https:\/\/ncbeauty.fr\/choaweex\/2025\/09\/1.webp","datePublished":"2025-09-16T21:34:51+00:00","dateModified":"2025-10-15T23:40:14+00:00","breadcrumb":{"@id":"https:\/\/ncbeauty.fr\/produit\/transformation-fessier-galbe\/#breadcrumb"},"inLanguage":"es","potentialAction":[{"@type":"ReadAction","target":["https:\/\/ncbeauty.fr\/produit\/transformation-fessier-galbe\/"]}]},{"@type":"ImageObject","inLanguage":"es","@id":"https:\/\/ncbeauty.fr\/produit\/transformation-fessier-galbe\/#primaryimage","url":"https:\/\/ncbeauty.fr\/choaweex\/2025\/09\/1.webp","contentUrl":"https:\/\/ncbeauty.fr\/choaweex\/2025\/09\/1.webp","width":2025,"height":2025},{"@type":"BreadcrumbList","@id":"https:\/\/ncbeauty.fr\/produit\/transformation-fessier-galbe\/#breadcrumb","itemListElement":[{"@type":"ListItem","position":1,"name":"Accueil","item":"https:\/\/ncbeauty.fr\/"},{"@type":"ListItem","position":2,"name":"Tienda","item":"https:\/\/ncbeauty.fr\/boutique\/"},{"@type":"ListItem","position":3,"name":"Augmente le volume de ton fessier 30 jours \u2013 100% naturel, sans sport, sans chirurgie !"}]},{"@type":"WebSite","@id":"https:\/\/ncbeauty.fr\/#website","url":"https:\/\/ncbeauty.fr\/","name":"NC BEAUTY","description":"NC BEAUTY","potentialAction":[{"@type":"SearchAction","target":{"@type":"EntryPoint","urlTemplate":"https:\/\/ncbeauty.fr\/?s={search_term_string}"},"query-input":{"@type":"PropertyValueSpecification","valueRequired":true,"valueName":"search_term_string"}}],"inLanguage":"es"}]}},"jetpack_sharing_enabled":true,"_links":{"self":[{"href":"https:\/\/ncbeauty.fr\/es\/wp-json\/wp\/v2\/product\/15831","targetHints":{"allow":["GET"]}}],"collection":[{"href":"https:\/\/ncbeauty.fr\/es\/wp-json\/wp\/v2\/product"}],"about":[{"href":"https:\/\/ncbeauty.fr\/es\/wp-json\/wp\/v2\/types\/product"}],"replies":[{"embeddable":true,"href":"https:\/\/ncbeauty.fr\/es\/wp-json\/wp\/v2\/comments?post=15831"}],"wp:featuredmedia":[{"embeddable":true,"href":"https:\/\/ncbeauty.fr\/es\/wp-json\/wp\/v2\/media\/15841"}],"wp:attachment":[{"href":"https:\/\/ncbeauty.fr\/es\/wp-json\/wp\/v2\/media?parent=15831"}],"wp:term":[{"taxonomy":"product_brand","embeddable":true,"href":"https:\/\/ncbeauty.fr\/es\/wp-json\/wp\/v2\/product_brand?post=15831"},{"taxonomy":"product_cat","embeddable":true,"href":"https:\/\/ncbeauty.fr\/es\/wp-json\/wp\/v2\/product_cat?post=15831"},{"taxonomy":"product_tag","embeddable":true,"href":"https:\/\/ncbeauty.fr\/es\/wp-json\/wp\/v2\/product_tag?post=15831"}],"curies":[{"name":"wp","href":"https:\/\/api.w.org\/{rel}","templated":true}]}}