{"id":1601,"date":"2023-10-26T23:11:31","date_gmt":"2023-10-26T23:11:31","guid":{"rendered":"https:\/\/ncbeauty.fr\/?post_type=product&#038;p=1601"},"modified":"2026-03-26T10:31:15","modified_gmt":"2026-03-26T10:31:15","slug":"suppositoire-rondeur","status":"publish","type":"product","link":"https:\/\/ncbeauty.fr\/es\/produit\/suppositoire-rondeur\/","title":{"rendered":"SUPPOSITOIRE DOSS\u00c9"},"content":{"rendered":"<div class=\"row\" style=\"text-align: center\"><span style=\"font-size: 16px\">Nous conseillons une cure de 3 mois minimum pour un r\u00e9sultat durable, selon votre corps.<\/span><\/div>\n<div class=\"row\">\n<div class=\"col-sm-4 wow fadeInUp\" data-wow-delay=\"0.2s\">\n<p style=\"text-align: center\">Cette bo\u00eete contient 20 suppositoires,<br \/>\nune cure de 10 jour<\/p>\n<p style=\"text-align: center\"><strong>Conseil d&#8217;utilisation :<\/strong><\/p>\n<p style=\"text-align: center\">\u00c0 mettre 2 SUPPOSITOIRE tous les soirs pendant 10 jours.<br \/>\n<strong>Attention :<\/strong> ne pas mettre dans la p\u00e9riode du cycle menstruel et d\u00e9conseill\u00e9 aux femmes enceintes.<br \/>\nD\u00e9conseill\u00e9 pendant les p\u00e9riodes d&#8217;h\u00e9morro\u00efdes.<\/p>\n<\/div>\n<\/div>\n","protected":false},"excerpt":{"rendered":"<p>Entrez dans l&#8217;univers enchanteur des Suppositoires Rondeur, artisans de la silhouette gracieuse et des courbes harmonieuses. Compos\u00e9s d&#8217;une alchimie v\u00e9g\u00e9tale pure, fenugrec, cire d&#8217;abeilles et cola maca exhalent leurs bienfaits naturels. Sculptant d\u00e9licatement vos hanches et fessiers, ils offrent g\u00e9n\u00e9reusement volume et galbe, r\u00e9v\u00e9lant la beaut\u00e9 authentique de votre \u00eatre. Laissez-vous enlacer par cette harmonieuse symphonie de la nature, o\u00f9 la douceur des plantes orientales sublime votre \u00e9l\u00e9gance naturelle.<\/p>\n","protected":false},"featured_media":5763,"comment_status":"open","ping_status":"closed","template":"","meta":{"_monsterinsights_skip_tracking":false,"_monsterinsights_sitenote_active":false,"_monsterinsights_sitenote_note":"","_monsterinsights_sitenote_category":0,"site-sidebar-layout":"default","site-content-layout":"","ast-site-content-layout":"default","site-content-style":"default","site-sidebar-style":"default","ast-global-header-display":"","ast-banner-title-visibility":"","ast-main-header-display":"","ast-hfb-above-header-display":"","ast-hfb-below-header-display":"","ast-hfb-mobile-header-display":"","site-post-title":"","ast-breadcrumbs-content":"","ast-featured-img":"","footer-sml-layout":"","theme-transparent-header-meta":"default","adv-header-id-meta":"","stick-header-meta":"","header-above-stick-meta":"","header-main-stick-meta":"","header-below-stick-meta":"","astra-migrate-meta-layouts":"set","ast-page-background-enabled":"default","ast-page-background-meta":{"desktop":{"background-color":"var(--ast-global-color-4)","background-image":"","background-repeat":"repeat","background-position":"center center","background-size":"auto","background-attachment":"scroll","background-type":"","background-media":"","overlay-type":"","overlay-color":"","overlay-opacity":"","overlay-gradient":""},"tablet":{"background-color":"","background-image":"","background-repeat":"repeat","background-position":"center center","background-size":"auto","background-attachment":"scroll","background-type":"","background-media":"","overlay-type":"","overlay-color":"","overlay-opacity":"","overlay-gradient":""},"mobile":{"background-color":"","background-image":"","background-repeat":"repeat","background-position":"center center","background-size":"auto","background-attachment":"scroll","background-type":"","background-media":"","overlay-type":"","overlay-color":"","overlay-opacity":"","overlay-gradient":""}},"ast-content-background-meta":{"desktop":{"background-color":"var(--ast-global-color-5)","background-image":"","background-repeat":"repeat","background-position":"center center","background-size":"auto","background-attachment":"scroll","background-type":"","background-media":"","overlay-type":"","overlay-color":"","overlay-opacity":"","overlay-gradient":""},"tablet":{"background-color":"var(--ast-global-color-5)","background-image":"","background-repeat":"repeat","background-position":"center center","background-size":"auto","background-attachment":"scroll","background-type":"","background-media":"","overlay-type":"","overlay-color":"","overlay-opacity":"","overlay-gradient":""},"mobile":{"background-color":"var(--ast-global-color-5)","background-image":"","background-repeat":"repeat","background-position":"center center","background-size":"auto","background-attachment":"scroll","background-type":"","background-media":"","overlay-type":"","overlay-color":"","overlay-opacity":"","overlay-gradient":""}},"_joinchat":[]},"product_brand":[],"product_cat":[25],"product_tag":[],"class_list":{"0":"post-1601","1":"product","2":"type-product","3":"status-publish","4":"has-post-thumbnail","6":"product_cat-nos-produits-rondeur","7":"desktop-align-left","8":"tablet-align-left","9":"mobile-align-left","10":"tm-has-options","12":"first","13":"instock","14":"featured","15":"taxable","16":"shipping-taxable","17":"purchasable","18":"product-type-simple"},"bundled_by":["1934"],"bundle_stock_status":"instock","bundle_stock_quantity":15,"bundle_virtual":false,"bundle_layout":"","bundle_add_to_cart_form_location":"","bundle_editable_in_cart":false,"bundle_sold_individually_context":"","bundle_item_grouping":"","bundle_min_size":"","bundle_max_size":"","bundle_price":[],"bundled_items":[],"bundle_sell_ids":[],"aioseo_notices":[],"yoast_head":"\n<title>SUPPOSITOIRE DOSS\u00c9 - NC BEAUTY<\/title>\n<meta name=\"robots\" content=\"index, follow, max-snippet:-1, max-image-preview:large, max-video-preview:-1\" \/>\n<link rel=\"canonical\" href=\"https:\/\/ncbeauty.fr\/produit\/suppositoire-rondeur\/\" \/>\n<meta property=\"og:locale\" content=\"es_ES\" \/>\n<meta property=\"og:type\" content=\"article\" \/>\n<meta property=\"og:title\" content=\"SUPPOSITOIRE DOSS\u00c9 - NC BEAUTY\" \/>\n<meta property=\"og:description\" content=\"Entrez dans l&#039;univers enchanteur des Suppositoires Rondeur, artisans de la silhouette gracieuse et des courbes harmonieuses. Compos\u00e9s d&#039;une alchimie v\u00e9g\u00e9tale pure, fenugrec, cire d&#039;abeilles et cola maca exhalent leurs bienfaits naturels. Sculptant d\u00e9licatement vos hanches et fessiers, ils offrent g\u00e9n\u00e9reusement volume et galbe, r\u00e9v\u00e9lant la beaut\u00e9 authentique de votre \u00eatre. Laissez-vous enlacer par cette harmonieuse symphonie de la nature, o\u00f9 la douceur des plantes orientales sublime votre \u00e9l\u00e9gance naturelle.\" \/>\n<meta property=\"og:url\" content=\"https:\/\/ncbeauty.fr\/produit\/suppositoire-rondeur\/\" \/>\n<meta property=\"og:site_name\" content=\"NC BEAUTY\" \/>\n<meta property=\"article:modified_time\" content=\"2026-03-26T10:31:15+00:00\" \/>\n<meta property=\"og:image\" content=\"https:\/\/ncbeauty.fr\/choaweex\/2023\/10\/Photoroom-20240724_014702.png\" \/>\n\t<meta property=\"og:image:width\" content=\"1600\" \/>\n\t<meta property=\"og:image:height\" content=\"1600\" \/>\n\t<meta property=\"og:image:type\" content=\"image\/png\" \/>\n<meta name=\"twitter:card\" content=\"summary_large_image\" \/>\n<meta name=\"twitter:label1\" content=\"Tiempo de lectura\" \/>\n\t<meta name=\"twitter:data1\" content=\"1 minuto\" \/>\n<script type=\"application\/ld+json\" class=\"yoast-schema-graph\">{\"@context\":\"https:\/\/schema.org\",\"@graph\":[{\"@type\":\"WebPage\",\"@id\":\"https:\/\/ncbeauty.fr\/produit\/suppositoire-rondeur\/\",\"url\":\"https:\/\/ncbeauty.fr\/produit\/suppositoire-rondeur\/\",\"name\":\"SUPPOSITOIRE DOSS\u00c9 - NC BEAUTY\",\"isPartOf\":{\"@id\":\"https:\/\/ncbeauty.fr\/#website\"},\"primaryImageOfPage\":{\"@id\":\"https:\/\/ncbeauty.fr\/produit\/suppositoire-rondeur\/#primaryimage\"},\"image\":{\"@id\":\"https:\/\/ncbeauty.fr\/produit\/suppositoire-rondeur\/#primaryimage\"},\"thumbnailUrl\":\"https:\/\/ncbeauty.fr\/choaweex\/2023\/10\/Photoroom-20240724_014702.png\",\"datePublished\":\"2023-10-26T23:11:31+00:00\",\"dateModified\":\"2026-03-26T10:31:15+00:00\",\"breadcrumb\":{\"@id\":\"https:\/\/ncbeauty.fr\/produit\/suppositoire-rondeur\/#breadcrumb\"},\"inLanguage\":\"es\",\"potentialAction\":[{\"@type\":\"ReadAction\",\"target\":[\"https:\/\/ncbeauty.fr\/produit\/suppositoire-rondeur\/\"]}]},{\"@type\":\"ImageObject\",\"inLanguage\":\"es\",\"@id\":\"https:\/\/ncbeauty.fr\/produit\/suppositoire-rondeur\/#primaryimage\",\"url\":\"https:\/\/ncbeauty.fr\/choaweex\/2023\/10\/Photoroom-20240724_014702.png\",\"contentUrl\":\"https:\/\/ncbeauty.fr\/choaweex\/2023\/10\/Photoroom-20240724_014702.png\",\"width\":1600,\"height\":1600},{\"@type\":\"BreadcrumbList\",\"@id\":\"https:\/\/ncbeauty.fr\/produit\/suppositoire-rondeur\/#breadcrumb\",\"itemListElement\":[{\"@type\":\"ListItem\",\"position\":1,\"name\":\"Accueil\",\"item\":\"https:\/\/ncbeauty.fr\/\"},{\"@type\":\"ListItem\",\"position\":2,\"name\":\"Tienda\",\"item\":\"https:\/\/ncbeauty.fr\/boutique\/\"},{\"@type\":\"ListItem\",\"position\":3,\"name\":\"SUPPOSITOIRE DOSS\u00c9\"}]},{\"@type\":\"WebSite\",\"@id\":\"https:\/\/ncbeauty.fr\/#website\",\"url\":\"https:\/\/ncbeauty.fr\/\",\"name\":\"NC BEAUTY\",\"description\":\"NC BEAUTY\",\"potentialAction\":[{\"@type\":\"SearchAction\",\"target\":{\"@type\":\"EntryPoint\",\"urlTemplate\":\"https:\/\/ncbeauty.fr\/?s={search_term_string}\"},\"query-input\":{\"@type\":\"PropertyValueSpecification\",\"valueRequired\":true,\"valueName\":\"search_term_string\"}}],\"inLanguage\":\"es\"}]}<\/script>\n","yoast_head_json":{"title":"SUPPOSITOIRE DOSS\u00c9 - NC BEAUTY","robots":{"index":"index","follow":"follow","max-snippet":"max-snippet:-1","max-image-preview":"max-image-preview:large","max-video-preview":"max-video-preview:-1"},"canonical":"https:\/\/ncbeauty.fr\/produit\/suppositoire-rondeur\/","og_locale":"es_ES","og_type":"article","og_title":"SUPPOSITOIRE DOSS\u00c9 - NC BEAUTY","og_description":"Entrez dans l'univers enchanteur des Suppositoires Rondeur, artisans de la silhouette gracieuse et des courbes harmonieuses. Compos\u00e9s d'une alchimie v\u00e9g\u00e9tale pure, fenugrec, cire d'abeilles et cola maca exhalent leurs bienfaits naturels. Sculptant d\u00e9licatement vos hanches et fessiers, ils offrent g\u00e9n\u00e9reusement volume et galbe, r\u00e9v\u00e9lant la beaut\u00e9 authentique de votre \u00eatre. Laissez-vous enlacer par cette harmonieuse symphonie de la nature, o\u00f9 la douceur des plantes orientales sublime votre \u00e9l\u00e9gance naturelle.","og_url":"https:\/\/ncbeauty.fr\/produit\/suppositoire-rondeur\/","og_site_name":"NC BEAUTY","article_modified_time":"2026-03-26T10:31:15+00:00","og_image":[{"width":1600,"height":1600,"url":"https:\/\/ncbeauty.fr\/choaweex\/2023\/10\/Photoroom-20240724_014702.png","type":"image\/png"}],"twitter_card":"summary_large_image","twitter_misc":{"Tiempo de lectura":"1 minuto"},"schema":{"@context":"https:\/\/schema.org","@graph":[{"@type":"WebPage","@id":"https:\/\/ncbeauty.fr\/produit\/suppositoire-rondeur\/","url":"https:\/\/ncbeauty.fr\/produit\/suppositoire-rondeur\/","name":"SUPPOSITOIRE DOSS\u00c9 - NC BEAUTY","isPartOf":{"@id":"https:\/\/ncbeauty.fr\/#website"},"primaryImageOfPage":{"@id":"https:\/\/ncbeauty.fr\/produit\/suppositoire-rondeur\/#primaryimage"},"image":{"@id":"https:\/\/ncbeauty.fr\/produit\/suppositoire-rondeur\/#primaryimage"},"thumbnailUrl":"https:\/\/ncbeauty.fr\/choaweex\/2023\/10\/Photoroom-20240724_014702.png","datePublished":"2023-10-26T23:11:31+00:00","dateModified":"2026-03-26T10:31:15+00:00","breadcrumb":{"@id":"https:\/\/ncbeauty.fr\/produit\/suppositoire-rondeur\/#breadcrumb"},"inLanguage":"es","potentialAction":[{"@type":"ReadAction","target":["https:\/\/ncbeauty.fr\/produit\/suppositoire-rondeur\/"]}]},{"@type":"ImageObject","inLanguage":"es","@id":"https:\/\/ncbeauty.fr\/produit\/suppositoire-rondeur\/#primaryimage","url":"https:\/\/ncbeauty.fr\/choaweex\/2023\/10\/Photoroom-20240724_014702.png","contentUrl":"https:\/\/ncbeauty.fr\/choaweex\/2023\/10\/Photoroom-20240724_014702.png","width":1600,"height":1600},{"@type":"BreadcrumbList","@id":"https:\/\/ncbeauty.fr\/produit\/suppositoire-rondeur\/#breadcrumb","itemListElement":[{"@type":"ListItem","position":1,"name":"Accueil","item":"https:\/\/ncbeauty.fr\/"},{"@type":"ListItem","position":2,"name":"Tienda","item":"https:\/\/ncbeauty.fr\/boutique\/"},{"@type":"ListItem","position":3,"name":"SUPPOSITOIRE DOSS\u00c9"}]},{"@type":"WebSite","@id":"https:\/\/ncbeauty.fr\/#website","url":"https:\/\/ncbeauty.fr\/","name":"NC BEAUTY","description":"NC BEAUTY","potentialAction":[{"@type":"SearchAction","target":{"@type":"EntryPoint","urlTemplate":"https:\/\/ncbeauty.fr\/?s={search_term_string}"},"query-input":{"@type":"PropertyValueSpecification","valueRequired":true,"valueName":"search_term_string"}}],"inLanguage":"es"}]}},"jetpack_sharing_enabled":true,"_links":{"self":[{"href":"https:\/\/ncbeauty.fr\/es\/wp-json\/wp\/v2\/product\/1601","targetHints":{"allow":["GET"]}}],"collection":[{"href":"https:\/\/ncbeauty.fr\/es\/wp-json\/wp\/v2\/product"}],"about":[{"href":"https:\/\/ncbeauty.fr\/es\/wp-json\/wp\/v2\/types\/product"}],"replies":[{"embeddable":true,"href":"https:\/\/ncbeauty.fr\/es\/wp-json\/wp\/v2\/comments?post=1601"}],"wp:featuredmedia":[{"embeddable":true,"href":"https:\/\/ncbeauty.fr\/es\/wp-json\/wp\/v2\/media\/5763"}],"wp:attachment":[{"href":"https:\/\/ncbeauty.fr\/es\/wp-json\/wp\/v2\/media?parent=1601"}],"wp:term":[{"taxonomy":"product_brand","embeddable":true,"href":"https:\/\/ncbeauty.fr\/es\/wp-json\/wp\/v2\/product_brand?post=1601"},{"taxonomy":"product_cat","embeddable":true,"href":"https:\/\/ncbeauty.fr\/es\/wp-json\/wp\/v2\/product_cat?post=1601"},{"taxonomy":"product_tag","embeddable":true,"href":"https:\/\/ncbeauty.fr\/es\/wp-json\/wp\/v2\/product_tag?post=1601"}],"curies":[{"name":"wp","href":"https:\/\/api.w.org\/{rel}","templated":true}]}}