{"id":1605,"date":"2023-10-27T00:22:16","date_gmt":"2023-10-27T00:22:16","guid":{"rendered":"https:\/\/ncbeauty.fr\/?post_type=product&#038;p=1605"},"modified":"2026-03-28T00:12:01","modified_gmt":"2026-03-28T00:12:01","slug":"gummies-bbl","status":"publish","type":"product","link":"https:\/\/ncbeauty.fr\/es\/produit\/gummies-bbl\/","title":{"rendered":"kit  BBL"},"content":{"rendered":"<p style=\"text-align: center\">Ce sont des compl\u00e9ments alimentaires qui permettent de prendre du volume au niveau des fesses uniquement.<\/p>\n<p style=\"text-align: center\">Ce combo agit uniquement sur les fesses.<br \/>\nLes fesses deviennent plus larges et grosses.<\/p>\n<p style=\"text-align: center\"><em><strong>Pour un bon r\u00e9sultat, nous conseillons de faire une cure de 4 mois voir plus.<\/strong><\/em><\/p>\n<p style=\"text-align: center\">Ingr\u00e9dient : Extrait de Maca \u00a0, Kigellia , extrait de fruit de palmier, graines d\u2019anis etc\u2026.<\/p>\n<p style=\"text-align: center\"><strong>EFFETS :<\/strong> Augmente, \u00e9largis, raffermis les fesses<\/p>\n<p style=\"text-align: center\"><strong>Mode d\u2019emploi :<\/strong> Prendre 2 gummies de chaque par jours.<\/p>\n<p style=\"text-align: center\">Ne pas d\u00e9passer la dose prescrite.<\/p>\n","protected":false},"excerpt":{"rendered":"<p>Une fusion d&#8217;innovations con\u00e7ue pour vous aider \u00e0 atteindre vos objectifs de fa\u00e7on optimale. Combinant deux bo\u00eetes de gummies exceptionnels, notre cocktail offre une exp\u00e9rience unique. <strong>Les gummies BBL Effet Orangina vous raviront avec leur saveur exquise, tandis que les gummies BUTT sculpteront et galberont vos fesses pour leur offrir une silhouette d\u00e9sirable.<\/strong> Enrichi en <strong>extraits naturels de plantes<\/strong>, notre produit est s\u00fbr et sans hormones, <strong>agissant efficacement contre l&#8217;affaissement et les fesses plates<\/strong>, tout en leur redonnant vitalit\u00e9 et pl\u00e9nitude. Offrez \u00e0 vos fesses une transformation spectaculaire, avec un effet anti-rides et raffermissant remarquable.<\/p>\n","protected":false},"featured_media":5715,"comment_status":"open","ping_status":"closed","template":"","meta":{"_monsterinsights_skip_tracking":false,"_monsterinsights_sitenote_active":false,"_monsterinsights_sitenote_note":"","_monsterinsights_sitenote_category":0,"site-sidebar-layout":"default","site-content-layout":"","ast-site-content-layout":"default","site-content-style":"default","site-sidebar-style":"default","ast-global-header-display":"","ast-banner-title-visibility":"","ast-main-header-display":"","ast-hfb-above-header-display":"","ast-hfb-below-header-display":"","ast-hfb-mobile-header-display":"","site-post-title":"","ast-breadcrumbs-content":"","ast-featured-img":"","footer-sml-layout":"","theme-transparent-header-meta":"default","adv-header-id-meta":"","stick-header-meta":"","header-above-stick-meta":"","header-main-stick-meta":"","header-below-stick-meta":"","astra-migrate-meta-layouts":"set","ast-page-background-enabled":"default","ast-page-background-meta":{"desktop":{"background-color":"var(--ast-global-color-4)","background-image":"","background-repeat":"repeat","background-position":"center center","background-size":"auto","background-attachment":"scroll","background-type":"","background-media":"","overlay-type":"","overlay-color":"","overlay-opacity":"","overlay-gradient":""},"tablet":{"background-color":"","background-image":"","background-repeat":"repeat","background-position":"center center","background-size":"auto","background-attachment":"scroll","background-type":"","background-media":"","overlay-type":"","overlay-color":"","overlay-opacity":"","overlay-gradient":""},"mobile":{"background-color":"","background-image":"","background-repeat":"repeat","background-position":"center center","background-size":"auto","background-attachment":"scroll","background-type":"","background-media":"","overlay-type":"","overlay-color":"","overlay-opacity":"","overlay-gradient":""}},"ast-content-background-meta":{"desktop":{"background-color":"var(--ast-global-color-5)","background-image":"","background-repeat":"repeat","background-position":"center center","background-size":"auto","background-attachment":"scroll","background-type":"","background-media":"","overlay-type":"","overlay-color":"","overlay-opacity":"","overlay-gradient":""},"tablet":{"background-color":"var(--ast-global-color-5)","background-image":"","background-repeat":"repeat","background-position":"center center","background-size":"auto","background-attachment":"scroll","background-type":"","background-media":"","overlay-type":"","overlay-color":"","overlay-opacity":"","overlay-gradient":""},"mobile":{"background-color":"var(--ast-global-color-5)","background-image":"","background-repeat":"repeat","background-position":"center center","background-size":"auto","background-attachment":"scroll","background-type":"","background-media":"","overlay-type":"","overlay-color":"","overlay-opacity":"","overlay-gradient":""}},"_joinchat":[]},"product_brand":[],"product_cat":[36,25],"product_tag":[99],"class_list":{"0":"post-1605","1":"product","2":"type-product","3":"status-publish","4":"has-post-thumbnail","6":"product_cat-nos-pack","7":"product_cat-nos-produits-rondeur","8":"product_tag-top-rondeurs","9":"desktop-align-left","10":"tablet-align-left","11":"mobile-align-left","12":"tm-has-options","14":"first","15":"instock","16":"featured","17":"taxable","18":"shipping-taxable","19":"purchasable","20":"product-type-bundle"},"bundled_by":[],"bundle_stock_status":"instock","bundle_stock_quantity":24,"bundle_virtual":false,"bundle_layout":"default","bundle_add_to_cart_form_location":"default","bundle_editable_in_cart":false,"bundle_sold_individually_context":"product","bundle_item_grouping":"parent","bundle_min_size":"","bundle_max_size":"","bundle_price":{"price":{"min":{"incl_tax":"70","excl_tax":"70"},"max":{"incl_tax":"70","excl_tax":"70"}},"regular_price":{"min":{"incl_tax":"70","excl_tax":"70"},"max":{"incl_tax":"70","excl_tax":"70"}}},"bundled_items":[{"bundled_item_id":199,"product_id":1610,"menu_order":0,"quantity_min":1,"quantity_max":1,"quantity_default":1,"priced_individually":false,"shipped_individually":false,"override_title":false,"title":"GUMMIES FESSIER BBL","override_description":false,"description":"","optional":false,"hide_thumbnail":false,"discount":"","override_variations":false,"allowed_variations":[],"override_default_variation_attributes":false,"default_variation_attributes":[],"single_product_visibility":"visible","cart_visibility":"visible","order_visibility":"visible","single_product_price_visibility":"visible","cart_price_visibility":"visible","order_price_visibility":"visible","stock_status":"in_stock"},{"bundled_item_id":200,"product_id":12844,"menu_order":1,"quantity_min":1,"quantity_max":1,"quantity_default":1,"priced_individually":false,"shipped_individually":false,"override_title":false,"title":"Gummies BUTTOCKS","override_description":false,"description":"","optional":false,"hide_thumbnail":false,"discount":"","override_variations":false,"allowed_variations":[],"override_default_variation_attributes":false,"default_variation_attributes":[],"single_product_visibility":"visible","cart_visibility":"visible","order_visibility":"visible","single_product_price_visibility":"visible","cart_price_visibility":"visible","order_price_visibility":"visible","stock_status":"in_stock"}],"bundle_sell_ids":[],"aioseo_notices":[],"yoast_head":"\n<title>kit BBL - NC BEAUTY gummies bbl<\/title>\n<meta name=\"description\" content=\"des gummies bbl pour \u00e9largir le basion et travaille les formes ce gummies Bbl est gummies butt et une melange de gut qui vous donne un resulta maximent\" \/>\n<meta name=\"robots\" content=\"index, follow, max-snippet:-1, max-video-preview:-1, noimageindex\" \/>\n<link rel=\"canonical\" href=\"https:\/\/ncbeauty.fr\/produit\/gummies-but\/\" \/>\n<meta property=\"og:locale\" content=\"es_ES\" \/>\n<meta property=\"og:type\" content=\"article\" \/>\n<meta property=\"og:title\" content=\"kit BBL - NC BEAUTY gummies bbl\" \/>\n<meta property=\"og:description\" content=\"des gummies bbl pour \u00e9largir le basion et travaille les formes ce gummies Bbl est gummies butt et une melange de gut qui vous donne un resulta maximent\" \/>\n<meta property=\"og:url\" content=\"https:\/\/ncbeauty.fr\/produit\/gummies-but\/\" \/>\n<meta property=\"og:site_name\" content=\"NC BEAUTY\" \/>\n<meta property=\"article:modified_time\" content=\"2026-03-28T00:12:01+00:00\" \/>\n<meta property=\"og:image\" content=\"https:\/\/ncbeauty.fr\/choaweex\/2024\/08\/Photoroom-20240724_012049.png\" \/>\n\t<meta property=\"og:image:width\" content=\"1600\" \/>\n\t<meta property=\"og:image:height\" content=\"1600\" \/>\n\t<meta property=\"og:image:type\" content=\"image\/png\" \/>\n<meta name=\"twitter:card\" content=\"summary_large_image\" \/>\n<meta name=\"twitter:label1\" content=\"Tiempo de lectura\" \/>\n\t<meta name=\"twitter:data1\" content=\"1 minuto\" \/>\n<script type=\"application\/ld+json\" class=\"yoast-schema-graph\">{\"@context\":\"https:\/\/schema.org\",\"@graph\":[{\"@type\":\"WebPage\",\"@id\":\"https:\/\/ncbeauty.fr\/produit\/gummies-bbl\/\",\"url\":\"https:\/\/ncbeauty.fr\/produit\/gummies-but\/\",\"name\":\"kit BBL - NC BEAUTY gummies bbl\",\"isPartOf\":{\"@id\":\"https:\/\/ncbeauty.fr\/#website\"},\"primaryImageOfPage\":{\"@id\":\"https:\/\/ncbeauty.fr\/produit\/gummies-but\/#primaryimage\"},\"image\":{\"@id\":\"https:\/\/ncbeauty.fr\/produit\/gummies-but\/#primaryimage\"},\"thumbnailUrl\":\"https:\/\/ncbeauty.fr\/choaweex\/2024\/08\/Photoroom-20240724_012049.png\",\"datePublished\":\"2023-10-27T00:22:16+00:00\",\"dateModified\":\"2026-03-28T00:12:01+00:00\",\"description\":\"des gummies bbl pour \u00e9largir le basion et travaille les formes ce gummies Bbl est gummies butt et une melange de gut qui vous donne un resulta maximent\",\"breadcrumb\":{\"@id\":\"https:\/\/ncbeauty.fr\/produit\/gummies-but\/#breadcrumb\"},\"inLanguage\":\"es\",\"potentialAction\":[{\"@type\":\"ReadAction\",\"target\":[\"https:\/\/ncbeauty.fr\/produit\/gummies-but\/\"]}]},{\"@type\":\"ImageObject\",\"inLanguage\":\"es\",\"@id\":\"https:\/\/ncbeauty.fr\/produit\/gummies-but\/#primaryimage\",\"url\":\"https:\/\/ncbeauty.fr\/choaweex\/2024\/08\/Photoroom-20240724_012049.png\",\"contentUrl\":\"https:\/\/ncbeauty.fr\/choaweex\/2024\/08\/Photoroom-20240724_012049.png\",\"width\":1600,\"height\":1600},{\"@type\":\"BreadcrumbList\",\"@id\":\"https:\/\/ncbeauty.fr\/produit\/gummies-but\/#breadcrumb\",\"itemListElement\":[{\"@type\":\"ListItem\",\"position\":1,\"name\":\"Accueil\",\"item\":\"https:\/\/ncbeauty.fr\/\"},{\"@type\":\"ListItem\",\"position\":2,\"name\":\"Tienda\",\"item\":\"https:\/\/ncbeauty.fr\/boutique\/\"},{\"@type\":\"ListItem\",\"position\":3,\"name\":\"Gummies bbl\"}]},{\"@type\":\"WebSite\",\"@id\":\"https:\/\/ncbeauty.fr\/#website\",\"url\":\"https:\/\/ncbeauty.fr\/\",\"name\":\"NC BEAUTY\",\"description\":\"NC BEAUTY\",\"potentialAction\":[{\"@type\":\"SearchAction\",\"target\":{\"@type\":\"EntryPoint\",\"urlTemplate\":\"https:\/\/ncbeauty.fr\/?s={search_term_string}\"},\"query-input\":{\"@type\":\"PropertyValueSpecification\",\"valueRequired\":true,\"valueName\":\"search_term_string\"}}],\"inLanguage\":\"es\"}]}<\/script>\n","yoast_head_json":{"title":"kit BBL - NC BEAUTY gummies bbl","description":"des gummies bbl pour \u00e9largir le basion et travaille les formes ce gummies Bbl est gummies butt et une melange de gut qui vous donne un resulta maximent","robots":{"index":"index","follow":"follow","max-snippet":"max-snippet:-1","max-video-preview":"max-video-preview:-1","imageindex":"noimageindex"},"canonical":"https:\/\/ncbeauty.fr\/produit\/gummies-but\/","og_locale":"es_ES","og_type":"article","og_title":"kit BBL - NC BEAUTY gummies bbl","og_description":"des gummies bbl pour \u00e9largir le basion et travaille les formes ce gummies Bbl est gummies butt et une melange de gut qui vous donne un resulta maximent","og_url":"https:\/\/ncbeauty.fr\/produit\/gummies-but\/","og_site_name":"NC BEAUTY","article_modified_time":"2026-03-28T00:12:01+00:00","og_image":[{"width":1600,"height":1600,"url":"https:\/\/ncbeauty.fr\/choaweex\/2024\/08\/Photoroom-20240724_012049.png","type":"image\/png"}],"twitter_card":"summary_large_image","twitter_misc":{"Tiempo de lectura":"1 minuto"},"schema":{"@context":"https:\/\/schema.org","@graph":[{"@type":"WebPage","@id":"https:\/\/ncbeauty.fr\/produit\/gummies-bbl\/","url":"https:\/\/ncbeauty.fr\/produit\/gummies-but\/","name":"kit BBL - NC BEAUTY gummies bbl","isPartOf":{"@id":"https:\/\/ncbeauty.fr\/#website"},"primaryImageOfPage":{"@id":"https:\/\/ncbeauty.fr\/produit\/gummies-but\/#primaryimage"},"image":{"@id":"https:\/\/ncbeauty.fr\/produit\/gummies-but\/#primaryimage"},"thumbnailUrl":"https:\/\/ncbeauty.fr\/choaweex\/2024\/08\/Photoroom-20240724_012049.png","datePublished":"2023-10-27T00:22:16+00:00","dateModified":"2026-03-28T00:12:01+00:00","description":"des gummies bbl pour \u00e9largir le basion et travaille les formes ce gummies Bbl est gummies butt et une melange de gut qui vous donne un resulta maximent","breadcrumb":{"@id":"https:\/\/ncbeauty.fr\/produit\/gummies-but\/#breadcrumb"},"inLanguage":"es","potentialAction":[{"@type":"ReadAction","target":["https:\/\/ncbeauty.fr\/produit\/gummies-but\/"]}]},{"@type":"ImageObject","inLanguage":"es","@id":"https:\/\/ncbeauty.fr\/produit\/gummies-but\/#primaryimage","url":"https:\/\/ncbeauty.fr\/choaweex\/2024\/08\/Photoroom-20240724_012049.png","contentUrl":"https:\/\/ncbeauty.fr\/choaweex\/2024\/08\/Photoroom-20240724_012049.png","width":1600,"height":1600},{"@type":"BreadcrumbList","@id":"https:\/\/ncbeauty.fr\/produit\/gummies-but\/#breadcrumb","itemListElement":[{"@type":"ListItem","position":1,"name":"Accueil","item":"https:\/\/ncbeauty.fr\/"},{"@type":"ListItem","position":2,"name":"Tienda","item":"https:\/\/ncbeauty.fr\/boutique\/"},{"@type":"ListItem","position":3,"name":"Gummies bbl"}]},{"@type":"WebSite","@id":"https:\/\/ncbeauty.fr\/#website","url":"https:\/\/ncbeauty.fr\/","name":"NC BEAUTY","description":"NC BEAUTY","potentialAction":[{"@type":"SearchAction","target":{"@type":"EntryPoint","urlTemplate":"https:\/\/ncbeauty.fr\/?s={search_term_string}"},"query-input":{"@type":"PropertyValueSpecification","valueRequired":true,"valueName":"search_term_string"}}],"inLanguage":"es"}]}},"jetpack_sharing_enabled":true,"_links":{"self":[{"href":"https:\/\/ncbeauty.fr\/es\/wp-json\/wp\/v2\/product\/1605","targetHints":{"allow":["GET"]}}],"collection":[{"href":"https:\/\/ncbeauty.fr\/es\/wp-json\/wp\/v2\/product"}],"about":[{"href":"https:\/\/ncbeauty.fr\/es\/wp-json\/wp\/v2\/types\/product"}],"replies":[{"embeddable":true,"href":"https:\/\/ncbeauty.fr\/es\/wp-json\/wp\/v2\/comments?post=1605"}],"wp:featuredmedia":[{"embeddable":true,"href":"https:\/\/ncbeauty.fr\/es\/wp-json\/wp\/v2\/media\/5715"}],"wp:attachment":[{"href":"https:\/\/ncbeauty.fr\/es\/wp-json\/wp\/v2\/media?parent=1605"}],"wp:term":[{"taxonomy":"product_brand","embeddable":true,"href":"https:\/\/ncbeauty.fr\/es\/wp-json\/wp\/v2\/product_brand?post=1605"},{"taxonomy":"product_cat","embeddable":true,"href":"https:\/\/ncbeauty.fr\/es\/wp-json\/wp\/v2\/product_cat?post=1605"},{"taxonomy":"product_tag","embeddable":true,"href":"https:\/\/ncbeauty.fr\/es\/wp-json\/wp\/v2\/product_tag?post=1605"}],"curies":[{"name":"wp","href":"https:\/\/api.w.org\/{rel}","templated":true}]}}