{"id":1610,"date":"2023-10-27T00:51:25","date_gmt":"2023-10-27T00:51:25","guid":{"rendered":"https:\/\/ncbeauty.fr\/?post_type=product&#038;p=1610"},"modified":"2026-03-29T16:00:36","modified_gmt":"2026-03-29T16:00:36","slug":"gummies-fessier-bbl","status":"publish","type":"product","link":"https:\/\/ncbeauty.fr\/es\/produit\/gummies-fessier-bbl\/","title":{"rendered":"GUMMIES FESSIER BBL"},"content":{"rendered":"<h3 data-start=\"185\" data-end=\"238\">\ud83c\udf53 <strong data-start=\"192\" data-end=\"238\">GUMMIES VOLUME FESSES &amp; HANCHES \u2013 NCBEAUTY<\/strong><\/h3>\n<p data-start=\"240\" data-end=\"445\"><strong data-start=\"240\" data-end=\"303\">Envie de fesses plus rondes, plus fermes, et plus galb\u00e9es ?<\/strong><br data-start=\"303\" data-end=\"306\" \/>Nos <strong data-start=\"310\" data-end=\"330\">gummies naturels<\/strong> sont con\u00e7us pour <strong data-start=\"348\" data-end=\"394\">donner du volume aux fesses et aux hanches<\/strong>, tout en <strong data-start=\"404\" data-end=\"444\">soutenant vos r\u00e9sultats \u00e0 long terme<\/strong>.<\/p>\n<p data-start=\"447\" data-end=\"720\">\ud83d\udcaa <strong data-start=\"450\" data-end=\"477\">Comment \u00e7a fonctionne ?<\/strong><br data-start=\"477\" data-end=\"480\" \/>Ce compl\u00e9ment agit en stimulant naturellement la <strong data-start=\"529\" data-end=\"556\">production de collag\u00e8ne<\/strong> dans la zone musculaire des fesses.<br data-start=\"592\" data-end=\"595\" \/>Associ\u00e9 \u00e0 des <strong data-start=\"609\" data-end=\"629\">exercices cibl\u00e9s<\/strong>, vous pouvez observer une transformation visible de votre silhouette en <strong data-start=\"702\" data-end=\"719\">30 \u00e0 60 jours<\/strong>.<\/p>\n<h3 data-start=\"727\" data-end=\"762\">\u2705 <strong data-start=\"733\" data-end=\"760\">Utilisation recommand\u00e9e<\/strong><\/h3>\n<ul data-start=\"763\" data-end=\"944\">\n<li data-start=\"763\" data-end=\"789\">\n<p data-start=\"765\" data-end=\"789\"><strong data-start=\"765\" data-end=\"787\">2 gummies par jour<\/strong><\/p>\n<\/li>\n<li data-start=\"790\" data-end=\"835\">\n<p data-start=\"792\" data-end=\"835\"><strong data-start=\"792\" data-end=\"816\">60 gummies par bo\u00eete<\/strong> = 1 mois de cure<\/p>\n<\/li>\n<li data-start=\"836\" data-end=\"944\">\n<p data-start=\"838\" data-end=\"944\">\u00c0 associer pour de meilleurs r\u00e9sultats avec :<br data-start=\"883\" data-end=\"886\" \/>\u2728 notre <strong data-start=\"896\" data-end=\"909\">cr\u00e8me BIM<\/strong><br data-start=\"909\" data-end=\"912\" \/>\ud83d\udca7 et notre <strong data-start=\"926\" data-end=\"944\">s\u00e9rum BOOSTEUR<\/strong><\/p>\n<\/li>\n<\/ul>\n<p data-start=\"946\" data-end=\"1027\">Une <strong data-start=\"950\" data-end=\"975\">combinaison puissante<\/strong> pour construire et maintenir un fessier voluptueux.<\/p>\n<h3 data-start=\"1034\" data-end=\"1095\">\ud83c\udf3f <strong data-start=\"1041\" data-end=\"1091\">Ingr\u00e9dients cl\u00e9s (m\u00e9lange exclusif de plantes)<\/strong> :<\/h3>\n<ul data-start=\"1096\" data-end=\"1321\">\n<li data-start=\"1096\" data-end=\"1129\">\n<p data-start=\"1098\" data-end=\"1129\">Extrait de racine de <strong data-start=\"1119\" data-end=\"1127\">maca<\/strong><\/p>\n<\/li>\n<li data-start=\"1130\" data-end=\"1165\">\n<p data-start=\"1132\" data-end=\"1165\">Racine de <strong data-start=\"1142\" data-end=\"1163\">ginseng asiatique<\/strong><\/p>\n<\/li>\n<li data-start=\"1166\" data-end=\"1198\">\n<p data-start=\"1168\" data-end=\"1198\">Extrait de <strong data-start=\"1179\" data-end=\"1196\">grains d\u2019anis<\/strong><\/p>\n<\/li>\n<li data-start=\"1199\" data-end=\"1234\">\n<p data-start=\"1201\" data-end=\"1234\">Extrait de plante <strong data-start=\"1219\" data-end=\"1232\">agripaume<\/strong><\/p>\n<\/li>\n<li data-start=\"1235\" data-end=\"1251\">\n<p data-start=\"1237\" data-end=\"1251\"><strong data-start=\"1237\" data-end=\"1249\">Fenugrec<\/strong><\/p>\n<\/li>\n<li data-start=\"1252\" data-end=\"1286\">\n<p data-start=\"1254\" data-end=\"1286\">Tiges &amp; feuilles de <strong data-start=\"1274\" data-end=\"1284\">varech<\/strong><\/p>\n<\/li>\n<li data-start=\"1287\" data-end=\"1321\">\n<p data-start=\"1289\" data-end=\"1321\"><strong data-start=\"1289\" data-end=\"1298\">Sucre<\/strong>, ar\u00f4me <strong data-start=\"1306\" data-end=\"1321\">go\u00fbt fraise<\/strong><\/p>\n<\/li>\n<\/ul>\n<hr data-start=\"1323\" data-end=\"1326\" \/>\n<h3 data-start=\"1328\" data-end=\"1358\">\u26a0\ufe0f <strong data-start=\"1335\" data-end=\"1356\">D\u00e9menti important<\/strong><\/h3>\n<p data-start=\"1359\" data-end=\"1497\">Les r\u00e9sultats peuvent varier selon les personnes. Pour des effets visibles, <strong data-start=\"1435\" data-end=\"1470\">une activit\u00e9 physique r\u00e9guli\u00e8re<\/strong> est fortement recommand\u00e9e.<\/p>\n","protected":false},"excerpt":{"rendered":"<h3 data-start=\"141\" data-end=\"194\">\ud83c\udf51 <strong data-start=\"148\" data-end=\"194\">Envie d\u2019am\u00e9liorer la forme de vos fesses ?<\/strong><\/h3>\n<p data-start=\"196\" data-end=\"365\">D\u00e9couvrez nos <strong data-start=\"210\" data-end=\"230\">Gummies NCBEAUTY<\/strong>, sp\u00e9cialement formul\u00e9s pour <strong data-start=\"259\" data-end=\"285\">soutenir vos r\u00e9sultats<\/strong> en stimulant la <strong data-start=\"302\" data-end=\"329\">production de collag\u00e8ne<\/strong> dans les zones musculaires cibl\u00e9es.<\/p>\n<p data-start=\"367\" data-end=\"490\">Gr\u00e2ce \u00e0 leur action en profondeur, vous verrez la forme de votre fessier <strong data-start=\"440\" data-end=\"489\">commencer \u00e0 se transformer en environ un mois<\/strong>.<\/p>\n<p data-start=\"367\" data-end=\"490\">\u2728 <strong data-start=\"494\" data-end=\"551\">Des fesses fermes, galb\u00e9es et naturellement rebondies<\/strong><\/p>\n","protected":false},"featured_media":5754,"comment_status":"open","ping_status":"closed","template":"","meta":{"_monsterinsights_skip_tracking":false,"_monsterinsights_sitenote_active":false,"_monsterinsights_sitenote_note":"","_monsterinsights_sitenote_category":0,"site-sidebar-layout":"default","site-content-layout":"","ast-site-content-layout":"default","site-content-style":"default","site-sidebar-style":"default","ast-global-header-display":"","ast-banner-title-visibility":"","ast-main-header-display":"","ast-hfb-above-header-display":"","ast-hfb-below-header-display":"","ast-hfb-mobile-header-display":"","site-post-title":"","ast-breadcrumbs-content":"","ast-featured-img":"","footer-sml-layout":"","theme-transparent-header-meta":"default","adv-header-id-meta":"","stick-header-meta":"","header-above-stick-meta":"","header-main-stick-meta":"","header-below-stick-meta":"","astra-migrate-meta-layouts":"set","ast-page-background-enabled":"default","ast-page-background-meta":{"desktop":{"background-color":"var(--ast-global-color-4)","background-image":"","background-repeat":"repeat","background-position":"center center","background-size":"auto","background-attachment":"scroll","background-type":"","background-media":"","overlay-type":"","overlay-color":"","overlay-opacity":"","overlay-gradient":""},"tablet":{"background-color":"","background-image":"","background-repeat":"repeat","background-position":"center center","background-size":"auto","background-attachment":"scroll","background-type":"","background-media":"","overlay-type":"","overlay-color":"","overlay-opacity":"","overlay-gradient":""},"mobile":{"background-color":"","background-image":"","background-repeat":"repeat","background-position":"center center","background-size":"auto","background-attachment":"scroll","background-type":"","background-media":"","overlay-type":"","overlay-color":"","overlay-opacity":"","overlay-gradient":""}},"ast-content-background-meta":{"desktop":{"background-color":"var(--ast-global-color-5)","background-image":"","background-repeat":"repeat","background-position":"center center","background-size":"auto","background-attachment":"scroll","background-type":"","background-media":"","overlay-type":"","overlay-color":"","overlay-opacity":"","overlay-gradient":""},"tablet":{"background-color":"var(--ast-global-color-5)","background-image":"","background-repeat":"repeat","background-position":"center center","background-size":"auto","background-attachment":"scroll","background-type":"","background-media":"","overlay-type":"","overlay-color":"","overlay-opacity":"","overlay-gradient":""},"mobile":{"background-color":"var(--ast-global-color-5)","background-image":"","background-repeat":"repeat","background-position":"center center","background-size":"auto","background-attachment":"scroll","background-type":"","background-media":"","overlay-type":"","overlay-color":"","overlay-opacity":"","overlay-gradient":""}},"_joinchat":[]},"product_brand":[],"product_cat":[25],"product_tag":[66],"class_list":{"0":"post-1610","1":"product","2":"type-product","3":"status-publish","4":"has-post-thumbnail","6":"product_cat-nos-produits-rondeur","7":"product_tag-nouveaute","8":"desktop-align-left","9":"tablet-align-left","10":"mobile-align-left","11":"tm-has-options","13":"first","14":"instock","15":"featured","16":"taxable","17":"shipping-taxable","18":"purchasable","19":"product-type-simple"},"bundled_by":["5782","1934","1605","5774"],"bundle_stock_status":"instock","bundle_stock_quantity":57,"bundle_virtual":false,"bundle_layout":"","bundle_add_to_cart_form_location":"","bundle_editable_in_cart":false,"bundle_sold_individually_context":"","bundle_item_grouping":"","bundle_min_size":"","bundle_max_size":"","bundle_price":[],"bundled_items":[],"bundle_sell_ids":[],"aioseo_notices":[],"yoast_head":"\n<title>GUMMIES FESSIER BBL - NC BEAUTY<\/title>\n<meta name=\"description\" content=\"nos gummies bbl somme pour donner du volume aux fesses est hanches les gummies bbl produit naturel qui aidera \u00e0 am\u00e9liorer et \u00e0 maintenir votre zone des\" \/>\n<meta name=\"robots\" content=\"index, follow, max-snippet:-1, max-image-preview:large, max-video-preview:-1\" \/>\n<link rel=\"canonical\" href=\"https:\/\/ncbeauty.fr\/produit\/gummies-fessier-bbl\/\" \/>\n<meta property=\"og:locale\" content=\"es_ES\" \/>\n<meta property=\"og:type\" content=\"article\" \/>\n<meta property=\"og:title\" content=\"GUMMIES FESSIER BBL - NC BEAUTY\" \/>\n<meta property=\"og:description\" content=\"nos gummies bbl somme pour donner du volume aux fesses est hanches les gummies bbl produit naturel qui aidera \u00e0 am\u00e9liorer et \u00e0 maintenir votre zone des\" \/>\n<meta property=\"og:url\" content=\"https:\/\/ncbeauty.fr\/produit\/gummies-fessier-bbl\/\" \/>\n<meta property=\"og:site_name\" content=\"NC BEAUTY\" \/>\n<meta property=\"article:modified_time\" content=\"2026-03-29T16:00:36+00:00\" \/>\n<meta property=\"og:image\" content=\"https:\/\/ncbeauty.fr\/choaweex\/2023\/10\/Gummies-BBL.jpeg\" \/>\n\t<meta property=\"og:image:width\" content=\"1600\" \/>\n\t<meta property=\"og:image:height\" content=\"1600\" \/>\n\t<meta property=\"og:image:type\" content=\"image\/jpeg\" \/>\n<meta name=\"twitter:card\" content=\"summary_large_image\" \/>\n<meta name=\"twitter:label1\" content=\"Tiempo de lectura\" \/>\n\t<meta name=\"twitter:data1\" content=\"2 minutos\" \/>\n<script type=\"application\/ld+json\" class=\"yoast-schema-graph\">{\"@context\":\"https:\/\/schema.org\",\"@graph\":[{\"@type\":\"WebPage\",\"@id\":\"https:\/\/ncbeauty.fr\/produit\/gummies-fessier-bbl\/\",\"url\":\"https:\/\/ncbeauty.fr\/produit\/gummies-fessier-bbl\/\",\"name\":\"GUMMIES FESSIER BBL - NC BEAUTY\",\"isPartOf\":{\"@id\":\"https:\/\/ncbeauty.fr\/#website\"},\"primaryImageOfPage\":{\"@id\":\"https:\/\/ncbeauty.fr\/produit\/gummies-fessier-bbl\/#primaryimage\"},\"image\":{\"@id\":\"https:\/\/ncbeauty.fr\/produit\/gummies-fessier-bbl\/#primaryimage\"},\"thumbnailUrl\":\"https:\/\/ncbeauty.fr\/choaweex\/2023\/10\/Gummies-BBL.jpeg\",\"datePublished\":\"2023-10-27T00:51:25+00:00\",\"dateModified\":\"2026-03-29T16:00:36+00:00\",\"description\":\"nos gummies bbl somme pour donner du volume aux fesses est hanches les gummies bbl produit naturel qui aidera \u00e0 am\u00e9liorer et \u00e0 maintenir votre zone des\",\"breadcrumb\":{\"@id\":\"https:\/\/ncbeauty.fr\/produit\/gummies-fessier-bbl\/#breadcrumb\"},\"inLanguage\":\"es\",\"potentialAction\":[{\"@type\":\"ReadAction\",\"target\":[\"https:\/\/ncbeauty.fr\/produit\/gummies-fessier-bbl\/\"]}]},{\"@type\":\"ImageObject\",\"inLanguage\":\"es\",\"@id\":\"https:\/\/ncbeauty.fr\/produit\/gummies-fessier-bbl\/#primaryimage\",\"url\":\"https:\/\/ncbeauty.fr\/choaweex\/2023\/10\/Gummies-BBL.jpeg\",\"contentUrl\":\"https:\/\/ncbeauty.fr\/choaweex\/2023\/10\/Gummies-BBL.jpeg\",\"width\":1600,\"height\":1600},{\"@type\":\"BreadcrumbList\",\"@id\":\"https:\/\/ncbeauty.fr\/produit\/gummies-fessier-bbl\/#breadcrumb\",\"itemListElement\":[{\"@type\":\"ListItem\",\"position\":1,\"name\":\"Accueil\",\"item\":\"https:\/\/ncbeauty.fr\/\"},{\"@type\":\"ListItem\",\"position\":2,\"name\":\"Tienda\",\"item\":\"https:\/\/ncbeauty.fr\/boutique\/\"},{\"@type\":\"ListItem\",\"position\":3,\"name\":\"GUMMIES FESSIER BBL\"}]},{\"@type\":\"WebSite\",\"@id\":\"https:\/\/ncbeauty.fr\/#website\",\"url\":\"https:\/\/ncbeauty.fr\/\",\"name\":\"NC BEAUTY\",\"description\":\"NC BEAUTY\",\"potentialAction\":[{\"@type\":\"SearchAction\",\"target\":{\"@type\":\"EntryPoint\",\"urlTemplate\":\"https:\/\/ncbeauty.fr\/?s={search_term_string}\"},\"query-input\":{\"@type\":\"PropertyValueSpecification\",\"valueRequired\":true,\"valueName\":\"search_term_string\"}}],\"inLanguage\":\"es\"}]}<\/script>\n","yoast_head_json":{"title":"GUMMIES FESSIER BBL - NC BEAUTY","description":"nos gummies bbl somme pour donner du volume aux fesses est hanches les gummies bbl produit naturel qui aidera \u00e0 am\u00e9liorer et \u00e0 maintenir votre zone des","robots":{"index":"index","follow":"follow","max-snippet":"max-snippet:-1","max-image-preview":"max-image-preview:large","max-video-preview":"max-video-preview:-1"},"canonical":"https:\/\/ncbeauty.fr\/produit\/gummies-fessier-bbl\/","og_locale":"es_ES","og_type":"article","og_title":"GUMMIES FESSIER BBL - NC BEAUTY","og_description":"nos gummies bbl somme pour donner du volume aux fesses est hanches les gummies bbl produit naturel qui aidera \u00e0 am\u00e9liorer et \u00e0 maintenir votre zone des","og_url":"https:\/\/ncbeauty.fr\/produit\/gummies-fessier-bbl\/","og_site_name":"NC BEAUTY","article_modified_time":"2026-03-29T16:00:36+00:00","og_image":[{"width":1600,"height":1600,"url":"https:\/\/ncbeauty.fr\/choaweex\/2023\/10\/Gummies-BBL.jpeg","type":"image\/jpeg"}],"twitter_card":"summary_large_image","twitter_misc":{"Tiempo de lectura":"2 minutos"},"schema":{"@context":"https:\/\/schema.org","@graph":[{"@type":"WebPage","@id":"https:\/\/ncbeauty.fr\/produit\/gummies-fessier-bbl\/","url":"https:\/\/ncbeauty.fr\/produit\/gummies-fessier-bbl\/","name":"GUMMIES FESSIER BBL - NC BEAUTY","isPartOf":{"@id":"https:\/\/ncbeauty.fr\/#website"},"primaryImageOfPage":{"@id":"https:\/\/ncbeauty.fr\/produit\/gummies-fessier-bbl\/#primaryimage"},"image":{"@id":"https:\/\/ncbeauty.fr\/produit\/gummies-fessier-bbl\/#primaryimage"},"thumbnailUrl":"https:\/\/ncbeauty.fr\/choaweex\/2023\/10\/Gummies-BBL.jpeg","datePublished":"2023-10-27T00:51:25+00:00","dateModified":"2026-03-29T16:00:36+00:00","description":"nos gummies bbl somme pour donner du volume aux fesses est hanches les gummies bbl produit naturel qui aidera \u00e0 am\u00e9liorer et \u00e0 maintenir votre zone des","breadcrumb":{"@id":"https:\/\/ncbeauty.fr\/produit\/gummies-fessier-bbl\/#breadcrumb"},"inLanguage":"es","potentialAction":[{"@type":"ReadAction","target":["https:\/\/ncbeauty.fr\/produit\/gummies-fessier-bbl\/"]}]},{"@type":"ImageObject","inLanguage":"es","@id":"https:\/\/ncbeauty.fr\/produit\/gummies-fessier-bbl\/#primaryimage","url":"https:\/\/ncbeauty.fr\/choaweex\/2023\/10\/Gummies-BBL.jpeg","contentUrl":"https:\/\/ncbeauty.fr\/choaweex\/2023\/10\/Gummies-BBL.jpeg","width":1600,"height":1600},{"@type":"BreadcrumbList","@id":"https:\/\/ncbeauty.fr\/produit\/gummies-fessier-bbl\/#breadcrumb","itemListElement":[{"@type":"ListItem","position":1,"name":"Accueil","item":"https:\/\/ncbeauty.fr\/"},{"@type":"ListItem","position":2,"name":"Tienda","item":"https:\/\/ncbeauty.fr\/boutique\/"},{"@type":"ListItem","position":3,"name":"GUMMIES FESSIER BBL"}]},{"@type":"WebSite","@id":"https:\/\/ncbeauty.fr\/#website","url":"https:\/\/ncbeauty.fr\/","name":"NC BEAUTY","description":"NC BEAUTY","potentialAction":[{"@type":"SearchAction","target":{"@type":"EntryPoint","urlTemplate":"https:\/\/ncbeauty.fr\/?s={search_term_string}"},"query-input":{"@type":"PropertyValueSpecification","valueRequired":true,"valueName":"search_term_string"}}],"inLanguage":"es"}]}},"jetpack_sharing_enabled":true,"_links":{"self":[{"href":"https:\/\/ncbeauty.fr\/es\/wp-json\/wp\/v2\/product\/1610","targetHints":{"allow":["GET"]}}],"collection":[{"href":"https:\/\/ncbeauty.fr\/es\/wp-json\/wp\/v2\/product"}],"about":[{"href":"https:\/\/ncbeauty.fr\/es\/wp-json\/wp\/v2\/types\/product"}],"replies":[{"embeddable":true,"href":"https:\/\/ncbeauty.fr\/es\/wp-json\/wp\/v2\/comments?post=1610"}],"wp:featuredmedia":[{"embeddable":true,"href":"https:\/\/ncbeauty.fr\/es\/wp-json\/wp\/v2\/media\/5754"}],"wp:attachment":[{"href":"https:\/\/ncbeauty.fr\/es\/wp-json\/wp\/v2\/media?parent=1610"}],"wp:term":[{"taxonomy":"product_brand","embeddable":true,"href":"https:\/\/ncbeauty.fr\/es\/wp-json\/wp\/v2\/product_brand?post=1610"},{"taxonomy":"product_cat","embeddable":true,"href":"https:\/\/ncbeauty.fr\/es\/wp-json\/wp\/v2\/product_cat?post=1610"},{"taxonomy":"product_tag","embeddable":true,"href":"https:\/\/ncbeauty.fr\/es\/wp-json\/wp\/v2\/product_tag?post=1610"}],"curies":[{"name":"wp","href":"https:\/\/api.w.org\/{rel}","templated":true}]}}