{"id":1887,"date":"2023-12-14T15:22:50","date_gmt":"2023-12-14T15:22:50","guid":{"rendered":"https:\/\/ncbeauty.fr\/?post_type=product&#038;p=1887"},"modified":"2025-07-29T09:51:25","modified_gmt":"2025-07-29T09:51:25","slug":"kit-bazooka-homme","status":"publish","type":"product","link":"https:\/\/ncbeauty.fr\/es\/produit\/kit-bazooka-homme\/","title":{"rendered":"Kit BAZOOKA  HOMM"},"content":{"rendered":"<p>Cr\u00e8me +kaolin<br \/>\nKit kaolin + Cr\u00e8me bazooka le 2 est un gombo cr\u00e8me compos\u00e9e de kigelia et plusieurs huile et de racines naturelle et bio, san effet secondaire.<\/p>\n<p>pour masser votre p\u00e9nis matin et soir apr\u00e8s votre douche veuillez prendre une noisette dans votre main bien frotter et commencer \u00e0 masser d\u00e9licatement la partie de votre choix<\/p>\n<p>Pour les r\u00e9sultats il sont visibles au 10 \u00e0 20 jours<\/p>\n<p>d\u2019utilisation sans arr\u00eat, au bout de ce temps vous allez commencer \u00e0 voir un changement, quand vous arrivez \u00e0 la taille voulue veill\u00e9e arr\u00eatez le traitement.<\/p>\n<p>\u00c0 am\u00e9liorer la circulation sanguine et la sant\u00e9 des organes reproducteurs pour les hommes<br \/>\nElle peut aider \u00e0 revitaliser la peau,<br \/>\nContribue \u00e0 r\u00e9duire les vergetures et \u00e0 am\u00e9liorer l\u2019\u00e9lasticit\u00e9 de la peau<br \/>\nLa cr\u00e8me Bazooka peut \u00e9galement aider \u00e0 augmenter l\u2019endurance et la vigueur sexuelle<br \/>\nEnfin, elle permet de pimenter un peu les relations intimes<br \/>\nBAZOUKA est une pommade naturelle, les matins et les soirs au coucher appliquez une petite quantit\u00e9 de cette pommade sur le p\u00e9nis et le massez pendant 1 \u00e0 2 minutes chaque jour apr\u00e8s votre douche.<\/p>\n<p>Quel est le d\u00e9lai de traitement de BAZOUKA ?<\/p>\n","protected":false},"excerpt":{"rendered":"<p>Cr\u00e8me +kaolin Kit kaolin + Cr\u00e8me bazooka le 2 est un gombo cr\u00e8me compos\u00e9e de kigelia et plusieurs huile et [&hellip;]<\/p>\n","protected":false},"featured_media":5759,"comment_status":"open","ping_status":"closed","template":"","meta":{"_monsterinsights_skip_tracking":false,"_monsterinsights_sitenote_active":false,"_monsterinsights_sitenote_note":"","_monsterinsights_sitenote_category":0,"site-sidebar-layout":"default","site-content-layout":"","ast-site-content-layout":"default","site-content-style":"default","site-sidebar-style":"default","ast-global-header-display":"","ast-banner-title-visibility":"","ast-main-header-display":"","ast-hfb-above-header-display":"","ast-hfb-below-header-display":"","ast-hfb-mobile-header-display":"","site-post-title":"","ast-breadcrumbs-content":"","ast-featured-img":"","footer-sml-layout":"","theme-transparent-header-meta":"default","adv-header-id-meta":"","stick-header-meta":"","header-above-stick-meta":"","header-main-stick-meta":"","header-below-stick-meta":"","astra-migrate-meta-layouts":"set","ast-page-background-enabled":"default","ast-page-background-meta":{"desktop":{"background-color":"var(--ast-global-color-4)","background-image":"","background-repeat":"repeat","background-position":"center center","background-size":"auto","background-attachment":"scroll","background-type":"","background-media":"","overlay-type":"","overlay-color":"","overlay-opacity":"","overlay-gradient":""},"tablet":{"background-color":"","background-image":"","background-repeat":"repeat","background-position":"center center","background-size":"auto","background-attachment":"scroll","background-type":"","background-media":"","overlay-type":"","overlay-color":"","overlay-opacity":"","overlay-gradient":""},"mobile":{"background-color":"","background-image":"","background-repeat":"repeat","background-position":"center center","background-size":"auto","background-attachment":"scroll","background-type":"","background-media":"","overlay-type":"","overlay-color":"","overlay-opacity":"","overlay-gradient":""}},"ast-content-background-meta":{"desktop":{"background-color":"var(--ast-global-color-5)","background-image":"","background-repeat":"repeat","background-position":"center center","background-size":"auto","background-attachment":"scroll","background-type":"","background-media":"","overlay-type":"","overlay-color":"","overlay-opacity":"","overlay-gradient":""},"tablet":{"background-color":"var(--ast-global-color-5)","background-image":"","background-repeat":"repeat","background-position":"center center","background-size":"auto","background-attachment":"scroll","background-type":"","background-media":"","overlay-type":"","overlay-color":"","overlay-opacity":"","overlay-gradient":""},"mobile":{"background-color":"var(--ast-global-color-5)","background-image":"","background-repeat":"repeat","background-position":"center center","background-size":"auto","background-attachment":"scroll","background-type":"","background-media":"","overlay-type":"","overlay-color":"","overlay-opacity":"","overlay-gradient":""}},"_joinchat":[]},"product_brand":[],"product_cat":[24],"product_tag":[],"class_list":{"0":"post-1887","1":"product","2":"type-product","3":"status-publish","4":"has-post-thumbnail","6":"product_cat-nos-produits-aphrodisiaque","7":"desktop-align-left","8":"tablet-align-left","9":"mobile-align-left","10":"tm-has-options","12":"first","13":"outofstock","14":"taxable","15":"shipping-taxable","16":"purchasable","17":"product-type-bundle"},"bundled_by":[],"bundle_stock_status":"outofstock","bundle_stock_quantity":0,"bundle_virtual":false,"bundle_layout":"default","bundle_add_to_cart_form_location":"default","bundle_editable_in_cart":false,"bundle_sold_individually_context":"product","bundle_item_grouping":"parent","bundle_min_size":"","bundle_max_size":"","bundle_price":{"price":{"min":{"incl_tax":"60","excl_tax":"60"},"max":{"incl_tax":"60","excl_tax":"60"}},"regular_price":{"min":{"incl_tax":"60","excl_tax":"60"},"max":{"incl_tax":"60","excl_tax":"60"}}},"bundled_items":[{"bundled_item_id":175,"product_id":280,"menu_order":0,"quantity_min":2,"quantity_max":2,"quantity_default":2,"priced_individually":false,"shipped_individually":false,"override_title":false,"title":"CR\u00c8ME  VOLUMATRICE","override_description":false,"description":"","optional":false,"hide_thumbnail":false,"discount":"","override_variations":false,"allowed_variations":[],"override_default_variation_attributes":false,"default_variation_attributes":[],"single_product_visibility":"visible","cart_visibility":"visible","order_visibility":"visible","single_product_price_visibility":"visible","cart_price_visibility":"visible","order_price_visibility":"visible","stock_status":"in_stock"},{"bundled_item_id":176,"product_id":1823,"menu_order":1,"quantity_min":1,"quantity_max":1,"quantity_default":1,"priced_individually":false,"shipped_individually":false,"override_title":false,"title":"CAOLIN FESSIER","override_description":false,"description":"","optional":false,"hide_thumbnail":false,"discount":"","override_variations":false,"allowed_variations":[],"override_default_variation_attributes":false,"default_variation_attributes":[],"single_product_visibility":"visible","cart_visibility":"visible","order_visibility":"visible","single_product_price_visibility":"visible","cart_price_visibility":"visible","order_price_visibility":"visible","stock_status":"out_of_stock"}],"bundle_sell_ids":[],"aioseo_notices":[],"yoast_head":"\n<title>Kit BAZOOKA HOMM - NC BEAUTY<\/title>\n<meta name=\"robots\" content=\"index, follow, max-snippet:-1, max-image-preview:large, max-video-preview:-1\" \/>\n<link rel=\"canonical\" href=\"https:\/\/ncbeauty.fr\/produit\/kit-bazooka-homme\/\" \/>\n<meta property=\"og:locale\" content=\"es_ES\" \/>\n<meta property=\"og:type\" content=\"article\" \/>\n<meta property=\"og:title\" content=\"Kit BAZOOKA HOMM - NC BEAUTY\" \/>\n<meta property=\"og:description\" content=\"Cr\u00e8me +kaolin Kit kaolin + Cr\u00e8me bazooka le 2 est un gombo cr\u00e8me compos\u00e9e de kigelia et plusieurs huile et [&hellip;]\" \/>\n<meta property=\"og:url\" content=\"https:\/\/ncbeauty.fr\/produit\/kit-bazooka-homme\/\" \/>\n<meta property=\"og:site_name\" content=\"NC BEAUTY\" \/>\n<meta property=\"article:modified_time\" content=\"2025-07-29T09:51:25+00:00\" \/>\n<meta property=\"og:image\" content=\"https:\/\/ncbeauty.fr\/choaweex\/2023\/12\/Kit-BAZOOKA.jpeg\" \/>\n\t<meta property=\"og:image:width\" content=\"1600\" \/>\n\t<meta property=\"og:image:height\" content=\"1600\" \/>\n\t<meta property=\"og:image:type\" content=\"image\/jpeg\" \/>\n<meta name=\"twitter:card\" content=\"summary_large_image\" \/>\n<meta name=\"twitter:label1\" content=\"Tiempo de lectura\" \/>\n\t<meta name=\"twitter:data1\" content=\"2 minutos\" \/>\n<script type=\"application\/ld+json\" class=\"yoast-schema-graph\">{\"@context\":\"https:\/\/schema.org\",\"@graph\":[{\"@type\":\"WebPage\",\"@id\":\"https:\/\/ncbeauty.fr\/produit\/kit-bazooka-homme\/\",\"url\":\"https:\/\/ncbeauty.fr\/produit\/kit-bazooka-homme\/\",\"name\":\"Kit BAZOOKA HOMM - NC BEAUTY\",\"isPartOf\":{\"@id\":\"https:\/\/ncbeauty.fr\/#website\"},\"primaryImageOfPage\":{\"@id\":\"https:\/\/ncbeauty.fr\/produit\/kit-bazooka-homme\/#primaryimage\"},\"image\":{\"@id\":\"https:\/\/ncbeauty.fr\/produit\/kit-bazooka-homme\/#primaryimage\"},\"thumbnailUrl\":\"https:\/\/ncbeauty.fr\/choaweex\/2023\/12\/Kit-BAZOOKA.jpeg\",\"datePublished\":\"2023-12-14T15:22:50+00:00\",\"dateModified\":\"2025-07-29T09:51:25+00:00\",\"breadcrumb\":{\"@id\":\"https:\/\/ncbeauty.fr\/produit\/kit-bazooka-homme\/#breadcrumb\"},\"inLanguage\":\"es\",\"potentialAction\":[{\"@type\":\"ReadAction\",\"target\":[\"https:\/\/ncbeauty.fr\/produit\/kit-bazooka-homme\/\"]}]},{\"@type\":\"ImageObject\",\"inLanguage\":\"es\",\"@id\":\"https:\/\/ncbeauty.fr\/produit\/kit-bazooka-homme\/#primaryimage\",\"url\":\"https:\/\/ncbeauty.fr\/choaweex\/2023\/12\/Kit-BAZOOKA.jpeg\",\"contentUrl\":\"https:\/\/ncbeauty.fr\/choaweex\/2023\/12\/Kit-BAZOOKA.jpeg\",\"width\":1600,\"height\":1600},{\"@type\":\"BreadcrumbList\",\"@id\":\"https:\/\/ncbeauty.fr\/produit\/kit-bazooka-homme\/#breadcrumb\",\"itemListElement\":[{\"@type\":\"ListItem\",\"position\":1,\"name\":\"Accueil\",\"item\":\"https:\/\/ncbeauty.fr\/\"},{\"@type\":\"ListItem\",\"position\":2,\"name\":\"Tienda\",\"item\":\"https:\/\/ncbeauty.fr\/boutique\/\"},{\"@type\":\"ListItem\",\"position\":3,\"name\":\"Kit BAZOOKA HOMM\"}]},{\"@type\":\"WebSite\",\"@id\":\"https:\/\/ncbeauty.fr\/#website\",\"url\":\"https:\/\/ncbeauty.fr\/\",\"name\":\"NC BEAUTY\",\"description\":\"NC BEAUTY\",\"potentialAction\":[{\"@type\":\"SearchAction\",\"target\":{\"@type\":\"EntryPoint\",\"urlTemplate\":\"https:\/\/ncbeauty.fr\/?s={search_term_string}\"},\"query-input\":{\"@type\":\"PropertyValueSpecification\",\"valueRequired\":true,\"valueName\":\"search_term_string\"}}],\"inLanguage\":\"es\"}]}<\/script>\n","yoast_head_json":{"title":"Kit BAZOOKA HOMM - NC BEAUTY","robots":{"index":"index","follow":"follow","max-snippet":"max-snippet:-1","max-image-preview":"max-image-preview:large","max-video-preview":"max-video-preview:-1"},"canonical":"https:\/\/ncbeauty.fr\/produit\/kit-bazooka-homme\/","og_locale":"es_ES","og_type":"article","og_title":"Kit BAZOOKA HOMM - NC BEAUTY","og_description":"Cr\u00e8me +kaolin Kit kaolin + Cr\u00e8me bazooka le 2 est un gombo cr\u00e8me compos\u00e9e de kigelia et plusieurs huile et [&hellip;]","og_url":"https:\/\/ncbeauty.fr\/produit\/kit-bazooka-homme\/","og_site_name":"NC BEAUTY","article_modified_time":"2025-07-29T09:51:25+00:00","og_image":[{"width":1600,"height":1600,"url":"https:\/\/ncbeauty.fr\/choaweex\/2023\/12\/Kit-BAZOOKA.jpeg","type":"image\/jpeg"}],"twitter_card":"summary_large_image","twitter_misc":{"Tiempo de lectura":"2 minutos"},"schema":{"@context":"https:\/\/schema.org","@graph":[{"@type":"WebPage","@id":"https:\/\/ncbeauty.fr\/produit\/kit-bazooka-homme\/","url":"https:\/\/ncbeauty.fr\/produit\/kit-bazooka-homme\/","name":"Kit BAZOOKA HOMM - NC BEAUTY","isPartOf":{"@id":"https:\/\/ncbeauty.fr\/#website"},"primaryImageOfPage":{"@id":"https:\/\/ncbeauty.fr\/produit\/kit-bazooka-homme\/#primaryimage"},"image":{"@id":"https:\/\/ncbeauty.fr\/produit\/kit-bazooka-homme\/#primaryimage"},"thumbnailUrl":"https:\/\/ncbeauty.fr\/choaweex\/2023\/12\/Kit-BAZOOKA.jpeg","datePublished":"2023-12-14T15:22:50+00:00","dateModified":"2025-07-29T09:51:25+00:00","breadcrumb":{"@id":"https:\/\/ncbeauty.fr\/produit\/kit-bazooka-homme\/#breadcrumb"},"inLanguage":"es","potentialAction":[{"@type":"ReadAction","target":["https:\/\/ncbeauty.fr\/produit\/kit-bazooka-homme\/"]}]},{"@type":"ImageObject","inLanguage":"es","@id":"https:\/\/ncbeauty.fr\/produit\/kit-bazooka-homme\/#primaryimage","url":"https:\/\/ncbeauty.fr\/choaweex\/2023\/12\/Kit-BAZOOKA.jpeg","contentUrl":"https:\/\/ncbeauty.fr\/choaweex\/2023\/12\/Kit-BAZOOKA.jpeg","width":1600,"height":1600},{"@type":"BreadcrumbList","@id":"https:\/\/ncbeauty.fr\/produit\/kit-bazooka-homme\/#breadcrumb","itemListElement":[{"@type":"ListItem","position":1,"name":"Accueil","item":"https:\/\/ncbeauty.fr\/"},{"@type":"ListItem","position":2,"name":"Tienda","item":"https:\/\/ncbeauty.fr\/boutique\/"},{"@type":"ListItem","position":3,"name":"Kit BAZOOKA HOMM"}]},{"@type":"WebSite","@id":"https:\/\/ncbeauty.fr\/#website","url":"https:\/\/ncbeauty.fr\/","name":"NC BEAUTY","description":"NC BEAUTY","potentialAction":[{"@type":"SearchAction","target":{"@type":"EntryPoint","urlTemplate":"https:\/\/ncbeauty.fr\/?s={search_term_string}"},"query-input":{"@type":"PropertyValueSpecification","valueRequired":true,"valueName":"search_term_string"}}],"inLanguage":"es"}]}},"jetpack_sharing_enabled":true,"_links":{"self":[{"href":"https:\/\/ncbeauty.fr\/es\/wp-json\/wp\/v2\/product\/1887","targetHints":{"allow":["GET"]}}],"collection":[{"href":"https:\/\/ncbeauty.fr\/es\/wp-json\/wp\/v2\/product"}],"about":[{"href":"https:\/\/ncbeauty.fr\/es\/wp-json\/wp\/v2\/types\/product"}],"replies":[{"embeddable":true,"href":"https:\/\/ncbeauty.fr\/es\/wp-json\/wp\/v2\/comments?post=1887"}],"wp:featuredmedia":[{"embeddable":true,"href":"https:\/\/ncbeauty.fr\/es\/wp-json\/wp\/v2\/media\/5759"}],"wp:attachment":[{"href":"https:\/\/ncbeauty.fr\/es\/wp-json\/wp\/v2\/media?parent=1887"}],"wp:term":[{"taxonomy":"product_brand","embeddable":true,"href":"https:\/\/ncbeauty.fr\/es\/wp-json\/wp\/v2\/product_brand?post=1887"},{"taxonomy":"product_cat","embeddable":true,"href":"https:\/\/ncbeauty.fr\/es\/wp-json\/wp\/v2\/product_cat?post=1887"},{"taxonomy":"product_tag","embeddable":true,"href":"https:\/\/ncbeauty.fr\/es\/wp-json\/wp\/v2\/product_tag?post=1887"}],"curies":[{"name":"wp","href":"https:\/\/api.w.org\/{rel}","templated":true}]}}