{"id":1902,"date":"2023-12-18T23:45:55","date_gmt":"2023-12-18T23:45:55","guid":{"rendered":"https:\/\/ncbeauty.fr\/?post_type=product&#038;p=1902"},"modified":"2026-04-12T18:10:04","modified_gmt":"2026-04-12T18:10:04","slug":"the-detox-perte-de-poids","status":"publish","type":"product","link":"https:\/\/ncbeauty.fr\/es\/produit\/the-detox-perte-de-poids\/","title":{"rendered":"Th\u00e9 detox perte de poids"},"content":{"rendered":"<p>avantages<br \/>\n*perte de poids<br \/>\n*bruler de calories<br \/>\n*stimuler le matabolisme<br \/>\n*nettoyer le corps<br \/>\n*supprimer l&#8217;appetit<br \/>\n*augmenter le niveuaux d&#8217;energie<\/p>\n<p>INGREDIENTS:<br \/>\nthe Oolong, feuille de s\u00e8n\u00e8, menthe, poivr\u00e8e, fenouil, feuille de lotus, graine de cassia. 100% naturel sans produits chimiques ni conservanteur.<\/p>\n<p>USAGES<br \/>\nun sache de the dans une tasse d&#8217;eau pendant 7 a 10 minutes par jours<br \/>\najoute une tranches de citron<br \/>\nevite le sucre<\/p>\n<p>AVERTISSEMENT:<\/p>\n<p>ne convient pas au enfant et aux femmes enceintes.<br \/>\nn&#8217;est pas utiliser si vous ressentez des douleurs abdominales, des naus\u00e8es, des vomissements, ou modification des selles. consulter un m\u00e8decin si probleme<\/p>\n","protected":false},"excerpt":{"rendered":"<p>The detox 28 days Vous cherchez un th\u00e9 pour purifier votre corps naturellement et vous aide \u00e0 la perte de poids efficacement, le tout sans go\u00fbt amer ou d\u00e9sagr\u00e9able ? Essayez le Th\u00e9 D\u00e9tox 28 days de ncbeauty un m\u00e9lange parfait de diff\u00e9rents extraits de plantes pour nettoyer votre organisme.<\/p>\n<p>Cette formule d\u00e9toxifiante a \u00e9t\u00e9 con\u00e7ue sp\u00e9cialement pour ceux qui cherchent a perte de poids et cherchent \u00e0 mieux g\u00e9rer leur corps. La combinaison in\u00e9dite de plusieurs ingr\u00e9dients naturels offre une fa\u00e7on agr\u00e9able et facile de rester actif &amp; vigoureux durant la qu\u00eate du corps parfait.<\/p>\n","protected":false},"featured_media":5761,"comment_status":"open","ping_status":"closed","template":"","meta":{"_monsterinsights_skip_tracking":false,"_monsterinsights_sitenote_active":false,"_monsterinsights_sitenote_note":"","_monsterinsights_sitenote_category":0,"site-sidebar-layout":"default","site-content-layout":"","ast-site-content-layout":"default","site-content-style":"default","site-sidebar-style":"default","ast-global-header-display":"","ast-banner-title-visibility":"","ast-main-header-display":"","ast-hfb-above-header-display":"","ast-hfb-below-header-display":"","ast-hfb-mobile-header-display":"","site-post-title":"","ast-breadcrumbs-content":"","ast-featured-img":"","footer-sml-layout":"","theme-transparent-header-meta":"default","adv-header-id-meta":"","stick-header-meta":"","header-above-stick-meta":"","header-main-stick-meta":"","header-below-stick-meta":"","astra-migrate-meta-layouts":"set","ast-page-background-enabled":"default","ast-page-background-meta":{"desktop":{"background-color":"var(--ast-global-color-4)","background-image":"","background-repeat":"repeat","background-position":"center center","background-size":"auto","background-attachment":"scroll","background-type":"","background-media":"","overlay-type":"","overlay-color":"","overlay-opacity":"","overlay-gradient":""},"tablet":{"background-color":"","background-image":"","background-repeat":"repeat","background-position":"center center","background-size":"auto","background-attachment":"scroll","background-type":"","background-media":"","overlay-type":"","overlay-color":"","overlay-opacity":"","overlay-gradient":""},"mobile":{"background-color":"","background-image":"","background-repeat":"repeat","background-position":"center center","background-size":"auto","background-attachment":"scroll","background-type":"","background-media":"","overlay-type":"","overlay-color":"","overlay-opacity":"","overlay-gradient":""}},"ast-content-background-meta":{"desktop":{"background-color":"var(--ast-global-color-5)","background-image":"","background-repeat":"repeat","background-position":"center center","background-size":"auto","background-attachment":"scroll","background-type":"","background-media":"","overlay-type":"","overlay-color":"","overlay-opacity":"","overlay-gradient":""},"tablet":{"background-color":"var(--ast-global-color-5)","background-image":"","background-repeat":"repeat","background-position":"center center","background-size":"auto","background-attachment":"scroll","background-type":"","background-media":"","overlay-type":"","overlay-color":"","overlay-opacity":"","overlay-gradient":""},"mobile":{"background-color":"var(--ast-global-color-5)","background-image":"","background-repeat":"repeat","background-position":"center center","background-size":"auto","background-attachment":"scroll","background-type":"","background-media":"","overlay-type":"","overlay-color":"","overlay-opacity":"","overlay-gradient":""}},"_joinchat":[]},"product_brand":[],"product_cat":[26],"product_tag":[107],"class_list":{"0":"post-1902","1":"product","2":"type-product","3":"status-publish","4":"has-post-thumbnail","6":"product_cat-nos-produits-minceur","7":"product_tag-the-perte-de-poids","8":"desktop-align-left","9":"tablet-align-left","10":"mobile-align-left","11":"tm-has-options","13":"first","14":"instock","15":"taxable","16":"shipping-taxable","17":"purchasable","18":"product-type-simple"},"bundled_by":["5780","13802"],"bundle_stock_status":"instock","bundle_stock_quantity":66,"bundle_virtual":false,"bundle_layout":"","bundle_add_to_cart_form_location":"","bundle_editable_in_cart":false,"bundle_sold_individually_context":"","bundle_item_grouping":"","bundle_min_size":"","bundle_max_size":"","bundle_price":[],"bundled_items":[],"bundle_sell_ids":[],"aioseo_notices":[],"yoast_head":"\n<title>Th\u00e9 detox perte de poids - NC BEAUTY<\/title>\n<meta name=\"description\" content=\"Notre th\u00e9 perte de poids vous aide \u00e0 perde de poids rapidement Si vous cherche a perde de poids il ce produit et id\u00e9al pas besoin de faire de r\u00e9gime le the perte de poids et id\u00e9al\" \/>\n<meta name=\"robots\" content=\"index, follow, max-snippet:-1, max-image-preview:large, max-video-preview:-1\" \/>\n<link rel=\"canonical\" href=\"https:\/\/ncbeauty.fr\/produit\/the-detox-perte-de-poids\/\" \/>\n<meta property=\"og:locale\" content=\"es_ES\" \/>\n<meta property=\"og:type\" content=\"article\" \/>\n<meta property=\"og:title\" content=\"Th\u00e9 detox perte de poids - NC BEAUTY\" \/>\n<meta property=\"og:description\" content=\"Notre th\u00e9 perte de poids vous aide \u00e0 perde de poids rapidement Si vous cherche a perde de poids il ce produit et id\u00e9al pas besoin de faire de r\u00e9gime le the perte de poids et id\u00e9al\" \/>\n<meta property=\"og:url\" content=\"https:\/\/ncbeauty.fr\/produit\/the-detox-perte-de-poids\/\" \/>\n<meta property=\"og:site_name\" content=\"NC BEAUTY\" \/>\n<meta property=\"article:modified_time\" content=\"2026-04-12T18:10:04+00:00\" \/>\n<meta property=\"og:image\" content=\"https:\/\/ncbeauty.fr\/choaweex\/2023\/12\/Photoroom-20240724_191859.png\" \/>\n\t<meta property=\"og:image:width\" content=\"1600\" \/>\n\t<meta property=\"og:image:height\" content=\"1600\" \/>\n\t<meta property=\"og:image:type\" content=\"image\/png\" \/>\n<meta name=\"twitter:card\" content=\"summary_large_image\" \/>\n<meta name=\"twitter:label1\" content=\"Tiempo de lectura\" \/>\n\t<meta name=\"twitter:data1\" content=\"1 minuto\" \/>\n<script type=\"application\/ld+json\" class=\"yoast-schema-graph\">{\"@context\":\"https:\/\/schema.org\",\"@graph\":[{\"@type\":\"WebPage\",\"@id\":\"https:\/\/ncbeauty.fr\/produit\/the-detox-perte-de-poids\/\",\"url\":\"https:\/\/ncbeauty.fr\/produit\/the-detox-perte-de-poids\/\",\"name\":\"Th\u00e9 detox perte de poids - NC BEAUTY\",\"isPartOf\":{\"@id\":\"https:\/\/ncbeauty.fr\/#website\"},\"primaryImageOfPage\":{\"@id\":\"https:\/\/ncbeauty.fr\/produit\/the-detox-perte-de-poids\/#primaryimage\"},\"image\":{\"@id\":\"https:\/\/ncbeauty.fr\/produit\/the-detox-perte-de-poids\/#primaryimage\"},\"thumbnailUrl\":\"https:\/\/ncbeauty.fr\/choaweex\/2023\/12\/Photoroom-20240724_191859.png\",\"datePublished\":\"2023-12-18T23:45:55+00:00\",\"dateModified\":\"2026-04-12T18:10:04+00:00\",\"description\":\"Notre th\u00e9 perte de poids vous aide \u00e0 perde de poids rapidement Si vous cherche a perde de poids il ce produit et id\u00e9al pas besoin de faire de r\u00e9gime le the perte de poids et id\u00e9al\",\"breadcrumb\":{\"@id\":\"https:\/\/ncbeauty.fr\/produit\/the-detox-perte-de-poids\/#breadcrumb\"},\"inLanguage\":\"es\",\"potentialAction\":[{\"@type\":\"ReadAction\",\"target\":[\"https:\/\/ncbeauty.fr\/produit\/the-detox-perte-de-poids\/\"]}]},{\"@type\":\"ImageObject\",\"inLanguage\":\"es\",\"@id\":\"https:\/\/ncbeauty.fr\/produit\/the-detox-perte-de-poids\/#primaryimage\",\"url\":\"https:\/\/ncbeauty.fr\/choaweex\/2023\/12\/Photoroom-20240724_191859.png\",\"contentUrl\":\"https:\/\/ncbeauty.fr\/choaweex\/2023\/12\/Photoroom-20240724_191859.png\",\"width\":1600,\"height\":1600},{\"@type\":\"BreadcrumbList\",\"@id\":\"https:\/\/ncbeauty.fr\/produit\/the-detox-perte-de-poids\/#breadcrumb\",\"itemListElement\":[{\"@type\":\"ListItem\",\"position\":1,\"name\":\"Accueil\",\"item\":\"https:\/\/ncbeauty.fr\/\"},{\"@type\":\"ListItem\",\"position\":2,\"name\":\"Tienda\",\"item\":\"https:\/\/ncbeauty.fr\/boutique\/\"},{\"@type\":\"ListItem\",\"position\":3,\"name\":\"Th\u00e9 detox perte de poids\"}]},{\"@type\":\"WebSite\",\"@id\":\"https:\/\/ncbeauty.fr\/#website\",\"url\":\"https:\/\/ncbeauty.fr\/\",\"name\":\"NC BEAUTY\",\"description\":\"NC BEAUTY\",\"potentialAction\":[{\"@type\":\"SearchAction\",\"target\":{\"@type\":\"EntryPoint\",\"urlTemplate\":\"https:\/\/ncbeauty.fr\/?s={search_term_string}\"},\"query-input\":{\"@type\":\"PropertyValueSpecification\",\"valueRequired\":true,\"valueName\":\"search_term_string\"}}],\"inLanguage\":\"es\"}]}<\/script>\n","yoast_head_json":{"title":"Th\u00e9 detox perte de poids - NC BEAUTY","description":"Notre th\u00e9 perte de poids vous aide \u00e0 perde de poids rapidement Si vous cherche a perde de poids il ce produit et id\u00e9al pas besoin de faire de r\u00e9gime le the perte de poids et id\u00e9al","robots":{"index":"index","follow":"follow","max-snippet":"max-snippet:-1","max-image-preview":"max-image-preview:large","max-video-preview":"max-video-preview:-1"},"canonical":"https:\/\/ncbeauty.fr\/produit\/the-detox-perte-de-poids\/","og_locale":"es_ES","og_type":"article","og_title":"Th\u00e9 detox perte de poids - NC BEAUTY","og_description":"Notre th\u00e9 perte de poids vous aide \u00e0 perde de poids rapidement Si vous cherche a perde de poids il ce produit et id\u00e9al pas besoin de faire de r\u00e9gime le the perte de poids et id\u00e9al","og_url":"https:\/\/ncbeauty.fr\/produit\/the-detox-perte-de-poids\/","og_site_name":"NC BEAUTY","article_modified_time":"2026-04-12T18:10:04+00:00","og_image":[{"width":1600,"height":1600,"url":"https:\/\/ncbeauty.fr\/choaweex\/2023\/12\/Photoroom-20240724_191859.png","type":"image\/png"}],"twitter_card":"summary_large_image","twitter_misc":{"Tiempo de lectura":"1 minuto"},"schema":{"@context":"https:\/\/schema.org","@graph":[{"@type":"WebPage","@id":"https:\/\/ncbeauty.fr\/produit\/the-detox-perte-de-poids\/","url":"https:\/\/ncbeauty.fr\/produit\/the-detox-perte-de-poids\/","name":"Th\u00e9 detox perte de poids - NC BEAUTY","isPartOf":{"@id":"https:\/\/ncbeauty.fr\/#website"},"primaryImageOfPage":{"@id":"https:\/\/ncbeauty.fr\/produit\/the-detox-perte-de-poids\/#primaryimage"},"image":{"@id":"https:\/\/ncbeauty.fr\/produit\/the-detox-perte-de-poids\/#primaryimage"},"thumbnailUrl":"https:\/\/ncbeauty.fr\/choaweex\/2023\/12\/Photoroom-20240724_191859.png","datePublished":"2023-12-18T23:45:55+00:00","dateModified":"2026-04-12T18:10:04+00:00","description":"Notre th\u00e9 perte de poids vous aide \u00e0 perde de poids rapidement Si vous cherche a perde de poids il ce produit et id\u00e9al pas besoin de faire de r\u00e9gime le the perte de poids et id\u00e9al","breadcrumb":{"@id":"https:\/\/ncbeauty.fr\/produit\/the-detox-perte-de-poids\/#breadcrumb"},"inLanguage":"es","potentialAction":[{"@type":"ReadAction","target":["https:\/\/ncbeauty.fr\/produit\/the-detox-perte-de-poids\/"]}]},{"@type":"ImageObject","inLanguage":"es","@id":"https:\/\/ncbeauty.fr\/produit\/the-detox-perte-de-poids\/#primaryimage","url":"https:\/\/ncbeauty.fr\/choaweex\/2023\/12\/Photoroom-20240724_191859.png","contentUrl":"https:\/\/ncbeauty.fr\/choaweex\/2023\/12\/Photoroom-20240724_191859.png","width":1600,"height":1600},{"@type":"BreadcrumbList","@id":"https:\/\/ncbeauty.fr\/produit\/the-detox-perte-de-poids\/#breadcrumb","itemListElement":[{"@type":"ListItem","position":1,"name":"Accueil","item":"https:\/\/ncbeauty.fr\/"},{"@type":"ListItem","position":2,"name":"Tienda","item":"https:\/\/ncbeauty.fr\/boutique\/"},{"@type":"ListItem","position":3,"name":"Th\u00e9 detox perte de poids"}]},{"@type":"WebSite","@id":"https:\/\/ncbeauty.fr\/#website","url":"https:\/\/ncbeauty.fr\/","name":"NC BEAUTY","description":"NC BEAUTY","potentialAction":[{"@type":"SearchAction","target":{"@type":"EntryPoint","urlTemplate":"https:\/\/ncbeauty.fr\/?s={search_term_string}"},"query-input":{"@type":"PropertyValueSpecification","valueRequired":true,"valueName":"search_term_string"}}],"inLanguage":"es"}]}},"jetpack_sharing_enabled":true,"_links":{"self":[{"href":"https:\/\/ncbeauty.fr\/es\/wp-json\/wp\/v2\/product\/1902","targetHints":{"allow":["GET"]}}],"collection":[{"href":"https:\/\/ncbeauty.fr\/es\/wp-json\/wp\/v2\/product"}],"about":[{"href":"https:\/\/ncbeauty.fr\/es\/wp-json\/wp\/v2\/types\/product"}],"replies":[{"embeddable":true,"href":"https:\/\/ncbeauty.fr\/es\/wp-json\/wp\/v2\/comments?post=1902"}],"wp:featuredmedia":[{"embeddable":true,"href":"https:\/\/ncbeauty.fr\/es\/wp-json\/wp\/v2\/media\/5761"}],"wp:attachment":[{"href":"https:\/\/ncbeauty.fr\/es\/wp-json\/wp\/v2\/media?parent=1902"}],"wp:term":[{"taxonomy":"product_brand","embeddable":true,"href":"https:\/\/ncbeauty.fr\/es\/wp-json\/wp\/v2\/product_brand?post=1902"},{"taxonomy":"product_cat","embeddable":true,"href":"https:\/\/ncbeauty.fr\/es\/wp-json\/wp\/v2\/product_cat?post=1902"},{"taxonomy":"product_tag","embeddable":true,"href":"https:\/\/ncbeauty.fr\/es\/wp-json\/wp\/v2\/product_tag?post=1902"}],"curies":[{"name":"wp","href":"https:\/\/api.w.org\/{rel}","templated":true}]}}