{"id":2054,"date":"2024-02-03T23:42:07","date_gmt":"2024-02-03T23:42:07","guid":{"rendered":"https:\/\/ncbeauty.fr\/?post_type=product&#038;p=2054"},"modified":"2026-04-26T16:11:17","modified_gmt":"2026-04-26T16:11:17","slug":"sirop-fesses-hanches","status":"publish","type":"product","link":"https:\/\/ncbeauty.fr\/es\/produit\/sirop-fesses-hanches\/","title":{"rendered":"SIROP NCBEAUTY"},"content":{"rendered":"<h3 data-start=\"140\" data-end=\"157\">Ingr\u00e9dients<\/h3>\n<p data-start=\"158\" data-end=\"236\">Sirop concentr\u00e9 \u00e0 base de vitamines, min\u00e9raux et extraits naturels de plantes.<\/p>\n<h3 data-start=\"238\" data-end=\"265\">Conseil d\u2019utilisation<\/h3>\n<ul data-start=\"266\" data-end=\"572\">\n<li data-start=\"266\" data-end=\"346\">\n<p data-start=\"268\" data-end=\"346\">Prendre 1 petite cuill\u00e8re \u00e0 soupe le matin et 1 cuill\u00e8re le soir au coucher.<\/p>\n<\/li>\n<li data-start=\"347\" data-end=\"414\">\n<p data-start=\"349\" data-end=\"414\">Pour des r\u00e9sultats optimaux, suivre la cure pendant 3 semaines.<\/p>\n<\/li>\n<li data-start=\"415\" data-end=\"503\">\n<p data-start=\"417\" data-end=\"503\">Ne pas diluer le sirop dans de l\u2019eau ou autre : \u00e0 prendre directement \u00e0 la cuill\u00e8re.<\/p>\n<\/li>\n<li data-start=\"504\" data-end=\"541\">\n<p data-start=\"506\" data-end=\"541\">Secouer avant chaque utilisation.<\/p>\n<\/li>\n<li data-start=\"542\" data-end=\"572\">\n<p data-start=\"544\" data-end=\"572\">Conserver le sirop au frais.<\/p>\n<\/li>\n<\/ul>\n<hr data-start=\"574\" data-end=\"577\" \/>\n<h3 data-start=\"579\" data-end=\"605\">Pr\u00e9cautions d\u2019emploi<\/h3>\n<ul data-start=\"606\" data-end=\"694\">\n<li data-start=\"606\" data-end=\"658\">\n<p data-start=\"608\" data-end=\"658\">D\u00e9conseill\u00e9 aux femmes enceintes ou allaitantes.<\/p>\n<\/li>\n<li data-start=\"659\" data-end=\"694\">\n<p data-start=\"661\" data-end=\"694\">Tenir hors de port\u00e9e des enfants<\/p>\n<\/li>\n<\/ul>\n","protected":false},"excerpt":{"rendered":"<p>&nbsp;<\/p>\n<hr \/>\n<p>&nbsp;<\/p>\n","protected":false},"featured_media":5720,"comment_status":"open","ping_status":"closed","template":"","meta":{"_monsterinsights_skip_tracking":false,"_monsterinsights_sitenote_active":false,"_monsterinsights_sitenote_note":"","_monsterinsights_sitenote_category":0,"site-sidebar-layout":"default","site-content-layout":"","ast-site-content-layout":"default","site-content-style":"default","site-sidebar-style":"default","ast-global-header-display":"","ast-banner-title-visibility":"","ast-main-header-display":"","ast-hfb-above-header-display":"","ast-hfb-below-header-display":"","ast-hfb-mobile-header-display":"","site-post-title":"","ast-breadcrumbs-content":"","ast-featured-img":"","footer-sml-layout":"","theme-transparent-header-meta":"default","adv-header-id-meta":"","stick-header-meta":"","header-above-stick-meta":"","header-main-stick-meta":"","header-below-stick-meta":"","astra-migrate-meta-layouts":"set","ast-page-background-enabled":"default","ast-page-background-meta":{"desktop":{"background-color":"var(--ast-global-color-4)","background-image":"","background-repeat":"repeat","background-position":"center center","background-size":"auto","background-attachment":"scroll","background-type":"","background-media":"","overlay-type":"","overlay-color":"","overlay-opacity":"","overlay-gradient":""},"tablet":{"background-color":"","background-image":"","background-repeat":"repeat","background-position":"center center","background-size":"auto","background-attachment":"scroll","background-type":"","background-media":"","overlay-type":"","overlay-color":"","overlay-opacity":"","overlay-gradient":""},"mobile":{"background-color":"","background-image":"","background-repeat":"repeat","background-position":"center center","background-size":"auto","background-attachment":"scroll","background-type":"","background-media":"","overlay-type":"","overlay-color":"","overlay-opacity":"","overlay-gradient":""}},"ast-content-background-meta":{"desktop":{"background-color":"var(--ast-global-color-5)","background-image":"","background-repeat":"repeat","background-position":"center center","background-size":"auto","background-attachment":"scroll","background-type":"","background-media":"","overlay-type":"","overlay-color":"","overlay-opacity":"","overlay-gradient":""},"tablet":{"background-color":"var(--ast-global-color-5)","background-image":"","background-repeat":"repeat","background-position":"center center","background-size":"auto","background-attachment":"scroll","background-type":"","background-media":"","overlay-type":"","overlay-color":"","overlay-opacity":"","overlay-gradient":""},"mobile":{"background-color":"var(--ast-global-color-5)","background-image":"","background-repeat":"repeat","background-position":"center center","background-size":"auto","background-attachment":"scroll","background-type":"","background-media":"","overlay-type":"","overlay-color":"","overlay-opacity":"","overlay-gradient":""}},"_joinchat":[]},"product_brand":[],"product_cat":[25],"product_tag":[],"class_list":{"0":"post-2054","1":"product","2":"type-product","3":"status-publish","4":"has-post-thumbnail","6":"product_cat-nos-produits-rondeur","7":"desktop-align-left","8":"tablet-align-left","9":"mobile-align-left","10":"tm-has-options","12":"first","13":"instock","14":"taxable","15":"shipping-taxable","16":"purchasable","17":"product-type-simple"},"bundled_by":["508","1934","13309"],"bundle_stock_status":"instock","bundle_stock_quantity":18,"bundle_virtual":false,"bundle_layout":"","bundle_add_to_cart_form_location":"","bundle_editable_in_cart":false,"bundle_sold_individually_context":"","bundle_item_grouping":"","bundle_min_size":"","bundle_max_size":"","bundle_price":[],"bundled_items":[],"bundle_sell_ids":[],"aioseo_notices":[],"yoast_head":"\n<title>SIROP NCBEAUTY - NC BEAUTY<\/title>\n<meta name=\"description\" content=\"sirop fesses hanches le sirop fesses hanches vous permet de travailler votre bas de corps pour avoir de volumem sur ce partie\" \/>\n<meta name=\"robots\" content=\"index, follow, max-snippet:-1, max-image-preview:large, max-video-preview:-1\" \/>\n<link rel=\"canonical\" href=\"https:\/\/ncbeauty.fr\/produit\/sirop-fesses-hanches\/\" \/>\n<meta property=\"og:locale\" content=\"es_ES\" \/>\n<meta property=\"og:type\" content=\"article\" \/>\n<meta property=\"og:title\" content=\"SIROP NCBEAUTY - NC BEAUTY\" \/>\n<meta property=\"og:description\" content=\"sirop fesses hanches le sirop fesses hanches vous permet de travailler votre bas de corps pour avoir de volumem sur ce partie\" \/>\n<meta property=\"og:url\" content=\"https:\/\/ncbeauty.fr\/produit\/sirop-fesses-hanches\/\" \/>\n<meta property=\"og:site_name\" content=\"NC BEAUTY\" \/>\n<meta property=\"article:modified_time\" content=\"2026-04-26T16:11:17+00:00\" \/>\n<meta property=\"og:image\" content=\"https:\/\/ncbeauty.fr\/choaweex\/2024\/08\/Photoroom-20240724_011412.png\" \/>\n\t<meta property=\"og:image:width\" content=\"1600\" \/>\n\t<meta property=\"og:image:height\" content=\"1600\" \/>\n\t<meta property=\"og:image:type\" content=\"image\/png\" \/>\n<meta name=\"twitter:card\" content=\"summary_large_image\" \/>\n<meta name=\"twitter:label1\" content=\"Tiempo de lectura\" \/>\n\t<meta name=\"twitter:data1\" content=\"1 minuto\" \/>\n<script type=\"application\/ld+json\" class=\"yoast-schema-graph\">{\"@context\":\"https:\/\/schema.org\",\"@graph\":[{\"@type\":\"WebPage\",\"@id\":\"https:\/\/ncbeauty.fr\/produit\/sirop-fesses-hanches\/\",\"url\":\"https:\/\/ncbeauty.fr\/produit\/sirop-fesses-hanches\/\",\"name\":\"SIROP NCBEAUTY - NC BEAUTY\",\"isPartOf\":{\"@id\":\"https:\/\/ncbeauty.fr\/#website\"},\"primaryImageOfPage\":{\"@id\":\"https:\/\/ncbeauty.fr\/produit\/sirop-fesses-hanches\/#primaryimage\"},\"image\":{\"@id\":\"https:\/\/ncbeauty.fr\/produit\/sirop-fesses-hanches\/#primaryimage\"},\"thumbnailUrl\":\"https:\/\/ncbeauty.fr\/choaweex\/2024\/08\/Photoroom-20240724_011412.png\",\"datePublished\":\"2024-02-03T23:42:07+00:00\",\"dateModified\":\"2026-04-26T16:11:17+00:00\",\"description\":\"sirop fesses hanches le sirop fesses hanches vous permet de travailler votre bas de corps pour avoir de volumem sur ce partie\",\"breadcrumb\":{\"@id\":\"https:\/\/ncbeauty.fr\/produit\/sirop-fesses-hanches\/#breadcrumb\"},\"inLanguage\":\"es\",\"potentialAction\":[{\"@type\":\"ReadAction\",\"target\":[\"https:\/\/ncbeauty.fr\/produit\/sirop-fesses-hanches\/\"]}]},{\"@type\":\"ImageObject\",\"inLanguage\":\"es\",\"@id\":\"https:\/\/ncbeauty.fr\/produit\/sirop-fesses-hanches\/#primaryimage\",\"url\":\"https:\/\/ncbeauty.fr\/choaweex\/2024\/08\/Photoroom-20240724_011412.png\",\"contentUrl\":\"https:\/\/ncbeauty.fr\/choaweex\/2024\/08\/Photoroom-20240724_011412.png\",\"width\":1600,\"height\":1600},{\"@type\":\"BreadcrumbList\",\"@id\":\"https:\/\/ncbeauty.fr\/produit\/sirop-fesses-hanches\/#breadcrumb\",\"itemListElement\":[{\"@type\":\"ListItem\",\"position\":1,\"name\":\"Accueil\",\"item\":\"https:\/\/ncbeauty.fr\/\"},{\"@type\":\"ListItem\",\"position\":2,\"name\":\"Tienda\",\"item\":\"https:\/\/ncbeauty.fr\/boutique\/\"},{\"@type\":\"ListItem\",\"position\":3,\"name\":\"SIROP NCBEAUTY\"}]},{\"@type\":\"WebSite\",\"@id\":\"https:\/\/ncbeauty.fr\/#website\",\"url\":\"https:\/\/ncbeauty.fr\/\",\"name\":\"NC BEAUTY\",\"description\":\"NC BEAUTY\",\"potentialAction\":[{\"@type\":\"SearchAction\",\"target\":{\"@type\":\"EntryPoint\",\"urlTemplate\":\"https:\/\/ncbeauty.fr\/?s={search_term_string}\"},\"query-input\":{\"@type\":\"PropertyValueSpecification\",\"valueRequired\":true,\"valueName\":\"search_term_string\"}}],\"inLanguage\":\"es\"}]}<\/script>\n","yoast_head_json":{"title":"SIROP NCBEAUTY - NC BEAUTY","description":"sirop fesses hanches le sirop fesses hanches vous permet de travailler votre bas de corps pour avoir de volumem sur ce partie","robots":{"index":"index","follow":"follow","max-snippet":"max-snippet:-1","max-image-preview":"max-image-preview:large","max-video-preview":"max-video-preview:-1"},"canonical":"https:\/\/ncbeauty.fr\/produit\/sirop-fesses-hanches\/","og_locale":"es_ES","og_type":"article","og_title":"SIROP NCBEAUTY - NC BEAUTY","og_description":"sirop fesses hanches le sirop fesses hanches vous permet de travailler votre bas de corps pour avoir de volumem sur ce partie","og_url":"https:\/\/ncbeauty.fr\/produit\/sirop-fesses-hanches\/","og_site_name":"NC BEAUTY","article_modified_time":"2026-04-26T16:11:17+00:00","og_image":[{"width":1600,"height":1600,"url":"https:\/\/ncbeauty.fr\/choaweex\/2024\/08\/Photoroom-20240724_011412.png","type":"image\/png"}],"twitter_card":"summary_large_image","twitter_misc":{"Tiempo de lectura":"1 minuto"},"schema":{"@context":"https:\/\/schema.org","@graph":[{"@type":"WebPage","@id":"https:\/\/ncbeauty.fr\/produit\/sirop-fesses-hanches\/","url":"https:\/\/ncbeauty.fr\/produit\/sirop-fesses-hanches\/","name":"SIROP NCBEAUTY - NC BEAUTY","isPartOf":{"@id":"https:\/\/ncbeauty.fr\/#website"},"primaryImageOfPage":{"@id":"https:\/\/ncbeauty.fr\/produit\/sirop-fesses-hanches\/#primaryimage"},"image":{"@id":"https:\/\/ncbeauty.fr\/produit\/sirop-fesses-hanches\/#primaryimage"},"thumbnailUrl":"https:\/\/ncbeauty.fr\/choaweex\/2024\/08\/Photoroom-20240724_011412.png","datePublished":"2024-02-03T23:42:07+00:00","dateModified":"2026-04-26T16:11:17+00:00","description":"sirop fesses hanches le sirop fesses hanches vous permet de travailler votre bas de corps pour avoir de volumem sur ce partie","breadcrumb":{"@id":"https:\/\/ncbeauty.fr\/produit\/sirop-fesses-hanches\/#breadcrumb"},"inLanguage":"es","potentialAction":[{"@type":"ReadAction","target":["https:\/\/ncbeauty.fr\/produit\/sirop-fesses-hanches\/"]}]},{"@type":"ImageObject","inLanguage":"es","@id":"https:\/\/ncbeauty.fr\/produit\/sirop-fesses-hanches\/#primaryimage","url":"https:\/\/ncbeauty.fr\/choaweex\/2024\/08\/Photoroom-20240724_011412.png","contentUrl":"https:\/\/ncbeauty.fr\/choaweex\/2024\/08\/Photoroom-20240724_011412.png","width":1600,"height":1600},{"@type":"BreadcrumbList","@id":"https:\/\/ncbeauty.fr\/produit\/sirop-fesses-hanches\/#breadcrumb","itemListElement":[{"@type":"ListItem","position":1,"name":"Accueil","item":"https:\/\/ncbeauty.fr\/"},{"@type":"ListItem","position":2,"name":"Tienda","item":"https:\/\/ncbeauty.fr\/boutique\/"},{"@type":"ListItem","position":3,"name":"SIROP NCBEAUTY"}]},{"@type":"WebSite","@id":"https:\/\/ncbeauty.fr\/#website","url":"https:\/\/ncbeauty.fr\/","name":"NC BEAUTY","description":"NC BEAUTY","potentialAction":[{"@type":"SearchAction","target":{"@type":"EntryPoint","urlTemplate":"https:\/\/ncbeauty.fr\/?s={search_term_string}"},"query-input":{"@type":"PropertyValueSpecification","valueRequired":true,"valueName":"search_term_string"}}],"inLanguage":"es"}]}},"jetpack_sharing_enabled":true,"_links":{"self":[{"href":"https:\/\/ncbeauty.fr\/es\/wp-json\/wp\/v2\/product\/2054","targetHints":{"allow":["GET"]}}],"collection":[{"href":"https:\/\/ncbeauty.fr\/es\/wp-json\/wp\/v2\/product"}],"about":[{"href":"https:\/\/ncbeauty.fr\/es\/wp-json\/wp\/v2\/types\/product"}],"replies":[{"embeddable":true,"href":"https:\/\/ncbeauty.fr\/es\/wp-json\/wp\/v2\/comments?post=2054"}],"wp:featuredmedia":[{"embeddable":true,"href":"https:\/\/ncbeauty.fr\/es\/wp-json\/wp\/v2\/media\/5720"}],"wp:attachment":[{"href":"https:\/\/ncbeauty.fr\/es\/wp-json\/wp\/v2\/media?parent=2054"}],"wp:term":[{"taxonomy":"product_brand","embeddable":true,"href":"https:\/\/ncbeauty.fr\/es\/wp-json\/wp\/v2\/product_brand?post=2054"},{"taxonomy":"product_cat","embeddable":true,"href":"https:\/\/ncbeauty.fr\/es\/wp-json\/wp\/v2\/product_cat?post=2054"},{"taxonomy":"product_tag","embeddable":true,"href":"https:\/\/ncbeauty.fr\/es\/wp-json\/wp\/v2\/product_tag?post=2054"}],"curies":[{"name":"wp","href":"https:\/\/api.w.org\/{rel}","templated":true}]}}