{"id":2110,"date":"2024-02-13T00:00:28","date_gmt":"2024-02-13T00:00:28","guid":{"rendered":"https:\/\/ncbeauty.fr\/?post_type=product&#038;p=2110"},"modified":"2026-03-23T15:00:03","modified_gmt":"2026-03-23T15:00:03","slug":"suppositoire-traditionnelles-tassaba","status":"publish","type":"product","link":"https:\/\/ncbeauty.fr\/es\/produit\/suppositoire-traditionnelles-tassaba\/","title":{"rendered":"SUPPOSITOIRE TASSABA"},"content":{"rendered":"<h3 data-start=\"131\" data-end=\"170\"><strong data-start=\"135\" data-end=\"170\">Suppositoire TRADITIONAL<\/strong><\/h3>\n<p data-start=\"172\" data-end=\"353\">Le <strong data-start=\"175\" data-end=\"210\">suppositoire TASSABA ultra dos\u00e9<\/strong> est con\u00e7u pour <strong data-start=\"226\" data-end=\"268\">donner rapidement du volume aux fesses<\/strong>, tout en les rendant <strong data-start=\"290\" data-end=\"306\">plus souples<\/strong> et en <strong data-start=\"313\" data-end=\"352\">\u00e9largissant naturellement le bassin<\/strong>.<\/p>\n<p data-start=\"355\" data-end=\"464\">V\u00e9ritable alli\u00e9 de la f\u00e9minit\u00e9, il agit \u00e9galement comme un <strong data-start=\"414\" data-end=\"463\">rem\u00e8de naturel contre les troubles menstruels<\/strong>.<\/p>\n<p data-start=\"466\" data-end=\"505\">\ud83d\udd52 <strong data-start=\"469\" data-end=\"504\">R\u00e9sultats visibles d\u00e8s 10 jours<\/strong>.<\/p>\n<h3 data-start=\"512\" data-end=\"538\">\ud83d\udd25 <strong data-start=\"519\" data-end=\"536\">Astuce beaut\u00e9<\/strong><\/h3>\n<p data-start=\"539\" data-end=\"642\">Pour un r\u00e9sultat encore plus rapide et intense, associez le suppositoire avec notre <strong data-start=\"623\" data-end=\"641\">cr\u00e8me NCBEAUTY<\/strong>.<\/p>\n<h3 data-start=\"649\" data-end=\"677\">\u2705 <strong data-start=\"655\" data-end=\"675\">Cure recommand\u00e9e<\/strong><\/h3>\n<p data-start=\"678\" data-end=\"753\">Pour un effet durable, il est conseill\u00e9 de suivre une cure de <strong data-start=\"740\" data-end=\"752\">4 bo\u00eetes<\/strong>.<\/p>\n<h3 data-start=\"760\" data-end=\"793\">\u26a0\ufe0f <strong data-start=\"767\" data-end=\"791\">Pr\u00e9cautions d&#8217;emploi<\/strong><\/h3>\n<ul data-start=\"794\" data-end=\"960\">\n<li data-start=\"794\" data-end=\"850\">\n<p data-start=\"796\" data-end=\"850\"><strong data-start=\"796\" data-end=\"847\">D\u00e9conseill\u00e9 aux femmes enceintes ou allaitantes<\/strong>.<\/p>\n<\/li>\n<li data-start=\"851\" data-end=\"924\">\n<p data-start=\"853\" data-end=\"924\">\u00c0 conserver dans un endroit <strong data-start=\"881\" data-end=\"897\">frais et sec<\/strong>, \u00e0 l\u2019abri de la chaleur.<\/p>\n<\/li>\n<li data-start=\"925\" data-end=\"960\">\n<p data-start=\"927\" data-end=\"960\">Tenir hors de port\u00e9e des enfants.<\/p>\n<\/li>\n<\/ul>\n","protected":false},"excerpt":{"rendered":"<h3 data-start=\"131\" data-end=\"170\"><strong data-start=\"135\" data-end=\"170\">Suppositoire TASSABA TRADITIONAL<\/strong><\/h3>\n<p data-start=\"172\" data-end=\"418\">Le SUPPOSITOIR TRADITIONAL agit rapidement pour <strong data-start=\"232\" data-end=\"265\">donner du volume \u00e0 vos fesses<\/strong>, les rendre plus <strong data-start=\"283\" data-end=\"294\">souples<\/strong> et <strong data-start=\"298\" data-end=\"336\">\u00e9largir naturellement votre bassin<\/strong>.<br data-start=\"337\" data-end=\"340\" \/>C\u2019est \u00e9galement un <strong data-start=\"359\" data-end=\"417\">rem\u00e8de naturel efficace contre les troubles menstruels<\/strong>.<\/p>\n<p data-start=\"420\" data-end=\"459\">\ud83d\udd52 <strong data-start=\"423\" data-end=\"458\">R\u00e9sultats visibles d\u00e8s 10 jours<\/strong>.<\/p>\n","protected":false},"featured_media":5728,"comment_status":"open","ping_status":"closed","template":"","meta":{"_monsterinsights_skip_tracking":false,"_monsterinsights_sitenote_active":false,"_monsterinsights_sitenote_note":"","_monsterinsights_sitenote_category":0,"site-sidebar-layout":"default","site-content-layout":"","ast-site-content-layout":"default","site-content-style":"default","site-sidebar-style":"default","ast-global-header-display":"","ast-banner-title-visibility":"","ast-main-header-display":"","ast-hfb-above-header-display":"","ast-hfb-below-header-display":"","ast-hfb-mobile-header-display":"","site-post-title":"","ast-breadcrumbs-content":"","ast-featured-img":"","footer-sml-layout":"","theme-transparent-header-meta":"default","adv-header-id-meta":"","stick-header-meta":"","header-above-stick-meta":"","header-main-stick-meta":"","header-below-stick-meta":"","astra-migrate-meta-layouts":"set","ast-page-background-enabled":"default","ast-page-background-meta":{"desktop":{"background-color":"var(--ast-global-color-4)","background-image":"","background-repeat":"repeat","background-position":"center center","background-size":"auto","background-attachment":"scroll","background-type":"","background-media":"","overlay-type":"","overlay-color":"","overlay-opacity":"","overlay-gradient":""},"tablet":{"background-color":"","background-image":"","background-repeat":"repeat","background-position":"center center","background-size":"auto","background-attachment":"scroll","background-type":"","background-media":"","overlay-type":"","overlay-color":"","overlay-opacity":"","overlay-gradient":""},"mobile":{"background-color":"","background-image":"","background-repeat":"repeat","background-position":"center center","background-size":"auto","background-attachment":"scroll","background-type":"","background-media":"","overlay-type":"","overlay-color":"","overlay-opacity":"","overlay-gradient":""}},"ast-content-background-meta":{"desktop":{"background-color":"var(--ast-global-color-5)","background-image":"","background-repeat":"repeat","background-position":"center center","background-size":"auto","background-attachment":"scroll","background-type":"","background-media":"","overlay-type":"","overlay-color":"","overlay-opacity":"","overlay-gradient":""},"tablet":{"background-color":"var(--ast-global-color-5)","background-image":"","background-repeat":"repeat","background-position":"center center","background-size":"auto","background-attachment":"scroll","background-type":"","background-media":"","overlay-type":"","overlay-color":"","overlay-opacity":"","overlay-gradient":""},"mobile":{"background-color":"var(--ast-global-color-5)","background-image":"","background-repeat":"repeat","background-position":"center center","background-size":"auto","background-attachment":"scroll","background-type":"","background-media":"","overlay-type":"","overlay-color":"","overlay-opacity":"","overlay-gradient":""}},"_joinchat":[]},"product_brand":[],"product_cat":[25],"product_tag":[100],"class_list":{"0":"post-2110","1":"product","2":"type-product","3":"status-publish","4":"has-post-thumbnail","6":"product_cat-nos-produits-rondeur","7":"product_tag-rondeurs","8":"desktop-align-left","9":"tablet-align-left","10":"mobile-align-left","11":"tm-has-options","13":"first","14":"outofstock","15":"taxable","16":"shipping-taxable","17":"purchasable","18":"product-type-simple"},"bundled_by":["8724","8726","5774"],"bundle_stock_status":"outofstock","bundle_stock_quantity":0,"bundle_virtual":false,"bundle_layout":"","bundle_add_to_cart_form_location":"","bundle_editable_in_cart":false,"bundle_sold_individually_context":"","bundle_item_grouping":"","bundle_min_size":"","bundle_max_size":"","bundle_price":[],"bundled_items":[],"bundle_sell_ids":[],"aioseo_notices":[],"yoast_head":"\n<title>Suppositoire tassaba<\/title>\n<meta name=\"description\" content=\"Les suppositoire tassaba vont d\u00e9velopper les fesses ett le bassin naturellement les suppositoire tassaba son id\u00e9al pour car \u00e7a travaille aussi ta fertilit\u00e9\" \/>\n<meta name=\"robots\" content=\"index, follow, max-snippet:-1, max-video-preview:-1, noimageindex\" \/>\n<link rel=\"canonical\" href=\"https:\/\/ncbeauty.fr\/\" \/>\n<meta property=\"og:locale\" content=\"es_ES\" \/>\n<meta property=\"og:type\" content=\"article\" \/>\n<meta property=\"og:title\" content=\"Suppositoire tassaba\" \/>\n<meta property=\"og:description\" content=\"Les suppositoire tassaba vont d\u00e9velopper les fesses ett le bassin naturellement les suppositoire tassaba son id\u00e9al pour car \u00e7a travaille aussi ta fertilit\u00e9\" \/>\n<meta property=\"og:url\" content=\"https:\/\/ncbeauty.fr\/\" \/>\n<meta property=\"og:site_name\" content=\"NC BEAUTY\" \/>\n<meta property=\"article:modified_time\" content=\"2026-03-23T15:00:03+00:00\" \/>\n<meta property=\"og:image\" content=\"https:\/\/ncbeauty.fr\/choaweex\/2024\/08\/Photoroom-20240724_191547.png\" \/>\n\t<meta property=\"og:image:width\" content=\"1600\" \/>\n\t<meta property=\"og:image:height\" content=\"1600\" \/>\n\t<meta property=\"og:image:type\" content=\"image\/png\" \/>\n<meta name=\"twitter:card\" content=\"summary_large_image\" \/>\n<meta name=\"twitter:label1\" content=\"Tiempo de lectura\" \/>\n\t<meta name=\"twitter:data1\" content=\"1 minuto\" \/>\n<script type=\"application\/ld+json\" class=\"yoast-schema-graph\">{\"@context\":\"https:\/\/schema.org\",\"@graph\":[{\"@type\":\"WebPage\",\"@id\":\"https:\/\/ncbeauty.fr\/produit\/suppositoire-traditionnelles-tassaba\/\",\"url\":\"https:\/\/ncbeauty.fr\/\",\"name\":\"Suppositoire tassaba\",\"isPartOf\":{\"@id\":\"https:\/\/ncbeauty.fr\/#website\"},\"primaryImageOfPage\":{\"@id\":\"https:\/\/ncbeauty.fr\/#primaryimage\"},\"image\":{\"@id\":\"https:\/\/ncbeauty.fr\/#primaryimage\"},\"thumbnailUrl\":\"https:\/\/ncbeauty.fr\/choaweex\/2024\/08\/Photoroom-20240724_191547.png\",\"datePublished\":\"2024-02-13T00:00:28+00:00\",\"dateModified\":\"2026-03-23T15:00:03+00:00\",\"description\":\"Les suppositoire tassaba vont d\u00e9velopper les fesses ett le bassin naturellement les suppositoire tassaba son id\u00e9al pour car \u00e7a travaille aussi ta fertilit\u00e9\",\"breadcrumb\":{\"@id\":\"https:\/\/ncbeauty.fr\/#breadcrumb\"},\"inLanguage\":\"es\",\"potentialAction\":[{\"@type\":\"ReadAction\",\"target\":[\"https:\/\/ncbeauty.fr\/\"]}]},{\"@type\":\"ImageObject\",\"inLanguage\":\"es\",\"@id\":\"https:\/\/ncbeauty.fr\/#primaryimage\",\"url\":\"https:\/\/ncbeauty.fr\/choaweex\/2024\/08\/Photoroom-20240724_191547.png\",\"contentUrl\":\"https:\/\/ncbeauty.fr\/choaweex\/2024\/08\/Photoroom-20240724_191547.png\",\"width\":1600,\"height\":1600},{\"@type\":\"BreadcrumbList\",\"@id\":\"https:\/\/ncbeauty.fr\/#breadcrumb\",\"itemListElement\":[{\"@type\":\"ListItem\",\"position\":1,\"name\":\"Accueil\",\"item\":\"https:\/\/ncbeauty.fr\/\"},{\"@type\":\"ListItem\",\"position\":2,\"name\":\"Tienda\",\"item\":\"https:\/\/ncbeauty.fr\/boutique\/\"},{\"@type\":\"ListItem\",\"position\":3,\"name\":\"Suppositoire tassaba\"}]},{\"@type\":\"WebSite\",\"@id\":\"https:\/\/ncbeauty.fr\/#website\",\"url\":\"https:\/\/ncbeauty.fr\/\",\"name\":\"NC BEAUTY\",\"description\":\"NC BEAUTY\",\"potentialAction\":[{\"@type\":\"SearchAction\",\"target\":{\"@type\":\"EntryPoint\",\"urlTemplate\":\"https:\/\/ncbeauty.fr\/?s={search_term_string}\"},\"query-input\":{\"@type\":\"PropertyValueSpecification\",\"valueRequired\":true,\"valueName\":\"search_term_string\"}}],\"inLanguage\":\"es\"}]}<\/script>\n","yoast_head_json":{"title":"Suppositoire tassaba","description":"Les suppositoire tassaba vont d\u00e9velopper les fesses ett le bassin naturellement les suppositoire tassaba son id\u00e9al pour car \u00e7a travaille aussi ta fertilit\u00e9","robots":{"index":"index","follow":"follow","max-snippet":"max-snippet:-1","max-video-preview":"max-video-preview:-1","imageindex":"noimageindex"},"canonical":"https:\/\/ncbeauty.fr\/","og_locale":"es_ES","og_type":"article","og_title":"Suppositoire tassaba","og_description":"Les suppositoire tassaba vont d\u00e9velopper les fesses ett le bassin naturellement les suppositoire tassaba son id\u00e9al pour car \u00e7a travaille aussi ta fertilit\u00e9","og_url":"https:\/\/ncbeauty.fr\/","og_site_name":"NC BEAUTY","article_modified_time":"2026-03-23T15:00:03+00:00","og_image":[{"width":1600,"height":1600,"url":"https:\/\/ncbeauty.fr\/choaweex\/2024\/08\/Photoroom-20240724_191547.png","type":"image\/png"}],"twitter_card":"summary_large_image","twitter_misc":{"Tiempo de lectura":"1 minuto"},"schema":{"@context":"https:\/\/schema.org","@graph":[{"@type":"WebPage","@id":"https:\/\/ncbeauty.fr\/produit\/suppositoire-traditionnelles-tassaba\/","url":"https:\/\/ncbeauty.fr\/","name":"Suppositoire tassaba","isPartOf":{"@id":"https:\/\/ncbeauty.fr\/#website"},"primaryImageOfPage":{"@id":"https:\/\/ncbeauty.fr\/#primaryimage"},"image":{"@id":"https:\/\/ncbeauty.fr\/#primaryimage"},"thumbnailUrl":"https:\/\/ncbeauty.fr\/choaweex\/2024\/08\/Photoroom-20240724_191547.png","datePublished":"2024-02-13T00:00:28+00:00","dateModified":"2026-03-23T15:00:03+00:00","description":"Les suppositoire tassaba vont d\u00e9velopper les fesses ett le bassin naturellement les suppositoire tassaba son id\u00e9al pour car \u00e7a travaille aussi ta fertilit\u00e9","breadcrumb":{"@id":"https:\/\/ncbeauty.fr\/#breadcrumb"},"inLanguage":"es","potentialAction":[{"@type":"ReadAction","target":["https:\/\/ncbeauty.fr\/"]}]},{"@type":"ImageObject","inLanguage":"es","@id":"https:\/\/ncbeauty.fr\/#primaryimage","url":"https:\/\/ncbeauty.fr\/choaweex\/2024\/08\/Photoroom-20240724_191547.png","contentUrl":"https:\/\/ncbeauty.fr\/choaweex\/2024\/08\/Photoroom-20240724_191547.png","width":1600,"height":1600},{"@type":"BreadcrumbList","@id":"https:\/\/ncbeauty.fr\/#breadcrumb","itemListElement":[{"@type":"ListItem","position":1,"name":"Accueil","item":"https:\/\/ncbeauty.fr\/"},{"@type":"ListItem","position":2,"name":"Tienda","item":"https:\/\/ncbeauty.fr\/boutique\/"},{"@type":"ListItem","position":3,"name":"Suppositoire tassaba"}]},{"@type":"WebSite","@id":"https:\/\/ncbeauty.fr\/#website","url":"https:\/\/ncbeauty.fr\/","name":"NC BEAUTY","description":"NC BEAUTY","potentialAction":[{"@type":"SearchAction","target":{"@type":"EntryPoint","urlTemplate":"https:\/\/ncbeauty.fr\/?s={search_term_string}"},"query-input":{"@type":"PropertyValueSpecification","valueRequired":true,"valueName":"search_term_string"}}],"inLanguage":"es"}]}},"jetpack_sharing_enabled":true,"_links":{"self":[{"href":"https:\/\/ncbeauty.fr\/es\/wp-json\/wp\/v2\/product\/2110","targetHints":{"allow":["GET"]}}],"collection":[{"href":"https:\/\/ncbeauty.fr\/es\/wp-json\/wp\/v2\/product"}],"about":[{"href":"https:\/\/ncbeauty.fr\/es\/wp-json\/wp\/v2\/types\/product"}],"replies":[{"embeddable":true,"href":"https:\/\/ncbeauty.fr\/es\/wp-json\/wp\/v2\/comments?post=2110"}],"wp:featuredmedia":[{"embeddable":true,"href":"https:\/\/ncbeauty.fr\/es\/wp-json\/wp\/v2\/media\/5728"}],"wp:attachment":[{"href":"https:\/\/ncbeauty.fr\/es\/wp-json\/wp\/v2\/media?parent=2110"}],"wp:term":[{"taxonomy":"product_brand","embeddable":true,"href":"https:\/\/ncbeauty.fr\/es\/wp-json\/wp\/v2\/product_brand?post=2110"},{"taxonomy":"product_cat","embeddable":true,"href":"https:\/\/ncbeauty.fr\/es\/wp-json\/wp\/v2\/product_cat?post=2110"},{"taxonomy":"product_tag","embeddable":true,"href":"https:\/\/ncbeauty.fr\/es\/wp-json\/wp\/v2\/product_tag?post=2110"}],"curies":[{"name":"wp","href":"https:\/\/api.w.org\/{rel}","templated":true}]}}