{"id":2214,"date":"2024-02-23T12:06:30","date_gmt":"2024-02-23T12:06:30","guid":{"rendered":"https:\/\/ncbeauty.fr\/?post_type=product&#038;p=2214"},"modified":"2026-04-27T15:15:34","modified_gmt":"2026-04-27T15:15:34","slug":"sirop-fruity","status":"publish","type":"product","link":"https:\/\/ncbeauty.fr\/es\/produit\/sirop-fruity\/","title":{"rendered":"SIROP FRUITY"},"content":{"rendered":"<p>le sirop fruity agit au niveau\u00a0 des les fesses et les hanches<\/p>\n<p>\u00c7a cibl\u00e9e l\u00e9g\u00e8rement les sei<\/p>\n<p>c&#8217;est un m&#8217;lange des fruits traditionnel africaine\u00a0 \u00a0r\u00e8put\u00e8e\u00a0 pour grossir les fesses et hanches de manier naturel.<\/p>\n<p>augmente le volume des fesses \u00a0\u00e9largie le bassin<\/p>\n<p>ce sirop vous fais pas grossir<\/p>\n<p>il cibl\u00e9e uniquement le bas de corps<\/p>\n<p>200ML<\/p>\n<p>&nbsp;<\/p>\n<p>6 sirop\u00a0 pour atteindre vos objectifs<\/p>\n<p>INTERDIT AU FEMME ENCEINTE AU EN PLAIN ALLAITEMENT<\/p>\n","protected":false},"excerpt":{"rendered":"<p data-start=\"115\" data-end=\"203\"><strong data-start=\"115\" data-end=\"201\">D\u00e9couvrez le Sirop Fruity \u2013 Votre secret pour sublimer vos courbes naturellement !<\/strong><\/p>\n<p data-start=\"205\" data-end=\"334\">Le Sirop Fruity agit sp\u00e9cifiquement sur les <strong data-start=\"249\" data-end=\"259\">fesses<\/strong> et les<\/p>\n<p data-start=\"205\" data-end=\"334\"><strong data-start=\"267\" data-end=\"278\">hanches<\/strong>, en aidant \u00e0 augmenter leur volume de mani\u00e8re cibl\u00e9e.<\/p>\n<p data-start=\"336\" data-end=\"542\">Formul\u00e9 \u00e0 base d\u2019un <strong data-start=\"356\" data-end=\"401\">m\u00e9lange de fruits traditionnels africains<\/strong><\/p>\n<p data-start=\"336\" data-end=\"542\">reconnus pour leurs vertus naturelles, ce sirop favorise un \u00e9largissement harmonieux du bassin, sans provoquer de prise de poids g\u00e9n\u00e9rale.<\/p>\n<p data-start=\"544\" data-end=\"686\">\ud83c\udfaf <strong data-start=\"547\" data-end=\"583\">Cible uniquement le bas du corps<\/strong><br data-start=\"583\" data-end=\"586\" \/>\ud83c\udf51 <strong data-start=\"589\" data-end=\"636\">Augmente naturellement le volume des fesses<\/strong><br data-start=\"636\" data-end=\"639\" \/>\ud83c\udf3f <strong data-start=\"642\" data-end=\"684\">100 % naturel, sans effets secondaires<\/strong><\/p>\n<p data-start=\"688\" data-end=\"787\">Envie de galber votre silhouette sans effort ? Adoptez Fruity, et laissez la nature vous sculpter<\/p>\n","protected":false},"featured_media":5750,"comment_status":"open","ping_status":"closed","template":"","meta":{"_monsterinsights_skip_tracking":false,"_monsterinsights_sitenote_active":false,"_monsterinsights_sitenote_note":"","_monsterinsights_sitenote_category":0,"site-sidebar-layout":"default","site-content-layout":"","ast-site-content-layout":"default","site-content-style":"default","site-sidebar-style":"default","ast-global-header-display":"","ast-banner-title-visibility":"","ast-main-header-display":"","ast-hfb-above-header-display":"","ast-hfb-below-header-display":"","ast-hfb-mobile-header-display":"","site-post-title":"","ast-breadcrumbs-content":"","ast-featured-img":"","footer-sml-layout":"","theme-transparent-header-meta":"default","adv-header-id-meta":"","stick-header-meta":"","header-above-stick-meta":"","header-main-stick-meta":"","header-below-stick-meta":"","astra-migrate-meta-layouts":"set","ast-page-background-enabled":"default","ast-page-background-meta":{"desktop":{"background-color":"var(--ast-global-color-4)","background-image":"","background-repeat":"repeat","background-position":"center center","background-size":"auto","background-attachment":"scroll","background-type":"","background-media":"","overlay-type":"","overlay-color":"","overlay-opacity":"","overlay-gradient":""},"tablet":{"background-color":"","background-image":"","background-repeat":"repeat","background-position":"center center","background-size":"auto","background-attachment":"scroll","background-type":"","background-media":"","overlay-type":"","overlay-color":"","overlay-opacity":"","overlay-gradient":""},"mobile":{"background-color":"","background-image":"","background-repeat":"repeat","background-position":"center center","background-size":"auto","background-attachment":"scroll","background-type":"","background-media":"","overlay-type":"","overlay-color":"","overlay-opacity":"","overlay-gradient":""}},"ast-content-background-meta":{"desktop":{"background-color":"var(--ast-global-color-5)","background-image":"","background-repeat":"repeat","background-position":"center center","background-size":"auto","background-attachment":"scroll","background-type":"","background-media":"","overlay-type":"","overlay-color":"","overlay-opacity":"","overlay-gradient":""},"tablet":{"background-color":"var(--ast-global-color-5)","background-image":"","background-repeat":"repeat","background-position":"center center","background-size":"auto","background-attachment":"scroll","background-type":"","background-media":"","overlay-type":"","overlay-color":"","overlay-opacity":"","overlay-gradient":""},"mobile":{"background-color":"var(--ast-global-color-5)","background-image":"","background-repeat":"repeat","background-position":"center center","background-size":"auto","background-attachment":"scroll","background-type":"","background-media":"","overlay-type":"","overlay-color":"","overlay-opacity":"","overlay-gradient":""}},"_joinchat":[]},"product_brand":[],"product_cat":[25],"product_tag":[100,99],"class_list":{"0":"post-2214","1":"product","2":"type-product","3":"status-publish","4":"has-post-thumbnail","6":"product_cat-nos-produits-rondeur","7":"product_tag-rondeurs","8":"product_tag-top-rondeurs","9":"desktop-align-left","10":"tablet-align-left","11":"mobile-align-left","12":"tm-has-options","14":"first","15":"instock","16":"featured","17":"taxable","18":"shipping-taxable","19":"purchasable","20":"product-type-simple"},"bundled_by":["2527","5777","5774","16247"],"bundle_stock_status":"instock","bundle_stock_quantity":3,"bundle_virtual":false,"bundle_layout":"","bundle_add_to_cart_form_location":"","bundle_editable_in_cart":false,"bundle_sold_individually_context":"","bundle_item_grouping":"","bundle_min_size":"","bundle_max_size":"","bundle_price":[],"bundled_items":[],"bundle_sell_ids":[],"aioseo_notices":[],"yoast_head":"\n<title>SIROP FRUITY - NC BEAUTY<\/title>\n<meta name=\"description\" content=\"%Le Sirop Fruity est un sirop \u00e0 base de fruits africains. Il est con\u00e7u pour agir sp\u00e9cifiquement sur les fesses, les hanches et le bassin. Le Sirop Fruity cible uniquement la partie inf\u00e9rieure du corps, pour des courbes naturelles et bien dessin\u00e9es.\" \/>\n<meta name=\"robots\" content=\"index, follow, max-snippet:-1, max-image-preview:large, max-video-preview:-1\" \/>\n<link rel=\"canonical\" href=\"https:\/\/ncbeauty.fr\/produit\/sirop-fruity\/\" \/>\n<meta property=\"og:locale\" content=\"es_ES\" \/>\n<meta property=\"og:type\" content=\"article\" \/>\n<meta property=\"og:title\" content=\"SIROP FRUITY - NC BEAUTY\" \/>\n<meta property=\"og:description\" content=\"%Le Sirop Fruity est un sirop \u00e0 base de fruits africains. Il est con\u00e7u pour agir sp\u00e9cifiquement sur les fesses, les hanches et le bassin. Le Sirop Fruity cible uniquement la partie inf\u00e9rieure du corps, pour des courbes naturelles et bien dessin\u00e9es.\" \/>\n<meta property=\"og:url\" content=\"https:\/\/ncbeauty.fr\/produit\/sirop-fruity\/\" \/>\n<meta property=\"og:site_name\" content=\"NC BEAUTY\" \/>\n<meta property=\"article:modified_time\" content=\"2026-04-27T15:15:34+00:00\" \/>\n<meta property=\"og:image\" content=\"https:\/\/ncbeauty.fr\/choaweex\/2024\/02\/Sirop-fruity.jpeg\" \/>\n\t<meta property=\"og:image:width\" content=\"1600\" \/>\n\t<meta property=\"og:image:height\" content=\"1600\" \/>\n\t<meta property=\"og:image:type\" content=\"image\/jpeg\" \/>\n<meta name=\"twitter:card\" content=\"summary_large_image\" \/>\n<meta name=\"twitter:label1\" content=\"Tiempo de lectura\" \/>\n\t<meta name=\"twitter:data1\" content=\"1 minuto\" \/>\n<script type=\"application\/ld+json\" class=\"yoast-schema-graph\">{\"@context\":\"https:\/\/schema.org\",\"@graph\":[{\"@type\":\"WebPage\",\"@id\":\"https:\/\/ncbeauty.fr\/produit\/sirop-fruity\/\",\"url\":\"https:\/\/ncbeauty.fr\/produit\/sirop-fruity\/\",\"name\":\"SIROP FRUITY - NC BEAUTY\",\"isPartOf\":{\"@id\":\"https:\/\/ncbeauty.fr\/#website\"},\"primaryImageOfPage\":{\"@id\":\"https:\/\/ncbeauty.fr\/produit\/sirop-fruity\/#primaryimage\"},\"image\":{\"@id\":\"https:\/\/ncbeauty.fr\/produit\/sirop-fruity\/#primaryimage\"},\"thumbnailUrl\":\"https:\/\/ncbeauty.fr\/choaweex\/2024\/02\/Sirop-fruity.jpeg\",\"datePublished\":\"2024-02-23T12:06:30+00:00\",\"dateModified\":\"2026-04-27T15:15:34+00:00\",\"description\":\"%Le Sirop Fruity est un sirop \u00e0 base de fruits africains. Il est con\u00e7u pour agir sp\u00e9cifiquement sur les fesses, les hanches et le bassin. Le Sirop Fruity cible uniquement la partie inf\u00e9rieure du corps, pour des courbes naturelles et bien dessin\u00e9es.\",\"breadcrumb\":{\"@id\":\"https:\/\/ncbeauty.fr\/produit\/sirop-fruity\/#breadcrumb\"},\"inLanguage\":\"es\",\"potentialAction\":[{\"@type\":\"ReadAction\",\"target\":[\"https:\/\/ncbeauty.fr\/produit\/sirop-fruity\/\"]}]},{\"@type\":\"ImageObject\",\"inLanguage\":\"es\",\"@id\":\"https:\/\/ncbeauty.fr\/produit\/sirop-fruity\/#primaryimage\",\"url\":\"https:\/\/ncbeauty.fr\/choaweex\/2024\/02\/Sirop-fruity.jpeg\",\"contentUrl\":\"https:\/\/ncbeauty.fr\/choaweex\/2024\/02\/Sirop-fruity.jpeg\",\"width\":1600,\"height\":1600},{\"@type\":\"BreadcrumbList\",\"@id\":\"https:\/\/ncbeauty.fr\/produit\/sirop-fruity\/#breadcrumb\",\"itemListElement\":[{\"@type\":\"ListItem\",\"position\":1,\"name\":\"Accueil\",\"item\":\"https:\/\/ncbeauty.fr\/\"},{\"@type\":\"ListItem\",\"position\":2,\"name\":\"Tienda\",\"item\":\"https:\/\/ncbeauty.fr\/boutique\/\"},{\"@type\":\"ListItem\",\"position\":3,\"name\":\"SIROP FRUITY\"}]},{\"@type\":\"WebSite\",\"@id\":\"https:\/\/ncbeauty.fr\/#website\",\"url\":\"https:\/\/ncbeauty.fr\/\",\"name\":\"NC BEAUTY\",\"description\":\"NC BEAUTY\",\"potentialAction\":[{\"@type\":\"SearchAction\",\"target\":{\"@type\":\"EntryPoint\",\"urlTemplate\":\"https:\/\/ncbeauty.fr\/?s={search_term_string}\"},\"query-input\":{\"@type\":\"PropertyValueSpecification\",\"valueRequired\":true,\"valueName\":\"search_term_string\"}}],\"inLanguage\":\"es\"}]}<\/script>\n","yoast_head_json":{"title":"SIROP FRUITY - NC BEAUTY","description":"%Le Sirop Fruity est un sirop \u00e0 base de fruits africains. Il est con\u00e7u pour agir sp\u00e9cifiquement sur les fesses, les hanches et le bassin. Le Sirop Fruity cible uniquement la partie inf\u00e9rieure du corps, pour des courbes naturelles et bien dessin\u00e9es.","robots":{"index":"index","follow":"follow","max-snippet":"max-snippet:-1","max-image-preview":"max-image-preview:large","max-video-preview":"max-video-preview:-1"},"canonical":"https:\/\/ncbeauty.fr\/produit\/sirop-fruity\/","og_locale":"es_ES","og_type":"article","og_title":"SIROP FRUITY - NC BEAUTY","og_description":"%Le Sirop Fruity est un sirop \u00e0 base de fruits africains. Il est con\u00e7u pour agir sp\u00e9cifiquement sur les fesses, les hanches et le bassin. Le Sirop Fruity cible uniquement la partie inf\u00e9rieure du corps, pour des courbes naturelles et bien dessin\u00e9es.","og_url":"https:\/\/ncbeauty.fr\/produit\/sirop-fruity\/","og_site_name":"NC BEAUTY","article_modified_time":"2026-04-27T15:15:34+00:00","og_image":[{"width":1600,"height":1600,"url":"https:\/\/ncbeauty.fr\/choaweex\/2024\/02\/Sirop-fruity.jpeg","type":"image\/jpeg"}],"twitter_card":"summary_large_image","twitter_misc":{"Tiempo de lectura":"1 minuto"},"schema":{"@context":"https:\/\/schema.org","@graph":[{"@type":"WebPage","@id":"https:\/\/ncbeauty.fr\/produit\/sirop-fruity\/","url":"https:\/\/ncbeauty.fr\/produit\/sirop-fruity\/","name":"SIROP FRUITY - NC BEAUTY","isPartOf":{"@id":"https:\/\/ncbeauty.fr\/#website"},"primaryImageOfPage":{"@id":"https:\/\/ncbeauty.fr\/produit\/sirop-fruity\/#primaryimage"},"image":{"@id":"https:\/\/ncbeauty.fr\/produit\/sirop-fruity\/#primaryimage"},"thumbnailUrl":"https:\/\/ncbeauty.fr\/choaweex\/2024\/02\/Sirop-fruity.jpeg","datePublished":"2024-02-23T12:06:30+00:00","dateModified":"2026-04-27T15:15:34+00:00","description":"%Le Sirop Fruity est un sirop \u00e0 base de fruits africains. Il est con\u00e7u pour agir sp\u00e9cifiquement sur les fesses, les hanches et le bassin. Le Sirop Fruity cible uniquement la partie inf\u00e9rieure du corps, pour des courbes naturelles et bien dessin\u00e9es.","breadcrumb":{"@id":"https:\/\/ncbeauty.fr\/produit\/sirop-fruity\/#breadcrumb"},"inLanguage":"es","potentialAction":[{"@type":"ReadAction","target":["https:\/\/ncbeauty.fr\/produit\/sirop-fruity\/"]}]},{"@type":"ImageObject","inLanguage":"es","@id":"https:\/\/ncbeauty.fr\/produit\/sirop-fruity\/#primaryimage","url":"https:\/\/ncbeauty.fr\/choaweex\/2024\/02\/Sirop-fruity.jpeg","contentUrl":"https:\/\/ncbeauty.fr\/choaweex\/2024\/02\/Sirop-fruity.jpeg","width":1600,"height":1600},{"@type":"BreadcrumbList","@id":"https:\/\/ncbeauty.fr\/produit\/sirop-fruity\/#breadcrumb","itemListElement":[{"@type":"ListItem","position":1,"name":"Accueil","item":"https:\/\/ncbeauty.fr\/"},{"@type":"ListItem","position":2,"name":"Tienda","item":"https:\/\/ncbeauty.fr\/boutique\/"},{"@type":"ListItem","position":3,"name":"SIROP FRUITY"}]},{"@type":"WebSite","@id":"https:\/\/ncbeauty.fr\/#website","url":"https:\/\/ncbeauty.fr\/","name":"NC BEAUTY","description":"NC BEAUTY","potentialAction":[{"@type":"SearchAction","target":{"@type":"EntryPoint","urlTemplate":"https:\/\/ncbeauty.fr\/?s={search_term_string}"},"query-input":{"@type":"PropertyValueSpecification","valueRequired":true,"valueName":"search_term_string"}}],"inLanguage":"es"}]}},"jetpack_sharing_enabled":true,"_links":{"self":[{"href":"https:\/\/ncbeauty.fr\/es\/wp-json\/wp\/v2\/product\/2214","targetHints":{"allow":["GET"]}}],"collection":[{"href":"https:\/\/ncbeauty.fr\/es\/wp-json\/wp\/v2\/product"}],"about":[{"href":"https:\/\/ncbeauty.fr\/es\/wp-json\/wp\/v2\/types\/product"}],"replies":[{"embeddable":true,"href":"https:\/\/ncbeauty.fr\/es\/wp-json\/wp\/v2\/comments?post=2214"}],"wp:featuredmedia":[{"embeddable":true,"href":"https:\/\/ncbeauty.fr\/es\/wp-json\/wp\/v2\/media\/5750"}],"wp:attachment":[{"href":"https:\/\/ncbeauty.fr\/es\/wp-json\/wp\/v2\/media?parent=2214"}],"wp:term":[{"taxonomy":"product_brand","embeddable":true,"href":"https:\/\/ncbeauty.fr\/es\/wp-json\/wp\/v2\/product_brand?post=2214"},{"taxonomy":"product_cat","embeddable":true,"href":"https:\/\/ncbeauty.fr\/es\/wp-json\/wp\/v2\/product_cat?post=2214"},{"taxonomy":"product_tag","embeddable":true,"href":"https:\/\/ncbeauty.fr\/es\/wp-json\/wp\/v2\/product_tag?post=2214"}],"curies":[{"name":"wp","href":"https:\/\/api.w.org\/{rel}","templated":true}]}}