{"id":274,"date":"2022-07-29T22:24:41","date_gmt":"2022-07-29T22:24:41","guid":{"rendered":"https:\/\/ncbeauty.fr\/?post_type=product&#038;p=274"},"modified":"2025-11-02T23:01:34","modified_gmt":"2025-11-02T23:01:34","slug":"khamare","status":"publish","type":"product","link":"https:\/\/ncbeauty.fr\/es\/produit\/khamare\/","title":{"rendered":"KHAMARE"},"content":{"rendered":"<p style=\"text-align: center\"><span style=\"font-weight: 400\"><strong>Avantages<\/strong><br \/>\nIl lutte contre les infections urinaires et vaginales<\/span><\/p>\n<p style=\"text-align: center\"><span style=\"font-weight: 400\">Il att\u00e9nue les douleurs li\u00e9es aux r\u00e8gles<\/span><\/p>\n<p style=\"text-align: center\"><span style=\"font-weight: 400\">Il nettoie les impuret\u00e9s du ventre<\/span><\/p>\n<p style=\"text-align: center\"><span style=\"font-weight: 400\">Elimine les pertes blanches<\/span><\/p>\n<p style=\"text-align: center\"><span style=\"font-weight: 400\">Il \u00e9limine les mauvaises odeurs intimes et soulage les d\u00e9mangeaisons<\/span><\/p>\n<p style=\"text-align: center\"><span style=\"font-weight: 400\">Il lutte contre la s\u00e9cheresse vaginale (lubrifiant naturel)<\/span><\/p>\n<p style=\"text-align: center\"><span style=\"font-weight: 400\">Aphrodisiaque naturel<\/span><\/p>\n<p style=\"text-align: center\"><span style=\"font-weight: 400\">Rends la peau plus \u00e9clatante<\/span><\/p>\n<p style=\"text-align: center\"><b>Mode d&#8217;utilisation\u00a0<\/b><\/p>\n<p style=\"text-align: center\"><span style=\"font-weight: 400\">\u00c0 froid, il suffit de laisser infuser 1 ou 2 tiges dans votre bouteille d\u2019eau que vous laisserez infuser quelques heures avant de boire. Vous pouvez r\u00e9utiliser les m\u00eames tiges jusqu\u2019\u00e0 3 fois tant que vous sentez le go\u00fbt du Khamare.<\/span><\/p>\n<p style=\"text-align: center\"><span style=\"font-weight: 400\">\u00a0\u00c0 chaud : Faire bouillir vos tiges dans une bonne casserole d\u2019eau (1 tige pour 1.5\u2009l d\u2019eau) pendants 10-15 minutes, laisser ti\u00e8de puis vous pourrez boire votre tisane.<\/span><\/p>\n","protected":false},"excerpt":{"rendered":"<p>D\u00e9couvrez le secret ancestral de bien-\u00eatre et de vitalit\u00e9 avec le Khamar\u00e9, \u00e9galement connu sous le nom de racine de V\u00e9tiver. R\u00e9v\u00e9lant ses <strong>vertus exceptionnelles<\/strong> depuis des si\u00e8cles, ce tr\u00e9sor de la nature est v\u00e9n\u00e9r\u00e9 pour ses multiples bienfaits. De la <strong>lutte contre les infections urinaires et vaginales \u00e0 l&#8217;apaisement des douleurs menstruelles<\/strong>, en passant par <strong>la purification des impuret\u00e9s abdominales<\/strong>, chaque propri\u00e9t\u00e9 de cette racine pr\u00e9cieuse offre une harmonie essentielle. \u00c9liminant les pertes ind\u00e9sirables, rafra\u00eechissant et apaisant les sens, <strong>le Khamar\u00e9 est bien plus qu&#8217;un rem\u00e8de : c&#8217;est un symbole de puret\u00e9 et de r\u00e9g\u00e9n\u00e9ration<\/strong>, enveloppant chaque instant de votre vie d&#8217;une gr\u00e2ce naturelle.<\/p>\n<p><span style=\"font-weight: 400\">Selon vos pr\u00e9f\u00e9rences, il peut \u00eatre consomm\u00e9 froid, ti\u00e8de ou chaud.<\/span><\/p>\n","protected":false},"featured_media":342,"comment_status":"open","ping_status":"closed","template":"","meta":{"_monsterinsights_skip_tracking":false,"_monsterinsights_sitenote_active":false,"_monsterinsights_sitenote_note":"","_monsterinsights_sitenote_category":0,"site-sidebar-layout":"default","site-content-layout":"","ast-site-content-layout":"default","site-content-style":"default","site-sidebar-style":"default","ast-global-header-display":"","ast-banner-title-visibility":"","ast-main-header-display":"","ast-hfb-above-header-display":"","ast-hfb-below-header-display":"","ast-hfb-mobile-header-display":"","site-post-title":"","ast-breadcrumbs-content":"","ast-featured-img":"","footer-sml-layout":"","theme-transparent-header-meta":"default","adv-header-id-meta":"","stick-header-meta":"","header-above-stick-meta":"","header-main-stick-meta":"","header-below-stick-meta":"","astra-migrate-meta-layouts":"set","ast-page-background-enabled":"default","ast-page-background-meta":{"desktop":{"background-color":"var(--ast-global-color-4)","background-image":"","background-repeat":"repeat","background-position":"center center","background-size":"auto","background-attachment":"scroll","background-type":"","background-media":"","overlay-type":"","overlay-color":"","overlay-opacity":"","overlay-gradient":""},"tablet":{"background-color":"","background-image":"","background-repeat":"repeat","background-position":"center center","background-size":"auto","background-attachment":"scroll","background-type":"","background-media":"","overlay-type":"","overlay-color":"","overlay-opacity":"","overlay-gradient":""},"mobile":{"background-color":"","background-image":"","background-repeat":"repeat","background-position":"center center","background-size":"auto","background-attachment":"scroll","background-type":"","background-media":"","overlay-type":"","overlay-color":"","overlay-opacity":"","overlay-gradient":""}},"ast-content-background-meta":{"desktop":{"background-color":"var(--ast-global-color-5)","background-image":"","background-repeat":"repeat","background-position":"center center","background-size":"auto","background-attachment":"scroll","background-type":"","background-media":"","overlay-type":"","overlay-color":"","overlay-opacity":"","overlay-gradient":""},"tablet":{"background-color":"var(--ast-global-color-5)","background-image":"","background-repeat":"repeat","background-position":"center center","background-size":"auto","background-attachment":"scroll","background-type":"","background-media":"","overlay-type":"","overlay-color":"","overlay-opacity":"","overlay-gradient":""},"mobile":{"background-color":"var(--ast-global-color-5)","background-image":"","background-repeat":"repeat","background-position":"center center","background-size":"auto","background-attachment":"scroll","background-type":"","background-media":"","overlay-type":"","overlay-color":"","overlay-opacity":"","overlay-gradient":""}},"_joinchat":[]},"product_brand":[],"product_cat":[24],"product_tag":[],"class_list":{"0":"post-274","1":"product","2":"type-product","3":"status-publish","4":"has-post-thumbnail","6":"product_cat-nos-produits-aphrodisiaque","7":"desktop-align-left","8":"tablet-align-left","9":"mobile-align-left","10":"tm-has-options","12":"first","13":"instock","14":"taxable","15":"shipping-taxable","16":"purchasable","17":"product-type-simple"},"bundled_by":[],"bundle_stock_status":"instock","bundle_stock_quantity":6,"bundle_virtual":false,"bundle_layout":"","bundle_add_to_cart_form_location":"","bundle_editable_in_cart":false,"bundle_sold_individually_context":"","bundle_item_grouping":"","bundle_min_size":"","bundle_max_size":"","bundle_price":[],"bundled_items":[],"bundle_sell_ids":[],"aioseo_notices":[],"yoast_head":"\n<title>KHAMARE - NC BEAUTY<\/title>\n<meta name=\"robots\" content=\"index, follow, max-snippet:-1, max-image-preview:large, max-video-preview:-1\" \/>\n<link rel=\"canonical\" href=\"https:\/\/ncbeauty.fr\/produit\/khamare\/\" \/>\n<meta property=\"og:locale\" content=\"es_ES\" \/>\n<meta property=\"og:type\" content=\"article\" \/>\n<meta property=\"og:title\" content=\"KHAMARE - NC BEAUTY\" \/>\n<meta property=\"og:description\" content=\"D\u00e9couvrez le secret ancestral de bien-\u00eatre et de vitalit\u00e9 avec le Khamar\u00e9, \u00e9galement connu sous le nom de racine de V\u00e9tiver. R\u00e9v\u00e9lant ses vertus exceptionnelles depuis des si\u00e8cles, ce tr\u00e9sor de la nature est v\u00e9n\u00e9r\u00e9 pour ses multiples bienfaits. De la lutte contre les infections urinaires et vaginales \u00e0 l&#039;apaisement des douleurs menstruelles, en passant par la purification des impuret\u00e9s abdominales, chaque propri\u00e9t\u00e9 de cette racine pr\u00e9cieuse offre une harmonie essentielle. \u00c9liminant les pertes ind\u00e9sirables, rafra\u00eechissant et apaisant les sens, le Khamar\u00e9 est bien plus qu&#039;un rem\u00e8de : c&#039;est un symbole de puret\u00e9 et de r\u00e9g\u00e9n\u00e9ration, enveloppant chaque instant de votre vie d&#039;une gr\u00e2ce naturelle.  Selon vos pr\u00e9f\u00e9rences, il peut \u00eatre consomm\u00e9 froid, ti\u00e8de ou chaud.\" \/>\n<meta property=\"og:url\" content=\"https:\/\/ncbeauty.fr\/produit\/khamare\/\" \/>\n<meta property=\"og:site_name\" content=\"NC BEAUTY\" \/>\n<meta property=\"article:modified_time\" content=\"2025-11-02T23:01:34+00:00\" \/>\n<meta property=\"og:image\" content=\"https:\/\/ncbeauty.fr\/choaweex\/2022\/07\/20220729_212155-scaled.webp\" \/>\n\t<meta property=\"og:image:width\" content=\"1440\" \/>\n\t<meta property=\"og:image:height\" content=\"2560\" \/>\n\t<meta property=\"og:image:type\" content=\"image\/webp\" \/>\n<meta name=\"twitter:card\" content=\"summary_large_image\" \/>\n<meta name=\"twitter:label1\" content=\"Tiempo de lectura\" \/>\n\t<meta name=\"twitter:data1\" content=\"1 minuto\" \/>\n<script type=\"application\/ld+json\" class=\"yoast-schema-graph\">{\"@context\":\"https:\/\/schema.org\",\"@graph\":[{\"@type\":\"WebPage\",\"@id\":\"https:\/\/ncbeauty.fr\/produit\/khamare\/\",\"url\":\"https:\/\/ncbeauty.fr\/produit\/khamare\/\",\"name\":\"KHAMARE - NC BEAUTY\",\"isPartOf\":{\"@id\":\"https:\/\/ncbeauty.fr\/#website\"},\"primaryImageOfPage\":{\"@id\":\"https:\/\/ncbeauty.fr\/produit\/khamare\/#primaryimage\"},\"image\":{\"@id\":\"https:\/\/ncbeauty.fr\/produit\/khamare\/#primaryimage\"},\"thumbnailUrl\":\"https:\/\/ncbeauty.fr\/choaweex\/2022\/07\/20220729_212155-scaled.webp\",\"datePublished\":\"2022-07-29T22:24:41+00:00\",\"dateModified\":\"2025-11-02T23:01:34+00:00\",\"breadcrumb\":{\"@id\":\"https:\/\/ncbeauty.fr\/produit\/khamare\/#breadcrumb\"},\"inLanguage\":\"es\",\"potentialAction\":[{\"@type\":\"ReadAction\",\"target\":[\"https:\/\/ncbeauty.fr\/produit\/khamare\/\"]}]},{\"@type\":\"ImageObject\",\"inLanguage\":\"es\",\"@id\":\"https:\/\/ncbeauty.fr\/produit\/khamare\/#primaryimage\",\"url\":\"https:\/\/ncbeauty.fr\/choaweex\/2022\/07\/20220729_212155-scaled.webp\",\"contentUrl\":\"https:\/\/ncbeauty.fr\/choaweex\/2022\/07\/20220729_212155-scaled.webp\",\"width\":1440,\"height\":2560},{\"@type\":\"BreadcrumbList\",\"@id\":\"https:\/\/ncbeauty.fr\/produit\/khamare\/#breadcrumb\",\"itemListElement\":[{\"@type\":\"ListItem\",\"position\":1,\"name\":\"Accueil\",\"item\":\"https:\/\/ncbeauty.fr\/\"},{\"@type\":\"ListItem\",\"position\":2,\"name\":\"Tienda\",\"item\":\"https:\/\/ncbeauty.fr\/boutique\/\"},{\"@type\":\"ListItem\",\"position\":3,\"name\":\"KHAMARE\"}]},{\"@type\":\"WebSite\",\"@id\":\"https:\/\/ncbeauty.fr\/#website\",\"url\":\"https:\/\/ncbeauty.fr\/\",\"name\":\"NC BEAUTY\",\"description\":\"NC BEAUTY\",\"potentialAction\":[{\"@type\":\"SearchAction\",\"target\":{\"@type\":\"EntryPoint\",\"urlTemplate\":\"https:\/\/ncbeauty.fr\/?s={search_term_string}\"},\"query-input\":{\"@type\":\"PropertyValueSpecification\",\"valueRequired\":true,\"valueName\":\"search_term_string\"}}],\"inLanguage\":\"es\"}]}<\/script>\n","yoast_head_json":{"title":"KHAMARE - NC BEAUTY","robots":{"index":"index","follow":"follow","max-snippet":"max-snippet:-1","max-image-preview":"max-image-preview:large","max-video-preview":"max-video-preview:-1"},"canonical":"https:\/\/ncbeauty.fr\/produit\/khamare\/","og_locale":"es_ES","og_type":"article","og_title":"KHAMARE - NC BEAUTY","og_description":"D\u00e9couvrez le secret ancestral de bien-\u00eatre et de vitalit\u00e9 avec le Khamar\u00e9, \u00e9galement connu sous le nom de racine de V\u00e9tiver. R\u00e9v\u00e9lant ses vertus exceptionnelles depuis des si\u00e8cles, ce tr\u00e9sor de la nature est v\u00e9n\u00e9r\u00e9 pour ses multiples bienfaits. De la lutte contre les infections urinaires et vaginales \u00e0 l'apaisement des douleurs menstruelles, en passant par la purification des impuret\u00e9s abdominales, chaque propri\u00e9t\u00e9 de cette racine pr\u00e9cieuse offre une harmonie essentielle. \u00c9liminant les pertes ind\u00e9sirables, rafra\u00eechissant et apaisant les sens, le Khamar\u00e9 est bien plus qu'un rem\u00e8de : c'est un symbole de puret\u00e9 et de r\u00e9g\u00e9n\u00e9ration, enveloppant chaque instant de votre vie d'une gr\u00e2ce naturelle.  Selon vos pr\u00e9f\u00e9rences, il peut \u00eatre consomm\u00e9 froid, ti\u00e8de ou chaud.","og_url":"https:\/\/ncbeauty.fr\/produit\/khamare\/","og_site_name":"NC BEAUTY","article_modified_time":"2025-11-02T23:01:34+00:00","og_image":[{"width":1440,"height":2560,"url":"https:\/\/ncbeauty.fr\/choaweex\/2022\/07\/20220729_212155-scaled.webp","type":"image\/webp"}],"twitter_card":"summary_large_image","twitter_misc":{"Tiempo de lectura":"1 minuto"},"schema":{"@context":"https:\/\/schema.org","@graph":[{"@type":"WebPage","@id":"https:\/\/ncbeauty.fr\/produit\/khamare\/","url":"https:\/\/ncbeauty.fr\/produit\/khamare\/","name":"KHAMARE - NC BEAUTY","isPartOf":{"@id":"https:\/\/ncbeauty.fr\/#website"},"primaryImageOfPage":{"@id":"https:\/\/ncbeauty.fr\/produit\/khamare\/#primaryimage"},"image":{"@id":"https:\/\/ncbeauty.fr\/produit\/khamare\/#primaryimage"},"thumbnailUrl":"https:\/\/ncbeauty.fr\/choaweex\/2022\/07\/20220729_212155-scaled.webp","datePublished":"2022-07-29T22:24:41+00:00","dateModified":"2025-11-02T23:01:34+00:00","breadcrumb":{"@id":"https:\/\/ncbeauty.fr\/produit\/khamare\/#breadcrumb"},"inLanguage":"es","potentialAction":[{"@type":"ReadAction","target":["https:\/\/ncbeauty.fr\/produit\/khamare\/"]}]},{"@type":"ImageObject","inLanguage":"es","@id":"https:\/\/ncbeauty.fr\/produit\/khamare\/#primaryimage","url":"https:\/\/ncbeauty.fr\/choaweex\/2022\/07\/20220729_212155-scaled.webp","contentUrl":"https:\/\/ncbeauty.fr\/choaweex\/2022\/07\/20220729_212155-scaled.webp","width":1440,"height":2560},{"@type":"BreadcrumbList","@id":"https:\/\/ncbeauty.fr\/produit\/khamare\/#breadcrumb","itemListElement":[{"@type":"ListItem","position":1,"name":"Accueil","item":"https:\/\/ncbeauty.fr\/"},{"@type":"ListItem","position":2,"name":"Tienda","item":"https:\/\/ncbeauty.fr\/boutique\/"},{"@type":"ListItem","position":3,"name":"KHAMARE"}]},{"@type":"WebSite","@id":"https:\/\/ncbeauty.fr\/#website","url":"https:\/\/ncbeauty.fr\/","name":"NC BEAUTY","description":"NC BEAUTY","potentialAction":[{"@type":"SearchAction","target":{"@type":"EntryPoint","urlTemplate":"https:\/\/ncbeauty.fr\/?s={search_term_string}"},"query-input":{"@type":"PropertyValueSpecification","valueRequired":true,"valueName":"search_term_string"}}],"inLanguage":"es"}]}},"jetpack_sharing_enabled":true,"_links":{"self":[{"href":"https:\/\/ncbeauty.fr\/es\/wp-json\/wp\/v2\/product\/274","targetHints":{"allow":["GET"]}}],"collection":[{"href":"https:\/\/ncbeauty.fr\/es\/wp-json\/wp\/v2\/product"}],"about":[{"href":"https:\/\/ncbeauty.fr\/es\/wp-json\/wp\/v2\/types\/product"}],"replies":[{"embeddable":true,"href":"https:\/\/ncbeauty.fr\/es\/wp-json\/wp\/v2\/comments?post=274"}],"wp:featuredmedia":[{"embeddable":true,"href":"https:\/\/ncbeauty.fr\/es\/wp-json\/wp\/v2\/media\/342"}],"wp:attachment":[{"href":"https:\/\/ncbeauty.fr\/es\/wp-json\/wp\/v2\/media?parent=274"}],"wp:term":[{"taxonomy":"product_brand","embeddable":true,"href":"https:\/\/ncbeauty.fr\/es\/wp-json\/wp\/v2\/product_brand?post=274"},{"taxonomy":"product_cat","embeddable":true,"href":"https:\/\/ncbeauty.fr\/es\/wp-json\/wp\/v2\/product_cat?post=274"},{"taxonomy":"product_tag","embeddable":true,"href":"https:\/\/ncbeauty.fr\/es\/wp-json\/wp\/v2\/product_tag?post=274"}],"curies":[{"name":"wp","href":"https:\/\/api.w.org\/{rel}","templated":true}]}}