{"id":285,"date":"2022-07-30T08:43:19","date_gmt":"2022-07-30T08:43:19","guid":{"rendered":"https:\/\/ncbeauty.fr\/?post_type=product&#038;p=285"},"modified":"2025-12-22T11:54:35","modified_gmt":"2025-12-22T11:54:35","slug":"the-detox-14-days","status":"publish","type":"product","link":"https:\/\/ncbeauty.fr\/es\/produit\/the-detox-14-days\/","title":{"rendered":"TH\u00c9 DETOX 14 DAYS"},"content":{"rendered":"<ul>\n<li style=\"font-weight: 400\"><b>Le th\u00e9 d\u00e9tox NCBEAUTY<\/b><\/li>\n<\/ul>\n<p><span style=\"font-weight: 400\">Comprends 14 saches\u00a0<\/span><\/p>\n<p><span style=\"font-weight: 400\">Cure de 14 jours<\/span><\/p>\n<ul>\n<li><b>Avantages\u00a0<\/b><\/li>\n<\/ul>\n<ol>\n<li style=\"font-weight: 400\"><span style=\"font-weight: 400\">Perte de poids<\/span><\/li>\n<li style=\"font-weight: 400\"><span style=\"font-weight: 400\">Bruler de calories\u00a0<\/span><\/li>\n<li style=\"font-weight: 400\"><span style=\"font-weight: 400\">Estimer le m\u00e9tabolisme<\/span><\/li>\n<li style=\"font-weight: 400\"><span style=\"font-weight: 400\">Nettoyer le corps<\/span><\/li>\n<li style=\"font-weight: 400\"><span style=\"font-weight: 400\">Supprimer l\u2019app\u00e9tit<\/span><\/li>\n<li style=\"font-weight: 400\"><span style=\"font-weight: 400\">Augmenter le niveau d\u2019\u00e9nergie<\/span><\/li>\n<\/ol>\n<ul>\n<li><b>Ingr\u00e9dients :<\/b><\/li>\n<\/ul>\n<p><span style=\"font-weight: 400\">The oolong, feuille de s\u00e9ne, r\u00e9glisse, menthe, poivr\u00e9e, fenouil, feuille de lotus, graines de cassia, 100\u2009% naturel, sans produits chimiques ni conservation<\/span><\/p>\n<ul>\n<li style=\"font-weight: 400\"><span style=\"font-weight: 400\">Produits 100\u2009% vegan\u00a0<\/span><\/li>\n<li style=\"font-weight: 400\"><span style=\"font-weight: 400\">Est non test\u00e9 sur les animaux <\/span><\/li>\n<\/ul>\n","protected":false},"excerpt":{"rendered":"<p>Plongez dans une exp\u00e9rience sensorielle revitalisante avec le Th\u00e9 D\u00e9tox 14 Days de ncbeauty. Laissez-vous envo\u00fbter par ce m\u00e9lange harmonieux d&#8217;extraits de plantes, con\u00e7u <strong>pour purifier naturellement votre corps tout en douceur<\/strong>. Offrant une \u00e9chapp\u00e9e d\u00e9licieusement fra\u00eeche, chaque gorg\u00e9e est une invitation \u00e0 la <strong>vitalit\u00e9<\/strong> et \u00e0 l&#8217;\u00e9quilibre. <strong>Lib\u00e9rez-vous des toxines<\/strong> tout en savourant un moment de bien-\u00eatre absolu. <strong>Une formule d\u00e9toxifiante sur mesure<\/strong>, fa\u00e7onn\u00e9e pour ceux qui aspirent \u00e0 une silhouette \u00e9panouie et une sant\u00e9 rayonnante. Vivez pleinement chaque journ\u00e9e de cette qu\u00eate, en vous laissant porter par la douceur de ce breuvage bienfaisant.<\/p>\n","protected":false},"featured_media":5729,"comment_status":"open","ping_status":"closed","template":"","meta":{"_monsterinsights_skip_tracking":false,"_monsterinsights_sitenote_active":false,"_monsterinsights_sitenote_note":"","_monsterinsights_sitenote_category":0,"site-sidebar-layout":"default","site-content-layout":"","ast-site-content-layout":"default","site-content-style":"default","site-sidebar-style":"default","ast-global-header-display":"","ast-banner-title-visibility":"","ast-main-header-display":"","ast-hfb-above-header-display":"","ast-hfb-below-header-display":"","ast-hfb-mobile-header-display":"","site-post-title":"","ast-breadcrumbs-content":"","ast-featured-img":"","footer-sml-layout":"","theme-transparent-header-meta":"default","adv-header-id-meta":"","stick-header-meta":"","header-above-stick-meta":"","header-main-stick-meta":"","header-below-stick-meta":"","astra-migrate-meta-layouts":"set","ast-page-background-enabled":"default","ast-page-background-meta":{"desktop":{"background-color":"var(--ast-global-color-4)","background-image":"","background-repeat":"repeat","background-position":"center center","background-size":"auto","background-attachment":"scroll","background-type":"","background-media":"","overlay-type":"","overlay-color":"","overlay-opacity":"","overlay-gradient":""},"tablet":{"background-color":"","background-image":"","background-repeat":"repeat","background-position":"center center","background-size":"auto","background-attachment":"scroll","background-type":"","background-media":"","overlay-type":"","overlay-color":"","overlay-opacity":"","overlay-gradient":""},"mobile":{"background-color":"","background-image":"","background-repeat":"repeat","background-position":"center center","background-size":"auto","background-attachment":"scroll","background-type":"","background-media":"","overlay-type":"","overlay-color":"","overlay-opacity":"","overlay-gradient":""}},"ast-content-background-meta":{"desktop":{"background-color":"var(--ast-global-color-5)","background-image":"","background-repeat":"repeat","background-position":"center center","background-size":"auto","background-attachment":"scroll","background-type":"","background-media":"","overlay-type":"","overlay-color":"","overlay-opacity":"","overlay-gradient":""},"tablet":{"background-color":"var(--ast-global-color-5)","background-image":"","background-repeat":"repeat","background-position":"center center","background-size":"auto","background-attachment":"scroll","background-type":"","background-media":"","overlay-type":"","overlay-color":"","overlay-opacity":"","overlay-gradient":""},"mobile":{"background-color":"var(--ast-global-color-5)","background-image":"","background-repeat":"repeat","background-position":"center center","background-size":"auto","background-attachment":"scroll","background-type":"","background-media":"","overlay-type":"","overlay-color":"","overlay-opacity":"","overlay-gradient":""}},"_joinchat":[]},"product_brand":[],"product_cat":[26],"product_tag":[105],"class_list":{"0":"post-285","1":"product","2":"type-product","3":"status-publish","4":"has-post-thumbnail","6":"product_cat-nos-produits-minceur","7":"product_tag-perte-de-poids","8":"desktop-align-left","9":"tablet-align-left","10":"mobile-align-left","11":"tm-has-options","13":"first","14":"instock","15":"featured","16":"taxable","17":"shipping-taxable","18":"purchasable","19":"product-type-simple"},"bundled_by":[],"bundle_stock_status":"instock","bundle_stock_quantity":26,"bundle_virtual":false,"bundle_layout":"","bundle_add_to_cart_form_location":"","bundle_editable_in_cart":false,"bundle_sold_individually_context":"","bundle_item_grouping":"","bundle_min_size":"","bundle_max_size":"","bundle_price":[],"bundled_items":[],"bundle_sell_ids":[],"aioseo_notices":[],"yoast_head":"\n<title>TH\u00c9 DETOX 14 DAYS - NC BEAUTY<\/title>\n<meta name=\"description\" content=\"Le the detox 14 jour et id\u00e9al pour votre perte de poids il va vous aide a detosiffie votre m\u00e9tabolisme. Le the detox vous permet de perde de poids meme sant sport\" \/>\n<meta name=\"robots\" content=\"index, follow, max-snippet:-1, max-image-preview:large, max-video-preview:-1, noarchive\" \/>\n<link rel=\"canonical\" href=\"https:\/\/ncbeauty.fr\/produit\/the-detox-14-days\/\" \/>\n<meta property=\"og:locale\" content=\"es_ES\" \/>\n<meta property=\"og:type\" content=\"article\" \/>\n<meta property=\"og:title\" content=\"TH\u00c9 DETOX 14 DAYS - NC BEAUTY\" \/>\n<meta property=\"og:description\" content=\"Le the detox 14 jour et id\u00e9al pour votre perte de poids il va vous aide a detosiffie votre m\u00e9tabolisme. Le the detox vous permet de perde de poids meme sant sport\" \/>\n<meta property=\"og:url\" content=\"https:\/\/ncbeauty.fr\/produit\/the-detox-14-days\/\" \/>\n<meta property=\"og:site_name\" content=\"NC BEAUTY\" \/>\n<meta property=\"article:modified_time\" content=\"2025-12-22T11:54:35+00:00\" \/>\n<meta property=\"og:image\" content=\"https:\/\/ncbeauty.fr\/choaweex\/2024\/08\/Photoroom-20240724_191625.png\" \/>\n\t<meta property=\"og:image:width\" content=\"1600\" \/>\n\t<meta property=\"og:image:height\" content=\"1600\" \/>\n\t<meta property=\"og:image:type\" content=\"image\/png\" \/>\n<meta name=\"twitter:card\" content=\"summary_large_image\" \/>\n<meta name=\"twitter:label1\" content=\"Tiempo de lectura\" \/>\n\t<meta name=\"twitter:data1\" content=\"1 minuto\" \/>\n<script type=\"application\/ld+json\" class=\"yoast-schema-graph\">{\"@context\":\"https:\/\/schema.org\",\"@graph\":[{\"@type\":\"WebPage\",\"@id\":\"https:\/\/ncbeauty.fr\/produit\/the-detox-14-days\/\",\"url\":\"https:\/\/ncbeauty.fr\/produit\/the-detox-14-days\/\",\"name\":\"TH\u00c9 DETOX 14 DAYS - NC BEAUTY\",\"isPartOf\":{\"@id\":\"https:\/\/ncbeauty.fr\/#website\"},\"primaryImageOfPage\":{\"@id\":\"https:\/\/ncbeauty.fr\/produit\/the-detox-14-days\/#primaryimage\"},\"image\":{\"@id\":\"https:\/\/ncbeauty.fr\/produit\/the-detox-14-days\/#primaryimage\"},\"thumbnailUrl\":\"https:\/\/ncbeauty.fr\/choaweex\/2024\/08\/Photoroom-20240724_191625.png\",\"datePublished\":\"2022-07-30T08:43:19+00:00\",\"dateModified\":\"2025-12-22T11:54:35+00:00\",\"description\":\"Le the detox 14 jour et id\u00e9al pour votre perte de poids il va vous aide a detosiffie votre m\u00e9tabolisme. Le the detox vous permet de perde de poids meme sant sport\",\"breadcrumb\":{\"@id\":\"https:\/\/ncbeauty.fr\/produit\/the-detox-14-days\/#breadcrumb\"},\"inLanguage\":\"es\",\"potentialAction\":[{\"@type\":\"ReadAction\",\"target\":[\"https:\/\/ncbeauty.fr\/produit\/the-detox-14-days\/\"]}]},{\"@type\":\"ImageObject\",\"inLanguage\":\"es\",\"@id\":\"https:\/\/ncbeauty.fr\/produit\/the-detox-14-days\/#primaryimage\",\"url\":\"https:\/\/ncbeauty.fr\/choaweex\/2024\/08\/Photoroom-20240724_191625.png\",\"contentUrl\":\"https:\/\/ncbeauty.fr\/choaweex\/2024\/08\/Photoroom-20240724_191625.png\",\"width\":1600,\"height\":1600},{\"@type\":\"BreadcrumbList\",\"@id\":\"https:\/\/ncbeauty.fr\/produit\/the-detox-14-days\/#breadcrumb\",\"itemListElement\":[{\"@type\":\"ListItem\",\"position\":1,\"name\":\"Accueil\",\"item\":\"https:\/\/ncbeauty.fr\/\"},{\"@type\":\"ListItem\",\"position\":2,\"name\":\"Tienda\",\"item\":\"https:\/\/ncbeauty.fr\/boutique\/\"},{\"@type\":\"ListItem\",\"position\":3,\"name\":\"The detox 14 jours\"}]},{\"@type\":\"WebSite\",\"@id\":\"https:\/\/ncbeauty.fr\/#website\",\"url\":\"https:\/\/ncbeauty.fr\/\",\"name\":\"NC BEAUTY\",\"description\":\"NC BEAUTY\",\"potentialAction\":[{\"@type\":\"SearchAction\",\"target\":{\"@type\":\"EntryPoint\",\"urlTemplate\":\"https:\/\/ncbeauty.fr\/?s={search_term_string}\"},\"query-input\":{\"@type\":\"PropertyValueSpecification\",\"valueRequired\":true,\"valueName\":\"search_term_string\"}}],\"inLanguage\":\"es\"}]}<\/script>\n","yoast_head_json":{"title":"TH\u00c9 DETOX 14 DAYS - NC BEAUTY","description":"Le the detox 14 jour et id\u00e9al pour votre perte de poids il va vous aide a detosiffie votre m\u00e9tabolisme. Le the detox vous permet de perde de poids meme sant sport","robots":{"index":"index","follow":"follow","max-snippet":"max-snippet:-1","max-image-preview":"max-image-preview:large","max-video-preview":"max-video-preview:-1","archive":"noarchive"},"canonical":"https:\/\/ncbeauty.fr\/produit\/the-detox-14-days\/","og_locale":"es_ES","og_type":"article","og_title":"TH\u00c9 DETOX 14 DAYS - NC BEAUTY","og_description":"Le the detox 14 jour et id\u00e9al pour votre perte de poids il va vous aide a detosiffie votre m\u00e9tabolisme. Le the detox vous permet de perde de poids meme sant sport","og_url":"https:\/\/ncbeauty.fr\/produit\/the-detox-14-days\/","og_site_name":"NC BEAUTY","article_modified_time":"2025-12-22T11:54:35+00:00","og_image":[{"width":1600,"height":1600,"url":"https:\/\/ncbeauty.fr\/choaweex\/2024\/08\/Photoroom-20240724_191625.png","type":"image\/png"}],"twitter_card":"summary_large_image","twitter_misc":{"Tiempo de lectura":"1 minuto"},"schema":{"@context":"https:\/\/schema.org","@graph":[{"@type":"WebPage","@id":"https:\/\/ncbeauty.fr\/produit\/the-detox-14-days\/","url":"https:\/\/ncbeauty.fr\/produit\/the-detox-14-days\/","name":"TH\u00c9 DETOX 14 DAYS - NC BEAUTY","isPartOf":{"@id":"https:\/\/ncbeauty.fr\/#website"},"primaryImageOfPage":{"@id":"https:\/\/ncbeauty.fr\/produit\/the-detox-14-days\/#primaryimage"},"image":{"@id":"https:\/\/ncbeauty.fr\/produit\/the-detox-14-days\/#primaryimage"},"thumbnailUrl":"https:\/\/ncbeauty.fr\/choaweex\/2024\/08\/Photoroom-20240724_191625.png","datePublished":"2022-07-30T08:43:19+00:00","dateModified":"2025-12-22T11:54:35+00:00","description":"Le the detox 14 jour et id\u00e9al pour votre perte de poids il va vous aide a detosiffie votre m\u00e9tabolisme. Le the detox vous permet de perde de poids meme sant sport","breadcrumb":{"@id":"https:\/\/ncbeauty.fr\/produit\/the-detox-14-days\/#breadcrumb"},"inLanguage":"es","potentialAction":[{"@type":"ReadAction","target":["https:\/\/ncbeauty.fr\/produit\/the-detox-14-days\/"]}]},{"@type":"ImageObject","inLanguage":"es","@id":"https:\/\/ncbeauty.fr\/produit\/the-detox-14-days\/#primaryimage","url":"https:\/\/ncbeauty.fr\/choaweex\/2024\/08\/Photoroom-20240724_191625.png","contentUrl":"https:\/\/ncbeauty.fr\/choaweex\/2024\/08\/Photoroom-20240724_191625.png","width":1600,"height":1600},{"@type":"BreadcrumbList","@id":"https:\/\/ncbeauty.fr\/produit\/the-detox-14-days\/#breadcrumb","itemListElement":[{"@type":"ListItem","position":1,"name":"Accueil","item":"https:\/\/ncbeauty.fr\/"},{"@type":"ListItem","position":2,"name":"Tienda","item":"https:\/\/ncbeauty.fr\/boutique\/"},{"@type":"ListItem","position":3,"name":"The detox 14 jours"}]},{"@type":"WebSite","@id":"https:\/\/ncbeauty.fr\/#website","url":"https:\/\/ncbeauty.fr\/","name":"NC BEAUTY","description":"NC BEAUTY","potentialAction":[{"@type":"SearchAction","target":{"@type":"EntryPoint","urlTemplate":"https:\/\/ncbeauty.fr\/?s={search_term_string}"},"query-input":{"@type":"PropertyValueSpecification","valueRequired":true,"valueName":"search_term_string"}}],"inLanguage":"es"}]}},"jetpack_sharing_enabled":true,"_links":{"self":[{"href":"https:\/\/ncbeauty.fr\/es\/wp-json\/wp\/v2\/product\/285","targetHints":{"allow":["GET"]}}],"collection":[{"href":"https:\/\/ncbeauty.fr\/es\/wp-json\/wp\/v2\/product"}],"about":[{"href":"https:\/\/ncbeauty.fr\/es\/wp-json\/wp\/v2\/types\/product"}],"replies":[{"embeddable":true,"href":"https:\/\/ncbeauty.fr\/es\/wp-json\/wp\/v2\/comments?post=285"}],"wp:featuredmedia":[{"embeddable":true,"href":"https:\/\/ncbeauty.fr\/es\/wp-json\/wp\/v2\/media\/5729"}],"wp:attachment":[{"href":"https:\/\/ncbeauty.fr\/es\/wp-json\/wp\/v2\/media?parent=285"}],"wp:term":[{"taxonomy":"product_brand","embeddable":true,"href":"https:\/\/ncbeauty.fr\/es\/wp-json\/wp\/v2\/product_brand?post=285"},{"taxonomy":"product_cat","embeddable":true,"href":"https:\/\/ncbeauty.fr\/es\/wp-json\/wp\/v2\/product_cat?post=285"},{"taxonomy":"product_tag","embeddable":true,"href":"https:\/\/ncbeauty.fr\/es\/wp-json\/wp\/v2\/product_tag?post=285"}],"curies":[{"name":"wp","href":"https:\/\/api.w.org\/{rel}","templated":true}]}}