{"id":3393,"date":"2024-04-27T13:58:45","date_gmt":"2024-04-27T13:58:45","guid":{"rendered":"https:\/\/ncbeauty.fr\/?post_type=product&#038;p=3393"},"modified":"2025-12-22T11:54:41","modified_gmt":"2025-12-22T11:54:41","slug":"le-kit-de-la-gloire","status":"publish","type":"product","link":"https:\/\/ncbeauty.fr\/es\/produit\/le-kit-de-la-gloire\/","title":{"rendered":"LE KIT DE LA GLOIRE"},"content":{"rendered":"<h3 data-start=\"556\" data-end=\"599\">Conseils \u00e0 transmettre \u00e0 tes clientes :<\/h3>\n<ol data-start=\"601\" data-end=\"1335\">\n<li data-start=\"601\" data-end=\"773\">\n<p data-start=\"604\" data-end=\"773\"><strong data-start=\"604\" data-end=\"631\">Utilisation s\u00e9curis\u00e9e :<\/strong> Le gant prot\u00e8ge votre peau des irritations et permet un gommage efficace sans agresser. Insistez bien sur ce point pour \u00e9viter les erreurs.<\/p>\n<\/li>\n<li data-start=\"774\" data-end=\"906\">\n<p data-start=\"777\" data-end=\"906\"><strong data-start=\"777\" data-end=\"793\">R\u00e9gularit\u00e9 :<\/strong> Encouragez-les \u00e0 faire le gommage tous les jours, mais pas plus d\u2019une fois, pour laisser la peau se r\u00e9g\u00e9n\u00e9rer.<\/p>\n<\/li>\n<li data-start=\"907\" data-end=\"1042\">\n<p data-start=\"910\" data-end=\"1042\"><strong data-start=\"910\" data-end=\"941\">Hydratation apr\u00e8s gommage :<\/strong> Expliquez l\u2019importance d\u2019appliquer l\u2019huile juste apr\u00e8s le rin\u00e7age pour nourrir et r\u00e9parer la peau.<\/p>\n<\/li>\n<li data-start=\"1043\" data-end=\"1186\">\n<p data-start=\"1046\" data-end=\"1186\"><strong data-start=\"1046\" data-end=\"1077\">Respect du temps d\u2019action :<\/strong> Ne pas laisser le gommage sur la peau longtemps, ni dormir avec, pour \u00e9viter toute irritation ou r\u00e9action.<\/p>\n<\/li>\n<li data-start=\"1187\" data-end=\"1335\">\n<p data-start=\"1190\" data-end=\"1335\"><strong data-start=\"1190\" data-end=\"1223\">Pr\u00e9cautions suppl\u00e9mentaires :<\/strong> En cas de peau sensible ou de rougeurs, recommandez de r\u00e9duire la fr\u00e9quence ou de consulter un professionnel.<\/p>\n<\/li>\n<\/ol>\n","protected":false},"excerpt":{"rendered":"<p data-start=\"91\" data-end=\"479\"><strong data-start=\"91\" data-end=\"287\">Plongez dans l\u2019ultime exp\u00e9rience de transformation avec notre Kit de la Gloire, une v\u00e9ritable r\u00e9v\u00e9lation pour celles et ceux qui r\u00eavent de courbes sculpturales et d\u2019une confiance in\u00e9branlable.<\/strong><br data-start=\"287\" data-end=\"290\" \/>Ce kit r\u00e9volutionnaire combine deux joyaux de la beaut\u00e9 : le <strong data-start=\"351\" data-end=\"383\">Gommage BBL \u00e0 effet imm\u00e9diat<\/strong> et l\u2019<strong data-start=\"389\" data-end=\"415\">Huile Effets Imm\u00e9diats<\/strong>, pour des r\u00e9sultats \u00e9poustouflants d\u00e8s la premi\u00e8re application.<\/p>\n<p data-start=\"481\" data-end=\"803\">Con\u00e7u sp\u00e9cialement pour celles et ceux qui souhaitent d\u00e9velopper harmonieusement leur bas du corps, notre kit offre une solution compl\u00e8te pour sublimer fesses, hanches, bassin, et m\u00eame seins. Chaque application est une invitation \u00e0 l\u2019\u00e9panouissement, \u00e0 la d\u00e9couverte d\u2019une version plus confiante et audacieuse de vous-m\u00eame.<\/p>\n<p data-start=\"805\" data-end=\"1184\">Laissez- vous transporter par la magie de notre formule unique, qui agit en profondeur pour stimuler la croissance naturelle de vos courbes, tout en nourrissant et hydratant votre peau pour une douceur incomparable.<br data-start=\"1019\" data-end=\"1022\" \/>Ressentez la puissance de la transformation d\u00e8s le premier contact, et laissez-vous emporter par l\u2019euphorie de voir vos r\u00eaves de beaut\u00e9 prendre vie sous vos yeux.<\/p>\n<p data-start=\"1186\" data-end=\"1481\">Osez embrasser votre potentiel et lib\u00e9rez- vous de vos limites avec notre Kit de la Gloire.<br data-start=\"1276\" data-end=\"1279\" \/>Vivez l\u2019exp\u00e9rience ultime de renaissance, et laissez votre silhouette rayonner de toute sa splendeur \u2014 car la v\u00e9ritable gloire r\u00e9side dans la confiance et la beaut\u00e9 int\u00e9rieure que vous r\u00e9v\u00e9lez au monde.<\/p>\n","protected":false},"featured_media":5756,"comment_status":"open","ping_status":"closed","template":"","meta":{"_monsterinsights_skip_tracking":false,"_monsterinsights_sitenote_active":false,"_monsterinsights_sitenote_note":"","_monsterinsights_sitenote_category":0,"site-sidebar-layout":"default","site-content-layout":"","ast-site-content-layout":"default","site-content-style":"default","site-sidebar-style":"default","ast-global-header-display":"","ast-banner-title-visibility":"","ast-main-header-display":"","ast-hfb-above-header-display":"","ast-hfb-below-header-display":"","ast-hfb-mobile-header-display":"","site-post-title":"","ast-breadcrumbs-content":"","ast-featured-img":"","footer-sml-layout":"","theme-transparent-header-meta":"default","adv-header-id-meta":"","stick-header-meta":"","header-above-stick-meta":"","header-main-stick-meta":"","header-below-stick-meta":"","astra-migrate-meta-layouts":"set","ast-page-background-enabled":"default","ast-page-background-meta":{"desktop":{"background-color":"var(--ast-global-color-4)","background-image":"","background-repeat":"repeat","background-position":"center center","background-size":"auto","background-attachment":"scroll","background-type":"","background-media":"","overlay-type":"","overlay-color":"","overlay-opacity":"","overlay-gradient":""},"tablet":{"background-color":"","background-image":"","background-repeat":"repeat","background-position":"center center","background-size":"auto","background-attachment":"scroll","background-type":"","background-media":"","overlay-type":"","overlay-color":"","overlay-opacity":"","overlay-gradient":""},"mobile":{"background-color":"","background-image":"","background-repeat":"repeat","background-position":"center center","background-size":"auto","background-attachment":"scroll","background-type":"","background-media":"","overlay-type":"","overlay-color":"","overlay-opacity":"","overlay-gradient":""}},"ast-content-background-meta":{"desktop":{"background-color":"var(--ast-global-color-5)","background-image":"","background-repeat":"repeat","background-position":"center center","background-size":"auto","background-attachment":"scroll","background-type":"","background-media":"","overlay-type":"","overlay-color":"","overlay-opacity":"","overlay-gradient":""},"tablet":{"background-color":"var(--ast-global-color-5)","background-image":"","background-repeat":"repeat","background-position":"center center","background-size":"auto","background-attachment":"scroll","background-type":"","background-media":"","overlay-type":"","overlay-color":"","overlay-opacity":"","overlay-gradient":""},"mobile":{"background-color":"var(--ast-global-color-5)","background-image":"","background-repeat":"repeat","background-position":"center center","background-size":"auto","background-attachment":"scroll","background-type":"","background-media":"","overlay-type":"","overlay-color":"","overlay-opacity":"","overlay-gradient":""}},"_joinchat":[]},"product_brand":[],"product_cat":[25,110],"product_tag":[],"class_list":{"0":"post-3393","1":"product","2":"type-product","3":"status-publish","4":"has-post-thumbnail","6":"product_cat-nos-produits-rondeur","7":"product_cat-produits-cosmetiques","8":"desktop-align-left","9":"tablet-align-left","10":"mobile-align-left","11":"tm-has-options","13":"first","14":"instock","15":"featured","16":"taxable","17":"shipping-taxable","18":"purchasable","19":"product-type-bundle"},"bundled_by":[],"bundle_stock_status":"instock","bundle_stock_quantity":12,"bundle_virtual":false,"bundle_layout":"default","bundle_add_to_cart_form_location":"default","bundle_editable_in_cart":false,"bundle_sold_individually_context":"product","bundle_item_grouping":"parent","bundle_min_size":"","bundle_max_size":"","bundle_price":{"price":{"min":{"incl_tax":"180","excl_tax":"180"},"max":{"incl_tax":"180","excl_tax":"180"}},"regular_price":{"min":{"incl_tax":"180","excl_tax":"180"},"max":{"incl_tax":"180","excl_tax":"180"}}},"bundled_items":[{"bundled_item_id":1,"product_id":3395,"menu_order":0,"quantity_min":1,"quantity_max":1,"quantity_default":1,"priced_individually":false,"shipped_individually":false,"override_title":false,"title":"Gommage BBL","override_description":false,"description":"","optional":false,"hide_thumbnail":false,"discount":"","override_variations":false,"allowed_variations":[],"override_default_variation_attributes":false,"default_variation_attributes":[],"single_product_visibility":"visible","cart_visibility":"visible","order_visibility":"visible","single_product_price_visibility":"visible","cart_price_visibility":"visible","order_price_visibility":"visible","stock_status":"in_stock"},{"bundled_item_id":2,"product_id":3397,"menu_order":1,"quantity_min":1,"quantity_max":1,"quantity_default":1,"priced_individually":false,"shipped_individually":false,"override_title":false,"title":"Huile effets imm\u00e9diats","override_description":false,"description":"","optional":false,"hide_thumbnail":false,"discount":"","override_variations":false,"allowed_variations":[],"override_default_variation_attributes":false,"default_variation_attributes":[],"single_product_visibility":"visible","cart_visibility":"visible","order_visibility":"visible","single_product_price_visibility":"visible","cart_price_visibility":"visible","order_price_visibility":"visible","stock_status":"in_stock"}],"bundle_sell_ids":[],"aioseo_notices":[],"yoast_head":"\n<title>LE KIT DE LA GLOIRE - NC BEAUTY<\/title>\n<meta name=\"robots\" content=\"index, follow, max-snippet:-1, max-image-preview:large, max-video-preview:-1\" \/>\n<link rel=\"canonical\" href=\"https:\/\/ncbeauty.fr\/produit\/le-kit-de-la-gloire\/\" \/>\n<meta property=\"og:locale\" content=\"es_ES\" \/>\n<meta property=\"og:type\" content=\"article\" \/>\n<meta property=\"og:title\" content=\"LE KIT DE LA GLOIRE - NC BEAUTY\" \/>\n<meta property=\"og:description\" content=\"Plongez dans l\u2019ultime exp\u00e9rience de transformation avec notre Kit de la Gloire, une v\u00e9ritable r\u00e9v\u00e9lation pour celles et ceux qui r\u00eavent de courbes sculpturales et d\u2019une confiance in\u00e9branlable.Ce kit r\u00e9volutionnaire combine deux joyaux de la beaut\u00e9 : le Gommage BBL \u00e0 effet imm\u00e9diat et l\u2019Huile Effets Imm\u00e9diats, pour des r\u00e9sultats \u00e9poustouflants d\u00e8s la premi\u00e8re application. Con\u00e7u sp\u00e9cialement pour celles et ceux qui souhaitent d\u00e9velopper harmonieusement leur bas du corps, notre kit offre une solution compl\u00e8te pour sublimer fesses, hanches, bassin, et m\u00eame seins. Chaque application est une invitation \u00e0 l\u2019\u00e9panouissement, \u00e0 la d\u00e9couverte d\u2019une version plus confiante et audacieuse de vous-m\u00eame. Laissez- vous transporter par la magie de notre formule unique, qui agit en profondeur pour stimuler la croissance naturelle de vos courbes, tout en nourrissant et hydratant votre peau pour une douceur incomparable.Ressentez la puissance de la transformation d\u00e8s le premier contact, et laissez-vous emporter par l\u2019euphorie de voir vos r\u00eaves de beaut\u00e9 prendre vie sous vos yeux. Osez embrasser votre potentiel et lib\u00e9rez- vous de vos limites avec notre Kit de la Gloire.Vivez l\u2019exp\u00e9rience ultime de renaissance, et laissez votre silhouette rayonner de toute sa splendeur \u2014 car la v\u00e9ritable gloire r\u00e9side dans la confiance et la beaut\u00e9 int\u00e9rieure que vous r\u00e9v\u00e9lez au monde.\" \/>\n<meta property=\"og:url\" content=\"https:\/\/ncbeauty.fr\/produit\/le-kit-de-la-gloire\/\" \/>\n<meta property=\"og:site_name\" content=\"NC BEAUTY\" \/>\n<meta property=\"article:modified_time\" content=\"2025-12-22T11:54:41+00:00\" \/>\n<meta property=\"og:image\" content=\"https:\/\/ncbeauty.fr\/choaweex\/2024\/04\/Kit-de-la-gloire.jpeg\" \/>\n\t<meta property=\"og:image:width\" content=\"1600\" \/>\n\t<meta property=\"og:image:height\" content=\"1600\" \/>\n\t<meta property=\"og:image:type\" content=\"image\/jpeg\" \/>\n<meta name=\"twitter:card\" content=\"summary_large_image\" \/>\n<meta name=\"twitter:label1\" content=\"Tiempo de lectura\" \/>\n\t<meta name=\"twitter:data1\" content=\"1 minuto\" \/>\n<script type=\"application\/ld+json\" class=\"yoast-schema-graph\">{\"@context\":\"https:\/\/schema.org\",\"@graph\":[{\"@type\":\"WebPage\",\"@id\":\"https:\/\/ncbeauty.fr\/produit\/le-kit-de-la-gloire\/\",\"url\":\"https:\/\/ncbeauty.fr\/produit\/le-kit-de-la-gloire\/\",\"name\":\"LE KIT DE LA GLOIRE - NC BEAUTY\",\"isPartOf\":{\"@id\":\"https:\/\/ncbeauty.fr\/#website\"},\"primaryImageOfPage\":{\"@id\":\"https:\/\/ncbeauty.fr\/produit\/le-kit-de-la-gloire\/#primaryimage\"},\"image\":{\"@id\":\"https:\/\/ncbeauty.fr\/produit\/le-kit-de-la-gloire\/#primaryimage\"},\"thumbnailUrl\":\"https:\/\/ncbeauty.fr\/choaweex\/2024\/04\/Kit-de-la-gloire.jpeg\",\"datePublished\":\"2024-04-27T13:58:45+00:00\",\"dateModified\":\"2025-12-22T11:54:41+00:00\",\"breadcrumb\":{\"@id\":\"https:\/\/ncbeauty.fr\/produit\/le-kit-de-la-gloire\/#breadcrumb\"},\"inLanguage\":\"es\",\"potentialAction\":[{\"@type\":\"ReadAction\",\"target\":[\"https:\/\/ncbeauty.fr\/produit\/le-kit-de-la-gloire\/\"]}]},{\"@type\":\"ImageObject\",\"inLanguage\":\"es\",\"@id\":\"https:\/\/ncbeauty.fr\/produit\/le-kit-de-la-gloire\/#primaryimage\",\"url\":\"https:\/\/ncbeauty.fr\/choaweex\/2024\/04\/Kit-de-la-gloire.jpeg\",\"contentUrl\":\"https:\/\/ncbeauty.fr\/choaweex\/2024\/04\/Kit-de-la-gloire.jpeg\",\"width\":1600,\"height\":1600},{\"@type\":\"BreadcrumbList\",\"@id\":\"https:\/\/ncbeauty.fr\/produit\/le-kit-de-la-gloire\/#breadcrumb\",\"itemListElement\":[{\"@type\":\"ListItem\",\"position\":1,\"name\":\"Accueil\",\"item\":\"https:\/\/ncbeauty.fr\/\"},{\"@type\":\"ListItem\",\"position\":2,\"name\":\"Tienda\",\"item\":\"https:\/\/ncbeauty.fr\/boutique\/\"},{\"@type\":\"ListItem\",\"position\":3,\"name\":\"LE KIT DE LA GLOIRE\"}]},{\"@type\":\"WebSite\",\"@id\":\"https:\/\/ncbeauty.fr\/#website\",\"url\":\"https:\/\/ncbeauty.fr\/\",\"name\":\"NC BEAUTY\",\"description\":\"NC BEAUTY\",\"potentialAction\":[{\"@type\":\"SearchAction\",\"target\":{\"@type\":\"EntryPoint\",\"urlTemplate\":\"https:\/\/ncbeauty.fr\/?s={search_term_string}\"},\"query-input\":{\"@type\":\"PropertyValueSpecification\",\"valueRequired\":true,\"valueName\":\"search_term_string\"}}],\"inLanguage\":\"es\"}]}<\/script>\n","yoast_head_json":{"title":"LE KIT DE LA GLOIRE - NC BEAUTY","robots":{"index":"index","follow":"follow","max-snippet":"max-snippet:-1","max-image-preview":"max-image-preview:large","max-video-preview":"max-video-preview:-1"},"canonical":"https:\/\/ncbeauty.fr\/produit\/le-kit-de-la-gloire\/","og_locale":"es_ES","og_type":"article","og_title":"LE KIT DE LA GLOIRE - NC BEAUTY","og_description":"Plongez dans l\u2019ultime exp\u00e9rience de transformation avec notre Kit de la Gloire, une v\u00e9ritable r\u00e9v\u00e9lation pour celles et ceux qui r\u00eavent de courbes sculpturales et d\u2019une confiance in\u00e9branlable.Ce kit r\u00e9volutionnaire combine deux joyaux de la beaut\u00e9 : le Gommage BBL \u00e0 effet imm\u00e9diat et l\u2019Huile Effets Imm\u00e9diats, pour des r\u00e9sultats \u00e9poustouflants d\u00e8s la premi\u00e8re application. Con\u00e7u sp\u00e9cialement pour celles et ceux qui souhaitent d\u00e9velopper harmonieusement leur bas du corps, notre kit offre une solution compl\u00e8te pour sublimer fesses, hanches, bassin, et m\u00eame seins. Chaque application est une invitation \u00e0 l\u2019\u00e9panouissement, \u00e0 la d\u00e9couverte d\u2019une version plus confiante et audacieuse de vous-m\u00eame. Laissez- vous transporter par la magie de notre formule unique, qui agit en profondeur pour stimuler la croissance naturelle de vos courbes, tout en nourrissant et hydratant votre peau pour une douceur incomparable.Ressentez la puissance de la transformation d\u00e8s le premier contact, et laissez-vous emporter par l\u2019euphorie de voir vos r\u00eaves de beaut\u00e9 prendre vie sous vos yeux. Osez embrasser votre potentiel et lib\u00e9rez- vous de vos limites avec notre Kit de la Gloire.Vivez l\u2019exp\u00e9rience ultime de renaissance, et laissez votre silhouette rayonner de toute sa splendeur \u2014 car la v\u00e9ritable gloire r\u00e9side dans la confiance et la beaut\u00e9 int\u00e9rieure que vous r\u00e9v\u00e9lez au monde.","og_url":"https:\/\/ncbeauty.fr\/produit\/le-kit-de-la-gloire\/","og_site_name":"NC BEAUTY","article_modified_time":"2025-12-22T11:54:41+00:00","og_image":[{"width":1600,"height":1600,"url":"https:\/\/ncbeauty.fr\/choaweex\/2024\/04\/Kit-de-la-gloire.jpeg","type":"image\/jpeg"}],"twitter_card":"summary_large_image","twitter_misc":{"Tiempo de lectura":"1 minuto"},"schema":{"@context":"https:\/\/schema.org","@graph":[{"@type":"WebPage","@id":"https:\/\/ncbeauty.fr\/produit\/le-kit-de-la-gloire\/","url":"https:\/\/ncbeauty.fr\/produit\/le-kit-de-la-gloire\/","name":"LE KIT DE LA GLOIRE - NC BEAUTY","isPartOf":{"@id":"https:\/\/ncbeauty.fr\/#website"},"primaryImageOfPage":{"@id":"https:\/\/ncbeauty.fr\/produit\/le-kit-de-la-gloire\/#primaryimage"},"image":{"@id":"https:\/\/ncbeauty.fr\/produit\/le-kit-de-la-gloire\/#primaryimage"},"thumbnailUrl":"https:\/\/ncbeauty.fr\/choaweex\/2024\/04\/Kit-de-la-gloire.jpeg","datePublished":"2024-04-27T13:58:45+00:00","dateModified":"2025-12-22T11:54:41+00:00","breadcrumb":{"@id":"https:\/\/ncbeauty.fr\/produit\/le-kit-de-la-gloire\/#breadcrumb"},"inLanguage":"es","potentialAction":[{"@type":"ReadAction","target":["https:\/\/ncbeauty.fr\/produit\/le-kit-de-la-gloire\/"]}]},{"@type":"ImageObject","inLanguage":"es","@id":"https:\/\/ncbeauty.fr\/produit\/le-kit-de-la-gloire\/#primaryimage","url":"https:\/\/ncbeauty.fr\/choaweex\/2024\/04\/Kit-de-la-gloire.jpeg","contentUrl":"https:\/\/ncbeauty.fr\/choaweex\/2024\/04\/Kit-de-la-gloire.jpeg","width":1600,"height":1600},{"@type":"BreadcrumbList","@id":"https:\/\/ncbeauty.fr\/produit\/le-kit-de-la-gloire\/#breadcrumb","itemListElement":[{"@type":"ListItem","position":1,"name":"Accueil","item":"https:\/\/ncbeauty.fr\/"},{"@type":"ListItem","position":2,"name":"Tienda","item":"https:\/\/ncbeauty.fr\/boutique\/"},{"@type":"ListItem","position":3,"name":"LE KIT DE LA GLOIRE"}]},{"@type":"WebSite","@id":"https:\/\/ncbeauty.fr\/#website","url":"https:\/\/ncbeauty.fr\/","name":"NC BEAUTY","description":"NC BEAUTY","potentialAction":[{"@type":"SearchAction","target":{"@type":"EntryPoint","urlTemplate":"https:\/\/ncbeauty.fr\/?s={search_term_string}"},"query-input":{"@type":"PropertyValueSpecification","valueRequired":true,"valueName":"search_term_string"}}],"inLanguage":"es"}]}},"jetpack_sharing_enabled":true,"_links":{"self":[{"href":"https:\/\/ncbeauty.fr\/es\/wp-json\/wp\/v2\/product\/3393","targetHints":{"allow":["GET"]}}],"collection":[{"href":"https:\/\/ncbeauty.fr\/es\/wp-json\/wp\/v2\/product"}],"about":[{"href":"https:\/\/ncbeauty.fr\/es\/wp-json\/wp\/v2\/types\/product"}],"replies":[{"embeddable":true,"href":"https:\/\/ncbeauty.fr\/es\/wp-json\/wp\/v2\/comments?post=3393"}],"wp:featuredmedia":[{"embeddable":true,"href":"https:\/\/ncbeauty.fr\/es\/wp-json\/wp\/v2\/media\/5756"}],"wp:attachment":[{"href":"https:\/\/ncbeauty.fr\/es\/wp-json\/wp\/v2\/media?parent=3393"}],"wp:term":[{"taxonomy":"product_brand","embeddable":true,"href":"https:\/\/ncbeauty.fr\/es\/wp-json\/wp\/v2\/product_brand?post=3393"},{"taxonomy":"product_cat","embeddable":true,"href":"https:\/\/ncbeauty.fr\/es\/wp-json\/wp\/v2\/product_cat?post=3393"},{"taxonomy":"product_tag","embeddable":true,"href":"https:\/\/ncbeauty.fr\/es\/wp-json\/wp\/v2\/product_tag?post=3393"}],"curies":[{"name":"wp","href":"https:\/\/api.w.org\/{rel}","templated":true}]}}