{"id":583,"date":"2022-09-28T15:00:38","date_gmt":"2022-09-28T15:00:38","guid":{"rendered":"https:\/\/ncbeauty.fr\/?post_type=product&#038;p=583"},"modified":"2025-12-06T09:54:45","modified_gmt":"2025-12-06T09:54:45","slug":"gelules-prisses-de-poids-copie1","status":"publish","type":"product","link":"https:\/\/ncbeauty.fr\/es\/produit\/gelules-prisses-de-poids-copie1\/","title":{"rendered":"G\u00e9lules PRISE DE POIDS"},"content":{"rendered":"<h3 data-start=\"208\" data-end=\"280\"><strong data-start=\"216\" data-end=\"280\">Comprim\u00e9s Ouvre- App\u00e9tit \u2013 Prise de poids rapide et naturelle<\/strong><\/h3>\n<p data-start=\"282\" data-end=\"532\">Vous souhaitez prendre du poids sans vous priver ? <strong data-start=\"333\" data-end=\"353\">Bonne nouvelle !<\/strong><br data-start=\"353\" data-end=\"356\" \/>Avec nos <strong data-start=\"365\" data-end=\"393\">comprim\u00e9s 100 % naturels<\/strong>, inutile de suivre un r\u00e9gime strict : <strong data-start=\"432\" data-end=\"463\">faites -vous plaisir \u00e0 table<\/strong>, c\u2019est justement ce qui vous aidera \u00e0 prendre du poids efficacement.<\/p>\n<p data-start=\"534\" data-end=\"771\">\ud83d\udc8a Ces comprim\u00e9s agissent comme un <strong data-start=\"569\" data-end=\"594\">ouvre- app\u00e9tit naturel<\/strong>, stimulant votre faim de mani\u00e8re progressive <strong data-start=\"640\" data-end=\"667\">sans effets secondaires<\/strong>. Vous mangez plus, naturellement, et votre corps commence \u00e0 se transformer d\u00e8s la <strong data-start=\"750\" data-end=\"770\">premi\u00e8re semaine<\/strong>.<\/p>\n<p data-start=\"534\" data-end=\"771\">\u2705 <strong data-start=\"784\" data-end=\"797\">R\u00e9sultats<\/strong> :<\/p>\n<p data-start=\"800\" data-end=\"1014\">\u2714 Ouvre l\u2019app\u00e9tit naturellement<br data-start=\"831\" data-end=\"834\" \/>\u2714 Favorise la prise de poids rapide et saine<br data-start=\"878\" data-end=\"881\" \/>\u2714 Ne prive pas : vous mangez selon vos envies<br data-start=\"926\" data-end=\"929\" \/>\u2714 Formule \u00e0 base d\u2019ingr\u00e9dients naturels<br data-start=\"968\" data-end=\"971\" \/>\u2714 <strong data-start=\"973\" data-end=\"1014\">R\u00e9sultats visibles d\u00e8s la 1\u02b3\u1d49 semaine<\/strong><\/p>\n<h3 data-start=\"1021\" data-end=\"1052\">\ud83d\udd52 <strong data-start=\"1028\" data-end=\"1050\">Mode d\u2019utilisation<\/strong> :<\/h3>\n<ul data-start=\"1053\" data-end=\"1216\">\n<li data-start=\"1053\" data-end=\"1156\">\n<p data-start=\"1055\" data-end=\"1156\">Prendre <strong data-start=\"1063\" data-end=\"1103\">1 comprim\u00e9 avec un grand verre d\u2019eau<\/strong>, <strong data-start=\"1105\" data-end=\"1137\">5 minutes avant chaque repas<\/strong> (matin et soir).<\/p>\n<\/li>\n<li data-start=\"1157\" data-end=\"1216\">\n<p data-start=\"1159\" data-end=\"1216\"><strong data-start=\"1159\" data-end=\"1184\">Bo\u00eete de 45 comprim\u00e9s<\/strong> = environ <strong data-start=\"1195\" data-end=\"1215\">22 jours de cure<\/strong>.<\/p>\n<\/li>\n<\/ul>\n<h3 data-start=\"1223\" data-end=\"1244\">\u26a0\ufe0f <strong data-start=\"1230\" data-end=\"1242\">Conseils<\/strong> :<\/h3>\n<ul data-start=\"1245\" data-end=\"1401\">\n<li data-start=\"1245\" data-end=\"1329\">\n<p data-start=\"1247\" data-end=\"1329\">Associez \u00e0 une <strong data-start=\"1262\" data-end=\"1298\">alimentation riche et \u00e9quilibr\u00e9e<\/strong> pour des r\u00e9sultats optimaux.<\/p>\n<\/li>\n<li data-start=\"1330\" data-end=\"1362\">\n<p data-start=\"1332\" data-end=\"1362\">Cure renouvelable si besoin.<\/p>\n<\/li>\n<li data-start=\"1363\" data-end=\"1401\">\n<p data-start=\"1365\" data-end=\"1401\">Ne pas d\u00e9passer la dose recommand\u00e9e.<\/p>\n<\/li>\n<\/ul>\n","protected":false},"excerpt":{"rendered":"<article class=\"text-token-text-primary w-full\" dir=\"auto\" data-testid=\"conversation-turn-32\" data-scroll-anchor=\"false\">\n<div class=\"text-base my-auto mx-auto py-5 [--thread-content-margin:--spacing(4)] @[37rem]:[--thread-content-margin:--spacing(6)] @[72rem]:[--thread-content-margin:--spacing(16)] px-(--thread-content-margin)\">\n<div class=\"[--thread-content-max-width:32rem] @[34rem]:[--thread-content-max-width:40rem] @[64rem]:[--thread-content-max-width:48rem] mx-auto flex max-w-(--thread-content-max-width) flex-1 text-base gap-4 md:gap-5 lg:gap-6 group\/turn-messages focus-visible:outline-hidden\">\n<div class=\"group\/conversation-turn relative flex w-full min-w-0 flex-col agent-turn\">\n<div class=\"relative flex-col gap-1 md:gap-3\">\n<div class=\"flex max-w-full flex-col grow\">\n<div class=\"min-h-8 text-message relative flex w-full flex-col items-end gap-2 text-start break-words whitespace-normal [.text-message+&amp;]:mt-5\" dir=\"auto\" data-message-author-role=\"assistant\" data-message-id=\"dc78a5d8-9b94-47c7-95ff-03f350b248a9\" data-message-model-slug=\"gpt-4o\">\n<div class=\"flex w-full flex-col gap-1 empty:hidden first:pt-[3px]\">\n<div class=\"markdown prose dark:prose-invert w-full break-words light\">\n<p data-start=\"0\" data-end=\"199\">\ud83c\udf38 <strong data-start=\"213\" data-end=\"272\">G\u00e9lules Prise de Poids \u2013 L\u2019art de s\u2019\u00e9panouir en douceur<\/strong><\/p>\n<p data-start=\"274\" data-end=\"582\"><strong data-start=\"274\" data-end=\"314\">D\u00e9couvrez les G\u00e9lules Prise de Poids<\/strong>, votre alli\u00e9 d\u00e9licat dans la qu\u00eate d\u2019un mieux-\u00eatre corporel.<br data-start=\"375\" data-end=\"378\" \/>Pens\u00e9es pour celles et ceux qui souhaitent <strong data-start=\"421\" data-end=\"458\">retrouver des formes harmonieuses<\/strong>, ces capsules agissent en douceur pour <strong data-start=\"498\" data-end=\"520\">stimuler l\u2019app\u00e9tit<\/strong> et encourager une <strong data-start=\"539\" data-end=\"581\">prise de poids naturelle et \u00e9quilibr\u00e9e<\/strong>.<\/p>\n<p data-start=\"584\" data-end=\"804\">Chaque g\u00e9lule est une invitation \u00e0 renouer avec le plaisir de manger, sans contrainte. Gr\u00e2ce \u00e0 leur composition soign\u00e9e et 100 % naturelle, elles <strong data-start=\"730\" data-end=\"763\">soutiennent la prise de masse<\/strong> tout en respectant l&#8217;\u00e9quilibre du corps.<\/p>\n<p data-start=\"806\" data-end=\"913\">\ud83d\udc96 <strong data-start=\"809\" data-end=\"849\">Laissez-vous porter par leur douceur<\/strong> et red\u00e9couvrez la joie de prendre soin de vous, \u00e0 votre rythme.<\/p>\n<p data-start=\"806\" data-end=\"913\">\u2728 <strong data-start=\"926\" data-end=\"943\">Les bienfaits<\/strong><\/p>\n<p data-start=\"946\" data-end=\"1167\">\u2714 Stimule l\u2019app\u00e9tit naturellement<br data-start=\"979\" data-end=\"982\" \/>\u2714 Favorise une prise de poids progressive et saine<br data-start=\"1032\" data-end=\"1035\" \/>\u2714 Contribue \u00e0 une silhouette plus ronde et \u00e9quilibr\u00e9e<br data-start=\"1088\" data-end=\"1091\" \/>\u2714 Convient aux personnes ayant un app\u00e9tit r\u00e9duit ou une silhouette trop fine Souhaitez- vous que je vous pr\u00e9pare maintenant :<\/p>\n<ul data-start=\"1224\" data-end=\"1361\" data-is-last-node=\"\" data-is-only-node=\"\">\n<li data-start=\"1224\" data-end=\"1290\">\n<p data-start=\"1226\" data-end=\"1290\">Une <strong data-start=\"1230\" data-end=\"1286\">fiche produit compl\u00e8te avec posologie et ingr\u00e9dients<\/strong> ?<\/p>\n<\/li>\n<\/ul>\n<\/div>\n<\/div>\n<\/div>\n<\/div>\n<\/div>\n<div class=\"absolute\">\n<div class=\"flex items-center justify-center\"><\/div>\n<\/div>\n<\/div>\n<\/div>\n<\/div>\n<\/article>\n<article class=\"text-token-text-primary w-full\" dir=\"auto\" data-testid=\"conversation-turn-33\" data-scroll-anchor=\"false\">\n<h5 class=\"sr-only\"><\/h5>\n<\/article>\n","protected":false},"featured_media":5766,"comment_status":"open","ping_status":"closed","template":"","meta":{"_monsterinsights_skip_tracking":false,"_monsterinsights_sitenote_active":false,"_monsterinsights_sitenote_note":"","_monsterinsights_sitenote_category":0,"site-sidebar-layout":"default","site-content-layout":"","ast-site-content-layout":"default","site-content-style":"default","site-sidebar-style":"default","ast-global-header-display":"","ast-banner-title-visibility":"","ast-main-header-display":"","ast-hfb-above-header-display":"","ast-hfb-below-header-display":"","ast-hfb-mobile-header-display":"","site-post-title":"","ast-breadcrumbs-content":"","ast-featured-img":"","footer-sml-layout":"","theme-transparent-header-meta":"default","adv-header-id-meta":"","stick-header-meta":"","header-above-stick-meta":"","header-main-stick-meta":"","header-below-stick-meta":"","astra-migrate-meta-layouts":"set","ast-page-background-enabled":"default","ast-page-background-meta":{"desktop":{"background-color":"var(--ast-global-color-4)","background-image":"","background-repeat":"repeat","background-position":"center center","background-size":"auto","background-attachment":"scroll","background-type":"","background-media":"","overlay-type":"","overlay-color":"","overlay-opacity":"","overlay-gradient":""},"tablet":{"background-color":"","background-image":"","background-repeat":"repeat","background-position":"center center","background-size":"auto","background-attachment":"scroll","background-type":"","background-media":"","overlay-type":"","overlay-color":"","overlay-opacity":"","overlay-gradient":""},"mobile":{"background-color":"","background-image":"","background-repeat":"repeat","background-position":"center center","background-size":"auto","background-attachment":"scroll","background-type":"","background-media":"","overlay-type":"","overlay-color":"","overlay-opacity":"","overlay-gradient":""}},"ast-content-background-meta":{"desktop":{"background-color":"var(--ast-global-color-5)","background-image":"","background-repeat":"repeat","background-position":"center center","background-size":"auto","background-attachment":"scroll","background-type":"","background-media":"","overlay-type":"","overlay-color":"","overlay-opacity":"","overlay-gradient":""},"tablet":{"background-color":"var(--ast-global-color-5)","background-image":"","background-repeat":"repeat","background-position":"center center","background-size":"auto","background-attachment":"scroll","background-type":"","background-media":"","overlay-type":"","overlay-color":"","overlay-opacity":"","overlay-gradient":""},"mobile":{"background-color":"var(--ast-global-color-5)","background-image":"","background-repeat":"repeat","background-position":"center center","background-size":"auto","background-attachment":"scroll","background-type":"","background-media":"","overlay-type":"","overlay-color":"","overlay-opacity":"","overlay-gradient":""}},"_joinchat":[]},"product_brand":[],"product_cat":[87],"product_tag":[],"class_list":{"0":"post-583","1":"product","2":"type-product","3":"status-publish","4":"has-post-thumbnail","6":"product_cat-prisse-de-poids","7":"desktop-align-left","8":"tablet-align-left","9":"mobile-align-left","10":"tm-has-options","12":"first","13":"outofstock","14":"taxable","15":"shipping-taxable","16":"purchasable","17":"product-type-simple"},"bundled_by":["2527","5777","16247"],"bundle_stock_status":"outofstock","bundle_stock_quantity":-5,"bundle_virtual":false,"bundle_layout":"","bundle_add_to_cart_form_location":"","bundle_editable_in_cart":false,"bundle_sold_individually_context":"","bundle_item_grouping":"","bundle_min_size":"","bundle_max_size":"","bundle_price":[],"bundled_items":[],"bundle_sell_ids":[],"aioseo_notices":[],"yoast_head":"\n<title>G\u00e9lules PRISE DE POIDS - NC BEAUTY<\/title>\n<meta name=\"robots\" content=\"index, follow, max-snippet:-1, max-image-preview:large, max-video-preview:-1\" \/>\n<link rel=\"canonical\" href=\"https:\/\/ncbeauty.fr\/produit\/gelules-prisses-de-poids-copie1\/\" \/>\n<meta property=\"og:locale\" content=\"es_ES\" \/>\n<meta property=\"og:type\" content=\"article\" \/>\n<meta property=\"og:title\" content=\"G\u00e9lules PRISE DE POIDS - NC BEAUTY\" \/>\n<meta property=\"og:description\" content=\"\ud83c\udf38 G\u00e9lules Prise de Poids \u2013 L\u2019art de s\u2019\u00e9panouir en douceur D\u00e9couvrez les G\u00e9lules Prise de Poids, votre alli\u00e9 d\u00e9licat dans la qu\u00eate d\u2019un mieux-\u00eatre corporel.Pens\u00e9es pour celles et ceux qui souhaitent retrouver des formes harmonieuses, ces capsules agissent en douceur pour stimuler l\u2019app\u00e9tit et encourager une prise de poids naturelle et \u00e9quilibr\u00e9e. Chaque g\u00e9lule est une invitation \u00e0 renouer avec le plaisir de manger, sans contrainte. Gr\u00e2ce \u00e0 leur composition soign\u00e9e et 100 % naturelle, elles soutiennent la prise de masse tout en respectant l&#039;\u00e9quilibre du corps. \ud83d\udc96 Laissez-vous porter par leur douceur et red\u00e9couvrez la joie de prendre soin de vous, \u00e0 votre rythme. \u2728 Les bienfaits \u2714 Stimule l\u2019app\u00e9tit naturellement\u2714 Favorise une prise de poids progressive et saine\u2714 Contribue \u00e0 une silhouette plus ronde et \u00e9quilibr\u00e9e\u2714 Convient aux personnes ayant un app\u00e9tit r\u00e9duit ou une silhouette trop fine Souhaitez- vous que je vous pr\u00e9pare maintenant :     Une fiche produit compl\u00e8te avec posologie et ingr\u00e9dients ?\" \/>\n<meta property=\"og:url\" content=\"https:\/\/ncbeauty.fr\/produit\/gelules-prisses-de-poids-copie1\/\" \/>\n<meta property=\"og:site_name\" content=\"NC BEAUTY\" \/>\n<meta property=\"article:modified_time\" content=\"2025-12-06T09:54:45+00:00\" \/>\n<meta property=\"og:image\" content=\"https:\/\/ncbeauty.fr\/choaweex\/2022\/09\/Photoroom-20240724_012232.png\" \/>\n\t<meta property=\"og:image:width\" content=\"1600\" \/>\n\t<meta property=\"og:image:height\" content=\"1600\" \/>\n\t<meta property=\"og:image:type\" content=\"image\/png\" \/>\n<meta name=\"twitter:card\" content=\"summary_large_image\" \/>\n<meta name=\"twitter:label1\" content=\"Tiempo de lectura\" \/>\n\t<meta name=\"twitter:data1\" content=\"2 minutos\" \/>\n<script type=\"application\/ld+json\" class=\"yoast-schema-graph\">{\"@context\":\"https:\/\/schema.org\",\"@graph\":[{\"@type\":\"WebPage\",\"@id\":\"https:\/\/ncbeauty.fr\/produit\/gelules-prisses-de-poids-copie1\/\",\"url\":\"https:\/\/ncbeauty.fr\/produit\/gelules-prisses-de-poids-copie1\/\",\"name\":\"G\u00e9lules PRISE DE POIDS - NC BEAUTY\",\"isPartOf\":{\"@id\":\"https:\/\/ncbeauty.fr\/#website\"},\"primaryImageOfPage\":{\"@id\":\"https:\/\/ncbeauty.fr\/produit\/gelules-prisses-de-poids-copie1\/#primaryimage\"},\"image\":{\"@id\":\"https:\/\/ncbeauty.fr\/produit\/gelules-prisses-de-poids-copie1\/#primaryimage\"},\"thumbnailUrl\":\"https:\/\/ncbeauty.fr\/choaweex\/2022\/09\/Photoroom-20240724_012232.png\",\"datePublished\":\"2022-09-28T15:00:38+00:00\",\"dateModified\":\"2025-12-06T09:54:45+00:00\",\"breadcrumb\":{\"@id\":\"https:\/\/ncbeauty.fr\/produit\/gelules-prisses-de-poids-copie1\/#breadcrumb\"},\"inLanguage\":\"es\",\"potentialAction\":[{\"@type\":\"ReadAction\",\"target\":[\"https:\/\/ncbeauty.fr\/produit\/gelules-prisses-de-poids-copie1\/\"]}]},{\"@type\":\"ImageObject\",\"inLanguage\":\"es\",\"@id\":\"https:\/\/ncbeauty.fr\/produit\/gelules-prisses-de-poids-copie1\/#primaryimage\",\"url\":\"https:\/\/ncbeauty.fr\/choaweex\/2022\/09\/Photoroom-20240724_012232.png\",\"contentUrl\":\"https:\/\/ncbeauty.fr\/choaweex\/2022\/09\/Photoroom-20240724_012232.png\",\"width\":1600,\"height\":1600},{\"@type\":\"BreadcrumbList\",\"@id\":\"https:\/\/ncbeauty.fr\/produit\/gelules-prisses-de-poids-copie1\/#breadcrumb\",\"itemListElement\":[{\"@type\":\"ListItem\",\"position\":1,\"name\":\"Accueil\",\"item\":\"https:\/\/ncbeauty.fr\/\"},{\"@type\":\"ListItem\",\"position\":2,\"name\":\"Tienda\",\"item\":\"https:\/\/ncbeauty.fr\/boutique\/\"},{\"@type\":\"ListItem\",\"position\":3,\"name\":\"G\u00e9lules PRISE DE POIDS\"}]},{\"@type\":\"WebSite\",\"@id\":\"https:\/\/ncbeauty.fr\/#website\",\"url\":\"https:\/\/ncbeauty.fr\/\",\"name\":\"NC BEAUTY\",\"description\":\"NC BEAUTY\",\"potentialAction\":[{\"@type\":\"SearchAction\",\"target\":{\"@type\":\"EntryPoint\",\"urlTemplate\":\"https:\/\/ncbeauty.fr\/?s={search_term_string}\"},\"query-input\":{\"@type\":\"PropertyValueSpecification\",\"valueRequired\":true,\"valueName\":\"search_term_string\"}}],\"inLanguage\":\"es\"}]}<\/script>\n","yoast_head_json":{"title":"G\u00e9lules PRISE DE POIDS - NC BEAUTY","robots":{"index":"index","follow":"follow","max-snippet":"max-snippet:-1","max-image-preview":"max-image-preview:large","max-video-preview":"max-video-preview:-1"},"canonical":"https:\/\/ncbeauty.fr\/produit\/gelules-prisses-de-poids-copie1\/","og_locale":"es_ES","og_type":"article","og_title":"G\u00e9lules PRISE DE POIDS - NC BEAUTY","og_description":"\ud83c\udf38 G\u00e9lules Prise de Poids \u2013 L\u2019art de s\u2019\u00e9panouir en douceur D\u00e9couvrez les G\u00e9lules Prise de Poids, votre alli\u00e9 d\u00e9licat dans la qu\u00eate d\u2019un mieux-\u00eatre corporel.Pens\u00e9es pour celles et ceux qui souhaitent retrouver des formes harmonieuses, ces capsules agissent en douceur pour stimuler l\u2019app\u00e9tit et encourager une prise de poids naturelle et \u00e9quilibr\u00e9e. Chaque g\u00e9lule est une invitation \u00e0 renouer avec le plaisir de manger, sans contrainte. Gr\u00e2ce \u00e0 leur composition soign\u00e9e et 100 % naturelle, elles soutiennent la prise de masse tout en respectant l'\u00e9quilibre du corps. \ud83d\udc96 Laissez-vous porter par leur douceur et red\u00e9couvrez la joie de prendre soin de vous, \u00e0 votre rythme. \u2728 Les bienfaits \u2714 Stimule l\u2019app\u00e9tit naturellement\u2714 Favorise une prise de poids progressive et saine\u2714 Contribue \u00e0 une silhouette plus ronde et \u00e9quilibr\u00e9e\u2714 Convient aux personnes ayant un app\u00e9tit r\u00e9duit ou une silhouette trop fine Souhaitez- vous que je vous pr\u00e9pare maintenant :     Une fiche produit compl\u00e8te avec posologie et ingr\u00e9dients ?","og_url":"https:\/\/ncbeauty.fr\/produit\/gelules-prisses-de-poids-copie1\/","og_site_name":"NC BEAUTY","article_modified_time":"2025-12-06T09:54:45+00:00","og_image":[{"width":1600,"height":1600,"url":"https:\/\/ncbeauty.fr\/choaweex\/2022\/09\/Photoroom-20240724_012232.png","type":"image\/png"}],"twitter_card":"summary_large_image","twitter_misc":{"Tiempo de lectura":"2 minutos"},"schema":{"@context":"https:\/\/schema.org","@graph":[{"@type":"WebPage","@id":"https:\/\/ncbeauty.fr\/produit\/gelules-prisses-de-poids-copie1\/","url":"https:\/\/ncbeauty.fr\/produit\/gelules-prisses-de-poids-copie1\/","name":"G\u00e9lules PRISE DE POIDS - NC BEAUTY","isPartOf":{"@id":"https:\/\/ncbeauty.fr\/#website"},"primaryImageOfPage":{"@id":"https:\/\/ncbeauty.fr\/produit\/gelules-prisses-de-poids-copie1\/#primaryimage"},"image":{"@id":"https:\/\/ncbeauty.fr\/produit\/gelules-prisses-de-poids-copie1\/#primaryimage"},"thumbnailUrl":"https:\/\/ncbeauty.fr\/choaweex\/2022\/09\/Photoroom-20240724_012232.png","datePublished":"2022-09-28T15:00:38+00:00","dateModified":"2025-12-06T09:54:45+00:00","breadcrumb":{"@id":"https:\/\/ncbeauty.fr\/produit\/gelules-prisses-de-poids-copie1\/#breadcrumb"},"inLanguage":"es","potentialAction":[{"@type":"ReadAction","target":["https:\/\/ncbeauty.fr\/produit\/gelules-prisses-de-poids-copie1\/"]}]},{"@type":"ImageObject","inLanguage":"es","@id":"https:\/\/ncbeauty.fr\/produit\/gelules-prisses-de-poids-copie1\/#primaryimage","url":"https:\/\/ncbeauty.fr\/choaweex\/2022\/09\/Photoroom-20240724_012232.png","contentUrl":"https:\/\/ncbeauty.fr\/choaweex\/2022\/09\/Photoroom-20240724_012232.png","width":1600,"height":1600},{"@type":"BreadcrumbList","@id":"https:\/\/ncbeauty.fr\/produit\/gelules-prisses-de-poids-copie1\/#breadcrumb","itemListElement":[{"@type":"ListItem","position":1,"name":"Accueil","item":"https:\/\/ncbeauty.fr\/"},{"@type":"ListItem","position":2,"name":"Tienda","item":"https:\/\/ncbeauty.fr\/boutique\/"},{"@type":"ListItem","position":3,"name":"G\u00e9lules PRISE DE POIDS"}]},{"@type":"WebSite","@id":"https:\/\/ncbeauty.fr\/#website","url":"https:\/\/ncbeauty.fr\/","name":"NC BEAUTY","description":"NC BEAUTY","potentialAction":[{"@type":"SearchAction","target":{"@type":"EntryPoint","urlTemplate":"https:\/\/ncbeauty.fr\/?s={search_term_string}"},"query-input":{"@type":"PropertyValueSpecification","valueRequired":true,"valueName":"search_term_string"}}],"inLanguage":"es"}]}},"jetpack_sharing_enabled":true,"_links":{"self":[{"href":"https:\/\/ncbeauty.fr\/es\/wp-json\/wp\/v2\/product\/583","targetHints":{"allow":["GET"]}}],"collection":[{"href":"https:\/\/ncbeauty.fr\/es\/wp-json\/wp\/v2\/product"}],"about":[{"href":"https:\/\/ncbeauty.fr\/es\/wp-json\/wp\/v2\/types\/product"}],"replies":[{"embeddable":true,"href":"https:\/\/ncbeauty.fr\/es\/wp-json\/wp\/v2\/comments?post=583"}],"wp:featuredmedia":[{"embeddable":true,"href":"https:\/\/ncbeauty.fr\/es\/wp-json\/wp\/v2\/media\/5766"}],"wp:attachment":[{"href":"https:\/\/ncbeauty.fr\/es\/wp-json\/wp\/v2\/media?parent=583"}],"wp:term":[{"taxonomy":"product_brand","embeddable":true,"href":"https:\/\/ncbeauty.fr\/es\/wp-json\/wp\/v2\/product_brand?post=583"},{"taxonomy":"product_cat","embeddable":true,"href":"https:\/\/ncbeauty.fr\/es\/wp-json\/wp\/v2\/product_cat?post=583"},{"taxonomy":"product_tag","embeddable":true,"href":"https:\/\/ncbeauty.fr\/es\/wp-json\/wp\/v2\/product_tag?post=583"}],"curies":[{"name":"wp","href":"https:\/\/api.w.org\/{rel}","templated":true}]}}