{"id":681,"date":"2022-10-14T22:37:33","date_gmt":"2022-10-14T22:37:33","guid":{"rendered":"https:\/\/ncbeauty.fr\/?post_type=product&#038;p=681"},"modified":"2025-12-22T11:54:36","modified_gmt":"2025-12-22T11:54:36","slug":"gaine-modele-micol","status":"publish","type":"product","link":"https:\/\/ncbeauty.fr\/es\/produit\/gaine-modele-micol\/","title":{"rendered":"Banda de compression MICOL"},"content":{"rendered":"<p style=\"text-align: center\"><b>AVANTAGES\u00a0<\/b><\/p>\n<p style=\"text-align: center\"><span style=\"font-weight: 400\">adapte \u00e0 toutes les femmes<\/span><\/p>\n<p style=\"text-align: center\"><span style=\"font-weight: 400\">Il convient au post-accouchement gr\u00e2ce au niveau de crochet ajustable\u00a0<\/span><\/p>\n<p style=\"text-align: center\"><b>CONSEIL<\/b><span style=\"font-weight: 400\">\u00a0\u00a0<\/span><\/p>\n<p style=\"text-align: center\"><span style=\"font-weight: 400\">il est conseill\u00e9 de la porter au 3 \u00e0 7 h par jours pour obtenir de meilleurs r\u00e9sultats\u00a0<\/span><\/p>\n<p style=\"text-align: center\"><span style=\"font-weight: 400\">Vous pouvez l&#8217;accompagner avec le gel minceur.<\/span><\/p>\n<p style=\"text-align: center\"><span style=\"font-weight: 400\">Il est d\u00e9conseill\u00e9 de dormir avec votre gaine. En cas de probl\u00e8me au g\u00e8ne, consultez votre m\u00e9decin.<\/span><\/p>\n<p style=\"text-align: center\"><span style=\"font-weight: 400\">Pour les femmes venant d&#8217;accoucher\u00a0<\/span><\/p>\n<p style=\"text-align: center\"><span style=\"font-weight: 400\">\u00c9vite de trop serrer la gaine au d\u00e9part <\/span><\/p>\n","protected":false},"excerpt":{"rendered":"<p><strong>Entrez dans le monde de la confiance retrouv\u00e9e avec la Banda de compression MICOL<\/strong>. Une alliance parfaite entre praticit\u00e9 et \u00e9l\u00e9gance, cette <strong>gaine ajustable<\/strong> s&#8217;adapte \u00e0 toutes les courbes, m\u00eame apr\u00e8s l&#8217;accouchement. Lib\u00e9rez-vous des contraintes gr\u00e2ce \u00e0 ses six scratchs, offrant <strong>une fermeture sur mesure pour toutes les tailles<\/strong>, du XXL au 5XL. D\u00e9sormais, sculptez votre silhouette selon vos d\u00e9sirs, avec la libert\u00e9 de choisir o\u00f9 et dans quelle mesure affiner votre corps. La Banda MICOL devient votre alli\u00e9e fid\u00e8le dans la qu\u00eate d&#8217;une f\u00e9minit\u00e9 \u00e9panouie, o\u00f9 chaque ajustement devient un pas de plus vers la confiance en vous.<\/p>\n","protected":false},"featured_media":265,"comment_status":"open","ping_status":"closed","template":"","meta":{"_monsterinsights_skip_tracking":false,"_monsterinsights_sitenote_active":false,"_monsterinsights_sitenote_note":"","_monsterinsights_sitenote_category":0,"site-sidebar-layout":"default","site-content-layout":"","ast-site-content-layout":"default","site-content-style":"default","site-sidebar-style":"default","ast-global-header-display":"","ast-banner-title-visibility":"","ast-main-header-display":"","ast-hfb-above-header-display":"","ast-hfb-below-header-display":"","ast-hfb-mobile-header-display":"","site-post-title":"","ast-breadcrumbs-content":"","ast-featured-img":"","footer-sml-layout":"","theme-transparent-header-meta":"default","adv-header-id-meta":"","stick-header-meta":"","header-above-stick-meta":"","header-main-stick-meta":"","header-below-stick-meta":"","astra-migrate-meta-layouts":"set","ast-page-background-enabled":"default","ast-page-background-meta":{"desktop":{"background-color":"var(--ast-global-color-4)","background-image":"","background-repeat":"repeat","background-position":"center center","background-size":"auto","background-attachment":"scroll","background-type":"","background-media":"","overlay-type":"","overlay-color":"","overlay-opacity":"","overlay-gradient":""},"tablet":{"background-color":"","background-image":"","background-repeat":"repeat","background-position":"center center","background-size":"auto","background-attachment":"scroll","background-type":"","background-media":"","overlay-type":"","overlay-color":"","overlay-opacity":"","overlay-gradient":""},"mobile":{"background-color":"","background-image":"","background-repeat":"repeat","background-position":"center center","background-size":"auto","background-attachment":"scroll","background-type":"","background-media":"","overlay-type":"","overlay-color":"","overlay-opacity":"","overlay-gradient":""}},"ast-content-background-meta":{"desktop":{"background-color":"var(--ast-global-color-5)","background-image":"","background-repeat":"repeat","background-position":"center center","background-size":"auto","background-attachment":"scroll","background-type":"","background-media":"","overlay-type":"","overlay-color":"","overlay-opacity":"","overlay-gradient":""},"tablet":{"background-color":"var(--ast-global-color-5)","background-image":"","background-repeat":"repeat","background-position":"center center","background-size":"auto","background-attachment":"scroll","background-type":"","background-media":"","overlay-type":"","overlay-color":"","overlay-opacity":"","overlay-gradient":""},"mobile":{"background-color":"var(--ast-global-color-5)","background-image":"","background-repeat":"repeat","background-position":"center center","background-size":"auto","background-attachment":"scroll","background-type":"","background-media":"","overlay-type":"","overlay-color":"","overlay-opacity":"","overlay-gradient":""}},"_joinchat":[]},"product_brand":[],"product_cat":[23],"product_tag":[],"class_list":{"0":"post-681","1":"product","2":"type-product","3":"status-publish","4":"has-post-thumbnail","6":"product_cat-nos-gaines","7":"desktop-align-left","8":"tablet-align-left","9":"mobile-align-left","10":"tm-no-options","12":"first","13":"instock","14":"taxable","15":"shipping-taxable","16":"purchasable","17":"product-type-simple"},"bundled_by":[],"bundle_stock_status":"instock","bundle_stock_quantity":null,"bundle_virtual":false,"bundle_layout":"","bundle_add_to_cart_form_location":"","bundle_editable_in_cart":false,"bundle_sold_individually_context":"","bundle_item_grouping":"","bundle_min_size":"","bundle_max_size":"","bundle_price":[],"bundled_items":[],"bundle_sell_ids":[],"aioseo_notices":[],"yoast_head":"\n<title>Banda de compression MICOL - NC BEAUTY<\/title>\n<meta name=\"robots\" content=\"index, follow, max-snippet:-1, max-image-preview:large, max-video-preview:-1\" \/>\n<link rel=\"canonical\" href=\"https:\/\/ncbeauty.fr\/produit\/gaine-modele-micol\/\" \/>\n<meta property=\"og:locale\" content=\"es_ES\" \/>\n<meta property=\"og:type\" content=\"article\" \/>\n<meta property=\"og:title\" content=\"Banda de compression MICOL - NC BEAUTY\" \/>\n<meta property=\"og:description\" content=\"Entrez dans le monde de la confiance retrouv\u00e9e avec la Banda de compression MICOL. Une alliance parfaite entre praticit\u00e9 et \u00e9l\u00e9gance, cette gaine ajustable s&#039;adapte \u00e0 toutes les courbes, m\u00eame apr\u00e8s l&#039;accouchement. Lib\u00e9rez-vous des contraintes gr\u00e2ce \u00e0 ses six scratchs, offrant une fermeture sur mesure pour toutes les tailles, du XXL au 5XL. D\u00e9sormais, sculptez votre silhouette selon vos d\u00e9sirs, avec la libert\u00e9 de choisir o\u00f9 et dans quelle mesure affiner votre corps. La Banda MICOL devient votre alli\u00e9e fid\u00e8le dans la qu\u00eate d&#039;une f\u00e9minit\u00e9 \u00e9panouie, o\u00f9 chaque ajustement devient un pas de plus vers la confiance en vous.\" \/>\n<meta property=\"og:url\" content=\"https:\/\/ncbeauty.fr\/produit\/gaine-modele-micol\/\" \/>\n<meta property=\"og:site_name\" content=\"NC BEAUTY\" \/>\n<meta property=\"article:modified_time\" content=\"2025-12-22T11:54:36+00:00\" \/>\n<meta property=\"og:image\" content=\"https:\/\/ncbeauty.fr\/choaweex\/2022\/07\/1654124411698.webp\" \/>\n\t<meta property=\"og:image:width\" content=\"566\" \/>\n\t<meta property=\"og:image:height\" content=\"535\" \/>\n\t<meta property=\"og:image:type\" content=\"image\/webp\" \/>\n<meta name=\"twitter:card\" content=\"summary_large_image\" \/>\n<meta name=\"twitter:label1\" content=\"Tiempo de lectura\" \/>\n\t<meta name=\"twitter:data1\" content=\"1 minuto\" \/>\n<script type=\"application\/ld+json\" class=\"yoast-schema-graph\">{\"@context\":\"https:\/\/schema.org\",\"@graph\":[{\"@type\":\"WebPage\",\"@id\":\"https:\/\/ncbeauty.fr\/produit\/gaine-modele-micol\/\",\"url\":\"https:\/\/ncbeauty.fr\/produit\/gaine-modele-micol\/\",\"name\":\"Banda de compression MICOL - NC BEAUTY\",\"isPartOf\":{\"@id\":\"https:\/\/ncbeauty.fr\/#website\"},\"primaryImageOfPage\":{\"@id\":\"https:\/\/ncbeauty.fr\/produit\/gaine-modele-micol\/#primaryimage\"},\"image\":{\"@id\":\"https:\/\/ncbeauty.fr\/produit\/gaine-modele-micol\/#primaryimage\"},\"thumbnailUrl\":\"https:\/\/ncbeauty.fr\/choaweex\/2022\/07\/1654124411698.webp\",\"datePublished\":\"2022-10-14T22:37:33+00:00\",\"dateModified\":\"2025-12-22T11:54:36+00:00\",\"breadcrumb\":{\"@id\":\"https:\/\/ncbeauty.fr\/produit\/gaine-modele-micol\/#breadcrumb\"},\"inLanguage\":\"es\",\"potentialAction\":[{\"@type\":\"ReadAction\",\"target\":[\"https:\/\/ncbeauty.fr\/produit\/gaine-modele-micol\/\"]}]},{\"@type\":\"ImageObject\",\"inLanguage\":\"es\",\"@id\":\"https:\/\/ncbeauty.fr\/produit\/gaine-modele-micol\/#primaryimage\",\"url\":\"https:\/\/ncbeauty.fr\/choaweex\/2022\/07\/1654124411698.webp\",\"contentUrl\":\"https:\/\/ncbeauty.fr\/choaweex\/2022\/07\/1654124411698.webp\",\"width\":566,\"height\":535},{\"@type\":\"BreadcrumbList\",\"@id\":\"https:\/\/ncbeauty.fr\/produit\/gaine-modele-micol\/#breadcrumb\",\"itemListElement\":[{\"@type\":\"ListItem\",\"position\":1,\"name\":\"Accueil\",\"item\":\"https:\/\/ncbeauty.fr\/\"},{\"@type\":\"ListItem\",\"position\":2,\"name\":\"Tienda\",\"item\":\"https:\/\/ncbeauty.fr\/boutique\/\"},{\"@type\":\"ListItem\",\"position\":3,\"name\":\"Banda de compression MICOL\"}]},{\"@type\":\"WebSite\",\"@id\":\"https:\/\/ncbeauty.fr\/#website\",\"url\":\"https:\/\/ncbeauty.fr\/\",\"name\":\"NC BEAUTY\",\"description\":\"NC BEAUTY\",\"potentialAction\":[{\"@type\":\"SearchAction\",\"target\":{\"@type\":\"EntryPoint\",\"urlTemplate\":\"https:\/\/ncbeauty.fr\/?s={search_term_string}\"},\"query-input\":{\"@type\":\"PropertyValueSpecification\",\"valueRequired\":true,\"valueName\":\"search_term_string\"}}],\"inLanguage\":\"es\"}]}<\/script>\n","yoast_head_json":{"title":"Banda de compression MICOL - NC BEAUTY","robots":{"index":"index","follow":"follow","max-snippet":"max-snippet:-1","max-image-preview":"max-image-preview:large","max-video-preview":"max-video-preview:-1"},"canonical":"https:\/\/ncbeauty.fr\/produit\/gaine-modele-micol\/","og_locale":"es_ES","og_type":"article","og_title":"Banda de compression MICOL - NC BEAUTY","og_description":"Entrez dans le monde de la confiance retrouv\u00e9e avec la Banda de compression MICOL. Une alliance parfaite entre praticit\u00e9 et \u00e9l\u00e9gance, cette gaine ajustable s'adapte \u00e0 toutes les courbes, m\u00eame apr\u00e8s l'accouchement. Lib\u00e9rez-vous des contraintes gr\u00e2ce \u00e0 ses six scratchs, offrant une fermeture sur mesure pour toutes les tailles, du XXL au 5XL. D\u00e9sormais, sculptez votre silhouette selon vos d\u00e9sirs, avec la libert\u00e9 de choisir o\u00f9 et dans quelle mesure affiner votre corps. La Banda MICOL devient votre alli\u00e9e fid\u00e8le dans la qu\u00eate d'une f\u00e9minit\u00e9 \u00e9panouie, o\u00f9 chaque ajustement devient un pas de plus vers la confiance en vous.","og_url":"https:\/\/ncbeauty.fr\/produit\/gaine-modele-micol\/","og_site_name":"NC BEAUTY","article_modified_time":"2025-12-22T11:54:36+00:00","og_image":[{"width":566,"height":535,"url":"https:\/\/ncbeauty.fr\/choaweex\/2022\/07\/1654124411698.webp","type":"image\/webp"}],"twitter_card":"summary_large_image","twitter_misc":{"Tiempo de lectura":"1 minuto"},"schema":{"@context":"https:\/\/schema.org","@graph":[{"@type":"WebPage","@id":"https:\/\/ncbeauty.fr\/produit\/gaine-modele-micol\/","url":"https:\/\/ncbeauty.fr\/produit\/gaine-modele-micol\/","name":"Banda de compression MICOL - NC BEAUTY","isPartOf":{"@id":"https:\/\/ncbeauty.fr\/#website"},"primaryImageOfPage":{"@id":"https:\/\/ncbeauty.fr\/produit\/gaine-modele-micol\/#primaryimage"},"image":{"@id":"https:\/\/ncbeauty.fr\/produit\/gaine-modele-micol\/#primaryimage"},"thumbnailUrl":"https:\/\/ncbeauty.fr\/choaweex\/2022\/07\/1654124411698.webp","datePublished":"2022-10-14T22:37:33+00:00","dateModified":"2025-12-22T11:54:36+00:00","breadcrumb":{"@id":"https:\/\/ncbeauty.fr\/produit\/gaine-modele-micol\/#breadcrumb"},"inLanguage":"es","potentialAction":[{"@type":"ReadAction","target":["https:\/\/ncbeauty.fr\/produit\/gaine-modele-micol\/"]}]},{"@type":"ImageObject","inLanguage":"es","@id":"https:\/\/ncbeauty.fr\/produit\/gaine-modele-micol\/#primaryimage","url":"https:\/\/ncbeauty.fr\/choaweex\/2022\/07\/1654124411698.webp","contentUrl":"https:\/\/ncbeauty.fr\/choaweex\/2022\/07\/1654124411698.webp","width":566,"height":535},{"@type":"BreadcrumbList","@id":"https:\/\/ncbeauty.fr\/produit\/gaine-modele-micol\/#breadcrumb","itemListElement":[{"@type":"ListItem","position":1,"name":"Accueil","item":"https:\/\/ncbeauty.fr\/"},{"@type":"ListItem","position":2,"name":"Tienda","item":"https:\/\/ncbeauty.fr\/boutique\/"},{"@type":"ListItem","position":3,"name":"Banda de compression MICOL"}]},{"@type":"WebSite","@id":"https:\/\/ncbeauty.fr\/#website","url":"https:\/\/ncbeauty.fr\/","name":"NC BEAUTY","description":"NC BEAUTY","potentialAction":[{"@type":"SearchAction","target":{"@type":"EntryPoint","urlTemplate":"https:\/\/ncbeauty.fr\/?s={search_term_string}"},"query-input":{"@type":"PropertyValueSpecification","valueRequired":true,"valueName":"search_term_string"}}],"inLanguage":"es"}]}},"jetpack_sharing_enabled":true,"_links":{"self":[{"href":"https:\/\/ncbeauty.fr\/es\/wp-json\/wp\/v2\/product\/681","targetHints":{"allow":["GET"]}}],"collection":[{"href":"https:\/\/ncbeauty.fr\/es\/wp-json\/wp\/v2\/product"}],"about":[{"href":"https:\/\/ncbeauty.fr\/es\/wp-json\/wp\/v2\/types\/product"}],"replies":[{"embeddable":true,"href":"https:\/\/ncbeauty.fr\/es\/wp-json\/wp\/v2\/comments?post=681"}],"wp:featuredmedia":[{"embeddable":true,"href":"https:\/\/ncbeauty.fr\/es\/wp-json\/wp\/v2\/media\/265"}],"wp:attachment":[{"href":"https:\/\/ncbeauty.fr\/es\/wp-json\/wp\/v2\/media?parent=681"}],"wp:term":[{"taxonomy":"product_brand","embeddable":true,"href":"https:\/\/ncbeauty.fr\/es\/wp-json\/wp\/v2\/product_brand?post=681"},{"taxonomy":"product_cat","embeddable":true,"href":"https:\/\/ncbeauty.fr\/es\/wp-json\/wp\/v2\/product_cat?post=681"},{"taxonomy":"product_tag","embeddable":true,"href":"https:\/\/ncbeauty.fr\/es\/wp-json\/wp\/v2\/product_tag?post=681"}],"curies":[{"name":"wp","href":"https:\/\/api.w.org\/{rel}","templated":true}]}}