{"id":7240,"date":"2024-10-24T15:55:05","date_gmt":"2024-10-24T15:55:05","guid":{"rendered":"https:\/\/ncbeauty.fr\/?post_type=product&#038;p=7240"},"modified":"2025-12-22T11:54:33","modified_gmt":"2025-12-22T11:54:33","slug":"modele-madrid","status":"publish","type":"product","link":"https:\/\/ncbeauty.fr\/es\/produit\/modele-madrid\/","title":{"rendered":"Mod\u00e8le Madrid"},"content":{"rendered":"<p>Cheveux semi-naturel fibre de haute qualit\u00e9<br \/>\nDensit\u00e9 150%<br \/>\nTaille: 24 pouces<br \/>\nCouleur: Noir<br \/>\nQualit\u00e9 excellente<br \/>\nToutes Nos perruques s&#8217;adaptent au lisseur peigne chauffant et vous pouvez les laver<\/p>\n","protected":false},"excerpt":{"rendered":"<div class=\"flex max-w-full flex-col flex-grow\">\n<div class=\"min-h-8 text-message flex w-full flex-col items-end gap-2 whitespace-normal break-words [.text-message+&amp;]:mt-5\" dir=\"auto\" data-message-author-role=\"assistant\" data-message-id=\"51f91f46-67d3-4c4d-b8ae-b7cb42b55f26\" data-message-model-slug=\"gpt-4o\">\n<div class=\"flex w-full flex-col gap-1 empty:hidden first:pt-[3px]\">\n<div class=\"markdown prose w-full break-words dark:prose-invert dark\">\n<p>Laissez-vous s\u00e9duire par l&#8217;\u00e9l\u00e9gance du <strong>Mod\u00e8le Madrid<\/strong>, une perruque semi-naturelle con\u00e7ue pour celles qui recherchent un look sophistiqu\u00e9 et naturel. Fabriqu\u00e9e avec des fibres de haute qualit\u00e9, cette perruque combine l&#8217;apparence authentique des cheveux naturels avec la durabilit\u00e9 des mat\u00e9riaux synth\u00e9tiques, pour une finition impeccable \u00e0 chaque port.<\/p>\n<p>Avec une longueur g\u00e9n\u00e9reuse de 24 pouces et une densit\u00e9 de 150 %, la <strong>Perruque Madrid<\/strong> offre un volume remarquable et un mouvement fluide qui sublimera votre silhouette. Sa teinte noire intense ajoute une touche de classe et de myst\u00e8re, parfaite pour toutes les occasions, des journ\u00e9es d\u00e9contract\u00e9es aux soir\u00e9es glamour.<\/p>\n<p>Adapt\u00e9e aux lisseurs et peignes chauffants, vous pouvez facilement personnaliser votre coiffure selon vos envies, que ce soit pour des boucles l\u00e9g\u00e8res ou des cheveux ultra-lisses. De plus, cette perruque est lavable, garantissant un entretien simple et une long\u00e9vit\u00e9 exceptionnelle.<\/p>\n<p>Optez pour le <strong>Mod\u00e8le Madrid<\/strong> et transformez votre allure avec cette perruque polyvalente, d&#8217;une qualit\u00e9 irr\u00e9prochable, qui vous offre confort, style et confiance en un instant. Faites l&#8217;exp\u00e9rience d&#8217;une beaut\u00e9 sans compromis et r\u00e9v\u00e9lez la meilleure version de vous-m\u00eame d\u00e8s aujourd&#8217;hui !<\/p>\n<\/div>\n<\/div>\n<\/div>\n<\/div>\n","protected":false},"featured_media":7243,"comment_status":"open","ping_status":"closed","template":"","meta":{"_monsterinsights_skip_tracking":false,"_monsterinsights_sitenote_active":false,"_monsterinsights_sitenote_note":"","_monsterinsights_sitenote_category":0,"site-sidebar-layout":"default","site-content-layout":"","ast-site-content-layout":"default","site-content-style":"default","site-sidebar-style":"default","ast-global-header-display":"","ast-banner-title-visibility":"","ast-main-header-display":"","ast-hfb-above-header-display":"","ast-hfb-below-header-display":"","ast-hfb-mobile-header-display":"","site-post-title":"","ast-breadcrumbs-content":"","ast-featured-img":"","footer-sml-layout":"","theme-transparent-header-meta":"default","adv-header-id-meta":"","stick-header-meta":"","header-above-stick-meta":"","header-main-stick-meta":"","header-below-stick-meta":"","astra-migrate-meta-layouts":"set","ast-page-background-enabled":"default","ast-page-background-meta":{"desktop":{"background-color":"var(--ast-global-color-4)","background-image":"","background-repeat":"repeat","background-position":"center center","background-size":"auto","background-attachment":"scroll","background-type":"","background-media":"","overlay-type":"","overlay-color":"","overlay-opacity":"","overlay-gradient":""},"tablet":{"background-color":"","background-image":"","background-repeat":"repeat","background-position":"center center","background-size":"auto","background-attachment":"scroll","background-type":"","background-media":"","overlay-type":"","overlay-color":"","overlay-opacity":"","overlay-gradient":""},"mobile":{"background-color":"","background-image":"","background-repeat":"repeat","background-position":"center center","background-size":"auto","background-attachment":"scroll","background-type":"","background-media":"","overlay-type":"","overlay-color":"","overlay-opacity":"","overlay-gradient":""}},"ast-content-background-meta":{"desktop":{"background-color":"var(--ast-global-color-5)","background-image":"","background-repeat":"repeat","background-position":"center center","background-size":"auto","background-attachment":"scroll","background-type":"","background-media":"","overlay-type":"","overlay-color":"","overlay-opacity":"","overlay-gradient":""},"tablet":{"background-color":"var(--ast-global-color-5)","background-image":"","background-repeat":"repeat","background-position":"center center","background-size":"auto","background-attachment":"scroll","background-type":"","background-media":"","overlay-type":"","overlay-color":"","overlay-opacity":"","overlay-gradient":""},"mobile":{"background-color":"var(--ast-global-color-5)","background-image":"","background-repeat":"repeat","background-position":"center center","background-size":"auto","background-attachment":"scroll","background-type":"","background-media":"","overlay-type":"","overlay-color":"","overlay-opacity":"","overlay-gradient":""}},"_joinchat":[]},"product_brand":[],"product_cat":[123],"product_tag":[],"class_list":{"0":"post-7240","1":"product","2":"type-product","3":"status-publish","4":"has-post-thumbnail","6":"product_cat-perruque-synthetique","7":"desktop-align-left","8":"tablet-align-left","9":"mobile-align-left","10":"tm-has-options","12":"first","13":"instock","14":"taxable","15":"shipping-taxable","16":"purchasable","17":"product-type-simple"},"bundled_by":[],"bundle_stock_status":"instock","bundle_stock_quantity":null,"bundle_virtual":false,"bundle_layout":"","bundle_add_to_cart_form_location":"","bundle_editable_in_cart":false,"bundle_sold_individually_context":"","bundle_item_grouping":"","bundle_min_size":"","bundle_max_size":"","bundle_price":[],"bundled_items":[],"bundle_sell_ids":[],"aioseo_notices":[],"yoast_head":"\n<title>Mod\u00e8le Madrid - NC BEAUTY<\/title>\n<meta name=\"robots\" content=\"index, follow, max-snippet:-1, max-image-preview:large, max-video-preview:-1\" \/>\n<link rel=\"canonical\" href=\"https:\/\/ncbeauty.fr\/produit\/modele-madrid\/\" \/>\n<meta property=\"og:locale\" content=\"es_ES\" \/>\n<meta property=\"og:type\" content=\"article\" \/>\n<meta property=\"og:title\" content=\"Mod\u00e8le Madrid - NC BEAUTY\" \/>\n<meta property=\"og:description\" content=\"Laissez-vous s\u00e9duire par l&#039;\u00e9l\u00e9gance du Mod\u00e8le Madrid, une perruque semi-naturelle con\u00e7ue pour celles qui recherchent un look sophistiqu\u00e9 et naturel. Fabriqu\u00e9e avec des fibres de haute qualit\u00e9, cette perruque combine l&#039;apparence authentique des cheveux naturels avec la durabilit\u00e9 des mat\u00e9riaux synth\u00e9tiques, pour une finition impeccable \u00e0 chaque port.  Avec une longueur g\u00e9n\u00e9reuse de 24 pouces et une densit\u00e9 de 150 %, la Perruque Madrid offre un volume remarquable et un mouvement fluide qui sublimera votre silhouette. Sa teinte noire intense ajoute une touche de classe et de myst\u00e8re, parfaite pour toutes les occasions, des journ\u00e9es d\u00e9contract\u00e9es aux soir\u00e9es glamour.  Adapt\u00e9e aux lisseurs et peignes chauffants, vous pouvez facilement personnaliser votre coiffure selon vos envies, que ce soit pour des boucles l\u00e9g\u00e8res ou des cheveux ultra-lisses. De plus, cette perruque est lavable, garantissant un entretien simple et une long\u00e9vit\u00e9 exceptionnelle.  Optez pour le Mod\u00e8le Madrid et transformez votre allure avec cette perruque polyvalente, d&#039;une qualit\u00e9 irr\u00e9prochable, qui vous offre confort, style et confiance en un instant. Faites l&#039;exp\u00e9rience d&#039;une beaut\u00e9 sans compromis et r\u00e9v\u00e9lez la meilleure version de vous-m\u00eame d\u00e8s aujourd&#039;hui !\" \/>\n<meta property=\"og:url\" content=\"https:\/\/ncbeauty.fr\/produit\/modele-madrid\/\" \/>\n<meta property=\"og:site_name\" content=\"NC BEAUTY\" \/>\n<meta property=\"article:modified_time\" content=\"2025-12-22T11:54:33+00:00\" \/>\n<meta property=\"og:image\" content=\"https:\/\/ncbeauty.fr\/choaweex\/2024\/10\/Screenshot_20241024_154715_Alibabacom.jpg\" \/>\n\t<meta property=\"og:image:width\" content=\"903\" \/>\n\t<meta property=\"og:image:height\" content=\"900\" \/>\n\t<meta property=\"og:image:type\" content=\"image\/jpeg\" \/>\n<meta name=\"twitter:card\" content=\"summary_large_image\" \/>\n<meta name=\"twitter:label1\" content=\"Tiempo de lectura\" \/>\n\t<meta name=\"twitter:data1\" content=\"1 minuto\" \/>\n<script type=\"application\/ld+json\" class=\"yoast-schema-graph\">{\"@context\":\"https:\/\/schema.org\",\"@graph\":[{\"@type\":\"WebPage\",\"@id\":\"https:\/\/ncbeauty.fr\/produit\/modele-madrid\/\",\"url\":\"https:\/\/ncbeauty.fr\/produit\/modele-madrid\/\",\"name\":\"Mod\u00e8le Madrid - NC BEAUTY\",\"isPartOf\":{\"@id\":\"https:\/\/ncbeauty.fr\/#website\"},\"primaryImageOfPage\":{\"@id\":\"https:\/\/ncbeauty.fr\/produit\/modele-madrid\/#primaryimage\"},\"image\":{\"@id\":\"https:\/\/ncbeauty.fr\/produit\/modele-madrid\/#primaryimage\"},\"thumbnailUrl\":\"https:\/\/ncbeauty.fr\/choaweex\/2024\/10\/Screenshot_20241024_154715_Alibabacom.jpg\",\"datePublished\":\"2024-10-24T15:55:05+00:00\",\"dateModified\":\"2025-12-22T11:54:33+00:00\",\"breadcrumb\":{\"@id\":\"https:\/\/ncbeauty.fr\/produit\/modele-madrid\/#breadcrumb\"},\"inLanguage\":\"es\",\"potentialAction\":[{\"@type\":\"ReadAction\",\"target\":[\"https:\/\/ncbeauty.fr\/produit\/modele-madrid\/\"]}]},{\"@type\":\"ImageObject\",\"inLanguage\":\"es\",\"@id\":\"https:\/\/ncbeauty.fr\/produit\/modele-madrid\/#primaryimage\",\"url\":\"https:\/\/ncbeauty.fr\/choaweex\/2024\/10\/Screenshot_20241024_154715_Alibabacom.jpg\",\"contentUrl\":\"https:\/\/ncbeauty.fr\/choaweex\/2024\/10\/Screenshot_20241024_154715_Alibabacom.jpg\",\"width\":903,\"height\":900},{\"@type\":\"BreadcrumbList\",\"@id\":\"https:\/\/ncbeauty.fr\/produit\/modele-madrid\/#breadcrumb\",\"itemListElement\":[{\"@type\":\"ListItem\",\"position\":1,\"name\":\"Accueil\",\"item\":\"https:\/\/ncbeauty.fr\/\"},{\"@type\":\"ListItem\",\"position\":2,\"name\":\"Tienda\",\"item\":\"https:\/\/ncbeauty.fr\/boutique\/\"},{\"@type\":\"ListItem\",\"position\":3,\"name\":\"Mod\u00e8le Madrid\"}]},{\"@type\":\"WebSite\",\"@id\":\"https:\/\/ncbeauty.fr\/#website\",\"url\":\"https:\/\/ncbeauty.fr\/\",\"name\":\"NC BEAUTY\",\"description\":\"NC BEAUTY\",\"potentialAction\":[{\"@type\":\"SearchAction\",\"target\":{\"@type\":\"EntryPoint\",\"urlTemplate\":\"https:\/\/ncbeauty.fr\/?s={search_term_string}\"},\"query-input\":{\"@type\":\"PropertyValueSpecification\",\"valueRequired\":true,\"valueName\":\"search_term_string\"}}],\"inLanguage\":\"es\"}]}<\/script>\n","yoast_head_json":{"title":"Mod\u00e8le Madrid - NC BEAUTY","robots":{"index":"index","follow":"follow","max-snippet":"max-snippet:-1","max-image-preview":"max-image-preview:large","max-video-preview":"max-video-preview:-1"},"canonical":"https:\/\/ncbeauty.fr\/produit\/modele-madrid\/","og_locale":"es_ES","og_type":"article","og_title":"Mod\u00e8le Madrid - NC BEAUTY","og_description":"Laissez-vous s\u00e9duire par l'\u00e9l\u00e9gance du Mod\u00e8le Madrid, une perruque semi-naturelle con\u00e7ue pour celles qui recherchent un look sophistiqu\u00e9 et naturel. Fabriqu\u00e9e avec des fibres de haute qualit\u00e9, cette perruque combine l'apparence authentique des cheveux naturels avec la durabilit\u00e9 des mat\u00e9riaux synth\u00e9tiques, pour une finition impeccable \u00e0 chaque port.  Avec une longueur g\u00e9n\u00e9reuse de 24 pouces et une densit\u00e9 de 150 %, la Perruque Madrid offre un volume remarquable et un mouvement fluide qui sublimera votre silhouette. Sa teinte noire intense ajoute une touche de classe et de myst\u00e8re, parfaite pour toutes les occasions, des journ\u00e9es d\u00e9contract\u00e9es aux soir\u00e9es glamour.  Adapt\u00e9e aux lisseurs et peignes chauffants, vous pouvez facilement personnaliser votre coiffure selon vos envies, que ce soit pour des boucles l\u00e9g\u00e8res ou des cheveux ultra-lisses. De plus, cette perruque est lavable, garantissant un entretien simple et une long\u00e9vit\u00e9 exceptionnelle.  Optez pour le Mod\u00e8le Madrid et transformez votre allure avec cette perruque polyvalente, d'une qualit\u00e9 irr\u00e9prochable, qui vous offre confort, style et confiance en un instant. Faites l'exp\u00e9rience d'une beaut\u00e9 sans compromis et r\u00e9v\u00e9lez la meilleure version de vous-m\u00eame d\u00e8s aujourd'hui !","og_url":"https:\/\/ncbeauty.fr\/produit\/modele-madrid\/","og_site_name":"NC BEAUTY","article_modified_time":"2025-12-22T11:54:33+00:00","og_image":[{"width":903,"height":900,"url":"https:\/\/ncbeauty.fr\/choaweex\/2024\/10\/Screenshot_20241024_154715_Alibabacom.jpg","type":"image\/jpeg"}],"twitter_card":"summary_large_image","twitter_misc":{"Tiempo de lectura":"1 minuto"},"schema":{"@context":"https:\/\/schema.org","@graph":[{"@type":"WebPage","@id":"https:\/\/ncbeauty.fr\/produit\/modele-madrid\/","url":"https:\/\/ncbeauty.fr\/produit\/modele-madrid\/","name":"Mod\u00e8le Madrid - NC BEAUTY","isPartOf":{"@id":"https:\/\/ncbeauty.fr\/#website"},"primaryImageOfPage":{"@id":"https:\/\/ncbeauty.fr\/produit\/modele-madrid\/#primaryimage"},"image":{"@id":"https:\/\/ncbeauty.fr\/produit\/modele-madrid\/#primaryimage"},"thumbnailUrl":"https:\/\/ncbeauty.fr\/choaweex\/2024\/10\/Screenshot_20241024_154715_Alibabacom.jpg","datePublished":"2024-10-24T15:55:05+00:00","dateModified":"2025-12-22T11:54:33+00:00","breadcrumb":{"@id":"https:\/\/ncbeauty.fr\/produit\/modele-madrid\/#breadcrumb"},"inLanguage":"es","potentialAction":[{"@type":"ReadAction","target":["https:\/\/ncbeauty.fr\/produit\/modele-madrid\/"]}]},{"@type":"ImageObject","inLanguage":"es","@id":"https:\/\/ncbeauty.fr\/produit\/modele-madrid\/#primaryimage","url":"https:\/\/ncbeauty.fr\/choaweex\/2024\/10\/Screenshot_20241024_154715_Alibabacom.jpg","contentUrl":"https:\/\/ncbeauty.fr\/choaweex\/2024\/10\/Screenshot_20241024_154715_Alibabacom.jpg","width":903,"height":900},{"@type":"BreadcrumbList","@id":"https:\/\/ncbeauty.fr\/produit\/modele-madrid\/#breadcrumb","itemListElement":[{"@type":"ListItem","position":1,"name":"Accueil","item":"https:\/\/ncbeauty.fr\/"},{"@type":"ListItem","position":2,"name":"Tienda","item":"https:\/\/ncbeauty.fr\/boutique\/"},{"@type":"ListItem","position":3,"name":"Mod\u00e8le Madrid"}]},{"@type":"WebSite","@id":"https:\/\/ncbeauty.fr\/#website","url":"https:\/\/ncbeauty.fr\/","name":"NC BEAUTY","description":"NC BEAUTY","potentialAction":[{"@type":"SearchAction","target":{"@type":"EntryPoint","urlTemplate":"https:\/\/ncbeauty.fr\/?s={search_term_string}"},"query-input":{"@type":"PropertyValueSpecification","valueRequired":true,"valueName":"search_term_string"}}],"inLanguage":"es"}]}},"jetpack_sharing_enabled":true,"_links":{"self":[{"href":"https:\/\/ncbeauty.fr\/es\/wp-json\/wp\/v2\/product\/7240","targetHints":{"allow":["GET"]}}],"collection":[{"href":"https:\/\/ncbeauty.fr\/es\/wp-json\/wp\/v2\/product"}],"about":[{"href":"https:\/\/ncbeauty.fr\/es\/wp-json\/wp\/v2\/types\/product"}],"replies":[{"embeddable":true,"href":"https:\/\/ncbeauty.fr\/es\/wp-json\/wp\/v2\/comments?post=7240"}],"wp:featuredmedia":[{"embeddable":true,"href":"https:\/\/ncbeauty.fr\/es\/wp-json\/wp\/v2\/media\/7243"}],"wp:attachment":[{"href":"https:\/\/ncbeauty.fr\/es\/wp-json\/wp\/v2\/media?parent=7240"}],"wp:term":[{"taxonomy":"product_brand","embeddable":true,"href":"https:\/\/ncbeauty.fr\/es\/wp-json\/wp\/v2\/product_brand?post=7240"},{"taxonomy":"product_cat","embeddable":true,"href":"https:\/\/ncbeauty.fr\/es\/wp-json\/wp\/v2\/product_cat?post=7240"},{"taxonomy":"product_tag","embeddable":true,"href":"https:\/\/ncbeauty.fr\/es\/wp-json\/wp\/v2\/product_tag?post=7240"}],"curies":[{"name":"wp","href":"https:\/\/api.w.org\/{rel}","templated":true}]}}