{"id":7594,"date":"2024-11-01T00:02:41","date_gmt":"2024-11-01T00:02:41","guid":{"rendered":"https:\/\/ncbeauty.fr\/?post_type=product&#038;p=7594"},"modified":"2026-03-09T22:28:33","modified_gmt":"2026-03-09T22:28:33","slug":"gommage-express","status":"publish","type":"product","link":"https:\/\/ncbeauty.fr\/es\/produit\/gommage-express\/","title":{"rendered":"Gommage EXPRESS"},"content":{"rendered":"<h3 data-start=\"100\" data-end=\"126\">Mode d\u2019utilisation :<\/h3>\n<p data-start=\"127\" data-end=\"390\">Pour des r\u00e9sultats optimaux, utilisez le <strong data-start=\"168\" data-end=\"187\">Gommage Express<\/strong> avec un gant exfoliant. Appliquez-le 1<strong data-start=\"225\" data-end=\"247\">\u00a0fois par jour<\/strong>, en massant les zones cibl\u00e9es pendant <strong data-start=\"286\" data-end=\"299\">3 minutes<\/strong>. Rincez ensuite \u00e0 l\u2019eau ti\u00e8de pour r\u00e9v\u00e9ler une peau visiblement plus lisse et revitalis\u00e9e.<\/p>\n<h3 data-start=\"392\" data-end=\"406\">Format :<\/h3>\n<p data-start=\"407\" data-end=\"465\">250 ml, id\u00e9al pour une utilisation quotidienne et durable.<\/p>\n<p data-start=\"467\" data-end=\"688\">Optez pour le <strong data-start=\"481\" data-end=\"500\">Gommage Express<\/strong> et laissez-vous s\u00e9duire par ses effets rapides et sa texture soyeuse. Transformez votre routine beaut\u00e9 et r\u00e9v\u00e9lez des courbes irr\u00e9sistibles ainsi qu\u2019une peau radieuse en un temps record !<\/p>\n","protected":false},"excerpt":{"rendered":"<h3 data-start=\"116\" data-end=\"185\">\u2728 <strong data-start=\"122\" data-end=\"185\">Soin \u00c9clair pour des Courbes Sublim\u00e9es et une Peau Radieuse<\/strong><\/h3>\n<p data-start=\"187\" data-end=\"375\">D\u00e9couvrez notre <strong data-start=\"203\" data-end=\"222\">Gommage Express<\/strong>, un soin innovant \u00e0 base de <strong data-start=\"251\" data-end=\"269\">kaolin naturel<\/strong>, sp\u00e9cialement formul\u00e9 pour sublimer votre peau tout en soutenant le d\u00e9veloppement naturel de vos courbes.<\/p>\n<p data-start=\"377\" data-end=\"635\">Enrichi en ingr\u00e9dients de qualit\u00e9, ce gommage agit en profondeur pour exfolier, lisser et adoucir la peau, tout en favorisant l\u2019apparence de formes plus galb\u00e9es \u2014 notamment au niveau des <strong data-start=\"564\" data-end=\"589\">fesses et des hanches<\/strong> \u2014 d\u00e8s les <strong data-start=\"600\" data-end=\"634\">3 premiers jours d\u2019utilisation<\/strong>.<\/p>\n","protected":false},"featured_media":7597,"comment_status":"open","ping_status":"closed","template":"","meta":{"_monsterinsights_skip_tracking":false,"_monsterinsights_sitenote_active":false,"_monsterinsights_sitenote_note":"","_monsterinsights_sitenote_category":0,"site-sidebar-layout":"default","site-content-layout":"","ast-site-content-layout":"default","site-content-style":"default","site-sidebar-style":"default","ast-global-header-display":"","ast-banner-title-visibility":"","ast-main-header-display":"","ast-hfb-above-header-display":"","ast-hfb-below-header-display":"","ast-hfb-mobile-header-display":"","site-post-title":"","ast-breadcrumbs-content":"","ast-featured-img":"","footer-sml-layout":"","theme-transparent-header-meta":"default","adv-header-id-meta":"","stick-header-meta":"","header-above-stick-meta":"","header-main-stick-meta":"","header-below-stick-meta":"","astra-migrate-meta-layouts":"set","ast-page-background-enabled":"default","ast-page-background-meta":{"desktop":{"background-color":"var(--ast-global-color-4)","background-image":"","background-repeat":"repeat","background-position":"center center","background-size":"auto","background-attachment":"scroll","background-type":"","background-media":"","overlay-type":"","overlay-color":"","overlay-opacity":"","overlay-gradient":""},"tablet":{"background-color":"","background-image":"","background-repeat":"repeat","background-position":"center center","background-size":"auto","background-attachment":"scroll","background-type":"","background-media":"","overlay-type":"","overlay-color":"","overlay-opacity":"","overlay-gradient":""},"mobile":{"background-color":"","background-image":"","background-repeat":"repeat","background-position":"center center","background-size":"auto","background-attachment":"scroll","background-type":"","background-media":"","overlay-type":"","overlay-color":"","overlay-opacity":"","overlay-gradient":""}},"ast-content-background-meta":{"desktop":{"background-color":"var(--ast-global-color-5)","background-image":"","background-repeat":"repeat","background-position":"center center","background-size":"auto","background-attachment":"scroll","background-type":"","background-media":"","overlay-type":"","overlay-color":"","overlay-opacity":"","overlay-gradient":""},"tablet":{"background-color":"var(--ast-global-color-5)","background-image":"","background-repeat":"repeat","background-position":"center center","background-size":"auto","background-attachment":"scroll","background-type":"","background-media":"","overlay-type":"","overlay-color":"","overlay-opacity":"","overlay-gradient":""},"mobile":{"background-color":"var(--ast-global-color-5)","background-image":"","background-repeat":"repeat","background-position":"center center","background-size":"auto","background-attachment":"scroll","background-type":"","background-media":"","overlay-type":"","overlay-color":"","overlay-opacity":"","overlay-gradient":""}},"_joinchat":[]},"product_brand":[],"product_cat":[111,25,110],"product_tag":[],"class_list":{"0":"post-7594","1":"product","2":"type-product","3":"status-publish","4":"has-post-thumbnail","6":"product_cat-hygienes","7":"product_cat-nos-produits-rondeur","8":"product_cat-produits-cosmetiques","9":"desktop-align-left","10":"tablet-align-left","11":"mobile-align-left","12":"tm-has-options","14":"first","15":"outofstock","16":"featured","17":"taxable","18":"shipping-taxable","19":"purchasable","20":"product-type-simple"},"bundled_by":["5773","8728","8726"],"bundle_stock_status":"outofstock","bundle_stock_quantity":0,"bundle_virtual":false,"bundle_layout":"","bundle_add_to_cart_form_location":"","bundle_editable_in_cart":false,"bundle_sold_individually_context":"","bundle_item_grouping":"","bundle_min_size":"","bundle_max_size":"","bundle_price":[],"bundled_items":[],"bundle_sell_ids":[],"aioseo_notices":[],"yoast_head":"\n<title>Gommage EXPRESS - NC BEAUTY<\/title>\n<meta name=\"robots\" content=\"index, follow, max-snippet:-1, max-image-preview:large, max-video-preview:-1\" \/>\n<link rel=\"canonical\" href=\"https:\/\/ncbeauty.fr\/produit\/gommage-express\/\" \/>\n<meta property=\"og:locale\" content=\"es_ES\" \/>\n<meta property=\"og:type\" content=\"article\" \/>\n<meta property=\"og:title\" content=\"Gommage EXPRESS - NC BEAUTY\" \/>\n<meta property=\"og:description\" content=\"\u2728 Soin \u00c9clair pour des Courbes Sublim\u00e9es et une Peau Radieuse D\u00e9couvrez notre Gommage Express, un soin innovant \u00e0 base de kaolin naturel, sp\u00e9cialement formul\u00e9 pour sublimer votre peau tout en soutenant le d\u00e9veloppement naturel de vos courbes. Enrichi en ingr\u00e9dients de qualit\u00e9, ce gommage agit en profondeur pour exfolier, lisser et adoucir la peau, tout en favorisant l\u2019apparence de formes plus galb\u00e9es \u2014 notamment au niveau des fesses et des hanches \u2014 d\u00e8s les 3 premiers jours d\u2019utilisation.\" \/>\n<meta property=\"og:url\" content=\"https:\/\/ncbeauty.fr\/produit\/gommage-express\/\" \/>\n<meta property=\"og:site_name\" content=\"NC BEAUTY\" \/>\n<meta property=\"article:modified_time\" content=\"2026-03-09T22:28:33+00:00\" \/>\n<meta property=\"og:image\" content=\"https:\/\/ncbeauty.fr\/choaweex\/2024\/11\/Gommage-Express1.jpeg\" \/>\n\t<meta property=\"og:image:width\" content=\"900\" \/>\n\t<meta property=\"og:image:height\" content=\"900\" \/>\n\t<meta property=\"og:image:type\" content=\"image\/jpeg\" \/>\n<meta name=\"twitter:card\" content=\"summary_large_image\" \/>\n<meta name=\"twitter:label1\" content=\"Tiempo de lectura\" \/>\n\t<meta name=\"twitter:data1\" content=\"1 minuto\" \/>\n<script type=\"application\/ld+json\" class=\"yoast-schema-graph\">{\"@context\":\"https:\/\/schema.org\",\"@graph\":[{\"@type\":\"WebPage\",\"@id\":\"https:\/\/ncbeauty.fr\/produit\/gommage-express\/\",\"url\":\"https:\/\/ncbeauty.fr\/produit\/gommage-express\/\",\"name\":\"Gommage EXPRESS - NC BEAUTY\",\"isPartOf\":{\"@id\":\"https:\/\/ncbeauty.fr\/#website\"},\"primaryImageOfPage\":{\"@id\":\"https:\/\/ncbeauty.fr\/produit\/gommage-express\/#primaryimage\"},\"image\":{\"@id\":\"https:\/\/ncbeauty.fr\/produit\/gommage-express\/#primaryimage\"},\"thumbnailUrl\":\"https:\/\/ncbeauty.fr\/choaweex\/2024\/11\/Gommage-Express1.jpeg\",\"datePublished\":\"2024-11-01T00:02:41+00:00\",\"dateModified\":\"2026-03-09T22:28:33+00:00\",\"breadcrumb\":{\"@id\":\"https:\/\/ncbeauty.fr\/produit\/gommage-express\/#breadcrumb\"},\"inLanguage\":\"es\",\"potentialAction\":[{\"@type\":\"ReadAction\",\"target\":[\"https:\/\/ncbeauty.fr\/produit\/gommage-express\/\"]}]},{\"@type\":\"ImageObject\",\"inLanguage\":\"es\",\"@id\":\"https:\/\/ncbeauty.fr\/produit\/gommage-express\/#primaryimage\",\"url\":\"https:\/\/ncbeauty.fr\/choaweex\/2024\/11\/Gommage-Express1.jpeg\",\"contentUrl\":\"https:\/\/ncbeauty.fr\/choaweex\/2024\/11\/Gommage-Express1.jpeg\",\"width\":900,\"height\":900},{\"@type\":\"BreadcrumbList\",\"@id\":\"https:\/\/ncbeauty.fr\/produit\/gommage-express\/#breadcrumb\",\"itemListElement\":[{\"@type\":\"ListItem\",\"position\":1,\"name\":\"Accueil\",\"item\":\"https:\/\/ncbeauty.fr\/\"},{\"@type\":\"ListItem\",\"position\":2,\"name\":\"Tienda\",\"item\":\"https:\/\/ncbeauty.fr\/boutique\/\"},{\"@type\":\"ListItem\",\"position\":3,\"name\":\"Gommage EXPRESS\"}]},{\"@type\":\"WebSite\",\"@id\":\"https:\/\/ncbeauty.fr\/#website\",\"url\":\"https:\/\/ncbeauty.fr\/\",\"name\":\"NC BEAUTY\",\"description\":\"NC BEAUTY\",\"potentialAction\":[{\"@type\":\"SearchAction\",\"target\":{\"@type\":\"EntryPoint\",\"urlTemplate\":\"https:\/\/ncbeauty.fr\/?s={search_term_string}\"},\"query-input\":{\"@type\":\"PropertyValueSpecification\",\"valueRequired\":true,\"valueName\":\"search_term_string\"}}],\"inLanguage\":\"es\"}]}<\/script>\n","yoast_head_json":{"title":"Gommage EXPRESS - NC BEAUTY","robots":{"index":"index","follow":"follow","max-snippet":"max-snippet:-1","max-image-preview":"max-image-preview:large","max-video-preview":"max-video-preview:-1"},"canonical":"https:\/\/ncbeauty.fr\/produit\/gommage-express\/","og_locale":"es_ES","og_type":"article","og_title":"Gommage EXPRESS - NC BEAUTY","og_description":"\u2728 Soin \u00c9clair pour des Courbes Sublim\u00e9es et une Peau Radieuse D\u00e9couvrez notre Gommage Express, un soin innovant \u00e0 base de kaolin naturel, sp\u00e9cialement formul\u00e9 pour sublimer votre peau tout en soutenant le d\u00e9veloppement naturel de vos courbes. Enrichi en ingr\u00e9dients de qualit\u00e9, ce gommage agit en profondeur pour exfolier, lisser et adoucir la peau, tout en favorisant l\u2019apparence de formes plus galb\u00e9es \u2014 notamment au niveau des fesses et des hanches \u2014 d\u00e8s les 3 premiers jours d\u2019utilisation.","og_url":"https:\/\/ncbeauty.fr\/produit\/gommage-express\/","og_site_name":"NC BEAUTY","article_modified_time":"2026-03-09T22:28:33+00:00","og_image":[{"width":900,"height":900,"url":"https:\/\/ncbeauty.fr\/choaweex\/2024\/11\/Gommage-Express1.jpeg","type":"image\/jpeg"}],"twitter_card":"summary_large_image","twitter_misc":{"Tiempo de lectura":"1 minuto"},"schema":{"@context":"https:\/\/schema.org","@graph":[{"@type":"WebPage","@id":"https:\/\/ncbeauty.fr\/produit\/gommage-express\/","url":"https:\/\/ncbeauty.fr\/produit\/gommage-express\/","name":"Gommage EXPRESS - NC BEAUTY","isPartOf":{"@id":"https:\/\/ncbeauty.fr\/#website"},"primaryImageOfPage":{"@id":"https:\/\/ncbeauty.fr\/produit\/gommage-express\/#primaryimage"},"image":{"@id":"https:\/\/ncbeauty.fr\/produit\/gommage-express\/#primaryimage"},"thumbnailUrl":"https:\/\/ncbeauty.fr\/choaweex\/2024\/11\/Gommage-Express1.jpeg","datePublished":"2024-11-01T00:02:41+00:00","dateModified":"2026-03-09T22:28:33+00:00","breadcrumb":{"@id":"https:\/\/ncbeauty.fr\/produit\/gommage-express\/#breadcrumb"},"inLanguage":"es","potentialAction":[{"@type":"ReadAction","target":["https:\/\/ncbeauty.fr\/produit\/gommage-express\/"]}]},{"@type":"ImageObject","inLanguage":"es","@id":"https:\/\/ncbeauty.fr\/produit\/gommage-express\/#primaryimage","url":"https:\/\/ncbeauty.fr\/choaweex\/2024\/11\/Gommage-Express1.jpeg","contentUrl":"https:\/\/ncbeauty.fr\/choaweex\/2024\/11\/Gommage-Express1.jpeg","width":900,"height":900},{"@type":"BreadcrumbList","@id":"https:\/\/ncbeauty.fr\/produit\/gommage-express\/#breadcrumb","itemListElement":[{"@type":"ListItem","position":1,"name":"Accueil","item":"https:\/\/ncbeauty.fr\/"},{"@type":"ListItem","position":2,"name":"Tienda","item":"https:\/\/ncbeauty.fr\/boutique\/"},{"@type":"ListItem","position":3,"name":"Gommage EXPRESS"}]},{"@type":"WebSite","@id":"https:\/\/ncbeauty.fr\/#website","url":"https:\/\/ncbeauty.fr\/","name":"NC BEAUTY","description":"NC BEAUTY","potentialAction":[{"@type":"SearchAction","target":{"@type":"EntryPoint","urlTemplate":"https:\/\/ncbeauty.fr\/?s={search_term_string}"},"query-input":{"@type":"PropertyValueSpecification","valueRequired":true,"valueName":"search_term_string"}}],"inLanguage":"es"}]}},"jetpack_sharing_enabled":true,"_links":{"self":[{"href":"https:\/\/ncbeauty.fr\/es\/wp-json\/wp\/v2\/product\/7594","targetHints":{"allow":["GET"]}}],"collection":[{"href":"https:\/\/ncbeauty.fr\/es\/wp-json\/wp\/v2\/product"}],"about":[{"href":"https:\/\/ncbeauty.fr\/es\/wp-json\/wp\/v2\/types\/product"}],"replies":[{"embeddable":true,"href":"https:\/\/ncbeauty.fr\/es\/wp-json\/wp\/v2\/comments?post=7594"}],"wp:featuredmedia":[{"embeddable":true,"href":"https:\/\/ncbeauty.fr\/es\/wp-json\/wp\/v2\/media\/7597"}],"wp:attachment":[{"href":"https:\/\/ncbeauty.fr\/es\/wp-json\/wp\/v2\/media?parent=7594"}],"wp:term":[{"taxonomy":"product_brand","embeddable":true,"href":"https:\/\/ncbeauty.fr\/es\/wp-json\/wp\/v2\/product_brand?post=7594"},{"taxonomy":"product_cat","embeddable":true,"href":"https:\/\/ncbeauty.fr\/es\/wp-json\/wp\/v2\/product_cat?post=7594"},{"taxonomy":"product_tag","embeddable":true,"href":"https:\/\/ncbeauty.fr\/es\/wp-json\/wp\/v2\/product_tag?post=7594"}],"curies":[{"name":"wp","href":"https:\/\/api.w.org\/{rel}","templated":true}]}}